{"id":30643,"date":"2019-06-04T14:54:00","date_gmt":"2019-06-04T12:54:00","guid":{"rendered":"http:\/\/136.144.181.85\/~nedzink\/techn-informationen\/verarbeitungs-und-montagerichtlinien\/befestigung\/"},"modified":"2019-08-13T14:41:50","modified_gmt":"2019-08-13T12:41:50","slug":"befestigung","status":"publish","type":"page","link":"https:\/\/www.nedzink.com\/de\/befestigung\/","title":{"rendered":"Befestigung"},"content":{"rendered":"[vc_row][vc_column][vc_column_text css=&#8220;.vc_custom_1565700079188{margin-bottom: 0px !important;}&#8220;]\n<div class=\"contentStyle\" style=\"margin: 10px 0px;\">\n<h3>Direkte Befestigung<\/h3>\n<p>Die direkte Befestigung von Bauelementen aus NedZink (z.B. bei Rundlochstanzung) sollte nur in Einzelf\u00e4llen und kurzen Einzell\u00e4ngen angewendet werden. Da diese Art der Befestigung mit Nagel, Drahtstift, Schraube oder Niet die L\u00e4ngenausdehnungsm\u00f6glichkeit der Bauteile einschr\u00e4nkt, sind die Einzell\u00e4ngen auf max. 3 m zu begrenzen. Zu beachten ist auch die Neigung direkt befestigter Bauelemente bei W\u00e4rmedehnung zur Wellenbildung. Dies kann zu ungewollten optischen Beeintr\u00e4chtigungen f\u00fchren.<\/p>\n<h3>Indirekte Befestigung<\/h3>\n<p>Zur sicheren Aufnahme temperaturbedingter L\u00e4ngen\u00e4nderungen ist die indirekte Befestigung von Bauelementen vorzuziehen. Daf\u00fcr stehen verschiedene Arten von Haften f\u00fcr die jeweilige Anwendungssituation zur Verf\u00fcgung:<\/p>\n<ul>\n<li>Hafte f\u00fcr die Sicherung von Falzverbindungen: Fest- und Schiebehafte<\/li>\n<li>Hafte zum Einh\u00e4ngen in eine R\u00fcckkantung des zu sichernden Bauteils:<br \/>\nHaftstreifen und Liegehafte<\/li>\n<li>Hafte zur Lagesicherung: Zahn- und Plattenhafte<\/li>\n<\/ul>\n<p>Als Haftmaterialien kommen Titanzink, nichtrostender Stahl und verzinkter Stahl zum Einsatz.<\/p>\n<p>Die Befestigung der Hafte mit der Deckunterlage ist abh\u00e4ngig von deren Beschaffenheit und kann mit den Mitteln zur direkten Befestigung erfolgen:<\/p>\n<table style=\"line-height: 13px; margin-left: -3px;\" border=\"0\">\n<tbody>\n<tr>\n<td width=\"255\">Breitkopfdrahtstifte korrosionsgesch\u00fctzt:<\/td>\n<td width=\"250\">2,8 x 25 mm<\/td>\n<\/tr>\n<tr>\n<td>Schrauben korrosionsgesch\u00fctzt:<\/td>\n<td>4 x 24 mm<\/td>\n<\/tr>\n<tr>\n<td>Nieten aus nichtrostendem Stahl:<\/td>\n<td>4 mm \/ 5 mm<\/td>\n<\/tr>\n<\/tbody>\n<\/table>\n<h3>Klebebefestigung<\/h3>\n<p>Zur Befestigung von Bauelementen in Klebetechnik k\u00f6nnen geeignete Klebemassen auf Bitumenbasis und andere eingesetzt werden. Die Vorteile dieser Befestigungsart k\u00f6nnen in der v\u00f6lligen Durchdringungsfreiheit der Befestigung und der verminderten Schall\u00fcbertragung in die Deckunterlage liegen. Bei geneigtem Einbau kann eine zus\u00e4tzliche mechanische Befestigung notwendig sein. Bei Anwendung sind die Verarbeitungshinweise der Hersteller zu beachten.<\/p>\n<\/div>\n[\/vc_column_text][\/vc_column][\/vc_row]\n","protected":false},"excerpt":{"rendered":"<p>[vc_row][vc_column][vc_column_text css=&#8220;.vc_custom_1565700079188{margin-bottom: 0px !important;}&#8220;] Direkte Befestigung Die direkte Befestigung von Bauelementen aus NedZink (z.B. bei Rundlochstanzung) sollte nur in Einzelf\u00e4llen und kurzen Einzell\u00e4ngen angewendet werden. Da diese Art der Befestigung mit Nagel, Drahtstift, Schraube oder Niet die L\u00e4ngenausdehnungsm\u00f6glichkeit der Bauteile einschr\u00e4nkt, sind die Einzell\u00e4ngen auf max. 3 m zu begrenzen. Zu beachten ist auch die [&hellip;]<\/p>\n","protected":false},"author":9,"featured_media":0,"parent":0,"menu_order":590,"comment_status":"closed","ping_status":"closed","template":"template-import.php","meta":{"_acf_changed":false,"footnotes":""},"class_list":["post-30643","page","type-page","status-publish","hentry"],"acf":[],"yoast_head":"<!-- This site is optimized with the Yoast SEO plugin v26.8 - https:\/\/yoast.com\/product\/yoast-seo-wordpress\/ -->\n<title>Befestigung \u2013 NedZink<\/title>\n<meta name=\"robots\" content=\"index, follow, max-snippet:-1, max-image-preview:large, max-video-preview:-1\" \/>\n<link rel=\"canonical\" href=\"https:\/\/www.nedzink.com\/de\/befestigung\/\" \/>\n<meta property=\"og:locale\" content=\"de_DE\" \/>\n<meta property=\"og:type\" content=\"article\" \/>\n<meta property=\"og:title\" content=\"Befestigung \u2013 NedZink\" \/>\n<meta property=\"og:description\" content=\"[vc_row][vc_column][vc_column_text css=&#8220;.vc_custom_1565700079188{margin-bottom: 0px !important;}&#8220;] Direkte Befestigung Die direkte Befestigung von Bauelementen aus NedZink (z.B. bei Rundlochstanzung) sollte nur in Einzelf\u00e4llen und kurzen Einzell\u00e4ngen angewendet werden. Da diese Art der Befestigung mit Nagel, Drahtstift, Schraube oder Niet die L\u00e4ngenausdehnungsm\u00f6glichkeit der Bauteile einschr\u00e4nkt, sind die Einzell\u00e4ngen auf max. 3 m zu begrenzen. Zu beachten ist auch die [&hellip;]\" \/>\n<meta property=\"og:url\" content=\"https:\/\/www.nedzink.com\/de\/befestigung\/\" \/>\n<meta property=\"og:site_name\" content=\"NedZink\" \/>\n<meta property=\"article:modified_time\" content=\"2019-08-13T12:41:50+00:00\" \/>\n<meta name=\"twitter:card\" content=\"summary_large_image\" \/>\n<meta name=\"twitter:label1\" content=\"Gesch\u00e4tzte Lesezeit\" \/>\n\t<meta name=\"twitter:data1\" content=\"1\u00a0Minute\" \/>\n<script type=\"application\/ld+json\" class=\"yoast-schema-graph\">{\"@context\":\"https:\/\/schema.org\",\"@graph\":[{\"@type\":\"WebPage\",\"@id\":\"https:\/\/www.nedzink.com\/de\/befestigung\/\",\"url\":\"https:\/\/www.nedzink.com\/de\/befestigung\/\",\"name\":\"Befestigung \u2013 NedZink\",\"isPartOf\":{\"@id\":\"https:\/\/www.nedzink.com\/de\/#website\"},\"datePublished\":\"2019-06-04T12:54:00+00:00\",\"dateModified\":\"2019-08-13T12:41:50+00:00\",\"breadcrumb\":{\"@id\":\"https:\/\/www.nedzink.com\/de\/befestigung\/#breadcrumb\"},\"inLanguage\":\"de\",\"potentialAction\":[{\"@type\":\"ReadAction\",\"target\":[\"https:\/\/www.nedzink.com\/de\/befestigung\/\"]}]},{\"@type\":\"BreadcrumbList\",\"@id\":\"https:\/\/www.nedzink.com\/de\/befestigung\/#breadcrumb\",\"itemListElement\":[{\"@type\":\"ListItem\",\"position\":1,\"name\":\"Home\",\"item\":\"https:\/\/www.nedzink.com\/de\/\"},{\"@type\":\"ListItem\",\"position\":2,\"name\":\"Befestigung\"}]},{\"@type\":\"WebSite\",\"@id\":\"https:\/\/www.nedzink.com\/de\/#website\",\"url\":\"https:\/\/www.nedzink.com\/de\/\",\"name\":\"NedZink\",\"description\":\"Zink fabrikant\",\"publisher\":{\"@id\":\"https:\/\/www.nedzink.com\/de\/#organization\"},\"potentialAction\":[{\"@type\":\"SearchAction\",\"target\":{\"@type\":\"EntryPoint\",\"urlTemplate\":\"https:\/\/www.nedzink.com\/de\/?s={search_term_string}\"},\"query-input\":{\"@type\":\"PropertyValueSpecification\",\"valueRequired\":true,\"valueName\":\"search_term_string\"}}],\"inLanguage\":\"de\"},{\"@type\":\"Organization\",\"@id\":\"https:\/\/www.nedzink.com\/de\/#organization\",\"name\":\"NedZink\",\"url\":\"https:\/\/www.nedzink.com\/de\/\",\"logo\":{\"@type\":\"ImageObject\",\"inLanguage\":\"de\",\"@id\":\"https:\/\/www.nedzink.com\/de\/#\/schema\/logo\/image\/\",\"url\":\"https:\/\/www.nedzink.com\/wp-content\/uploads\/2019\/08\/logo-nedzink_fc_zk.jpg\",\"contentUrl\":\"https:\/\/www.nedzink.com\/wp-content\/uploads\/2019\/08\/logo-nedzink_fc_zk.jpg\",\"width\":2160,\"height\":688,\"caption\":\"NedZink\"},\"image\":{\"@id\":\"https:\/\/www.nedzink.com\/de\/#\/schema\/logo\/image\/\"}}]}<\/script>\n<!-- \/ Yoast SEO plugin. -->","yoast_head_json":{"title":"Befestigung \u2013 NedZink","robots":{"index":"index","follow":"follow","max-snippet":"max-snippet:-1","max-image-preview":"max-image-preview:large","max-video-preview":"max-video-preview:-1"},"canonical":"https:\/\/www.nedzink.com\/de\/befestigung\/","og_locale":"de_DE","og_type":"article","og_title":"Befestigung \u2013 NedZink","og_description":"[vc_row][vc_column][vc_column_text css=&#8220;.vc_custom_1565700079188{margin-bottom: 0px !important;}&#8220;] Direkte Befestigung Die direkte Befestigung von Bauelementen aus NedZink (z.B. bei Rundlochstanzung) sollte nur in Einzelf\u00e4llen und kurzen Einzell\u00e4ngen angewendet werden. Da diese Art der Befestigung mit Nagel, Drahtstift, Schraube oder Niet die L\u00e4ngenausdehnungsm\u00f6glichkeit der Bauteile einschr\u00e4nkt, sind die Einzell\u00e4ngen auf max. 3 m zu begrenzen. Zu beachten ist auch die [&hellip;]","og_url":"https:\/\/www.nedzink.com\/de\/befestigung\/","og_site_name":"NedZink","article_modified_time":"2019-08-13T12:41:50+00:00","twitter_card":"summary_large_image","twitter_misc":{"Gesch\u00e4tzte Lesezeit":"1\u00a0Minute"},"schema":{"@context":"https:\/\/schema.org","@graph":[{"@type":"WebPage","@id":"https:\/\/www.nedzink.com\/de\/befestigung\/","url":"https:\/\/www.nedzink.com\/de\/befestigung\/","name":"Befestigung \u2013 NedZink","isPartOf":{"@id":"https:\/\/www.nedzink.com\/de\/#website"},"datePublished":"2019-06-04T12:54:00+00:00","dateModified":"2019-08-13T12:41:50+00:00","breadcrumb":{"@id":"https:\/\/www.nedzink.com\/de\/befestigung\/#breadcrumb"},"inLanguage":"de","potentialAction":[{"@type":"ReadAction","target":["https:\/\/www.nedzink.com\/de\/befestigung\/"]}]},{"@type":"BreadcrumbList","@id":"https:\/\/www.nedzink.com\/de\/befestigung\/#breadcrumb","itemListElement":[{"@type":"ListItem","position":1,"name":"Home","item":"https:\/\/www.nedzink.com\/de\/"},{"@type":"ListItem","position":2,"name":"Befestigung"}]},{"@type":"WebSite","@id":"https:\/\/www.nedzink.com\/de\/#website","url":"https:\/\/www.nedzink.com\/de\/","name":"NedZink","description":"Zink fabrikant","publisher":{"@id":"https:\/\/www.nedzink.com\/de\/#organization"},"potentialAction":[{"@type":"SearchAction","target":{"@type":"EntryPoint","urlTemplate":"https:\/\/www.nedzink.com\/de\/?s={search_term_string}"},"query-input":{"@type":"PropertyValueSpecification","valueRequired":true,"valueName":"search_term_string"}}],"inLanguage":"de"},{"@type":"Organization","@id":"https:\/\/www.nedzink.com\/de\/#organization","name":"NedZink","url":"https:\/\/www.nedzink.com\/de\/","logo":{"@type":"ImageObject","inLanguage":"de","@id":"https:\/\/www.nedzink.com\/de\/#\/schema\/logo\/image\/","url":"https:\/\/www.nedzink.com\/wp-content\/uploads\/2019\/08\/logo-nedzink_fc_zk.jpg","contentUrl":"https:\/\/www.nedzink.com\/wp-content\/uploads\/2019\/08\/logo-nedzink_fc_zk.jpg","width":2160,"height":688,"caption":"NedZink"},"image":{"@id":"https:\/\/www.nedzink.com\/de\/#\/schema\/logo\/image\/"}}]}},"_links":{"self":[{"href":"https:\/\/www.nedzink.com\/de\/wp-json\/wp\/v2\/pages\/30643","targetHints":{"allow":["GET"]}}],"collection":[{"href":"https:\/\/www.nedzink.com\/de\/wp-json\/wp\/v2\/pages"}],"about":[{"href":"https:\/\/www.nedzink.com\/de\/wp-json\/wp\/v2\/types\/page"}],"author":[{"embeddable":true,"href":"https:\/\/www.nedzink.com\/de\/wp-json\/wp\/v2\/users\/9"}],"replies":[{"embeddable":true,"href":"https:\/\/www.nedzink.com\/de\/wp-json\/wp\/v2\/comments?post=30643"}],"version-history":[{"count":0,"href":"https:\/\/www.nedzink.com\/de\/wp-json\/wp\/v2\/pages\/30643\/revisions"}],"wp:attachment":[{"href":"https:\/\/www.nedzink.com\/de\/wp-json\/wp\/v2\/media?parent=30643"}],"curies":[{"name":"wp","href":"https:\/\/api.w.org\/{rel}","templated":true}]}}