{"id":30633,"date":"2019-06-04T14:53:58","date_gmt":"2019-06-04T12:53:58","guid":{"rendered":"http:\/\/136.144.181.85\/~nedzink\/techn-informationen\/verarbeitungs-und-montagerichtlinien\/verarbeitungstechniken\/"},"modified":"2025-03-24T14:22:39","modified_gmt":"2025-03-24T13:22:39","slug":"verarbeitungstechniken","status":"publish","type":"page","link":"https:\/\/www.nedzink.com\/de\/verarbeitungstechniken\/","title":{"rendered":"Verarbeitungstechniken"},"content":{"rendered":"[vc_row][vc_column][vc_column_text css=&#8220;.vc_custom_1742822523635{margin-bottom: 0px !important;}&#8220;]\n<div class=\"contentStyle\" style=\"margin: 10px 0px;\">\n<p>Einige Anmerkungen zu g\u00e4ngigen Bearbeitungstechniken mit NedZink.<\/p>\n<h3>Abkanten<\/h3>\n<p>Das Kanten von NedZink kann auf geeigneten Kantb\u00e4nken und -pressen erfolgen.<br \/>\nZu beachten ist die Einhaltung eines Mindest-Biegeradius von ca. 2 mm. Markierungen auf der Metalloberfl\u00e4che sind mit nicht kerbenden Werkzeugen (z.B. Bleistift) auszuf\u00fchren.<br \/>\nAnrei\u00dfen ist unzul\u00e4ssig.<\/p>\n<h3>Profilieren<\/h3>\n<p>Zur rationellen Herstellung von Dachscharen etc. stehen Rollenprofiliermaschinen in verschiedenen Ausf\u00fchrungen von mehreren Herstellern zur Verf\u00fcgung. Bei Profilierarbeiten im Temperaturbereich um 10 \u00baC sind die Hinweise unter 2.4 Metalltemperatur zu ber\u00fccksichtigen.<\/p>\n<h3>Runden<\/h3>\n<p>Zum Runden von Profilen und Scharen stehen sowohl manuell zu bedienende als auch mechanisch betriebene Werkzeuge und Maschinen zur Verf\u00fcgung. Maschinell sind Rundungen mit Radien von 600 mm m\u00f6glich.<\/p>\n<h3>Falzen<\/h3>\n<p>Alle im Baubereich zu erstellenden Falzarten sind mit NedZink auszuf\u00fchren. Besondere Beachtung sollte der Ausf\u00fchrung von Stehfalzen bei Verwendung von Dichtb\u00e4ndern gelten. Hier sollte die Umkantung der \u00dcberdeckung 10 mm betragen, um das Aufdicken des Dichtungsbandes f\u00fcr das sp\u00e4tere Schlie\u00dfen des Falzes zu kompensieren. Diese gedichteten Falze sollten im Abstand von ca. 500 mm handwerklich geschlossen werden, um eine einwandfreie Anwendung der Falzschlie\u00dfmaschinen zu erm\u00f6glichen. Diese elektrisch betriebenen Maschinen sind in verschiedenen Ausf\u00fchrungen erh\u00e4ltlich.<\/p>\n<h3>L\u00f6ten:<\/h3>\n<p>Ein gro\u00dfer Vorteil von NedZink liegt in der M\u00f6glichkeit, die F\u00fcgetechnik \u201eWeichl\u00f6ten\u201c als Verbindungstechnik einzusetzen. In Bereichen mit der Anforderung an dauerhaft feste und wasserdichte Verbindungen (z.B. Rinnen) wird mittels eines Kupferl\u00f6tkolbens und Blei-Zinnlot gearbeitet.<\/p>\n<p>Der L\u00f6tvorgang f\u00fcr das Weichl\u00f6ten von NedZink spezifiziert sich f\u00fcr drei vorkommende Oberfl\u00e4chen:<\/p>\n<ul>\n<li><strong>NedZink NATUREL<\/strong> \u2013 walzblank<\/li>\n<li><strong>NedZink NOVA<\/strong> \u2013 vorbewittert<\/li>\n<li><strong>Nat\u00fcrlich bewitterte NedZink Oberfl\u00e4chen<\/strong> \u2013 Reparatur<\/li>\n<li><strong>NedZink NOIR<\/strong>\u2013<b>\u00a0<\/b>vorbewittert<\/li>\n<li><strong>NedZink Pro-Tec<\/strong>\u00a0\u2013 r\u00fcckseitenbeschichtet<\/li>\n<\/ul>\n<p><strong>Lot:<\/strong><br \/>\nBlei-Zinn Lot: S \u2013 Pb60 Sn40 (Sb) nach DIN EN 29453<br \/>\nSchmelzbereich: 183 \u00b0C &#8211; 235 \u00b0C<\/p>\n<p><strong>Flussmittel:<\/strong><br \/>\n<strong>Walzblank\/Reparatur:<\/strong><br \/>\nAlle Flussmittel f\u00fcr Zink\/Feinzink F-SW 11 nach DIN EN 29454.1 3.2.2 A; sowie bei Reparaturen auch Felder \u201eZD-spezial\u201c \u2013 oder gleichwertig.<\/p>\n<p><strong>NedZink NOVA; NedZink NOIR; NedZink Pro-Tec:<\/strong><br \/>\nFelder \u201eZD \u2013 pro\u201c der Firma. Felder \/ Oberhausen; F-SW 11 nach DIN EN 29454.1 2.2.2 A \u2013 oder gleichwertig<\/p>\n<p><strong>NedZink NOIR:<\/strong><br \/>\nFelder \u201eZD \u2013 Quarz\u201c; nach DIN EN 29454.1, 3.2.2.A (F-SW 11)<\/p>\n<p><strong>Nahtvorbereitung:<\/strong><br \/>\nAlle zu l\u00f6tenden Nahtbereiche m\u00fcssen frei von Schmutz, Fett\/\u00d6l und Wasser sein. Bei schon vormontierten Bauteilen auf der Baustelle sind diese ggf. zu reinigen.<\/p>\n<p>Die Nahtvorbereitung f\u00fcr die vorbewitterten Oberfl\u00e4chen <u>unterscheidet sich grundlegend<\/u> vom Vorgehen f\u00fcr die walzblanke Oberfl\u00e4che von NedZink NATUREL. Bei den Oberfl\u00e4chen NedZink NOVA, NedZink NOIR und NedZink Pro-Tec sind ggf. sowohl die Schicht der Vorbewitterung, als auch die zus\u00e4tzliche tempor\u00e4re transparente Schutzschicht vollst\u00e4ndig zu entfernen. Dies erfordert f\u00fcr solche L\u00f6tn\u00e4hte einen erh\u00f6hten Zeit- als auch Arbeitsaufwand, welcher ggf. kalkulatorisch zu ber\u00fccksichtigen ist.<\/p>\n<p><strong>Walzblank <\/strong>\u2013 Bei NedZink NATUREL ist keine spezielle Nahtvorbereitung erforderlich. Die Nahtzone dreiseitig mit L\u00f6twasser einstreichen.<br \/>\n<strong>NedZink NOVA<\/strong>\u00a0\u2013\u00a0Bei NedZink NOVA sind sowohl die tempor\u00e4re, transparente Schutzschicht, als auch die Vorpatinierung chemisch zu entfernen. Dies kann mit verschiedenen Ma\u00dfnahmen erfolgen:<\/p>\n<ul>\n<li>L\u00f6twasser &#8222;Felder ZD-pro&#8220; dreiseitig (Unterdeckung oben \/ \u00dcberdeckung oben \/\u00a0\u00dcberdeckung unten) \u2013 auftragen. Min. 30 Sekunden einwirken lassen. Dann das \u00a0 \u00a0 \u00a0L\u00f6twasser mit der abgel\u00f6sten Oberfl\u00e4chenschicht abwischen. Vorgang ggf. wiederholen.<\/li>\n<li>Abl\u00f6sen der Oberfl\u00e4chenschicht mit \u201eFelder Pre-Patina-L\u00f6texil\u201c. Einstreichen \u2013 min. 2 Minuten einwirken lassen \u2013 abwischen.<\/li>\n<li>Die Nahtzone bei beiden zu verbindenden Blechen abrasiv mit Schaber oder Schleifvlies bzw. NiRo Stahlwolle walzblank ohne R\u00fcckst\u00e4nde vorbereiten.<\/li>\n<\/ul>\n<p><strong>NedZink NOIR und NedZink Pro-Tec<\/strong>\u00a0\u2013 Sinngem\u00e4\u00df wie bei NedZink NOVA sind die Oberfl\u00e4chenschichten bis zur walzblanken Oberfl\u00e4che abzul\u00f6sen. Dazu stehen drei Alternativen zur Verf\u00fcgung:<\/p>\n<ul>\n<li>Die Nahtzone bei beiden zu verbindenden Blechen abrasiv mit Schaber oder Schleifvlies bzw. NiRo Stahlwolle walzblank ohne R\u00fcckst\u00e4nde vorbereiten.<\/li>\n<li>L\u00f6twasser Felder ZD-Quarz deckend auf die Nahtzone einstreichen \u2013 min. 2 Minuten einwirken lassen \u2013 abwischen. Diesen Vorgang etwa 3 bis 4mal wiederholen.<\/li>\n<li>Abl\u00f6sen der Oberfl\u00e4chenschichten mit \u201eFelder L\u00f6semittel \u2013 pro\u201c: Die Nahtzone einstreichen \u2013 min. 30 Sekunden einwirken lassen \u2013 L\u00f6twasser \u201eFelder ZD-Pro\u201c \u00a0 \u00a0 \u00a0 auftragen.<\/li>\n<\/ul>\n<p><u>Reparatur<\/u>\u00a0\u2013\u00a0Es empfiehlt sich immer, die vorhandenen Oxyd- und Schmutzschichten abrasiv, z.B. mit einem Schaber zu entfernen. Die blanke Nahtzone dann von Schmutz\/Staub gr\u00fcndlich s\u00e4ubern. Die Nahtzone dreiseitig mit L\u00f6twasser einstreichen.<\/p>\n<p><strong>Nahtbreite\/\u00dcberlappung:<\/strong><br \/>\nHorizontal: 10 mm<br \/>\nVertikal: 5 mm<\/p>\n<p><strong>L\u00f6tspalt:<\/strong><br \/>\n\u22640,5 mm<\/p>\n<p><strong>L\u00f6tkolben:<\/strong><br \/>\nL\u00f6tkolben aus Kupfer.<br \/>\nGewicht = min. 350 g mit gegl\u00e4tteter und verzinnter Finne<\/p>\n<p><strong>L\u00f6tvorgang:<\/strong><br \/>\n<strong>Walzblank:<\/strong> Die Naht ist in einem L\u00f6tvorgang durchzul\u00f6ten. Die Nahtbreite ist vollst\u00e4ndig mit Lot auszuf\u00fcllen. \u201eLotbesatz\u201c auf der Nahtoberfl\u00e4che ergibt keine zus\u00e4tzliche Festigkeit.<br \/>\n<strong>Vorpatiniert\/Reparatur:<\/strong> Zus\u00e4tzlich zum vorgesagten, ist die Naht mit einem nochmaligen Auftrag von L\u00f6twasser zu versehen. Die Temperatur des L\u00f6tkolbens sollte etwas \u00fcber der f\u00fcr walzblanke\u00a0Oberfl\u00e4chen liegen.<\/p>\n<p><strong>Nahtreinigung:<\/strong><br \/>\nEs ist darauf zu achten, dass die Oberfl\u00e4chen nicht durch verschmierte bzw. herunterlaufende Flussmittelreste optisch beeintr\u00e4chtigt werden.\u00a0L\u00f6twasser- bzw. Flussmittelreste sind sofort nach Beendigung des L\u00f6tvorganges sorgf\u00e4ltig mit Wasser und saugf\u00e4higem Lappen zu entfernen.<\/p>\n<p><strong>Kleben von NedZink vorbewittert an Dach und Wand:<\/strong><b><br \/>\n<\/b>Die vorbewitterten NedZink Oberfl\u00e4chen NOVA, NOIR und NUANCE wirken durch ihre hochwertigen und gleichm\u00e4\u00dfigen Oberfl\u00e4chen besonders in \u00e4sthetischer Hinsicht. Daher ist bei der Montage vor allem bei Bauteilen au\u00dferhalb des Wasserlaufes auch auf die optische Wirkung der gew\u00e4hlten Verbindungstechnik zu achten.<\/p>\n<p>Deshalb kann es an \u00e4sthetisch wichtigen Punkten sinnvoll sein, neben der hergebrachten L\u00f6ttechnik auch das Verkleben der einzelnen Profile anzuwenden. Diese Verbindungstechnik hat sich nunmehr seit vielen Jahren im Baubereich bew\u00e4hrt und kann auch f\u00fcr NedZink angewandt werden.<\/p>\n<p>Als Klebstoff ist ein f\u00fcr das Material Titanzink bew\u00e4hrtes Fabrikat zu w\u00e4hlen und die daf\u00fcr vorgeschriebenen Verarbeitungsbedingungen genau einzuhalten. So sind u. a. die Oberfl\u00e4chen der zu verbindenden Bauteile immer vorzubereiten. Zu dieser Vorbereitung geh\u00f6ren neben anderen immer die Arbeitsschritte: Entfettung \u2013 Staubfreiheit \u2013 trockene Oberfl\u00e4che &#8211; Primer.<\/p>\n<p>Es sind immer die Verarbeitungsbestimmungen des Klebstoffherstellers im Detail zu beachten!<\/p>\n<p>Weitere Informationen erhalten Sie von unserer Anwendungstechnik.<\/p>\n<p>R. Rinke; Tel.:\u00a0 \u00a0 \u00a00172-81 85 832\u00a0 \u00a0 Email: <a href=\"mailto:raphael.rinke@nedzink.de\">raphael.rinke@nedzink.de<\/a><\/p>\n<p><strong>Nieten:<\/strong><br \/>\nIn besonderen Anwendungsf\u00e4llen ist es m\u00f6glich, NedZink\u00a0auch zu nieten.<br \/>\nN\u00e4here Informationen auf Anfrage.<\/p>\n<\/div>\n[\/vc_column_text][\/vc_column][\/vc_row]\n","protected":false},"excerpt":{"rendered":"<p>[vc_row][vc_column][vc_column_text css=&#8220;.vc_custom_1742822523635{margin-bottom: 0px !important;}&#8220;] Einige Anmerkungen zu g\u00e4ngigen Bearbeitungstechniken mit NedZink. Abkanten Das Kanten von NedZink kann auf geeigneten Kantb\u00e4nken und -pressen erfolgen. Zu beachten ist die Einhaltung eines Mindest-Biegeradius von ca. 2 mm. Markierungen auf der Metalloberfl\u00e4che sind mit nicht kerbenden Werkzeugen (z.B. Bleistift) auszuf\u00fchren. Anrei\u00dfen ist unzul\u00e4ssig. Profilieren Zur rationellen Herstellung von Dachscharen [&hellip;]<\/p>\n","protected":false},"author":9,"featured_media":0,"parent":0,"menu_order":580,"comment_status":"closed","ping_status":"closed","template":"template-import.php","meta":{"_acf_changed":false,"footnotes":""},"class_list":["post-30633","page","type-page","status-publish","hentry"],"acf":[],"yoast_head":"<!-- This site is optimized with the Yoast SEO plugin v26.8 - https:\/\/yoast.com\/product\/yoast-seo-wordpress\/ -->\n<title>Verarbeitungstechniken \u2013 NedZink<\/title>\n<meta name=\"robots\" content=\"index, follow, max-snippet:-1, max-image-preview:large, max-video-preview:-1\" \/>\n<link rel=\"canonical\" href=\"https:\/\/www.nedzink.com\/de\/verarbeitungstechniken\/\" \/>\n<meta property=\"og:locale\" content=\"de_DE\" \/>\n<meta property=\"og:type\" content=\"article\" \/>\n<meta property=\"og:title\" content=\"Verarbeitungstechniken \u2013 NedZink\" \/>\n<meta property=\"og:description\" content=\"[vc_row][vc_column][vc_column_text css=&#8220;.vc_custom_1742822523635{margin-bottom: 0px !important;}&#8220;] Einige Anmerkungen zu g\u00e4ngigen Bearbeitungstechniken mit NedZink. Abkanten Das Kanten von NedZink kann auf geeigneten Kantb\u00e4nken und -pressen erfolgen. Zu beachten ist die Einhaltung eines Mindest-Biegeradius von ca. 2 mm. Markierungen auf der Metalloberfl\u00e4che sind mit nicht kerbenden Werkzeugen (z.B. Bleistift) auszuf\u00fchren. Anrei\u00dfen ist unzul\u00e4ssig. Profilieren Zur rationellen Herstellung von Dachscharen [&hellip;]\" \/>\n<meta property=\"og:url\" content=\"https:\/\/www.nedzink.com\/de\/verarbeitungstechniken\/\" \/>\n<meta property=\"og:site_name\" content=\"NedZink\" \/>\n<meta property=\"article:modified_time\" content=\"2025-03-24T13:22:39+00:00\" \/>\n<meta name=\"twitter:card\" content=\"summary_large_image\" \/>\n<meta name=\"twitter:label1\" content=\"Gesch\u00e4tzte Lesezeit\" \/>\n\t<meta name=\"twitter:data1\" content=\"5\u00a0Minuten\" \/>\n<script type=\"application\/ld+json\" class=\"yoast-schema-graph\">{\"@context\":\"https:\/\/schema.org\",\"@graph\":[{\"@type\":\"WebPage\",\"@id\":\"https:\/\/www.nedzink.com\/de\/verarbeitungstechniken\/\",\"url\":\"https:\/\/www.nedzink.com\/de\/verarbeitungstechniken\/\",\"name\":\"Verarbeitungstechniken \u2013 NedZink\",\"isPartOf\":{\"@id\":\"https:\/\/www.nedzink.com\/de\/#website\"},\"datePublished\":\"2019-06-04T12:53:58+00:00\",\"dateModified\":\"2025-03-24T13:22:39+00:00\",\"breadcrumb\":{\"@id\":\"https:\/\/www.nedzink.com\/de\/verarbeitungstechniken\/#breadcrumb\"},\"inLanguage\":\"de\",\"potentialAction\":[{\"@type\":\"ReadAction\",\"target\":[\"https:\/\/www.nedzink.com\/de\/verarbeitungstechniken\/\"]}]},{\"@type\":\"BreadcrumbList\",\"@id\":\"https:\/\/www.nedzink.com\/de\/verarbeitungstechniken\/#breadcrumb\",\"itemListElement\":[{\"@type\":\"ListItem\",\"position\":1,\"name\":\"Home\",\"item\":\"https:\/\/www.nedzink.com\/de\/\"},{\"@type\":\"ListItem\",\"position\":2,\"name\":\"Verarbeitungstechniken\"}]},{\"@type\":\"WebSite\",\"@id\":\"https:\/\/www.nedzink.com\/de\/#website\",\"url\":\"https:\/\/www.nedzink.com\/de\/\",\"name\":\"NedZink\",\"description\":\"Zink fabrikant\",\"publisher\":{\"@id\":\"https:\/\/www.nedzink.com\/de\/#organization\"},\"potentialAction\":[{\"@type\":\"SearchAction\",\"target\":{\"@type\":\"EntryPoint\",\"urlTemplate\":\"https:\/\/www.nedzink.com\/de\/?s={search_term_string}\"},\"query-input\":{\"@type\":\"PropertyValueSpecification\",\"valueRequired\":true,\"valueName\":\"search_term_string\"}}],\"inLanguage\":\"de\"},{\"@type\":\"Organization\",\"@id\":\"https:\/\/www.nedzink.com\/de\/#organization\",\"name\":\"NedZink\",\"url\":\"https:\/\/www.nedzink.com\/de\/\",\"logo\":{\"@type\":\"ImageObject\",\"inLanguage\":\"de\",\"@id\":\"https:\/\/www.nedzink.com\/de\/#\/schema\/logo\/image\/\",\"url\":\"https:\/\/www.nedzink.com\/wp-content\/uploads\/2019\/08\/logo-nedzink_fc_zk.jpg\",\"contentUrl\":\"https:\/\/www.nedzink.com\/wp-content\/uploads\/2019\/08\/logo-nedzink_fc_zk.jpg\",\"width\":2160,\"height\":688,\"caption\":\"NedZink\"},\"image\":{\"@id\":\"https:\/\/www.nedzink.com\/de\/#\/schema\/logo\/image\/\"}}]}<\/script>\n<!-- \/ Yoast SEO plugin. -->","yoast_head_json":{"title":"Verarbeitungstechniken \u2013 NedZink","robots":{"index":"index","follow":"follow","max-snippet":"max-snippet:-1","max-image-preview":"max-image-preview:large","max-video-preview":"max-video-preview:-1"},"canonical":"https:\/\/www.nedzink.com\/de\/verarbeitungstechniken\/","og_locale":"de_DE","og_type":"article","og_title":"Verarbeitungstechniken \u2013 NedZink","og_description":"[vc_row][vc_column][vc_column_text css=&#8220;.vc_custom_1742822523635{margin-bottom: 0px !important;}&#8220;] Einige Anmerkungen zu g\u00e4ngigen Bearbeitungstechniken mit NedZink. Abkanten Das Kanten von NedZink kann auf geeigneten Kantb\u00e4nken und -pressen erfolgen. Zu beachten ist die Einhaltung eines Mindest-Biegeradius von ca. 2 mm. Markierungen auf der Metalloberfl\u00e4che sind mit nicht kerbenden Werkzeugen (z.B. Bleistift) auszuf\u00fchren. Anrei\u00dfen ist unzul\u00e4ssig. Profilieren Zur rationellen Herstellung von Dachscharen [&hellip;]","og_url":"https:\/\/www.nedzink.com\/de\/verarbeitungstechniken\/","og_site_name":"NedZink","article_modified_time":"2025-03-24T13:22:39+00:00","twitter_card":"summary_large_image","twitter_misc":{"Gesch\u00e4tzte Lesezeit":"5\u00a0Minuten"},"schema":{"@context":"https:\/\/schema.org","@graph":[{"@type":"WebPage","@id":"https:\/\/www.nedzink.com\/de\/verarbeitungstechniken\/","url":"https:\/\/www.nedzink.com\/de\/verarbeitungstechniken\/","name":"Verarbeitungstechniken \u2013 NedZink","isPartOf":{"@id":"https:\/\/www.nedzink.com\/de\/#website"},"datePublished":"2019-06-04T12:53:58+00:00","dateModified":"2025-03-24T13:22:39+00:00","breadcrumb":{"@id":"https:\/\/www.nedzink.com\/de\/verarbeitungstechniken\/#breadcrumb"},"inLanguage":"de","potentialAction":[{"@type":"ReadAction","target":["https:\/\/www.nedzink.com\/de\/verarbeitungstechniken\/"]}]},{"@type":"BreadcrumbList","@id":"https:\/\/www.nedzink.com\/de\/verarbeitungstechniken\/#breadcrumb","itemListElement":[{"@type":"ListItem","position":1,"name":"Home","item":"https:\/\/www.nedzink.com\/de\/"},{"@type":"ListItem","position":2,"name":"Verarbeitungstechniken"}]},{"@type":"WebSite","@id":"https:\/\/www.nedzink.com\/de\/#website","url":"https:\/\/www.nedzink.com\/de\/","name":"NedZink","description":"Zink fabrikant","publisher":{"@id":"https:\/\/www.nedzink.com\/de\/#organization"},"potentialAction":[{"@type":"SearchAction","target":{"@type":"EntryPoint","urlTemplate":"https:\/\/www.nedzink.com\/de\/?s={search_term_string}"},"query-input":{"@type":"PropertyValueSpecification","valueRequired":true,"valueName":"search_term_string"}}],"inLanguage":"de"},{"@type":"Organization","@id":"https:\/\/www.nedzink.com\/de\/#organization","name":"NedZink","url":"https:\/\/www.nedzink.com\/de\/","logo":{"@type":"ImageObject","inLanguage":"de","@id":"https:\/\/www.nedzink.com\/de\/#\/schema\/logo\/image\/","url":"https:\/\/www.nedzink.com\/wp-content\/uploads\/2019\/08\/logo-nedzink_fc_zk.jpg","contentUrl":"https:\/\/www.nedzink.com\/wp-content\/uploads\/2019\/08\/logo-nedzink_fc_zk.jpg","width":2160,"height":688,"caption":"NedZink"},"image":{"@id":"https:\/\/www.nedzink.com\/de\/#\/schema\/logo\/image\/"}}]}},"_links":{"self":[{"href":"https:\/\/www.nedzink.com\/de\/wp-json\/wp\/v2\/pages\/30633","targetHints":{"allow":["GET"]}}],"collection":[{"href":"https:\/\/www.nedzink.com\/de\/wp-json\/wp\/v2\/pages"}],"about":[{"href":"https:\/\/www.nedzink.com\/de\/wp-json\/wp\/v2\/types\/page"}],"author":[{"embeddable":true,"href":"https:\/\/www.nedzink.com\/de\/wp-json\/wp\/v2\/users\/9"}],"replies":[{"embeddable":true,"href":"https:\/\/www.nedzink.com\/de\/wp-json\/wp\/v2\/comments?post=30633"}],"version-history":[{"count":2,"href":"https:\/\/www.nedzink.com\/de\/wp-json\/wp\/v2\/pages\/30633\/revisions"}],"predecessor-version":[{"id":135744,"href":"https:\/\/www.nedzink.com\/de\/wp-json\/wp\/v2\/pages\/30633\/revisions\/135744"}],"wp:attachment":[{"href":"https:\/\/www.nedzink.com\/de\/wp-json\/wp\/v2\/media?parent=30633"}],"curies":[{"name":"wp","href":"https:\/\/api.w.org\/{rel}","templated":true}]}}