{"id":30613,"date":"2019-06-04T14:53:52","date_gmt":"2019-06-04T12:53:52","guid":{"rendered":"http:\/\/136.144.181.85\/~nedzink\/techn-informationen\/verarbeitungs-und-montagerichtlinien\/verarbeitungsrichtlinien\/kupfer\/"},"modified":"2021-05-26T14:47:23","modified_gmt":"2021-05-26T12:47:23","slug":"kupfer","status":"publish","type":"page","link":"https:\/\/www.nedzink.com\/de\/techn-informationen\/verarbeitungs-und-montagerichtlinien\/verarbeitungsrichtlinien\/kupfer\/","title":{"rendered":"Kupfer"},"content":{"rendered":"<p>Anhand dieser Produktinformation m\u00f6chten wir ihnen gerne zus\u00e4tzliche wichtige Informationen als auch Verarbeitungsrichtlinien f\u00fcr unser Produkt NedZink KUPFER walzblank zukommen lassen.<\/p>\n<h2>Produktbeschreibung<\/h2>\n<p>NedZink KUPFER ist werkseitig walzblankes Kupfer produziert nach DIN EN 1172 .<\/p>\n<p>Geringe Materialspannungen aus dem Walzprozess sind nicht g\u00e4nzlich zu vermeiden. Zwar werden diese durch moderne Produktionsmethoden minimiert, eine geringe Restwelligkeit ist bei D\u00fcnnblechen aber immer vorhanden und zu akzeptieren.<\/p>\n<h2>Nat\u00fcrliche Oberfl\u00e4che<\/h2>\n<p>NedZink Kupfer\u00a0 weist die nat\u00fcrliche, walzblanke Oberfl\u00e4che des Kupferproduktes nach den abgeschlossenen Produktionsvorg\u00e4ngen auf. Zum tempor\u00e4ren Schutz bei Transport und Lagerung bleibt eine geringe, oberfl\u00e4chliche\u00a0 Restfettigkeit\u00a0 erhalten.<\/p>\n<p>Beide Seiten k\u00f6nnen als Oberseite eingesetzt werden. Allerdings sollte bei zusammenh\u00e4ngenden Fl\u00e4chen mit der gleichen Seite weitergearbeitet und die Seiten nicht gewechselt werden.<\/p>\n<h2>Oberfl\u00e4chenschutz<\/h2>\n<p>Das Material wird mit walzblanker Oberfl\u00e4che ausgeliefert. Bei Beaufschlagung mit Feuchtigkeit durch Bewitterung entsteht unter Luftzutritt eine Schutzschicht aus Kupferoxiden, die sogenannte Patina.<\/p>\n<p>Dieser Prozess setzt nicht sofort und gleichm\u00e4\u00dfig ein, sondern kann abh\u00e4ngig von der Wetterrichtung und Einbauneigung unterschiedlich lange dauern. Bis zum Erreichen einer gleichm\u00e4\u00dfigen Patina ist eine ungleichm\u00e4\u00dfige Oberfl\u00e4chenansicht der sich bildenden Patina nicht zu vermeiden. Dies gilt insbesondere f\u00fcr senkrechte Fl\u00e4chen wie z.B. Fassaden.<\/p>\n<h2>Verarbeitungshinweise<\/h2>\n<p>Die weitere Verarbeitung von NedZink Produkten erfolgt auf Basis und nach den Regelwerken der verarbeitenden Gewerke ZVSHK und ZVDH.<\/p>\n<p>Da auch \u00e4sthetische Belange mit im Vordergrund stehen, sollten mechanische Techniken wie falzen, einh\u00e4ngen und auch kleben Vorrang haben, nur bei geforderter Wasserdichtheit sollte gel\u00f6tet bzw. geschwei\u00dft werden.<\/p>\n<p>Jegliche Befestigungen m\u00fcssen die freie W\u00e4rmeausdehnung des Materials zulassen.<\/p>\n<h2>L\u00f6ten, Schwei\u00dfen:<\/h2>\n<p>Ein gro\u00dfer Vorteil von Kupfer liegt in der M\u00f6glichkeit, die F\u00fcgetechniken \u201eWeichl\u00f6ten\u201c, Hartl\u00f6ten und Schwei\u00dfen als Verbindungstechnik einzusetzen. In Bereichen mit der Anforderung an dauerhaft feste und wasserdichte Verbindungen (z.B. Rinnen) wird mittels geeigneten L\u00f6t- und Schwei\u00dfger\u00e4ten und den zugeh\u00f6rigen Flussmitteln, Loten und Schwei\u00dfdr\u00e4hten gearbeitet.<\/p>\n<h2>Mechanische Bearbeitung<\/h2>\n<p>Fortschrittliche Anwendungstechniken und die damit erh\u00f6hten Qualit\u00e4tsvoraussetzungen bei der Umarbeitung von Kupferwalzmaterialim Bedachungs-, Entw\u00e4sserungs- und Fassadenbereich, setzen entsprechende Materialeigenschaften voraus.<\/p>\n<p>Kupfer hat die h\u00f6chste Bruchdehnung von allen Baumetallen und ist deshalb gerade bei komplizierten Anschl\u00fcssen mit starken Verformungen des Materials besonders geeignet.<\/p>\n<p>Alle g\u00e4ngigen Verformungstechniken im Dach- und Fassadenbereich k\u00f6nnen angewendet werden.<\/p>\n<h2>Transport; Lagerung<\/h2>\n<p>NedZink Kupfer ist trocken und bel\u00fcftet zu verladen und zu transportieren. Auf ausreichenden Oberfl\u00e4chenschutz gegen Besch\u00e4digungen ist zu achten. Die Bleche bzw. B\u00e4nder sind gegen Sto\u00dfbesch\u00e4digung (Dellen, Beulen) zu sichern.<\/p>\n<p>Im Lager: NedZink Kupfer ist trocken bel\u00fcftet und gegen Besch\u00e4digung abgesichert zu lagern. Dabei ist besonders auch gegen aufsteigende Feuchtigkeit zu sichern.<\/p>\n<p>Auf der Baustelle: NedZink Kupfer ist trocken bel\u00fcftet zu lagern. Vorratsmaterial ist gegen Feuchtigkeit abzudecken. Gegen mechanische Besch\u00e4digung &#8211; auch der Folie &#8211; ist zu sichern. Offene Lagerung im Au\u00dfenbereich ist zu vermeiden.<\/p>\n<p>Diese Informationen sind mit Sorgfalt zusammengestellt worden. Alle darin enthaltenen Angaben entsprechen dem heutigen Stand der Kenntnisse und sollen \u00fcber unsere Produkte und deren Anwendung informieren. Aus dem Inhalt k\u00f6nnen keine Rechte entnommen werden.<\/p>\n<p>&nbsp;<\/p>\n<p>NedZink GmbH, Oktober 2011<\/p>\n<p><a href=\"https:\/\/www.nedzink.com\/wp-content\/uploads\/import\/cms\/userfiles\/files\/downloads\/de\/NedZink Kupfer1.pdf\"><u>Download Verarbeitungsrichtlinien NedZink KUPFER<\/u><\/a><\/p>\n<p>&nbsp;<\/p>\n","protected":false},"excerpt":{"rendered":"<p>Anhand dieser Produktinformation m\u00f6chten wir ihnen gerne zus\u00e4tzliche wichtige Informationen als auch Verarbeitungsrichtlinien f\u00fcr unser Produkt NedZink KUPFER walzblank zukommen lassen. Produktbeschreibung NedZink KUPFER ist werkseitig walzblankes Kupfer produziert nach DIN EN 1172 . Geringe Materialspannungen aus dem Walzprozess sind nicht g\u00e4nzlich zu vermeiden. Zwar werden diese durch moderne Produktionsmethoden minimiert, eine geringe Restwelligkeit ist [&hellip;]<\/p>\n","protected":false},"author":9,"featured_media":0,"parent":30554,"menu_order":570,"comment_status":"closed","ping_status":"closed","template":"template-import.php","meta":{"_acf_changed":false,"footnotes":""},"class_list":["post-30613","page","type-page","status-publish","hentry"],"acf":[],"yoast_head":"<!-- This site is optimized with the Yoast SEO plugin v26.8 - https:\/\/yoast.com\/product\/yoast-seo-wordpress\/ -->\n<title>Kupfer \u2013 NedZink<\/title>\n<meta name=\"robots\" content=\"index, follow, max-snippet:-1, max-image-preview:large, max-video-preview:-1\" \/>\n<link rel=\"canonical\" href=\"https:\/\/www.nedzink.com\/de\/techn-informationen\/verarbeitungs-und-montagerichtlinien\/verarbeitungsrichtlinien\/kupfer\/\" \/>\n<meta property=\"og:locale\" content=\"de_DE\" \/>\n<meta property=\"og:type\" content=\"article\" \/>\n<meta property=\"og:title\" content=\"Kupfer \u2013 NedZink\" \/>\n<meta property=\"og:description\" content=\"Anhand dieser Produktinformation m\u00f6chten wir ihnen gerne zus\u00e4tzliche wichtige Informationen als auch Verarbeitungsrichtlinien f\u00fcr unser Produkt NedZink KUPFER walzblank zukommen lassen. Produktbeschreibung NedZink KUPFER ist werkseitig walzblankes Kupfer produziert nach DIN EN 1172 . Geringe Materialspannungen aus dem Walzprozess sind nicht g\u00e4nzlich zu vermeiden. Zwar werden diese durch moderne Produktionsmethoden minimiert, eine geringe Restwelligkeit ist [&hellip;]\" \/>\n<meta property=\"og:url\" content=\"https:\/\/www.nedzink.com\/de\/techn-informationen\/verarbeitungs-und-montagerichtlinien\/verarbeitungsrichtlinien\/kupfer\/\" \/>\n<meta property=\"og:site_name\" content=\"NedZink\" \/>\n<meta property=\"article:modified_time\" content=\"2021-05-26T12:47:23+00:00\" \/>\n<meta name=\"twitter:card\" content=\"summary_large_image\" \/>\n<meta name=\"twitter:label1\" content=\"Gesch\u00e4tzte Lesezeit\" \/>\n\t<meta name=\"twitter:data1\" content=\"3\u00a0Minuten\" \/>\n<script type=\"application\/ld+json\" class=\"yoast-schema-graph\">{\"@context\":\"https:\/\/schema.org\",\"@graph\":[{\"@type\":\"WebPage\",\"@id\":\"https:\/\/www.nedzink.com\/de\/techn-informationen\/verarbeitungs-und-montagerichtlinien\/verarbeitungsrichtlinien\/kupfer\/\",\"url\":\"https:\/\/www.nedzink.com\/de\/techn-informationen\/verarbeitungs-und-montagerichtlinien\/verarbeitungsrichtlinien\/kupfer\/\",\"name\":\"Kupfer \u2013 NedZink\",\"isPartOf\":{\"@id\":\"https:\/\/www.nedzink.com\/de\/#website\"},\"datePublished\":\"2019-06-04T12:53:52+00:00\",\"dateModified\":\"2021-05-26T12:47:23+00:00\",\"breadcrumb\":{\"@id\":\"https:\/\/www.nedzink.com\/de\/techn-informationen\/verarbeitungs-und-montagerichtlinien\/verarbeitungsrichtlinien\/kupfer\/#breadcrumb\"},\"inLanguage\":\"de\",\"potentialAction\":[{\"@type\":\"ReadAction\",\"target\":[\"https:\/\/www.nedzink.com\/de\/techn-informationen\/verarbeitungs-und-montagerichtlinien\/verarbeitungsrichtlinien\/kupfer\/\"]}]},{\"@type\":\"BreadcrumbList\",\"@id\":\"https:\/\/www.nedzink.com\/de\/techn-informationen\/verarbeitungs-und-montagerichtlinien\/verarbeitungsrichtlinien\/kupfer\/#breadcrumb\",\"itemListElement\":[{\"@type\":\"ListItem\",\"position\":1,\"name\":\"Home\",\"item\":\"https:\/\/www.nedzink.com\/de\/\"},{\"@type\":\"ListItem\",\"position\":2,\"name\":\"Techn. Informationen\",\"item\":\"https:\/\/www.nedzink.com\/de\/techn-informationen\/\"},{\"@type\":\"ListItem\",\"position\":3,\"name\":\"Verarbeitungs- und Montagerichtlinien\",\"item\":\"https:\/\/www.nedzink.com\/de\/techn-informationen\/verarbeitungs-und-montagerichtlinien\/\"},{\"@type\":\"ListItem\",\"position\":4,\"name\":\"Verarbeitungsrichtlinien\",\"item\":\"https:\/\/www.nedzink.com\/de\/techn-informationen\/verarbeitungs-und-montagerichtlinien\/verarbeitungsrichtlinien\/\"},{\"@type\":\"ListItem\",\"position\":5,\"name\":\"Kupfer\"}]},{\"@type\":\"WebSite\",\"@id\":\"https:\/\/www.nedzink.com\/de\/#website\",\"url\":\"https:\/\/www.nedzink.com\/de\/\",\"name\":\"NedZink\",\"description\":\"Zink fabrikant\",\"publisher\":{\"@id\":\"https:\/\/www.nedzink.com\/de\/#organization\"},\"potentialAction\":[{\"@type\":\"SearchAction\",\"target\":{\"@type\":\"EntryPoint\",\"urlTemplate\":\"https:\/\/www.nedzink.com\/de\/?s={search_term_string}\"},\"query-input\":{\"@type\":\"PropertyValueSpecification\",\"valueRequired\":true,\"valueName\":\"search_term_string\"}}],\"inLanguage\":\"de\"},{\"@type\":\"Organization\",\"@id\":\"https:\/\/www.nedzink.com\/de\/#organization\",\"name\":\"NedZink\",\"url\":\"https:\/\/www.nedzink.com\/de\/\",\"logo\":{\"@type\":\"ImageObject\",\"inLanguage\":\"de\",\"@id\":\"https:\/\/www.nedzink.com\/de\/#\/schema\/logo\/image\/\",\"url\":\"https:\/\/www.nedzink.com\/wp-content\/uploads\/2019\/08\/logo-nedzink_fc_zk.jpg\",\"contentUrl\":\"https:\/\/www.nedzink.com\/wp-content\/uploads\/2019\/08\/logo-nedzink_fc_zk.jpg\",\"width\":2160,\"height\":688,\"caption\":\"NedZink\"},\"image\":{\"@id\":\"https:\/\/www.nedzink.com\/de\/#\/schema\/logo\/image\/\"}}]}<\/script>\n<!-- \/ Yoast SEO plugin. -->","yoast_head_json":{"title":"Kupfer \u2013 NedZink","robots":{"index":"index","follow":"follow","max-snippet":"max-snippet:-1","max-image-preview":"max-image-preview:large","max-video-preview":"max-video-preview:-1"},"canonical":"https:\/\/www.nedzink.com\/de\/techn-informationen\/verarbeitungs-und-montagerichtlinien\/verarbeitungsrichtlinien\/kupfer\/","og_locale":"de_DE","og_type":"article","og_title":"Kupfer \u2013 NedZink","og_description":"Anhand dieser Produktinformation m\u00f6chten wir ihnen gerne zus\u00e4tzliche wichtige Informationen als auch Verarbeitungsrichtlinien f\u00fcr unser Produkt NedZink KUPFER walzblank zukommen lassen. Produktbeschreibung NedZink KUPFER ist werkseitig walzblankes Kupfer produziert nach DIN EN 1172 . Geringe Materialspannungen aus dem Walzprozess sind nicht g\u00e4nzlich zu vermeiden. Zwar werden diese durch moderne Produktionsmethoden minimiert, eine geringe Restwelligkeit ist [&hellip;]","og_url":"https:\/\/www.nedzink.com\/de\/techn-informationen\/verarbeitungs-und-montagerichtlinien\/verarbeitungsrichtlinien\/kupfer\/","og_site_name":"NedZink","article_modified_time":"2021-05-26T12:47:23+00:00","twitter_card":"summary_large_image","twitter_misc":{"Gesch\u00e4tzte Lesezeit":"3\u00a0Minuten"},"schema":{"@context":"https:\/\/schema.org","@graph":[{"@type":"WebPage","@id":"https:\/\/www.nedzink.com\/de\/techn-informationen\/verarbeitungs-und-montagerichtlinien\/verarbeitungsrichtlinien\/kupfer\/","url":"https:\/\/www.nedzink.com\/de\/techn-informationen\/verarbeitungs-und-montagerichtlinien\/verarbeitungsrichtlinien\/kupfer\/","name":"Kupfer \u2013 NedZink","isPartOf":{"@id":"https:\/\/www.nedzink.com\/de\/#website"},"datePublished":"2019-06-04T12:53:52+00:00","dateModified":"2021-05-26T12:47:23+00:00","breadcrumb":{"@id":"https:\/\/www.nedzink.com\/de\/techn-informationen\/verarbeitungs-und-montagerichtlinien\/verarbeitungsrichtlinien\/kupfer\/#breadcrumb"},"inLanguage":"de","potentialAction":[{"@type":"ReadAction","target":["https:\/\/www.nedzink.com\/de\/techn-informationen\/verarbeitungs-und-montagerichtlinien\/verarbeitungsrichtlinien\/kupfer\/"]}]},{"@type":"BreadcrumbList","@id":"https:\/\/www.nedzink.com\/de\/techn-informationen\/verarbeitungs-und-montagerichtlinien\/verarbeitungsrichtlinien\/kupfer\/#breadcrumb","itemListElement":[{"@type":"ListItem","position":1,"name":"Home","item":"https:\/\/www.nedzink.com\/de\/"},{"@type":"ListItem","position":2,"name":"Techn. Informationen","item":"https:\/\/www.nedzink.com\/de\/techn-informationen\/"},{"@type":"ListItem","position":3,"name":"Verarbeitungs- und Montagerichtlinien","item":"https:\/\/www.nedzink.com\/de\/techn-informationen\/verarbeitungs-und-montagerichtlinien\/"},{"@type":"ListItem","position":4,"name":"Verarbeitungsrichtlinien","item":"https:\/\/www.nedzink.com\/de\/techn-informationen\/verarbeitungs-und-montagerichtlinien\/verarbeitungsrichtlinien\/"},{"@type":"ListItem","position":5,"name":"Kupfer"}]},{"@type":"WebSite","@id":"https:\/\/www.nedzink.com\/de\/#website","url":"https:\/\/www.nedzink.com\/de\/","name":"NedZink","description":"Zink fabrikant","publisher":{"@id":"https:\/\/www.nedzink.com\/de\/#organization"},"potentialAction":[{"@type":"SearchAction","target":{"@type":"EntryPoint","urlTemplate":"https:\/\/www.nedzink.com\/de\/?s={search_term_string}"},"query-input":{"@type":"PropertyValueSpecification","valueRequired":true,"valueName":"search_term_string"}}],"inLanguage":"de"},{"@type":"Organization","@id":"https:\/\/www.nedzink.com\/de\/#organization","name":"NedZink","url":"https:\/\/www.nedzink.com\/de\/","logo":{"@type":"ImageObject","inLanguage":"de","@id":"https:\/\/www.nedzink.com\/de\/#\/schema\/logo\/image\/","url":"https:\/\/www.nedzink.com\/wp-content\/uploads\/2019\/08\/logo-nedzink_fc_zk.jpg","contentUrl":"https:\/\/www.nedzink.com\/wp-content\/uploads\/2019\/08\/logo-nedzink_fc_zk.jpg","width":2160,"height":688,"caption":"NedZink"},"image":{"@id":"https:\/\/www.nedzink.com\/de\/#\/schema\/logo\/image\/"}}]}},"_links":{"self":[{"href":"https:\/\/www.nedzink.com\/de\/wp-json\/wp\/v2\/pages\/30613","targetHints":{"allow":["GET"]}}],"collection":[{"href":"https:\/\/www.nedzink.com\/de\/wp-json\/wp\/v2\/pages"}],"about":[{"href":"https:\/\/www.nedzink.com\/de\/wp-json\/wp\/v2\/types\/page"}],"author":[{"embeddable":true,"href":"https:\/\/www.nedzink.com\/de\/wp-json\/wp\/v2\/users\/9"}],"replies":[{"embeddable":true,"href":"https:\/\/www.nedzink.com\/de\/wp-json\/wp\/v2\/comments?post=30613"}],"version-history":[{"count":0,"href":"https:\/\/www.nedzink.com\/de\/wp-json\/wp\/v2\/pages\/30613\/revisions"}],"up":[{"embeddable":true,"href":"https:\/\/www.nedzink.com\/de\/wp-json\/wp\/v2\/pages\/30554"}],"wp:attachment":[{"href":"https:\/\/www.nedzink.com\/de\/wp-json\/wp\/v2\/media?parent=30613"}],"curies":[{"name":"wp","href":"https:\/\/api.w.org\/{rel}","templated":true}]}}