{"id":30573,"date":"2019-06-04T14:53:40","date_gmt":"2019-06-04T12:53:40","guid":{"rendered":"http:\/\/136.144.181.85\/~nedzink\/techn-informationen\/verarbeitungs-und-montagerichtlinien\/verarbeitungsrichtlinien\/nedzink-nova\/"},"modified":"2019-08-13T14:12:09","modified_gmt":"2019-08-13T12:12:09","slug":"nedzink-nova","status":"publish","type":"page","link":"https:\/\/www.nedzink.com\/de\/nedzink-nova\/","title":{"rendered":"NedZink NOVA"},"content":{"rendered":"[vc_row][vc_column][vc_column_text css=&#8220;.vc_custom_1565698323271{margin-bottom: 0px !important;}&#8220;]Mithilfe dieses Produktblatts m\u00f6chten wir Ihnen zus\u00e4tzliche wichtige Informationen sowie Verarbeitungsrichtlinien f\u00fcr unsere Produkte NedZink NATUREL, -NOVA und \u2013NOIR geben.<\/p>\n<h3><strong>Materialeigenschaften<\/strong><\/h3>\n<p>NedZink NATUREL ist walzblankes Titanzink, das nach EN 988 produziert und durch Lloyd&#8217;s Register zertifiziert wird. NedZink NATUREL hat eine nat\u00fcrliche, blank gewalzte Oberfl\u00e4che. NedZink NOVA und NedZink NOIR sind vorpatinierte Zinkoberfl\u00e4chen, die in einem Phosphatierungsprozess hergestellt werden. Als Basismaterial wird walzblankes Titanzink, NedZink NATUREL verwendet. Durch den Phosphatierungsprozess entsteht eine Oberfl\u00e4che, die der normalen, nat\u00fcrlich entstehenden Patina sehr nahekommt. Die Eigenschaften von Zink bleiben dabei vollst\u00e4ndig erhalten.<\/p>\n<p>Jedes gewalzte Metall, also auch NedZink-Material, weist in bestimmtem Ma\u00dfe Walzspannungen auf. Dies ist dem Produktionsprozess eigen und unvermeidbar. Mit modernen Techniken werden diese Walzspannungen weitestgehend beseitigt. Dennoch kann es vorkommen, dass Walzspannungen nach der Weiterverarbeitung des NedZink-Materials durch Dritte in geringerem Ma\u00dfe erneut auftreten.<\/p>\n<h3><strong>Oberfl\u00e4chenschutz<\/strong><\/h3>\n<p>NedZink NATUREL wird mit einer blank gewalzten Oberfl\u00e4che geliefert. Bei Kontakt mit der Au\u00dfenluft und durch Einwirkung von Luftfeuchte bzw. Niederschlag wird eine sch\u00fctzende Zinkkarbonatschicht aufgebaut, die sogenannte Patina. Dieser Prozess beginnt sofort nach der Montage und setzt sich fort, bis eine gleichf\u00f6rmige Schutzschicht entstanden ist. Zu Beginn kann durch die sich noch formende Patinaschicht eine ungleichm\u00e4\u00dfige Oberfl\u00e4chenansicht entstehen. Dar\u00fcber hinaus ist zu beachten, dass unterschiedliche Bewitterungssituationen, die Geometrie des Geb\u00e4udes, abweichende Lagerungs- und Montagezeitr\u00e4ume den Verlauf und Fortschritt der Patinierung beeinflussen.<\/p>\n<p>NedZink NOVA und NedZink NOIR behalten ihre nat\u00fcrlichen Zinkeigenschaften, weshalb geringe Farbnuancen auftreten k\u00f6nnen. Durch einen speziellen Produktionsprozess ist die Farbe besonders konstant, unterliegt aber immer Produktionschargen. Verwenden Sie f\u00fcr ein Projekt immer Material derselben Charge, damit Farbunterschiede vermieden werden. Die Kennzeichnung der Produktionschargen finden Sie auf der R\u00fcckseite des Materials.<\/p>\n<p>Verarbeiten Sie NedZink NOVA und NedZink NOIR immer in derselben Walzrichtung, um Farbunterschiede zu vermeiden. Auf der R\u00fcckseite ist die Walzrichtung mit Pfeilen angegeben. Kontrollieren Sie vor der Montage die Walzrichtung.<\/p>\n<h3><strong>Salzablagerung<\/strong><\/h3>\n<p>In einem Meeresklima und in K\u00fcstenn\u00e4he kann das Salz in der Luft oder im Wasser mit Zink reagieren und Zinkchloride auf Oberfl\u00e4chen bilden, die nicht vom Regenwasser abgewaschen werden. Dies zeigt sich unumkehrbar in wei\u00dfen Flecken. Diese wei\u00dfen Flecken haben keinen Einfluss auf die Funktionalit\u00e4t und f\u00fchren nicht zu Korrosion. (Bei fehlendem Regen oder vor Regen gesch\u00fctzten Fl\u00e4chen sollte regelm\u00e4\u00dfig mit (warmem) Wasser gereinigt werden.) NedZink haftet nicht f\u00fcr die Effekte der Salzablagerung.<\/p>\n<h3><strong>Anti-Fingerprint (AFP)<\/strong><\/h3>\n<p>Um bei der Montage Fingerabdr\u00fccke zu vermeiden und die Verarbeitung mit Maschinen zu optimieren, wurde eine Anti-Fingerprint-Beschichtung angebracht, die eine leicht gl\u00e4nzende Oberfl\u00e4che ergibt. Dieser Glanz verringert sich im Laufe der Zeit.<\/p>\n<h3><strong>Schutzfolie<\/strong><\/h3>\n<p>Auf Wunsch kann NedZink NOVA mit einer tempor\u00e4ren Schutzfolie geliefert werden, die das Risiko f\u00fcr Besch\u00e4digungen w\u00e4hrend der Verarbeitung verringern soll. NedZink NOIR wird standardm\u00e4\u00dfig mit dieser tempor\u00e4ren Schutzfolie geliefert. Die Folie ist nicht dauerhaft UV-best\u00e4ndig und dient nur als vor\u00fcbergehender Schutz. Darum muss diese Folie sofort nach der Montage auf der Baustelle beseitigt werden. Um ein problemloses Abziehen der Folie zu erm\u00f6glichen, sollte die Temperatur des Materials min. 7\u00b0 C betragen. Die Folie darf nicht in Verbindungen, wie beispielsweise einer Falzverbindung verarbeitet werden. Au\u00dferdem ist zu vermeiden, dass Wasser zwischen Folie und Zink gelangt. Wenn NedZink NOVA oder NedZink NOIR ohne Folie bestellt werden, sind diese infolgedessen bei der Verarbeitung kratzempfindlicher.<\/p>\n<h3><strong>Montage<\/strong><\/h3>\n<p>Titanzink von NedZink kann in hinterl\u00fcfteten als auch Konstruktionen ohne Hinterl\u00fcftung angewendet werden. In allen F\u00e4llen m\u00fcssen die einschl\u00e4gigen Regelwerke, wie z. B. die VOB, Fachregeln der Gewerke etc., sowie die Empfehlungen unter www.nedzink.com oder in den technischen Richtlinien von NedZink eingehalten werden.<\/p>\n<p>Zink ist ein Metall, das sich unter Temperatureinfluss ausdehnt bzw. zusammenzieht. In allen F\u00e4llen muss bei der Montage die freie thermische Dehnung des Materials gew\u00e4hrleistet werden.<\/p>\n<h3><strong>Titanzink und andere Materialien<\/strong><\/h3>\n<ul>\n<li>Im Zusammenhang mit dem Unterschied des elektrolytischen Potenzials darf Titanzink mit den folgenden Metallen nicht angewendet werden: Gold \u2013 Platin \u2013 Silber \u2013 Nickel \u2013 Kobalt \u2013 Cadmium \u2013 Chrom \u2013 \u00a0Palladium \u2013 Quecksilber. Beim Zusammenbau mit Baumetallen wie z. B.: Kupfer \u2013 Blei \u2013 Eisen und Aluminium sind die Vorgaben der Fachregeln der Gewerke einzuhalten.<\/li>\n<li>Direkter Kontakt mit Beton, Kalk, Bitumen, M\u00f6rtel (und sonstigen alkalischen Produkten) soll vermieden werden.<\/li>\n<li>Im Zusammenhang mit der Auslaugung von H\u00f6lzern darf Titanzink nicht in Kombination mit einem Schilfdach und einigen Laubbaum H\u00f6lzern wie z. B. Eiche, Buche, Red-Cedar etc. angewendet werden. F\u00fcr sonstige Holzarten verweisen wir auf die Website www.nedzink.com oder die technischen Richtlinien von NedZink.<\/li>\n<li>Von Zink in Kombination mit den folgenden Leimarten raten wir ab: s\u00e4urehaltige Silikone und Epoxidharze, Urea\/Melanin-Leime, Phenol-Formaldehyd-Leime.<\/li>\n<\/ul>\n<h3><strong>L\u00f6ten<\/strong><\/h3>\n<p>Ein gro\u00dfer Vorteil des NedZink-Materials ist die M\u00f6glichkeit, Weichl\u00f6ten als F\u00fcgetechnik einzusetzen. An Stellen, die eine solide, wasserdichte Verbindung erfordern (beispielsweise bei Dachrinnen), wird mithilfe eines Kupferl\u00f6tkolbens, Blei-Zinn-Lotes und der geeigneten L\u00f6tfl\u00fcssigkeit gel\u00f6tet.<\/p>\n<p>Das L\u00f6ten von NedZink NOVA und NOIR entspricht dem L\u00f6ten neuen walzblanken Zinks, erfordert jedoch zus\u00e4tzliche Aufmerksamkeit. F\u00fcr eine gute L\u00f6tverbindung m\u00fcssen zuerst die zu l\u00f6tenden Oberfl\u00e4chen vollkommen metallblank gemacht werden. Zu diesem Zweck k\u00f6nnen Sie schleifen oder die Patinaschicht mit L\u00f6tfl\u00fcssigkeit einstreichen, einige Sekunden einwirken lassen und anschlie\u00dfend mit einem trockenen Tuch beseitigen. Es gibt verschiedene Handelsmarken mit einer \u201ef\u00fcr Titanzink geeigneten\u201c L\u00f6tfl\u00fcssigkeit, die zu guten L\u00f6tergebnissen f\u00fchren k\u00f6nnen. Weitere Empfehlungen zum L\u00f6ten erhalten Sie auf <a href=\"https:\/\/www.nedzink.com\">www.nedzink.com<\/a>.<\/p>\n<h3><strong>Mechanisches Verarbeiten<\/strong><\/h3>\n<p>Unter einer Materialtemperatur von 7 \u00b0C empfehlen wir, Zink nicht mehr schlagartig zu verformen, um Besch\u00e4digungen des Zinks zu vermeiden (z.\u00a0B. Mikrorisse).<\/p>\n<h3><strong>Transport und Lagerung<\/strong><\/h3>\n<p>Beim Transport ist unbedingt f\u00fcr eine gute Verpackung sorgen, um Besch\u00e4digungen des Zinks zu vermeiden. NedZink-Produkte m\u00fcssen immer trocken und bel\u00fcftet transportiert werden. Die B\u00e4nder und Tafeln m\u00fcssen vor Transportsch\u00e4den gesch\u00fctzt werden (Kratzer, Dellen).<\/p>\n<p>NedZink-Material muss trocken und gut gel\u00fcftet gelagert und vor Besch\u00e4digungen und insbesondere hoher Luftfeuchtigkeit gesch\u00fctzt werden. Von der Lagerung unter freiem Himmel wird abgeraten.<\/p>\n<p>NedZink GmbH<\/p>\n<p><span style=\"font-size: 10px;\"><em>Weitere Informationen \u00fcber NedZink-Produkte entnehmen Sie bitte den technischen Richtlinien von NedZink, die als Download auf dieser <\/em><em>Website\u00a0erh\u00e4ltlich <\/em><em>sind. Diese k\u00f6nnen wir Ihnen auch in Papierform zuschicken.<\/em><\/span><\/p>\n<p><em><span style=\"font-size: 10px;\">Diese Informationen wurden mit der gr\u00f6\u00dften Sorgfalt erstellt. Alle darin enthaltenen Angaben entsprechen unserer heutigen Kenntnis der Sachlage und geben Informationen \u00fcber unsere Produkte und ihre Anwendungsm\u00f6glichkeiten. Aufgrund des Inhalts dieser Vorschriften k\u00f6nnen keine Rechte geltend gemacht werden<\/span>.<\/em><\/p>\n<p><a href=\"https:\/\/www.nedzink.com\/wp-content\/uploads\/import\/cms\/userfiles\/files\/downloads\/de\/2017\/Verarbeitungsrichtlinien-NedZink-DE-def.pdf\"><u>Download Verarbeitungsrichtlinien NedZink NATUREL, NOVA und NOIR<\/u><\/a><\/p>\n[\/vc_column_text][\/vc_column][\/vc_row]\n","protected":false},"excerpt":{"rendered":"<p>[vc_row][vc_column][vc_column_text css=&#8220;.vc_custom_1565698323271{margin-bottom: 0px !important;}&#8220;]Mithilfe dieses Produktblatts m\u00f6chten wir Ihnen zus\u00e4tzliche wichtige Informationen sowie Verarbeitungsrichtlinien f\u00fcr unsere Produkte NedZink NATUREL, -NOVA und \u2013NOIR geben. Materialeigenschaften NedZink NATUREL ist walzblankes Titanzink, das nach EN 988 produziert und durch Lloyd&#8217;s Register zertifiziert wird. NedZink NATUREL hat eine nat\u00fcrliche, blank gewalzte Oberfl\u00e4che. NedZink NOVA und NedZink NOIR sind vorpatinierte [&hellip;]<\/p>\n","protected":false},"author":9,"featured_media":0,"parent":0,"menu_order":530,"comment_status":"closed","ping_status":"closed","template":"template-import.php","meta":{"_acf_changed":false,"footnotes":""},"class_list":["post-30573","page","type-page","status-publish","hentry"],"acf":[],"yoast_head":"<!-- This site is optimized with the Yoast SEO plugin v26.8 - https:\/\/yoast.com\/product\/yoast-seo-wordpress\/ -->\n<title>NedZink NOVA \u2013 NedZink<\/title>\n<meta name=\"robots\" content=\"index, follow, max-snippet:-1, max-image-preview:large, max-video-preview:-1\" \/>\n<link rel=\"canonical\" href=\"https:\/\/www.nedzink.com\/de\/nedzink-nova\/\" \/>\n<meta property=\"og:locale\" content=\"de_DE\" \/>\n<meta property=\"og:type\" content=\"article\" \/>\n<meta property=\"og:title\" content=\"NedZink NOVA \u2013 NedZink\" \/>\n<meta property=\"og:description\" content=\"[vc_row][vc_column][vc_column_text css=&#8220;.vc_custom_1565698323271{margin-bottom: 0px !important;}&#8220;]Mithilfe dieses Produktblatts m\u00f6chten wir Ihnen zus\u00e4tzliche wichtige Informationen sowie Verarbeitungsrichtlinien f\u00fcr unsere Produkte NedZink NATUREL, -NOVA und \u2013NOIR geben. Materialeigenschaften NedZink NATUREL ist walzblankes Titanzink, das nach EN 988 produziert und durch Lloyd&#8217;s Register zertifiziert wird. NedZink NATUREL hat eine nat\u00fcrliche, blank gewalzte Oberfl\u00e4che. NedZink NOVA und NedZink NOIR sind vorpatinierte [&hellip;]\" \/>\n<meta property=\"og:url\" content=\"https:\/\/www.nedzink.com\/de\/nedzink-nova\/\" \/>\n<meta property=\"og:site_name\" content=\"NedZink\" \/>\n<meta property=\"article:modified_time\" content=\"2019-08-13T12:12:09+00:00\" \/>\n<meta name=\"twitter:card\" content=\"summary_large_image\" \/>\n<meta name=\"twitter:label1\" content=\"Gesch\u00e4tzte Lesezeit\" \/>\n\t<meta name=\"twitter:data1\" content=\"6\u00a0Minuten\" \/>\n<script type=\"application\/ld+json\" class=\"yoast-schema-graph\">{\"@context\":\"https:\/\/schema.org\",\"@graph\":[{\"@type\":\"WebPage\",\"@id\":\"https:\/\/www.nedzink.com\/de\/nedzink-nova\/\",\"url\":\"https:\/\/www.nedzink.com\/de\/nedzink-nova\/\",\"name\":\"NedZink NOVA \u2013 NedZink\",\"isPartOf\":{\"@id\":\"https:\/\/www.nedzink.com\/de\/#website\"},\"datePublished\":\"2019-06-04T12:53:40+00:00\",\"dateModified\":\"2019-08-13T12:12:09+00:00\",\"breadcrumb\":{\"@id\":\"https:\/\/www.nedzink.com\/de\/nedzink-nova\/#breadcrumb\"},\"inLanguage\":\"de\",\"potentialAction\":[{\"@type\":\"ReadAction\",\"target\":[\"https:\/\/www.nedzink.com\/de\/nedzink-nova\/\"]}]},{\"@type\":\"BreadcrumbList\",\"@id\":\"https:\/\/www.nedzink.com\/de\/nedzink-nova\/#breadcrumb\",\"itemListElement\":[{\"@type\":\"ListItem\",\"position\":1,\"name\":\"Home\",\"item\":\"https:\/\/www.nedzink.com\/de\/\"},{\"@type\":\"ListItem\",\"position\":2,\"name\":\"NedZink NOVA\"}]},{\"@type\":\"WebSite\",\"@id\":\"https:\/\/www.nedzink.com\/de\/#website\",\"url\":\"https:\/\/www.nedzink.com\/de\/\",\"name\":\"NedZink\",\"description\":\"Zink fabrikant\",\"publisher\":{\"@id\":\"https:\/\/www.nedzink.com\/de\/#organization\"},\"potentialAction\":[{\"@type\":\"SearchAction\",\"target\":{\"@type\":\"EntryPoint\",\"urlTemplate\":\"https:\/\/www.nedzink.com\/de\/?s={search_term_string}\"},\"query-input\":{\"@type\":\"PropertyValueSpecification\",\"valueRequired\":true,\"valueName\":\"search_term_string\"}}],\"inLanguage\":\"de\"},{\"@type\":\"Organization\",\"@id\":\"https:\/\/www.nedzink.com\/de\/#organization\",\"name\":\"NedZink\",\"url\":\"https:\/\/www.nedzink.com\/de\/\",\"logo\":{\"@type\":\"ImageObject\",\"inLanguage\":\"de\",\"@id\":\"https:\/\/www.nedzink.com\/de\/#\/schema\/logo\/image\/\",\"url\":\"https:\/\/www.nedzink.com\/wp-content\/uploads\/2019\/08\/logo-nedzink_fc_zk.jpg\",\"contentUrl\":\"https:\/\/www.nedzink.com\/wp-content\/uploads\/2019\/08\/logo-nedzink_fc_zk.jpg\",\"width\":2160,\"height\":688,\"caption\":\"NedZink\"},\"image\":{\"@id\":\"https:\/\/www.nedzink.com\/de\/#\/schema\/logo\/image\/\"}}]}<\/script>\n<!-- \/ Yoast SEO plugin. -->","yoast_head_json":{"title":"NedZink NOVA \u2013 NedZink","robots":{"index":"index","follow":"follow","max-snippet":"max-snippet:-1","max-image-preview":"max-image-preview:large","max-video-preview":"max-video-preview:-1"},"canonical":"https:\/\/www.nedzink.com\/de\/nedzink-nova\/","og_locale":"de_DE","og_type":"article","og_title":"NedZink NOVA \u2013 NedZink","og_description":"[vc_row][vc_column][vc_column_text css=&#8220;.vc_custom_1565698323271{margin-bottom: 0px !important;}&#8220;]Mithilfe dieses Produktblatts m\u00f6chten wir Ihnen zus\u00e4tzliche wichtige Informationen sowie Verarbeitungsrichtlinien f\u00fcr unsere Produkte NedZink NATUREL, -NOVA und \u2013NOIR geben. Materialeigenschaften NedZink NATUREL ist walzblankes Titanzink, das nach EN 988 produziert und durch Lloyd&#8217;s Register zertifiziert wird. NedZink NATUREL hat eine nat\u00fcrliche, blank gewalzte Oberfl\u00e4che. NedZink NOVA und NedZink NOIR sind vorpatinierte [&hellip;]","og_url":"https:\/\/www.nedzink.com\/de\/nedzink-nova\/","og_site_name":"NedZink","article_modified_time":"2019-08-13T12:12:09+00:00","twitter_card":"summary_large_image","twitter_misc":{"Gesch\u00e4tzte Lesezeit":"6\u00a0Minuten"},"schema":{"@context":"https:\/\/schema.org","@graph":[{"@type":"WebPage","@id":"https:\/\/www.nedzink.com\/de\/nedzink-nova\/","url":"https:\/\/www.nedzink.com\/de\/nedzink-nova\/","name":"NedZink NOVA \u2013 NedZink","isPartOf":{"@id":"https:\/\/www.nedzink.com\/de\/#website"},"datePublished":"2019-06-04T12:53:40+00:00","dateModified":"2019-08-13T12:12:09+00:00","breadcrumb":{"@id":"https:\/\/www.nedzink.com\/de\/nedzink-nova\/#breadcrumb"},"inLanguage":"de","potentialAction":[{"@type":"ReadAction","target":["https:\/\/www.nedzink.com\/de\/nedzink-nova\/"]}]},{"@type":"BreadcrumbList","@id":"https:\/\/www.nedzink.com\/de\/nedzink-nova\/#breadcrumb","itemListElement":[{"@type":"ListItem","position":1,"name":"Home","item":"https:\/\/www.nedzink.com\/de\/"},{"@type":"ListItem","position":2,"name":"NedZink NOVA"}]},{"@type":"WebSite","@id":"https:\/\/www.nedzink.com\/de\/#website","url":"https:\/\/www.nedzink.com\/de\/","name":"NedZink","description":"Zink fabrikant","publisher":{"@id":"https:\/\/www.nedzink.com\/de\/#organization"},"potentialAction":[{"@type":"SearchAction","target":{"@type":"EntryPoint","urlTemplate":"https:\/\/www.nedzink.com\/de\/?s={search_term_string}"},"query-input":{"@type":"PropertyValueSpecification","valueRequired":true,"valueName":"search_term_string"}}],"inLanguage":"de"},{"@type":"Organization","@id":"https:\/\/www.nedzink.com\/de\/#organization","name":"NedZink","url":"https:\/\/www.nedzink.com\/de\/","logo":{"@type":"ImageObject","inLanguage":"de","@id":"https:\/\/www.nedzink.com\/de\/#\/schema\/logo\/image\/","url":"https:\/\/www.nedzink.com\/wp-content\/uploads\/2019\/08\/logo-nedzink_fc_zk.jpg","contentUrl":"https:\/\/www.nedzink.com\/wp-content\/uploads\/2019\/08\/logo-nedzink_fc_zk.jpg","width":2160,"height":688,"caption":"NedZink"},"image":{"@id":"https:\/\/www.nedzink.com\/de\/#\/schema\/logo\/image\/"}}]}},"_links":{"self":[{"href":"https:\/\/www.nedzink.com\/de\/wp-json\/wp\/v2\/pages\/30573","targetHints":{"allow":["GET"]}}],"collection":[{"href":"https:\/\/www.nedzink.com\/de\/wp-json\/wp\/v2\/pages"}],"about":[{"href":"https:\/\/www.nedzink.com\/de\/wp-json\/wp\/v2\/types\/page"}],"author":[{"embeddable":true,"href":"https:\/\/www.nedzink.com\/de\/wp-json\/wp\/v2\/users\/9"}],"replies":[{"embeddable":true,"href":"https:\/\/www.nedzink.com\/de\/wp-json\/wp\/v2\/comments?post=30573"}],"version-history":[{"count":0,"href":"https:\/\/www.nedzink.com\/de\/wp-json\/wp\/v2\/pages\/30573\/revisions"}],"wp:attachment":[{"href":"https:\/\/www.nedzink.com\/de\/wp-json\/wp\/v2\/media?parent=30573"}],"curies":[{"name":"wp","href":"https:\/\/api.w.org\/{rel}","templated":true}]}}