{"id":30544,"date":"2019-06-04T14:53:33","date_gmt":"2019-06-04T12:53:33","guid":{"rendered":"http:\/\/136.144.181.85\/~nedzink\/techn-informationen\/verarbeitungs-und-montagerichtlinien\/verarbeitungsrichtlinien-und-normen\/"},"modified":"2019-08-13T13:51:45","modified_gmt":"2019-08-13T11:51:45","slug":"verarbeitungsrichtlinien-und-normen","status":"publish","type":"page","link":"https:\/\/www.nedzink.com\/de\/verarbeitungsrichtlinien-und-normen\/","title":{"rendered":"Verarbeitungsrichtlinien und Normen"},"content":{"rendered":"<p>Alle Arbeiten mit NedZink Produkten sind nach den anerkannten Regeln der Technik auszuf\u00fchren. Die technische und rechtliche Basis f\u00fcr Arbeiten mit NedZink Produkten bilden die geltenden nationalen und internationalen Normen, Bauordnungen, Fachregeln der Gewerke und die VOB. Erg\u00e4nzend k\u00f6nnen technische Regeln und Verarbeitungshinweise von NedZink f\u00fcr bestimmte Anwendungen bestehen. Diese sind dann auch zu beachten.<\/p>\n<h3>Metalltemperatur<\/h3>\n<p>Beim Verarbeiten des flachen NedZink Materials in maschineller oder manueller Form, ist eine Mindest-Metalltemperatur von 10 \u00baC einzuhalten. Dies gilt besonders f\u00fcr schlagartige Verformungstechniken wie z.B. mit Hammer und Falzeisen. Es ist zu beachten, dass die Metalltemperatur je nach klimatischen Gegebenheiten durchaus von der vorherrschenden Umgebungstemperatur erheblich abweichen kann.<br \/>\nSicherheit hier\u00fcber kann im Zweifelsfall dann nur eine Temperaturmessung direkt am Metall geben. Dies kann z.B. mit heute sehr preiswert zu erwerbenden digitalen Messger\u00e4ten erfolgen.<\/p>\n<p><strong>Anw\u00e4rmen:<\/strong><br \/>\nIst die o.g. Mindesttemperatur deutlich unterschritten, starke Verformungen w\u00e4hrend der Verarbeitung aber nicht zu vermeiden, kann mit geeigneten Ger\u00e4ten (z.B. Hei\u00dfluftgebl\u00e4se) vorgew\u00e4rmt werden. Diese Methode findet aber ihre Grenze der Anwendung, wenn die Metalltemperatur deutlich in den negativen Celsius-Bereich geht (~ -10 \u00baC).<\/p>\n<p>Falls Anw\u00e4rmen erforderlich werden k\u00f6nnte (Bauzeit Wintermonate), ist der Aufwand bei Kalkulation und Angebot zu ber\u00fccksichtigen.<\/p>\n","protected":false},"excerpt":{"rendered":"<p>Alle Arbeiten mit NedZink Produkten sind nach den anerkannten Regeln der Technik auszuf\u00fchren. Die technische und rechtliche Basis f\u00fcr Arbeiten mit NedZink Produkten bilden die geltenden nationalen und internationalen Normen, Bauordnungen, Fachregeln der Gewerke und die VOB. Erg\u00e4nzend k\u00f6nnen technische Regeln und Verarbeitungshinweise von NedZink f\u00fcr bestimmte Anwendungen bestehen. Diese sind dann auch zu beachten. [&hellip;]<\/p>\n","protected":false},"author":9,"featured_media":0,"parent":0,"menu_order":510,"comment_status":"closed","ping_status":"closed","template":"template-import.php","meta":{"_acf_changed":false,"footnotes":""},"class_list":["post-30544","page","type-page","status-publish","hentry"],"acf":[],"yoast_head":"<!-- This site is optimized with the Yoast SEO plugin v26.8 - https:\/\/yoast.com\/product\/yoast-seo-wordpress\/ -->\n<title>Verarbeitungsrichtlinien und Normen \u2013 NedZink<\/title>\n<meta name=\"robots\" content=\"index, follow, max-snippet:-1, max-image-preview:large, max-video-preview:-1\" \/>\n<link rel=\"canonical\" href=\"https:\/\/www.nedzink.com\/de\/verarbeitungsrichtlinien-und-normen\/\" \/>\n<meta property=\"og:locale\" content=\"de_DE\" \/>\n<meta property=\"og:type\" content=\"article\" \/>\n<meta property=\"og:title\" content=\"Verarbeitungsrichtlinien und Normen \u2013 NedZink\" \/>\n<meta property=\"og:description\" content=\"Alle Arbeiten mit NedZink Produkten sind nach den anerkannten Regeln der Technik auszuf\u00fchren. Die technische und rechtliche Basis f\u00fcr Arbeiten mit NedZink Produkten bilden die geltenden nationalen und internationalen Normen, Bauordnungen, Fachregeln der Gewerke und die VOB. Erg\u00e4nzend k\u00f6nnen technische Regeln und Verarbeitungshinweise von NedZink f\u00fcr bestimmte Anwendungen bestehen. Diese sind dann auch zu beachten. [&hellip;]\" \/>\n<meta property=\"og:url\" content=\"https:\/\/www.nedzink.com\/de\/verarbeitungsrichtlinien-und-normen\/\" \/>\n<meta property=\"og:site_name\" content=\"NedZink\" \/>\n<meta property=\"article:modified_time\" content=\"2019-08-13T11:51:45+00:00\" \/>\n<meta name=\"twitter:card\" content=\"summary_large_image\" \/>\n<meta name=\"twitter:label1\" content=\"Gesch\u00e4tzte Lesezeit\" \/>\n\t<meta name=\"twitter:data1\" content=\"1\u00a0Minute\" \/>\n<script type=\"application\/ld+json\" class=\"yoast-schema-graph\">{\"@context\":\"https:\/\/schema.org\",\"@graph\":[{\"@type\":\"WebPage\",\"@id\":\"https:\/\/www.nedzink.com\/de\/verarbeitungsrichtlinien-und-normen\/\",\"url\":\"https:\/\/www.nedzink.com\/de\/verarbeitungsrichtlinien-und-normen\/\",\"name\":\"Verarbeitungsrichtlinien und Normen \u2013 NedZink\",\"isPartOf\":{\"@id\":\"https:\/\/www.nedzink.com\/de\/#website\"},\"datePublished\":\"2019-06-04T12:53:33+00:00\",\"dateModified\":\"2019-08-13T11:51:45+00:00\",\"breadcrumb\":{\"@id\":\"https:\/\/www.nedzink.com\/de\/verarbeitungsrichtlinien-und-normen\/#breadcrumb\"},\"inLanguage\":\"de\",\"potentialAction\":[{\"@type\":\"ReadAction\",\"target\":[\"https:\/\/www.nedzink.com\/de\/verarbeitungsrichtlinien-und-normen\/\"]}]},{\"@type\":\"BreadcrumbList\",\"@id\":\"https:\/\/www.nedzink.com\/de\/verarbeitungsrichtlinien-und-normen\/#breadcrumb\",\"itemListElement\":[{\"@type\":\"ListItem\",\"position\":1,\"name\":\"Home\",\"item\":\"https:\/\/www.nedzink.com\/de\/\"},{\"@type\":\"ListItem\",\"position\":2,\"name\":\"Verarbeitungsrichtlinien und Normen\"}]},{\"@type\":\"WebSite\",\"@id\":\"https:\/\/www.nedzink.com\/de\/#website\",\"url\":\"https:\/\/www.nedzink.com\/de\/\",\"name\":\"NedZink\",\"description\":\"Zink fabrikant\",\"publisher\":{\"@id\":\"https:\/\/www.nedzink.com\/de\/#organization\"},\"potentialAction\":[{\"@type\":\"SearchAction\",\"target\":{\"@type\":\"EntryPoint\",\"urlTemplate\":\"https:\/\/www.nedzink.com\/de\/?s={search_term_string}\"},\"query-input\":{\"@type\":\"PropertyValueSpecification\",\"valueRequired\":true,\"valueName\":\"search_term_string\"}}],\"inLanguage\":\"de\"},{\"@type\":\"Organization\",\"@id\":\"https:\/\/www.nedzink.com\/de\/#organization\",\"name\":\"NedZink\",\"url\":\"https:\/\/www.nedzink.com\/de\/\",\"logo\":{\"@type\":\"ImageObject\",\"inLanguage\":\"de\",\"@id\":\"https:\/\/www.nedzink.com\/de\/#\/schema\/logo\/image\/\",\"url\":\"https:\/\/www.nedzink.com\/wp-content\/uploads\/2019\/08\/logo-nedzink_fc_zk.jpg\",\"contentUrl\":\"https:\/\/www.nedzink.com\/wp-content\/uploads\/2019\/08\/logo-nedzink_fc_zk.jpg\",\"width\":2160,\"height\":688,\"caption\":\"NedZink\"},\"image\":{\"@id\":\"https:\/\/www.nedzink.com\/de\/#\/schema\/logo\/image\/\"}}]}<\/script>\n<!-- \/ Yoast SEO plugin. -->","yoast_head_json":{"title":"Verarbeitungsrichtlinien und Normen \u2013 NedZink","robots":{"index":"index","follow":"follow","max-snippet":"max-snippet:-1","max-image-preview":"max-image-preview:large","max-video-preview":"max-video-preview:-1"},"canonical":"https:\/\/www.nedzink.com\/de\/verarbeitungsrichtlinien-und-normen\/","og_locale":"de_DE","og_type":"article","og_title":"Verarbeitungsrichtlinien und Normen \u2013 NedZink","og_description":"Alle Arbeiten mit NedZink Produkten sind nach den anerkannten Regeln der Technik auszuf\u00fchren. Die technische und rechtliche Basis f\u00fcr Arbeiten mit NedZink Produkten bilden die geltenden nationalen und internationalen Normen, Bauordnungen, Fachregeln der Gewerke und die VOB. Erg\u00e4nzend k\u00f6nnen technische Regeln und Verarbeitungshinweise von NedZink f\u00fcr bestimmte Anwendungen bestehen. Diese sind dann auch zu beachten. [&hellip;]","og_url":"https:\/\/www.nedzink.com\/de\/verarbeitungsrichtlinien-und-normen\/","og_site_name":"NedZink","article_modified_time":"2019-08-13T11:51:45+00:00","twitter_card":"summary_large_image","twitter_misc":{"Gesch\u00e4tzte Lesezeit":"1\u00a0Minute"},"schema":{"@context":"https:\/\/schema.org","@graph":[{"@type":"WebPage","@id":"https:\/\/www.nedzink.com\/de\/verarbeitungsrichtlinien-und-normen\/","url":"https:\/\/www.nedzink.com\/de\/verarbeitungsrichtlinien-und-normen\/","name":"Verarbeitungsrichtlinien und Normen \u2013 NedZink","isPartOf":{"@id":"https:\/\/www.nedzink.com\/de\/#website"},"datePublished":"2019-06-04T12:53:33+00:00","dateModified":"2019-08-13T11:51:45+00:00","breadcrumb":{"@id":"https:\/\/www.nedzink.com\/de\/verarbeitungsrichtlinien-und-normen\/#breadcrumb"},"inLanguage":"de","potentialAction":[{"@type":"ReadAction","target":["https:\/\/www.nedzink.com\/de\/verarbeitungsrichtlinien-und-normen\/"]}]},{"@type":"BreadcrumbList","@id":"https:\/\/www.nedzink.com\/de\/verarbeitungsrichtlinien-und-normen\/#breadcrumb","itemListElement":[{"@type":"ListItem","position":1,"name":"Home","item":"https:\/\/www.nedzink.com\/de\/"},{"@type":"ListItem","position":2,"name":"Verarbeitungsrichtlinien und Normen"}]},{"@type":"WebSite","@id":"https:\/\/www.nedzink.com\/de\/#website","url":"https:\/\/www.nedzink.com\/de\/","name":"NedZink","description":"Zink fabrikant","publisher":{"@id":"https:\/\/www.nedzink.com\/de\/#organization"},"potentialAction":[{"@type":"SearchAction","target":{"@type":"EntryPoint","urlTemplate":"https:\/\/www.nedzink.com\/de\/?s={search_term_string}"},"query-input":{"@type":"PropertyValueSpecification","valueRequired":true,"valueName":"search_term_string"}}],"inLanguage":"de"},{"@type":"Organization","@id":"https:\/\/www.nedzink.com\/de\/#organization","name":"NedZink","url":"https:\/\/www.nedzink.com\/de\/","logo":{"@type":"ImageObject","inLanguage":"de","@id":"https:\/\/www.nedzink.com\/de\/#\/schema\/logo\/image\/","url":"https:\/\/www.nedzink.com\/wp-content\/uploads\/2019\/08\/logo-nedzink_fc_zk.jpg","contentUrl":"https:\/\/www.nedzink.com\/wp-content\/uploads\/2019\/08\/logo-nedzink_fc_zk.jpg","width":2160,"height":688,"caption":"NedZink"},"image":{"@id":"https:\/\/www.nedzink.com\/de\/#\/schema\/logo\/image\/"}}]}},"_links":{"self":[{"href":"https:\/\/www.nedzink.com\/de\/wp-json\/wp\/v2\/pages\/30544","targetHints":{"allow":["GET"]}}],"collection":[{"href":"https:\/\/www.nedzink.com\/de\/wp-json\/wp\/v2\/pages"}],"about":[{"href":"https:\/\/www.nedzink.com\/de\/wp-json\/wp\/v2\/types\/page"}],"author":[{"embeddable":true,"href":"https:\/\/www.nedzink.com\/de\/wp-json\/wp\/v2\/users\/9"}],"replies":[{"embeddable":true,"href":"https:\/\/www.nedzink.com\/de\/wp-json\/wp\/v2\/comments?post=30544"}],"version-history":[{"count":0,"href":"https:\/\/www.nedzink.com\/de\/wp-json\/wp\/v2\/pages\/30544\/revisions"}],"wp:attachment":[{"href":"https:\/\/www.nedzink.com\/de\/wp-json\/wp\/v2\/media?parent=30544"}],"curies":[{"name":"wp","href":"https:\/\/api.w.org\/{rel}","templated":true}]}}