{"id":30524,"date":"2019-06-04T14:53:28","date_gmt":"2019-06-04T12:53:28","guid":{"rendered":"http:\/\/136.144.181.85\/~nedzink\/techn-informationen\/"},"modified":"2021-04-29T14:44:20","modified_gmt":"2021-04-29T12:44:20","slug":"techn-informationen","status":"publish","type":"page","link":"https:\/\/www.nedzink.com\/de\/techn-informationen\/","title":{"rendered":"Techn. Informationen"},"content":{"rendered":"<p><img decoding=\"async\" style=\"width: 200px; height: 162px; margin-right: 5px; margin-left: 5px; float: right;\" src=\"https:\/\/www.nedzink.com\/wp-content\/uploads\/import\/cms\/userfiles\/images\/divers\/support_crop.jpg\" alt=\"\" \/>Das Kapitel &#8222;Technische Informationen&#8220; bietet eine umfassende Zusammenstellung praxisnaher Informationen. Angefangen bei der Planung \u00fcber die Ausschreibung bis hin zur fachgerechten Anwendung von NedZink Produkten, finden Architekten, H\u00e4ndler, Verarbeiter und Bauherren hier die wichtigsten Antworten auf ihre Fragen.<\/p>\n<p>Zum Download stehen unter den verschiedenen Anwendungsbereichen entsprechende CAD-Datails, Qualit\u00e4tszertifikate und Verarbeitungshinweise bereit. Selbstverst\u00e4ndlich arbeiten wir Ihnen auch objektbezogene L\u00f6sungen aus oder beraten Sie Vorort.<\/p>\n<p>F\u00fcr ein pers\u00f6nliches Gespr\u00e4ch nehmen Sie einfach Kontakt mit unserer Anwendungstechnik auf.<\/p>\n<p>&nbsp;<\/p>\n<h3>Weiterleitung zum Ausschreibungskatalog von NedZink auf Ausschreiben.de<\/h3>\n<p>AUSSCHREIBEN.DE ist ein Service der ORCA Software GmbH. Das Unternehmen entwickelt und vertreibt seit 25 Jahren L\u00f6sungen zur Ausschreibung, Vergabe und Abrechnung von Bauleistungen.<br \/>\nAUSSCHREIBEN.DE ist eine zeitgem\u00e4\u00dfe Anwendung zur schnellen, korrekten Erstellung von Leistungsverzeichnissen.<\/p>\n<p><a class=\"btn btn-primary\" href=\"https:\/\/www.ausschreiben.de\/katalog\/nedzink\/custom\" target=\"_blank\" rel=\"noopener noreferrer\">Katalog in ausschreiben.de \u00f6ffnen<\/a><\/p>\n","protected":false},"excerpt":{"rendered":"<p>Das Kapitel &#8222;Technische Informationen&#8220; bietet eine umfassende Zusammenstellung praxisnaher Informationen. Angefangen bei der Planung \u00fcber die Ausschreibung bis hin zur fachgerechten Anwendung von NedZink Produkten, finden Architekten, H\u00e4ndler, Verarbeiter und Bauherren hier die wichtigsten Antworten auf ihre Fragen. Zum Download stehen unter den verschiedenen Anwendungsbereichen entsprechende CAD-Datails, Qualit\u00e4tszertifikate und Verarbeitungshinweise bereit. Selbstverst\u00e4ndlich arbeiten wir Ihnen [&hellip;]<\/p>\n","protected":false},"author":9,"featured_media":0,"parent":0,"menu_order":50,"comment_status":"closed","ping_status":"closed","template":"template-import.php","meta":{"_acf_changed":false,"footnotes":""},"class_list":["post-30524","page","type-page","status-publish","hentry"],"acf":[],"yoast_head":"<!-- This site is optimized with the Yoast SEO plugin v26.8 - https:\/\/yoast.com\/product\/yoast-seo-wordpress\/ -->\n<title>Techn. Informationen &#8211; NedZink<\/title>\n<meta name=\"robots\" content=\"index, follow, max-snippet:-1, max-image-preview:large, max-video-preview:-1\" \/>\n<link rel=\"canonical\" href=\"https:\/\/www.nedzink.com\/de\/techn-informationen\/\" \/>\n<meta property=\"og:locale\" content=\"de_DE\" \/>\n<meta property=\"og:type\" content=\"article\" \/>\n<meta property=\"og:title\" content=\"Techn. Informationen &#8211; NedZink\" \/>\n<meta property=\"og:description\" content=\"Das Kapitel &#8222;Technische Informationen&#8220; bietet eine umfassende Zusammenstellung praxisnaher Informationen. Angefangen bei der Planung \u00fcber die Ausschreibung bis hin zur fachgerechten Anwendung von NedZink Produkten, finden Architekten, H\u00e4ndler, Verarbeiter und Bauherren hier die wichtigsten Antworten auf ihre Fragen. Zum Download stehen unter den verschiedenen Anwendungsbereichen entsprechende CAD-Datails, Qualit\u00e4tszertifikate und Verarbeitungshinweise bereit. Selbstverst\u00e4ndlich arbeiten wir Ihnen [&hellip;]\" \/>\n<meta property=\"og:url\" content=\"https:\/\/www.nedzink.com\/de\/techn-informationen\/\" \/>\n<meta property=\"og:site_name\" content=\"NedZink\" \/>\n<meta property=\"article:modified_time\" content=\"2021-04-29T12:44:20+00:00\" \/>\n<meta property=\"og:image\" content=\"https:\/\/www.nedzink.com\/wp-content\/uploads\/import\/cms\/userfiles\/images\/divers\/support_crop.jpg\" \/>\n<meta name=\"twitter:card\" content=\"summary_large_image\" \/>\n<meta name=\"twitter:label1\" content=\"Gesch\u00e4tzte Lesezeit\" \/>\n\t<meta name=\"twitter:data1\" content=\"1\u00a0Minute\" \/>\n<script type=\"application\/ld+json\" class=\"yoast-schema-graph\">{\"@context\":\"https:\/\/schema.org\",\"@graph\":[{\"@type\":\"WebPage\",\"@id\":\"https:\/\/www.nedzink.com\/de\/techn-informationen\/\",\"url\":\"https:\/\/www.nedzink.com\/de\/techn-informationen\/\",\"name\":\"Techn. Informationen &#8211; NedZink\",\"isPartOf\":{\"@id\":\"https:\/\/www.nedzink.com\/de\/#website\"},\"primaryImageOfPage\":{\"@id\":\"https:\/\/www.nedzink.com\/de\/techn-informationen\/#primaryimage\"},\"image\":{\"@id\":\"https:\/\/www.nedzink.com\/de\/techn-informationen\/#primaryimage\"},\"thumbnailUrl\":\"https:\/\/www.nedzink.com\/wp-content\/uploads\/import\/cms\/userfiles\/images\/divers\/support_crop.jpg\",\"datePublished\":\"2019-06-04T12:53:28+00:00\",\"dateModified\":\"2021-04-29T12:44:20+00:00\",\"breadcrumb\":{\"@id\":\"https:\/\/www.nedzink.com\/de\/techn-informationen\/#breadcrumb\"},\"inLanguage\":\"de\",\"potentialAction\":[{\"@type\":\"ReadAction\",\"target\":[\"https:\/\/www.nedzink.com\/de\/techn-informationen\/\"]}]},{\"@type\":\"ImageObject\",\"inLanguage\":\"de\",\"@id\":\"https:\/\/www.nedzink.com\/de\/techn-informationen\/#primaryimage\",\"url\":\"https:\/\/www.nedzink.com\/wp-content\/uploads\/import\/cms\/userfiles\/images\/divers\/support_crop.jpg\",\"contentUrl\":\"https:\/\/www.nedzink.com\/wp-content\/uploads\/import\/cms\/userfiles\/images\/divers\/support_crop.jpg\"},{\"@type\":\"BreadcrumbList\",\"@id\":\"https:\/\/www.nedzink.com\/de\/techn-informationen\/#breadcrumb\",\"itemListElement\":[{\"@type\":\"ListItem\",\"position\":1,\"name\":\"Home\",\"item\":\"https:\/\/www.nedzink.com\/de\/\"},{\"@type\":\"ListItem\",\"position\":2,\"name\":\"Techn. Informationen\"}]},{\"@type\":\"WebSite\",\"@id\":\"https:\/\/www.nedzink.com\/de\/#website\",\"url\":\"https:\/\/www.nedzink.com\/de\/\",\"name\":\"NedZink\",\"description\":\"Zink fabrikant\",\"publisher\":{\"@id\":\"https:\/\/www.nedzink.com\/de\/#organization\"},\"potentialAction\":[{\"@type\":\"SearchAction\",\"target\":{\"@type\":\"EntryPoint\",\"urlTemplate\":\"https:\/\/www.nedzink.com\/de\/?s={search_term_string}\"},\"query-input\":{\"@type\":\"PropertyValueSpecification\",\"valueRequired\":true,\"valueName\":\"search_term_string\"}}],\"inLanguage\":\"de\"},{\"@type\":\"Organization\",\"@id\":\"https:\/\/www.nedzink.com\/de\/#organization\",\"name\":\"NedZink\",\"url\":\"https:\/\/www.nedzink.com\/de\/\",\"logo\":{\"@type\":\"ImageObject\",\"inLanguage\":\"de\",\"@id\":\"https:\/\/www.nedzink.com\/de\/#\/schema\/logo\/image\/\",\"url\":\"https:\/\/www.nedzink.com\/wp-content\/uploads\/2019\/08\/logo-nedzink_fc_zk.jpg\",\"contentUrl\":\"https:\/\/www.nedzink.com\/wp-content\/uploads\/2019\/08\/logo-nedzink_fc_zk.jpg\",\"width\":2160,\"height\":688,\"caption\":\"NedZink\"},\"image\":{\"@id\":\"https:\/\/www.nedzink.com\/de\/#\/schema\/logo\/image\/\"}}]}<\/script>\n<!-- \/ Yoast SEO plugin. -->","yoast_head_json":{"title":"Techn. Informationen &#8211; NedZink","robots":{"index":"index","follow":"follow","max-snippet":"max-snippet:-1","max-image-preview":"max-image-preview:large","max-video-preview":"max-video-preview:-1"},"canonical":"https:\/\/www.nedzink.com\/de\/techn-informationen\/","og_locale":"de_DE","og_type":"article","og_title":"Techn. Informationen &#8211; NedZink","og_description":"Das Kapitel &#8222;Technische Informationen&#8220; bietet eine umfassende Zusammenstellung praxisnaher Informationen. Angefangen bei der Planung \u00fcber die Ausschreibung bis hin zur fachgerechten Anwendung von NedZink Produkten, finden Architekten, H\u00e4ndler, Verarbeiter und Bauherren hier die wichtigsten Antworten auf ihre Fragen. Zum Download stehen unter den verschiedenen Anwendungsbereichen entsprechende CAD-Datails, Qualit\u00e4tszertifikate und Verarbeitungshinweise bereit. Selbstverst\u00e4ndlich arbeiten wir Ihnen [&hellip;]","og_url":"https:\/\/www.nedzink.com\/de\/techn-informationen\/","og_site_name":"NedZink","article_modified_time":"2021-04-29T12:44:20+00:00","og_image":[{"url":"https:\/\/www.nedzink.com\/wp-content\/uploads\/import\/cms\/userfiles\/images\/divers\/support_crop.jpg","type":"","width":"","height":""}],"twitter_card":"summary_large_image","twitter_misc":{"Gesch\u00e4tzte Lesezeit":"1\u00a0Minute"},"schema":{"@context":"https:\/\/schema.org","@graph":[{"@type":"WebPage","@id":"https:\/\/www.nedzink.com\/de\/techn-informationen\/","url":"https:\/\/www.nedzink.com\/de\/techn-informationen\/","name":"Techn. Informationen &#8211; NedZink","isPartOf":{"@id":"https:\/\/www.nedzink.com\/de\/#website"},"primaryImageOfPage":{"@id":"https:\/\/www.nedzink.com\/de\/techn-informationen\/#primaryimage"},"image":{"@id":"https:\/\/www.nedzink.com\/de\/techn-informationen\/#primaryimage"},"thumbnailUrl":"https:\/\/www.nedzink.com\/wp-content\/uploads\/import\/cms\/userfiles\/images\/divers\/support_crop.jpg","datePublished":"2019-06-04T12:53:28+00:00","dateModified":"2021-04-29T12:44:20+00:00","breadcrumb":{"@id":"https:\/\/www.nedzink.com\/de\/techn-informationen\/#breadcrumb"},"inLanguage":"de","potentialAction":[{"@type":"ReadAction","target":["https:\/\/www.nedzink.com\/de\/techn-informationen\/"]}]},{"@type":"ImageObject","inLanguage":"de","@id":"https:\/\/www.nedzink.com\/de\/techn-informationen\/#primaryimage","url":"https:\/\/www.nedzink.com\/wp-content\/uploads\/import\/cms\/userfiles\/images\/divers\/support_crop.jpg","contentUrl":"https:\/\/www.nedzink.com\/wp-content\/uploads\/import\/cms\/userfiles\/images\/divers\/support_crop.jpg"},{"@type":"BreadcrumbList","@id":"https:\/\/www.nedzink.com\/de\/techn-informationen\/#breadcrumb","itemListElement":[{"@type":"ListItem","position":1,"name":"Home","item":"https:\/\/www.nedzink.com\/de\/"},{"@type":"ListItem","position":2,"name":"Techn. Informationen"}]},{"@type":"WebSite","@id":"https:\/\/www.nedzink.com\/de\/#website","url":"https:\/\/www.nedzink.com\/de\/","name":"NedZink","description":"Zink fabrikant","publisher":{"@id":"https:\/\/www.nedzink.com\/de\/#organization"},"potentialAction":[{"@type":"SearchAction","target":{"@type":"EntryPoint","urlTemplate":"https:\/\/www.nedzink.com\/de\/?s={search_term_string}"},"query-input":{"@type":"PropertyValueSpecification","valueRequired":true,"valueName":"search_term_string"}}],"inLanguage":"de"},{"@type":"Organization","@id":"https:\/\/www.nedzink.com\/de\/#organization","name":"NedZink","url":"https:\/\/www.nedzink.com\/de\/","logo":{"@type":"ImageObject","inLanguage":"de","@id":"https:\/\/www.nedzink.com\/de\/#\/schema\/logo\/image\/","url":"https:\/\/www.nedzink.com\/wp-content\/uploads\/2019\/08\/logo-nedzink_fc_zk.jpg","contentUrl":"https:\/\/www.nedzink.com\/wp-content\/uploads\/2019\/08\/logo-nedzink_fc_zk.jpg","width":2160,"height":688,"caption":"NedZink"},"image":{"@id":"https:\/\/www.nedzink.com\/de\/#\/schema\/logo\/image\/"}}]}},"_links":{"self":[{"href":"https:\/\/www.nedzink.com\/de\/wp-json\/wp\/v2\/pages\/30524","targetHints":{"allow":["GET"]}}],"collection":[{"href":"https:\/\/www.nedzink.com\/de\/wp-json\/wp\/v2\/pages"}],"about":[{"href":"https:\/\/www.nedzink.com\/de\/wp-json\/wp\/v2\/types\/page"}],"author":[{"embeddable":true,"href":"https:\/\/www.nedzink.com\/de\/wp-json\/wp\/v2\/users\/9"}],"replies":[{"embeddable":true,"href":"https:\/\/www.nedzink.com\/de\/wp-json\/wp\/v2\/comments?post=30524"}],"version-history":[{"count":0,"href":"https:\/\/www.nedzink.com\/de\/wp-json\/wp\/v2\/pages\/30524\/revisions"}],"wp:attachment":[{"href":"https:\/\/www.nedzink.com\/de\/wp-json\/wp\/v2\/media?parent=30524"}],"curies":[{"name":"wp","href":"https:\/\/api.w.org\/{rel}","templated":true}]}}