{"id":27924,"date":"2019-05-07T15:56:55","date_gmt":"2019-05-07T13:56:55","guid":{"rendered":"http:\/\/136.144.181.85\/~nedzink\/transport-und-lagerung\/"},"modified":"2023-05-23T10:38:05","modified_gmt":"2023-05-23T08:38:05","slug":"transport-und-lagerung","status":"publish","type":"page","link":"https:\/\/www.nedzink.com\/de\/transport-und-lagerung\/","title":{"rendered":"Transport und Lagerung"},"content":{"rendered":"[vc_row][vc_column width=&#8220;2\/3&#8243;][vc_column_text css=&#8220;.vc_custom_1684831004225{margin-bottom: 0px !important;}&#8220;]\n<h2><b>Transport<\/b><\/h2>\n<ul>\n<li>NedZink Produkte sind nur mit geeigneten Mitteln zu transportieren.<\/li>\n<li>Jeder Transport ist trocken und bel\u00fcftet auszuf\u00fchren.<\/li>\n<li>Die Be- und Entladung von Fahrzeugen erfolgt trocken bzw. unter Dach.<\/li>\n<li>Das Transportieren auf feuchten Paletten ist zu vermeiden.<\/li>\n<li>Auf ausreichenden Oberfl\u00e4chenschutz gegen Besch\u00e4digungen ist zu achten.<\/li>\n<li>Beim Stapeln ist auf stabilen Stand und gen\u00fcgende Zwischenr\u00e4ume zu achten, so dass Besch\u00e4digungen vermieden werden.<\/li>\n<\/ul>\n<h2>Lagerung<\/h2>\n<ul>\n<li>NedZink Produkte sind trocken und bel\u00fcftet zu lagern.<\/li>\n<li>Gegen aufsteigende Feuchtigkeit ist zu sichern.<\/li>\n<li>Vorratsmaterial ist gegen Feuchtigkeit abzudecken.<\/li>\n<li>Offene Lagerung im Au\u00dfenbereich ist zu vermeiden.<\/li>\n<li>Die direkte Abdeckung von Coils oder Profilen ohne bel\u00fcfteten Zwischenraum ist zu vermeiden.<\/li>\n<li>Die Tauwasserbildung durch Taupunktunterschreitung im Lagerraum ist zu vermeiden.<\/li>\n<\/ul>\n<p>Es ist zu ber\u00fccksichtigen, dass bei nicht trockenem Transport und Lagerung von NedZink NOVA, -NEO und -NOIR die Gefahr des Feuchtetransportes zwischen Schutzfolie und Metall und daraus resultierender Korrosion besteht. Schutzfolie ist unmittelbar nach der Montage zu entfernen. Die Metalltemperatur muss hierbei mindestens 7\u00b0 C betragen. Unter 7\u00b0 C Metalltemperatur darf die Folie nicht entfernt werden.[\/vc_column_text][\/vc_column][vc_column width=&#8220;1\/3&#8243;][vc_column_text css=&#8220;.vc_custom_1592925164887{margin-bottom: 0px !important;}&#8220;]\n<h2><img decoding=\"async\" style=\"width: 277px; float: left; height: 266px; margin-right: 10px; border: 0px solid;\" src=\"https:\/\/www.nedzink.com\/wp-content\/uploads\/import\/cms\/userfiles\/images\/laden_vrachtwagen_.jpg\" alt=\"\" \/><\/h2>\n[\/vc_column_text][\/vc_column][\/vc_row]\n","protected":false},"excerpt":{"rendered":"<p>[vc_row][vc_column width=&#8220;2\/3&#8243;][vc_column_text css=&#8220;.vc_custom_1684831004225{margin-bottom: 0px !important;}&#8220;] Transport NedZink Produkte sind nur mit geeigneten Mitteln zu transportieren. Jeder Transport ist trocken und bel\u00fcftet auszuf\u00fchren. Die Be- und Entladung von Fahrzeugen erfolgt trocken bzw. unter Dach. Das Transportieren auf feuchten Paletten ist zu vermeiden. Auf ausreichenden Oberfl\u00e4chenschutz gegen Besch\u00e4digungen ist zu achten. Beim Stapeln ist auf stabilen Stand [&hellip;]<\/p>\n","protected":false},"author":9,"featured_media":0,"parent":0,"menu_order":1180,"comment_status":"closed","ping_status":"closed","template":"template-import.php","meta":{"_acf_changed":false,"footnotes":""},"class_list":["post-27924","page","type-page","status-publish","hentry"],"acf":[],"yoast_head":"<!-- This site is optimized with the Yoast SEO plugin v26.8 - https:\/\/yoast.com\/product\/yoast-seo-wordpress\/ -->\n<title>Transport und Lagerung \u2013 NedZink<\/title>\n<meta name=\"description\" content=\"Het transport en de opslag van zink moet altijd droog en belucht plaatsvinden. Afdekking en verpakking die condens veroorzaken moet u vermijden. Lees meer!\" \/>\n<meta name=\"robots\" content=\"index, follow, max-snippet:-1, max-image-preview:large, max-video-preview:-1\" \/>\n<link rel=\"canonical\" href=\"https:\/\/www.nedzink.com\/de\/transport-und-lagerung\/\" \/>\n<meta property=\"og:locale\" content=\"de_DE\" \/>\n<meta property=\"og:type\" content=\"article\" \/>\n<meta property=\"og:title\" content=\"Transport und Lagerung \u2013 NedZink\" \/>\n<meta property=\"og:description\" content=\"Het transport en de opslag van zink moet altijd droog en belucht plaatsvinden. Afdekking en verpakking die condens veroorzaken moet u vermijden. Lees meer!\" \/>\n<meta property=\"og:url\" content=\"https:\/\/www.nedzink.com\/de\/transport-und-lagerung\/\" \/>\n<meta property=\"og:site_name\" content=\"NedZink\" \/>\n<meta property=\"article:modified_time\" content=\"2023-05-23T08:38:05+00:00\" \/>\n<meta property=\"og:image\" content=\"https:\/\/www.nedzink.com\/wp-content\/uploads\/import\/cms\/userfiles\/images\/laden_vrachtwagen_.jpg\" \/>\n<meta name=\"twitter:card\" content=\"summary_large_image\" \/>\n<meta name=\"twitter:label1\" content=\"Gesch\u00e4tzte Lesezeit\" \/>\n\t<meta name=\"twitter:data1\" content=\"2\u00a0Minuten\" \/>\n<script type=\"application\/ld+json\" class=\"yoast-schema-graph\">{\"@context\":\"https:\/\/schema.org\",\"@graph\":[{\"@type\":\"WebPage\",\"@id\":\"https:\/\/www.nedzink.com\/de\/transport-und-lagerung\/\",\"url\":\"https:\/\/www.nedzink.com\/de\/transport-und-lagerung\/\",\"name\":\"Transport und Lagerung \u2013 NedZink\",\"isPartOf\":{\"@id\":\"https:\/\/www.nedzink.com\/de\/#website\"},\"primaryImageOfPage\":{\"@id\":\"https:\/\/www.nedzink.com\/de\/transport-und-lagerung\/#primaryimage\"},\"image\":{\"@id\":\"https:\/\/www.nedzink.com\/de\/transport-und-lagerung\/#primaryimage\"},\"thumbnailUrl\":\"https:\/\/www.nedzink.com\/wp-content\/uploads\/import\/cms\/userfiles\/images\/laden_vrachtwagen_.jpg\",\"datePublished\":\"2019-05-07T13:56:55+00:00\",\"dateModified\":\"2023-05-23T08:38:05+00:00\",\"description\":\"Het transport en de opslag van zink moet altijd droog en belucht plaatsvinden. Afdekking en verpakking die condens veroorzaken moet u vermijden. Lees meer!\",\"breadcrumb\":{\"@id\":\"https:\/\/www.nedzink.com\/de\/transport-und-lagerung\/#breadcrumb\"},\"inLanguage\":\"de\",\"potentialAction\":[{\"@type\":\"ReadAction\",\"target\":[\"https:\/\/www.nedzink.com\/de\/transport-und-lagerung\/\"]}]},{\"@type\":\"ImageObject\",\"inLanguage\":\"de\",\"@id\":\"https:\/\/www.nedzink.com\/de\/transport-und-lagerung\/#primaryimage\",\"url\":\"https:\/\/www.nedzink.com\/wp-content\/uploads\/import\/cms\/userfiles\/images\/laden_vrachtwagen_.jpg\",\"contentUrl\":\"https:\/\/www.nedzink.com\/wp-content\/uploads\/import\/cms\/userfiles\/images\/laden_vrachtwagen_.jpg\"},{\"@type\":\"BreadcrumbList\",\"@id\":\"https:\/\/www.nedzink.com\/de\/transport-und-lagerung\/#breadcrumb\",\"itemListElement\":[{\"@type\":\"ListItem\",\"position\":1,\"name\":\"Home\",\"item\":\"https:\/\/www.nedzink.com\/de\/\"},{\"@type\":\"ListItem\",\"position\":2,\"name\":\"Transport und Lagerung\"}]},{\"@type\":\"WebSite\",\"@id\":\"https:\/\/www.nedzink.com\/de\/#website\",\"url\":\"https:\/\/www.nedzink.com\/de\/\",\"name\":\"NedZink\",\"description\":\"Zink fabrikant\",\"publisher\":{\"@id\":\"https:\/\/www.nedzink.com\/de\/#organization\"},\"potentialAction\":[{\"@type\":\"SearchAction\",\"target\":{\"@type\":\"EntryPoint\",\"urlTemplate\":\"https:\/\/www.nedzink.com\/de\/?s={search_term_string}\"},\"query-input\":{\"@type\":\"PropertyValueSpecification\",\"valueRequired\":true,\"valueName\":\"search_term_string\"}}],\"inLanguage\":\"de\"},{\"@type\":\"Organization\",\"@id\":\"https:\/\/www.nedzink.com\/de\/#organization\",\"name\":\"NedZink\",\"url\":\"https:\/\/www.nedzink.com\/de\/\",\"logo\":{\"@type\":\"ImageObject\",\"inLanguage\":\"de\",\"@id\":\"https:\/\/www.nedzink.com\/de\/#\/schema\/logo\/image\/\",\"url\":\"https:\/\/www.nedzink.com\/wp-content\/uploads\/2019\/08\/logo-nedzink_fc_zk.jpg\",\"contentUrl\":\"https:\/\/www.nedzink.com\/wp-content\/uploads\/2019\/08\/logo-nedzink_fc_zk.jpg\",\"width\":2160,\"height\":688,\"caption\":\"NedZink\"},\"image\":{\"@id\":\"https:\/\/www.nedzink.com\/de\/#\/schema\/logo\/image\/\"}}]}<\/script>\n<!-- \/ Yoast SEO plugin. -->","yoast_head_json":{"title":"Transport und Lagerung \u2013 NedZink","description":"Het transport en de opslag van zink moet altijd droog en belucht plaatsvinden. Afdekking en verpakking die condens veroorzaken moet u vermijden. Lees meer!","robots":{"index":"index","follow":"follow","max-snippet":"max-snippet:-1","max-image-preview":"max-image-preview:large","max-video-preview":"max-video-preview:-1"},"canonical":"https:\/\/www.nedzink.com\/de\/transport-und-lagerung\/","og_locale":"de_DE","og_type":"article","og_title":"Transport und Lagerung \u2013 NedZink","og_description":"Het transport en de opslag van zink moet altijd droog en belucht plaatsvinden. Afdekking en verpakking die condens veroorzaken moet u vermijden. Lees meer!","og_url":"https:\/\/www.nedzink.com\/de\/transport-und-lagerung\/","og_site_name":"NedZink","article_modified_time":"2023-05-23T08:38:05+00:00","og_image":[{"url":"https:\/\/www.nedzink.com\/wp-content\/uploads\/import\/cms\/userfiles\/images\/laden_vrachtwagen_.jpg","type":"","width":"","height":""}],"twitter_card":"summary_large_image","twitter_misc":{"Gesch\u00e4tzte Lesezeit":"2\u00a0Minuten"},"schema":{"@context":"https:\/\/schema.org","@graph":[{"@type":"WebPage","@id":"https:\/\/www.nedzink.com\/de\/transport-und-lagerung\/","url":"https:\/\/www.nedzink.com\/de\/transport-und-lagerung\/","name":"Transport und Lagerung \u2013 NedZink","isPartOf":{"@id":"https:\/\/www.nedzink.com\/de\/#website"},"primaryImageOfPage":{"@id":"https:\/\/www.nedzink.com\/de\/transport-und-lagerung\/#primaryimage"},"image":{"@id":"https:\/\/www.nedzink.com\/de\/transport-und-lagerung\/#primaryimage"},"thumbnailUrl":"https:\/\/www.nedzink.com\/wp-content\/uploads\/import\/cms\/userfiles\/images\/laden_vrachtwagen_.jpg","datePublished":"2019-05-07T13:56:55+00:00","dateModified":"2023-05-23T08:38:05+00:00","description":"Het transport en de opslag van zink moet altijd droog en belucht plaatsvinden. Afdekking en verpakking die condens veroorzaken moet u vermijden. Lees meer!","breadcrumb":{"@id":"https:\/\/www.nedzink.com\/de\/transport-und-lagerung\/#breadcrumb"},"inLanguage":"de","potentialAction":[{"@type":"ReadAction","target":["https:\/\/www.nedzink.com\/de\/transport-und-lagerung\/"]}]},{"@type":"ImageObject","inLanguage":"de","@id":"https:\/\/www.nedzink.com\/de\/transport-und-lagerung\/#primaryimage","url":"https:\/\/www.nedzink.com\/wp-content\/uploads\/import\/cms\/userfiles\/images\/laden_vrachtwagen_.jpg","contentUrl":"https:\/\/www.nedzink.com\/wp-content\/uploads\/import\/cms\/userfiles\/images\/laden_vrachtwagen_.jpg"},{"@type":"BreadcrumbList","@id":"https:\/\/www.nedzink.com\/de\/transport-und-lagerung\/#breadcrumb","itemListElement":[{"@type":"ListItem","position":1,"name":"Home","item":"https:\/\/www.nedzink.com\/de\/"},{"@type":"ListItem","position":2,"name":"Transport und Lagerung"}]},{"@type":"WebSite","@id":"https:\/\/www.nedzink.com\/de\/#website","url":"https:\/\/www.nedzink.com\/de\/","name":"NedZink","description":"Zink fabrikant","publisher":{"@id":"https:\/\/www.nedzink.com\/de\/#organization"},"potentialAction":[{"@type":"SearchAction","target":{"@type":"EntryPoint","urlTemplate":"https:\/\/www.nedzink.com\/de\/?s={search_term_string}"},"query-input":{"@type":"PropertyValueSpecification","valueRequired":true,"valueName":"search_term_string"}}],"inLanguage":"de"},{"@type":"Organization","@id":"https:\/\/www.nedzink.com\/de\/#organization","name":"NedZink","url":"https:\/\/www.nedzink.com\/de\/","logo":{"@type":"ImageObject","inLanguage":"de","@id":"https:\/\/www.nedzink.com\/de\/#\/schema\/logo\/image\/","url":"https:\/\/www.nedzink.com\/wp-content\/uploads\/2019\/08\/logo-nedzink_fc_zk.jpg","contentUrl":"https:\/\/www.nedzink.com\/wp-content\/uploads\/2019\/08\/logo-nedzink_fc_zk.jpg","width":2160,"height":688,"caption":"NedZink"},"image":{"@id":"https:\/\/www.nedzink.com\/de\/#\/schema\/logo\/image\/"}}]}},"_links":{"self":[{"href":"https:\/\/www.nedzink.com\/de\/wp-json\/wp\/v2\/pages\/27924","targetHints":{"allow":["GET"]}}],"collection":[{"href":"https:\/\/www.nedzink.com\/de\/wp-json\/wp\/v2\/pages"}],"about":[{"href":"https:\/\/www.nedzink.com\/de\/wp-json\/wp\/v2\/types\/page"}],"author":[{"embeddable":true,"href":"https:\/\/www.nedzink.com\/de\/wp-json\/wp\/v2\/users\/9"}],"replies":[{"embeddable":true,"href":"https:\/\/www.nedzink.com\/de\/wp-json\/wp\/v2\/comments?post=27924"}],"version-history":[{"count":1,"href":"https:\/\/www.nedzink.com\/de\/wp-json\/wp\/v2\/pages\/27924\/revisions"}],"predecessor-version":[{"id":126622,"href":"https:\/\/www.nedzink.com\/de\/wp-json\/wp\/v2\/pages\/27924\/revisions\/126622"}],"wp:attachment":[{"href":"https:\/\/www.nedzink.com\/de\/wp-json\/wp\/v2\/media?parent=27924"}],"curies":[{"name":"wp","href":"https:\/\/api.w.org\/{rel}","templated":true}]}}