{"id":27914,"date":"2019-05-07T15:56:51","date_gmt":"2019-05-07T13:56:51","guid":{"rendered":"http:\/\/136.144.181.85\/~nedzink\/garantie-3\/"},"modified":"2020-07-20T09:47:24","modified_gmt":"2020-07-20T07:47:24","slug":"garantie-3","status":"publish","type":"page","link":"https:\/\/www.nedzink.com\/de\/garantie-3\/","title":{"rendered":"Garantie"},"content":{"rendered":"<h2>VERARBEITUNGS- UND MONTAGEVORSCHRIFTEN<\/h2>\n<p>Die Verarbeitung hat nach den Fachregeln des ZVSHK bzw. ZVDH und den technischen Vorgaben von NedZink zu erfolgen. F\u00fcr weitere Informationen \u00fcber die Verarbeitung von NedZink Produkten besuchen Sie bitte unsere Internetseiten www.nedzink.de oder <a href=\"https:\/\/www.nedzink.com\/\"><span style=\"color: #0000ff;\">www.nedzink.com<\/span><\/a>.<\/p>\n<h3>Garantie<\/h3>\n<p>Das technische Know-how und das ausgereifte Qualit\u00e4tsmanagement der NedZink B.V. in Verbindung mit regelm\u00e4\u00dfigen Qualit\u00e4tspr\u00fcfungen durch unabh\u00e4ngige Pr\u00fcfi nstitute b\u00fcrgen f\u00fcr eine gleichbleibend hohe Qualit\u00e4t der produzierten Halbzeuge und der vorgefertigten Erzeugnisse. F\u00fcr diesen Fall bietet NedZink seinen Kunden aus Handel, Handwerk und Bauplanung die Sicherheit eines direkten Gew\u00e4hrleistungs anspruches zur raschen und fachgerechten Schadensregulierung \u00fcber einen Zeitraum von 10 Jahren.<\/p>\n<h3>Produkte<\/h3>\n<p>Unter diese Garantieerkl\u00e4rung fallen Tafeln, B\u00e4nder und Streifen aus NedZink, durch NedZink vorgefertigte Dach- und Fassadenteile aus NedZink und durch NedZink hergestellte Bauklempnereiprofi le aus NedZink, in der Ausf\u00fchrung NedZink NATUREL (walzblank) oder NedZink NOVA (werkseitig vorbewittert). Die NedZink B.V. in Budel &#8211; Dorplein \/ Niederlande sichert f\u00fcr die vorstehend bezeichneten, von der NedZink B.V. gelieferten und mit Firmenzeichen der NedZink gekennzeichneten Produkte als Eigenschaft zu, dass diese Produkte den g\u00fcltigen EN- und DINNormen sowie den dar\u00fcber hinausgehenden Anforderungen des NedZink Produktzertifi kates entsprechen. Unter Einhaltung der zum Zeitpunkt der Montage g\u00fcltigen Verarbeitungsrichtlinien von NedZink und den Fachregeln des ausf\u00fchrenden Gewerkes sind die Produkte f\u00fcr die Dauer der Garantiezeit dauerhaft und in einwandfreier Weise funktionsf\u00e4hig.<\/p>\n<h3>Garantiezeit<\/h3>\n<p>Die Garantiezeit betr\u00e4gt 10 Jahre ab dem 1. Juli des Herstellungsjahres. Das Herstellungsjahr wird im Stempel auf den vorstehend bezeichneten Produkten angegeben.<\/p>\n<h3>Haftung<\/h3>\n<p>Entstehen bei der Verwendung von vorgenannten Produkten Sch\u00e4den aus<\/p>\n<ul>\n<li>Konstruktionsfehlern, soweit von NedZink B.V. zu verantworten<\/li>\n<li>Fabrikationsfehlern<\/li>\n<li>Materialfehlern<\/li>\n<li>Instruktionsm\u00e4ngeln durch fehlerhafte Verlege- und Einbauanleitungen<\/li>\n<li>Fehlen von durch NedZink B.V. im NedZink Produktzertifi kat zugesicherten Eigenschaften<\/li>\n<li>Abweichungen von zum Herstellungszeitpunkt g\u00fcltigen EN- und DIN-Normen oder allgemein geltenden amtlichen Richtlinien, Bau- und Pr\u00fcfungsgrunds\u00e4tzen, amtlichen Pr\u00fcfungszeugnissen und Zulassungsbescheiden so \u00fcbernimmt NedZink B.V. die nachstehenden Verpfl ichtungen.<\/li>\n<\/ul>\n<p>Im Falle der Nachbesserung kostenlose Ersatzlieferung frei Verwendungsstelle der f\u00fcr die Behebung des Schadens notwendigen Teile und \u00dcbernahme der notwendigen Aus- und Einbaukosten einschlie\u00dflich der Kosten f\u00fcr die Wiederherstellung des urspr\u00fcnglichen Geb\u00e4udezustandes bis zu einer H\u00f6chstsumme je Schadensereignis von max. \u20ac 1.250.000 f\u00fcr Sach- und Personensch\u00e4den. Die Kosten\u00fcbernahme basiert auf den am Ort und zur Zeit der Instandsetzungsarbeiten g\u00fcltigen Marktpreisen. Im Falle der Minderung Ersatz des Rechnungsbetrages durch begr\u00fcndete und angemessene Minderung bis zu einer H\u00f6chstsumme je Schadensereignis von \u20ac 300.000. Nach Feststellung des Schadens beh\u00e4lt NedZink B.V. sich vor, die aufgetretenen Sch\u00e4den selbst zu beseitigen oder durch von ihr zu beauftragende Firmen auf eigene Kosten beseitigen zu lassen. Die Aus\u00fcbung dieses Rechts ist dem Anspruchsteller unverz\u00fcglich mitzuteilen. Eine Minderung kann nur beansprucht werden, wenn NedZink B.V. die Nachbesserung ablehnt. Stehen im \u00dcbrigen die Kosten einer Nachbesserung in einem objektiven Missverh\u00e4ltnis zur Bedeutung des Mangels, kann NedZink B.V. den Anspruchsteller auf sein Recht zur Minderung verweisen. Die Garantieerkl\u00e4rung gilt auch f\u00fcr Sch\u00e4den wie vorstehend unter Haftung genannt, soweit diese im Zeitraum zwischen Einbau und Abnahme der Leistung entstehen.<\/p>\n<h3>Obliegenheiten des Anspruchstellers<\/h3>\n<p>Dem Anspruchsteller obliegt<\/p>\n<ol>\n<li>Beachtung und Einhaltung der zum Zeitpunkt der Montage g\u00fcltigen Verlege- und Einbauanleitungen sowie der schriftlichen Angaben zum Verwendungsbereich der vorgenannten Produkte.<\/li>\n<li>Bestimmungsgem\u00e4\u00dfe Montage unter Einhaltung der zum Zeitpunkt der Verlegung bzw. des Einbaus geltenden anerkannten Regeln der Technik.<\/li>\n<li>Unverz\u00fcgliche Vornahme aller notwendigen Ma\u00dfnahmen zur Schadensminderung.<\/li>\n<li>\u00a0Unverz\u00fcgliche Meldung auftretender Sch\u00e4den an NedZink. Die Meldung hat innerhalb von f\u00fcnf Werktagen ab dem Zeitpunkt zu erfolgen, an dem der Anspruchsteller entdeckt hat oder h\u00e4tte entdecken m\u00fcssen, dass der Schaden aller Wahrscheinlichkeit nach auf ein Produkt von NedZink zur\u00fcckzuf\u00fchren ist. Auf Verlangen von NedZink ist der Anspruchsteller zu einer schriftlichen Darstellung des Schadensfalles innerhalb einer angemessenen Frist verpfl ichtet.<\/li>\n<li>\u00a0NedZink ist Gelegenheit zu geben, vor den Instandsetzungsarbeiten den Schaden selbst oder durch Sachverst\u00e4ndige feststellen und begutachten zu lassen. Dazu hat sich NedZink unverz\u00fcglich nach Schadensmeldung gegen\u00fcber dem Anspruchsteller zu erkl\u00e4ren. NedZink ist auf Wunsch vor Beginn der Garantiearbeiten ein Kostenvoranschlag vorzulegen.<\/li>\n<li>\u00a0Die f\u00fcr den Schaden urs\u00e4chlichen Teile sind in jedem Falle bis zur endg\u00fcltigen Abwicklung des Schadensfalles aufzubewahren und NedZink auf Anforderung zur Verf\u00fcgung zu stellen.<\/li>\n<li class=\"sub\">\u00a0Wird eine der vorstehend genannten Obliegenheiten verletzt, so ist NedZink von der Haftung frei. Das Gleiche gilt f\u00fcr Sch\u00e4den, die bei rechtzeitiger Beanstandung nicht entstanden w\u00e4ren. Die Haftung besteht insoweit fort, als die Verletzungen ohne Einfl uss auf die Feststellung oder H\u00f6he des Schadens geblieben sind.<\/li>\n<\/ol>\n<h3 class=\"sub\">Einigung und Schlichtung<span style=\"display: none;\">\u00a0<\/span><\/h3>\n<p class=\"sub\">Bei im Zusammenhang mit dieser Garantieerkl\u00e4rung entstehenden Streitigkeiten sollen, bevor ordentliche Gerichte angerufen werden, Gespr\u00e4che mit dem Ziel aufgenommen werden, den Streit im Wege der g\u00fctlichen Einigung beizulegen. Die Beteiligten verst\u00e4ndigen sich auf einen neutralen Sachverst\u00e4ndigen, der ein technisches Gutachten erstellt. Die Kosten des Schiedsgutachtens werden entsprechend dem Grad der den beiden Parteien zuzurechnenden Schadensverursachung nach den Feststellungen des Sachverst\u00e4ndigen aufgeteilt bzw. einer der parteien zugemessen. Der Gerichtsweg bleibt von dieser Schlichtungsklausel unber\u00fchrt. Gerichtsstand ist der Betriebssitz des Garantienehmers.<\/p>\n<h3 class=\"sub\">Laufzeit<\/h3>\n<p class=\"sub\">Diese Garantieerkl\u00e4rung tritt mit Wirkung vom 1. Januar 2001 in Kraft.<\/p>\n","protected":false},"excerpt":{"rendered":"<p>VERARBEITUNGS- UND MONTAGEVORSCHRIFTEN Die Verarbeitung hat nach den Fachregeln des ZVSHK bzw. ZVDH und den technischen Vorgaben von NedZink zu erfolgen. F\u00fcr weitere Informationen \u00fcber die Verarbeitung von NedZink Produkten besuchen Sie bitte unsere Internetseiten www.nedzink.de oder www.nedzink.com. Garantie Das technische Know-how und das ausgereifte Qualit\u00e4tsmanagement der NedZink B.V. in Verbindung mit regelm\u00e4\u00dfigen Qualit\u00e4tspr\u00fcfungen durch [&hellip;]<\/p>\n","protected":false},"author":9,"featured_media":0,"parent":0,"menu_order":1170,"comment_status":"closed","ping_status":"closed","template":"template-import.php","meta":{"_acf_changed":false,"footnotes":""},"class_list":["post-27914","page","type-page","status-publish","hentry"],"acf":[],"yoast_head":"<!-- This site is optimized with the Yoast SEO plugin v26.8 - https:\/\/yoast.com\/product\/yoast-seo-wordpress\/ -->\n<title>Garantie \u2013 NedZink<\/title>\n<meta name=\"description\" content=\"NedZink biedt zijn klanten 10 jaar garantie op geproduceerde halffabricaten en afgewerkte producten van zink. Wij lossen het probleem graag samen met u op!\" \/>\n<meta name=\"robots\" content=\"index, follow, max-snippet:-1, max-image-preview:large, max-video-preview:-1\" \/>\n<link rel=\"canonical\" href=\"https:\/\/www.nedzink.com\/de\/garantie-3\/\" \/>\n<meta property=\"og:locale\" content=\"de_DE\" \/>\n<meta property=\"og:type\" content=\"article\" \/>\n<meta property=\"og:title\" content=\"Garantie \u2013 NedZink\" \/>\n<meta property=\"og:description\" content=\"NedZink biedt zijn klanten 10 jaar garantie op geproduceerde halffabricaten en afgewerkte producten van zink. Wij lossen het probleem graag samen met u op!\" \/>\n<meta property=\"og:url\" content=\"https:\/\/www.nedzink.com\/de\/garantie-3\/\" \/>\n<meta property=\"og:site_name\" content=\"NedZink\" \/>\n<meta property=\"article:modified_time\" content=\"2020-07-20T07:47:24+00:00\" \/>\n<meta name=\"twitter:card\" content=\"summary_large_image\" \/>\n<meta name=\"twitter:label1\" content=\"Gesch\u00e4tzte Lesezeit\" \/>\n\t<meta name=\"twitter:data1\" content=\"4\u00a0Minuten\" \/>\n<script type=\"application\/ld+json\" class=\"yoast-schema-graph\">{\"@context\":\"https:\/\/schema.org\",\"@graph\":[{\"@type\":\"WebPage\",\"@id\":\"https:\/\/www.nedzink.com\/de\/garantie-3\/\",\"url\":\"https:\/\/www.nedzink.com\/de\/garantie-3\/\",\"name\":\"Garantie \u2013 NedZink\",\"isPartOf\":{\"@id\":\"https:\/\/www.nedzink.com\/de\/#website\"},\"datePublished\":\"2019-05-07T13:56:51+00:00\",\"dateModified\":\"2020-07-20T07:47:24+00:00\",\"description\":\"NedZink biedt zijn klanten 10 jaar garantie op geproduceerde halffabricaten en afgewerkte producten van zink. Wij lossen het probleem graag samen met u op!\",\"breadcrumb\":{\"@id\":\"https:\/\/www.nedzink.com\/de\/garantie-3\/#breadcrumb\"},\"inLanguage\":\"de\",\"potentialAction\":[{\"@type\":\"ReadAction\",\"target\":[\"https:\/\/www.nedzink.com\/de\/garantie-3\/\"]}]},{\"@type\":\"BreadcrumbList\",\"@id\":\"https:\/\/www.nedzink.com\/de\/garantie-3\/#breadcrumb\",\"itemListElement\":[{\"@type\":\"ListItem\",\"position\":1,\"name\":\"Home\",\"item\":\"https:\/\/www.nedzink.com\/de\/\"},{\"@type\":\"ListItem\",\"position\":2,\"name\":\"Garantie\"}]},{\"@type\":\"WebSite\",\"@id\":\"https:\/\/www.nedzink.com\/de\/#website\",\"url\":\"https:\/\/www.nedzink.com\/de\/\",\"name\":\"NedZink\",\"description\":\"Zink fabrikant\",\"publisher\":{\"@id\":\"https:\/\/www.nedzink.com\/de\/#organization\"},\"potentialAction\":[{\"@type\":\"SearchAction\",\"target\":{\"@type\":\"EntryPoint\",\"urlTemplate\":\"https:\/\/www.nedzink.com\/de\/?s={search_term_string}\"},\"query-input\":{\"@type\":\"PropertyValueSpecification\",\"valueRequired\":true,\"valueName\":\"search_term_string\"}}],\"inLanguage\":\"de\"},{\"@type\":\"Organization\",\"@id\":\"https:\/\/www.nedzink.com\/de\/#organization\",\"name\":\"NedZink\",\"url\":\"https:\/\/www.nedzink.com\/de\/\",\"logo\":{\"@type\":\"ImageObject\",\"inLanguage\":\"de\",\"@id\":\"https:\/\/www.nedzink.com\/de\/#\/schema\/logo\/image\/\",\"url\":\"https:\/\/www.nedzink.com\/wp-content\/uploads\/2019\/08\/logo-nedzink_fc_zk.jpg\",\"contentUrl\":\"https:\/\/www.nedzink.com\/wp-content\/uploads\/2019\/08\/logo-nedzink_fc_zk.jpg\",\"width\":2160,\"height\":688,\"caption\":\"NedZink\"},\"image\":{\"@id\":\"https:\/\/www.nedzink.com\/de\/#\/schema\/logo\/image\/\"}}]}<\/script>\n<!-- \/ Yoast SEO plugin. -->","yoast_head_json":{"title":"Garantie \u2013 NedZink","description":"NedZink biedt zijn klanten 10 jaar garantie op geproduceerde halffabricaten en afgewerkte producten van zink. Wij lossen het probleem graag samen met u op!","robots":{"index":"index","follow":"follow","max-snippet":"max-snippet:-1","max-image-preview":"max-image-preview:large","max-video-preview":"max-video-preview:-1"},"canonical":"https:\/\/www.nedzink.com\/de\/garantie-3\/","og_locale":"de_DE","og_type":"article","og_title":"Garantie \u2013 NedZink","og_description":"NedZink biedt zijn klanten 10 jaar garantie op geproduceerde halffabricaten en afgewerkte producten van zink. Wij lossen het probleem graag samen met u op!","og_url":"https:\/\/www.nedzink.com\/de\/garantie-3\/","og_site_name":"NedZink","article_modified_time":"2020-07-20T07:47:24+00:00","twitter_card":"summary_large_image","twitter_misc":{"Gesch\u00e4tzte Lesezeit":"4\u00a0Minuten"},"schema":{"@context":"https:\/\/schema.org","@graph":[{"@type":"WebPage","@id":"https:\/\/www.nedzink.com\/de\/garantie-3\/","url":"https:\/\/www.nedzink.com\/de\/garantie-3\/","name":"Garantie \u2013 NedZink","isPartOf":{"@id":"https:\/\/www.nedzink.com\/de\/#website"},"datePublished":"2019-05-07T13:56:51+00:00","dateModified":"2020-07-20T07:47:24+00:00","description":"NedZink biedt zijn klanten 10 jaar garantie op geproduceerde halffabricaten en afgewerkte producten van zink. Wij lossen het probleem graag samen met u op!","breadcrumb":{"@id":"https:\/\/www.nedzink.com\/de\/garantie-3\/#breadcrumb"},"inLanguage":"de","potentialAction":[{"@type":"ReadAction","target":["https:\/\/www.nedzink.com\/de\/garantie-3\/"]}]},{"@type":"BreadcrumbList","@id":"https:\/\/www.nedzink.com\/de\/garantie-3\/#breadcrumb","itemListElement":[{"@type":"ListItem","position":1,"name":"Home","item":"https:\/\/www.nedzink.com\/de\/"},{"@type":"ListItem","position":2,"name":"Garantie"}]},{"@type":"WebSite","@id":"https:\/\/www.nedzink.com\/de\/#website","url":"https:\/\/www.nedzink.com\/de\/","name":"NedZink","description":"Zink fabrikant","publisher":{"@id":"https:\/\/www.nedzink.com\/de\/#organization"},"potentialAction":[{"@type":"SearchAction","target":{"@type":"EntryPoint","urlTemplate":"https:\/\/www.nedzink.com\/de\/?s={search_term_string}"},"query-input":{"@type":"PropertyValueSpecification","valueRequired":true,"valueName":"search_term_string"}}],"inLanguage":"de"},{"@type":"Organization","@id":"https:\/\/www.nedzink.com\/de\/#organization","name":"NedZink","url":"https:\/\/www.nedzink.com\/de\/","logo":{"@type":"ImageObject","inLanguage":"de","@id":"https:\/\/www.nedzink.com\/de\/#\/schema\/logo\/image\/","url":"https:\/\/www.nedzink.com\/wp-content\/uploads\/2019\/08\/logo-nedzink_fc_zk.jpg","contentUrl":"https:\/\/www.nedzink.com\/wp-content\/uploads\/2019\/08\/logo-nedzink_fc_zk.jpg","width":2160,"height":688,"caption":"NedZink"},"image":{"@id":"https:\/\/www.nedzink.com\/de\/#\/schema\/logo\/image\/"}}]}},"_links":{"self":[{"href":"https:\/\/www.nedzink.com\/de\/wp-json\/wp\/v2\/pages\/27914","targetHints":{"allow":["GET"]}}],"collection":[{"href":"https:\/\/www.nedzink.com\/de\/wp-json\/wp\/v2\/pages"}],"about":[{"href":"https:\/\/www.nedzink.com\/de\/wp-json\/wp\/v2\/types\/page"}],"author":[{"embeddable":true,"href":"https:\/\/www.nedzink.com\/de\/wp-json\/wp\/v2\/users\/9"}],"replies":[{"embeddable":true,"href":"https:\/\/www.nedzink.com\/de\/wp-json\/wp\/v2\/comments?post=27914"}],"version-history":[{"count":0,"href":"https:\/\/www.nedzink.com\/de\/wp-json\/wp\/v2\/pages\/27914\/revisions"}],"wp:attachment":[{"href":"https:\/\/www.nedzink.com\/de\/wp-json\/wp\/v2\/media?parent=27914"}],"curies":[{"name":"wp","href":"https:\/\/api.w.org\/{rel}","templated":true}]}}