{"id":24927,"date":"2019-05-06T16:26:17","date_gmt":"2019-05-06T14:26:17","guid":{"rendered":"http:\/\/136.144.181.85\/~nedzink\/produkteigenschaften-titanzink\/langenanderungen-durch-temperaturunterschiede\/"},"modified":"2019-08-13T13:48:18","modified_gmt":"2019-08-13T11:48:18","slug":"langenanderungen-durch-temperaturunterschiede","status":"publish","type":"page","link":"https:\/\/www.nedzink.com\/de\/produkteigenschaften-titanzink\/langenanderungen-durch-temperaturunterschiede\/","title":{"rendered":"L\u00e4ngen\u00e4nderungen durch Temperaturunterschiede"},"content":{"rendered":"[vc_row][vc_column][vc_column_text css=&#8220;.vc_custom_1565696872719{margin-bottom: 0px !important;}&#8220;]\n<h3>Ausdehnungsverhalten<\/h3>\n<p>Bauteile aus NedZink sind untereinander und mit dem tragenden Untergrund so zu befestigen, dass L\u00e4ngen\u00e4nderungen aus Temperaturdifferenzen schadlos aufgenommen werden k\u00f6nnen.<\/p>\n<p>Im Baubereich wird eine Temperaturspanne von 100 \u00baC ( -20 \u00baC bis 80 \u00baC ) angenommen. Diese Annahme ist konstruktiven L\u00f6sungen zugrunde zu legen.<\/p>\n<p>In der Praxis hat sich durch langj\u00e4hrige Messungen ein Spektrum von ca. -15 \u00baC bis ca. 65 \u00baC herausgestellt. In Extremsituationen k\u00f6nnen auch gr\u00f6\u00dfere Werte erreicht werden.<\/p>\n<p>Bei einem Ausdehnungskoeffizient f\u00fcr Titanzink von 0,022 mm\/mK ergibt sich f\u00fcr eine Bauteill\u00e4nge von 10 m bei einer Temperaturdifferenz von 100 \u00baC eine rechnerische L\u00e4ngen\u00e4nderung von 22 mm.<\/p>\n<p>Bei der Bemessung des freien Dehnungsausgleiches ist die Einbautemperatur zu ber\u00fccksichtigen, da Kontraktion und Ausdehnung anteilig erfolgen.<\/p>\n<p>Rechnerisches Beispiel:<br \/>\nBauteill\u00e4nge: 10 m; Einbautemperatur: 10 \u00baC<\/p>\n<p>10 \u00baC bis -20 \u00baC : Kontraktion von 6,6 mm<br \/>\n10 \u00baC bis 80 \u00baC : Ausdehnung von 15,4 mm<\/p>\n<p>Die maximalen Abst\u00e4nde von Bewegungsausgleichern sind nach DIN 18339:2000-12 in folgender Tabelle zusammengefasst.<\/p>\n<p><b>Richtwerte f\u00fcr die maximalen Abst\u00e4nde von Bewegungsausgleichern<\/b><\/p>\n<table style=\"width: 95%;\" border=\"1\" cellspacing=\"0\" cellpadding=\"0\">\n<tbody>\n<tr>\n<td><b>Bauteil<\/b><\/td>\n<td align=\"middle\" width=\"100\"><b>max. Abstand<\/b><\/td>\n<\/tr>\n<tr>\n<td>Bei eingeklebten Einfassungen; Winkelanschl\u00fcssen; Rinneneinh\u00e4ngen;<br \/>\nDachrandeinfassungen und eingeklebten Shedrinnen in der Wasserebene:<\/td>\n<td align=\"middle\">6 m<\/td>\n<\/tr>\n<tr>\n<td>Bei Mauerabdeckungen; Dachrandabschl\u00fcssen au\u00dferhalb der Wasserebene;<br \/>\ninnenliegenden, nicht eingeklebten Dachrinnen mit Zuschnitt &gt;500 mm<\/td>\n<td align=\"middle\">8 m<\/td>\n<\/tr>\n<tr>\n<td>Bei Scharen f\u00fcr Dacheindeckungen und Wandbekleidungen; innenliegende, nicht<br \/>\neingeklebte Rinnen mit Zuschnitt &lt;500 mm; H\u00e4ngerinnen mit Zuschnitt &gt;500 mm<\/td>\n<td align=\"middle\">10 m<\/td>\n<\/tr>\n<tr>\n<td>Bei H\u00e4ngerinnen mit Zuschnitt \u2264500 mm<\/td>\n<td align=\"middle\">15 m<\/td>\n<\/tr>\n<\/tbody>\n<\/table>\n<h3><\/h3>\n<h2>Dehnungsausgleich<\/h2>\n<p>Um o.g. Dehnungsbewegungen aufzufangen, sind au\u00dfer den in Tabelle 1 aufgef\u00fchrten Ma\u00dfnahmen auch solche bei der Verarbeitung von Scharen zu ergreifen.<\/p>\n<p><strong>Querdehnung<\/strong><br \/>\nDie Bewegungen quer zur Linie der Falze, werden durch einen Abstand der Falze in Wasserf\u00fchrungsebene von 3 &#8211; 5 mm aufgefangen.<br \/>\nDies ist sowohl bei manuell aufgestellten Scharen als auch bei maschineller Vorprofilierung zu beachten.<\/p>\n<p><strong>L\u00e4ngsdehnung<\/strong><br \/>\nDie Bewegungen parallel zur Linie der Falze werden durch indirekte Befestigung mit der Deckunterlage (Schiebehafte) erm\u00f6glicht als auch durch praktikable Details der traufseitigen und firstseitigen An- und Abschl\u00fcsse aufgefangen.<br \/>\nDie max. Regell\u00e4nge von NedZink Scharen bei Verwendung von Standard-Schiebehaften betr\u00e4gt<br \/>\n10 m.<\/p>\n<p>Bei gr\u00f6\u00dferen Scharenl\u00e4ngen sind konstruktive Ma\u00dfnahmen zu ergreifen:<br \/>\nz.B.:<\/p>\n<ul>\n<li>Langschiebehafte<\/li>\n<li>Querverbindungen<\/li>\n<li class=\"sub over\">Spezielle An- und Abschlussdetails<\/li>\n<\/ul>\n[\/vc_column_text][\/vc_column][\/vc_row]\n","protected":false},"excerpt":{"rendered":"<p>[vc_row][vc_column][vc_column_text css=&#8220;.vc_custom_1565696872719{margin-bottom: 0px !important;}&#8220;] Ausdehnungsverhalten Bauteile aus NedZink sind untereinander und mit dem tragenden Untergrund so zu befestigen, dass L\u00e4ngen\u00e4nderungen aus Temperaturdifferenzen schadlos aufgenommen werden k\u00f6nnen. Im Baubereich wird eine Temperaturspanne von 100 \u00baC ( -20 \u00baC bis 80 \u00baC ) angenommen. Diese Annahme ist konstruktiven L\u00f6sungen zugrunde zu legen. In der Praxis hat sich [&hellip;]<\/p>\n","protected":false},"author":9,"featured_media":0,"parent":24857,"menu_order":490,"comment_status":"closed","ping_status":"closed","template":"template-import.php","meta":{"_acf_changed":false,"footnotes":""},"class_list":["post-24927","page","type-page","status-publish","hentry"],"acf":[],"yoast_head":"<!-- This site is optimized with the Yoast SEO plugin v26.8 - https:\/\/yoast.com\/product\/yoast-seo-wordpress\/ -->\n<title>L\u00e4ngen\u00e4nderungen durch Temperaturunterschiede \u2013 NedZink<\/title>\n<meta name=\"description\" content=\"Lees op onze website meer over het uitzettingsco\u00ebffici\u00ebnt van titaanzink en het (eventueel) gebruiken van een expansievoorziening.\" \/>\n<meta name=\"robots\" content=\"index, follow, max-snippet:-1, max-image-preview:large, max-video-preview:-1\" \/>\n<link rel=\"canonical\" href=\"https:\/\/www.nedzink.com\/de\/produkteigenschaften-titanzink\/langenanderungen-durch-temperaturunterschiede\/\" \/>\n<meta property=\"og:locale\" content=\"de_DE\" \/>\n<meta property=\"og:type\" content=\"article\" \/>\n<meta property=\"og:title\" content=\"L\u00e4ngen\u00e4nderungen durch Temperaturunterschiede \u2013 NedZink\" \/>\n<meta property=\"og:description\" content=\"Lees op onze website meer over het uitzettingsco\u00ebffici\u00ebnt van titaanzink en het (eventueel) gebruiken van een expansievoorziening.\" \/>\n<meta property=\"og:url\" content=\"https:\/\/www.nedzink.com\/de\/produkteigenschaften-titanzink\/langenanderungen-durch-temperaturunterschiede\/\" \/>\n<meta property=\"og:site_name\" content=\"NedZink\" \/>\n<meta property=\"article:modified_time\" content=\"2019-08-13T11:48:18+00:00\" \/>\n<meta name=\"twitter:card\" content=\"summary_large_image\" \/>\n<meta name=\"twitter:label1\" content=\"Gesch\u00e4tzte Lesezeit\" \/>\n\t<meta name=\"twitter:data1\" content=\"2\u00a0Minuten\" \/>\n<script type=\"application\/ld+json\" class=\"yoast-schema-graph\">{\"@context\":\"https:\/\/schema.org\",\"@graph\":[{\"@type\":\"WebPage\",\"@id\":\"https:\/\/www.nedzink.com\/de\/produkteigenschaften-titanzink\/langenanderungen-durch-temperaturunterschiede\/\",\"url\":\"https:\/\/www.nedzink.com\/de\/produkteigenschaften-titanzink\/langenanderungen-durch-temperaturunterschiede\/\",\"name\":\"L\u00e4ngen\u00e4nderungen durch Temperaturunterschiede \u2013 NedZink\",\"isPartOf\":{\"@id\":\"https:\/\/www.nedzink.com\/de\/#website\"},\"datePublished\":\"2019-05-06T14:26:17+00:00\",\"dateModified\":\"2019-08-13T11:48:18+00:00\",\"description\":\"Lees op onze website meer over het uitzettingsco\u00ebffici\u00ebnt van titaanzink en het (eventueel) gebruiken van een expansievoorziening.\",\"breadcrumb\":{\"@id\":\"https:\/\/www.nedzink.com\/de\/produkteigenschaften-titanzink\/langenanderungen-durch-temperaturunterschiede\/#breadcrumb\"},\"inLanguage\":\"de\",\"potentialAction\":[{\"@type\":\"ReadAction\",\"target\":[\"https:\/\/www.nedzink.com\/de\/produkteigenschaften-titanzink\/langenanderungen-durch-temperaturunterschiede\/\"]}]},{\"@type\":\"BreadcrumbList\",\"@id\":\"https:\/\/www.nedzink.com\/de\/produkteigenschaften-titanzink\/langenanderungen-durch-temperaturunterschiede\/#breadcrumb\",\"itemListElement\":[{\"@type\":\"ListItem\",\"position\":1,\"name\":\"Home\",\"item\":\"https:\/\/www.nedzink.com\/de\/\"},{\"@type\":\"ListItem\",\"position\":2,\"name\":\"Produkteigenschaften Titanzink\",\"item\":\"https:\/\/www.nedzink.com\/de\/produkteigenschaften-titanzink\/\"},{\"@type\":\"ListItem\",\"position\":3,\"name\":\"L\u00e4ngen\u00e4nderungen durch Temperaturunterschiede\"}]},{\"@type\":\"WebSite\",\"@id\":\"https:\/\/www.nedzink.com\/de\/#website\",\"url\":\"https:\/\/www.nedzink.com\/de\/\",\"name\":\"NedZink\",\"description\":\"Zink fabrikant\",\"publisher\":{\"@id\":\"https:\/\/www.nedzink.com\/de\/#organization\"},\"potentialAction\":[{\"@type\":\"SearchAction\",\"target\":{\"@type\":\"EntryPoint\",\"urlTemplate\":\"https:\/\/www.nedzink.com\/de\/?s={search_term_string}\"},\"query-input\":{\"@type\":\"PropertyValueSpecification\",\"valueRequired\":true,\"valueName\":\"search_term_string\"}}],\"inLanguage\":\"de\"},{\"@type\":\"Organization\",\"@id\":\"https:\/\/www.nedzink.com\/de\/#organization\",\"name\":\"NedZink\",\"url\":\"https:\/\/www.nedzink.com\/de\/\",\"logo\":{\"@type\":\"ImageObject\",\"inLanguage\":\"de\",\"@id\":\"https:\/\/www.nedzink.com\/de\/#\/schema\/logo\/image\/\",\"url\":\"https:\/\/www.nedzink.com\/wp-content\/uploads\/2019\/08\/logo-nedzink_fc_zk.jpg\",\"contentUrl\":\"https:\/\/www.nedzink.com\/wp-content\/uploads\/2019\/08\/logo-nedzink_fc_zk.jpg\",\"width\":2160,\"height\":688,\"caption\":\"NedZink\"},\"image\":{\"@id\":\"https:\/\/www.nedzink.com\/de\/#\/schema\/logo\/image\/\"}}]}<\/script>\n<!-- \/ Yoast SEO plugin. -->","yoast_head_json":{"title":"L\u00e4ngen\u00e4nderungen durch Temperaturunterschiede \u2013 NedZink","description":"Lees op onze website meer over het uitzettingsco\u00ebffici\u00ebnt van titaanzink en het (eventueel) gebruiken van een expansievoorziening.","robots":{"index":"index","follow":"follow","max-snippet":"max-snippet:-1","max-image-preview":"max-image-preview:large","max-video-preview":"max-video-preview:-1"},"canonical":"https:\/\/www.nedzink.com\/de\/produkteigenschaften-titanzink\/langenanderungen-durch-temperaturunterschiede\/","og_locale":"de_DE","og_type":"article","og_title":"L\u00e4ngen\u00e4nderungen durch Temperaturunterschiede \u2013 NedZink","og_description":"Lees op onze website meer over het uitzettingsco\u00ebffici\u00ebnt van titaanzink en het (eventueel) gebruiken van een expansievoorziening.","og_url":"https:\/\/www.nedzink.com\/de\/produkteigenschaften-titanzink\/langenanderungen-durch-temperaturunterschiede\/","og_site_name":"NedZink","article_modified_time":"2019-08-13T11:48:18+00:00","twitter_card":"summary_large_image","twitter_misc":{"Gesch\u00e4tzte Lesezeit":"2\u00a0Minuten"},"schema":{"@context":"https:\/\/schema.org","@graph":[{"@type":"WebPage","@id":"https:\/\/www.nedzink.com\/de\/produkteigenschaften-titanzink\/langenanderungen-durch-temperaturunterschiede\/","url":"https:\/\/www.nedzink.com\/de\/produkteigenschaften-titanzink\/langenanderungen-durch-temperaturunterschiede\/","name":"L\u00e4ngen\u00e4nderungen durch Temperaturunterschiede \u2013 NedZink","isPartOf":{"@id":"https:\/\/www.nedzink.com\/de\/#website"},"datePublished":"2019-05-06T14:26:17+00:00","dateModified":"2019-08-13T11:48:18+00:00","description":"Lees op onze website meer over het uitzettingsco\u00ebffici\u00ebnt van titaanzink en het (eventueel) gebruiken van een expansievoorziening.","breadcrumb":{"@id":"https:\/\/www.nedzink.com\/de\/produkteigenschaften-titanzink\/langenanderungen-durch-temperaturunterschiede\/#breadcrumb"},"inLanguage":"de","potentialAction":[{"@type":"ReadAction","target":["https:\/\/www.nedzink.com\/de\/produkteigenschaften-titanzink\/langenanderungen-durch-temperaturunterschiede\/"]}]},{"@type":"BreadcrumbList","@id":"https:\/\/www.nedzink.com\/de\/produkteigenschaften-titanzink\/langenanderungen-durch-temperaturunterschiede\/#breadcrumb","itemListElement":[{"@type":"ListItem","position":1,"name":"Home","item":"https:\/\/www.nedzink.com\/de\/"},{"@type":"ListItem","position":2,"name":"Produkteigenschaften Titanzink","item":"https:\/\/www.nedzink.com\/de\/produkteigenschaften-titanzink\/"},{"@type":"ListItem","position":3,"name":"L\u00e4ngen\u00e4nderungen durch Temperaturunterschiede"}]},{"@type":"WebSite","@id":"https:\/\/www.nedzink.com\/de\/#website","url":"https:\/\/www.nedzink.com\/de\/","name":"NedZink","description":"Zink fabrikant","publisher":{"@id":"https:\/\/www.nedzink.com\/de\/#organization"},"potentialAction":[{"@type":"SearchAction","target":{"@type":"EntryPoint","urlTemplate":"https:\/\/www.nedzink.com\/de\/?s={search_term_string}"},"query-input":{"@type":"PropertyValueSpecification","valueRequired":true,"valueName":"search_term_string"}}],"inLanguage":"de"},{"@type":"Organization","@id":"https:\/\/www.nedzink.com\/de\/#organization","name":"NedZink","url":"https:\/\/www.nedzink.com\/de\/","logo":{"@type":"ImageObject","inLanguage":"de","@id":"https:\/\/www.nedzink.com\/de\/#\/schema\/logo\/image\/","url":"https:\/\/www.nedzink.com\/wp-content\/uploads\/2019\/08\/logo-nedzink_fc_zk.jpg","contentUrl":"https:\/\/www.nedzink.com\/wp-content\/uploads\/2019\/08\/logo-nedzink_fc_zk.jpg","width":2160,"height":688,"caption":"NedZink"},"image":{"@id":"https:\/\/www.nedzink.com\/de\/#\/schema\/logo\/image\/"}}]}},"_links":{"self":[{"href":"https:\/\/www.nedzink.com\/de\/wp-json\/wp\/v2\/pages\/24927","targetHints":{"allow":["GET"]}}],"collection":[{"href":"https:\/\/www.nedzink.com\/de\/wp-json\/wp\/v2\/pages"}],"about":[{"href":"https:\/\/www.nedzink.com\/de\/wp-json\/wp\/v2\/types\/page"}],"author":[{"embeddable":true,"href":"https:\/\/www.nedzink.com\/de\/wp-json\/wp\/v2\/users\/9"}],"replies":[{"embeddable":true,"href":"https:\/\/www.nedzink.com\/de\/wp-json\/wp\/v2\/comments?post=24927"}],"version-history":[{"count":0,"href":"https:\/\/www.nedzink.com\/de\/wp-json\/wp\/v2\/pages\/24927\/revisions"}],"up":[{"embeddable":true,"href":"https:\/\/www.nedzink.com\/de\/wp-json\/wp\/v2\/pages\/24857"}],"wp:attachment":[{"href":"https:\/\/www.nedzink.com\/de\/wp-json\/wp\/v2\/media?parent=24927"}],"curies":[{"name":"wp","href":"https:\/\/api.w.org\/{rel}","templated":true}]}}