{"id":24917,"date":"2019-05-06T16:26:15","date_gmt":"2019-05-06T14:26:15","guid":{"rendered":"http:\/\/136.144.181.85\/~nedzink\/produkteigenschaften-titanzink\/bewitterung-tauwasserbildung\/"},"modified":"2019-08-13T13:46:03","modified_gmt":"2019-08-13T11:46:03","slug":"bewitterung-tauwasserbildung","status":"publish","type":"page","link":"https:\/\/www.nedzink.com\/de\/produkteigenschaften-titanzink\/bewitterung-tauwasserbildung\/","title":{"rendered":"Bewitterung \/ Tauwasserbildung"},"content":{"rendered":"[vc_row][vc_column width=&#8220;2\/3&#8243;][vc_column_text css=&#8220;.vc_custom_1565696570042{margin-bottom: 0px !important;}&#8220;]\n<h3>NedZink NATUREL<\/h3>\n<p>Seine au\u00dferordentliche Korrosionsbest\u00e4ndigkeit verdankt Titanzink der zinktypischen Eigenschaft, an der Atmosph\u00e4re selbstst\u00e4ndig eine dichte und festhaftende Schutzschicht zu bilden.<\/p>\n<p>Auf der walzblanken Oberfl\u00e4che bildet sich mit dem Sauerstoff der Luft zun\u00e4chst das Zinkoxid: Zn + O2 \u2192 ZnO<\/p>\n<p>Durch die Einwirkung von Umgebungsfeuchte bildet sich danach allm\u00e4hlich Zinkhydroxid: ZnO + H2O \u2192 Zn(OH)2<\/p>\n<p>Welches durch Reaktion mit dem Kohlendioxid aus der Luft zu einer festhaftenden und wasserunl\u00f6slichen Schutzschicht aus basischem Zinkkarbonat umgewandelt wird: Zn(OH)2 + Co2 \u2192 ZnCO3<\/p>\n<p>Die sehr dichte Schutzschicht \u2013 landl\u00e4ufig auch \u201ePatina\u201c genannt \u2013 ist bei Besch\u00e4digung \u201eselbstheilend\u201c; d. h. kleinere Besch\u00e4digungen werden selbstst\u00e4ndig aufgef\u00fcllt.[\/vc_column_text][\/vc_column][vc_column width=&#8220;1\/3&#8243;][vc_single_image image=&#8220;16793&#8243; img_size=&#8220;full&#8220;][\/vc_column][vc_column][vc_column_text css=&#8220;.vc_custom_1565696721289{margin-bottom: 0px !important;}&#8220;]Da die dargestellten chemischen Prozesse abh\u00e4ngig von Beaufschlagung mit Feuchte und Niederschlag z. T. gleichzeitig und nacheinander stattfinden, ist eine ungleichm\u00e4\u00dfige und z. T. fleckige Oberfl\u00e4chenansicht in der ersten Zeit nach Montage nicht zu vermeiden. Die dauer dieses Prozesses ist abh\u00e4ngig von vielen Faktoren und kann von wenigen Monaten bis zu einigen Jahren betragen.<\/p>\n<p>Die jeweilige exakte Zusammensetzung dieser Schutzschicht ist abh\u00e4ngig von der Luftzusammensetzung am Einbauort, wie z. B. Reinluftgebiet, Industrieatmosph\u00e4re, Meeresklima etc..<\/p>\n<p>In Reinluftgebieten und zunehmend auch urbanen Zonen sind die nat\u00fcrlichen Witterungsbedingungen wie:<br \/>\n&#8211; Niederschlag als Regen, Schnee, Hagel, Nebel und Luftfeuchte ausschlaggebend.<\/p>\n<p>In st\u00e4rker belasteten Gebieten wirken zus\u00e4tzlich Luftverunreinigungen wie z. B.:<br \/>\n&#8211; Chemische Emissionen verursacht durch Verkehr, Industrie, Hausbrand etc.<br \/>\n&#8211; Salzhaltige Luft in K\u00fcstenregionen<br \/>\n&#8211; Partikel wie z. B. Sand, verteilt durch starke Winde<\/p>\n<p>Alle diese differierenden Faktoren am jeweiligen Standort des Geb\u00e4udes wirken auf die Schutzschichtbildung gestaltend ein und haben Einfluss auf deren Aussehen, Schichtdicke und Best\u00e4ndigkeit. Somit auch direkt auf die Nutzungsdauer der montierten Titanzinkbleche.<\/p>\n<p>Die bei Arbeiten mit D\u00fcnnblechen nicht zu vermeidenden kaum messbaren Unebenheiten in der Oberfl\u00e4che (Wellenbildung) k\u00f6nnen beim walzblanken Material optisch in Erscheinung treten, sind dann mit zunehmender Patinabildung geringer wahrnehmbar, bis sie bei \u201efertiger\u201c Patina optisch kaum noch existent sind.<\/p>\n<p>Ist von Beginn der Nutzungsdauer an eine gleichm\u00e4\u00dfige Oberfl\u00e4chenansicht und -struktur gew\u00fcnscht, sollte \u201evorbewittertes\u201c NedZink NOVA eingesetzt werden.<\/p>\n<p><strong>Meeresklima, K\u00fcste<br \/>\n<\/strong>Nach Montage von Titanzink im Meeresklima und an der K\u00fcste wirkt die salzhaltige Umgebungsluft direkt auf die walzblanke Oberfl\u00e4che ein. Sind am Einbauort normale Niederschlagsbedingungen vorhanden, wie im vorigen Kapitel beschrieben , n\u00e4mlich Regen, Schnee etc., wird sich die Schutzschicht wie gewohnt ausbilden.<\/p>\n<p>Auf Bauteilen, welche nicht direkt beregnet werden und nur durch Tauwasser der Luftfeuchte beaufschlagt werden, kann dieser Prozess stark verlangsamt werden. Dies \u00e4u\u00dfert sich durch eine anfangs ungleichm\u00e4\u00dfige Oberfl\u00e4chenansicht, welche dann Schrittwiese in die gleichm\u00e4\u00dfige matt &#8211; mittelgraue Oberfl\u00e4che der fertigen Patina \u00fcbergeht.<\/p>\n<p>Dagegen kann die Oberfl\u00e4che bei direktem Kontakt mit Salzwasser, aber auch stark salzhaltiger Luft ohne Regenbenetzung Verf\u00e4rbungen der Schurzschicht zeigen. Solche Ver\u00e4nderungen sind dann unvermeidbar und nicht r\u00fcckg\u00e4ngig zu machen.<\/p>\n<h3>NedZink NOVA<\/h3>\n<p><strong>Oberfl\u00e4cheneigenschaften<img decoding=\"async\" src=\"http:\/\/www.nedzink.nl\/\/media\/vierkant_250x250\/gmbh_3.jpg\" alt=\"\" align=\"right\" border=\"0\" hspace=\"10\" vspace=\"10\" \/><\/strong><br \/>\nAls Grundmaterial f\u00fcr NedZink NOVA dient NedZink NATUREL. Die gleichm\u00e4\u00dfige, seidengl\u00e4nzende, titan-graue Oberfl\u00e4che von NedZink NOVA entsteht durch eine chemische Oberfl\u00e4chenbehandlung auf einer eigenen, hochmodernen Patinierstra\u00dfe im Anschluss an den Walzprozess. Hier wird auf Basis von walzblankem Titanzink die unter nat\u00fcrlicher Bewitterung entstehende Schutzschicht (Patina) in einem chemischen Verfahren simuliert. Da weder eine Beschichtung noch eine Lackierung stattfindet, bleiben die nat\u00fcrlichen Titanzinkeigenschaften vollst\u00e4ndig erhalten. Kleine Besch\u00e4digungen der patinierten Oberfl\u00e4che, z.B. w\u00e4hrend der Montage, verschwinden bei Bewitterung durch die Bildung der nat\u00fcrlichen Patina (\u201eselbst heilender Prozess\u201c). Die lebendige Oberfl\u00e4che bedingt kleine Abweichungen in Farbton oder Helligkeit. Diese gleichen sich bei fortschreitender Bewitterung an. Zur Vermeidung raten wir zur Bestellung aus einer Produktionscharge.<\/p>\n<p><strong>Verlegerichtung<\/strong><br \/>\nZur Verdeutlichung der Durchlaufrichtung durch die Patinieranlage, sind die Tafeln\/B\u00e4nder mit einem Richtungspfeil in der Kennzeichnung auf der Unterseite ausgestattet. Die Tafeln\/B\u00e4nder sind zur Vermeidung von Helligkeitsunterschieden immer in der gleichen Richtung zu verlegen!<\/p>\n<p><strong>Neuer Oberfl\u00e4chenschutz<\/strong><br \/>\nDa NedZink NOVA vornehmlich f\u00fcr \u00e4sthetisch anspruchsvolle Anwendungen, wie z.B. im Fassadenbereich, eingesetzt wird, werden die Produkte mit einem tempor\u00e4ren Oberfl\u00e4chenschutz versehen. Dieser Schutz verhindert kleinere Besch\u00e4digungen und Verschmutzungen sowie Fingerabdr\u00fccke w\u00e4hrend der Weiterverarbeitung und Montage und sorgt f\u00fcr ein optimales Erscheinungsbild nach Fertigstellung der Arbeiten.<\/p>\n<p><strong>Schutz bei extremer Beanspruchung<\/strong><br \/>\nBei starker mechanischer Beanspruchung des Materials durch Weiterverarbeitung und Montage kann NedZink NOVA zus\u00e4tzlich mit einer transparenten, selbsthaftenden Schutzfolie bestellt werden. Sie sch\u00fctzt die Oberfl\u00e4che zuverl\u00e4ssig gegen Besch\u00e4digung und starke Verschmutzung, z.B. durch Nachgewerke. Die Folie dient dem tempor\u00e4ren Schutz der Oberfl\u00e4che bis zum Abschluss der Montagearbeiten und sollte anschlie\u00dfend schnellstm\u00f6glich entfernt werden. Dies gilt insbesondere bei hohen Temperaturen und starker Sonneneinstrahlung. Bei kalter Witterung kann die Anhaftung der Folie auf der Blechau\u00dfenseite h\u00f6her sein. Die Schutzfolie ist unmittelbar nach der Montage zu entfernen. Die Metalltemperatur muss hierbei mindestens 7\u00b0 C betragen. Unter 7\u00b0 C Metalltemperatur darf die Folie nicht entfernt werden. Die Folie sollte nicht in die Verbindungen, wie z.B. Falze mit eingearbeitet werden. Der kalkulatorische Mehraufwand f\u00fcr die Entfernung der Folie ist zu ber\u00fccksichtigen.<\/p>\n<p><strong>Verarbeitung<\/strong><br \/>\nNedZink NOVA kann mit den \u00fcblichen Handwerkstechniken verarbeitet werden, da die Materialeigenschaften des Titanzinks erhalten bleiben. Somit ist auch die L\u00f6ttechnik unter Verwendung eines geeigneten Flussmittels einsetzbar.<\/p>\n<h3>Intensive Taubildung \/ N\u00e4sseeinwirkung<\/h3>\n<p>Bei neu montierten NedZink Bauteilen k\u00f6nnen wei\u00dfe Verf\u00e4rbungen auftreten, die aufgrund einer langanhaltenden N\u00e4sseeinwirkung oder intensiver Taubildung entstehen. Dies kann z.B. auf unsachgem\u00e4\u00dfe Lagerung, Abdecken mit luftundurchl\u00e4ssigen Folien oder Witterungseinfl\u00fcssen geschehen. Es bildet sich Zinkhydroxid, ein lockeres, poriges Korrosionsprodukt. Zeigt sich dies lediglich als geringe wei\u00dfliche Verf\u00e4rbung, wird sie im Zuge der nat\u00fcrlichen Patinabildung r\u00fcckstandsfrei in die Schutzschicht \u00fcbergehen. Ist die Zinkhydroxidbildung nicht zu sehr ausgepr\u00e4gt, kann das Korrosionsprodukt ohne Beeintr\u00e4chtigung der Blechdicke durch B\u00fcrsten und nachfolgendes Abwaschen entfernt werden. Die dann zur\u00fcckbleibenden dunkleren Stellen werden mit der Zeit durch die Patinabildung des umgebenden Materials angeglichen und sind dann nicht mehr zu unterscheiden.[\/vc_column_text][\/vc_column][\/vc_row]\n","protected":false},"excerpt":{"rendered":"<p>[vc_row][vc_column width=&#8220;2\/3&#8243;][vc_column_text css=&#8220;.vc_custom_1565696570042{margin-bottom: 0px !important;}&#8220;] NedZink NATUREL Seine au\u00dferordentliche Korrosionsbest\u00e4ndigkeit verdankt Titanzink der zinktypischen Eigenschaft, an der Atmosph\u00e4re selbstst\u00e4ndig eine dichte und festhaftende Schutzschicht zu bilden. Auf der walzblanken Oberfl\u00e4che bildet sich mit dem Sauerstoff der Luft zun\u00e4chst das Zinkoxid: Zn + O2 \u2192 ZnO Durch die Einwirkung von Umgebungsfeuchte bildet sich danach allm\u00e4hlich Zinkhydroxid: [&hellip;]<\/p>\n","protected":false},"author":9,"featured_media":0,"parent":24857,"menu_order":480,"comment_status":"closed","ping_status":"closed","template":"template-import.php","meta":{"_acf_changed":false,"footnotes":""},"class_list":["post-24917","page","type-page","status-publish","hentry"],"acf":[],"yoast_head":"<!-- This site is optimized with the Yoast SEO plugin v26.8 - https:\/\/yoast.com\/product\/yoast-seo-wordpress\/ -->\n<title>Bewitterung \/ Tauwasserbildung \u2013 NedZink<\/title>\n<meta name=\"description\" content=\"Titaanzink dankt zijn uitstekende corrosiebestendigheid aan de spontane vorming van een onoplosbare laag op het oppervlak. Lees meer op onze website!\" \/>\n<meta name=\"robots\" content=\"index, follow, max-snippet:-1, max-image-preview:large, max-video-preview:-1\" \/>\n<link rel=\"canonical\" href=\"https:\/\/www.nedzink.com\/de\/produkteigenschaften-titanzink\/bewitterung-tauwasserbildung\/\" \/>\n<meta property=\"og:locale\" content=\"de_DE\" \/>\n<meta property=\"og:type\" content=\"article\" \/>\n<meta property=\"og:title\" content=\"Bewitterung \/ Tauwasserbildung \u2013 NedZink\" \/>\n<meta property=\"og:description\" content=\"Titaanzink dankt zijn uitstekende corrosiebestendigheid aan de spontane vorming van een onoplosbare laag op het oppervlak. Lees meer op onze website!\" \/>\n<meta property=\"og:url\" content=\"https:\/\/www.nedzink.com\/de\/produkteigenschaften-titanzink\/bewitterung-tauwasserbildung\/\" \/>\n<meta property=\"og:site_name\" content=\"NedZink\" \/>\n<meta property=\"article:modified_time\" content=\"2019-08-13T11:46:03+00:00\" \/>\n<meta property=\"og:image\" content=\"http:\/\/www.nedzink.nl\/\/media\/vierkant_250x250\/gmbh_3.jpg\" \/>\n<meta name=\"twitter:card\" content=\"summary_large_image\" \/>\n<meta name=\"twitter:label1\" content=\"Gesch\u00e4tzte Lesezeit\" \/>\n\t<meta name=\"twitter:data1\" content=\"5\u00a0Minuten\" \/>\n<script type=\"application\/ld+json\" class=\"yoast-schema-graph\">{\"@context\":\"https:\/\/schema.org\",\"@graph\":[{\"@type\":\"WebPage\",\"@id\":\"https:\/\/www.nedzink.com\/de\/produkteigenschaften-titanzink\/bewitterung-tauwasserbildung\/\",\"url\":\"https:\/\/www.nedzink.com\/de\/produkteigenschaften-titanzink\/bewitterung-tauwasserbildung\/\",\"name\":\"Bewitterung \/ Tauwasserbildung \u2013 NedZink\",\"isPartOf\":{\"@id\":\"https:\/\/www.nedzink.com\/de\/#website\"},\"primaryImageOfPage\":{\"@id\":\"https:\/\/www.nedzink.com\/de\/produkteigenschaften-titanzink\/bewitterung-tauwasserbildung\/#primaryimage\"},\"image\":{\"@id\":\"https:\/\/www.nedzink.com\/de\/produkteigenschaften-titanzink\/bewitterung-tauwasserbildung\/#primaryimage\"},\"thumbnailUrl\":\"http:\/\/www.nedzink.nl\/\/media\/vierkant_250x250\/gmbh_3.jpg\",\"datePublished\":\"2019-05-06T14:26:15+00:00\",\"dateModified\":\"2019-08-13T11:46:03+00:00\",\"description\":\"Titaanzink dankt zijn uitstekende corrosiebestendigheid aan de spontane vorming van een onoplosbare laag op het oppervlak. Lees meer op onze website!\",\"breadcrumb\":{\"@id\":\"https:\/\/www.nedzink.com\/de\/produkteigenschaften-titanzink\/bewitterung-tauwasserbildung\/#breadcrumb\"},\"inLanguage\":\"de\",\"potentialAction\":[{\"@type\":\"ReadAction\",\"target\":[\"https:\/\/www.nedzink.com\/de\/produkteigenschaften-titanzink\/bewitterung-tauwasserbildung\/\"]}]},{\"@type\":\"ImageObject\",\"inLanguage\":\"de\",\"@id\":\"https:\/\/www.nedzink.com\/de\/produkteigenschaften-titanzink\/bewitterung-tauwasserbildung\/#primaryimage\",\"url\":\"http:\/\/www.nedzink.nl\/\/media\/vierkant_250x250\/gmbh_3.jpg\",\"contentUrl\":\"http:\/\/www.nedzink.nl\/\/media\/vierkant_250x250\/gmbh_3.jpg\"},{\"@type\":\"BreadcrumbList\",\"@id\":\"https:\/\/www.nedzink.com\/de\/produkteigenschaften-titanzink\/bewitterung-tauwasserbildung\/#breadcrumb\",\"itemListElement\":[{\"@type\":\"ListItem\",\"position\":1,\"name\":\"Home\",\"item\":\"https:\/\/www.nedzink.com\/de\/\"},{\"@type\":\"ListItem\",\"position\":2,\"name\":\"Produkteigenschaften Titanzink\",\"item\":\"https:\/\/www.nedzink.com\/de\/produkteigenschaften-titanzink\/\"},{\"@type\":\"ListItem\",\"position\":3,\"name\":\"Bewitterung \/ Tauwasserbildung\"}]},{\"@type\":\"WebSite\",\"@id\":\"https:\/\/www.nedzink.com\/de\/#website\",\"url\":\"https:\/\/www.nedzink.com\/de\/\",\"name\":\"NedZink\",\"description\":\"Zink fabrikant\",\"publisher\":{\"@id\":\"https:\/\/www.nedzink.com\/de\/#organization\"},\"potentialAction\":[{\"@type\":\"SearchAction\",\"target\":{\"@type\":\"EntryPoint\",\"urlTemplate\":\"https:\/\/www.nedzink.com\/de\/?s={search_term_string}\"},\"query-input\":{\"@type\":\"PropertyValueSpecification\",\"valueRequired\":true,\"valueName\":\"search_term_string\"}}],\"inLanguage\":\"de\"},{\"@type\":\"Organization\",\"@id\":\"https:\/\/www.nedzink.com\/de\/#organization\",\"name\":\"NedZink\",\"url\":\"https:\/\/www.nedzink.com\/de\/\",\"logo\":{\"@type\":\"ImageObject\",\"inLanguage\":\"de\",\"@id\":\"https:\/\/www.nedzink.com\/de\/#\/schema\/logo\/image\/\",\"url\":\"https:\/\/www.nedzink.com\/wp-content\/uploads\/2019\/08\/logo-nedzink_fc_zk.jpg\",\"contentUrl\":\"https:\/\/www.nedzink.com\/wp-content\/uploads\/2019\/08\/logo-nedzink_fc_zk.jpg\",\"width\":2160,\"height\":688,\"caption\":\"NedZink\"},\"image\":{\"@id\":\"https:\/\/www.nedzink.com\/de\/#\/schema\/logo\/image\/\"}}]}<\/script>\n<!-- \/ Yoast SEO plugin. -->","yoast_head_json":{"title":"Bewitterung \/ Tauwasserbildung \u2013 NedZink","description":"Titaanzink dankt zijn uitstekende corrosiebestendigheid aan de spontane vorming van een onoplosbare laag op het oppervlak. Lees meer op onze website!","robots":{"index":"index","follow":"follow","max-snippet":"max-snippet:-1","max-image-preview":"max-image-preview:large","max-video-preview":"max-video-preview:-1"},"canonical":"https:\/\/www.nedzink.com\/de\/produkteigenschaften-titanzink\/bewitterung-tauwasserbildung\/","og_locale":"de_DE","og_type":"article","og_title":"Bewitterung \/ Tauwasserbildung \u2013 NedZink","og_description":"Titaanzink dankt zijn uitstekende corrosiebestendigheid aan de spontane vorming van een onoplosbare laag op het oppervlak. Lees meer op onze website!","og_url":"https:\/\/www.nedzink.com\/de\/produkteigenschaften-titanzink\/bewitterung-tauwasserbildung\/","og_site_name":"NedZink","article_modified_time":"2019-08-13T11:46:03+00:00","og_image":[{"url":"http:\/\/www.nedzink.nl\/\/media\/vierkant_250x250\/gmbh_3.jpg","type":"","width":"","height":""}],"twitter_card":"summary_large_image","twitter_misc":{"Gesch\u00e4tzte Lesezeit":"5\u00a0Minuten"},"schema":{"@context":"https:\/\/schema.org","@graph":[{"@type":"WebPage","@id":"https:\/\/www.nedzink.com\/de\/produkteigenschaften-titanzink\/bewitterung-tauwasserbildung\/","url":"https:\/\/www.nedzink.com\/de\/produkteigenschaften-titanzink\/bewitterung-tauwasserbildung\/","name":"Bewitterung \/ Tauwasserbildung \u2013 NedZink","isPartOf":{"@id":"https:\/\/www.nedzink.com\/de\/#website"},"primaryImageOfPage":{"@id":"https:\/\/www.nedzink.com\/de\/produkteigenschaften-titanzink\/bewitterung-tauwasserbildung\/#primaryimage"},"image":{"@id":"https:\/\/www.nedzink.com\/de\/produkteigenschaften-titanzink\/bewitterung-tauwasserbildung\/#primaryimage"},"thumbnailUrl":"http:\/\/www.nedzink.nl\/\/media\/vierkant_250x250\/gmbh_3.jpg","datePublished":"2019-05-06T14:26:15+00:00","dateModified":"2019-08-13T11:46:03+00:00","description":"Titaanzink dankt zijn uitstekende corrosiebestendigheid aan de spontane vorming van een onoplosbare laag op het oppervlak. Lees meer op onze website!","breadcrumb":{"@id":"https:\/\/www.nedzink.com\/de\/produkteigenschaften-titanzink\/bewitterung-tauwasserbildung\/#breadcrumb"},"inLanguage":"de","potentialAction":[{"@type":"ReadAction","target":["https:\/\/www.nedzink.com\/de\/produkteigenschaften-titanzink\/bewitterung-tauwasserbildung\/"]}]},{"@type":"ImageObject","inLanguage":"de","@id":"https:\/\/www.nedzink.com\/de\/produkteigenschaften-titanzink\/bewitterung-tauwasserbildung\/#primaryimage","url":"http:\/\/www.nedzink.nl\/\/media\/vierkant_250x250\/gmbh_3.jpg","contentUrl":"http:\/\/www.nedzink.nl\/\/media\/vierkant_250x250\/gmbh_3.jpg"},{"@type":"BreadcrumbList","@id":"https:\/\/www.nedzink.com\/de\/produkteigenschaften-titanzink\/bewitterung-tauwasserbildung\/#breadcrumb","itemListElement":[{"@type":"ListItem","position":1,"name":"Home","item":"https:\/\/www.nedzink.com\/de\/"},{"@type":"ListItem","position":2,"name":"Produkteigenschaften Titanzink","item":"https:\/\/www.nedzink.com\/de\/produkteigenschaften-titanzink\/"},{"@type":"ListItem","position":3,"name":"Bewitterung \/ Tauwasserbildung"}]},{"@type":"WebSite","@id":"https:\/\/www.nedzink.com\/de\/#website","url":"https:\/\/www.nedzink.com\/de\/","name":"NedZink","description":"Zink fabrikant","publisher":{"@id":"https:\/\/www.nedzink.com\/de\/#organization"},"potentialAction":[{"@type":"SearchAction","target":{"@type":"EntryPoint","urlTemplate":"https:\/\/www.nedzink.com\/de\/?s={search_term_string}"},"query-input":{"@type":"PropertyValueSpecification","valueRequired":true,"valueName":"search_term_string"}}],"inLanguage":"de"},{"@type":"Organization","@id":"https:\/\/www.nedzink.com\/de\/#organization","name":"NedZink","url":"https:\/\/www.nedzink.com\/de\/","logo":{"@type":"ImageObject","inLanguage":"de","@id":"https:\/\/www.nedzink.com\/de\/#\/schema\/logo\/image\/","url":"https:\/\/www.nedzink.com\/wp-content\/uploads\/2019\/08\/logo-nedzink_fc_zk.jpg","contentUrl":"https:\/\/www.nedzink.com\/wp-content\/uploads\/2019\/08\/logo-nedzink_fc_zk.jpg","width":2160,"height":688,"caption":"NedZink"},"image":{"@id":"https:\/\/www.nedzink.com\/de\/#\/schema\/logo\/image\/"}}]}},"_links":{"self":[{"href":"https:\/\/www.nedzink.com\/de\/wp-json\/wp\/v2\/pages\/24917","targetHints":{"allow":["GET"]}}],"collection":[{"href":"https:\/\/www.nedzink.com\/de\/wp-json\/wp\/v2\/pages"}],"about":[{"href":"https:\/\/www.nedzink.com\/de\/wp-json\/wp\/v2\/types\/page"}],"author":[{"embeddable":true,"href":"https:\/\/www.nedzink.com\/de\/wp-json\/wp\/v2\/users\/9"}],"replies":[{"embeddable":true,"href":"https:\/\/www.nedzink.com\/de\/wp-json\/wp\/v2\/comments?post=24917"}],"version-history":[{"count":0,"href":"https:\/\/www.nedzink.com\/de\/wp-json\/wp\/v2\/pages\/24917\/revisions"}],"up":[{"embeddable":true,"href":"https:\/\/www.nedzink.com\/de\/wp-json\/wp\/v2\/pages\/24857"}],"wp:attachment":[{"href":"https:\/\/www.nedzink.com\/de\/wp-json\/wp\/v2\/media?parent=24917"}],"curies":[{"name":"wp","href":"https:\/\/api.w.org\/{rel}","templated":true}]}}