{"id":24907,"date":"2019-05-06T16:26:13","date_gmt":"2019-05-06T14:26:13","guid":{"rendered":"http:\/\/136.144.181.85\/~nedzink\/produkteigenschaften-titanzink\/technische-daten\/kupfer\/"},"modified":"2019-09-30T13:02:41","modified_gmt":"2019-09-30T11:02:41","slug":"kupfer","status":"publish","type":"page","link":"https:\/\/www.nedzink.com\/de\/produkteigenschaften-titanzink\/technische-daten\/kupfer\/","title":{"rendered":"Kupfer"},"content":{"rendered":"<h2>Baumetall mit langer Tradition und exzellenten Eigenschaften<\/h2>\n<p>Wesentliche Gr\u00fcnde f\u00fcr die seit Jahrhunderten popul\u00e4re Verwendung von Kupfer in der Architektur sind die gute Verarbeitbarkeit als auch die \u00e4sthetisch ansprechende Oberfl\u00e4che. So beeinflusst die sich im Zuge ihrer nat\u00fcrlichen Bewitterung stets ver\u00e4ndernde Patina (Schutzschicht) das Aussehen eines Geb\u00e4udes. Dabei geht der urspr\u00fcngliche, r\u00f6tliche Kupferglanz allm\u00e4hlich in eine Abfolge von braunen Farbt\u00f6nen \u00fcber, bevor geneigte Oberfl\u00e4chen unter bestimmten Umwelteinfl\u00fcssen ihr charakteristisches gr\u00fcnes Erscheinungsbild annehmen. Qualit\u00e4t, Langlebigkeit und \u00c4sthetik sind Argumente mit denen das Material seit Jahrhunderten \u00fcberzeugt.<\/p>\n<p><img decoding=\"async\" style=\"margin: 1px 3px; width: 690px; height: 157px; border: 0px solid;\" src=\"https:\/\/www.nedzink.com\/wp-content\/uploads\/import\/cms\/userfiles\/images\/oberflachen-6.jpg\" \/><\/p>\n<h2>Produktbeschreibung<\/h2>\n<p>Das von NedZink gelieferte Kupfer entspricht den Anforderungen der DIN EN 1172 \u2013 Kupfer- und Kupferlegierungen; Bleche und B\u00e4nder f\u00fcr das Bauwesen. Verwendung findet ausschlie\u00dflich Cu-DHP \u2013 sauerstofffreies, phosphordesoxidiertes Kupfer mit einem Reinheitsgrad von min. 99.9 % Kupfer. Diese Kupfersorte ist hervorragend verformbar, hat eine hohe Bruchdehnung und ist auch f\u00fcr Verbindungstechniken mit hohen Temperaturen, z.B. Hartl\u00f6ten und Schwei\u00dfen, geeignet. Die walzblanke Oberfl\u00e4che der Produkte weist eine geringe Restfettigkeit aus dem Produktionsprozess auf. Dies geschieht ganz bewusst, damit das Material auch mit seiner \u201ewalzblanken\u201c, rotgoldgl\u00e4nzenden Kupferoberfl\u00e4che zum Einsatz kommt. Bei Bewitterung nach Montage wird diese Schicht dann abgetragen und das Material bildet die Patina aus. Dieser Prozess erfolgt je nach Einbaurichtung und \u2013 neigung unterschiedlich schnell und gleichm\u00e4\u00dfig. Eine stabile, gleichm\u00e4\u00dfige Optik wird daher im Verlaufe von wenigen Wochen bis zu einem Jahr erreicht.<\/p>\n<h2>Produktqualit\u00e4t und Kennzeichnung<\/h2>\n<p>Das fremdzertifizierte Qualit\u00e4tsmanagement von NedZink nach DIN EN ISO 9001:2008 garantiert ein gleichbleibend hohes Qualit\u00e4tsniveau.<\/p>\n<p>Alle Produkte werden mit einer durchlaufenden Stempelung nach den Bestimmungen der Norm auf der R\u00fcckseite der Produkte versehen. Ober- und Unterseite sollten m\u00f6glichst nicht direkt nebeneinander montiert werden.<\/p>\n<h2>Anwendungsm\u00f6glichkeiten und Verarbeitung<\/h2>\n<p>Fortschrittliche Anwendungstechniken und die damit erh\u00f6hten Qualit\u00e4tsvoraussetzungen bei der Umarbeitung von Kupferwalzmaterial im Bedachungs- und Entw\u00e4sserungsbereich sowie Fassadenbau, setzen entsprechende Materialeigenschaften voraus.<\/p>\n<p>Kupfer hat die h\u00f6chste Bruchdehnung von allen Baumetallen und ist deshalb gerade bei komplizierten Anschl\u00fcssen mit starken Verformungen des Materials besonders geeignet. In diesen Bereichen werden entsprechend weiche Qualit\u00e4ten (R220) verwendet, w\u00e4hrend bei fl\u00e4chigen Dacheindeckungen und Fassadenbekleidungen sowie in der Dachentw\u00e4sserung \u00fcblicherweise Cu-DHP R240 eingesetzt wird. NedZink bietet das Kupfer Halbzeug in den handels\u00fcblichen Abmessungen in Form von B\u00e4ndern, Tafeln und Streifen an. Dar\u00fcber hinaus sind folgende vorgefertigte Produkte lieferbar:<\/p>\n<ul>\n<li>\n<p class=\"platte-tekst\">\u00a0Dachentw\u00e4sserung inkl. Zubeh\u00f6r<\/p>\n<\/li>\n<li>\n<p class=\"platte-tekst\">\u00a0Bauprofile<\/p>\n<\/li>\n<li>\n<p class=\"platte-tekst\">\u00a0Falzscharen<\/p>\n<\/li>\n<li>\n<p class=\"platte-tekst\">\u00a0Fassadenbekleidungen<\/p>\n<\/li>\n<\/ul>\n<p>F\u00fcr weitere Informationen \u00fcber das Lieferprogramm und die Verarbeitung von NedZink Produkten besuchen Sie bitte unsere Internetseiten <a href=\"http:\/\/www.nedzink.de\/\">www.nedzink.de<\/a> und <a href=\"https:\/\/www.nedzink.com\/\">www.nedzink.com<\/a>.<\/p>\n<table style=\"border-collapse: collapse;\" border=\"1\">\n<tbody>\n<tr>\n<td style=\"text-align: left; background-color: #008ace; color: #ffffff; font-weight: bold;\" colspan=\"2\">Mechanisch-physikalisch-technologische Angaben<\/td>\n<\/tr>\n<tr>\n<td>W\u00e4rmedehnung<\/td>\n<td>1,7 mm\/m (bei t =100 K)<\/td>\n<\/tr>\n<tr>\n<td>Spezifisches Gewicht<\/td>\n<td>8,93 kg\/dm3<\/td>\n<\/tr>\n<tr>\n<td>Schmelzpunkt<\/td>\n<td>1083 \u00b0C<\/td>\n<\/tr>\n<tr>\n<td><\/td>\n<td><\/td>\n<\/tr>\n<tr>\n<td style=\"text-align: left; background-color: #008ace; color: #ffffff; font-weight: bold;\" colspan=\"2\">Zugfestigkeit (Rm)<\/td>\n<\/tr>\n<tr>\n<td>R 220 (weich)<\/td>\n<td>220-260 N\/mm2<\/td>\n<\/tr>\n<tr>\n<td>R 240 (halbhart)<\/td>\n<td>240-300 N\/mm2<\/td>\n<\/tr>\n<tr>\n<td><\/td>\n<td><\/td>\n<\/tr>\n<tr>\n<td style=\"text-align: left; background-color: #008ace; color: #ffffff; font-weight: bold;\" colspan=\"2\">Bruchdehnung (A5)<\/td>\n<\/tr>\n<tr>\n<td>R 220 (weich)<\/td>\n<td>42%<\/td>\n<\/tr>\n<tr>\n<td>R 240 (halbhart)<\/td>\n<td>15%<\/td>\n<\/tr>\n<\/tbody>\n<\/table>\n<p>&nbsp;<\/p>\n","protected":false},"excerpt":{"rendered":"<p>Baumetall mit langer Tradition und exzellenten Eigenschaften Wesentliche Gr\u00fcnde f\u00fcr die seit Jahrhunderten popul\u00e4re Verwendung von Kupfer in der Architektur sind die gute Verarbeitbarkeit als auch die \u00e4sthetisch ansprechende Oberfl\u00e4che. So beeinflusst die sich im Zuge ihrer nat\u00fcrlichen Bewitterung stets ver\u00e4ndernde Patina (Schutzschicht) das Aussehen eines Geb\u00e4udes. Dabei geht der urspr\u00fcngliche, r\u00f6tliche Kupferglanz allm\u00e4hlich in [&hellip;]<\/p>\n","protected":false},"author":9,"featured_media":0,"parent":24867,"menu_order":470,"comment_status":"closed","ping_status":"closed","template":"template-import.php","meta":{"_acf_changed":false,"footnotes":""},"class_list":["post-24907","page","type-page","status-publish","hentry"],"acf":[],"yoast_head":"<!-- This site is optimized with the Yoast SEO plugin v26.8 - https:\/\/yoast.com\/product\/yoast-seo-wordpress\/ -->\n<title>Kupfer \u2013 NedZink<\/title>\n<meta name=\"robots\" content=\"index, follow, max-snippet:-1, max-image-preview:large, max-video-preview:-1\" \/>\n<link rel=\"canonical\" href=\"https:\/\/www.nedzink.com\/de\/produkteigenschaften-titanzink\/technische-daten\/kupfer\/\" \/>\n<meta property=\"og:locale\" content=\"de_DE\" \/>\n<meta property=\"og:type\" content=\"article\" \/>\n<meta property=\"og:title\" content=\"Kupfer \u2013 NedZink\" \/>\n<meta property=\"og:description\" content=\"Baumetall mit langer Tradition und exzellenten Eigenschaften Wesentliche Gr\u00fcnde f\u00fcr die seit Jahrhunderten popul\u00e4re Verwendung von Kupfer in der Architektur sind die gute Verarbeitbarkeit als auch die \u00e4sthetisch ansprechende Oberfl\u00e4che. So beeinflusst die sich im Zuge ihrer nat\u00fcrlichen Bewitterung stets ver\u00e4ndernde Patina (Schutzschicht) das Aussehen eines Geb\u00e4udes. Dabei geht der urspr\u00fcngliche, r\u00f6tliche Kupferglanz allm\u00e4hlich in [&hellip;]\" \/>\n<meta property=\"og:url\" content=\"https:\/\/www.nedzink.com\/de\/produkteigenschaften-titanzink\/technische-daten\/kupfer\/\" \/>\n<meta property=\"og:site_name\" content=\"NedZink\" \/>\n<meta property=\"article:modified_time\" content=\"2019-09-30T11:02:41+00:00\" \/>\n<meta property=\"og:image\" content=\"https:\/\/www.nedzink.com\/wp-content\/uploads\/import\/cms\/userfiles\/images\/oberflachen-6.jpg\" \/>\n<meta name=\"twitter:card\" content=\"summary_large_image\" \/>\n<meta name=\"twitter:label1\" content=\"Gesch\u00e4tzte Lesezeit\" \/>\n\t<meta name=\"twitter:data1\" content=\"2\u00a0Minuten\" \/>\n<script type=\"application\/ld+json\" class=\"yoast-schema-graph\">{\"@context\":\"https:\/\/schema.org\",\"@graph\":[{\"@type\":\"WebPage\",\"@id\":\"https:\/\/www.nedzink.com\/de\/produkteigenschaften-titanzink\/technische-daten\/kupfer\/\",\"url\":\"https:\/\/www.nedzink.com\/de\/produkteigenschaften-titanzink\/technische-daten\/kupfer\/\",\"name\":\"Kupfer \u2013 NedZink\",\"isPartOf\":{\"@id\":\"https:\/\/www.nedzink.com\/de\/#website\"},\"primaryImageOfPage\":{\"@id\":\"https:\/\/www.nedzink.com\/de\/produkteigenschaften-titanzink\/technische-daten\/kupfer\/#primaryimage\"},\"image\":{\"@id\":\"https:\/\/www.nedzink.com\/de\/produkteigenschaften-titanzink\/technische-daten\/kupfer\/#primaryimage\"},\"thumbnailUrl\":\"https:\/\/www.nedzink.com\/wp-content\/uploads\/import\/cms\/userfiles\/images\/oberflachen-6.jpg\",\"datePublished\":\"2019-05-06T14:26:13+00:00\",\"dateModified\":\"2019-09-30T11:02:41+00:00\",\"breadcrumb\":{\"@id\":\"https:\/\/www.nedzink.com\/de\/produkteigenschaften-titanzink\/technische-daten\/kupfer\/#breadcrumb\"},\"inLanguage\":\"de\",\"potentialAction\":[{\"@type\":\"ReadAction\",\"target\":[\"https:\/\/www.nedzink.com\/de\/produkteigenschaften-titanzink\/technische-daten\/kupfer\/\"]}]},{\"@type\":\"ImageObject\",\"inLanguage\":\"de\",\"@id\":\"https:\/\/www.nedzink.com\/de\/produkteigenschaften-titanzink\/technische-daten\/kupfer\/#primaryimage\",\"url\":\"https:\/\/www.nedzink.com\/wp-content\/uploads\/import\/cms\/userfiles\/images\/oberflachen-6.jpg\",\"contentUrl\":\"https:\/\/www.nedzink.com\/wp-content\/uploads\/import\/cms\/userfiles\/images\/oberflachen-6.jpg\"},{\"@type\":\"BreadcrumbList\",\"@id\":\"https:\/\/www.nedzink.com\/de\/produkteigenschaften-titanzink\/technische-daten\/kupfer\/#breadcrumb\",\"itemListElement\":[{\"@type\":\"ListItem\",\"position\":1,\"name\":\"Home\",\"item\":\"https:\/\/www.nedzink.com\/de\/\"},{\"@type\":\"ListItem\",\"position\":2,\"name\":\"Produkteigenschaften Titanzink\",\"item\":\"https:\/\/www.nedzink.com\/de\/produkteigenschaften-titanzink\/\"},{\"@type\":\"ListItem\",\"position\":3,\"name\":\"Technische Daten\",\"item\":\"https:\/\/www.nedzink.com\/de\/produkteigenschaften-titanzink\/technische-daten\/\"},{\"@type\":\"ListItem\",\"position\":4,\"name\":\"Kupfer\"}]},{\"@type\":\"WebSite\",\"@id\":\"https:\/\/www.nedzink.com\/de\/#website\",\"url\":\"https:\/\/www.nedzink.com\/de\/\",\"name\":\"NedZink\",\"description\":\"Zink fabrikant\",\"publisher\":{\"@id\":\"https:\/\/www.nedzink.com\/de\/#organization\"},\"potentialAction\":[{\"@type\":\"SearchAction\",\"target\":{\"@type\":\"EntryPoint\",\"urlTemplate\":\"https:\/\/www.nedzink.com\/de\/?s={search_term_string}\"},\"query-input\":{\"@type\":\"PropertyValueSpecification\",\"valueRequired\":true,\"valueName\":\"search_term_string\"}}],\"inLanguage\":\"de\"},{\"@type\":\"Organization\",\"@id\":\"https:\/\/www.nedzink.com\/de\/#organization\",\"name\":\"NedZink\",\"url\":\"https:\/\/www.nedzink.com\/de\/\",\"logo\":{\"@type\":\"ImageObject\",\"inLanguage\":\"de\",\"@id\":\"https:\/\/www.nedzink.com\/de\/#\/schema\/logo\/image\/\",\"url\":\"https:\/\/www.nedzink.com\/wp-content\/uploads\/2019\/08\/logo-nedzink_fc_zk.jpg\",\"contentUrl\":\"https:\/\/www.nedzink.com\/wp-content\/uploads\/2019\/08\/logo-nedzink_fc_zk.jpg\",\"width\":2160,\"height\":688,\"caption\":\"NedZink\"},\"image\":{\"@id\":\"https:\/\/www.nedzink.com\/de\/#\/schema\/logo\/image\/\"}}]}<\/script>\n<!-- \/ Yoast SEO plugin. -->","yoast_head_json":{"title":"Kupfer \u2013 NedZink","robots":{"index":"index","follow":"follow","max-snippet":"max-snippet:-1","max-image-preview":"max-image-preview:large","max-video-preview":"max-video-preview:-1"},"canonical":"https:\/\/www.nedzink.com\/de\/produkteigenschaften-titanzink\/technische-daten\/kupfer\/","og_locale":"de_DE","og_type":"article","og_title":"Kupfer \u2013 NedZink","og_description":"Baumetall mit langer Tradition und exzellenten Eigenschaften Wesentliche Gr\u00fcnde f\u00fcr die seit Jahrhunderten popul\u00e4re Verwendung von Kupfer in der Architektur sind die gute Verarbeitbarkeit als auch die \u00e4sthetisch ansprechende Oberfl\u00e4che. So beeinflusst die sich im Zuge ihrer nat\u00fcrlichen Bewitterung stets ver\u00e4ndernde Patina (Schutzschicht) das Aussehen eines Geb\u00e4udes. Dabei geht der urspr\u00fcngliche, r\u00f6tliche Kupferglanz allm\u00e4hlich in [&hellip;]","og_url":"https:\/\/www.nedzink.com\/de\/produkteigenschaften-titanzink\/technische-daten\/kupfer\/","og_site_name":"NedZink","article_modified_time":"2019-09-30T11:02:41+00:00","og_image":[{"url":"https:\/\/www.nedzink.com\/wp-content\/uploads\/import\/cms\/userfiles\/images\/oberflachen-6.jpg","type":"","width":"","height":""}],"twitter_card":"summary_large_image","twitter_misc":{"Gesch\u00e4tzte Lesezeit":"2\u00a0Minuten"},"schema":{"@context":"https:\/\/schema.org","@graph":[{"@type":"WebPage","@id":"https:\/\/www.nedzink.com\/de\/produkteigenschaften-titanzink\/technische-daten\/kupfer\/","url":"https:\/\/www.nedzink.com\/de\/produkteigenschaften-titanzink\/technische-daten\/kupfer\/","name":"Kupfer \u2013 NedZink","isPartOf":{"@id":"https:\/\/www.nedzink.com\/de\/#website"},"primaryImageOfPage":{"@id":"https:\/\/www.nedzink.com\/de\/produkteigenschaften-titanzink\/technische-daten\/kupfer\/#primaryimage"},"image":{"@id":"https:\/\/www.nedzink.com\/de\/produkteigenschaften-titanzink\/technische-daten\/kupfer\/#primaryimage"},"thumbnailUrl":"https:\/\/www.nedzink.com\/wp-content\/uploads\/import\/cms\/userfiles\/images\/oberflachen-6.jpg","datePublished":"2019-05-06T14:26:13+00:00","dateModified":"2019-09-30T11:02:41+00:00","breadcrumb":{"@id":"https:\/\/www.nedzink.com\/de\/produkteigenschaften-titanzink\/technische-daten\/kupfer\/#breadcrumb"},"inLanguage":"de","potentialAction":[{"@type":"ReadAction","target":["https:\/\/www.nedzink.com\/de\/produkteigenschaften-titanzink\/technische-daten\/kupfer\/"]}]},{"@type":"ImageObject","inLanguage":"de","@id":"https:\/\/www.nedzink.com\/de\/produkteigenschaften-titanzink\/technische-daten\/kupfer\/#primaryimage","url":"https:\/\/www.nedzink.com\/wp-content\/uploads\/import\/cms\/userfiles\/images\/oberflachen-6.jpg","contentUrl":"https:\/\/www.nedzink.com\/wp-content\/uploads\/import\/cms\/userfiles\/images\/oberflachen-6.jpg"},{"@type":"BreadcrumbList","@id":"https:\/\/www.nedzink.com\/de\/produkteigenschaften-titanzink\/technische-daten\/kupfer\/#breadcrumb","itemListElement":[{"@type":"ListItem","position":1,"name":"Home","item":"https:\/\/www.nedzink.com\/de\/"},{"@type":"ListItem","position":2,"name":"Produkteigenschaften Titanzink","item":"https:\/\/www.nedzink.com\/de\/produkteigenschaften-titanzink\/"},{"@type":"ListItem","position":3,"name":"Technische Daten","item":"https:\/\/www.nedzink.com\/de\/produkteigenschaften-titanzink\/technische-daten\/"},{"@type":"ListItem","position":4,"name":"Kupfer"}]},{"@type":"WebSite","@id":"https:\/\/www.nedzink.com\/de\/#website","url":"https:\/\/www.nedzink.com\/de\/","name":"NedZink","description":"Zink fabrikant","publisher":{"@id":"https:\/\/www.nedzink.com\/de\/#organization"},"potentialAction":[{"@type":"SearchAction","target":{"@type":"EntryPoint","urlTemplate":"https:\/\/www.nedzink.com\/de\/?s={search_term_string}"},"query-input":{"@type":"PropertyValueSpecification","valueRequired":true,"valueName":"search_term_string"}}],"inLanguage":"de"},{"@type":"Organization","@id":"https:\/\/www.nedzink.com\/de\/#organization","name":"NedZink","url":"https:\/\/www.nedzink.com\/de\/","logo":{"@type":"ImageObject","inLanguage":"de","@id":"https:\/\/www.nedzink.com\/de\/#\/schema\/logo\/image\/","url":"https:\/\/www.nedzink.com\/wp-content\/uploads\/2019\/08\/logo-nedzink_fc_zk.jpg","contentUrl":"https:\/\/www.nedzink.com\/wp-content\/uploads\/2019\/08\/logo-nedzink_fc_zk.jpg","width":2160,"height":688,"caption":"NedZink"},"image":{"@id":"https:\/\/www.nedzink.com\/de\/#\/schema\/logo\/image\/"}}]}},"_links":{"self":[{"href":"https:\/\/www.nedzink.com\/de\/wp-json\/wp\/v2\/pages\/24907","targetHints":{"allow":["GET"]}}],"collection":[{"href":"https:\/\/www.nedzink.com\/de\/wp-json\/wp\/v2\/pages"}],"about":[{"href":"https:\/\/www.nedzink.com\/de\/wp-json\/wp\/v2\/types\/page"}],"author":[{"embeddable":true,"href":"https:\/\/www.nedzink.com\/de\/wp-json\/wp\/v2\/users\/9"}],"replies":[{"embeddable":true,"href":"https:\/\/www.nedzink.com\/de\/wp-json\/wp\/v2\/comments?post=24907"}],"version-history":[{"count":0,"href":"https:\/\/www.nedzink.com\/de\/wp-json\/wp\/v2\/pages\/24907\/revisions"}],"up":[{"embeddable":true,"href":"https:\/\/www.nedzink.com\/de\/wp-json\/wp\/v2\/pages\/24867"}],"wp:attachment":[{"href":"https:\/\/www.nedzink.com\/de\/wp-json\/wp\/v2\/media?parent=24907"}],"curies":[{"name":"wp","href":"https:\/\/api.w.org\/{rel}","templated":true}]}}