{"id":24857,"date":"2019-05-06T16:26:03","date_gmt":"2019-05-06T14:26:03","guid":{"rendered":"http:\/\/136.144.181.85\/~nedzink\/produkteigenschaften-titanzink\/"},"modified":"2024-02-02T14:26:59","modified_gmt":"2024-02-02T13:26:59","slug":"produkteigenschaften-titanzink","status":"publish","type":"page","link":"https:\/\/www.nedzink.com\/de\/produkteigenschaften-titanzink\/","title":{"rendered":"Produkteigenschaften Titanzink"},"content":{"rendered":"[vc_row][vc_column width=&#8220;2\/3&#8243;][vc_column_text css=&#8220;.vc_custom_1706880405152{margin-bottom: 0px !important;}&#8220;]NedZink z\u00e4hlt weltweit zu den f\u00fchrenden Herstellen von Titanzinkprodukten f\u00fcr das Bauwesen. Grundlage der Produktion ist die Norm DIN EN 988, die f\u00fcr die Walzprodukte eine Legierung auf Basis von Elektrolyt-Feinzink mit einem Reinheitsgrad von min. 99,995 % Zn (Z1 nach DIN EN 1179) mit geringen Mengen an legiertem Kupfer, Titan und Aluminium vorschreibt.<\/p>\n<p>Dokumentiert werden die Parameter in der EN 988 welches folgende \u00a0Kriterien enth\u00e4lt:<\/p>\n<ul>\n<li>Chemische Zusammensetzung der Walzprodukte<\/li>\n<li>Mechanisch-technologische Eigenschaften<\/li>\n<li>Maximal zul\u00e4ssige Abmessungstoleranzen<\/li>\n<\/ul>\n<p>Das ISO-Zertifikat 9001 f\u00fcr das Qualit\u00e4tsmanagementsystem von NedZink garantiert ein einheitlich hohes Qualit\u00e4tsniveau. In den entscheidenden Punkten gehen die Werte deutlich \u00fcber die Anforderungen der DIN EN 988 hinausgeht.<\/p>\n<p>NedZink Material ist auf der R\u00fcckseite nach DIN EN 988 gestempelt und besitzt folgenden, durchgehenden Aufdruck:<\/p>\n<ul>\n<li>NedZink NTZ<\/li>\n<li>Der Name Titan Zink in den 4 Sprachen Niederl\u00e4ndisch, Deutsch, Franz\u00f6sisch und Englisch<\/li>\n<li>Produktnorm EN 988<\/li>\n<li>Die Nenndicke in mm<\/li>\n<li>Chargennummer<\/li>\n<li>Herstellungsjahr<\/li>\n<li>Logo von KOMO<\/li>\n<\/ul>\n<p><span id=\"aw-open-accordion\"><strong>\u2192 Weitere Informationen \u00fcber Titanzink<\/strong><\/span> <span id=\"aw-close-accordion\"><strong>\u2192 Erfahren Sie Mehr \u00fcber die producteigenschaften von Titanzink<\/strong><\/span><\/p>\n<div id=\"aw-accordion\">\n<h2>Die Vorteile von Titanzink<\/h2>\n<p>Titanzink ist eine nachhaltige Alternative zu verschiedenen, anderen Baumaterialien. Heutzutage gilt es als eines der nachhaltigsten Baustoffe, was durch mehrere Faktoren begr\u00fcndet ist.<\/p>\n<p>Titanzinkblech ist leicht und mit den \u00fcblichen Werkzeugen des Klempnerhandwerks zu verarbeiten. Aufgrund seiner hervorragenden Verarbeitungseigenschaften, der Anti-Fingerprint-Beschichtung (AFP) bei den werkseitig vorberwitterten Oberfl\u00e4chen und einer zus\u00e4tzlichen Folie bietet das Material weitere Vorteile hinsichtlich Oberfl\u00e4chenschutz im Zuge der Lagerung und Montage. Des Weiteren kann f\u00fcr Titanzink mit einer langen Lebensdauer gerechnet werden. Bei D\u00e4chern liegt die Lebensdauer bei ca. 70 Jahren und bei Fassadensystemen kann sogar von bis zu 100 Jahren ausgegangen werden. Selbst, bei Dachrinnen und Abwassersystemen kann von 30 bis 50 Jahren ausgegangen<\/p>\n<p>Au\u00dferdem hat Titanzink eine hervorragende Umweltbilanz. Das liegt daran, dass Titanzink einen geringen Beitrag bez\u00fcglich Treibhausgase, CO2 und S\u00e4uerung der Atmosph\u00e4re leistet. Aufgrund seines relativ hohen Material-Restwertes wird Zink auch in hohem Ma\u00dfe recycelt, was ebenfalls zur Umweltfreundlichkeit beitr\u00e4gt. Weitere Vorteile sind:<\/p>\n<ul>\n<li>Hohe Best\u00e4ndigkeit gegen Temperaturver\u00e4nderungen<\/li>\n<li>Wartungsfrei<\/li>\n<li>Langlebig<\/li>\n<li>Schmutzabweisend<\/li>\n<li>Zink ist selbstheilend &#8211; Zink baut eine selbstheilende Patinaschicht auf.<\/li>\n<li>NedZink f\u00fcr \u00e4sthetische Anwendungen &#8211; Durch sein einheitliches, nat\u00fcrliches und lebendiges Erscheinungsbild l\u00e4sst sich das Material gut mit anderen Baumaterialien kombinieren.<\/li>\n<\/ul>\n<\/div>\n[\/vc_column_text][\/vc_column][vc_column width=&#8220;1\/3&#8243;][vc_single_image image=&#8220;20371&#8243; img_size=&#8220;full&#8220;][vc_column_text css=&#8220;.vc_custom_1565696177903{margin-bottom: 0px !important;}&#8220;]\n<p style=\"text-align: center;\"><em>Qualit\u00e4tskontrolle im NedZink Labor<\/em><\/p>\n[\/vc_column_text][\/vc_column][\/vc_row][vc_row][vc_column][mk_button size=&#8220;medium&#8220; url=&#8220;\/de\/mustern-anfordern\/&#8220;]FORDERN SIE KOSTENLOSE UNTERLAGEN UND MUSTER AN[\/mk_button][\/vc_column][\/vc_row]\n","protected":false},"excerpt":{"rendered":"<p>[vc_row][vc_column width=&#8220;2\/3&#8243;][vc_column_text css=&#8220;.vc_custom_1706880405152{margin-bottom: 0px !important;}&#8220;]NedZink z\u00e4hlt weltweit zu den f\u00fchrenden Herstellen von Titanzinkprodukten f\u00fcr das Bauwesen. Grundlage der Produktion ist die Norm DIN EN 988, die f\u00fcr die Walzprodukte eine Legierung auf Basis von Elektrolyt-Feinzink mit einem Reinheitsgrad von min. 99,995 % Zn (Z1 nach DIN EN 1179) mit geringen Mengen an legiertem Kupfer, Titan [&hellip;]<\/p>\n","protected":false},"author":9,"featured_media":0,"parent":0,"menu_order":410,"comment_status":"closed","ping_status":"closed","template":"template-import.php","meta":{"_acf_changed":false,"footnotes":""},"class_list":["post-24857","page","type-page","status-publish","hentry"],"acf":[],"yoast_head":"<!-- This site is optimized with the Yoast SEO plugin v26.8 - https:\/\/yoast.com\/product\/yoast-seo-wordpress\/ -->\n<title>Produkteigenschaften Titanzink \u2013 NedZink<\/title>\n<meta name=\"description\" content=\"De producteigenschappen van NedZink Titaanzink wordt omschreven in EN 988, KOMO-productcertificaat en het productcertificaat van Lloyd\u2019s Register\" \/>\n<meta name=\"robots\" content=\"index, follow, max-snippet:-1, max-image-preview:large, max-video-preview:-1\" \/>\n<link rel=\"canonical\" href=\"https:\/\/www.nedzink.com\/de\/produkteigenschaften-titanzink\/\" \/>\n<meta property=\"og:locale\" content=\"de_DE\" \/>\n<meta property=\"og:type\" content=\"article\" \/>\n<meta property=\"og:title\" content=\"Produkteigenschaften Titanzink \u2013 NedZink\" \/>\n<meta property=\"og:description\" content=\"De producteigenschappen van NedZink Titaanzink wordt omschreven in EN 988, KOMO-productcertificaat en het productcertificaat van Lloyd\u2019s Register\" \/>\n<meta property=\"og:url\" content=\"https:\/\/www.nedzink.com\/de\/produkteigenschaften-titanzink\/\" \/>\n<meta property=\"og:site_name\" content=\"NedZink\" \/>\n<meta property=\"article:modified_time\" content=\"2024-02-02T13:26:59+00:00\" \/>\n<meta name=\"twitter:card\" content=\"summary_large_image\" \/>\n<meta name=\"twitter:label1\" content=\"Gesch\u00e4tzte Lesezeit\" \/>\n\t<meta name=\"twitter:data1\" content=\"2\u00a0Minuten\" \/>\n<script type=\"application\/ld+json\" class=\"yoast-schema-graph\">{\"@context\":\"https:\/\/schema.org\",\"@graph\":[{\"@type\":\"WebPage\",\"@id\":\"https:\/\/www.nedzink.com\/de\/produkteigenschaften-titanzink\/\",\"url\":\"https:\/\/www.nedzink.com\/de\/produkteigenschaften-titanzink\/\",\"name\":\"Produkteigenschaften Titanzink \u2013 NedZink\",\"isPartOf\":{\"@id\":\"https:\/\/www.nedzink.com\/de\/#website\"},\"datePublished\":\"2019-05-06T14:26:03+00:00\",\"dateModified\":\"2024-02-02T13:26:59+00:00\",\"description\":\"De producteigenschappen van NedZink Titaanzink wordt omschreven in EN 988, KOMO-productcertificaat en het productcertificaat van Lloyd\u2019s Register\",\"breadcrumb\":{\"@id\":\"https:\/\/www.nedzink.com\/de\/produkteigenschaften-titanzink\/#breadcrumb\"},\"inLanguage\":\"de\",\"potentialAction\":[{\"@type\":\"ReadAction\",\"target\":[\"https:\/\/www.nedzink.com\/de\/produkteigenschaften-titanzink\/\"]}]},{\"@type\":\"BreadcrumbList\",\"@id\":\"https:\/\/www.nedzink.com\/de\/produkteigenschaften-titanzink\/#breadcrumb\",\"itemListElement\":[{\"@type\":\"ListItem\",\"position\":1,\"name\":\"Home\",\"item\":\"https:\/\/www.nedzink.com\/de\/\"},{\"@type\":\"ListItem\",\"position\":2,\"name\":\"Produkteigenschaften Titanzink\"}]},{\"@type\":\"WebSite\",\"@id\":\"https:\/\/www.nedzink.com\/de\/#website\",\"url\":\"https:\/\/www.nedzink.com\/de\/\",\"name\":\"NedZink\",\"description\":\"Zink fabrikant\",\"publisher\":{\"@id\":\"https:\/\/www.nedzink.com\/de\/#organization\"},\"potentialAction\":[{\"@type\":\"SearchAction\",\"target\":{\"@type\":\"EntryPoint\",\"urlTemplate\":\"https:\/\/www.nedzink.com\/de\/?s={search_term_string}\"},\"query-input\":{\"@type\":\"PropertyValueSpecification\",\"valueRequired\":true,\"valueName\":\"search_term_string\"}}],\"inLanguage\":\"de\"},{\"@type\":\"Organization\",\"@id\":\"https:\/\/www.nedzink.com\/de\/#organization\",\"name\":\"NedZink\",\"url\":\"https:\/\/www.nedzink.com\/de\/\",\"logo\":{\"@type\":\"ImageObject\",\"inLanguage\":\"de\",\"@id\":\"https:\/\/www.nedzink.com\/de\/#\/schema\/logo\/image\/\",\"url\":\"https:\/\/www.nedzink.com\/wp-content\/uploads\/2019\/08\/logo-nedzink_fc_zk.jpg\",\"contentUrl\":\"https:\/\/www.nedzink.com\/wp-content\/uploads\/2019\/08\/logo-nedzink_fc_zk.jpg\",\"width\":2160,\"height\":688,\"caption\":\"NedZink\"},\"image\":{\"@id\":\"https:\/\/www.nedzink.com\/de\/#\/schema\/logo\/image\/\"}}]}<\/script>\n<!-- \/ Yoast SEO plugin. -->","yoast_head_json":{"title":"Produkteigenschaften Titanzink \u2013 NedZink","description":"De producteigenschappen van NedZink Titaanzink wordt omschreven in EN 988, KOMO-productcertificaat en het productcertificaat van Lloyd\u2019s Register","robots":{"index":"index","follow":"follow","max-snippet":"max-snippet:-1","max-image-preview":"max-image-preview:large","max-video-preview":"max-video-preview:-1"},"canonical":"https:\/\/www.nedzink.com\/de\/produkteigenschaften-titanzink\/","og_locale":"de_DE","og_type":"article","og_title":"Produkteigenschaften Titanzink \u2013 NedZink","og_description":"De producteigenschappen van NedZink Titaanzink wordt omschreven in EN 988, KOMO-productcertificaat en het productcertificaat van Lloyd\u2019s Register","og_url":"https:\/\/www.nedzink.com\/de\/produkteigenschaften-titanzink\/","og_site_name":"NedZink","article_modified_time":"2024-02-02T13:26:59+00:00","twitter_card":"summary_large_image","twitter_misc":{"Gesch\u00e4tzte Lesezeit":"2\u00a0Minuten"},"schema":{"@context":"https:\/\/schema.org","@graph":[{"@type":"WebPage","@id":"https:\/\/www.nedzink.com\/de\/produkteigenschaften-titanzink\/","url":"https:\/\/www.nedzink.com\/de\/produkteigenschaften-titanzink\/","name":"Produkteigenschaften Titanzink \u2013 NedZink","isPartOf":{"@id":"https:\/\/www.nedzink.com\/de\/#website"},"datePublished":"2019-05-06T14:26:03+00:00","dateModified":"2024-02-02T13:26:59+00:00","description":"De producteigenschappen van NedZink Titaanzink wordt omschreven in EN 988, KOMO-productcertificaat en het productcertificaat van Lloyd\u2019s Register","breadcrumb":{"@id":"https:\/\/www.nedzink.com\/de\/produkteigenschaften-titanzink\/#breadcrumb"},"inLanguage":"de","potentialAction":[{"@type":"ReadAction","target":["https:\/\/www.nedzink.com\/de\/produkteigenschaften-titanzink\/"]}]},{"@type":"BreadcrumbList","@id":"https:\/\/www.nedzink.com\/de\/produkteigenschaften-titanzink\/#breadcrumb","itemListElement":[{"@type":"ListItem","position":1,"name":"Home","item":"https:\/\/www.nedzink.com\/de\/"},{"@type":"ListItem","position":2,"name":"Produkteigenschaften Titanzink"}]},{"@type":"WebSite","@id":"https:\/\/www.nedzink.com\/de\/#website","url":"https:\/\/www.nedzink.com\/de\/","name":"NedZink","description":"Zink fabrikant","publisher":{"@id":"https:\/\/www.nedzink.com\/de\/#organization"},"potentialAction":[{"@type":"SearchAction","target":{"@type":"EntryPoint","urlTemplate":"https:\/\/www.nedzink.com\/de\/?s={search_term_string}"},"query-input":{"@type":"PropertyValueSpecification","valueRequired":true,"valueName":"search_term_string"}}],"inLanguage":"de"},{"@type":"Organization","@id":"https:\/\/www.nedzink.com\/de\/#organization","name":"NedZink","url":"https:\/\/www.nedzink.com\/de\/","logo":{"@type":"ImageObject","inLanguage":"de","@id":"https:\/\/www.nedzink.com\/de\/#\/schema\/logo\/image\/","url":"https:\/\/www.nedzink.com\/wp-content\/uploads\/2019\/08\/logo-nedzink_fc_zk.jpg","contentUrl":"https:\/\/www.nedzink.com\/wp-content\/uploads\/2019\/08\/logo-nedzink_fc_zk.jpg","width":2160,"height":688,"caption":"NedZink"},"image":{"@id":"https:\/\/www.nedzink.com\/de\/#\/schema\/logo\/image\/"}}]}},"_links":{"self":[{"href":"https:\/\/www.nedzink.com\/de\/wp-json\/wp\/v2\/pages\/24857","targetHints":{"allow":["GET"]}}],"collection":[{"href":"https:\/\/www.nedzink.com\/de\/wp-json\/wp\/v2\/pages"}],"about":[{"href":"https:\/\/www.nedzink.com\/de\/wp-json\/wp\/v2\/types\/page"}],"author":[{"embeddable":true,"href":"https:\/\/www.nedzink.com\/de\/wp-json\/wp\/v2\/users\/9"}],"replies":[{"embeddable":true,"href":"https:\/\/www.nedzink.com\/de\/wp-json\/wp\/v2\/comments?post=24857"}],"version-history":[{"count":1,"href":"https:\/\/www.nedzink.com\/de\/wp-json\/wp\/v2\/pages\/24857\/revisions"}],"predecessor-version":[{"id":129028,"href":"https:\/\/www.nedzink.com\/de\/wp-json\/wp\/v2\/pages\/24857\/revisions\/129028"}],"wp:attachment":[{"href":"https:\/\/www.nedzink.com\/de\/wp-json\/wp\/v2\/media?parent=24857"}],"curies":[{"name":"wp","href":"https:\/\/api.w.org\/{rel}","templated":true}]}}