{"id":12369,"date":"2019-04-10T09:29:46","date_gmt":"2019-04-10T07:29:46","guid":{"rendered":"http:\/\/136.144.181.85\/~nedzink\/over-nedzink-2\/e-mail-newsletter\/"},"modified":"2019-09-02T11:04:53","modified_gmt":"2019-09-02T09:04:53","slug":"e-mail-newsletter","status":"publish","type":"page","link":"https:\/\/www.nedzink.com\/de\/ueber-nedzink\/e-mail-newsletter\/","title":{"rendered":"E-Mail Newsletter"},"content":{"rendered":"<p>Mit unserem Newsletter bleiben Sie auf dem neuesten Stand \u00fcber unsere Produkte, Anwendungen und Projekte. Mit dem untenstehenden Formular k\u00f6nnen Sie sich f\u00fcr unseren digitalen Newsletter anmelden:<\/p>\n","protected":false},"excerpt":{"rendered":"<p>Mit unserem Newsletter bleiben Sie auf dem neuesten Stand \u00fcber unsere Produkte, Anwendungen und Projekte. Mit dem untenstehenden Formular k\u00f6nnen Sie sich f\u00fcr unseren digitalen Newsletter anmelden:<\/p>\n","protected":false},"author":9,"featured_media":0,"parent":12339,"menu_order":300,"comment_status":"closed","ping_status":"closed","template":"template-import.php","meta":{"_acf_changed":false,"footnotes":""},"class_list":["post-12369","page","type-page","status-publish","hentry"],"acf":[],"yoast_head":"<!-- This site is optimized with the Yoast SEO plugin v27.5 - https:\/\/yoast.com\/product\/yoast-seo-wordpress\/ -->\n<title>E-Mail Newsletter \u2013 NedZink<\/title>\n<meta name=\"robots\" content=\"index, follow, max-snippet:-1, max-image-preview:large, max-video-preview:-1\" \/>\n<link rel=\"canonical\" href=\"https:\/\/www.nedzink.com\/de\/ueber-nedzink\/e-mail-newsletter\/\" \/>\n<meta property=\"og:locale\" content=\"de_DE\" \/>\n<meta property=\"og:type\" content=\"article\" \/>\n<meta property=\"og:title\" content=\"E-Mail Newsletter \u2013 NedZink\" \/>\n<meta property=\"og:description\" content=\"Mit unserem Newsletter bleiben Sie auf dem neuesten Stand \u00fcber unsere Produkte, Anwendungen und Projekte. Mit dem untenstehenden Formular k\u00f6nnen Sie sich f\u00fcr unseren digitalen Newsletter anmelden:\" \/>\n<meta property=\"og:url\" content=\"https:\/\/www.nedzink.com\/de\/ueber-nedzink\/e-mail-newsletter\/\" \/>\n<meta property=\"og:site_name\" content=\"NedZink\" \/>\n<meta property=\"article:modified_time\" content=\"2019-09-02T09:04:53+00:00\" \/>\n<meta name=\"twitter:card\" content=\"summary_large_image\" \/>\n<script type=\"application\/ld+json\" class=\"yoast-schema-graph\">{\"@context\":\"https:\\\/\\\/schema.org\",\"@graph\":[{\"@type\":\"WebPage\",\"@id\":\"https:\\\/\\\/www.nedzink.com\\\/de\\\/ueber-nedzink\\\/e-mail-newsletter\\\/\",\"url\":\"https:\\\/\\\/www.nedzink.com\\\/de\\\/ueber-nedzink\\\/e-mail-newsletter\\\/\",\"name\":\"E-Mail Newsletter \u2013 NedZink\",\"isPartOf\":{\"@id\":\"https:\\\/\\\/www.nedzink.com\\\/de\\\/#website\"},\"datePublished\":\"2019-04-10T07:29:46+00:00\",\"dateModified\":\"2019-09-02T09:04:53+00:00\",\"breadcrumb\":{\"@id\":\"https:\\\/\\\/www.nedzink.com\\\/de\\\/ueber-nedzink\\\/e-mail-newsletter\\\/#breadcrumb\"},\"inLanguage\":\"de\",\"potentialAction\":[{\"@type\":\"ReadAction\",\"target\":[\"https:\\\/\\\/www.nedzink.com\\\/de\\\/ueber-nedzink\\\/e-mail-newsletter\\\/\"]}]},{\"@type\":\"BreadcrumbList\",\"@id\":\"https:\\\/\\\/www.nedzink.com\\\/de\\\/ueber-nedzink\\\/e-mail-newsletter\\\/#breadcrumb\",\"itemListElement\":[{\"@type\":\"ListItem\",\"position\":1,\"name\":\"Home\",\"item\":\"https:\\\/\\\/www.nedzink.com\\\/de\\\/\"},{\"@type\":\"ListItem\",\"position\":2,\"name\":\"\u00dcber NedZink\",\"item\":\"https:\\\/\\\/www.nedzink.com\\\/de\\\/ueber-nedzink\\\/\"},{\"@type\":\"ListItem\",\"position\":3,\"name\":\"E-Mail Newsletter\"}]},{\"@type\":\"WebSite\",\"@id\":\"https:\\\/\\\/www.nedzink.com\\\/de\\\/#website\",\"url\":\"https:\\\/\\\/www.nedzink.com\\\/de\\\/\",\"name\":\"NedZink\",\"description\":\"Zink fabrikant\",\"publisher\":{\"@id\":\"https:\\\/\\\/www.nedzink.com\\\/de\\\/#organization\"},\"potentialAction\":[{\"@type\":\"SearchAction\",\"target\":{\"@type\":\"EntryPoint\",\"urlTemplate\":\"https:\\\/\\\/www.nedzink.com\\\/de\\\/?s={search_term_string}\"},\"query-input\":{\"@type\":\"PropertyValueSpecification\",\"valueRequired\":true,\"valueName\":\"search_term_string\"}}],\"inLanguage\":\"de\"},{\"@type\":\"Organization\",\"@id\":\"https:\\\/\\\/www.nedzink.com\\\/de\\\/#organization\",\"name\":\"NedZink\",\"url\":\"https:\\\/\\\/www.nedzink.com\\\/de\\\/\",\"logo\":{\"@type\":\"ImageObject\",\"inLanguage\":\"de\",\"@id\":\"https:\\\/\\\/www.nedzink.com\\\/de\\\/#\\\/schema\\\/logo\\\/image\\\/\",\"url\":\"https:\\\/\\\/www.nedzink.com\\\/wp-content\\\/uploads\\\/2019\\\/08\\\/logo-nedzink_fc_zk.jpg\",\"contentUrl\":\"https:\\\/\\\/www.nedzink.com\\\/wp-content\\\/uploads\\\/2019\\\/08\\\/logo-nedzink_fc_zk.jpg\",\"width\":2160,\"height\":688,\"caption\":\"NedZink\"},\"image\":{\"@id\":\"https:\\\/\\\/www.nedzink.com\\\/de\\\/#\\\/schema\\\/logo\\\/image\\\/\"}}]}<\/script>\n<!-- \/ Yoast SEO plugin. -->","yoast_head_json":{"title":"E-Mail Newsletter \u2013 NedZink","robots":{"index":"index","follow":"follow","max-snippet":"max-snippet:-1","max-image-preview":"max-image-preview:large","max-video-preview":"max-video-preview:-1"},"canonical":"https:\/\/www.nedzink.com\/de\/ueber-nedzink\/e-mail-newsletter\/","og_locale":"de_DE","og_type":"article","og_title":"E-Mail Newsletter \u2013 NedZink","og_description":"Mit unserem Newsletter bleiben Sie auf dem neuesten Stand \u00fcber unsere Produkte, Anwendungen und Projekte. Mit dem untenstehenden Formular k\u00f6nnen Sie sich f\u00fcr unseren digitalen Newsletter anmelden:","og_url":"https:\/\/www.nedzink.com\/de\/ueber-nedzink\/e-mail-newsletter\/","og_site_name":"NedZink","article_modified_time":"2019-09-02T09:04:53+00:00","twitter_card":"summary_large_image","schema":{"@context":"https:\/\/schema.org","@graph":[{"@type":"WebPage","@id":"https:\/\/www.nedzink.com\/de\/ueber-nedzink\/e-mail-newsletter\/","url":"https:\/\/www.nedzink.com\/de\/ueber-nedzink\/e-mail-newsletter\/","name":"E-Mail Newsletter \u2013 NedZink","isPartOf":{"@id":"https:\/\/www.nedzink.com\/de\/#website"},"datePublished":"2019-04-10T07:29:46+00:00","dateModified":"2019-09-02T09:04:53+00:00","breadcrumb":{"@id":"https:\/\/www.nedzink.com\/de\/ueber-nedzink\/e-mail-newsletter\/#breadcrumb"},"inLanguage":"de","potentialAction":[{"@type":"ReadAction","target":["https:\/\/www.nedzink.com\/de\/ueber-nedzink\/e-mail-newsletter\/"]}]},{"@type":"BreadcrumbList","@id":"https:\/\/www.nedzink.com\/de\/ueber-nedzink\/e-mail-newsletter\/#breadcrumb","itemListElement":[{"@type":"ListItem","position":1,"name":"Home","item":"https:\/\/www.nedzink.com\/de\/"},{"@type":"ListItem","position":2,"name":"\u00dcber NedZink","item":"https:\/\/www.nedzink.com\/de\/ueber-nedzink\/"},{"@type":"ListItem","position":3,"name":"E-Mail Newsletter"}]},{"@type":"WebSite","@id":"https:\/\/www.nedzink.com\/de\/#website","url":"https:\/\/www.nedzink.com\/de\/","name":"NedZink","description":"Zink fabrikant","publisher":{"@id":"https:\/\/www.nedzink.com\/de\/#organization"},"potentialAction":[{"@type":"SearchAction","target":{"@type":"EntryPoint","urlTemplate":"https:\/\/www.nedzink.com\/de\/?s={search_term_string}"},"query-input":{"@type":"PropertyValueSpecification","valueRequired":true,"valueName":"search_term_string"}}],"inLanguage":"de"},{"@type":"Organization","@id":"https:\/\/www.nedzink.com\/de\/#organization","name":"NedZink","url":"https:\/\/www.nedzink.com\/de\/","logo":{"@type":"ImageObject","inLanguage":"de","@id":"https:\/\/www.nedzink.com\/de\/#\/schema\/logo\/image\/","url":"https:\/\/www.nedzink.com\/wp-content\/uploads\/2019\/08\/logo-nedzink_fc_zk.jpg","contentUrl":"https:\/\/www.nedzink.com\/wp-content\/uploads\/2019\/08\/logo-nedzink_fc_zk.jpg","width":2160,"height":688,"caption":"NedZink"},"image":{"@id":"https:\/\/www.nedzink.com\/de\/#\/schema\/logo\/image\/"}}]}},"_links":{"self":[{"href":"https:\/\/www.nedzink.com\/de\/wp-json\/wp\/v2\/pages\/12369","targetHints":{"allow":["GET"]}}],"collection":[{"href":"https:\/\/www.nedzink.com\/de\/wp-json\/wp\/v2\/pages"}],"about":[{"href":"https:\/\/www.nedzink.com\/de\/wp-json\/wp\/v2\/types\/page"}],"author":[{"embeddable":true,"href":"https:\/\/www.nedzink.com\/de\/wp-json\/wp\/v2\/users\/9"}],"replies":[{"embeddable":true,"href":"https:\/\/www.nedzink.com\/de\/wp-json\/wp\/v2\/comments?post=12369"}],"version-history":[{"count":0,"href":"https:\/\/www.nedzink.com\/de\/wp-json\/wp\/v2\/pages\/12369\/revisions"}],"up":[{"embeddable":true,"href":"https:\/\/www.nedzink.com\/de\/wp-json\/wp\/v2\/pages\/12339"}],"wp:attachment":[{"href":"https:\/\/www.nedzink.com\/de\/wp-json\/wp\/v2\/media?parent=12369"}],"curies":[{"name":"wp","href":"https:\/\/api.w.org\/{rel}","templated":true}]}}