{"id":12359,"date":"2019-04-10T09:29:45","date_gmt":"2019-04-10T07:29:45","guid":{"rendered":"http:\/\/136.144.181.85\/~nedzink\/over-nedzink-2\/unternehmenszeitung-nedzink-world\/"},"modified":"2021-05-28T13:10:21","modified_gmt":"2021-05-28T11:10:21","slug":"unternehmenszeitung-nedzink-world","status":"publish","type":"page","link":"https:\/\/www.nedzink.com\/de\/ueber-nedzink\/unternehmenszeitung-nedzink-world\/","title":{"rendered":"Unternehmenszeitung NedZink World"},"content":{"rendered":"[vc_row][vc_column][vc_column_text css=&#8220;.vc_custom_1567587248355{margin-bottom: 0px !important;}&#8220;]Unsere Unternehmenszeitung NedZink World m\u00f6chte seinen Lesern gerne interessante Bauvorhaben mit dem Werkstoff Titanzink pr\u00e4sentieren. Wir zeigen nicht nur Bauvorhaben in walzblankem NedZink NATUREL, auch die vorbewitterten Projekte in NedZink NOVA oder NedZink NOIR kommen selbstverst\u00e4ndlich an die Reihe.<\/p>\n<p>Haben Sie selbst attraktive und sehenswerte Projekte in NedZink Titanzink ausgef\u00fchrt und m\u00f6chten Sie diese in der NedZink World vorstellen?<\/p>\n<p>Dann mailen Sie ihre Fotos und die Projektinformationen an die Redaktion der NedZink World und helfen Sie uns, auch anderen Interessierten die vielf\u00e4ltigen M\u00f6glichkeiten von Zink nahe zu bringen.<\/p>\n<p>E-mail:\u00a0<span style=\"text-decoration: underline;\"><a href=\"mailto:redactie@nedzink.com\">redactie@nedzink.com<\/a><\/span>[\/vc_column_text][\/vc_column][\/vc_row][vc_row][vc_column width=&#8220;1\/4&#8243;][mk_padding_divider size=&#8220;20&#8243;][vc_column_text css=&#8220;.vc_custom_1602160456308{margin-bottom: 0px !important;}&#8220;]<div class=\"_df_thumb \" id=\"df_58593\"  wpoptions=\"true\" thumb=\"https:\/\/www.nedzink.com\/wp-content\/uploads\/2020\/10\/nzworld2020d_150x211.jpg\" thumbtype=\"img\" >NedZink World 2020<\/div><script data-cfasync=\"false\">var option_df_58593 = {\"outline\":[],\"forceFit\":\"true\",\"autoEnableOutline\":\"false\",\"autoEnableThumbnail\":\"false\",\"overwritePDFOutline\":\"false\",\"direction\":\"1\",\"pageMode\":\"0\",\"source\":\"https:\\\/\\\/www.nedzink.com\\\/wp-content\\\/uploads\\\/2020\\\/10\\\/nedzink_world_1-2020_web.pdf\",\"wpOptions\":\"true\"}; if(window.DFLIP && DFLIP.parseBooks){DFLIP.parseBooks();}<\/script>[\/vc_column_text][mk_padding_divider size=&#8220;20&#8243;][vc_column_text css=&#8220;.vc_custom_1568036161773{margin-bottom: 0px !important;}&#8220;]<div class=\"_df_thumb \" id=\"df_48956\"  wpoptions=\"true\" thumb=\"https:\/\/www.nedzink.com\/wp-content\/uploads\/2019\/09\/nzworld1-2017d-150x213.jpg\" thumbtype=\"img\" >NedZink World 2017<\/div><script data-cfasync=\"false\">var option_df_48956 = {\"outline\":[],\"forceFit\":\"true\",\"autoEnableOutline\":\"false\",\"autoEnableThumbnail\":\"false\",\"overwritePDFOutline\":\"false\",\"direction\":\"1\",\"pageMode\":\"0\",\"source\":\"https:\\\/\\\/www.nedzink.com\\\/wp-content\\\/uploads\\\/2019\\\/09\\\/nedzink-world-01-2017-web-2017.pdf\",\"wpOptions\":\"true\"}; if(window.DFLIP && DFLIP.parseBooks){DFLIP.parseBooks();}<\/script>[\/vc_column_text][\/vc_column][vc_column width=&#8220;1\/4&#8243;][mk_padding_divider size=&#8220;20&#8243;][vc_column_text css=&#8220;.vc_custom_1568986947511{margin-bottom: 0px !important;}&#8220;]<div class=\"_df_thumb \" id=\"df_51024\"  wpoptions=\"true\" thumb=\"https:\/\/www.nedzink.com\/wp-content\/uploads\/2019\/09\/nedzink_world_1-2019_web-1-du-150x213px.jpg\" thumbtype=\"img\" >NedZink World 2019<\/div><script data-cfasync=\"false\">var option_df_51024 = {\"outline\":[],\"forceFit\":\"true\",\"autoEnableOutline\":\"false\",\"autoEnableThumbnail\":\"false\",\"overwritePDFOutline\":\"false\",\"direction\":\"1\",\"pageMode\":\"0\",\"source\":\"https:\\\/\\\/www.nedzink.com\\\/wp-content\\\/uploads\\\/2019\\\/09\\\/nedzink_world_1-2019_web.pdf\",\"wpOptions\":\"true\"}; if(window.DFLIP && DFLIP.parseBooks){DFLIP.parseBooks();}<\/script>[\/vc_column_text][mk_padding_divider size=&#8220;20&#8243;][vc_column_text css=&#8220;.vc_custom_1568036226199{margin-bottom: 0px !important;}&#8220;]<div class=\"_df_thumb \" id=\"df_48957\"  wpoptions=\"true\" thumb=\"https:\/\/www.nedzink.com\/wp-content\/uploads\/2019\/09\/nedzink_world_2016_web_-1-150x213.jpg\" thumbtype=\"img\" >NedZink World 2016<\/div><script data-cfasync=\"false\">var option_df_48957 = {\"outline\":[],\"forceFit\":\"true\",\"autoEnableOutline\":\"false\",\"autoEnableThumbnail\":\"false\",\"overwritePDFOutline\":\"false\",\"direction\":\"1\",\"pageMode\":\"0\",\"source\":\"https:\\\/\\\/www.nedzink.com\\\/wp-content\\\/uploads\\\/2019\\\/09\\\/nedzink-world-2016-web-2016.pdf\",\"wpOptions\":\"true\"}; if(window.DFLIP && DFLIP.parseBooks){DFLIP.parseBooks();}<\/script>[\/vc_column_text][\/vc_column][vc_column width=&#8220;1\/4&#8243;][mk_padding_divider size=&#8220;20&#8243;][vc_column_text css=&#8220;.vc_custom_1567498494319{margin-bottom: 0px !important;}&#8220;]<div class=\"_df_thumb \" id=\"df_48874\"  wpoptions=\"true\" thumb=\"https:\/\/www.nedzink.com\/wp-content\/uploads\/2019\/09\/nzworld2-2018duits-150x213.jpg\" thumbtype=\"img\" >NedZink World 2018-2<\/div><script data-cfasync=\"false\">var option_df_48874 = {\"outline\":[],\"forceFit\":\"true\",\"autoEnableOutline\":\"false\",\"autoEnableThumbnail\":\"false\",\"overwritePDFOutline\":\"false\",\"direction\":\"1\",\"pageMode\":\"0\",\"source\":\"https:\\\/\\\/www.nedzink.com\\\/wp-content\\\/uploads\\\/2019\\\/09\\\/nedzink-world-11-2018-webansicht-2018-2.pdf\",\"wpOptions\":\"true\"}; if(window.DFLIP && DFLIP.parseBooks){DFLIP.parseBooks();}<\/script>[\/vc_column_text][mk_padding_divider size=&#8220;20&#8243;][vc_column_text css=&#8220;.vc_custom_1567497551424{margin-bottom: 0px !important;}&#8220;]<div class=\"_df_thumb \" id=\"df_48373\"  wpoptions=\"true\" thumb=\"https:\/\/www.nedzink.com\/wp-content\/uploads\/2019\/09\/nzworldokt15-150x213.jpg\" thumbtype=\"img\" >NedZink World International Refereces<\/div><script data-cfasync=\"false\">var option_df_48373 = {\"outline\":[],\"forceFit\":\"true\",\"autoEnableOutline\":\"false\",\"autoEnableThumbnail\":\"false\",\"overwritePDFOutline\":\"false\",\"direction\":\"1\",\"pageMode\":\"0\",\"source\":\"https:\\\/\\\/www.nedzink.com\\\/wp-content\\\/uploads\\\/2019\\\/06\\\/nedzink-world-2015-international-references-def.pdf\",\"wpOptions\":\"true\"}; if(window.DFLIP && DFLIP.parseBooks){DFLIP.parseBooks();}<\/script>[\/vc_column_text][\/vc_column][vc_column width=&#8220;1\/4&#8243;][mk_padding_divider size=&#8220;20&#8243;][vc_column_text css=&#8220;.vc_custom_1568036129700{margin-bottom: 0px !important;}&#8220;]<div class=\"_df_thumb \" id=\"df_48955\"  wpoptions=\"true\" thumb=\"https:\/\/www.nedzink.com\/wp-content\/uploads\/2019\/09\/nzworld1-2018duits-150x213.jpg\" thumbtype=\"img\" >NedZink World 2018-1<\/div><script data-cfasync=\"false\">var option_df_48955 = {\"outline\":[],\"forceFit\":\"true\",\"autoEnableOutline\":\"false\",\"autoEnableThumbnail\":\"false\",\"overwritePDFOutline\":\"false\",\"direction\":\"1\",\"pageMode\":\"0\",\"source\":\"https:\\\/\\\/www.nedzink.com\\\/wp-content\\\/uploads\\\/2019\\\/09\\\/nedzink-world-01-2018-web-2018-1.pdf\",\"wpOptions\":\"true\"}; if(window.DFLIP && DFLIP.parseBooks){DFLIP.parseBooks();}<\/script>[\/vc_column_text][\/vc_column][\/vc_row]\n","protected":false},"excerpt":{"rendered":"<p>[vc_row][vc_column][vc_column_text css=&#8220;.vc_custom_1567587248355{margin-bottom: 0px !important;}&#8220;]Unsere Unternehmenszeitung NedZink World m\u00f6chte seinen Lesern gerne interessante Bauvorhaben mit dem Werkstoff Titanzink pr\u00e4sentieren. Wir zeigen nicht nur Bauvorhaben in walzblankem NedZink NATUREL, auch die vorbewitterten Projekte in NedZink NOVA oder NedZink NOIR kommen selbstverst\u00e4ndlich an die Reihe. Haben Sie selbst attraktive und sehenswerte Projekte in NedZink Titanzink ausgef\u00fchrt und m\u00f6chten [&hellip;]<\/p>\n","protected":false},"author":9,"featured_media":0,"parent":12339,"menu_order":140,"comment_status":"closed","ping_status":"closed","template":"template-import.php","meta":{"_acf_changed":false,"footnotes":""},"class_list":["post-12359","page","type-page","status-publish","hentry"],"acf":[],"yoast_head":"<!-- This site is optimized with the Yoast SEO plugin v26.8 - https:\/\/yoast.com\/product\/yoast-seo-wordpress\/ -->\n<title>Unternehmenszeitung NedZink World \u2013 NedZink<\/title>\n<meta name=\"description\" content=\"Meld u aan voor onze nieuwsbrief. De NedZink World toont opmerkelijke toepassingen en voorbeelden van zink als bouwmateriaal.\" \/>\n<meta name=\"robots\" content=\"index, follow, max-snippet:-1, max-image-preview:large, max-video-preview:-1\" \/>\n<link rel=\"canonical\" href=\"https:\/\/www.nedzink.com\/de\/ueber-nedzink\/unternehmenszeitung-nedzink-world\/\" \/>\n<meta property=\"og:locale\" content=\"de_DE\" \/>\n<meta property=\"og:type\" content=\"article\" \/>\n<meta property=\"og:title\" content=\"Unternehmenszeitung NedZink World \u2013 NedZink\" \/>\n<meta property=\"og:description\" content=\"Meld u aan voor onze nieuwsbrief. De NedZink World toont opmerkelijke toepassingen en voorbeelden van zink als bouwmateriaal.\" \/>\n<meta property=\"og:url\" content=\"https:\/\/www.nedzink.com\/de\/ueber-nedzink\/unternehmenszeitung-nedzink-world\/\" \/>\n<meta property=\"og:site_name\" content=\"NedZink\" \/>\n<meta property=\"article:modified_time\" content=\"2021-05-28T11:10:21+00:00\" \/>\n<meta name=\"twitter:card\" content=\"summary_large_image\" \/>\n<meta name=\"twitter:label1\" content=\"Gesch\u00e4tzte Lesezeit\" \/>\n\t<meta name=\"twitter:data1\" content=\"1\u00a0Minute\" \/>\n<script type=\"application\/ld+json\" class=\"yoast-schema-graph\">{\"@context\":\"https:\/\/schema.org\",\"@graph\":[{\"@type\":\"WebPage\",\"@id\":\"https:\/\/www.nedzink.com\/de\/ueber-nedzink\/unternehmenszeitung-nedzink-world\/\",\"url\":\"https:\/\/www.nedzink.com\/de\/ueber-nedzink\/unternehmenszeitung-nedzink-world\/\",\"name\":\"Unternehmenszeitung NedZink World \u2013 NedZink\",\"isPartOf\":{\"@id\":\"https:\/\/www.nedzink.com\/de\/#website\"},\"datePublished\":\"2019-04-10T07:29:45+00:00\",\"dateModified\":\"2021-05-28T11:10:21+00:00\",\"description\":\"Meld u aan voor onze nieuwsbrief. De NedZink World toont opmerkelijke toepassingen en voorbeelden van zink als bouwmateriaal.\",\"breadcrumb\":{\"@id\":\"https:\/\/www.nedzink.com\/de\/ueber-nedzink\/unternehmenszeitung-nedzink-world\/#breadcrumb\"},\"inLanguage\":\"de\",\"potentialAction\":[{\"@type\":\"ReadAction\",\"target\":[\"https:\/\/www.nedzink.com\/de\/ueber-nedzink\/unternehmenszeitung-nedzink-world\/\"]}]},{\"@type\":\"BreadcrumbList\",\"@id\":\"https:\/\/www.nedzink.com\/de\/ueber-nedzink\/unternehmenszeitung-nedzink-world\/#breadcrumb\",\"itemListElement\":[{\"@type\":\"ListItem\",\"position\":1,\"name\":\"Home\",\"item\":\"https:\/\/www.nedzink.com\/de\/\"},{\"@type\":\"ListItem\",\"position\":2,\"name\":\"\u00dcber NedZink\",\"item\":\"https:\/\/www.nedzink.com\/de\/ueber-nedzink\/\"},{\"@type\":\"ListItem\",\"position\":3,\"name\":\"Unternehmenszeitung NedZink World\"}]},{\"@type\":\"WebSite\",\"@id\":\"https:\/\/www.nedzink.com\/de\/#website\",\"url\":\"https:\/\/www.nedzink.com\/de\/\",\"name\":\"NedZink\",\"description\":\"Zink fabrikant\",\"publisher\":{\"@id\":\"https:\/\/www.nedzink.com\/de\/#organization\"},\"potentialAction\":[{\"@type\":\"SearchAction\",\"target\":{\"@type\":\"EntryPoint\",\"urlTemplate\":\"https:\/\/www.nedzink.com\/de\/?s={search_term_string}\"},\"query-input\":{\"@type\":\"PropertyValueSpecification\",\"valueRequired\":true,\"valueName\":\"search_term_string\"}}],\"inLanguage\":\"de\"},{\"@type\":\"Organization\",\"@id\":\"https:\/\/www.nedzink.com\/de\/#organization\",\"name\":\"NedZink\",\"url\":\"https:\/\/www.nedzink.com\/de\/\",\"logo\":{\"@type\":\"ImageObject\",\"inLanguage\":\"de\",\"@id\":\"https:\/\/www.nedzink.com\/de\/#\/schema\/logo\/image\/\",\"url\":\"https:\/\/www.nedzink.com\/wp-content\/uploads\/2019\/08\/logo-nedzink_fc_zk.jpg\",\"contentUrl\":\"https:\/\/www.nedzink.com\/wp-content\/uploads\/2019\/08\/logo-nedzink_fc_zk.jpg\",\"width\":2160,\"height\":688,\"caption\":\"NedZink\"},\"image\":{\"@id\":\"https:\/\/www.nedzink.com\/de\/#\/schema\/logo\/image\/\"}}]}<\/script>\n<!-- \/ Yoast SEO plugin. -->","yoast_head_json":{"title":"Unternehmenszeitung NedZink World \u2013 NedZink","description":"Meld u aan voor onze nieuwsbrief. De NedZink World toont opmerkelijke toepassingen en voorbeelden van zink als bouwmateriaal.","robots":{"index":"index","follow":"follow","max-snippet":"max-snippet:-1","max-image-preview":"max-image-preview:large","max-video-preview":"max-video-preview:-1"},"canonical":"https:\/\/www.nedzink.com\/de\/ueber-nedzink\/unternehmenszeitung-nedzink-world\/","og_locale":"de_DE","og_type":"article","og_title":"Unternehmenszeitung NedZink World \u2013 NedZink","og_description":"Meld u aan voor onze nieuwsbrief. De NedZink World toont opmerkelijke toepassingen en voorbeelden van zink als bouwmateriaal.","og_url":"https:\/\/www.nedzink.com\/de\/ueber-nedzink\/unternehmenszeitung-nedzink-world\/","og_site_name":"NedZink","article_modified_time":"2021-05-28T11:10:21+00:00","twitter_card":"summary_large_image","twitter_misc":{"Gesch\u00e4tzte Lesezeit":"1\u00a0Minute"},"schema":{"@context":"https:\/\/schema.org","@graph":[{"@type":"WebPage","@id":"https:\/\/www.nedzink.com\/de\/ueber-nedzink\/unternehmenszeitung-nedzink-world\/","url":"https:\/\/www.nedzink.com\/de\/ueber-nedzink\/unternehmenszeitung-nedzink-world\/","name":"Unternehmenszeitung NedZink World \u2013 NedZink","isPartOf":{"@id":"https:\/\/www.nedzink.com\/de\/#website"},"datePublished":"2019-04-10T07:29:45+00:00","dateModified":"2021-05-28T11:10:21+00:00","description":"Meld u aan voor onze nieuwsbrief. De NedZink World toont opmerkelijke toepassingen en voorbeelden van zink als bouwmateriaal.","breadcrumb":{"@id":"https:\/\/www.nedzink.com\/de\/ueber-nedzink\/unternehmenszeitung-nedzink-world\/#breadcrumb"},"inLanguage":"de","potentialAction":[{"@type":"ReadAction","target":["https:\/\/www.nedzink.com\/de\/ueber-nedzink\/unternehmenszeitung-nedzink-world\/"]}]},{"@type":"BreadcrumbList","@id":"https:\/\/www.nedzink.com\/de\/ueber-nedzink\/unternehmenszeitung-nedzink-world\/#breadcrumb","itemListElement":[{"@type":"ListItem","position":1,"name":"Home","item":"https:\/\/www.nedzink.com\/de\/"},{"@type":"ListItem","position":2,"name":"\u00dcber NedZink","item":"https:\/\/www.nedzink.com\/de\/ueber-nedzink\/"},{"@type":"ListItem","position":3,"name":"Unternehmenszeitung NedZink World"}]},{"@type":"WebSite","@id":"https:\/\/www.nedzink.com\/de\/#website","url":"https:\/\/www.nedzink.com\/de\/","name":"NedZink","description":"Zink fabrikant","publisher":{"@id":"https:\/\/www.nedzink.com\/de\/#organization"},"potentialAction":[{"@type":"SearchAction","target":{"@type":"EntryPoint","urlTemplate":"https:\/\/www.nedzink.com\/de\/?s={search_term_string}"},"query-input":{"@type":"PropertyValueSpecification","valueRequired":true,"valueName":"search_term_string"}}],"inLanguage":"de"},{"@type":"Organization","@id":"https:\/\/www.nedzink.com\/de\/#organization","name":"NedZink","url":"https:\/\/www.nedzink.com\/de\/","logo":{"@type":"ImageObject","inLanguage":"de","@id":"https:\/\/www.nedzink.com\/de\/#\/schema\/logo\/image\/","url":"https:\/\/www.nedzink.com\/wp-content\/uploads\/2019\/08\/logo-nedzink_fc_zk.jpg","contentUrl":"https:\/\/www.nedzink.com\/wp-content\/uploads\/2019\/08\/logo-nedzink_fc_zk.jpg","width":2160,"height":688,"caption":"NedZink"},"image":{"@id":"https:\/\/www.nedzink.com\/de\/#\/schema\/logo\/image\/"}}]}},"_links":{"self":[{"href":"https:\/\/www.nedzink.com\/de\/wp-json\/wp\/v2\/pages\/12359","targetHints":{"allow":["GET"]}}],"collection":[{"href":"https:\/\/www.nedzink.com\/de\/wp-json\/wp\/v2\/pages"}],"about":[{"href":"https:\/\/www.nedzink.com\/de\/wp-json\/wp\/v2\/types\/page"}],"author":[{"embeddable":true,"href":"https:\/\/www.nedzink.com\/de\/wp-json\/wp\/v2\/users\/9"}],"replies":[{"embeddable":true,"href":"https:\/\/www.nedzink.com\/de\/wp-json\/wp\/v2\/comments?post=12359"}],"version-history":[{"count":0,"href":"https:\/\/www.nedzink.com\/de\/wp-json\/wp\/v2\/pages\/12359\/revisions"}],"up":[{"embeddable":true,"href":"https:\/\/www.nedzink.com\/de\/wp-json\/wp\/v2\/pages\/12339"}],"wp:attachment":[{"href":"https:\/\/www.nedzink.com\/de\/wp-json\/wp\/v2\/media?parent=12359"}],"curies":[{"name":"wp","href":"https:\/\/api.w.org\/{rel}","templated":true}]}}