{"id":12339,"date":"2019-04-10T09:29:43","date_gmt":"2019-04-10T07:29:43","guid":{"rendered":"http:\/\/136.144.181.85\/~nedzink\/over-nedzink-2\/"},"modified":"2024-11-12T10:20:59","modified_gmt":"2024-11-12T09:20:59","slug":"ueber-nedzink","status":"publish","type":"page","link":"https:\/\/www.nedzink.com\/de\/ueber-nedzink\/","title":{"rendered":"\u00dcber NedZink"},"content":{"rendered":"[vc_row visibility=&#8220;visible-dt-v2&#8243;][vc_column][mk_padding_divider][\/vc_column][\/vc_row][vc_row][vc_column el_class=&#8220;rij-wit-schaduw&#8220; offset=&#8220;vc_col-xs-12&#8243;][mk_padding_divider size=&#8220;30&#8243;][vc_column_text css=&#8220;.vc_custom_1564472697334{margin-bottom: 0px !important;}&#8220;]\n<h1>\u00dcber NedZink<\/h1>\n[\/vc_column_text][vc_column_text css=&#8220;.vc_custom_1713788162269{margin-bottom: 0px !important;}&#8220;]\n<h6><strong>Der Name NedZink steht seit mehr als 130 Jahren f\u00fcr Erfahrung, Qualit\u00e4t und Flexibilit\u00e4t!<\/strong><\/h6>\n[\/vc_column_text][vc_column_text css=&#8220;.vc_custom_1731403059940{margin-bottom: 0px !important;}&#8220;]<a href=\"https:\/\/www.nedzink.com\/wp-content\/uploads\/2024\/11\/nyr_1566-300x200.jpg\"><img loading=\"lazy\" decoding=\"async\" class=\"alignright wp-image-132504 size-medium\" src=\"https:\/\/www.nedzink.com\/wp-content\/uploads\/2024\/11\/nyr_1566-300x200.jpg\" alt=\"\" width=\"300\" height=\"200\" srcset=\"https:\/\/www.nedzink.com\/wp-content\/uploads\/2024\/11\/nyr_1566-300x200.jpg 300w, https:\/\/www.nedzink.com\/wp-content\/uploads\/2024\/11\/nyr_1566-131x87.jpg 131w, https:\/\/www.nedzink.com\/wp-content\/uploads\/2024\/11\/nyr_1566-272x181.jpg 272w, https:\/\/www.nedzink.com\/wp-content\/uploads\/2024\/11\/nyr_1566-54x36.jpg 54w, https:\/\/www.nedzink.com\/wp-content\/uploads\/2024\/11\/nyr_1566-212x141.jpg 212w, https:\/\/www.nedzink.com\/wp-content\/uploads\/2024\/11\/nyr_1566.jpg 1024w\" sizes=\"auto, (max-width: 300px) 100vw, 300px\" \/><\/a><\/p>\n<p>Im Jahr 1892 wurde in Budel-Dorplein im niederl\u00e4ndischen Nordbrabant die \u201cKempensche Zink Maatschappij\u201d KZM durch die belgische Familie Dor gegr\u00fcndet. 1968 \u00fcbernahm die niederl\u00e4ndische BILLITON f\u00fcnfzig Prozent der Gesch\u00e4ftsanteile und wurde Ihrerseits in 1970 Teil der Royal Dutch Shell Group. Seit 1973 wird Titanzink ausschlie\u00dflich aus elektrolytisch hergestelltem Feinzink mit einer Reinheit von mind. 99,995 % Zn produziert.<\/p>\n<p>1995 wurde die Titanzinkproduktion an die international t\u00e4tige Holding \u201eKoramic Investment Group\u201c ver\u00e4u\u00dfert und der Firmenname in \u201eNedZink B.V.\u201c ge\u00e4ndert. Anfang 2018 haben Koramic und ElvalHalcor eine Joint-Venture-Vereinbarung unterzeichnet, in der ElvalHalcor einen Anteil an der NedZink BV \u00fcber eine Kapitalerh\u00f6hung erwirbt. ElvalHalcor und Koramic b\u00fcndeln ihre Kr\u00e4fte in NedZink auf einer 50% \/ 50% Basis. Die Produktion erfolgt in den Niederlanden. Verkaufsstandorte befinden sich in den Niederlanden, Belgien, Deutschland und Frankreich.<\/p>\n<p>NedZink geh\u00f6rt zu den engagiertesten Teilnehmern auf dem europ\u00e4ischen Markt f\u00fcr gewalztes Titanzink. Unsere aktive Zusammenarbeit mit Architekten, Designern und verarbeitenden Unternehmen inspiriert uns t\u00e4glich, bestehende Anwendungsm\u00f6glichkeiten zu verbessern und neue L\u00f6sungen zu finden.<\/p>\n<p>NedZink unterst\u00fctzt die Planung und die Ausf\u00fchrung langlebiger und hochwertiger Bauvorhaben mit walzblankem, vorpatiniertem und strukturiertem Titanzink. Als Partner des Fachgro\u00dfhandels gew\u00e4hrleistet NedZink eine zuverl\u00e4ssige Versorgung, fachliche Kompetenz, hohe Qualit\u00e4t und umfangreiche Servicedienstleistungen. Als Marktf\u00fchrer in den Niederlanden ist NedZink ein bedeutender F\u00f6rderer kreativer Verwendungsformen f\u00fcr Zink.<\/p>\n<p>NedZink ist sich seiner Verantwortung gegen\u00fcber Mensch und Umwelt bewusst. Eine zukunftsorientierte Unternehmensf\u00fchrung sowie Investitionen in modernste Produktionstechniken st\u00e4rken die Marktposition und schaffen Raum f\u00fcr neue Entwicklungen.[\/vc_column_text][vc_column_text css=&#8220;.vc_custom_1731403082804{margin-bottom: 0px !important;}&#8220;]\n<h6><strong>Together shaping the future with sustainable beauty<\/strong><\/h6>\n[\/vc_column_text][vc_column_text css=&#8220;.vc_custom_1731403179830{margin-bottom: 0px !important;}&#8220;]Bereits seit mehr als 130 Jahren stellt NedZink Zinkprodukte von h\u00f6chster Qualit\u00e4t her, die weltweit in gr\u00f6\u00dferen und kleineren Projekten Anwendung fi nden. Damit geh\u00f6rt NedZink international zu den Top 4 der Branche. Am hochmodernen Standort im niederl\u00e4ndischen Budel-Dorplein wird gewalztes Titanzink f\u00fcr Anwendungen in Fassaden, D\u00e4chern, Dachrinnen und Dachentw\u00e4sserungssystemen gefertigt.<\/p>\n<p>Durch einen nachhaltigen Ansatz bei der Herstellung des nat\u00fcrlichen Zinkprodukts und bei dessen Verarbeitung in Bauprojekten leistet NedZink einen Beitrag zur verantwortungsvollen Gestaltung von Wirtschaft und Zukunft. Mit seiner \u00e4sthetischen Ausstrahlung verk\u00f6rpert Zink den Leitsatz von NedZink: Together shaping the future with sustainable beauty.[\/vc_column_text][vc_single_image image=&#8220;132516&#8243; img_size=&#8220;full&#8220;][mk_padding_divider size=&#8220;50&#8243;][vc_column_text css=&#8220;.vc_custom_1698047773449{margin-bottom: 0px !important;}&#8220;]<a href=\"https:\/\/www.koramic.be\/\"><img loading=\"lazy\" decoding=\"async\" class=\"alignnone size-medium wp-image-128358\" src=\"https:\/\/www.nedzink.com\/wp-content\/uploads\/2023\/10\/koramic-holding-300x77.png\" alt=\"\" width=\"300\" height=\"77\" srcset=\"https:\/\/www.nedzink.com\/wp-content\/uploads\/2023\/10\/koramic-holding-300x77.png 300w, https:\/\/www.nedzink.com\/wp-content\/uploads\/2023\/10\/koramic-holding-1024x263.png 1024w, https:\/\/www.nedzink.com\/wp-content\/uploads\/2023\/10\/koramic-holding-1536x395.png 1536w, https:\/\/www.nedzink.com\/wp-content\/uploads\/2023\/10\/koramic-holding-2048x526.png 2048w, https:\/\/www.nedzink.com\/wp-content\/uploads\/2023\/10\/koramic-holding-339x87.png 339w, https:\/\/www.nedzink.com\/wp-content\/uploads\/2023\/10\/koramic-holding-56x14.png 56w, https:\/\/www.nedzink.com\/wp-content\/uploads\/2023\/10\/koramic-holding-212x54.png 212w\" sizes=\"auto, (max-width: 300px) 100vw, 300px\" \/><\/a> \u00a0 \u00a0 \u00a0 \u00a0 \u00a0 \u00a0 \u00a0 \u00a0 \u00a0 \u00a0 \u00a0 \u00a0 \u00a0 \u00a0 \u00a0 \u00a0 \u00a0 \u00a0 <a href=\"https:\/\/www.elvalhalcor.com\/\"><img loading=\"lazy\" decoding=\"async\" class=\"alignnone wp-image-57328 size-medium\" src=\"https:\/\/www.nedzink.com\/wp-content\/uploads\/2020\/08\/logo-elvalhalcor-300x142.png\" alt=\"Logo ElvalHalcor\" width=\"300\" height=\"142\" srcset=\"https:\/\/www.nedzink.com\/wp-content\/uploads\/2020\/08\/logo-elvalhalcor-300x142.png 300w, https:\/\/www.nedzink.com\/wp-content\/uploads\/2020\/08\/logo-elvalhalcor-184x87.png 184w, https:\/\/www.nedzink.com\/wp-content\/uploads\/2020\/08\/logo-elvalhalcor-56x27.png 56w, https:\/\/www.nedzink.com\/wp-content\/uploads\/2020\/08\/logo-elvalhalcor-212x100.png 212w, https:\/\/www.nedzink.com\/wp-content\/uploads\/2020\/08\/logo-elvalhalcor.png 560w\" sizes=\"auto, (max-width: 300px) 100vw, 300px\" \/><\/a>[\/vc_column_text][\/vc_column][\/vc_row]\n","protected":false},"excerpt":{"rendered":"<p>[vc_row visibility=&#8220;visible-dt-v2&#8243;][vc_column][mk_padding_divider][\/vc_column][\/vc_row][vc_row][vc_column el_class=&#8220;rij-wit-schaduw&#8220; offset=&#8220;vc_col-xs-12&#8243;][mk_padding_divider size=&#8220;30&#8243;][vc_column_text css=&#8220;.vc_custom_1564472697334{margin-bottom: 0px !important;}&#8220;] \u00dcber NedZink [\/vc_column_text][vc_column_text css=&#8220;.vc_custom_1713788162269{margin-bottom: 0px !important;}&#8220;] Der Name NedZink steht seit mehr als 130 Jahren f\u00fcr Erfahrung, Qualit\u00e4t und Flexibilit\u00e4t! [\/vc_column_text][vc_column_text css=&#8220;.vc_custom_1731403059940{margin-bottom: 0px !important;}&#8220;] Im Jahr 1892 wurde in Budel-Dorplein im niederl\u00e4ndischen Nordbrabant die \u201cKempensche Zink Maatschappij\u201d KZM durch die belgische Familie Dor gegr\u00fcndet. 1968 \u00fcbernahm die [&hellip;]<\/p>\n","protected":false},"author":9,"featured_media":0,"parent":0,"menu_order":1000,"comment_status":"closed","ping_status":"closed","template":"","meta":{"_acf_changed":false,"footnotes":""},"class_list":["post-12339","page","type-page","status-publish","hentry"],"acf":[],"yoast_head":"<!-- This site is optimized with the Yoast SEO plugin v26.8 - https:\/\/yoast.com\/product\/yoast-seo-wordpress\/ -->\n<title>\u00dcber NedZink \u2013 NedZink<\/title>\n<meta name=\"description\" content=\"Als handelspartner is NedZink een inspirator door betrouwbare levering van kennis, kwaliteit en dienstverlening. Lees meer over NedZink op onze site\" \/>\n<meta name=\"robots\" content=\"index, follow, max-snippet:-1, max-image-preview:large, max-video-preview:-1\" \/>\n<link rel=\"canonical\" href=\"https:\/\/www.nedzink.com\/de\/ueber-nedzink\/\" \/>\n<meta property=\"og:locale\" content=\"de_DE\" \/>\n<meta property=\"og:type\" content=\"article\" \/>\n<meta property=\"og:title\" content=\"\u00dcber NedZink \u2013 NedZink\" \/>\n<meta property=\"og:description\" content=\"Als handelspartner is NedZink een inspirator door betrouwbare levering van kennis, kwaliteit en dienstverlening. Lees meer over NedZink op onze site\" \/>\n<meta property=\"og:url\" content=\"https:\/\/www.nedzink.com\/de\/ueber-nedzink\/\" \/>\n<meta property=\"og:site_name\" content=\"NedZink\" \/>\n<meta property=\"article:modified_time\" content=\"2024-11-12T09:20:59+00:00\" \/>\n<meta property=\"og:image\" content=\"https:\/\/www.nedzink.com\/wp-content\/uploads\/2024\/11\/nyr_1566.jpg\" \/>\n\t<meta property=\"og:image:width\" content=\"1024\" \/>\n\t<meta property=\"og:image:height\" content=\"682\" \/>\n\t<meta property=\"og:image:type\" content=\"image\/jpeg\" \/>\n<meta name=\"twitter:card\" content=\"summary_large_image\" \/>\n<meta name=\"twitter:label1\" content=\"Gesch\u00e4tzte Lesezeit\" \/>\n\t<meta name=\"twitter:data1\" content=\"3\u00a0Minuten\" \/>\n<script type=\"application\/ld+json\" class=\"yoast-schema-graph\">{\"@context\":\"https:\/\/schema.org\",\"@graph\":[{\"@type\":\"WebPage\",\"@id\":\"https:\/\/www.nedzink.com\/de\/ueber-nedzink\/\",\"url\":\"https:\/\/www.nedzink.com\/de\/ueber-nedzink\/\",\"name\":\"\u00dcber NedZink \u2013 NedZink\",\"isPartOf\":{\"@id\":\"https:\/\/www.nedzink.com\/de\/#website\"},\"primaryImageOfPage\":{\"@id\":\"https:\/\/www.nedzink.com\/de\/ueber-nedzink\/#primaryimage\"},\"image\":{\"@id\":\"https:\/\/www.nedzink.com\/de\/ueber-nedzink\/#primaryimage\"},\"thumbnailUrl\":\"https:\/\/www.nedzink.com\/wp-content\/uploads\/2024\/11\/nyr_1566-300x200.jpg\",\"datePublished\":\"2019-04-10T07:29:43+00:00\",\"dateModified\":\"2024-11-12T09:20:59+00:00\",\"description\":\"Als handelspartner is NedZink een inspirator door betrouwbare levering van kennis, kwaliteit en dienstverlening. Lees meer over NedZink op onze site\",\"breadcrumb\":{\"@id\":\"https:\/\/www.nedzink.com\/de\/ueber-nedzink\/#breadcrumb\"},\"inLanguage\":\"de\",\"potentialAction\":[{\"@type\":\"ReadAction\",\"target\":[\"https:\/\/www.nedzink.com\/de\/ueber-nedzink\/\"]}]},{\"@type\":\"ImageObject\",\"inLanguage\":\"de\",\"@id\":\"https:\/\/www.nedzink.com\/de\/ueber-nedzink\/#primaryimage\",\"url\":\"https:\/\/www.nedzink.com\/wp-content\/uploads\/2024\/11\/nyr_1566-300x200.jpg\",\"contentUrl\":\"https:\/\/www.nedzink.com\/wp-content\/uploads\/2024\/11\/nyr_1566-300x200.jpg\"},{\"@type\":\"BreadcrumbList\",\"@id\":\"https:\/\/www.nedzink.com\/de\/ueber-nedzink\/#breadcrumb\",\"itemListElement\":[{\"@type\":\"ListItem\",\"position\":1,\"name\":\"Home\",\"item\":\"https:\/\/www.nedzink.com\/de\/\"},{\"@type\":\"ListItem\",\"position\":2,\"name\":\"\u00dcber NedZink\"}]},{\"@type\":\"WebSite\",\"@id\":\"https:\/\/www.nedzink.com\/de\/#website\",\"url\":\"https:\/\/www.nedzink.com\/de\/\",\"name\":\"NedZink\",\"description\":\"Zink fabrikant\",\"publisher\":{\"@id\":\"https:\/\/www.nedzink.com\/de\/#organization\"},\"potentialAction\":[{\"@type\":\"SearchAction\",\"target\":{\"@type\":\"EntryPoint\",\"urlTemplate\":\"https:\/\/www.nedzink.com\/de\/?s={search_term_string}\"},\"query-input\":{\"@type\":\"PropertyValueSpecification\",\"valueRequired\":true,\"valueName\":\"search_term_string\"}}],\"inLanguage\":\"de\"},{\"@type\":\"Organization\",\"@id\":\"https:\/\/www.nedzink.com\/de\/#organization\",\"name\":\"NedZink\",\"url\":\"https:\/\/www.nedzink.com\/de\/\",\"logo\":{\"@type\":\"ImageObject\",\"inLanguage\":\"de\",\"@id\":\"https:\/\/www.nedzink.com\/de\/#\/schema\/logo\/image\/\",\"url\":\"https:\/\/www.nedzink.com\/wp-content\/uploads\/2019\/08\/logo-nedzink_fc_zk.jpg\",\"contentUrl\":\"https:\/\/www.nedzink.com\/wp-content\/uploads\/2019\/08\/logo-nedzink_fc_zk.jpg\",\"width\":2160,\"height\":688,\"caption\":\"NedZink\"},\"image\":{\"@id\":\"https:\/\/www.nedzink.com\/de\/#\/schema\/logo\/image\/\"}}]}<\/script>\n<!-- \/ Yoast SEO plugin. -->","yoast_head_json":{"title":"\u00dcber NedZink \u2013 NedZink","description":"Als handelspartner is NedZink een inspirator door betrouwbare levering van kennis, kwaliteit en dienstverlening. Lees meer over NedZink op onze site","robots":{"index":"index","follow":"follow","max-snippet":"max-snippet:-1","max-image-preview":"max-image-preview:large","max-video-preview":"max-video-preview:-1"},"canonical":"https:\/\/www.nedzink.com\/de\/ueber-nedzink\/","og_locale":"de_DE","og_type":"article","og_title":"\u00dcber NedZink \u2013 NedZink","og_description":"Als handelspartner is NedZink een inspirator door betrouwbare levering van kennis, kwaliteit en dienstverlening. Lees meer over NedZink op onze site","og_url":"https:\/\/www.nedzink.com\/de\/ueber-nedzink\/","og_site_name":"NedZink","article_modified_time":"2024-11-12T09:20:59+00:00","og_image":[{"width":1024,"height":682,"url":"https:\/\/www.nedzink.com\/wp-content\/uploads\/2024\/11\/nyr_1566.jpg","type":"image\/jpeg"}],"twitter_card":"summary_large_image","twitter_misc":{"Gesch\u00e4tzte Lesezeit":"3\u00a0Minuten"},"schema":{"@context":"https:\/\/schema.org","@graph":[{"@type":"WebPage","@id":"https:\/\/www.nedzink.com\/de\/ueber-nedzink\/","url":"https:\/\/www.nedzink.com\/de\/ueber-nedzink\/","name":"\u00dcber NedZink \u2013 NedZink","isPartOf":{"@id":"https:\/\/www.nedzink.com\/de\/#website"},"primaryImageOfPage":{"@id":"https:\/\/www.nedzink.com\/de\/ueber-nedzink\/#primaryimage"},"image":{"@id":"https:\/\/www.nedzink.com\/de\/ueber-nedzink\/#primaryimage"},"thumbnailUrl":"https:\/\/www.nedzink.com\/wp-content\/uploads\/2024\/11\/nyr_1566-300x200.jpg","datePublished":"2019-04-10T07:29:43+00:00","dateModified":"2024-11-12T09:20:59+00:00","description":"Als handelspartner is NedZink een inspirator door betrouwbare levering van kennis, kwaliteit en dienstverlening. Lees meer over NedZink op onze site","breadcrumb":{"@id":"https:\/\/www.nedzink.com\/de\/ueber-nedzink\/#breadcrumb"},"inLanguage":"de","potentialAction":[{"@type":"ReadAction","target":["https:\/\/www.nedzink.com\/de\/ueber-nedzink\/"]}]},{"@type":"ImageObject","inLanguage":"de","@id":"https:\/\/www.nedzink.com\/de\/ueber-nedzink\/#primaryimage","url":"https:\/\/www.nedzink.com\/wp-content\/uploads\/2024\/11\/nyr_1566-300x200.jpg","contentUrl":"https:\/\/www.nedzink.com\/wp-content\/uploads\/2024\/11\/nyr_1566-300x200.jpg"},{"@type":"BreadcrumbList","@id":"https:\/\/www.nedzink.com\/de\/ueber-nedzink\/#breadcrumb","itemListElement":[{"@type":"ListItem","position":1,"name":"Home","item":"https:\/\/www.nedzink.com\/de\/"},{"@type":"ListItem","position":2,"name":"\u00dcber NedZink"}]},{"@type":"WebSite","@id":"https:\/\/www.nedzink.com\/de\/#website","url":"https:\/\/www.nedzink.com\/de\/","name":"NedZink","description":"Zink fabrikant","publisher":{"@id":"https:\/\/www.nedzink.com\/de\/#organization"},"potentialAction":[{"@type":"SearchAction","target":{"@type":"EntryPoint","urlTemplate":"https:\/\/www.nedzink.com\/de\/?s={search_term_string}"},"query-input":{"@type":"PropertyValueSpecification","valueRequired":true,"valueName":"search_term_string"}}],"inLanguage":"de"},{"@type":"Organization","@id":"https:\/\/www.nedzink.com\/de\/#organization","name":"NedZink","url":"https:\/\/www.nedzink.com\/de\/","logo":{"@type":"ImageObject","inLanguage":"de","@id":"https:\/\/www.nedzink.com\/de\/#\/schema\/logo\/image\/","url":"https:\/\/www.nedzink.com\/wp-content\/uploads\/2019\/08\/logo-nedzink_fc_zk.jpg","contentUrl":"https:\/\/www.nedzink.com\/wp-content\/uploads\/2019\/08\/logo-nedzink_fc_zk.jpg","width":2160,"height":688,"caption":"NedZink"},"image":{"@id":"https:\/\/www.nedzink.com\/de\/#\/schema\/logo\/image\/"}}]}},"_links":{"self":[{"href":"https:\/\/www.nedzink.com\/de\/wp-json\/wp\/v2\/pages\/12339","targetHints":{"allow":["GET"]}}],"collection":[{"href":"https:\/\/www.nedzink.com\/de\/wp-json\/wp\/v2\/pages"}],"about":[{"href":"https:\/\/www.nedzink.com\/de\/wp-json\/wp\/v2\/types\/page"}],"author":[{"embeddable":true,"href":"https:\/\/www.nedzink.com\/de\/wp-json\/wp\/v2\/users\/9"}],"replies":[{"embeddable":true,"href":"https:\/\/www.nedzink.com\/de\/wp-json\/wp\/v2\/comments?post=12339"}],"version-history":[{"count":4,"href":"https:\/\/www.nedzink.com\/de\/wp-json\/wp\/v2\/pages\/12339\/revisions"}],"predecessor-version":[{"id":132529,"href":"https:\/\/www.nedzink.com\/de\/wp-json\/wp\/v2\/pages\/12339\/revisions\/132529"}],"wp:attachment":[{"href":"https:\/\/www.nedzink.com\/de\/wp-json\/wp\/v2\/media?parent=12339"}],"curies":[{"name":"wp","href":"https:\/\/api.w.org\/{rel}","templated":true}]}}