{"id":12308,"date":"2019-04-09T14:30:41","date_gmt":"2019-04-09T12:30:41","guid":{"rendered":"http:\/\/136.144.181.85\/~nedzink\/umwelt\/umweltzertifizierung-epd\/"},"modified":"2022-06-10T09:38:07","modified_gmt":"2022-06-10T07:38:07","slug":"umweltzertifizierung-epd","status":"publish","type":"page","link":"https:\/\/www.nedzink.com\/de\/umwelt\/umweltzertifizierung-epd\/","title":{"rendered":"Umweltzertifizierung EPD"},"content":{"rendered":"[vc_row][vc_column][vc_column_text css=&#8220;.vc_custom_1654846680761{margin-bottom: 0px !important;}&#8220;]\n<h3>Einfachere, nachhaltige Produktauswahl dank aktueller\u00a0EPDs<\/h3>\n<p style=\"text-align: justify;\">NedZink wurde\u00a0f\u00fcr seine Produkte NedZink NATUREL, NedZink NOVA und NedZink NOIR mit einer EPD (Environmental Product Declaration &#8211; Umweltproduktdeklaration) vom unabh\u00e4ngigen deutschen Institut Bauen und Umwelt e.V. (IBU) <a href=\"http:\/\/www.bau-umwelt.de\/\">www.bau-umwelt.de<\/a>; ausgezeichnet. Diese EPDs, die ebenfalls die ECO-Plattform*-Kennzeichnung erhalten haben, bieten Informationen zu den Umweltdaten der Produkte auf der Basis der Lebenszyklusanalyse LCA \u00a0bzw. der \u00d6kobilanzierung. Ein Vergleich der verschiedenen EPDs vereinfacht \u00a0eine umweltbewusste Produktwahl. Mit dieser wichtigen Kennzeichnung hat NedZink einen neuen Schritt in Richtung Nachhaltigkeit und Qualit\u00e4t gesetzt.<\/p>\n<p><span style=\"font-size: 10pt; font-family: 'Arial',sans-serif; mso-fareast-font-family: Cambria; mso-ansi-language: NL; mso-fareast-language: EN-US; mso-bidi-language: AR-SA;\"><a href=\"https:\/\/www.nedzink.com\/wp-content\/uploads\/2021\/06\/epd-nedzink-naturel-2021-en-150x212-1.jpg\"><img loading=\"lazy\" decoding=\"async\" class=\"alignnone size-full wp-image-64000\" src=\"https:\/\/www.nedzink.com\/wp-content\/uploads\/2021\/06\/epd-nedzink-naturel-2021-en-150x212-1.jpg\" alt=\"\" width=\"150\" height=\"212\" srcset=\"https:\/\/www.nedzink.com\/wp-content\/uploads\/2021\/06\/epd-nedzink-naturel-2021-en-150x212-1.jpg 150w, https:\/\/www.nedzink.com\/wp-content\/uploads\/2021\/06\/epd-nedzink-naturel-2021-en-150x212-1-62x87.jpg 62w, https:\/\/www.nedzink.com\/wp-content\/uploads\/2021\/06\/epd-nedzink-naturel-2021-en-150x212-1-25x36.jpg 25w\" sizes=\"auto, (max-width: 150px) 100vw, 150px\" \/><\/a>\u00a0 \u00a0 \u00a0 \u00a0 \u00a0 \u00a0 \u00a0 <a href=\"https:\/\/www.nedzink.com\/wp-content\/uploads\/2021\/06\/epd-nedzink-nova-nedzink-neo-nedzink-noir-2021-en-150x212-1.jpg\"><img loading=\"lazy\" decoding=\"async\" class=\"alignnone size-full wp-image-64011\" src=\"https:\/\/www.nedzink.com\/wp-content\/uploads\/2021\/06\/epd-nedzink-nova-nedzink-neo-nedzink-noir-2021-en-150x212-1.jpg\" alt=\"\" width=\"150\" height=\"212\" srcset=\"https:\/\/www.nedzink.com\/wp-content\/uploads\/2021\/06\/epd-nedzink-nova-nedzink-neo-nedzink-noir-2021-en-150x212-1.jpg 150w, https:\/\/www.nedzink.com\/wp-content\/uploads\/2021\/06\/epd-nedzink-nova-nedzink-neo-nedzink-noir-2021-en-150x212-1-62x87.jpg 62w, https:\/\/www.nedzink.com\/wp-content\/uploads\/2021\/06\/epd-nedzink-nova-nedzink-neo-nedzink-noir-2021-en-150x212-1-25x36.jpg 25w\" sizes=\"auto, (max-width: 150px) 100vw, 150px\" \/><\/a>\u00a0 \u00a0 \u00a0 \u00a0 \u00a0 \u00a0 \u00a0 \u00a0 \u00a0 \u00a0 \u00a0 <a href=\"http:\/\/construction-environment.com\/hp426\/Metals-for-buildings.htm\"><img decoding=\"async\" style=\"height: 143px; width: 300px;\" src=\"https:\/\/www.nedzink.com\/wp-content\/uploads\/import\/cms\/userfiles\/images\/news\/2014\/EPD_BV_RGB.jpg\" alt=\"\" \/><\/a><\/span><\/p>\n<p><span style=\"font-size: 10pt; font-family: 'Arial',sans-serif; mso-fareast-font-family: Cambria; mso-ansi-language: NL; mso-fareast-language: EN-US; mso-bidi-language: AR-SA;\"><span lang=\"DE\" style=\"font-size: 10pt; font-family: 'Arial',sans-serif; line-height: 150%; mso-fareast-font-family: 'Times New Roman'; mso-ansi-language: DE; mso-fareast-language: NL; mso-bidi-language: AR-SA;\"><a href=\"https:\/\/www.nedzink.com\/wp-content\/uploads\/2021\/06\/epd-nedzink-naturel-2021-en-1.pdf\">EPD NATUREL (English)<\/a>\u00a0\u00a0\u00a0\u00a0\u00a0\u00a0\u00a0\u00a0\u00a0\u00a0\u00a0\u00a0\u00a0\u00a0 <a href=\"https:\/\/www.nedzink.com\/wp-content\/uploads\/2021\/06\/epd-nedzink-nova-nedzink-neo-nedzink-noir-2021-en.pdf\">EPD NOVA, NEO und NOIR (English)<\/a><\/span><\/span><\/p>\n<h3><span style=\"font-size: 10pt; font-family: 'Arial',sans-serif; mso-fareast-font-family: Cambria; mso-ansi-language: NL; mso-fareast-language: EN-US; mso-bidi-language: AR-SA;\"><span lang=\"DE\" style=\"font-size: 10pt; font-family: 'Arial',sans-serif; line-height: 150%; mso-fareast-font-family: 'Times New Roman'; mso-ansi-language: DE; mso-fareast-language: NL; mso-bidi-language: AR-SA;\">Lebenszyklusanalyse (LZA\/LCA)<\/span><\/span><\/h3>\n<p style=\"text-align: justify;\">Die EPDs bilden die Grundlage f\u00fcr die Bewertung von Geb\u00e4uden auf \u00f6kologischer Ebene, wie im neuen europ\u00e4ischen Projekt \u201aNachhaltigkeit von Geb\u00e4uden\u2019 definiert. Zum Erhalt einer objektiven und vergleichbaren Grundlage hat das unabh\u00e4ngige IBU die Umweltauswirkungen von NedZink NATUREL, NedZink NOVA und NedZink NOIR anhand der Anforderungen der ISO-Normen 14025, 14040 und 15804 gepr\u00fcft und anschlie\u00dfend validiert. Dazu wurde die Lebenszyklusanalyse (LCA) der drei Zinkprodukte herangezogen. Die LCA ist eine bew\u00e4hrte wissenschaftliche Methode, die es m\u00f6glich macht, alle Umwelteffekte in jeder Lebensphase des Produktes zu bewerten und zu quantifizieren, wie zum Beispiel den CO<sub>2<\/sub>-Aussto\u00df, den Energie- und Wasserverbrauch sowie die Luftverschmutzung. Auf der Basis dieser Kennzahlen k\u00f6nnen EPDs miteinander verglichen werden und wird eine (umwelt-) bewusste Produktauswahl erleichtert.<\/p>\n<p style=\"text-align: justify;\">*\u00a0 ECO \u2013 Plattform: <a href=\"http:\/\/www.eco-platform.org\/\">www.eco-platform.org<\/a>; Eine internationale Plattform zur Validierung von EPD Zertifizierungen.<\/p>\n[\/vc_column_text][\/vc_column][\/vc_row]\n","protected":false},"excerpt":{"rendered":"<p>[vc_row][vc_column][vc_column_text css=&#8220;.vc_custom_1654846680761{margin-bottom: 0px !important;}&#8220;] Einfachere, nachhaltige Produktauswahl dank aktueller\u00a0EPDs NedZink wurde\u00a0f\u00fcr seine Produkte NedZink NATUREL, NedZink NOVA und NedZink NOIR mit einer EPD (Environmental Product Declaration &#8211; Umweltproduktdeklaration) vom unabh\u00e4ngigen deutschen Institut Bauen und Umwelt e.V. (IBU) www.bau-umwelt.de; ausgezeichnet. Diese EPDs, die ebenfalls die ECO-Plattform*-Kennzeichnung erhalten haben, bieten Informationen zu den Umweltdaten der Produkte auf [&hellip;]<\/p>\n","protected":false},"author":9,"featured_media":0,"parent":12298,"menu_order":10,"comment_status":"closed","ping_status":"closed","template":"template-import.php","meta":{"_acf_changed":false,"footnotes":""},"class_list":["post-12308","page","type-page","status-publish","hentry"],"acf":[],"yoast_head":"<!-- This site is optimized with the Yoast SEO plugin v26.8 - https:\/\/yoast.com\/product\/yoast-seo-wordpress\/ -->\n<title>Umweltzertifizierung EPD &#8211; NedZink<\/title>\n<meta name=\"robots\" content=\"index, follow, max-snippet:-1, max-image-preview:large, max-video-preview:-1\" \/>\n<link rel=\"canonical\" href=\"https:\/\/www.nedzink.com\/de\/umwelt\/umweltzertifizierung-epd\/\" \/>\n<meta property=\"og:locale\" content=\"de_DE\" \/>\n<meta property=\"og:type\" content=\"article\" \/>\n<meta property=\"og:title\" content=\"Umweltzertifizierung EPD &#8211; NedZink\" \/>\n<meta property=\"og:description\" content=\"[vc_row][vc_column][vc_column_text css=&#8220;.vc_custom_1654846680761{margin-bottom: 0px !important;}&#8220;] Einfachere, nachhaltige Produktauswahl dank aktueller\u00a0EPDs NedZink wurde\u00a0f\u00fcr seine Produkte NedZink NATUREL, NedZink NOVA und NedZink NOIR mit einer EPD (Environmental Product Declaration &#8211; Umweltproduktdeklaration) vom unabh\u00e4ngigen deutschen Institut Bauen und Umwelt e.V. (IBU) www.bau-umwelt.de; ausgezeichnet. Diese EPDs, die ebenfalls die ECO-Plattform*-Kennzeichnung erhalten haben, bieten Informationen zu den Umweltdaten der Produkte auf [&hellip;]\" \/>\n<meta property=\"og:url\" content=\"https:\/\/www.nedzink.com\/de\/umwelt\/umweltzertifizierung-epd\/\" \/>\n<meta property=\"og:site_name\" content=\"NedZink\" \/>\n<meta property=\"article:modified_time\" content=\"2022-06-10T07:38:07+00:00\" \/>\n<meta property=\"og:image\" content=\"https:\/\/www.nedzink.com\/wp-content\/uploads\/2021\/06\/epd-nedzink-naturel-2021-en-150x212-1.jpg\" \/>\n<meta name=\"twitter:card\" content=\"summary_large_image\" \/>\n<meta name=\"twitter:label1\" content=\"Gesch\u00e4tzte Lesezeit\" \/>\n\t<meta name=\"twitter:data1\" content=\"2\u00a0Minuten\" \/>\n<script type=\"application\/ld+json\" class=\"yoast-schema-graph\">{\"@context\":\"https:\/\/schema.org\",\"@graph\":[{\"@type\":\"WebPage\",\"@id\":\"https:\/\/www.nedzink.com\/de\/umwelt\/umweltzertifizierung-epd\/\",\"url\":\"https:\/\/www.nedzink.com\/de\/umwelt\/umweltzertifizierung-epd\/\",\"name\":\"Umweltzertifizierung EPD &#8211; NedZink\",\"isPartOf\":{\"@id\":\"https:\/\/www.nedzink.com\/de\/#website\"},\"primaryImageOfPage\":{\"@id\":\"https:\/\/www.nedzink.com\/de\/umwelt\/umweltzertifizierung-epd\/#primaryimage\"},\"image\":{\"@id\":\"https:\/\/www.nedzink.com\/de\/umwelt\/umweltzertifizierung-epd\/#primaryimage\"},\"thumbnailUrl\":\"https:\/\/www.nedzink.com\/wp-content\/uploads\/2021\/06\/epd-nedzink-naturel-2021-en-150x212-1.jpg\",\"datePublished\":\"2019-04-09T12:30:41+00:00\",\"dateModified\":\"2022-06-10T07:38:07+00:00\",\"breadcrumb\":{\"@id\":\"https:\/\/www.nedzink.com\/de\/umwelt\/umweltzertifizierung-epd\/#breadcrumb\"},\"inLanguage\":\"de\",\"potentialAction\":[{\"@type\":\"ReadAction\",\"target\":[\"https:\/\/www.nedzink.com\/de\/umwelt\/umweltzertifizierung-epd\/\"]}]},{\"@type\":\"ImageObject\",\"inLanguage\":\"de\",\"@id\":\"https:\/\/www.nedzink.com\/de\/umwelt\/umweltzertifizierung-epd\/#primaryimage\",\"url\":\"https:\/\/www.nedzink.com\/wp-content\/uploads\/2021\/06\/epd-nedzink-naturel-2021-en-150x212-1.jpg\",\"contentUrl\":\"https:\/\/www.nedzink.com\/wp-content\/uploads\/2021\/06\/epd-nedzink-naturel-2021-en-150x212-1.jpg\"},{\"@type\":\"BreadcrumbList\",\"@id\":\"https:\/\/www.nedzink.com\/de\/umwelt\/umweltzertifizierung-epd\/#breadcrumb\",\"itemListElement\":[{\"@type\":\"ListItem\",\"position\":1,\"name\":\"Home\",\"item\":\"https:\/\/www.nedzink.com\/de\/\"},{\"@type\":\"ListItem\",\"position\":2,\"name\":\"Umwelt\",\"item\":\"https:\/\/www.nedzink.com\/de\/umwelt\/\"},{\"@type\":\"ListItem\",\"position\":3,\"name\":\"Umweltzertifizierung EPD\"}]},{\"@type\":\"WebSite\",\"@id\":\"https:\/\/www.nedzink.com\/de\/#website\",\"url\":\"https:\/\/www.nedzink.com\/de\/\",\"name\":\"NedZink\",\"description\":\"Zink fabrikant\",\"publisher\":{\"@id\":\"https:\/\/www.nedzink.com\/de\/#organization\"},\"potentialAction\":[{\"@type\":\"SearchAction\",\"target\":{\"@type\":\"EntryPoint\",\"urlTemplate\":\"https:\/\/www.nedzink.com\/de\/?s={search_term_string}\"},\"query-input\":{\"@type\":\"PropertyValueSpecification\",\"valueRequired\":true,\"valueName\":\"search_term_string\"}}],\"inLanguage\":\"de\"},{\"@type\":\"Organization\",\"@id\":\"https:\/\/www.nedzink.com\/de\/#organization\",\"name\":\"NedZink\",\"url\":\"https:\/\/www.nedzink.com\/de\/\",\"logo\":{\"@type\":\"ImageObject\",\"inLanguage\":\"de\",\"@id\":\"https:\/\/www.nedzink.com\/de\/#\/schema\/logo\/image\/\",\"url\":\"https:\/\/www.nedzink.com\/wp-content\/uploads\/2019\/08\/logo-nedzink_fc_zk.jpg\",\"contentUrl\":\"https:\/\/www.nedzink.com\/wp-content\/uploads\/2019\/08\/logo-nedzink_fc_zk.jpg\",\"width\":2160,\"height\":688,\"caption\":\"NedZink\"},\"image\":{\"@id\":\"https:\/\/www.nedzink.com\/de\/#\/schema\/logo\/image\/\"}}]}<\/script>\n<!-- \/ Yoast SEO plugin. -->","yoast_head_json":{"title":"Umweltzertifizierung EPD &#8211; NedZink","robots":{"index":"index","follow":"follow","max-snippet":"max-snippet:-1","max-image-preview":"max-image-preview:large","max-video-preview":"max-video-preview:-1"},"canonical":"https:\/\/www.nedzink.com\/de\/umwelt\/umweltzertifizierung-epd\/","og_locale":"de_DE","og_type":"article","og_title":"Umweltzertifizierung EPD &#8211; NedZink","og_description":"[vc_row][vc_column][vc_column_text css=&#8220;.vc_custom_1654846680761{margin-bottom: 0px !important;}&#8220;] Einfachere, nachhaltige Produktauswahl dank aktueller\u00a0EPDs NedZink wurde\u00a0f\u00fcr seine Produkte NedZink NATUREL, NedZink NOVA und NedZink NOIR mit einer EPD (Environmental Product Declaration &#8211; Umweltproduktdeklaration) vom unabh\u00e4ngigen deutschen Institut Bauen und Umwelt e.V. (IBU) www.bau-umwelt.de; ausgezeichnet. Diese EPDs, die ebenfalls die ECO-Plattform*-Kennzeichnung erhalten haben, bieten Informationen zu den Umweltdaten der Produkte auf [&hellip;]","og_url":"https:\/\/www.nedzink.com\/de\/umwelt\/umweltzertifizierung-epd\/","og_site_name":"NedZink","article_modified_time":"2022-06-10T07:38:07+00:00","og_image":[{"url":"https:\/\/www.nedzink.com\/wp-content\/uploads\/2021\/06\/epd-nedzink-naturel-2021-en-150x212-1.jpg","type":"","width":"","height":""}],"twitter_card":"summary_large_image","twitter_misc":{"Gesch\u00e4tzte Lesezeit":"2\u00a0Minuten"},"schema":{"@context":"https:\/\/schema.org","@graph":[{"@type":"WebPage","@id":"https:\/\/www.nedzink.com\/de\/umwelt\/umweltzertifizierung-epd\/","url":"https:\/\/www.nedzink.com\/de\/umwelt\/umweltzertifizierung-epd\/","name":"Umweltzertifizierung EPD &#8211; NedZink","isPartOf":{"@id":"https:\/\/www.nedzink.com\/de\/#website"},"primaryImageOfPage":{"@id":"https:\/\/www.nedzink.com\/de\/umwelt\/umweltzertifizierung-epd\/#primaryimage"},"image":{"@id":"https:\/\/www.nedzink.com\/de\/umwelt\/umweltzertifizierung-epd\/#primaryimage"},"thumbnailUrl":"https:\/\/www.nedzink.com\/wp-content\/uploads\/2021\/06\/epd-nedzink-naturel-2021-en-150x212-1.jpg","datePublished":"2019-04-09T12:30:41+00:00","dateModified":"2022-06-10T07:38:07+00:00","breadcrumb":{"@id":"https:\/\/www.nedzink.com\/de\/umwelt\/umweltzertifizierung-epd\/#breadcrumb"},"inLanguage":"de","potentialAction":[{"@type":"ReadAction","target":["https:\/\/www.nedzink.com\/de\/umwelt\/umweltzertifizierung-epd\/"]}]},{"@type":"ImageObject","inLanguage":"de","@id":"https:\/\/www.nedzink.com\/de\/umwelt\/umweltzertifizierung-epd\/#primaryimage","url":"https:\/\/www.nedzink.com\/wp-content\/uploads\/2021\/06\/epd-nedzink-naturel-2021-en-150x212-1.jpg","contentUrl":"https:\/\/www.nedzink.com\/wp-content\/uploads\/2021\/06\/epd-nedzink-naturel-2021-en-150x212-1.jpg"},{"@type":"BreadcrumbList","@id":"https:\/\/www.nedzink.com\/de\/umwelt\/umweltzertifizierung-epd\/#breadcrumb","itemListElement":[{"@type":"ListItem","position":1,"name":"Home","item":"https:\/\/www.nedzink.com\/de\/"},{"@type":"ListItem","position":2,"name":"Umwelt","item":"https:\/\/www.nedzink.com\/de\/umwelt\/"},{"@type":"ListItem","position":3,"name":"Umweltzertifizierung EPD"}]},{"@type":"WebSite","@id":"https:\/\/www.nedzink.com\/de\/#website","url":"https:\/\/www.nedzink.com\/de\/","name":"NedZink","description":"Zink fabrikant","publisher":{"@id":"https:\/\/www.nedzink.com\/de\/#organization"},"potentialAction":[{"@type":"SearchAction","target":{"@type":"EntryPoint","urlTemplate":"https:\/\/www.nedzink.com\/de\/?s={search_term_string}"},"query-input":{"@type":"PropertyValueSpecification","valueRequired":true,"valueName":"search_term_string"}}],"inLanguage":"de"},{"@type":"Organization","@id":"https:\/\/www.nedzink.com\/de\/#organization","name":"NedZink","url":"https:\/\/www.nedzink.com\/de\/","logo":{"@type":"ImageObject","inLanguage":"de","@id":"https:\/\/www.nedzink.com\/de\/#\/schema\/logo\/image\/","url":"https:\/\/www.nedzink.com\/wp-content\/uploads\/2019\/08\/logo-nedzink_fc_zk.jpg","contentUrl":"https:\/\/www.nedzink.com\/wp-content\/uploads\/2019\/08\/logo-nedzink_fc_zk.jpg","width":2160,"height":688,"caption":"NedZink"},"image":{"@id":"https:\/\/www.nedzink.com\/de\/#\/schema\/logo\/image\/"}}]}},"_links":{"self":[{"href":"https:\/\/www.nedzink.com\/de\/wp-json\/wp\/v2\/pages\/12308","targetHints":{"allow":["GET"]}}],"collection":[{"href":"https:\/\/www.nedzink.com\/de\/wp-json\/wp\/v2\/pages"}],"about":[{"href":"https:\/\/www.nedzink.com\/de\/wp-json\/wp\/v2\/types\/page"}],"author":[{"embeddable":true,"href":"https:\/\/www.nedzink.com\/de\/wp-json\/wp\/v2\/users\/9"}],"replies":[{"embeddable":true,"href":"https:\/\/www.nedzink.com\/de\/wp-json\/wp\/v2\/comments?post=12308"}],"version-history":[{"count":2,"href":"https:\/\/www.nedzink.com\/de\/wp-json\/wp\/v2\/pages\/12308\/revisions"}],"predecessor-version":[{"id":118395,"href":"https:\/\/www.nedzink.com\/de\/wp-json\/wp\/v2\/pages\/12308\/revisions\/118395"}],"up":[{"embeddable":true,"href":"https:\/\/www.nedzink.com\/de\/wp-json\/wp\/v2\/pages\/12298"}],"wp:attachment":[{"href":"https:\/\/www.nedzink.com\/de\/wp-json\/wp\/v2\/media?parent=12308"}],"curies":[{"name":"wp","href":"https:\/\/api.w.org\/{rel}","templated":true}]}}