{"id":12298,"date":"2019-04-09T14:30:40","date_gmt":"2019-04-09T12:30:40","guid":{"rendered":"http:\/\/136.144.181.85\/~nedzink\/umwelt\/"},"modified":"2026-03-31T16:03:00","modified_gmt":"2026-03-31T14:03:00","slug":"umwelt","status":"publish","type":"page","link":"https:\/\/www.nedzink.com\/de\/umwelt\/","title":{"rendered":"Umwelt"},"content":{"rendered":"[vc_row][vc_column][vc_column_text css=&#8220;.vc_custom_1774965763811{margin-bottom: 0px !important;}&#8220;]<strong>ESSENZIELL, NACHHALTIG UND HERVORRAGEND RECYCLEBAR<br \/>\n<\/strong>Das metallische Element Zink ist eines der wichtigsten Spurenelemente und an fast allen lebenswichtigen Stoffwechselfunktionen in unserem menschlichen K\u00f6rper ma\u00dfgeblich beteiligt. Das bedeutet, dass eine kontinuierliche Zinkzufuhr stattfi nden muss, Zinkmangel dagegen gesundheitliche Probleme hervorrufen kann. Aber auch in anderen, f\u00fcr die Nachhaltigkeit eines Stoffes wichtigen Bereichen, wie z.B. \u00d6kobilanzen, Klima-, Umwelt- und Ressourcenschutz spielt Zink eine positive Rolle.<\/p>\n<p><strong>Essenziell f\u00fcr Leben und Gesundheit<br \/>\n<\/strong>Alles Leben auf der Erde, wie wir es heute kennen, hat sich in Gegenwart der nat\u00fcrlichen Zinkanteile entwickelt. Neben anderen Stoffwechselfunktionen werden die Wundheilung und wichtige Entwicklungen w\u00e4hrend Kleinkindalter, Pubert\u00e4t und Schwangerschaft von einer ausreichenden Zinkversorgung positiv beeinfl usst. In Mitteleuropa kann diese durch eine ausgewogene Ern\u00e4hrung sichergestellt werden. Etwa 2,5 g Zink sind im menschlichen K\u00f6rper konstant enthalten. Da kein \u00fcbersch\u00fcssiges Zink gespeichert, sondern ausgeschieden wird, ist eine kontinuierliche Aufnahme erforderlich. Bei Erwachsenen betr\u00e4gt diese ca. 10 &#8211; 15 mg pro Tag. Dadurch wird das Funktionieren von z. B. 200 Enzymen, Stabilisierung der DNA und der Transfer von Reizsignalen sicher gestellt.<\/p>\n<p><strong><br \/>\nSch\u00fctzend f\u00fcr Mensch und Technik<br \/>\n<\/strong>Dass technische Produkte mit Zink hervorragend gesch\u00fctzt werden k\u00f6nnen ist allgemein bekannt. So erreichen alle Arten von Geb\u00e4uden durch Wetterschutz mit Zinkblechen, Stahlkonstruktionen durch Verzinkung und viele Oberfl \u00e4chen durch Beschichtung mit zinkhaltigen Materialien ein Vielfaches ihrer normalen Nutzungsdauer. Mindestens ebenso wichtig ist der hervorragende Schutz der Haut durch \u00e4u\u00dferlich anzuwendende zinkoxidhaltige Pfl egemittel zur Regeneration und UV-Protektion.<\/p>\n<p><strong><br \/>\nEigenverantwortung<br \/>\n<\/strong>Im Jahre 2001 wurde die Sustainability Charter von der weltweiten Zinkindustrie in der International Zinc Association beschlossen. Zielsetzung ist dort, dass sowohl die Zinkerzeugung als auch die Weiterverarbeitung und -verwendung im Einklang mit der Umwelt und den gesellschaftlichen Bed\u00fcrfnissen sein sollen, ohne dass Risiken f\u00fcr Mensch und Umwelt entstehen.<\/p>\n<p><strong><br \/>\nZertifikate<\/strong><\/p>\n<p><a href=\"https:\/\/www.nedzink.com\/wp-content\/uploads\/import\/cms\/userfiles\/files\/downloads\/de\/2018\/0023998-002-QMS-DEUDE-RvA.pdf\"><img decoding=\"async\" style=\"width: 300px; height: 401px;\" src=\"https:\/\/www.nedzink.com\/wp-content\/uploads\/import\/cms\/userfiles\/images\/divers\/2019\/LloydsDGmbH.jpg\" alt=\"\" \/><\/a><\/p>\n<p><a href=\"https:\/\/www.nedzink.com\/wp-content\/uploads\/import\/cms\/userfiles\/files\/downloads\/de\/2018\/0023998-002-QMS-DEUDE-RvA.pdf\">Zertifikat ISO 9001:2015<\/a><\/p>\n<p>&nbsp;<\/p>\n<p><strong>\u00d6kobilanzen &#8211; Life Cycle Analysis (LCA)<br \/>\n<\/strong>F\u00fcr die Bereiche Zinkgewinnung, Zinkrecycling und der Zinkverarbeitung liegen umfangreiche Daten vor. Zu zahlreichen Zinkprodukten gibt es LCA. Das Umweltbundesamt UBA hat 2005 in Zuge seiner Schriftenreihe eine \u00d6kobilanz zu metallischen Bedachungsmaterialien ver\u00f6ffentlicht. Dabei ist zu ber\u00fccksichtigen, dass frei bewitterte, unbeschichtete Metalle aufgrund ihrer Langlebigkeit und Wartungsfreiheit gegen\u00fcber anderen Bedachungsmaterialien gro\u00dfe Vorteile unter Umweltaspekten bieten. Speziell Zink f\u00e4llt in der \u00d6kobilanz des UBA durch sehr niedrige Emissionswerte auf. Dies gilt auch f\u00fcr das sog. Treibhauspotential. Das Tauw Milieu B.V. Integrated Environmental Projects Department kommt in seiner Studie zu Regenrinnen aus unterschiedlichen Materialien, \u201eLife Cycle Assessment of zinc gutters, review and update\u201c schon 1996 zu \u00e4hnlichen Ergebnissen.<\/p>\n<p><strong><br \/>\nKlimaschutz<br \/>\n<\/strong>Klimaschutz durch geringere CO2-Emissionen, dieser Forderung wird auch der Werkstoff Zink gerecht. Alle Daten sind wegen ihrer Vielzahl und Komplexit\u00e4t im \u201eZinc-for-life-program\u201c der International Zinc Association IZA zusammengefasst.<\/p>\n<p><strong><br \/>\nUmweltschutz<br \/>\n<\/strong>Durch die Gewinnung von Zink aus Erz bis zur Produktion von Zinkblech verschiebt der Mensch nat\u00fcrlich vorkommende Zinkkonzentrationen und b\u00fcndelt diese. Diese Vorg\u00e4nge bedingen Auswirkungen auf die Umwelt. Zink ist in dieser Hinsicht eines der am besten untersuchten Materialien. Durch den gro\u00dfen Umfang an Fakten zu diesem Themengebiet ist es unm\u00f6glich, eine umfassende Darstellung in diesem Rahmen zu geben. F\u00fcr weitere Informationen verweisen wir auf die unten aufgef\u00fchrten Institutionen und unsere Internetseite: www.nedzink.de. Schutz von Ressourcen Unter dem Aspekt nachhaltiger Baustoffe ist der Ressourcenschutz eine der wichtigsten Kenngr\u00f6\u00dfen. Die wichtigsten Aspekte sind: \u2022 Langlebigkeit: Zinkd\u00e4cher und &#8211; fassaden haben unter heutigen Bedingungen eine Nutzungsdauer von \u00fcber 100 Jahren. \u2022 Wartungsfreiheit: NedZink Produkte sind wartungsfrei. \u2022 Recycling: Bauzink beh\u00e4lt seinen hohen Materialwert dadurch, dass ca. 80% recycelt werden und durch energiearme (ca. 5 % des Prim\u00e4renergiebedarfes) Wiederaufbereitung. Da der Wert des Altzinks ca. 65% des B\u00f6rsenpreises ausmacht, ist das Recycling nicht nur ein \u00f6konomisch rationales Verfahren, sondern beg\u00fcnstigt auch den Ressourcenschutz in hohem Ma\u00dfe.<\/p>\n<p><strong><br \/>\nF\u00fcr weitere Informationen:<br \/>\n<\/strong>Initiative Zink &#8211; <a href=\"http:\/\/www.initiative-zink.de\/\"><span style=\"color: #0000ff;\">www.initiative-zink.de<\/span><\/a><\/p>\n<p>Zus\u00e4tzlich zu den Weblinks bieten wir Ihnen auch die Brosch\u00fcre der Initiative Zink &#8222;<a href=\"https:\/\/www.nedzink.com\/wp-content\/uploads\/import\/cms\/userfiles\/files\/downloads\/de\/2014\/iz_imagebroschuere_2014_140127_hv.pdf\">Zink ist pures Leben<\/a>&#8220; zum Download an, in denen Sie eine Menge weitergehender Informationen \u00fcber den Werkstoff Zink finden.<\/p>\n<p><a href=\"https:\/\/www.nedzink.com\/wp-content\/uploads\/import\/cms\/userfiles\/files\/downloads\/de\/2014\/iz_imagebroschuere_2014_140127_hv.pdf\"><img decoding=\"async\" style=\"width: 151px; height: 210px; margin-right: 10px; margin-left: 10px;\" src=\"https:\/\/www.nedzink.com\/wp-content\/uploads\/import\/cms\/userfiles\/images\/divers\/Zink-ist-pures-Leben.jpg\" alt=\"\" \/><\/a><\/p>\n<p>&nbsp;<\/p>\n<p>Die\u00a0beste Wahl f\u00fcr ein langes Geb\u00e4udeleben<\/p>\n<p><img decoding=\"async\" style=\"border: 0px solid currentColor; width: 250px; height: 250px; margin-left: 10px; float: right;\" src=\"https:\/\/www.nedzink.com\/wp-content\/uploads\/import\/cms\/userfiles\/images\/zinkviooltje.jpg\" alt=\"\" \/>Als Werkstoff f\u00fcr Dacheindeckungen, Fassadenbekleidungen und Dachentw\u00e4sserungssysteme ist Zink auf Grund seiner Langlebigkeit und Recyclingf\u00e4higkeit \u00e4u\u00dferst beliebt. Architekten, die mit Zink gestalten, sch\u00e4tzen seine Vielseitigkeit und seine Ausstrahlung.<\/p>\n<p>Bauherren und Bautr\u00e4ger entscheiden sich f\u00fcr diesen Mehrwert bei Immobilieninvestitionen, nicht zuletzt auch auf Grund der Wartungsfreiheit des Materials. Eine gute Wahl, die zum Schutz und zur Versch\u00f6nerung unseres Lebensumfeldes beitr\u00e4gt.[\/vc_column_text][\/vc_column][\/vc_row]\n","protected":false},"excerpt":{"rendered":"<p>[vc_row][vc_column][vc_column_text css=&#8220;.vc_custom_1774965763811{margin-bottom: 0px !important;}&#8220;]ESSENZIELL, NACHHALTIG UND HERVORRAGEND RECYCLEBAR Das metallische Element Zink ist eines der wichtigsten Spurenelemente und an fast allen lebenswichtigen Stoffwechselfunktionen in unserem menschlichen K\u00f6rper ma\u00dfgeblich beteiligt. Das bedeutet, dass eine kontinuierliche Zinkzufuhr stattfi nden muss, Zinkmangel dagegen gesundheitliche Probleme hervorrufen kann. Aber auch in anderen, f\u00fcr die Nachhaltigkeit eines Stoffes wichtigen Bereichen, [&hellip;]<\/p>\n","protected":false},"author":9,"featured_media":0,"parent":0,"menu_order":60,"comment_status":"closed","ping_status":"closed","template":"template-import.php","meta":{"_acf_changed":false,"footnotes":""},"class_list":["post-12298","page","type-page","status-publish","hentry"],"acf":[],"yoast_head":"<!-- This site is optimized with the Yoast SEO plugin v26.8 - https:\/\/yoast.com\/product\/yoast-seo-wordpress\/ -->\n<title>Umwelt \u2013 NedZink<\/title>\n<meta name=\"description\" content=\"Zink heeft een natuurlijke plaats in onze kringloop en helpt substantieel bij de verduurzaming van ons leefklimaat. Zink is 100% recyclebaar.\" \/>\n<meta name=\"robots\" content=\"index, follow, max-snippet:-1, max-image-preview:large, max-video-preview:-1\" \/>\n<link rel=\"canonical\" href=\"https:\/\/www.nedzink.com\/de\/umwelt\/\" \/>\n<meta property=\"og:locale\" content=\"de_DE\" \/>\n<meta property=\"og:type\" content=\"article\" \/>\n<meta property=\"og:title\" content=\"Umwelt \u2013 NedZink\" \/>\n<meta property=\"og:description\" content=\"Zink heeft een natuurlijke plaats in onze kringloop en helpt substantieel bij de verduurzaming van ons leefklimaat. Zink is 100% recyclebaar.\" \/>\n<meta property=\"og:url\" content=\"https:\/\/www.nedzink.com\/de\/umwelt\/\" \/>\n<meta property=\"og:site_name\" content=\"NedZink\" \/>\n<meta property=\"article:modified_time\" content=\"2026-03-31T14:03:00+00:00\" \/>\n<meta property=\"og:image\" content=\"https:\/\/www.nedzink.com\/wp-content\/uploads\/import\/cms\/userfiles\/images\/divers\/2019\/LloydsDGmbH.jpg\" \/>\n<meta name=\"twitter:card\" content=\"summary_large_image\" \/>\n<meta name=\"twitter:label1\" content=\"Gesch\u00e4tzte Lesezeit\" \/>\n\t<meta name=\"twitter:data1\" content=\"5\u00a0Minuten\" \/>\n<script type=\"application\/ld+json\" class=\"yoast-schema-graph\">{\"@context\":\"https:\/\/schema.org\",\"@graph\":[{\"@type\":\"WebPage\",\"@id\":\"https:\/\/www.nedzink.com\/de\/umwelt\/\",\"url\":\"https:\/\/www.nedzink.com\/de\/umwelt\/\",\"name\":\"Umwelt \u2013 NedZink\",\"isPartOf\":{\"@id\":\"https:\/\/www.nedzink.com\/de\/#website\"},\"primaryImageOfPage\":{\"@id\":\"https:\/\/www.nedzink.com\/de\/umwelt\/#primaryimage\"},\"image\":{\"@id\":\"https:\/\/www.nedzink.com\/de\/umwelt\/#primaryimage\"},\"thumbnailUrl\":\"https:\/\/www.nedzink.com\/wp-content\/uploads\/import\/cms\/userfiles\/images\/divers\/2019\/LloydsDGmbH.jpg\",\"datePublished\":\"2019-04-09T12:30:40+00:00\",\"dateModified\":\"2026-03-31T14:03:00+00:00\",\"description\":\"Zink heeft een natuurlijke plaats in onze kringloop en helpt substantieel bij de verduurzaming van ons leefklimaat. Zink is 100% recyclebaar.\",\"breadcrumb\":{\"@id\":\"https:\/\/www.nedzink.com\/de\/umwelt\/#breadcrumb\"},\"inLanguage\":\"de\",\"potentialAction\":[{\"@type\":\"ReadAction\",\"target\":[\"https:\/\/www.nedzink.com\/de\/umwelt\/\"]}]},{\"@type\":\"ImageObject\",\"inLanguage\":\"de\",\"@id\":\"https:\/\/www.nedzink.com\/de\/umwelt\/#primaryimage\",\"url\":\"https:\/\/www.nedzink.com\/wp-content\/uploads\/import\/cms\/userfiles\/images\/divers\/2019\/LloydsDGmbH.jpg\",\"contentUrl\":\"https:\/\/www.nedzink.com\/wp-content\/uploads\/import\/cms\/userfiles\/images\/divers\/2019\/LloydsDGmbH.jpg\"},{\"@type\":\"BreadcrumbList\",\"@id\":\"https:\/\/www.nedzink.com\/de\/umwelt\/#breadcrumb\",\"itemListElement\":[{\"@type\":\"ListItem\",\"position\":1,\"name\":\"Home\",\"item\":\"https:\/\/www.nedzink.com\/de\/\"},{\"@type\":\"ListItem\",\"position\":2,\"name\":\"Umwelt\"}]},{\"@type\":\"WebSite\",\"@id\":\"https:\/\/www.nedzink.com\/de\/#website\",\"url\":\"https:\/\/www.nedzink.com\/de\/\",\"name\":\"NedZink\",\"description\":\"Zink fabrikant\",\"publisher\":{\"@id\":\"https:\/\/www.nedzink.com\/de\/#organization\"},\"potentialAction\":[{\"@type\":\"SearchAction\",\"target\":{\"@type\":\"EntryPoint\",\"urlTemplate\":\"https:\/\/www.nedzink.com\/de\/?s={search_term_string}\"},\"query-input\":{\"@type\":\"PropertyValueSpecification\",\"valueRequired\":true,\"valueName\":\"search_term_string\"}}],\"inLanguage\":\"de\"},{\"@type\":\"Organization\",\"@id\":\"https:\/\/www.nedzink.com\/de\/#organization\",\"name\":\"NedZink\",\"url\":\"https:\/\/www.nedzink.com\/de\/\",\"logo\":{\"@type\":\"ImageObject\",\"inLanguage\":\"de\",\"@id\":\"https:\/\/www.nedzink.com\/de\/#\/schema\/logo\/image\/\",\"url\":\"https:\/\/www.nedzink.com\/wp-content\/uploads\/2019\/08\/logo-nedzink_fc_zk.jpg\",\"contentUrl\":\"https:\/\/www.nedzink.com\/wp-content\/uploads\/2019\/08\/logo-nedzink_fc_zk.jpg\",\"width\":2160,\"height\":688,\"caption\":\"NedZink\"},\"image\":{\"@id\":\"https:\/\/www.nedzink.com\/de\/#\/schema\/logo\/image\/\"}}]}<\/script>\n<!-- \/ Yoast SEO plugin. -->","yoast_head_json":{"title":"Umwelt \u2013 NedZink","description":"Zink heeft een natuurlijke plaats in onze kringloop en helpt substantieel bij de verduurzaming van ons leefklimaat. Zink is 100% recyclebaar.","robots":{"index":"index","follow":"follow","max-snippet":"max-snippet:-1","max-image-preview":"max-image-preview:large","max-video-preview":"max-video-preview:-1"},"canonical":"https:\/\/www.nedzink.com\/de\/umwelt\/","og_locale":"de_DE","og_type":"article","og_title":"Umwelt \u2013 NedZink","og_description":"Zink heeft een natuurlijke plaats in onze kringloop en helpt substantieel bij de verduurzaming van ons leefklimaat. Zink is 100% recyclebaar.","og_url":"https:\/\/www.nedzink.com\/de\/umwelt\/","og_site_name":"NedZink","article_modified_time":"2026-03-31T14:03:00+00:00","og_image":[{"url":"https:\/\/www.nedzink.com\/wp-content\/uploads\/import\/cms\/userfiles\/images\/divers\/2019\/LloydsDGmbH.jpg","type":"","width":"","height":""}],"twitter_card":"summary_large_image","twitter_misc":{"Gesch\u00e4tzte Lesezeit":"5\u00a0Minuten"},"schema":{"@context":"https:\/\/schema.org","@graph":[{"@type":"WebPage","@id":"https:\/\/www.nedzink.com\/de\/umwelt\/","url":"https:\/\/www.nedzink.com\/de\/umwelt\/","name":"Umwelt \u2013 NedZink","isPartOf":{"@id":"https:\/\/www.nedzink.com\/de\/#website"},"primaryImageOfPage":{"@id":"https:\/\/www.nedzink.com\/de\/umwelt\/#primaryimage"},"image":{"@id":"https:\/\/www.nedzink.com\/de\/umwelt\/#primaryimage"},"thumbnailUrl":"https:\/\/www.nedzink.com\/wp-content\/uploads\/import\/cms\/userfiles\/images\/divers\/2019\/LloydsDGmbH.jpg","datePublished":"2019-04-09T12:30:40+00:00","dateModified":"2026-03-31T14:03:00+00:00","description":"Zink heeft een natuurlijke plaats in onze kringloop en helpt substantieel bij de verduurzaming van ons leefklimaat. Zink is 100% recyclebaar.","breadcrumb":{"@id":"https:\/\/www.nedzink.com\/de\/umwelt\/#breadcrumb"},"inLanguage":"de","potentialAction":[{"@type":"ReadAction","target":["https:\/\/www.nedzink.com\/de\/umwelt\/"]}]},{"@type":"ImageObject","inLanguage":"de","@id":"https:\/\/www.nedzink.com\/de\/umwelt\/#primaryimage","url":"https:\/\/www.nedzink.com\/wp-content\/uploads\/import\/cms\/userfiles\/images\/divers\/2019\/LloydsDGmbH.jpg","contentUrl":"https:\/\/www.nedzink.com\/wp-content\/uploads\/import\/cms\/userfiles\/images\/divers\/2019\/LloydsDGmbH.jpg"},{"@type":"BreadcrumbList","@id":"https:\/\/www.nedzink.com\/de\/umwelt\/#breadcrumb","itemListElement":[{"@type":"ListItem","position":1,"name":"Home","item":"https:\/\/www.nedzink.com\/de\/"},{"@type":"ListItem","position":2,"name":"Umwelt"}]},{"@type":"WebSite","@id":"https:\/\/www.nedzink.com\/de\/#website","url":"https:\/\/www.nedzink.com\/de\/","name":"NedZink","description":"Zink fabrikant","publisher":{"@id":"https:\/\/www.nedzink.com\/de\/#organization"},"potentialAction":[{"@type":"SearchAction","target":{"@type":"EntryPoint","urlTemplate":"https:\/\/www.nedzink.com\/de\/?s={search_term_string}"},"query-input":{"@type":"PropertyValueSpecification","valueRequired":true,"valueName":"search_term_string"}}],"inLanguage":"de"},{"@type":"Organization","@id":"https:\/\/www.nedzink.com\/de\/#organization","name":"NedZink","url":"https:\/\/www.nedzink.com\/de\/","logo":{"@type":"ImageObject","inLanguage":"de","@id":"https:\/\/www.nedzink.com\/de\/#\/schema\/logo\/image\/","url":"https:\/\/www.nedzink.com\/wp-content\/uploads\/2019\/08\/logo-nedzink_fc_zk.jpg","contentUrl":"https:\/\/www.nedzink.com\/wp-content\/uploads\/2019\/08\/logo-nedzink_fc_zk.jpg","width":2160,"height":688,"caption":"NedZink"},"image":{"@id":"https:\/\/www.nedzink.com\/de\/#\/schema\/logo\/image\/"}}]}},"_links":{"self":[{"href":"https:\/\/www.nedzink.com\/de\/wp-json\/wp\/v2\/pages\/12298","targetHints":{"allow":["GET"]}}],"collection":[{"href":"https:\/\/www.nedzink.com\/de\/wp-json\/wp\/v2\/pages"}],"about":[{"href":"https:\/\/www.nedzink.com\/de\/wp-json\/wp\/v2\/types\/page"}],"author":[{"embeddable":true,"href":"https:\/\/www.nedzink.com\/de\/wp-json\/wp\/v2\/users\/9"}],"replies":[{"embeddable":true,"href":"https:\/\/www.nedzink.com\/de\/wp-json\/wp\/v2\/comments?post=12298"}],"version-history":[{"count":2,"href":"https:\/\/www.nedzink.com\/de\/wp-json\/wp\/v2\/pages\/12298\/revisions"}],"predecessor-version":[{"id":140407,"href":"https:\/\/www.nedzink.com\/de\/wp-json\/wp\/v2\/pages\/12298\/revisions\/140407"}],"wp:attachment":[{"href":"https:\/\/www.nedzink.com\/de\/wp-json\/wp\/v2\/media?parent=12298"}],"curies":[{"name":"wp","href":"https:\/\/api.w.org\/{rel}","templated":true}]}}