{"id":12217,"date":"2019-04-09T14:29:57","date_gmt":"2019-04-09T12:29:57","guid":{"rendered":"http:\/\/136.144.181.85\/~nedzink\/produkte\/tafeln\/"},"modified":"2025-01-17T13:12:36","modified_gmt":"2025-01-17T12:12:36","slug":"tafeln","status":"publish","type":"page","link":"https:\/\/www.nedzink.com\/de\/produkte\/tafeln\/","title":{"rendered":"Tafeln"},"content":{"rendered":"<h3>NATUREL walzblank<\/h3>\n<p>&nbsp;<\/p>\n<table border=\"1\">\n<tbody>\n<tr>\n<th align=\"center\" valign=\"top\" width=\"38\" height=\"23\"><\/th>\n<th align=\"center\" width=\"142\" height=\"23\">Dicke in mm<\/th>\n<th align=\"center\" width=\"142\" height=\"23\">Breite in mm<\/th>\n<th align=\"center\" width=\"142\" height=\"23\">L\u00e4nge in mm<\/th>\n<th align=\"center\" width=\"142\" height=\"23\">Verpackungseinheit in kg<\/th>\n<\/tr>\n<tr>\n<th rowspan=\"8\" align=\"center\" width=\"38\" height=\"136\">NATUREL<\/th>\n<td align=\"center\" width=\"142\" height=\"23\">1,00<\/td>\n<td align=\"center\" width=\"142\" height=\"23\">1000<\/td>\n<td align=\"center\" width=\"142\" height=\"23\">3000<\/td>\n<td align=\"center\" width=\"142\" height=\"23\">1000<\/td>\n<\/tr>\n<tr>\n<td align=\"center\" width=\"142\" height=\"23\">0,80<\/td>\n<td align=\"center\" width=\"142\" height=\"23\">1000<\/td>\n<td align=\"center\" width=\"142\" height=\"23\">3000<\/td>\n<td align=\"center\" width=\"142\" height=\"23\">1000<\/td>\n<\/tr>\n<tr>\n<td align=\"center\" width=\"142\" height=\"23\">0,70<\/td>\n<td align=\"center\" width=\"142\" height=\"23\">1000<\/td>\n<td align=\"center\" width=\"142\" height=\"23\">3000<\/td>\n<td align=\"center\" width=\"142\" height=\"23\">1000<\/td>\n<\/tr>\n<tr>\n<td align=\"center\" width=\"142\" height=\"23\">0,65<\/td>\n<td align=\"center\" width=\"142\" height=\"23\">1000<\/td>\n<td align=\"center\" width=\"142\" height=\"23\">3000<\/td>\n<td align=\"center\" width=\"142\" height=\"23\">1000<\/td>\n<\/tr>\n<tr>\n<td align=\"center\" width=\"142\" height=\"23\">1,00<\/td>\n<td align=\"center\" width=\"142\" height=\"23\">1000<\/td>\n<td align=\"center\" width=\"142\" height=\"23\">2000<\/td>\n<td align=\"center\" width=\"142\" height=\"23\">1000<\/td>\n<\/tr>\n<tr>\n<td align=\"center\" width=\"142\" height=\"23\">0,80<\/td>\n<td align=\"center\" width=\"142\" height=\"23\">1000<\/td>\n<td align=\"center\" width=\"142\" height=\"23\">2000<\/td>\n<td align=\"center\" width=\"142\" height=\"23\">1000<\/td>\n<\/tr>\n<tr>\n<td align=\"center\" width=\"142\" height=\"23\">0,70<\/td>\n<td align=\"center\" width=\"142\" height=\"23\">1000<\/td>\n<td align=\"center\" width=\"142\" height=\"23\">2000<\/td>\n<td align=\"center\" width=\"142\" height=\"23\">1000<\/td>\n<\/tr>\n<tr>\n<td align=\"center\" width=\"142\" height=\"23\">0,65<\/td>\n<td align=\"center\" width=\"142\" height=\"23\">1000<\/td>\n<td align=\"center\" width=\"142\" height=\"23\">2000<\/td>\n<td align=\"center\" width=\"142\" height=\"23\">1000<\/td>\n<\/tr>\n<\/tbody>\n<\/table>\n<h3>NOVA vorpatiniert \/ NEO vorpatiniert<\/h3>\n<table border=\"1\">\n<tbody>\n<tr>\n<th align=\"center\" valign=\"top\" width=\"38\" height=\"23\"><\/th>\n<th align=\"center\" width=\"142\" height=\"23\">Dicke in mm<\/th>\n<th align=\"center\" width=\"142\" height=\"23\">Breite in mm<\/th>\n<th align=\"center\" width=\"142\" height=\"23\">L\u00e4nge in mm<\/th>\n<th align=\"center\" width=\"142\" height=\"23\">Verpackungseinheit in kg<\/th>\n<\/tr>\n<tr>\n<th rowspan=\"6\" align=\"center\" width=\"38\" height=\"136\">NOVA\/NEO<\/th>\n<td align=\"center\" width=\"142\" height=\"23\">1,00<\/td>\n<td align=\"center\" width=\"142\" height=\"23\">1000<\/td>\n<td align=\"center\" width=\"142\" height=\"23\">3000<\/td>\n<td align=\"center\" width=\"142\" height=\"23\">1000<\/td>\n<\/tr>\n<tr>\n<td align=\"center\" width=\"142\" height=\"23\">0,80<\/td>\n<td align=\"center\" width=\"142\" height=\"23\">1000<\/td>\n<td align=\"center\" width=\"142\" height=\"23\">3000<\/td>\n<td align=\"center\" width=\"142\" height=\"23\">1000<\/td>\n<\/tr>\n<tr>\n<td align=\"center\" width=\"142\" height=\"23\">0,70<\/td>\n<td align=\"center\" width=\"142\" height=\"23\">1000<\/td>\n<td align=\"center\" width=\"142\" height=\"23\">3000<\/td>\n<td align=\"center\" width=\"142\" height=\"23\">1000<\/td>\n<\/tr>\n<tr>\n<td align=\"center\" width=\"142\" height=\"23\">1,00<\/td>\n<td align=\"center\" width=\"142\" height=\"23\">1000<\/td>\n<td align=\"center\" width=\"142\" height=\"23\">2000<\/td>\n<td align=\"center\" width=\"142\" height=\"23\">1000<\/td>\n<\/tr>\n<tr>\n<td align=\"center\" width=\"142\" height=\"23\">0,80<\/td>\n<td align=\"center\" width=\"142\" height=\"23\">1000<\/td>\n<td align=\"center\" width=\"142\" height=\"23\">2000<\/td>\n<td align=\"center\" width=\"142\" height=\"23\">1000<\/td>\n<\/tr>\n<tr>\n<td align=\"center\" width=\"142\" height=\"23\">0,70<\/td>\n<td align=\"center\" width=\"142\" height=\"23\">1000<\/td>\n<td align=\"center\" width=\"142\" height=\"23\">2000<\/td>\n<td align=\"center\" width=\"142\" height=\"23\">1000<\/td>\n<\/tr>\n<\/tbody>\n<\/table>\n<h2>Tafeln<\/h2>\n<h3>NOIR vorpatiniert anthrazit-schwarz<\/h3>\n<p><img loading=\"lazy\" decoding=\"async\" src=\"https:\/\/www.nedzink.com\/wp-content\/uploads\/import\/cms\/userfiles\/images\/NEDZ13050-binnenwerk\/NEDZ13050-binnenwerk_img_25.jpg\" width=\"291\" height=\"136\" align=\"right\" \/><\/p>\n<table border=\"1\">\n<tbody>\n<tr>\n<th align=\"center\" valign=\"top\" width=\"38\" height=\"23\"><\/th>\n<th align=\"center\" width=\"142\" height=\"23\">Dicke in mm<\/th>\n<th align=\"center\" width=\"142\" height=\"23\">Breite in mm<\/th>\n<th align=\"center\" width=\"142\" height=\"23\">L\u00e4nge in mm<\/th>\n<th align=\"center\" width=\"142\" height=\"23\">Verpackungseinheit in kg<\/th>\n<\/tr>\n<tr>\n<th rowspan=\"6\" align=\"center\" width=\"38\" height=\"136\">\n<h3>NOIR<\/h3>\n<\/th>\n<td align=\"center\" width=\"142\" height=\"23\">1,00<\/td>\n<td align=\"center\" width=\"142\" height=\"23\">1000<\/td>\n<td align=\"center\" width=\"142\" height=\"23\">3000<\/td>\n<td align=\"center\" width=\"142\" height=\"23\">1000<\/td>\n<\/tr>\n<tr>\n<td align=\"center\" width=\"142\" height=\"23\">0,80<\/td>\n<td align=\"center\" width=\"142\" height=\"23\">1000<\/td>\n<td align=\"center\" width=\"142\" height=\"23\">3000<\/td>\n<td align=\"center\" width=\"142\" height=\"23\">1000<\/td>\n<\/tr>\n<tr>\n<td align=\"center\" width=\"142\" height=\"23\">0,70<\/td>\n<td align=\"center\" width=\"142\" height=\"23\">1000<\/td>\n<td align=\"center\" width=\"142\" height=\"23\">3000<\/td>\n<td align=\"center\" width=\"142\" height=\"23\">1000<\/td>\n<\/tr>\n<tr>\n<td align=\"center\" width=\"142\" height=\"23\">1,00<\/td>\n<td align=\"center\" width=\"142\" height=\"23\">1000<\/td>\n<td align=\"center\" width=\"142\" height=\"23\">2000<\/td>\n<td align=\"center\" width=\"142\" height=\"23\">1000<\/td>\n<\/tr>\n<tr>\n<td align=\"center\" width=\"142\" height=\"23\">0,80<\/td>\n<td align=\"center\" width=\"142\" height=\"23\">1000<\/td>\n<td align=\"center\" width=\"142\" height=\"23\">2000<\/td>\n<td align=\"center\" width=\"142\" height=\"23\">1000<\/td>\n<\/tr>\n<tr>\n<td align=\"center\" width=\"142\" height=\"23\">0,70<\/td>\n<td align=\"center\" width=\"142\" height=\"23\">1000<\/td>\n<td align=\"center\" width=\"142\" height=\"23\">2000<\/td>\n<td align=\"center\" width=\"142\" height=\"23\">1000<\/td>\n<\/tr>\n<\/tbody>\n<\/table>\n<h3><span style=\"font-size: 16px;\">KUPFER<\/span><\/h3>\n<table border=\"1\">\n<tbody>\n<tr>\n<th align=\"center\" valign=\"top\" width=\"38\" height=\"23\"><\/th>\n<th align=\"center\" width=\"142\" height=\"23\">Dicke in mm<\/th>\n<th align=\"center\" width=\"142\" height=\"23\">Breite in mm<\/th>\n<th align=\"center\" width=\"142\" height=\"23\">L\u00e4nge in mm<\/th>\n<th align=\"center\" width=\"142\" height=\"23\">Verpackungseinheit in kg<\/th>\n<\/tr>\n<tr>\n<th rowspan=\"8\" align=\"center\" width=\"38\" height=\"182\">KUPFER<\/th>\n<td align=\"center\" width=\"142\" height=\"23\">0,70<\/td>\n<td align=\"center\" width=\"142\" height=\"23\">1000<\/td>\n<td align=\"center\" width=\"142\" height=\"23\">3000<\/td>\n<td align=\"center\" width=\"142\" height=\"23\">500<\/td>\n<\/tr>\n<tr>\n<td align=\"center\" width=\"142\" height=\"23\">0,60<\/td>\n<td align=\"center\" width=\"142\" height=\"23\">1000<\/td>\n<td align=\"center\" width=\"142\" height=\"23\">3000<\/td>\n<td align=\"center\" width=\"142\" height=\"23\">500<\/td>\n<\/tr>\n<tr>\n<td align=\"center\" width=\"142\" height=\"23\">0,70<\/td>\n<td align=\"center\" width=\"142\" height=\"23\">1000<\/td>\n<td align=\"center\" width=\"142\" height=\"23\">2000<\/td>\n<td align=\"center\" width=\"142\" height=\"23\">500<\/td>\n<\/tr>\n<tr>\n<td align=\"center\" width=\"142\" height=\"23\">0,60<\/td>\n<td align=\"center\" width=\"142\" height=\"23\">1000<\/td>\n<td align=\"center\" width=\"142\" height=\"23\">2000<\/td>\n<td align=\"center\" width=\"142\" height=\"23\">500<\/td>\n<\/tr>\n<tr>\n<td align=\"center\" width=\"142\" height=\"23\">0,80<\/td>\n<td align=\"center\" width=\"142\" height=\"23\">1000<\/td>\n<td align=\"center\" width=\"142\" height=\"23\">2000<\/td>\n<td align=\"center\" width=\"142\" height=\"23\">500<\/td>\n<\/tr>\n<tr>\n<td align=\"center\" width=\"142\" height=\"23\">0,80<\/td>\n<td align=\"center\" width=\"142\" height=\"23\">1000<\/td>\n<td align=\"center\" width=\"142\" height=\"23\">3000<\/td>\n<td align=\"center\" width=\"142\" height=\"23\">500<\/td>\n<\/tr>\n<tr>\n<td align=\"center\" width=\"142\" height=\"23\">1,00<\/td>\n<td align=\"center\" width=\"142\" height=\"23\">1000<\/td>\n<td align=\"center\" width=\"142\" height=\"23\">2000<\/td>\n<td align=\"center\" width=\"142\" height=\"23\">500<\/td>\n<\/tr>\n<tr>\n<td align=\"center\" width=\"142\" height=\"23\">1,00<\/td>\n<td align=\"center\" width=\"142\" height=\"23\">1000<\/td>\n<td align=\"center\" width=\"142\" height=\"23\">3000<\/td>\n<td align=\"center\" width=\"142\" height=\"23\">500<\/td>\n<\/tr>\n<\/tbody>\n<\/table>\n<p>Nicht genannte Abmessungen oder Verpackungseinheiten offerieren wir Ihnen gerne auf Anfrage.<\/p>\n","protected":false},"excerpt":{"rendered":"<p>NATUREL walzblank &nbsp; Dicke in mm Breite in mm L\u00e4nge in mm Verpackungseinheit in kg NATUREL 1,00 1000 3000 1000 0,80 1000 3000 1000 0,70 1000 3000 1000 0,65 1000 3000 1000 1,00 1000 2000 1000 0,80 1000 2000 1000 0,70 1000 2000 1000 0,65 1000 2000 1000 NOVA vorpatiniert \/ NEO vorpatiniert Dicke in [&hellip;]<\/p>\n","protected":false},"author":9,"featured_media":0,"parent":12197,"menu_order":270,"comment_status":"closed","ping_status":"closed","template":"template-import.php","meta":{"_acf_changed":false,"footnotes":""},"class_list":["post-12217","page","type-page","status-publish","hentry"],"acf":[],"yoast_head":"<!-- This site is optimized with the Yoast SEO plugin v26.8 - https:\/\/yoast.com\/product\/yoast-seo-wordpress\/ -->\n<title>Tafeln \u2013 NedZink<\/title>\n<meta name=\"description\" content=\"\u2022 Handelsafmetingen: 1000\u00d72000 mm - 1000\u00d72250 mm - 1000\u00d73000 mm \u2022 Materiaaldikte: 0,65 \u2013 0,70 \u2013 0,80 \u2013 1,00 mm \u2022 Overige maten en diktes zijn op aanvraag.\" \/>\n<meta name=\"robots\" content=\"index, follow, max-snippet:-1, max-image-preview:large, max-video-preview:-1\" \/>\n<link rel=\"canonical\" href=\"https:\/\/www.nedzink.com\/de\/produkte\/tafeln\/\" \/>\n<meta property=\"og:locale\" content=\"de_DE\" \/>\n<meta property=\"og:type\" content=\"article\" \/>\n<meta property=\"og:title\" content=\"Tafeln \u2013 NedZink\" \/>\n<meta property=\"og:description\" content=\"\u2022 Handelsafmetingen: 1000\u00d72000 mm - 1000\u00d72250 mm - 1000\u00d73000 mm \u2022 Materiaaldikte: 0,65 \u2013 0,70 \u2013 0,80 \u2013 1,00 mm \u2022 Overige maten en diktes zijn op aanvraag.\" \/>\n<meta property=\"og:url\" content=\"https:\/\/www.nedzink.com\/de\/produkte\/tafeln\/\" \/>\n<meta property=\"og:site_name\" content=\"NedZink\" \/>\n<meta property=\"article:modified_time\" content=\"2025-01-17T12:12:36+00:00\" \/>\n<meta property=\"og:image\" content=\"https:\/\/www.nedzink.com\/wp-content\/uploads\/import\/cms\/userfiles\/images\/NEDZ13050-binnenwerk\/NEDZ13050-binnenwerk_img_25.jpg\" \/>\n<meta name=\"twitter:card\" content=\"summary_large_image\" \/>\n<meta name=\"twitter:label1\" content=\"Gesch\u00e4tzte Lesezeit\" \/>\n\t<meta name=\"twitter:data1\" content=\"2\u00a0Minuten\" \/>\n<script type=\"application\/ld+json\" class=\"yoast-schema-graph\">{\"@context\":\"https:\/\/schema.org\",\"@graph\":[{\"@type\":\"WebPage\",\"@id\":\"https:\/\/www.nedzink.com\/de\/produkte\/tafeln\/\",\"url\":\"https:\/\/www.nedzink.com\/de\/produkte\/tafeln\/\",\"name\":\"Tafeln \u2013 NedZink\",\"isPartOf\":{\"@id\":\"https:\/\/www.nedzink.com\/de\/#website\"},\"primaryImageOfPage\":{\"@id\":\"https:\/\/www.nedzink.com\/de\/produkte\/tafeln\/#primaryimage\"},\"image\":{\"@id\":\"https:\/\/www.nedzink.com\/de\/produkte\/tafeln\/#primaryimage\"},\"thumbnailUrl\":\"https:\/\/www.nedzink.com\/wp-content\/uploads\/import\/cms\/userfiles\/images\/NEDZ13050-binnenwerk\/NEDZ13050-binnenwerk_img_25.jpg\",\"datePublished\":\"2019-04-09T12:29:57+00:00\",\"dateModified\":\"2025-01-17T12:12:36+00:00\",\"description\":\"\u2022 Handelsafmetingen: 1000\u00d72000 mm - 1000\u00d72250 mm - 1000\u00d73000 mm \u2022 Materiaaldikte: 0,65 \u2013 0,70 \u2013 0,80 \u2013 1,00 mm \u2022 Overige maten en diktes zijn op aanvraag.\",\"breadcrumb\":{\"@id\":\"https:\/\/www.nedzink.com\/de\/produkte\/tafeln\/#breadcrumb\"},\"inLanguage\":\"de\",\"potentialAction\":[{\"@type\":\"ReadAction\",\"target\":[\"https:\/\/www.nedzink.com\/de\/produkte\/tafeln\/\"]}]},{\"@type\":\"ImageObject\",\"inLanguage\":\"de\",\"@id\":\"https:\/\/www.nedzink.com\/de\/produkte\/tafeln\/#primaryimage\",\"url\":\"https:\/\/www.nedzink.com\/wp-content\/uploads\/import\/cms\/userfiles\/images\/NEDZ13050-binnenwerk\/NEDZ13050-binnenwerk_img_25.jpg\",\"contentUrl\":\"https:\/\/www.nedzink.com\/wp-content\/uploads\/import\/cms\/userfiles\/images\/NEDZ13050-binnenwerk\/NEDZ13050-binnenwerk_img_25.jpg\"},{\"@type\":\"BreadcrumbList\",\"@id\":\"https:\/\/www.nedzink.com\/de\/produkte\/tafeln\/#breadcrumb\",\"itemListElement\":[{\"@type\":\"ListItem\",\"position\":1,\"name\":\"Home\",\"item\":\"https:\/\/www.nedzink.com\/de\/\"},{\"@type\":\"ListItem\",\"position\":2,\"name\":\"Produkte\",\"item\":\"https:\/\/www.nedzink.com\/de\/produkte\/\"},{\"@type\":\"ListItem\",\"position\":3,\"name\":\"Tafeln\"}]},{\"@type\":\"WebSite\",\"@id\":\"https:\/\/www.nedzink.com\/de\/#website\",\"url\":\"https:\/\/www.nedzink.com\/de\/\",\"name\":\"NedZink\",\"description\":\"Zink fabrikant\",\"publisher\":{\"@id\":\"https:\/\/www.nedzink.com\/de\/#organization\"},\"potentialAction\":[{\"@type\":\"SearchAction\",\"target\":{\"@type\":\"EntryPoint\",\"urlTemplate\":\"https:\/\/www.nedzink.com\/de\/?s={search_term_string}\"},\"query-input\":{\"@type\":\"PropertyValueSpecification\",\"valueRequired\":true,\"valueName\":\"search_term_string\"}}],\"inLanguage\":\"de\"},{\"@type\":\"Organization\",\"@id\":\"https:\/\/www.nedzink.com\/de\/#organization\",\"name\":\"NedZink\",\"url\":\"https:\/\/www.nedzink.com\/de\/\",\"logo\":{\"@type\":\"ImageObject\",\"inLanguage\":\"de\",\"@id\":\"https:\/\/www.nedzink.com\/de\/#\/schema\/logo\/image\/\",\"url\":\"https:\/\/www.nedzink.com\/wp-content\/uploads\/2019\/08\/logo-nedzink_fc_zk.jpg\",\"contentUrl\":\"https:\/\/www.nedzink.com\/wp-content\/uploads\/2019\/08\/logo-nedzink_fc_zk.jpg\",\"width\":2160,\"height\":688,\"caption\":\"NedZink\"},\"image\":{\"@id\":\"https:\/\/www.nedzink.com\/de\/#\/schema\/logo\/image\/\"}}]}<\/script>\n<!-- \/ Yoast SEO plugin. -->","yoast_head_json":{"title":"Tafeln \u2013 NedZink","description":"\u2022 Handelsafmetingen: 1000\u00d72000 mm - 1000\u00d72250 mm - 1000\u00d73000 mm \u2022 Materiaaldikte: 0,65 \u2013 0,70 \u2013 0,80 \u2013 1,00 mm \u2022 Overige maten en diktes zijn op aanvraag.","robots":{"index":"index","follow":"follow","max-snippet":"max-snippet:-1","max-image-preview":"max-image-preview:large","max-video-preview":"max-video-preview:-1"},"canonical":"https:\/\/www.nedzink.com\/de\/produkte\/tafeln\/","og_locale":"de_DE","og_type":"article","og_title":"Tafeln \u2013 NedZink","og_description":"\u2022 Handelsafmetingen: 1000\u00d72000 mm - 1000\u00d72250 mm - 1000\u00d73000 mm \u2022 Materiaaldikte: 0,65 \u2013 0,70 \u2013 0,80 \u2013 1,00 mm \u2022 Overige maten en diktes zijn op aanvraag.","og_url":"https:\/\/www.nedzink.com\/de\/produkte\/tafeln\/","og_site_name":"NedZink","article_modified_time":"2025-01-17T12:12:36+00:00","og_image":[{"url":"https:\/\/www.nedzink.com\/wp-content\/uploads\/import\/cms\/userfiles\/images\/NEDZ13050-binnenwerk\/NEDZ13050-binnenwerk_img_25.jpg","type":"","width":"","height":""}],"twitter_card":"summary_large_image","twitter_misc":{"Gesch\u00e4tzte Lesezeit":"2\u00a0Minuten"},"schema":{"@context":"https:\/\/schema.org","@graph":[{"@type":"WebPage","@id":"https:\/\/www.nedzink.com\/de\/produkte\/tafeln\/","url":"https:\/\/www.nedzink.com\/de\/produkte\/tafeln\/","name":"Tafeln \u2013 NedZink","isPartOf":{"@id":"https:\/\/www.nedzink.com\/de\/#website"},"primaryImageOfPage":{"@id":"https:\/\/www.nedzink.com\/de\/produkte\/tafeln\/#primaryimage"},"image":{"@id":"https:\/\/www.nedzink.com\/de\/produkte\/tafeln\/#primaryimage"},"thumbnailUrl":"https:\/\/www.nedzink.com\/wp-content\/uploads\/import\/cms\/userfiles\/images\/NEDZ13050-binnenwerk\/NEDZ13050-binnenwerk_img_25.jpg","datePublished":"2019-04-09T12:29:57+00:00","dateModified":"2025-01-17T12:12:36+00:00","description":"\u2022 Handelsafmetingen: 1000\u00d72000 mm - 1000\u00d72250 mm - 1000\u00d73000 mm \u2022 Materiaaldikte: 0,65 \u2013 0,70 \u2013 0,80 \u2013 1,00 mm \u2022 Overige maten en diktes zijn op aanvraag.","breadcrumb":{"@id":"https:\/\/www.nedzink.com\/de\/produkte\/tafeln\/#breadcrumb"},"inLanguage":"de","potentialAction":[{"@type":"ReadAction","target":["https:\/\/www.nedzink.com\/de\/produkte\/tafeln\/"]}]},{"@type":"ImageObject","inLanguage":"de","@id":"https:\/\/www.nedzink.com\/de\/produkte\/tafeln\/#primaryimage","url":"https:\/\/www.nedzink.com\/wp-content\/uploads\/import\/cms\/userfiles\/images\/NEDZ13050-binnenwerk\/NEDZ13050-binnenwerk_img_25.jpg","contentUrl":"https:\/\/www.nedzink.com\/wp-content\/uploads\/import\/cms\/userfiles\/images\/NEDZ13050-binnenwerk\/NEDZ13050-binnenwerk_img_25.jpg"},{"@type":"BreadcrumbList","@id":"https:\/\/www.nedzink.com\/de\/produkte\/tafeln\/#breadcrumb","itemListElement":[{"@type":"ListItem","position":1,"name":"Home","item":"https:\/\/www.nedzink.com\/de\/"},{"@type":"ListItem","position":2,"name":"Produkte","item":"https:\/\/www.nedzink.com\/de\/produkte\/"},{"@type":"ListItem","position":3,"name":"Tafeln"}]},{"@type":"WebSite","@id":"https:\/\/www.nedzink.com\/de\/#website","url":"https:\/\/www.nedzink.com\/de\/","name":"NedZink","description":"Zink fabrikant","publisher":{"@id":"https:\/\/www.nedzink.com\/de\/#organization"},"potentialAction":[{"@type":"SearchAction","target":{"@type":"EntryPoint","urlTemplate":"https:\/\/www.nedzink.com\/de\/?s={search_term_string}"},"query-input":{"@type":"PropertyValueSpecification","valueRequired":true,"valueName":"search_term_string"}}],"inLanguage":"de"},{"@type":"Organization","@id":"https:\/\/www.nedzink.com\/de\/#organization","name":"NedZink","url":"https:\/\/www.nedzink.com\/de\/","logo":{"@type":"ImageObject","inLanguage":"de","@id":"https:\/\/www.nedzink.com\/de\/#\/schema\/logo\/image\/","url":"https:\/\/www.nedzink.com\/wp-content\/uploads\/2019\/08\/logo-nedzink_fc_zk.jpg","contentUrl":"https:\/\/www.nedzink.com\/wp-content\/uploads\/2019\/08\/logo-nedzink_fc_zk.jpg","width":2160,"height":688,"caption":"NedZink"},"image":{"@id":"https:\/\/www.nedzink.com\/de\/#\/schema\/logo\/image\/"}}]}},"_links":{"self":[{"href":"https:\/\/www.nedzink.com\/de\/wp-json\/wp\/v2\/pages\/12217","targetHints":{"allow":["GET"]}}],"collection":[{"href":"https:\/\/www.nedzink.com\/de\/wp-json\/wp\/v2\/pages"}],"about":[{"href":"https:\/\/www.nedzink.com\/de\/wp-json\/wp\/v2\/types\/page"}],"author":[{"embeddable":true,"href":"https:\/\/www.nedzink.com\/de\/wp-json\/wp\/v2\/users\/9"}],"replies":[{"embeddable":true,"href":"https:\/\/www.nedzink.com\/de\/wp-json\/wp\/v2\/comments?post=12217"}],"version-history":[{"count":2,"href":"https:\/\/www.nedzink.com\/de\/wp-json\/wp\/v2\/pages\/12217\/revisions"}],"predecessor-version":[{"id":134106,"href":"https:\/\/www.nedzink.com\/de\/wp-json\/wp\/v2\/pages\/12217\/revisions\/134106"}],"up":[{"embeddable":true,"href":"https:\/\/www.nedzink.com\/de\/wp-json\/wp\/v2\/pages\/12197"}],"wp:attachment":[{"href":"https:\/\/www.nedzink.com\/de\/wp-json\/wp\/v2\/media?parent=12217"}],"curies":[{"name":"wp","href":"https:\/\/api.w.org\/{rel}","templated":true}]}}