{"id":121325,"date":"2022-10-17T13:51:39","date_gmt":"2022-10-17T11:51:39","guid":{"rendered":"https:\/\/www.nedzink.com\/?page_id=121325"},"modified":"2022-11-14T16:07:13","modified_gmt":"2022-11-14T15:07:13","slug":"our-promise","status":"publish","type":"page","link":"https:\/\/www.nedzink.com\/de\/ueber-nedzink\/our-promise\/","title":{"rendered":"Our promise to the planet"},"content":{"rendered":"[vc_row][vc_column][mk_padding_divider][\/vc_column][\/vc_row][vc_row el_class=&#8220;home-waarom-nedzink rij-wit-schaduw&#8220;][vc_column][mk_padding_divider size=&#8220;20&#8243;][vc_column_text css=&#8220;.vc_custom_1666007474312{margin-bottom: 0px !important;}&#8220;]\n<h1>Unser Versprechen an den Planeten.<\/h1>\n[\/vc_column_text][mk_padding_divider size=&#8220;20&#8243;][vc_row_inner][vc_column_inner width=&#8220;2\/3&#8243;][vc_column_text css=&#8220;.vc_custom_1666007488595{margin-bottom: 0px !important;}&#8220;]Wir bei NedZink wollen uns zu unserer Verantwortung bekennen, die Welt zu einem besseren Ort zu machen. Nicht nur, indem wir unseren \u00f6kologischen Fu\u00dfabdruck verkleinern und nachhaltige Energien nutzen, sondern auch indem wir einen Schritt zur\u00fccktreten und uns damit befassen, wie wir zur Erreichung der globalen Nachhaltigkeitsziele beitragen k\u00f6nnen.<\/p>\n<div class=\"div-block-3\"><\/div>\n[\/vc_column_text][mk_padding_divider][vc_video title=&#8220;Onze belofte aan de planeet&#8220; link=&#8220;https:\/\/youtu.be\/R2IWEYUpzr4&#8243; autoplay=&#8220;true&#8220;][mk_padding_divider][vc_column_text css=&#8220;.vc_custom_1668438394691{margin-bottom: 0px !important;}&#8220;]<strong><a href=\"https:\/\/ourpromise.nedzink.com\/de\">ourpromise.nedzink.com<\/a><\/strong><\/p>\n<div class=\"div-block-3\"><\/div>\n[\/vc_column_text][\/vc_column_inner][vc_column_inner width=&#8220;1\/3&#8243;][vc_single_image image=&#8220;121240&#8243; img_size=&#8220;275&#215;275&#8243; alignment=&#8220;center&#8220;][mk_padding_divider][\/vc_column_inner][\/vc_row_inner][\/vc_column][\/vc_row][vc_row][vc_column][mk_padding_divider][\/vc_column][\/vc_row]\n","protected":false},"excerpt":{"rendered":"<p>[vc_row][vc_column][mk_padding_divider][\/vc_column][\/vc_row][vc_row el_class=&#8220;home-waarom-nedzink rij-wit-schaduw&#8220;][vc_column][mk_padding_divider size=&#8220;20&#8243;][vc_column_text css=&#8220;.vc_custom_1666007474312{margin-bottom: 0px !important;}&#8220;] Unser Versprechen an den Planeten. [\/vc_column_text][mk_padding_divider size=&#8220;20&#8243;][vc_row_inner][vc_column_inner width=&#8220;2\/3&#8243;][vc_column_text css=&#8220;.vc_custom_1666007488595{margin-bottom: 0px !important;}&#8220;]Wir bei NedZink wollen uns zu unserer Verantwortung bekennen, die Welt zu einem besseren Ort zu machen. Nicht nur, indem wir unseren \u00f6kologischen Fu\u00dfabdruck verkleinern und nachhaltige Energien nutzen, sondern auch indem wir einen Schritt zur\u00fccktreten und uns [&hellip;]<\/p>\n","protected":false},"author":4,"featured_media":0,"parent":12339,"menu_order":0,"comment_status":"closed","ping_status":"closed","template":"","meta":{"_acf_changed":false,"footnotes":""},"class_list":["post-121325","page","type-page","status-publish","hentry"],"acf":[],"yoast_head":"<!-- This site is optimized with the Yoast SEO plugin v26.8 - https:\/\/yoast.com\/product\/yoast-seo-wordpress\/ -->\n<title>Our promise to the planet &#8211; NedZink<\/title>\n<meta name=\"robots\" content=\"index, follow, max-snippet:-1, max-image-preview:large, max-video-preview:-1\" \/>\n<link rel=\"canonical\" href=\"https:\/\/www.nedzink.com\/de\/ueber-nedzink\/our-promise\/\" \/>\n<meta property=\"og:locale\" content=\"de_DE\" \/>\n<meta property=\"og:type\" content=\"article\" \/>\n<meta property=\"og:title\" content=\"Our promise to the planet &#8211; NedZink\" \/>\n<meta property=\"og:description\" content=\"[vc_row][vc_column][mk_padding_divider][\/vc_column][\/vc_row][vc_row el_class=&#8220;home-waarom-nedzink rij-wit-schaduw&#8220;][vc_column][mk_padding_divider size=&#8220;20&#8243;][vc_column_text css=&#8220;.vc_custom_1666007474312{margin-bottom: 0px !important;}&#8220;] Unser Versprechen an den Planeten. [\/vc_column_text][mk_padding_divider size=&#8220;20&#8243;][vc_row_inner][vc_column_inner width=&#8220;2\/3&#8243;][vc_column_text css=&#8220;.vc_custom_1666007488595{margin-bottom: 0px !important;}&#8220;]Wir bei NedZink wollen uns zu unserer Verantwortung bekennen, die Welt zu einem besseren Ort zu machen. Nicht nur, indem wir unseren \u00f6kologischen Fu\u00dfabdruck verkleinern und nachhaltige Energien nutzen, sondern auch indem wir einen Schritt zur\u00fccktreten und uns [&hellip;]\" \/>\n<meta property=\"og:url\" content=\"https:\/\/www.nedzink.com\/de\/ueber-nedzink\/our-promise\/\" \/>\n<meta property=\"og:site_name\" content=\"NedZink\" \/>\n<meta property=\"article:modified_time\" content=\"2022-11-14T15:07:13+00:00\" \/>\n<meta name=\"twitter:card\" content=\"summary_large_image\" \/>\n<meta name=\"twitter:label1\" content=\"Gesch\u00e4tzte Lesezeit\" \/>\n\t<meta name=\"twitter:data1\" content=\"1\u00a0Minute\" \/>\n<script type=\"application\/ld+json\" class=\"yoast-schema-graph\">{\"@context\":\"https:\/\/schema.org\",\"@graph\":[{\"@type\":\"WebPage\",\"@id\":\"https:\/\/www.nedzink.com\/de\/ueber-nedzink\/our-promise\/\",\"url\":\"https:\/\/www.nedzink.com\/de\/ueber-nedzink\/our-promise\/\",\"name\":\"Our promise to the planet &#8211; NedZink\",\"isPartOf\":{\"@id\":\"https:\/\/www.nedzink.com\/de\/#website\"},\"datePublished\":\"2022-10-17T11:51:39+00:00\",\"dateModified\":\"2022-11-14T15:07:13+00:00\",\"breadcrumb\":{\"@id\":\"https:\/\/www.nedzink.com\/de\/ueber-nedzink\/our-promise\/#breadcrumb\"},\"inLanguage\":\"de\",\"potentialAction\":[{\"@type\":\"ReadAction\",\"target\":[\"https:\/\/www.nedzink.com\/de\/ueber-nedzink\/our-promise\/\"]}]},{\"@type\":\"BreadcrumbList\",\"@id\":\"https:\/\/www.nedzink.com\/de\/ueber-nedzink\/our-promise\/#breadcrumb\",\"itemListElement\":[{\"@type\":\"ListItem\",\"position\":1,\"name\":\"Home\",\"item\":\"https:\/\/www.nedzink.com\/de\/\"},{\"@type\":\"ListItem\",\"position\":2,\"name\":\"\u00dcber NedZink\",\"item\":\"https:\/\/www.nedzink.com\/de\/ueber-nedzink\/\"},{\"@type\":\"ListItem\",\"position\":3,\"name\":\"Our promise to the planet\"}]},{\"@type\":\"WebSite\",\"@id\":\"https:\/\/www.nedzink.com\/de\/#website\",\"url\":\"https:\/\/www.nedzink.com\/de\/\",\"name\":\"NedZink\",\"description\":\"Zink fabrikant\",\"publisher\":{\"@id\":\"https:\/\/www.nedzink.com\/de\/#organization\"},\"potentialAction\":[{\"@type\":\"SearchAction\",\"target\":{\"@type\":\"EntryPoint\",\"urlTemplate\":\"https:\/\/www.nedzink.com\/de\/?s={search_term_string}\"},\"query-input\":{\"@type\":\"PropertyValueSpecification\",\"valueRequired\":true,\"valueName\":\"search_term_string\"}}],\"inLanguage\":\"de\"},{\"@type\":\"Organization\",\"@id\":\"https:\/\/www.nedzink.com\/de\/#organization\",\"name\":\"NedZink\",\"url\":\"https:\/\/www.nedzink.com\/de\/\",\"logo\":{\"@type\":\"ImageObject\",\"inLanguage\":\"de\",\"@id\":\"https:\/\/www.nedzink.com\/de\/#\/schema\/logo\/image\/\",\"url\":\"https:\/\/www.nedzink.com\/wp-content\/uploads\/2019\/08\/logo-nedzink_fc_zk.jpg\",\"contentUrl\":\"https:\/\/www.nedzink.com\/wp-content\/uploads\/2019\/08\/logo-nedzink_fc_zk.jpg\",\"width\":2160,\"height\":688,\"caption\":\"NedZink\"},\"image\":{\"@id\":\"https:\/\/www.nedzink.com\/de\/#\/schema\/logo\/image\/\"}}]}<\/script>\n<!-- \/ Yoast SEO plugin. -->","yoast_head_json":{"title":"Our promise to the planet &#8211; NedZink","robots":{"index":"index","follow":"follow","max-snippet":"max-snippet:-1","max-image-preview":"max-image-preview:large","max-video-preview":"max-video-preview:-1"},"canonical":"https:\/\/www.nedzink.com\/de\/ueber-nedzink\/our-promise\/","og_locale":"de_DE","og_type":"article","og_title":"Our promise to the planet &#8211; NedZink","og_description":"[vc_row][vc_column][mk_padding_divider][\/vc_column][\/vc_row][vc_row el_class=&#8220;home-waarom-nedzink rij-wit-schaduw&#8220;][vc_column][mk_padding_divider size=&#8220;20&#8243;][vc_column_text css=&#8220;.vc_custom_1666007474312{margin-bottom: 0px !important;}&#8220;] Unser Versprechen an den Planeten. [\/vc_column_text][mk_padding_divider size=&#8220;20&#8243;][vc_row_inner][vc_column_inner width=&#8220;2\/3&#8243;][vc_column_text css=&#8220;.vc_custom_1666007488595{margin-bottom: 0px !important;}&#8220;]Wir bei NedZink wollen uns zu unserer Verantwortung bekennen, die Welt zu einem besseren Ort zu machen. Nicht nur, indem wir unseren \u00f6kologischen Fu\u00dfabdruck verkleinern und nachhaltige Energien nutzen, sondern auch indem wir einen Schritt zur\u00fccktreten und uns [&hellip;]","og_url":"https:\/\/www.nedzink.com\/de\/ueber-nedzink\/our-promise\/","og_site_name":"NedZink","article_modified_time":"2022-11-14T15:07:13+00:00","twitter_card":"summary_large_image","twitter_misc":{"Gesch\u00e4tzte Lesezeit":"1\u00a0Minute"},"schema":{"@context":"https:\/\/schema.org","@graph":[{"@type":"WebPage","@id":"https:\/\/www.nedzink.com\/de\/ueber-nedzink\/our-promise\/","url":"https:\/\/www.nedzink.com\/de\/ueber-nedzink\/our-promise\/","name":"Our promise to the planet &#8211; NedZink","isPartOf":{"@id":"https:\/\/www.nedzink.com\/de\/#website"},"datePublished":"2022-10-17T11:51:39+00:00","dateModified":"2022-11-14T15:07:13+00:00","breadcrumb":{"@id":"https:\/\/www.nedzink.com\/de\/ueber-nedzink\/our-promise\/#breadcrumb"},"inLanguage":"de","potentialAction":[{"@type":"ReadAction","target":["https:\/\/www.nedzink.com\/de\/ueber-nedzink\/our-promise\/"]}]},{"@type":"BreadcrumbList","@id":"https:\/\/www.nedzink.com\/de\/ueber-nedzink\/our-promise\/#breadcrumb","itemListElement":[{"@type":"ListItem","position":1,"name":"Home","item":"https:\/\/www.nedzink.com\/de\/"},{"@type":"ListItem","position":2,"name":"\u00dcber NedZink","item":"https:\/\/www.nedzink.com\/de\/ueber-nedzink\/"},{"@type":"ListItem","position":3,"name":"Our promise to the planet"}]},{"@type":"WebSite","@id":"https:\/\/www.nedzink.com\/de\/#website","url":"https:\/\/www.nedzink.com\/de\/","name":"NedZink","description":"Zink fabrikant","publisher":{"@id":"https:\/\/www.nedzink.com\/de\/#organization"},"potentialAction":[{"@type":"SearchAction","target":{"@type":"EntryPoint","urlTemplate":"https:\/\/www.nedzink.com\/de\/?s={search_term_string}"},"query-input":{"@type":"PropertyValueSpecification","valueRequired":true,"valueName":"search_term_string"}}],"inLanguage":"de"},{"@type":"Organization","@id":"https:\/\/www.nedzink.com\/de\/#organization","name":"NedZink","url":"https:\/\/www.nedzink.com\/de\/","logo":{"@type":"ImageObject","inLanguage":"de","@id":"https:\/\/www.nedzink.com\/de\/#\/schema\/logo\/image\/","url":"https:\/\/www.nedzink.com\/wp-content\/uploads\/2019\/08\/logo-nedzink_fc_zk.jpg","contentUrl":"https:\/\/www.nedzink.com\/wp-content\/uploads\/2019\/08\/logo-nedzink_fc_zk.jpg","width":2160,"height":688,"caption":"NedZink"},"image":{"@id":"https:\/\/www.nedzink.com\/de\/#\/schema\/logo\/image\/"}}]}},"_links":{"self":[{"href":"https:\/\/www.nedzink.com\/de\/wp-json\/wp\/v2\/pages\/121325","targetHints":{"allow":["GET"]}}],"collection":[{"href":"https:\/\/www.nedzink.com\/de\/wp-json\/wp\/v2\/pages"}],"about":[{"href":"https:\/\/www.nedzink.com\/de\/wp-json\/wp\/v2\/types\/page"}],"author":[{"embeddable":true,"href":"https:\/\/www.nedzink.com\/de\/wp-json\/wp\/v2\/users\/4"}],"replies":[{"embeddable":true,"href":"https:\/\/www.nedzink.com\/de\/wp-json\/wp\/v2\/comments?post=121325"}],"version-history":[{"count":5,"href":"https:\/\/www.nedzink.com\/de\/wp-json\/wp\/v2\/pages\/121325\/revisions"}],"predecessor-version":[{"id":121794,"href":"https:\/\/www.nedzink.com\/de\/wp-json\/wp\/v2\/pages\/121325\/revisions\/121794"}],"up":[{"embeddable":true,"href":"https:\/\/www.nedzink.com\/de\/wp-json\/wp\/v2\/pages\/12339"}],"wp:attachment":[{"href":"https:\/\/www.nedzink.com\/de\/wp-json\/wp\/v2\/media?parent=121325"}],"curies":[{"name":"wp","href":"https:\/\/api.w.org\/{rel}","templated":true}]}}