{"id":120119,"date":"2022-08-25T16:32:05","date_gmt":"2022-08-25T14:32:05","guid":{"rendered":"https:\/\/www.nedzink.com\/?page_id=120119"},"modified":"2022-09-20T14:32:30","modified_gmt":"2022-09-20T12:32:30","slug":"brochure","status":"publish","type":"page","link":"https:\/\/www.nedzink.com\/de\/brochure\/","title":{"rendered":"Brochure"},"content":{"rendered":"[vc_row][vc_column][mk_padding_divider size=&#8220;100&#8243;][\/vc_column][\/vc_row][vc_row][vc_column css=&#8220;.vc_custom_1661436182638{background-color: #ffffff !important;}&#8220;][mk_padding_divider][vc_column_text css=&#8220;.vc_custom_1661436939613{margin-bottom: 0px !important;}&#8220;]\n<h1>Laden Sie unsere Unternehmensbrosch\u00fcre herunter<\/h1>\n[\/vc_column_text][vc_column_text css=&#8220;.vc_custom_1661953520280{margin-bottom: 0px !important;}&#8220;]Bereits seit mehr als 125 Jahren stellt NedZink Zinkprodukte von h\u00f6chster Qualit\u00e4t her, die weltweit in gr\u00f6\u00dferen und kleineren Projekten Anwendung fi nden. Damit geh\u00f6rt NedZink international zu den Top 4 der Branche. Am hochmodernen Standort im niederl\u00e4ndischen Budel-Dorplein wird gewalztes Titanzink f\u00fcr Anwendungen in Fassaden, D\u00e4chern, Dachrinnen und Dachentw\u00e4sserungssystemen gefertigt.<\/p>\n<p><a href=\"https:\/\/www.nedzink.com\/wp-content\/uploads\/2021\/10\/31520-nz-totaalbrochure-2021-de_web.pdf\" target=\"_blank\" rel=\"noopener\"><img loading=\"lazy\" decoding=\"async\" class=\"alignnone size-medium wp-image-120125\" src=\"https:\/\/www.nedzink.com\/wp-content\/uploads\/2022\/08\/egrtbetwtrhw-300x300.jpg\" alt=\"\" width=\"300\" height=\"300\" srcset=\"https:\/\/www.nedzink.com\/wp-content\/uploads\/2022\/08\/egrtbetwtrhw-300x300.jpg 300w, https:\/\/www.nedzink.com\/wp-content\/uploads\/2022\/08\/egrtbetwtrhw-1024x1024.jpg 1024w, https:\/\/www.nedzink.com\/wp-content\/uploads\/2022\/08\/egrtbetwtrhw-150x150.jpg 150w, https:\/\/www.nedzink.com\/wp-content\/uploads\/2022\/08\/egrtbetwtrhw-101x101.jpg 101w, https:\/\/www.nedzink.com\/wp-content\/uploads\/2022\/08\/egrtbetwtrhw-87x87.jpg 87w, https:\/\/www.nedzink.com\/wp-content\/uploads\/2022\/08\/egrtbetwtrhw-36x36.jpg 36w, https:\/\/www.nedzink.com\/wp-content\/uploads\/2022\/08\/egrtbetwtrhw-212x212.jpg 212w, https:\/\/www.nedzink.com\/wp-content\/uploads\/2022\/08\/egrtbetwtrhw.jpg 1500w\" sizes=\"auto, (max-width: 300px) 100vw, 300px\" \/><\/a>[\/vc_column_text][\/vc_column][\/vc_row][vc_row][vc_column css=&#8220;.vc_custom_1661499123023{background-color: #ffffff !important;}&#8220;][mk_padding_divider size=&#8220;50&#8243;][\/vc_column][\/vc_row][vc_row][vc_column css=&#8220;.vc_custom_1661439657878{background-color: #ffffff !important;}&#8220;][vc_column_text css=&#8220;.vc_custom_1661954276886{margin-bottom: 0px !important;}&#8220;]\n<h2>Fragen?<\/h2>\n<p>Mailen Sie uns an <strong><a href=\"mailto:info@nedzink.de\">info@nedzink.de<\/a><\/strong> oder rufen Sie uns an unter <strong><a href=\"tel:+490208857980\" target=\"_blank\" rel=\"noopener noreferrer\">+49 (0) 208 85798-0<\/a><\/strong>[\/vc_column_text][mk_padding_divider][\/vc_column][\/vc_row][vc_row css=&#8220;.vc_custom_1663677130674{background-color: #ffffff !important;}&#8220;][vc_column][vc_column_text css=&#8220;.vc_custom_1663677015937{margin-bottom: 0px !important;}&#8220;]<a href=\"https:\/\/www.nedzink.com\/wp-content\/uploads\/2022\/09\/banner-voor-brochure-pagina-3.jpg\"><img loading=\"lazy\" decoding=\"async\" class=\"alignnone size-full wp-image-120886\" src=\"https:\/\/www.nedzink.com\/wp-content\/uploads\/2022\/09\/banner-voor-brochure-pagina-3.jpg\" alt=\"\" width=\"1280\" height=\"458\" srcset=\"https:\/\/www.nedzink.com\/wp-content\/uploads\/2022\/09\/banner-voor-brochure-pagina-3.jpg 1280w, https:\/\/www.nedzink.com\/wp-content\/uploads\/2022\/09\/banner-voor-brochure-pagina-3-300x107.jpg 300w, https:\/\/www.nedzink.com\/wp-content\/uploads\/2022\/09\/banner-voor-brochure-pagina-3-1024x366.jpg 1024w, https:\/\/www.nedzink.com\/wp-content\/uploads\/2022\/09\/banner-voor-brochure-pagina-3-243x87.jpg 243w, https:\/\/www.nedzink.com\/wp-content\/uploads\/2022\/09\/banner-voor-brochure-pagina-3-56x20.jpg 56w, https:\/\/www.nedzink.com\/wp-content\/uploads\/2022\/09\/banner-voor-brochure-pagina-3-212x76.jpg 212w\" sizes=\"auto, (max-width: 1280px) 100vw, 1280px\" \/><\/a>[\/vc_column_text][\/vc_column][\/vc_row]\n","protected":false},"excerpt":{"rendered":"<p>[vc_row][vc_column][mk_padding_divider size=&#8220;100&#8243;][\/vc_column][\/vc_row][vc_row][vc_column css=&#8220;.vc_custom_1661436182638{background-color: #ffffff !important;}&#8220;][mk_padding_divider][vc_column_text css=&#8220;.vc_custom_1661436939613{margin-bottom: 0px !important;}&#8220;] Laden Sie unsere Unternehmensbrosch\u00fcre herunter [\/vc_column_text][vc_column_text css=&#8220;.vc_custom_1661953520280{margin-bottom: 0px !important;}&#8220;]Bereits seit mehr als 125 Jahren stellt NedZink Zinkprodukte von h\u00f6chster Qualit\u00e4t her, die weltweit in gr\u00f6\u00dferen und kleineren Projekten Anwendung fi nden. Damit geh\u00f6rt NedZink international zu den Top 4 der Branche. Am hochmodernen Standort im niederl\u00e4ndischen Budel-Dorplein [&hellip;]<\/p>\n","protected":false},"author":10,"featured_media":0,"parent":0,"menu_order":0,"comment_status":"closed","ping_status":"closed","template":"","meta":{"_acf_changed":false,"footnotes":""},"class_list":["post-120119","page","type-page","status-publish","hentry"],"acf":[],"yoast_head":"<!-- This site is optimized with the Yoast SEO plugin v26.8 - https:\/\/yoast.com\/product\/yoast-seo-wordpress\/ -->\n<title>Brochure &#8211; NedZink<\/title>\n<meta name=\"robots\" content=\"index, follow, max-snippet:-1, max-image-preview:large, max-video-preview:-1\" \/>\n<link rel=\"canonical\" href=\"https:\/\/www.nedzink.com\/de\/brochure\/\" \/>\n<meta property=\"og:locale\" content=\"de_DE\" \/>\n<meta property=\"og:type\" content=\"article\" \/>\n<meta property=\"og:title\" content=\"Brochure &#8211; NedZink\" \/>\n<meta property=\"og:description\" content=\"[vc_row][vc_column][mk_padding_divider size=&#8220;100&#8243;][\/vc_column][\/vc_row][vc_row][vc_column css=&#8220;.vc_custom_1661436182638{background-color: #ffffff !important;}&#8220;][mk_padding_divider][vc_column_text css=&#8220;.vc_custom_1661436939613{margin-bottom: 0px !important;}&#8220;] Laden Sie unsere Unternehmensbrosch\u00fcre herunter [\/vc_column_text][vc_column_text css=&#8220;.vc_custom_1661953520280{margin-bottom: 0px !important;}&#8220;]Bereits seit mehr als 125 Jahren stellt NedZink Zinkprodukte von h\u00f6chster Qualit\u00e4t her, die weltweit in gr\u00f6\u00dferen und kleineren Projekten Anwendung fi nden. Damit geh\u00f6rt NedZink international zu den Top 4 der Branche. Am hochmodernen Standort im niederl\u00e4ndischen Budel-Dorplein [&hellip;]\" \/>\n<meta property=\"og:url\" content=\"https:\/\/www.nedzink.com\/de\/brochure\/\" \/>\n<meta property=\"og:site_name\" content=\"NedZink\" \/>\n<meta property=\"article:modified_time\" content=\"2022-09-20T12:32:30+00:00\" \/>\n<meta property=\"og:image\" content=\"https:\/\/www.nedzink.com\/wp-content\/uploads\/2022\/08\/egrtbetwtrhw-300x300.jpg\" \/>\n<meta name=\"twitter:card\" content=\"summary_large_image\" \/>\n<meta name=\"twitter:label1\" content=\"Gesch\u00e4tzte Lesezeit\" \/>\n\t<meta name=\"twitter:data1\" content=\"1\u00a0Minute\" \/>\n<script type=\"application\/ld+json\" class=\"yoast-schema-graph\">{\"@context\":\"https:\/\/schema.org\",\"@graph\":[{\"@type\":\"WebPage\",\"@id\":\"https:\/\/www.nedzink.com\/de\/brochure\/\",\"url\":\"https:\/\/www.nedzink.com\/de\/brochure\/\",\"name\":\"Brochure &#8211; NedZink\",\"isPartOf\":{\"@id\":\"https:\/\/www.nedzink.com\/de\/#website\"},\"primaryImageOfPage\":{\"@id\":\"https:\/\/www.nedzink.com\/de\/brochure\/#primaryimage\"},\"image\":{\"@id\":\"https:\/\/www.nedzink.com\/de\/brochure\/#primaryimage\"},\"thumbnailUrl\":\"https:\/\/www.nedzink.com\/wp-content\/uploads\/2022\/08\/egrtbetwtrhw-300x300.jpg\",\"datePublished\":\"2022-08-25T14:32:05+00:00\",\"dateModified\":\"2022-09-20T12:32:30+00:00\",\"breadcrumb\":{\"@id\":\"https:\/\/www.nedzink.com\/de\/brochure\/#breadcrumb\"},\"inLanguage\":\"de\",\"potentialAction\":[{\"@type\":\"ReadAction\",\"target\":[\"https:\/\/www.nedzink.com\/de\/brochure\/\"]}]},{\"@type\":\"ImageObject\",\"inLanguage\":\"de\",\"@id\":\"https:\/\/www.nedzink.com\/de\/brochure\/#primaryimage\",\"url\":\"https:\/\/www.nedzink.com\/wp-content\/uploads\/2022\/08\/egrtbetwtrhw-300x300.jpg\",\"contentUrl\":\"https:\/\/www.nedzink.com\/wp-content\/uploads\/2022\/08\/egrtbetwtrhw-300x300.jpg\"},{\"@type\":\"BreadcrumbList\",\"@id\":\"https:\/\/www.nedzink.com\/de\/brochure\/#breadcrumb\",\"itemListElement\":[{\"@type\":\"ListItem\",\"position\":1,\"name\":\"Home\",\"item\":\"https:\/\/www.nedzink.com\/de\/\"},{\"@type\":\"ListItem\",\"position\":2,\"name\":\"Brochure\"}]},{\"@type\":\"WebSite\",\"@id\":\"https:\/\/www.nedzink.com\/de\/#website\",\"url\":\"https:\/\/www.nedzink.com\/de\/\",\"name\":\"NedZink\",\"description\":\"Zink fabrikant\",\"publisher\":{\"@id\":\"https:\/\/www.nedzink.com\/de\/#organization\"},\"potentialAction\":[{\"@type\":\"SearchAction\",\"target\":{\"@type\":\"EntryPoint\",\"urlTemplate\":\"https:\/\/www.nedzink.com\/de\/?s={search_term_string}\"},\"query-input\":{\"@type\":\"PropertyValueSpecification\",\"valueRequired\":true,\"valueName\":\"search_term_string\"}}],\"inLanguage\":\"de\"},{\"@type\":\"Organization\",\"@id\":\"https:\/\/www.nedzink.com\/de\/#organization\",\"name\":\"NedZink\",\"url\":\"https:\/\/www.nedzink.com\/de\/\",\"logo\":{\"@type\":\"ImageObject\",\"inLanguage\":\"de\",\"@id\":\"https:\/\/www.nedzink.com\/de\/#\/schema\/logo\/image\/\",\"url\":\"https:\/\/www.nedzink.com\/wp-content\/uploads\/2019\/08\/logo-nedzink_fc_zk.jpg\",\"contentUrl\":\"https:\/\/www.nedzink.com\/wp-content\/uploads\/2019\/08\/logo-nedzink_fc_zk.jpg\",\"width\":2160,\"height\":688,\"caption\":\"NedZink\"},\"image\":{\"@id\":\"https:\/\/www.nedzink.com\/de\/#\/schema\/logo\/image\/\"}}]}<\/script>\n<!-- \/ Yoast SEO plugin. -->","yoast_head_json":{"title":"Brochure &#8211; NedZink","robots":{"index":"index","follow":"follow","max-snippet":"max-snippet:-1","max-image-preview":"max-image-preview:large","max-video-preview":"max-video-preview:-1"},"canonical":"https:\/\/www.nedzink.com\/de\/brochure\/","og_locale":"de_DE","og_type":"article","og_title":"Brochure &#8211; NedZink","og_description":"[vc_row][vc_column][mk_padding_divider size=&#8220;100&#8243;][\/vc_column][\/vc_row][vc_row][vc_column css=&#8220;.vc_custom_1661436182638{background-color: #ffffff !important;}&#8220;][mk_padding_divider][vc_column_text css=&#8220;.vc_custom_1661436939613{margin-bottom: 0px !important;}&#8220;] Laden Sie unsere Unternehmensbrosch\u00fcre herunter [\/vc_column_text][vc_column_text css=&#8220;.vc_custom_1661953520280{margin-bottom: 0px !important;}&#8220;]Bereits seit mehr als 125 Jahren stellt NedZink Zinkprodukte von h\u00f6chster Qualit\u00e4t her, die weltweit in gr\u00f6\u00dferen und kleineren Projekten Anwendung fi nden. Damit geh\u00f6rt NedZink international zu den Top 4 der Branche. Am hochmodernen Standort im niederl\u00e4ndischen Budel-Dorplein [&hellip;]","og_url":"https:\/\/www.nedzink.com\/de\/brochure\/","og_site_name":"NedZink","article_modified_time":"2022-09-20T12:32:30+00:00","og_image":[{"url":"https:\/\/www.nedzink.com\/wp-content\/uploads\/2022\/08\/egrtbetwtrhw-300x300.jpg","type":"","width":"","height":""}],"twitter_card":"summary_large_image","twitter_misc":{"Gesch\u00e4tzte Lesezeit":"1\u00a0Minute"},"schema":{"@context":"https:\/\/schema.org","@graph":[{"@type":"WebPage","@id":"https:\/\/www.nedzink.com\/de\/brochure\/","url":"https:\/\/www.nedzink.com\/de\/brochure\/","name":"Brochure &#8211; NedZink","isPartOf":{"@id":"https:\/\/www.nedzink.com\/de\/#website"},"primaryImageOfPage":{"@id":"https:\/\/www.nedzink.com\/de\/brochure\/#primaryimage"},"image":{"@id":"https:\/\/www.nedzink.com\/de\/brochure\/#primaryimage"},"thumbnailUrl":"https:\/\/www.nedzink.com\/wp-content\/uploads\/2022\/08\/egrtbetwtrhw-300x300.jpg","datePublished":"2022-08-25T14:32:05+00:00","dateModified":"2022-09-20T12:32:30+00:00","breadcrumb":{"@id":"https:\/\/www.nedzink.com\/de\/brochure\/#breadcrumb"},"inLanguage":"de","potentialAction":[{"@type":"ReadAction","target":["https:\/\/www.nedzink.com\/de\/brochure\/"]}]},{"@type":"ImageObject","inLanguage":"de","@id":"https:\/\/www.nedzink.com\/de\/brochure\/#primaryimage","url":"https:\/\/www.nedzink.com\/wp-content\/uploads\/2022\/08\/egrtbetwtrhw-300x300.jpg","contentUrl":"https:\/\/www.nedzink.com\/wp-content\/uploads\/2022\/08\/egrtbetwtrhw-300x300.jpg"},{"@type":"BreadcrumbList","@id":"https:\/\/www.nedzink.com\/de\/brochure\/#breadcrumb","itemListElement":[{"@type":"ListItem","position":1,"name":"Home","item":"https:\/\/www.nedzink.com\/de\/"},{"@type":"ListItem","position":2,"name":"Brochure"}]},{"@type":"WebSite","@id":"https:\/\/www.nedzink.com\/de\/#website","url":"https:\/\/www.nedzink.com\/de\/","name":"NedZink","description":"Zink fabrikant","publisher":{"@id":"https:\/\/www.nedzink.com\/de\/#organization"},"potentialAction":[{"@type":"SearchAction","target":{"@type":"EntryPoint","urlTemplate":"https:\/\/www.nedzink.com\/de\/?s={search_term_string}"},"query-input":{"@type":"PropertyValueSpecification","valueRequired":true,"valueName":"search_term_string"}}],"inLanguage":"de"},{"@type":"Organization","@id":"https:\/\/www.nedzink.com\/de\/#organization","name":"NedZink","url":"https:\/\/www.nedzink.com\/de\/","logo":{"@type":"ImageObject","inLanguage":"de","@id":"https:\/\/www.nedzink.com\/de\/#\/schema\/logo\/image\/","url":"https:\/\/www.nedzink.com\/wp-content\/uploads\/2019\/08\/logo-nedzink_fc_zk.jpg","contentUrl":"https:\/\/www.nedzink.com\/wp-content\/uploads\/2019\/08\/logo-nedzink_fc_zk.jpg","width":2160,"height":688,"caption":"NedZink"},"image":{"@id":"https:\/\/www.nedzink.com\/de\/#\/schema\/logo\/image\/"}}]}},"_links":{"self":[{"href":"https:\/\/www.nedzink.com\/de\/wp-json\/wp\/v2\/pages\/120119","targetHints":{"allow":["GET"]}}],"collection":[{"href":"https:\/\/www.nedzink.com\/de\/wp-json\/wp\/v2\/pages"}],"about":[{"href":"https:\/\/www.nedzink.com\/de\/wp-json\/wp\/v2\/types\/page"}],"author":[{"embeddable":true,"href":"https:\/\/www.nedzink.com\/de\/wp-json\/wp\/v2\/users\/10"}],"replies":[{"embeddable":true,"href":"https:\/\/www.nedzink.com\/de\/wp-json\/wp\/v2\/comments?post=120119"}],"version-history":[{"count":19,"href":"https:\/\/www.nedzink.com\/de\/wp-json\/wp\/v2\/pages\/120119\/revisions"}],"predecessor-version":[{"id":120897,"href":"https:\/\/www.nedzink.com\/de\/wp-json\/wp\/v2\/pages\/120119\/revisions\/120897"}],"wp:attachment":[{"href":"https:\/\/www.nedzink.com\/de\/wp-json\/wp\/v2\/media?parent=120119"}],"curies":[{"name":"wp","href":"https:\/\/api.w.org\/{rel}","templated":true}]}}