{"id":119437,"date":"2022-07-18T11:23:17","date_gmt":"2022-07-18T09:23:17","guid":{"rendered":"https:\/\/www.nedzink.com\/?page_id=119437"},"modified":"2024-02-02T14:37:44","modified_gmt":"2024-02-02T13:37:44","slug":"nedzink-titanzink","status":"publish","type":"page","link":"https:\/\/www.nedzink.com\/de\/produkteigenschaften-titanzink\/technische-daten\/nedzink-titanzink\/","title":{"rendered":"NedZink Titanzink"},"content":{"rendered":"[vc_row][vc_column][vc_column_text css=&#8220;.vc_custom_1706881055061{margin-bottom: 0px !important;}&#8220;]\n<h3>Chemische Zusammensetzung<\/h3>\n<table style=\"width: 95%;\" border=\"1\" cellspacing=\"1\" cellpadding=\"1\">\n<thead>\n<tr>\n<th>Produktanforderungen<\/th>\n<th>NedZink Titanzink<\/th>\n<th>Produktanforderungen<br \/>\nnach DIN EN 988<\/th>\n<\/tr>\n<\/thead>\n<tbody>\n<tr>\n<td>Zink<\/td>\n<td><span class=\" h4r\"><br \/>\nZn 99,995%<\/span><\/td>\n<td><span class=\" h4r\"><br \/>\nZn 99,995%<\/span><\/td>\n<\/tr>\n<tr>\n<td><span class=\" h4r\"><br \/>\nKupfer<\/span><\/td>\n<td><span class=\" h4r\"><br \/>\nCu 0,08 &#8211; 0,17%<\/span><\/td>\n<td><span class=\" h4r\"><br \/>\nCu 0,08 &#8211; 1,0%<\/span><\/td>\n<\/tr>\n<tr>\n<td><span class=\" h4r\"><br \/>\nTitan<\/span><\/td>\n<td><span class=\" h4r\"><br \/>\nTi 0,07 &#8211; 0,12%<\/span><\/td>\n<td><span class=\" h4r\"><br \/>\nTi 0,06 &#8211; 0,2%<\/span><\/td>\n<\/tr>\n<tr>\n<td><span class=\" h4r\"><br \/>\nAluminium<\/span><\/td>\n<td><span class=\" h4r\"><br \/>\nAl <u>&lt;<\/u> 0,015%<\/span><\/td>\n<td><span class=\" h4r\"><br \/>\nAl <u>&lt;<\/u> 0,015%<\/span><\/td>\n<\/tr>\n<\/tbody>\n<\/table>\n<h3><\/h3>\n<h3>Abmessungstoleranzen bei Standardprodukten<\/h3>\n<table style=\"width: 95%;\" border=\"1\" cellspacing=\"1\" cellpadding=\"1\">\n<thead>\n<tr>\n<th>Produktanforderungen<\/th>\n<th>NedZink Titanzink<\/th>\n<th>Produktanforderungen<br \/>\nnach DIN EN 988<\/th>\n<\/tr>\n<\/thead>\n<tbody>\n<tr>\n<td><span class=\" h4r\"><br \/>\nBlech- und Banddicke<\/span><\/td>\n<td><span class=\" h4r\"><br \/>\n\u00b1\u00a00,025 mm<\/span><\/td>\n<td><span class=\" h4r\"><br \/>\n\u00b1\u00a00,03 mm<\/span><\/td>\n<\/tr>\n<tr>\n<td><span class=\" h4r\"><br \/>\n<\/span><br \/>\n<span class=\" h4r\"><br \/>\nBlech- und Bandbreite<\/span><\/td>\n<td><span class=\" h4r\"><br \/>\n+ 2\/-0 mm<\/span><\/td>\n<td><span class=\" h4r\"><br \/>\n+ 2\/-0 mm<\/span><\/td>\n<\/tr>\n<tr>\n<td><span class=\" h4r\"><br \/>\nBlechl\u00e4nge<\/span><\/td>\n<td><span class=\" h4r\"><br \/>\n+ 2\/-0 mm<\/span><\/td>\n<td><span class=\" h4r\"><br \/>\n+ 10\/-0 mm<\/span><\/td>\n<\/tr>\n<\/tbody>\n<\/table>\n<h3><\/h3>\n<h3>Mechanisch-technologische Eigenschaften<\/h3>\n<table style=\"width: 95%;\" border=\"1\" cellspacing=\"1\" cellpadding=\"1\">\n<thead>\n<tr>\n<th>Produktanforderungen<\/th>\n<th>NedZink Titanzink<\/th>\n<th>Produktanforderungen<br \/>\nnach DIN EN 988<\/th>\n<\/tr>\n<\/thead>\n<tbody>\n<tr>\n<td><span class=\" h4r\"><br \/>\n0,2% Dehngrenze<\/span><\/td>\n<td><span class=\" h4r\"><br \/>\nmin. 110 N\/mm2<\/span><\/td>\n<td><span class=\" h4r\"><br \/>\nmin. 100 N\/mm2<\/span><\/td>\n<\/tr>\n<tr>\n<td><span class=\" h4r\"><br \/>\nZugfestigkeit\u00a0(Rm)<\/span><\/td>\n<td><span class=\" h4r\"><br \/>\nmin. 150 N\/mm2<\/span><\/td>\n<td><span class=\" h4r\"><br \/>\nmin. 150 N\/mm2<\/span><\/td>\n<\/tr>\n<tr>\n<td><span class=\" h4r\"><br \/>\nBruchdehnung\u00a0(A50)<\/span><\/td>\n<td><span class=\" h4r\"><br \/>\nmin 40%<\/span><\/td>\n<td><span class=\" h4r\"><br \/>\nmin 35%<\/span><\/td>\n<\/tr>\n<tr>\n<td><span class=\" h4r\"><br \/>\nVickersh\u00e4rte (HV 3)<\/span><\/td>\n<td><span class=\" h4r\"><br \/>\nmin. 40<\/span><\/td>\n<td>&#8211;<\/td>\n<\/tr>\n<tr>\n<td><span class=\" h4r\"><br \/>\nFaltversuch<\/span><\/td>\n<td><span class=\" h4r\"><br \/>\n1.\u00a0Keine Risse auf der Biegekante<\/span><br \/>\n<span class=\" h4r\"><br \/>\n2. Kein Aufbiegebruch<\/span><br \/>\n<span class=\" h4r\"><br \/>\n3.\u00a0Relative Zugfestigkeit\u00a0D &gt; 0,7<\/span><\/td>\n<td style=\"vertical-align: top;\"><span class=\" h4r\"><br \/>\nKeine Risse auf der Biegekante<\/span><\/td>\n<\/tr>\n<tr>\n<td><span class=\" h4r\"><br \/>\nBleibende Dehnung<\/span><br \/>\n<span class=\" h4r\"><br \/>\nim Zeitstandversuch<\/span><\/td>\n<td><span class=\" h4r\"><br \/>\nmax. 0,1%<\/span><\/td>\n<td><span class=\" h4r\"><br \/>\nmax. 0,1%<\/span><\/td>\n<\/tr>\n<tr>\n<td><span class=\" h4r\"><br \/>\nS\u00e4belformigkeit<\/span><\/td>\n<td><span class=\" h4r\"><br \/>\nmax. 1,5 mm\/m<\/span><\/td>\n<td><span class=\" h4r\"><br \/>\nmax. 1,5 mm\/m<\/span><\/td>\n<\/tr>\n<tr>\n<td><span class=\" h4r\"><br \/>\nPlanheit\u00a0(Wellenh\u00f6he)<\/span><\/td>\n<td><span class=\" h4r\"><br \/>\nmax. 2 mm<\/span><\/td>\n<td><span class=\" h4r\"><br \/>\nmax. 2 mm<\/span><\/td>\n<\/tr>\n<tr>\n<td><span class=\" h4r\"><br \/>\nunabh\u00e4ngige Produkt\u00fcberwachung<\/span><\/td>\n<td>&nbsp;<\/p>\n<p>&nbsp;<\/td>\n<td><span class=\" h4r\"><br \/>\n&#8211;<\/span><\/td>\n<\/tr>\n<tr>\n<td><span class=\" h4r\"><br \/>\nGarantie<\/span><\/td>\n<td><span class=\" h4r\"><br \/>\n10 Jahre<\/span><\/td>\n<td><span class=\" h4r\"><br \/>\n&#8211;<\/span><\/td>\n<\/tr>\n<tr>\n<td><span class=\" h4r\"><br \/>\nQualit\u00e4tsmanagementsystem<\/span><\/td>\n<td><span class=\" h4r\"><br \/>\nDIN EN ISO 9001-2015<\/span><\/td>\n<td><\/td>\n<\/tr>\n<\/tbody>\n<\/table>\n<p>&nbsp;<\/p>\n<h3>Physische Eigenschaften<\/h3>\n<table style=\"width: 95%;\" border=\"1\" cellspacing=\"1\" cellpadding=\"1\">\n<tbody>\n<tr>\n<td><span class=\" h4r\"><br \/>\nDichte<\/span><\/td>\n<td><span class=\" h4r\"><br \/>\n7,2 g\/cm3\u00a0\u00a0\u00a0\u00a0\u00a0\u00a0\u00a0\u00a0\u00a0\u00a0\u00a0\u00a0\u00a0\u00a0\u00a0\u00a0\u00a0\u00a0\u00a0\u00a0\u00a0\u00a0\u00a0\u00a0\u00a0\u00a0\u00a0\u00a0\u00a0\u00a0\u00a0\u00a0\u00a0\u00a0\u00a0\u00a0\u00a0\u00a0\u00a0\u00a0\u00a0\u00a0\u00a0\u00a0\u00a0\u00a0\u00a0\u00a0\u00a0\u00a0<\/span><\/td>\n<\/tr>\n<tr>\n<td><span class=\" h4r\"><br \/>\nSchmelzpunkt<\/span><\/td>\n<td><span class=\" h4r\"><br \/>\n420 \u00b0C<\/span><\/td>\n<\/tr>\n<tr>\n<td><span class=\" h4r\"><br \/>\nRekristallationstgrenze<\/span><\/td>\n<td><span class=\" h4r\"><br \/>\n&gt; 300 \u00b0C<\/span><\/td>\n<\/tr>\n<tr>\n<td><span class=\" h4r\"><br \/>\nAusdehnungskoeffizient<\/span><\/td>\n<td><span class=\" h4r\"><br \/>\n0,022 mm\/(mK)<\/span><\/td>\n<\/tr>\n<\/tbody>\n<\/table>\n<p>Die Kennzeichnung des Materials erfolgt in einer durchlaufenden Stempelung nach den Bestimmungen der DIN EN 988 mit der Herstellerangabe, der Produktbezeichnung in den Sprachen Deutsch, Niederl\u00e4ndisch, Englisch und Franz\u00f6sisch, der Norm EN 988, der Nenndicke, der Chargennummer, dem Herstellungsjahr und das Logo von KOMO (K7054).<\/p>\n<p>Das fremdzertifizierte Qualit\u00e4tsmanagementsystem nach DIN EN ISO 9001:2015 garantiert ein gleichbleibend hohes Qualit\u00e4tsniveau, das in entscheidenden Punkten deutlich \u00fcber die Anforderungen der DIN EN 988 hinausgeht.<\/p>\n<p>NedZink Titanzink zeichnet sich durch eine hohe Dauerstandfestigkeit und hervorragende Verformbarkeitseigenschaften aus und ist extrem witterungsbest\u00e4ndig, langlebig und wartungsfrei.<\/p>\n<h2>Qualit\u00e4t<\/h2>\n<h2>UNSER PRODUKT: ZINK<\/h2>\n<p>NedZink produziert Titanzink, eine Legierung auf Basis von Elektrolyt-Feinzink mit einem Reinheitsgrad von mindestens 99,995 % mit geringen Mengen an zulegiertem Kupfer, Titan und Aluminium. Die chemische Zusammensetzung, die mechanisch-technologischen Eigenschaften und die maximal zul\u00e4ssigen Abmessungstoleranzen sind in der EN 988 festgelegt.<\/p>\n<ul>\n<li>Titanzink nach DIN EN 988<\/li>\n<li>Reinheitsgrad Zn (Z1 nach DIN EN 1179)<\/li>\n<\/ul>\n<p>Wir kennzeichnen unser Material in einer durchlaufenden und \u00fcber pr\u00fcfbaren Stempelung. Dies entspricht den Bestimmungen der DIN EN 988: Herstellerangabe, Produktbezeichnung in den Sprachen Deutsch, Englisch, Franz\u00f6sisch und Niederl\u00e4ndisch, der Norm EN 988, Nenndicke, Chargennummer, Herstellungsjahr und das Logo von KOMO (K7054).<br \/>\nWir garantieren \u00fcber dem fremdzertifiziertem Qualit\u00e4tsmanagementsystem (DIN EN ISO 9001:2015) ein gleichbleibend hohes Qualit\u00e4tsniveau, das in entscheidenden Punkten deutlich \u00fcber die Anforderungen der DIN EN 988 hinausgeht.<\/p>\n<p>NedZink produziert ein Titanzink das auch den h\u00f6chsten Anforderungen gerecht wird: Hohe Dauerstand festigkeit und hervorragende Verformbarkeits eigenschaften. Extrem witterungsbest\u00e4ndig, dazu langlebig und wartungsfrei.<\/p>\n<table style=\"border-collapse: collapse;\" border=\"1\" cellspacing=\"0\" cellpadding=\"0\">\n<tbody>\n<tr style=\"height: 15pt;\">\n<th style=\"text-align: left; background-color: #008ace; color: #ffffff; font-weight: bold;\" colspan=\"3\" height=\"20\">Chemische Zusammensetzung<\/th>\n<\/tr>\n<tr style=\"height: 15pt;\">\n<td style=\"height: 15pt;\" height=\"20\">Produktanforderungen<\/td>\n<td>NedZink Titanzink<\/td>\n<td>Produktanforderungen nach DIN EN 988<\/td>\n<\/tr>\n<tr style=\"height: 15pt;\">\n<td style=\"height: 15pt;\" height=\"20\">Zink<\/td>\n<td>Zn 99,995 %<\/td>\n<td>Zn 99,995 %<\/td>\n<\/tr>\n<tr style=\"height: 15pt;\">\n<td style=\"height: 15pt;\" height=\"20\">Kupfer<\/td>\n<td>Cu 0,08 &#8211; 0,17 %<\/td>\n<td>Cu 0,08 &#8211; 1,0 %<\/td>\n<\/tr>\n<tr style=\"height: 15pt;\">\n<td style=\"height: 15pt;\" height=\"20\">Titan<\/td>\n<td>Ti 0,07 &#8211; 0,12 %<\/td>\n<td>Ti 0,06 &#8211; 0,2 %<\/td>\n<\/tr>\n<tr style=\"height: 15pt;\">\n<td style=\"height: 15pt;\" height=\"20\">Aluminium<\/td>\n<td>Al \u2264 0,015 %<\/td>\n<td>Al \u2264 0,015 %<\/td>\n<\/tr>\n<tr style=\"height: 15pt;\">\n<th style=\"text-align: left; background-color: #008ace; color: #ffffff; font-weight: bold;\" colspan=\"3\" height=\"20\">Abmessungstoleranzen bei Standardprodukten<\/th>\n<\/tr>\n<tr style=\"height: 15pt;\">\n<td style=\"height: 15pt;\" height=\"20\">Produktanforderungen<\/td>\n<td>NedZink Titanzink<\/td>\n<td>Produktanforderungen nach DIN EN 988<\/td>\n<\/tr>\n<tr style=\"height: 15pt;\">\n<td style=\"height: 15pt;\" height=\"20\">Blech- und Banddicke<\/td>\n<td>\u00b1 0,025 mm<\/td>\n<td>\u00b1 0,03 mm<\/td>\n<\/tr>\n<tr style=\"height: 15pt;\">\n<td style=\"height: 15pt;\" height=\"20\">Blech- und Bandbreite<\/td>\n<td>+ 2\/-0 mm<\/td>\n<td>+ 2\/-0 mm<\/td>\n<\/tr>\n<tr style=\"height: 15pt;\">\n<td style=\"height: 15pt;\" height=\"20\">Blechl\u00e4nge<\/td>\n<td>+ 2\/-0 mm<\/td>\n<td>+ 10\/-0 mm<\/td>\n<\/tr>\n<tr style=\"height: 15pt;\">\n<td class=\"style4\" height=\"20\">Mechanisch-technologische Eigenschaften<\/td>\n<td class=\"style5\"><\/td>\n<td class=\"style5\"><\/td>\n<\/tr>\n<tr style=\"height: 15pt;\">\n<td style=\"height: 15pt;\" height=\"20\">Produktanforderungen<\/td>\n<td>NedZink Titanzink<\/td>\n<td>Produktanforderungen nach DIN EN 988<\/td>\n<\/tr>\n<tr style=\"height: 15pt;\">\n<td style=\"height: 15pt;\" height=\"20\">0,2% &#8211; Dehngrenze<\/td>\n<td>min. 110 N\/mm2<\/td>\n<td>min. 100 N\/mm2<\/td>\n<\/tr>\n<tr style=\"height: 15pt;\">\n<td style=\"height: 15pt;\" height=\"20\">Zugfestigkeit (Rm)<\/td>\n<td>min. 150 N\/mm2<\/td>\n<td>min. 150 N\/mm2<\/td>\n<\/tr>\n<tr style=\"height: 15pt;\">\n<td style=\"height: 15pt;\" height=\"20\">Bruchdehnung (A50)<\/td>\n<td>min. 40 %<\/td>\n<td>min. 35 %<\/td>\n<\/tr>\n<tr style=\"height: 15pt;\">\n<td style=\"height: 15pt;\" height=\"20\">Vickersh\u00e4rte (HV 3)<\/td>\n<td>min. 40<\/td>\n<td>&#8211;<\/td>\n<\/tr>\n<tr style=\"height: 15pt;\">\n<td style=\"height: 15pt;\" height=\"20\">Faltversuch<\/td>\n<td>1. Keine Risse auf der Biegekante<\/td>\n<td><\/td>\n<\/tr>\n<tr style=\"height: 15pt;\">\n<td style=\"height: 15pt;\" height=\"20\">2. Kein Aufbiegebruch<\/td>\n<td><\/td>\n<td><\/td>\n<\/tr>\n<tr style=\"height: 15pt;\">\n<td style=\"height: 15pt;\" height=\"20\">3. Relative Zugfestigkeit D \u2265 0,7 x urspr\u00fcngliche Zugfestigkeit<\/td>\n<td>Keine Risse auf der Biegekante<\/td>\n<td><\/td>\n<\/tr>\n<tr style=\"height: 15pt;\">\n<td style=\"height: 15pt;\" height=\"20\">Bleibende Dehnung im Zeitstandversuch<\/td>\n<td>max. 0,1 %<\/td>\n<td>max. 0,1 %<\/td>\n<\/tr>\n<tr style=\"height: 15pt;\">\n<td style=\"height: 15pt;\" height=\"20\">S\u00e4belf\u00f6rmigkeit<\/td>\n<td>max. 1,5 mm\/m<\/td>\n<td>max. 1,5 mm\/m<\/td>\n<\/tr>\n<tr style=\"height: 15pt;\">\n<td style=\"height: 15pt;\" height=\"20\">Planheit (Wellenh\u00f6he)<\/td>\n<td>max. 2 mm<\/td>\n<td>max. 2 mm<\/td>\n<\/tr>\n<tr style=\"height: 15pt;\">\n<td style=\"height: 15pt;\" height=\"20\">unabh\u00e4ngige Produkt\u00fcberwachung<\/td>\n<td><\/td>\n<td>&#8211;<\/td>\n<\/tr>\n<tr style=\"height: 15pt;\">\n<td style=\"height: 15pt;\" height=\"20\">Garantie<\/td>\n<td>10 Jahre<\/td>\n<td>&#8211;<\/td>\n<\/tr>\n<tr style=\"height: 15pt;\">\n<td style=\"height: 15pt;\" height=\"20\">Qualit\u00e4tsmanagementsystem: DIN EN ISO 9001:2015<\/td>\n<td><\/td>\n<td><\/td>\n<\/tr>\n<tr style=\"height: 15pt;\">\n<th style=\"text-align: left; background-color: #008ace; color: #ffffff; font-weight: bold;\" colspan=\"3\" height=\"20\">Physikalische Eigenschaften<\/th>\n<\/tr>\n<tr style=\"height: 15pt;\">\n<td style=\"height: 15pt;\" height=\"20\">Dichte<\/td>\n<td>7,2 g\/cm3<\/td>\n<td><\/td>\n<\/tr>\n<tr style=\"height: 15pt;\">\n<td style=\"height: 15pt;\" height=\"20\">Schmelzpunkt<\/td>\n<td>420 \u00b0C<\/td>\n<td><\/td>\n<\/tr>\n<tr style=\"height: 15pt;\">\n<td style=\"height: 15pt;\" height=\"20\">Rekristallisationsgrenze<\/td>\n<td>&gt; 300 \u00b0C<\/td>\n<td><\/td>\n<\/tr>\n<tr style=\"height: 15pt;\">\n<td style=\"height: 15pt;\" height=\"20\">Ausdehnungskoeffizient<\/td>\n<td>0,022 mm\/(mK)<\/td>\n<td><\/td>\n<\/tr>\n<\/tbody>\n<\/table>\n<p>&nbsp;<\/p>\n<h2>Hinweise<\/h2>\n<p><b>Transport und Lagerung:<\/b> Unsere NedZink Produkte sind trocken und bel\u00fcftet zu lagern und zu transportieren.<\/p>\n<p><b>Materialkennzeichnung: <\/b>Alle Produkte werden mit einer durchlaufenden Stempelung nach den Bestimmungen der DIN EN 988 auf der R\u00fcckseite der Produkte versehen.<\/p>\n<p>NedZink NOVA und NedZink NOIR werden mit der Sichtseite nach au\u00dfen montiert, erkennbar u.a. an der r\u00fcckseitig angebrachten Stempelung. Die jeweilige Montagerichtung, durch einen Pfeil auf der R\u00fcckseite gekennzeichnet, ist grunds\u00e4tzlich zu ber\u00fccksichtigen.<\/p>\n<p>Entnehmen Sie weitere Informationen \u00fcber unser Lieferprogramm und unsere hochwertige Verarbeitung unseren Internetseiten: www.nedzink.de und www.nedzink.com.[\/vc_column_text][\/vc_column][\/vc_row]\n","protected":false},"excerpt":{"rendered":"<p>[vc_row][vc_column][vc_column_text css=&#8220;.vc_custom_1706881055061{margin-bottom: 0px !important;}&#8220;] Chemische Zusammensetzung Produktanforderungen NedZink Titanzink Produktanforderungen nach DIN EN 988 Zink Zn 99,995% Zn 99,995% Kupfer Cu 0,08 &#8211; 0,17% Cu 0,08 &#8211; 1,0% Titan Ti 0,07 &#8211; 0,12% Ti 0,06 &#8211; 0,2% Aluminium Al &lt; 0,015% Al &lt; 0,015% Abmessungstoleranzen bei Standardprodukten Produktanforderungen NedZink Titanzink Produktanforderungen nach DIN EN 988 [&hellip;]<\/p>\n","protected":false},"author":4,"featured_media":0,"parent":24867,"menu_order":440,"comment_status":"closed","ping_status":"closed","template":"template-import.php","meta":{"_acf_changed":false,"footnotes":""},"class_list":["post-119437","page","type-page","status-publish","hentry"],"acf":[],"yoast_head":"<!-- This site is optimized with the Yoast SEO plugin v26.8 - https:\/\/yoast.com\/product\/yoast-seo-wordpress\/ -->\n<title>NedZink Titanzink \u2013 NedZink<\/title>\n<meta name=\"robots\" content=\"index, follow, max-snippet:-1, max-image-preview:large, max-video-preview:-1\" \/>\n<link rel=\"canonical\" href=\"https:\/\/www.nedzink.com\/de\/produkteigenschaften-titanzink\/technische-daten\/nedzink-titanzink\/\" \/>\n<meta property=\"og:locale\" content=\"de_DE\" \/>\n<meta property=\"og:type\" content=\"article\" \/>\n<meta property=\"og:title\" content=\"NedZink Titanzink \u2013 NedZink\" \/>\n<meta property=\"og:description\" content=\"[vc_row][vc_column][vc_column_text css=&#8220;.vc_custom_1706881055061{margin-bottom: 0px !important;}&#8220;] Chemische Zusammensetzung Produktanforderungen NedZink Titanzink Produktanforderungen nach DIN EN 988 Zink Zn 99,995% Zn 99,995% Kupfer Cu 0,08 &#8211; 0,17% Cu 0,08 &#8211; 1,0% Titan Ti 0,07 &#8211; 0,12% Ti 0,06 &#8211; 0,2% Aluminium Al &lt; 0,015% Al &lt; 0,015% Abmessungstoleranzen bei Standardprodukten Produktanforderungen NedZink Titanzink Produktanforderungen nach DIN EN 988 [&hellip;]\" \/>\n<meta property=\"og:url\" content=\"https:\/\/www.nedzink.com\/de\/produkteigenschaften-titanzink\/technische-daten\/nedzink-titanzink\/\" \/>\n<meta property=\"og:site_name\" content=\"NedZink\" \/>\n<meta property=\"article:modified_time\" content=\"2024-02-02T13:37:44+00:00\" \/>\n<meta name=\"twitter:card\" content=\"summary_large_image\" \/>\n<meta name=\"twitter:label1\" content=\"Gesch\u00e4tzte Lesezeit\" \/>\n\t<meta name=\"twitter:data1\" content=\"4\u00a0Minuten\" \/>\n<script type=\"application\/ld+json\" class=\"yoast-schema-graph\">{\"@context\":\"https:\/\/schema.org\",\"@graph\":[{\"@type\":\"WebPage\",\"@id\":\"https:\/\/www.nedzink.com\/de\/produkteigenschaften-titanzink\/technische-daten\/nedzink-titanzink\/\",\"url\":\"https:\/\/www.nedzink.com\/de\/produkteigenschaften-titanzink\/technische-daten\/nedzink-titanzink\/\",\"name\":\"NedZink Titanzink \u2013 NedZink\",\"isPartOf\":{\"@id\":\"https:\/\/www.nedzink.com\/de\/#website\"},\"datePublished\":\"2022-07-18T09:23:17+00:00\",\"dateModified\":\"2024-02-02T13:37:44+00:00\",\"breadcrumb\":{\"@id\":\"https:\/\/www.nedzink.com\/de\/produkteigenschaften-titanzink\/technische-daten\/nedzink-titanzink\/#breadcrumb\"},\"inLanguage\":\"de\",\"potentialAction\":[{\"@type\":\"ReadAction\",\"target\":[\"https:\/\/www.nedzink.com\/de\/produkteigenschaften-titanzink\/technische-daten\/nedzink-titanzink\/\"]}]},{\"@type\":\"BreadcrumbList\",\"@id\":\"https:\/\/www.nedzink.com\/de\/produkteigenschaften-titanzink\/technische-daten\/nedzink-titanzink\/#breadcrumb\",\"itemListElement\":[{\"@type\":\"ListItem\",\"position\":1,\"name\":\"Home\",\"item\":\"https:\/\/www.nedzink.com\/de\/\"},{\"@type\":\"ListItem\",\"position\":2,\"name\":\"Produkteigenschaften Titanzink\",\"item\":\"https:\/\/www.nedzink.com\/de\/produkteigenschaften-titanzink\/\"},{\"@type\":\"ListItem\",\"position\":3,\"name\":\"Technische Daten\",\"item\":\"https:\/\/www.nedzink.com\/de\/produkteigenschaften-titanzink\/technische-daten\/\"},{\"@type\":\"ListItem\",\"position\":4,\"name\":\"NedZink Titanzink\"}]},{\"@type\":\"WebSite\",\"@id\":\"https:\/\/www.nedzink.com\/de\/#website\",\"url\":\"https:\/\/www.nedzink.com\/de\/\",\"name\":\"NedZink\",\"description\":\"Zink fabrikant\",\"publisher\":{\"@id\":\"https:\/\/www.nedzink.com\/de\/#organization\"},\"potentialAction\":[{\"@type\":\"SearchAction\",\"target\":{\"@type\":\"EntryPoint\",\"urlTemplate\":\"https:\/\/www.nedzink.com\/de\/?s={search_term_string}\"},\"query-input\":{\"@type\":\"PropertyValueSpecification\",\"valueRequired\":true,\"valueName\":\"search_term_string\"}}],\"inLanguage\":\"de\"},{\"@type\":\"Organization\",\"@id\":\"https:\/\/www.nedzink.com\/de\/#organization\",\"name\":\"NedZink\",\"url\":\"https:\/\/www.nedzink.com\/de\/\",\"logo\":{\"@type\":\"ImageObject\",\"inLanguage\":\"de\",\"@id\":\"https:\/\/www.nedzink.com\/de\/#\/schema\/logo\/image\/\",\"url\":\"https:\/\/www.nedzink.com\/wp-content\/uploads\/2019\/08\/logo-nedzink_fc_zk.jpg\",\"contentUrl\":\"https:\/\/www.nedzink.com\/wp-content\/uploads\/2019\/08\/logo-nedzink_fc_zk.jpg\",\"width\":2160,\"height\":688,\"caption\":\"NedZink\"},\"image\":{\"@id\":\"https:\/\/www.nedzink.com\/de\/#\/schema\/logo\/image\/\"}}]}<\/script>\n<!-- \/ Yoast SEO plugin. -->","yoast_head_json":{"title":"NedZink Titanzink \u2013 NedZink","robots":{"index":"index","follow":"follow","max-snippet":"max-snippet:-1","max-image-preview":"max-image-preview:large","max-video-preview":"max-video-preview:-1"},"canonical":"https:\/\/www.nedzink.com\/de\/produkteigenschaften-titanzink\/technische-daten\/nedzink-titanzink\/","og_locale":"de_DE","og_type":"article","og_title":"NedZink Titanzink \u2013 NedZink","og_description":"[vc_row][vc_column][vc_column_text css=&#8220;.vc_custom_1706881055061{margin-bottom: 0px !important;}&#8220;] Chemische Zusammensetzung Produktanforderungen NedZink Titanzink Produktanforderungen nach DIN EN 988 Zink Zn 99,995% Zn 99,995% Kupfer Cu 0,08 &#8211; 0,17% Cu 0,08 &#8211; 1,0% Titan Ti 0,07 &#8211; 0,12% Ti 0,06 &#8211; 0,2% Aluminium Al &lt; 0,015% Al &lt; 0,015% Abmessungstoleranzen bei Standardprodukten Produktanforderungen NedZink Titanzink Produktanforderungen nach DIN EN 988 [&hellip;]","og_url":"https:\/\/www.nedzink.com\/de\/produkteigenschaften-titanzink\/technische-daten\/nedzink-titanzink\/","og_site_name":"NedZink","article_modified_time":"2024-02-02T13:37:44+00:00","twitter_card":"summary_large_image","twitter_misc":{"Gesch\u00e4tzte Lesezeit":"4\u00a0Minuten"},"schema":{"@context":"https:\/\/schema.org","@graph":[{"@type":"WebPage","@id":"https:\/\/www.nedzink.com\/de\/produkteigenschaften-titanzink\/technische-daten\/nedzink-titanzink\/","url":"https:\/\/www.nedzink.com\/de\/produkteigenschaften-titanzink\/technische-daten\/nedzink-titanzink\/","name":"NedZink Titanzink \u2013 NedZink","isPartOf":{"@id":"https:\/\/www.nedzink.com\/de\/#website"},"datePublished":"2022-07-18T09:23:17+00:00","dateModified":"2024-02-02T13:37:44+00:00","breadcrumb":{"@id":"https:\/\/www.nedzink.com\/de\/produkteigenschaften-titanzink\/technische-daten\/nedzink-titanzink\/#breadcrumb"},"inLanguage":"de","potentialAction":[{"@type":"ReadAction","target":["https:\/\/www.nedzink.com\/de\/produkteigenschaften-titanzink\/technische-daten\/nedzink-titanzink\/"]}]},{"@type":"BreadcrumbList","@id":"https:\/\/www.nedzink.com\/de\/produkteigenschaften-titanzink\/technische-daten\/nedzink-titanzink\/#breadcrumb","itemListElement":[{"@type":"ListItem","position":1,"name":"Home","item":"https:\/\/www.nedzink.com\/de\/"},{"@type":"ListItem","position":2,"name":"Produkteigenschaften Titanzink","item":"https:\/\/www.nedzink.com\/de\/produkteigenschaften-titanzink\/"},{"@type":"ListItem","position":3,"name":"Technische Daten","item":"https:\/\/www.nedzink.com\/de\/produkteigenschaften-titanzink\/technische-daten\/"},{"@type":"ListItem","position":4,"name":"NedZink Titanzink"}]},{"@type":"WebSite","@id":"https:\/\/www.nedzink.com\/de\/#website","url":"https:\/\/www.nedzink.com\/de\/","name":"NedZink","description":"Zink fabrikant","publisher":{"@id":"https:\/\/www.nedzink.com\/de\/#organization"},"potentialAction":[{"@type":"SearchAction","target":{"@type":"EntryPoint","urlTemplate":"https:\/\/www.nedzink.com\/de\/?s={search_term_string}"},"query-input":{"@type":"PropertyValueSpecification","valueRequired":true,"valueName":"search_term_string"}}],"inLanguage":"de"},{"@type":"Organization","@id":"https:\/\/www.nedzink.com\/de\/#organization","name":"NedZink","url":"https:\/\/www.nedzink.com\/de\/","logo":{"@type":"ImageObject","inLanguage":"de","@id":"https:\/\/www.nedzink.com\/de\/#\/schema\/logo\/image\/","url":"https:\/\/www.nedzink.com\/wp-content\/uploads\/2019\/08\/logo-nedzink_fc_zk.jpg","contentUrl":"https:\/\/www.nedzink.com\/wp-content\/uploads\/2019\/08\/logo-nedzink_fc_zk.jpg","width":2160,"height":688,"caption":"NedZink"},"image":{"@id":"https:\/\/www.nedzink.com\/de\/#\/schema\/logo\/image\/"}}]}},"_links":{"self":[{"href":"https:\/\/www.nedzink.com\/de\/wp-json\/wp\/v2\/pages\/119437","targetHints":{"allow":["GET"]}}],"collection":[{"href":"https:\/\/www.nedzink.com\/de\/wp-json\/wp\/v2\/pages"}],"about":[{"href":"https:\/\/www.nedzink.com\/de\/wp-json\/wp\/v2\/types\/page"}],"author":[{"embeddable":true,"href":"https:\/\/www.nedzink.com\/de\/wp-json\/wp\/v2\/users\/4"}],"replies":[{"embeddable":true,"href":"https:\/\/www.nedzink.com\/de\/wp-json\/wp\/v2\/comments?post=119437"}],"version-history":[{"count":13,"href":"https:\/\/www.nedzink.com\/de\/wp-json\/wp\/v2\/pages\/119437\/revisions"}],"predecessor-version":[{"id":129029,"href":"https:\/\/www.nedzink.com\/de\/wp-json\/wp\/v2\/pages\/119437\/revisions\/129029"}],"up":[{"embeddable":true,"href":"https:\/\/www.nedzink.com\/de\/wp-json\/wp\/v2\/pages\/24867"}],"wp:attachment":[{"href":"https:\/\/www.nedzink.com\/de\/wp-json\/wp\/v2\/media?parent=119437"}],"curies":[{"name":"wp","href":"https:\/\/api.w.org\/{rel}","templated":true}]}}