{"id":84071,"date":"2021-09-21T15:42:50","date_gmt":"2021-09-21T13:42:50","guid":{"rendered":"https:\/\/www.nedzink.com\/?page_id=84071"},"modified":"2022-05-03T12:00:25","modified_gmt":"2022-05-03T10:00:25","slug":"video","status":"publish","type":"page","link":"https:\/\/www.nedzink.com\/cs\/video\/","title":{"rendered":"Video"},"content":{"rendered":"[vc_row][vc_column][mk_padding_divider size=&#8220;80&#8243;][\/vc_column][\/vc_row][vc_row][vc_column][vc_row_inner attached=&#8220;true&#8220; is_fullwidth_content=&#8220;false&#8220; column_padding=&#8220;2&#8243; el_class=&#8220;rij-wit-schaduw&#8220;][vc_column_inner][vc_column_text css=&#8220;.vc_custom_1593774832050{margin-bottom: 0px !important;}&#8220;]\n<h1>Video&#8217;s<\/h1>\n[\/vc_column_text][\/vc_column_inner][vc_column_inner width=&#8220;1\/4&#8243; offset=&#8220;vc_col-xs-12&#8243;][vc_column_text css=&#8220;.vc_custom_1632231507791{margin-bottom: 15px !important;}&#8220;]\n<h3>Corporate Video<\/h3>\n[\/vc_column_text][vc_video link=&#8220;https:\/\/youtu.be\/lPmVoS18Wog&#8220;][\/vc_column_inner][vc_column_inner width=&#8220;1\/4&#8243;][vc_column_text css=&#8220;.vc_custom_1632231507791{margin-bottom: 15px !important;}&#8220;]\n<h3>Corporate Video<\/h3>\n[\/vc_column_text][vc_video link=&#8220;https:\/\/youtu.be\/qneM8Wi1q84&#8243;][\/vc_column_inner][vc_column_inner width=&#8220;1\/4&#8243;][vc_column_text css=&#8220;.vc_custom_1593775254852{margin-bottom: 15px !important;}&#8220;]\n<h3>NedZink Side by Side<\/h3>\n[\/vc_column_text][vc_single_image image=&#8220;56898&#8243; img_size=&#8220;full&#8220; onclick=&#8220;custom_link&#8220; img_link_target=&#8220;_blank&#8220; el_class=&#8220;downloadspagina&#8220; link=&#8220;https:\/\/youtu.be\/hX3ZrbenEjo&#8220;][\/vc_column_inner][vc_column_inner width=&#8220;1\/4&#8243;][vc_column_text css=&#8220;.vc_custom_1594028869687{margin-bottom: 15px !important;}&#8220;]\n<h3>NedZink Projects<\/h3>\n[\/vc_column_text][vc_single_image image=&#8220;56974&#8243; img_size=&#8220;&#8220; onclick=&#8220;custom_link&#8220; img_link_target=&#8220;_blank&#8220; el_class=&#8220;downloadspagina&#8220; link=&#8220;https:\/\/youtu.be\/wjjisTq8HFI&#8220;][\/vc_column_inner][\/vc_row_inner][mk_padding_divider size=&#8220;50&#8243;][vc_row_inner attached=&#8220;true&#8220; is_fullwidth_content=&#8220;false&#8220; column_padding=&#8220;2&#8243; el_class=&#8220;rij-wit-schaduw&#8220;][vc_column_inner width=&#8220;1\/4&#8243; offset=&#8220;vc_col-xs-12&#8243;][vc_column_text css=&#8220;.vc_custom_1593776066716{margin-bottom: 15px !important;}&#8220;]\n<h3>Station Square, South-Africa<\/h3>\n[\/vc_column_text][vc_single_image image=&#8220;56928&#8243; img_size=&#8220;full&#8220; onclick=&#8220;custom_link&#8220; img_link_target=&#8220;_blank&#8220; el_class=&#8220;downloadspagina&#8220; link=&#8220;https:\/\/youtu.be\/j473b6pPxCw&#8220;][\/vc_column_inner][vc_column_inner width=&#8220;1\/4&#8243;][vc_column_text css=&#8220;.vc_custom_1594018658612{margin-bottom: 15px !important;}&#8220;]\n<h3>Accuseamer after adjustment by Metal Solution<\/h3>\n[\/vc_column_text][vc_single_image image=&#8220;56908&#8243; img_size=&#8220;&#8220; onclick=&#8220;custom_link&#8220; img_link_target=&#8220;_blank&#8220; el_class=&#8220;downloadspagina&#8220; link=&#8220;https:\/\/youtu.be\/wpua3vLD6Vc&#8220;][\/vc_column_inner][vc_column_inner width=&#8220;1\/4&#8243;][vc_column_text css=&#8220;.vc_custom_1594018709783{margin-bottom: 15px !important;}&#8220;]\n<h3>Profiling long sheet by Metal Solution<\/h3>\n[\/vc_column_text][vc_single_image image=&#8220;56918&#8243; img_size=&#8220;&#8220; onclick=&#8220;custom_link&#8220; img_link_target=&#8220;_blank&#8220; el_class=&#8220;downloadspagina&#8220; link=&#8220;https:\/\/youtu.be\/HdzCoc3l52A&#8220;][\/vc_column_inner][vc_column_inner width=&#8220;1\/4&#8243;][vc_column_text css=&#8220;.vc_custom_1595838684361{margin-bottom: 15px !important;}&#8220;]\n<h3>NedZink NEO in Richmond, UK by Metal Solution<\/h3>\n[\/vc_column_text][vc_single_image image=&#8220;56958&#8243; img_size=&#8220;&#8220; onclick=&#8220;custom_link&#8220; img_link_target=&#8220;_blank&#8220; el_class=&#8220;downloadspagina&#8220; link=&#8220;https:\/\/youtu.be\/9N_mDwQETpk&#8220;][vc_single_image image=&#8220;57282&#8243; img_size=&#8220;&#8220; onclick=&#8220;custom_link&#8220; img_link_target=&#8220;_blank&#8220; el_class=&#8220;downloadspagina&#8220; link=&#8220;https:\/\/youtu.be\/6j9SK2XZoLo&#8220;][\/vc_column_inner][\/vc_row_inner][mk_padding_divider size=&#8220;50&#8243;][vc_row_inner attached=&#8220;true&#8220; is_fullwidth_content=&#8220;false&#8220; column_padding=&#8220;2&#8243; el_class=&#8220;rij-wit-schaduw&#8220;][vc_column_inner width=&#8220;1\/4&#8243; offset=&#8220;vc_col-xs-12&#8243;][vc_column_text css=&#8220;.vc_custom_1594019508148{margin-bottom: 15px !important;}&#8220;]\n<h3>British Museum by MultiRoofing<\/h3>\n[\/vc_column_text][vc_single_image image=&#8220;56958&#8243; img_size=&#8220;&#8220; onclick=&#8220;custom_link&#8220; img_link_target=&#8220;_blank&#8220; el_class=&#8220;downloadspagina&#8220; link=&#8220;https:\/\/youtu.be\/9N_mDwQETpk&#8220;][\/vc_column_inner][vc_column_inner width=&#8220;1\/4&#8243;][\/vc_column_inner][vc_column_inner width=&#8220;1\/4&#8243;][\/vc_column_inner][vc_column_inner width=&#8220;1\/4&#8243;][\/vc_column_inner][\/vc_row_inner][\/vc_column][\/vc_row]\n","protected":false},"excerpt":{"rendered":"<p>[vc_row][vc_column][mk_padding_divider size=&#8220;80&#8243;][\/vc_column][\/vc_row][vc_row][vc_column][vc_row_inner attached=&#8220;true&#8220; is_fullwidth_content=&#8220;false&#8220; column_padding=&#8220;2&#8243; el_class=&#8220;rij-wit-schaduw&#8220;][vc_column_inner][vc_column_text css=&#8220;.vc_custom_1593774832050{margin-bottom: 0px !important;}&#8220;] Video&#8217;s [\/vc_column_text][\/vc_column_inner][vc_column_inner width=&#8220;1\/4&#8243; offset=&#8220;vc_col-xs-12&#8243;][vc_column_text css=&#8220;.vc_custom_1632231507791{margin-bottom: 15px !important;}&#8220;] Corporate Video [\/vc_column_text][vc_video link=&#8220;https:\/\/youtu.be\/lPmVoS18Wog&#8220;][\/vc_column_inner][vc_column_inner width=&#8220;1\/4&#8243;][vc_column_text css=&#8220;.vc_custom_1632231507791{margin-bottom: 15px !important;}&#8220;] Corporate Video [\/vc_column_text][vc_video link=&#8220;https:\/\/youtu.be\/qneM8Wi1q84&#8243;][\/vc_column_inner][vc_column_inner width=&#8220;1\/4&#8243;][vc_column_text css=&#8220;.vc_custom_1593775254852{margin-bottom: 15px !important;}&#8220;] NedZink Side by Side [\/vc_column_text][vc_single_image image=&#8220;56898&#8243; img_size=&#8220;full&#8220; onclick=&#8220;custom_link&#8220; img_link_target=&#8220;_blank&#8220; el_class=&#8220;downloadspagina&#8220; link=&#8220;https:\/\/youtu.be\/hX3ZrbenEjo&#8220;][\/vc_column_inner][vc_column_inner width=&#8220;1\/4&#8243;][vc_column_text css=&#8220;.vc_custom_1594028869687{margin-bottom: 15px !important;}&#8220;] NedZink Projects [\/vc_column_text][vc_single_image image=&#8220;56974&#8243; img_size=&#8220;&#8220; onclick=&#8220;custom_link&#8220; img_link_target=&#8220;_blank&#8220; el_class=&#8220;downloadspagina&#8220; [&hellip;]<\/p>\n","protected":false},"author":4,"featured_media":0,"parent":0,"menu_order":0,"comment_status":"closed","ping_status":"closed","template":"","meta":{"_acf_changed":false,"footnotes":""},"class_list":["post-84071","page","type-page","status-publish","hentry"],"acf":[],"yoast_head":"<!-- This site is optimized with the Yoast SEO plugin v26.8 - https:\/\/yoast.com\/product\/yoast-seo-wordpress\/ -->\n<title>Video &#8211; NedZink<\/title>\n<meta name=\"robots\" content=\"index, follow, max-snippet:-1, max-image-preview:large, max-video-preview:-1\" \/>\n<link rel=\"canonical\" href=\"https:\/\/www.nedzink.com\/cs\/video\/\" \/>\n<meta property=\"og:locale\" content=\"cs_CZ\" \/>\n<meta property=\"og:type\" content=\"article\" \/>\n<meta property=\"og:title\" content=\"Video &#8211; NedZink\" \/>\n<meta property=\"og:description\" content=\"[vc_row][vc_column][mk_padding_divider size=&#8220;80&#8243;][\/vc_column][\/vc_row][vc_row][vc_column][vc_row_inner attached=&#8220;true&#8220; is_fullwidth_content=&#8220;false&#8220; column_padding=&#8220;2&#8243; el_class=&#8220;rij-wit-schaduw&#8220;][vc_column_inner][vc_column_text css=&#8220;.vc_custom_1593774832050{margin-bottom: 0px !important;}&#8220;] Video&#8217;s [\/vc_column_text][\/vc_column_inner][vc_column_inner width=&#8220;1\/4&#8243; offset=&#8220;vc_col-xs-12&#8243;][vc_column_text css=&#8220;.vc_custom_1632231507791{margin-bottom: 15px !important;}&#8220;] Corporate Video [\/vc_column_text][vc_video link=&#8220;https:\/\/youtu.be\/lPmVoS18Wog&#8220;][\/vc_column_inner][vc_column_inner width=&#8220;1\/4&#8243;][vc_column_text css=&#8220;.vc_custom_1632231507791{margin-bottom: 15px !important;}&#8220;] Corporate Video [\/vc_column_text][vc_video link=&#8220;https:\/\/youtu.be\/qneM8Wi1q84&#8243;][\/vc_column_inner][vc_column_inner width=&#8220;1\/4&#8243;][vc_column_text css=&#8220;.vc_custom_1593775254852{margin-bottom: 15px !important;}&#8220;] NedZink Side by Side [\/vc_column_text][vc_single_image image=&#8220;56898&#8243; img_size=&#8220;full&#8220; onclick=&#8220;custom_link&#8220; img_link_target=&#8220;_blank&#8220; el_class=&#8220;downloadspagina&#8220; link=&#8220;https:\/\/youtu.be\/hX3ZrbenEjo&#8220;][\/vc_column_inner][vc_column_inner width=&#8220;1\/4&#8243;][vc_column_text css=&#8220;.vc_custom_1594028869687{margin-bottom: 15px !important;}&#8220;] NedZink Projects [\/vc_column_text][vc_single_image image=&#8220;56974&#8243; img_size=&#8220;&#8220; onclick=&#8220;custom_link&#8220; img_link_target=&#8220;_blank&#8220; el_class=&#8220;downloadspagina&#8220; [&hellip;]\" \/>\n<meta property=\"og:url\" content=\"https:\/\/www.nedzink.com\/cs\/video\/\" \/>\n<meta property=\"og:site_name\" content=\"NedZink\" \/>\n<meta property=\"article:modified_time\" content=\"2022-05-03T10:00:25+00:00\" \/>\n<meta name=\"twitter:card\" content=\"summary_large_image\" \/>\n<meta name=\"twitter:label1\" content=\"Odhadovan\u00e1 doba \u010dten\u00ed\" \/>\n\t<meta name=\"twitter:data1\" content=\"1 minuta\" \/>\n<script type=\"application\/ld+json\" class=\"yoast-schema-graph\">{\"@context\":\"https:\/\/schema.org\",\"@graph\":[{\"@type\":\"WebPage\",\"@id\":\"https:\/\/www.nedzink.com\/cs\/video\/\",\"url\":\"https:\/\/www.nedzink.com\/cs\/video\/\",\"name\":\"Video &#8211; NedZink\",\"isPartOf\":{\"@id\":\"https:\/\/www.nedzink.com\/cs\/#website\"},\"datePublished\":\"2021-09-21T13:42:50+00:00\",\"dateModified\":\"2022-05-03T10:00:25+00:00\",\"breadcrumb\":{\"@id\":\"https:\/\/www.nedzink.com\/cs\/video\/#breadcrumb\"},\"inLanguage\":\"cs\",\"potentialAction\":[{\"@type\":\"ReadAction\",\"target\":[\"https:\/\/www.nedzink.com\/cs\/video\/\"]}]},{\"@type\":\"BreadcrumbList\",\"@id\":\"https:\/\/www.nedzink.com\/cs\/video\/#breadcrumb\",\"itemListElement\":[{\"@type\":\"ListItem\",\"position\":1,\"name\":\"Home\",\"item\":\"https:\/\/www.nedzink.com\/cs\/\"},{\"@type\":\"ListItem\",\"position\":2,\"name\":\"Video\"}]},{\"@type\":\"WebSite\",\"@id\":\"https:\/\/www.nedzink.com\/cs\/#website\",\"url\":\"https:\/\/www.nedzink.com\/cs\/\",\"name\":\"NedZink\",\"description\":\"Zink fabrikant\",\"publisher\":{\"@id\":\"https:\/\/www.nedzink.com\/cs\/#organization\"},\"potentialAction\":[{\"@type\":\"SearchAction\",\"target\":{\"@type\":\"EntryPoint\",\"urlTemplate\":\"https:\/\/www.nedzink.com\/cs\/?s={search_term_string}\"},\"query-input\":{\"@type\":\"PropertyValueSpecification\",\"valueRequired\":true,\"valueName\":\"search_term_string\"}}],\"inLanguage\":\"cs\"},{\"@type\":\"Organization\",\"@id\":\"https:\/\/www.nedzink.com\/cs\/#organization\",\"name\":\"NedZink\",\"url\":\"https:\/\/www.nedzink.com\/cs\/\",\"logo\":{\"@type\":\"ImageObject\",\"inLanguage\":\"cs\",\"@id\":\"https:\/\/www.nedzink.com\/cs\/#\/schema\/logo\/image\/\",\"url\":\"https:\/\/www.nedzink.com\/wp-content\/uploads\/2019\/08\/logo-nedzink_fc_zk.jpg\",\"contentUrl\":\"https:\/\/www.nedzink.com\/wp-content\/uploads\/2019\/08\/logo-nedzink_fc_zk.jpg\",\"width\":2160,\"height\":688,\"caption\":\"NedZink\"},\"image\":{\"@id\":\"https:\/\/www.nedzink.com\/cs\/#\/schema\/logo\/image\/\"}}]}<\/script>\n<!-- \/ Yoast SEO plugin. -->","yoast_head_json":{"title":"Video &#8211; NedZink","robots":{"index":"index","follow":"follow","max-snippet":"max-snippet:-1","max-image-preview":"max-image-preview:large","max-video-preview":"max-video-preview:-1"},"canonical":"https:\/\/www.nedzink.com\/cs\/video\/","og_locale":"cs_CZ","og_type":"article","og_title":"Video &#8211; NedZink","og_description":"[vc_row][vc_column][mk_padding_divider size=&#8220;80&#8243;][\/vc_column][\/vc_row][vc_row][vc_column][vc_row_inner attached=&#8220;true&#8220; is_fullwidth_content=&#8220;false&#8220; column_padding=&#8220;2&#8243; el_class=&#8220;rij-wit-schaduw&#8220;][vc_column_inner][vc_column_text css=&#8220;.vc_custom_1593774832050{margin-bottom: 0px !important;}&#8220;] Video&#8217;s [\/vc_column_text][\/vc_column_inner][vc_column_inner width=&#8220;1\/4&#8243; offset=&#8220;vc_col-xs-12&#8243;][vc_column_text css=&#8220;.vc_custom_1632231507791{margin-bottom: 15px !important;}&#8220;] Corporate Video [\/vc_column_text][vc_video link=&#8220;https:\/\/youtu.be\/lPmVoS18Wog&#8220;][\/vc_column_inner][vc_column_inner width=&#8220;1\/4&#8243;][vc_column_text css=&#8220;.vc_custom_1632231507791{margin-bottom: 15px !important;}&#8220;] Corporate Video [\/vc_column_text][vc_video link=&#8220;https:\/\/youtu.be\/qneM8Wi1q84&#8243;][\/vc_column_inner][vc_column_inner width=&#8220;1\/4&#8243;][vc_column_text css=&#8220;.vc_custom_1593775254852{margin-bottom: 15px !important;}&#8220;] NedZink Side by Side [\/vc_column_text][vc_single_image image=&#8220;56898&#8243; img_size=&#8220;full&#8220; onclick=&#8220;custom_link&#8220; img_link_target=&#8220;_blank&#8220; el_class=&#8220;downloadspagina&#8220; link=&#8220;https:\/\/youtu.be\/hX3ZrbenEjo&#8220;][\/vc_column_inner][vc_column_inner width=&#8220;1\/4&#8243;][vc_column_text css=&#8220;.vc_custom_1594028869687{margin-bottom: 15px !important;}&#8220;] NedZink Projects [\/vc_column_text][vc_single_image image=&#8220;56974&#8243; img_size=&#8220;&#8220; onclick=&#8220;custom_link&#8220; img_link_target=&#8220;_blank&#8220; el_class=&#8220;downloadspagina&#8220; [&hellip;]","og_url":"https:\/\/www.nedzink.com\/cs\/video\/","og_site_name":"NedZink","article_modified_time":"2022-05-03T10:00:25+00:00","twitter_card":"summary_large_image","twitter_misc":{"Odhadovan\u00e1 doba \u010dten\u00ed":"1 minuta"},"schema":{"@context":"https:\/\/schema.org","@graph":[{"@type":"WebPage","@id":"https:\/\/www.nedzink.com\/cs\/video\/","url":"https:\/\/www.nedzink.com\/cs\/video\/","name":"Video &#8211; NedZink","isPartOf":{"@id":"https:\/\/www.nedzink.com\/cs\/#website"},"datePublished":"2021-09-21T13:42:50+00:00","dateModified":"2022-05-03T10:00:25+00:00","breadcrumb":{"@id":"https:\/\/www.nedzink.com\/cs\/video\/#breadcrumb"},"inLanguage":"cs","potentialAction":[{"@type":"ReadAction","target":["https:\/\/www.nedzink.com\/cs\/video\/"]}]},{"@type":"BreadcrumbList","@id":"https:\/\/www.nedzink.com\/cs\/video\/#breadcrumb","itemListElement":[{"@type":"ListItem","position":1,"name":"Home","item":"https:\/\/www.nedzink.com\/cs\/"},{"@type":"ListItem","position":2,"name":"Video"}]},{"@type":"WebSite","@id":"https:\/\/www.nedzink.com\/cs\/#website","url":"https:\/\/www.nedzink.com\/cs\/","name":"NedZink","description":"Zink fabrikant","publisher":{"@id":"https:\/\/www.nedzink.com\/cs\/#organization"},"potentialAction":[{"@type":"SearchAction","target":{"@type":"EntryPoint","urlTemplate":"https:\/\/www.nedzink.com\/cs\/?s={search_term_string}"},"query-input":{"@type":"PropertyValueSpecification","valueRequired":true,"valueName":"search_term_string"}}],"inLanguage":"cs"},{"@type":"Organization","@id":"https:\/\/www.nedzink.com\/cs\/#organization","name":"NedZink","url":"https:\/\/www.nedzink.com\/cs\/","logo":{"@type":"ImageObject","inLanguage":"cs","@id":"https:\/\/www.nedzink.com\/cs\/#\/schema\/logo\/image\/","url":"https:\/\/www.nedzink.com\/wp-content\/uploads\/2019\/08\/logo-nedzink_fc_zk.jpg","contentUrl":"https:\/\/www.nedzink.com\/wp-content\/uploads\/2019\/08\/logo-nedzink_fc_zk.jpg","width":2160,"height":688,"caption":"NedZink"},"image":{"@id":"https:\/\/www.nedzink.com\/cs\/#\/schema\/logo\/image\/"}}]}},"_links":{"self":[{"href":"https:\/\/www.nedzink.com\/cs\/wp-json\/wp\/v2\/pages\/84071","targetHints":{"allow":["GET"]}}],"collection":[{"href":"https:\/\/www.nedzink.com\/cs\/wp-json\/wp\/v2\/pages"}],"about":[{"href":"https:\/\/www.nedzink.com\/cs\/wp-json\/wp\/v2\/types\/page"}],"author":[{"embeddable":true,"href":"https:\/\/www.nedzink.com\/cs\/wp-json\/wp\/v2\/users\/4"}],"replies":[{"embeddable":true,"href":"https:\/\/www.nedzink.com\/cs\/wp-json\/wp\/v2\/comments?post=84071"}],"version-history":[{"count":0,"href":"https:\/\/www.nedzink.com\/cs\/wp-json\/wp\/v2\/pages\/84071\/revisions"}],"wp:attachment":[{"href":"https:\/\/www.nedzink.com\/cs\/wp-json\/wp\/v2\/media?parent=84071"}],"curies":[{"name":"wp","href":"https:\/\/api.w.org\/{rel}","templated":true}]}}