{"id":49412,"date":"2019-09-04T15:07:47","date_gmt":"2019-09-04T13:07:47","guid":{"rendered":"http:\/\/136.144.181.85\/~nedzink\/?page_id=49412"},"modified":"2020-02-27T12:32:00","modified_gmt":"2020-02-27T11:32:00","slug":"zivotni-prostredi-a-udrzitelnost","status":"publish","type":"page","link":"https:\/\/www.nedzink.com\/cs\/zivotni-prostredi-a-udrzitelnost\/","title":{"rendered":"\u017divotn\u00ed prost\u0159ed\u00ed a udr\u017eitelnost"},"content":{"rendered":"[vc_row][vc_column][mk_padding_divider][\/vc_column][\/vc_row][vc_row el_class=&#8220;home-waarom-nedzink rij-wit-schaduw&#8220;][vc_column][mk_padding_divider size=&#8220;20&#8243;][vc_column_text css=&#8220;.vc_custom_1582803022539{margin-bottom: 0px !important;}&#8220;]\n<h1>\u017divotn\u00ed prost\u0159ed\u00ed a udr\u017eitelnost<\/h1>\n[\/vc_column_text][mk_padding_divider size=&#8220;20&#8243;][vc_row_inner][vc_column_inner width=&#8220;1\/2&#8243;][vc_column_text css=&#8220;.vc_custom_1582803075180{margin-bottom: 0px !important;}&#8220;]\n<h5>Prost\u0159ed\u00ed<\/h5>\n<p>Zinek je jedn\u00edm z nejspolehliv\u011bj\u0161\u00edch kov\u016f, kter\u00fd byl po stalet\u00ed pou\u017e\u00edv\u00e1n v (re) stavb\u011b. Pat\u0159\u00ed sem \u017elaby zinku, odvod\u0148ovac\u00ed potrub\u00ed de\u0161\u0165ov\u00e9 vody a st\u0159e\u0161n\u00ed a st\u011bnov\u00e9 opl\u00e1\u0161t\u011bn\u00ed. Zinek je s \u017eivotnost\u00ed 75+ let nejen estetickou volbou, ale v sou\u010dasn\u00e9 dob\u011b tak\u00e9 udr\u017eitelnou volbou. Krom\u011b dlouh\u00e9 \u017eivotnosti se po pou\u017eit\u00ed shroma\u017e\u010fuje a recykluje v\u00edce ne\u017e 95%. Odpov\u00edd\u00e1 tedy ob\u011bhov\u00e9 ekonomice. Existuje proto jen m\u00e1lo stavebn\u00edch materi\u00e1l\u016f, jejich\u017e celkov\u00e1 ekologick\u00e1 rovnov\u00e1ha je stejn\u011b pozitivn\u00ed jako u zinku.<\/p>\n<p>Zinek je oce\u0148ov\u00e1n nejen d\u00edky sv\u00e9mu unik\u00e1tn\u00edmu vzhledu, ale kov je tak\u00e9 velmi funk\u010dn\u00ed: zaji\u0161\u0165uje spolehliv\u00e9 odv\u00e1d\u011bn\u00ed de\u0161\u0165ov\u00e9 vody. \u00daniky mohou zp\u016fsobit velk\u00e9 nep\u0159\u00edjemnosti a po\u0161kozen\u00ed, tak\u017ee to rozhodn\u011b nen\u00ed n\u011bco \u00fapln\u011b ned\u016fle\u017eit\u00e9.[\/vc_column_text][mk_padding_divider][\/vc_column_inner][vc_column_inner width=&#8220;1\/2&#8243;][vc_single_image image=&#8220;22983&#8243; img_size=&#8220;full&#8220;][mk_padding_divider][\/vc_column_inner][\/vc_row_inner][\/vc_column][\/vc_row][vc_row][vc_column][mk_padding_divider][\/vc_column][\/vc_row][vc_row el_class=&#8220;home-waarom-nedzink rij-wit-schaduw&#8220;][vc_column][mk_padding_divider size=&#8220;20&#8243;][\/vc_column][vc_column][vc_column_text css=&#8220;.vc_custom_1582803115900{margin-bottom: 0px !important;}&#8220;]\n<h5>Udr\u017eitelnost<\/h5>\n<p>Zinek je siln\u00fd prvek, kter\u00fd se p\u0159irozen\u011b vyskytuje v \u017eivotn\u00edm prost\u0159ed\u00ed, jako jsou kameny, p\u016fda a voda. Proto se perfektn\u011b hod\u00ed do udr\u017eiteln\u00e9 spole\u010dnosti. Zinek tak\u00e9 hraje velmi d\u016fle\u017eitou roli v biologick\u00fdch procesech lid\u00ed, zv\u00ed\u0159at a rostlin.<\/p>\n<p>Spolehliv\u00e1, dlouh\u00e1 \u017eivotnost a recyklovateln\u00e1 jsou 3 d\u016fle\u017eit\u00e9 vlastnosti, kter\u00e9 m\u00e1 zinek. Krom\u011b toho je bez\u00fadr\u017ebov\u00fd a zaji\u0161\u0165uje bezchybn\u00fd odtok de\u0161\u0165ov\u00e9 vody.[\/vc_column_text][\/vc_column][\/vc_row]\n","protected":false},"excerpt":{"rendered":"<p>[vc_row][vc_column][mk_padding_divider][\/vc_column][\/vc_row][vc_row el_class=&#8220;home-waarom-nedzink rij-wit-schaduw&#8220;][vc_column][mk_padding_divider size=&#8220;20&#8243;][vc_column_text css=&#8220;.vc_custom_1582803022539{margin-bottom: 0px !important;}&#8220;] \u017divotn\u00ed prost\u0159ed\u00ed a udr\u017eitelnost [\/vc_column_text][mk_padding_divider size=&#8220;20&#8243;][vc_row_inner][vc_column_inner width=&#8220;1\/2&#8243;][vc_column_text css=&#8220;.vc_custom_1582803075180{margin-bottom: 0px !important;}&#8220;] Prost\u0159ed\u00ed Zinek je jedn\u00edm z nejspolehliv\u011bj\u0161\u00edch kov\u016f, kter\u00fd byl po stalet\u00ed pou\u017e\u00edv\u00e1n v (re) stavb\u011b. Pat\u0159\u00ed sem \u017elaby zinku, odvod\u0148ovac\u00ed potrub\u00ed de\u0161\u0165ov\u00e9 vody a st\u0159e\u0161n\u00ed a st\u011bnov\u00e9 opl\u00e1\u0161t\u011bn\u00ed. Zinek je s \u017eivotnost\u00ed 75+ let nejen estetickou volbou, ale [&hellip;]<\/p>\n","protected":false},"author":4,"featured_media":0,"parent":0,"menu_order":0,"comment_status":"closed","ping_status":"closed","template":"","meta":{"_acf_changed":false,"footnotes":""},"class_list":["post-49412","page","type-page","status-publish","hentry"],"acf":[],"yoast_head":"<!-- This site is optimized with the Yoast SEO plugin v26.8 - https:\/\/yoast.com\/product\/yoast-seo-wordpress\/ -->\n<title>\u017divotn\u00ed prost\u0159ed\u00ed a udr\u017eitelnost \u2013 NedZink<\/title>\n<meta name=\"robots\" content=\"index, follow, max-snippet:-1, max-image-preview:large, max-video-preview:-1\" \/>\n<link rel=\"canonical\" href=\"https:\/\/www.nedzink.com\/cs\/zivotni-prostredi-a-udrzitelnost\/\" \/>\n<meta property=\"og:locale\" content=\"cs_CZ\" \/>\n<meta property=\"og:type\" content=\"article\" \/>\n<meta property=\"og:title\" content=\"\u017divotn\u00ed prost\u0159ed\u00ed a udr\u017eitelnost \u2013 NedZink\" \/>\n<meta property=\"og:description\" content=\"[vc_row][vc_column][mk_padding_divider][\/vc_column][\/vc_row][vc_row el_class=&#8220;home-waarom-nedzink rij-wit-schaduw&#8220;][vc_column][mk_padding_divider size=&#8220;20&#8243;][vc_column_text css=&#8220;.vc_custom_1582803022539{margin-bottom: 0px !important;}&#8220;] \u017divotn\u00ed prost\u0159ed\u00ed a udr\u017eitelnost [\/vc_column_text][mk_padding_divider size=&#8220;20&#8243;][vc_row_inner][vc_column_inner width=&#8220;1\/2&#8243;][vc_column_text css=&#8220;.vc_custom_1582803075180{margin-bottom: 0px !important;}&#8220;] Prost\u0159ed\u00ed Zinek je jedn\u00edm z nejspolehliv\u011bj\u0161\u00edch kov\u016f, kter\u00fd byl po stalet\u00ed pou\u017e\u00edv\u00e1n v (re) stavb\u011b. Pat\u0159\u00ed sem \u017elaby zinku, odvod\u0148ovac\u00ed potrub\u00ed de\u0161\u0165ov\u00e9 vody a st\u0159e\u0161n\u00ed a st\u011bnov\u00e9 opl\u00e1\u0161t\u011bn\u00ed. Zinek je s \u017eivotnost\u00ed 75+ let nejen estetickou volbou, ale [&hellip;]\" \/>\n<meta property=\"og:url\" content=\"https:\/\/www.nedzink.com\/cs\/zivotni-prostredi-a-udrzitelnost\/\" \/>\n<meta property=\"og:site_name\" content=\"NedZink\" \/>\n<meta property=\"article:modified_time\" content=\"2020-02-27T11:32:00+00:00\" \/>\n<meta name=\"twitter:card\" content=\"summary_large_image\" \/>\n<meta name=\"twitter:label1\" content=\"Odhadovan\u00e1 doba \u010dten\u00ed\" \/>\n\t<meta name=\"twitter:data1\" content=\"2 minuty\" \/>\n<script type=\"application\/ld+json\" class=\"yoast-schema-graph\">{\"@context\":\"https:\/\/schema.org\",\"@graph\":[{\"@type\":\"WebPage\",\"@id\":\"https:\/\/www.nedzink.com\/cs\/zivotni-prostredi-a-udrzitelnost\/\",\"url\":\"https:\/\/www.nedzink.com\/cs\/zivotni-prostredi-a-udrzitelnost\/\",\"name\":\"\u017divotn\u00ed prost\u0159ed\u00ed a udr\u017eitelnost \u2013 NedZink\",\"isPartOf\":{\"@id\":\"https:\/\/www.nedzink.com\/cs\/#website\"},\"datePublished\":\"2019-09-04T13:07:47+00:00\",\"dateModified\":\"2020-02-27T11:32:00+00:00\",\"breadcrumb\":{\"@id\":\"https:\/\/www.nedzink.com\/cs\/zivotni-prostredi-a-udrzitelnost\/#breadcrumb\"},\"inLanguage\":\"cs\",\"potentialAction\":[{\"@type\":\"ReadAction\",\"target\":[\"https:\/\/www.nedzink.com\/cs\/zivotni-prostredi-a-udrzitelnost\/\"]}]},{\"@type\":\"BreadcrumbList\",\"@id\":\"https:\/\/www.nedzink.com\/cs\/zivotni-prostredi-a-udrzitelnost\/#breadcrumb\",\"itemListElement\":[{\"@type\":\"ListItem\",\"position\":1,\"name\":\"Home\",\"item\":\"https:\/\/www.nedzink.com\/cs\/\"},{\"@type\":\"ListItem\",\"position\":2,\"name\":\"\u017divotn\u00ed prost\u0159ed\u00ed a udr\u017eitelnost\"}]},{\"@type\":\"WebSite\",\"@id\":\"https:\/\/www.nedzink.com\/cs\/#website\",\"url\":\"https:\/\/www.nedzink.com\/cs\/\",\"name\":\"NedZink\",\"description\":\"Zink fabrikant\",\"publisher\":{\"@id\":\"https:\/\/www.nedzink.com\/cs\/#organization\"},\"potentialAction\":[{\"@type\":\"SearchAction\",\"target\":{\"@type\":\"EntryPoint\",\"urlTemplate\":\"https:\/\/www.nedzink.com\/cs\/?s={search_term_string}\"},\"query-input\":{\"@type\":\"PropertyValueSpecification\",\"valueRequired\":true,\"valueName\":\"search_term_string\"}}],\"inLanguage\":\"cs\"},{\"@type\":\"Organization\",\"@id\":\"https:\/\/www.nedzink.com\/cs\/#organization\",\"name\":\"NedZink\",\"url\":\"https:\/\/www.nedzink.com\/cs\/\",\"logo\":{\"@type\":\"ImageObject\",\"inLanguage\":\"cs\",\"@id\":\"https:\/\/www.nedzink.com\/cs\/#\/schema\/logo\/image\/\",\"url\":\"https:\/\/www.nedzink.com\/wp-content\/uploads\/2019\/08\/logo-nedzink_fc_zk.jpg\",\"contentUrl\":\"https:\/\/www.nedzink.com\/wp-content\/uploads\/2019\/08\/logo-nedzink_fc_zk.jpg\",\"width\":2160,\"height\":688,\"caption\":\"NedZink\"},\"image\":{\"@id\":\"https:\/\/www.nedzink.com\/cs\/#\/schema\/logo\/image\/\"}}]}<\/script>\n<!-- \/ Yoast SEO plugin. -->","yoast_head_json":{"title":"\u017divotn\u00ed prost\u0159ed\u00ed a udr\u017eitelnost \u2013 NedZink","robots":{"index":"index","follow":"follow","max-snippet":"max-snippet:-1","max-image-preview":"max-image-preview:large","max-video-preview":"max-video-preview:-1"},"canonical":"https:\/\/www.nedzink.com\/cs\/zivotni-prostredi-a-udrzitelnost\/","og_locale":"cs_CZ","og_type":"article","og_title":"\u017divotn\u00ed prost\u0159ed\u00ed a udr\u017eitelnost \u2013 NedZink","og_description":"[vc_row][vc_column][mk_padding_divider][\/vc_column][\/vc_row][vc_row el_class=&#8220;home-waarom-nedzink rij-wit-schaduw&#8220;][vc_column][mk_padding_divider size=&#8220;20&#8243;][vc_column_text css=&#8220;.vc_custom_1582803022539{margin-bottom: 0px !important;}&#8220;] \u017divotn\u00ed prost\u0159ed\u00ed a udr\u017eitelnost [\/vc_column_text][mk_padding_divider size=&#8220;20&#8243;][vc_row_inner][vc_column_inner width=&#8220;1\/2&#8243;][vc_column_text css=&#8220;.vc_custom_1582803075180{margin-bottom: 0px !important;}&#8220;] Prost\u0159ed\u00ed Zinek je jedn\u00edm z nejspolehliv\u011bj\u0161\u00edch kov\u016f, kter\u00fd byl po stalet\u00ed pou\u017e\u00edv\u00e1n v (re) stavb\u011b. Pat\u0159\u00ed sem \u017elaby zinku, odvod\u0148ovac\u00ed potrub\u00ed de\u0161\u0165ov\u00e9 vody a st\u0159e\u0161n\u00ed a st\u011bnov\u00e9 opl\u00e1\u0161t\u011bn\u00ed. Zinek je s \u017eivotnost\u00ed 75+ let nejen estetickou volbou, ale [&hellip;]","og_url":"https:\/\/www.nedzink.com\/cs\/zivotni-prostredi-a-udrzitelnost\/","og_site_name":"NedZink","article_modified_time":"2020-02-27T11:32:00+00:00","twitter_card":"summary_large_image","twitter_misc":{"Odhadovan\u00e1 doba \u010dten\u00ed":"2 minuty"},"schema":{"@context":"https:\/\/schema.org","@graph":[{"@type":"WebPage","@id":"https:\/\/www.nedzink.com\/cs\/zivotni-prostredi-a-udrzitelnost\/","url":"https:\/\/www.nedzink.com\/cs\/zivotni-prostredi-a-udrzitelnost\/","name":"\u017divotn\u00ed prost\u0159ed\u00ed a udr\u017eitelnost \u2013 NedZink","isPartOf":{"@id":"https:\/\/www.nedzink.com\/cs\/#website"},"datePublished":"2019-09-04T13:07:47+00:00","dateModified":"2020-02-27T11:32:00+00:00","breadcrumb":{"@id":"https:\/\/www.nedzink.com\/cs\/zivotni-prostredi-a-udrzitelnost\/#breadcrumb"},"inLanguage":"cs","potentialAction":[{"@type":"ReadAction","target":["https:\/\/www.nedzink.com\/cs\/zivotni-prostredi-a-udrzitelnost\/"]}]},{"@type":"BreadcrumbList","@id":"https:\/\/www.nedzink.com\/cs\/zivotni-prostredi-a-udrzitelnost\/#breadcrumb","itemListElement":[{"@type":"ListItem","position":1,"name":"Home","item":"https:\/\/www.nedzink.com\/cs\/"},{"@type":"ListItem","position":2,"name":"\u017divotn\u00ed prost\u0159ed\u00ed a udr\u017eitelnost"}]},{"@type":"WebSite","@id":"https:\/\/www.nedzink.com\/cs\/#website","url":"https:\/\/www.nedzink.com\/cs\/","name":"NedZink","description":"Zink fabrikant","publisher":{"@id":"https:\/\/www.nedzink.com\/cs\/#organization"},"potentialAction":[{"@type":"SearchAction","target":{"@type":"EntryPoint","urlTemplate":"https:\/\/www.nedzink.com\/cs\/?s={search_term_string}"},"query-input":{"@type":"PropertyValueSpecification","valueRequired":true,"valueName":"search_term_string"}}],"inLanguage":"cs"},{"@type":"Organization","@id":"https:\/\/www.nedzink.com\/cs\/#organization","name":"NedZink","url":"https:\/\/www.nedzink.com\/cs\/","logo":{"@type":"ImageObject","inLanguage":"cs","@id":"https:\/\/www.nedzink.com\/cs\/#\/schema\/logo\/image\/","url":"https:\/\/www.nedzink.com\/wp-content\/uploads\/2019\/08\/logo-nedzink_fc_zk.jpg","contentUrl":"https:\/\/www.nedzink.com\/wp-content\/uploads\/2019\/08\/logo-nedzink_fc_zk.jpg","width":2160,"height":688,"caption":"NedZink"},"image":{"@id":"https:\/\/www.nedzink.com\/cs\/#\/schema\/logo\/image\/"}}]}},"_links":{"self":[{"href":"https:\/\/www.nedzink.com\/cs\/wp-json\/wp\/v2\/pages\/49412","targetHints":{"allow":["GET"]}}],"collection":[{"href":"https:\/\/www.nedzink.com\/cs\/wp-json\/wp\/v2\/pages"}],"about":[{"href":"https:\/\/www.nedzink.com\/cs\/wp-json\/wp\/v2\/types\/page"}],"author":[{"embeddable":true,"href":"https:\/\/www.nedzink.com\/cs\/wp-json\/wp\/v2\/users\/4"}],"replies":[{"embeddable":true,"href":"https:\/\/www.nedzink.com\/cs\/wp-json\/wp\/v2\/comments?post=49412"}],"version-history":[{"count":0,"href":"https:\/\/www.nedzink.com\/cs\/wp-json\/wp\/v2\/pages\/49412\/revisions"}],"wp:attachment":[{"href":"https:\/\/www.nedzink.com\/cs\/wp-json\/wp\/v2\/media?parent=49412"}],"curies":[{"name":"wp","href":"https:\/\/api.w.org\/{rel}","templated":true}]}}