{"id":47383,"date":"2019-08-12T14:49:51","date_gmt":"2019-08-12T12:49:51","guid":{"rendered":"http:\/\/136.144.181.85\/~nedzink\/?page_id=47383"},"modified":"2025-03-18T12:24:30","modified_gmt":"2025-03-18T11:24:30","slug":"downloads","status":"publish","type":"page","link":"https:\/\/www.nedzink.com\/cs\/downloads\/","title":{"rendered":"Downloads"},"content":{"rendered":"[vc_row][vc_column][mk_padding_divider size=&#8220;80&#8243;][\/vc_column][\/vc_row][vc_row][vc_column][vc_row_inner attached=&#8220;true&#8220; is_fullwidth_content=&#8220;false&#8220; column_padding=&#8220;2&#8243; el_class=&#8220;rij-wit-schaduw&#8220; el_id=&#8220;corporatebrochure&#8220;][vc_column_inner][vc_column_text css=&#8220;.vc_custom_1560857813259{margin-bottom: 0px !important;}&#8220;]\n<h1>Downloads<\/h1>\n[\/vc_column_text][\/vc_column_inner][vc_column_inner width=&#8220;1\/4&#8243; offset=&#8220;vc_col-xs-12&#8243;][vc_column_text css=&#8220;.vc_custom_1633611052935{margin-bottom: 15px !important;}&#8220;]\n<h3>Company Brochure<\/h3>\n[\/vc_column_text][vc_single_image image=&#8220;131184&#8243; img_size=&#8220;full&#8220; onclick=&#8220;custom_link&#8220; img_link_target=&#8220;_blank&#8220; el_class=&#8220;downloadspagina&#8220; link=&#8220;https:\/\/www.nedzink.com\/wp-content\/uploads\/2024\/07\/44501-nz-totaalbrochure-2024-eng-gb-a4_web.pdf&#8220;][\/vc_column_inner][vc_column_inner width=&#8220;1\/4&#8243;][vc_column_text css=&#8220;.vc_custom_1718365857532{margin-bottom: 15px !important;}&#8220;]\n<h3>Inspiration book<\/h3>\n[\/vc_column_text][vc_single_image image=&#8220;131015&#8243; img_size=&#8220;150&#215;202&#8243; onclick=&#8220;custom_link&#8220; img_link_target=&#8220;_blank&#8220; el_class=&#8220;downloadspagina&#8220; link=&#8220;https:\/\/www.nedzink.com\/wp-content\/uploads\/2024\/06\/nedzink-inspiration-book_web.pdf&#8220;][\/vc_column_inner][vc_column_inner width=&#8220;1\/4&#8243;][vc_column_text css=&#8220;.vc_custom_1615456073376{margin-bottom: 15px !important;}&#8220;]\n<h3>Technick\u00e1 p\u0159\u00edru\u010dka<\/h3>\n[\/vc_column_text][vc_single_image image=&#8220;60390&#8243; img_size=&#8220;150&#215;202&#8243; onclick=&#8220;custom_link&#8220; img_link_target=&#8220;_blank&#8220; el_class=&#8220;downloadspagina&#8220; link=&#8220;https:\/\/www.nedzink.com\/wp-content\/uploads\/2021\/03\/32452-nz-technical-advice-book-tsjechisch_web.pdf&#8220;][\/vc_column_inner][vc_column_inner width=&#8220;1\/4&#8243;][vc_column_text css=&#8220;.vc_custom_1708609308451{margin-bottom: 15px !important;}&#8220;]\n<h3>Datasheet<\/h3>\n[\/vc_column_text][vc_single_image image=&#8220;129560&#8243; img_size=&#8220;150&#215;201&#8243; onclick=&#8220;custom_link&#8220; img_link_target=&#8220;_blank&#8220; el_class=&#8220;downloadspagina&#8220; link=&#8220;https:\/\/www.nedzink.com\/wp-content\/uploads\/2024\/07\/41839-nz-datasheet-portfolio-3-luik-cz_web.pdf&#8220;][\/vc_column_inner][\/vc_row_inner][mk_padding_divider size=&#8220;50&#8243;][vc_row_inner attached=&#8220;true&#8220; is_fullwidth_content=&#8220;false&#8220; column_padding=&#8220;2&#8243; el_class=&#8220;rij-wit-schaduw&#8220; el_id=&#8220;datasheet&#8220;][vc_column_inner width=&#8220;1\/4&#8243; offset=&#8220;vc_col-xs-12&#8243;][vc_column_text css=&#8220;.vc_custom_1562058344322{margin-bottom: 15px !important;}&#8220;]\n<h3>EPD NATUREL<\/h3>\n[\/vc_column_text][vc_single_image image=&#8220;63996&#8243; img_size=&#8220;150&#215;198&#8243; onclick=&#8220;custom_link&#8220; img_link_target=&#8220;_blank&#8220; el_class=&#8220;downloadspagina&#8220; link=&#8220;https:\/\/www.nedzink.com\/wp-content\/uploads\/2025\/02\/nedzink-naturel-a2.pdf&#8220;][\/vc_column_inner][vc_column_inner width=&#8220;1\/4&#8243;][vc_column_text css=&#8220;.vc_custom_1623847150634{margin-bottom: 15px !important;}&#8220;]\n<h3>EPD NOVA \/ NEO \/ NOIR<\/h3>\n[\/vc_column_text][vc_single_image image=&#8220;64007&#8243; img_size=&#8220;150&#215;198&#8243; onclick=&#8220;custom_link&#8220; img_link_target=&#8220;_blank&#8220; el_class=&#8220;downloadspagina&#8220; link=&#8220;https:\/\/www.nedzink.com\/wp-content\/uploads\/2025\/02\/nedzink-nova-nedzink-neo-nedzink-noir-a2.pdf&#8220;][\/vc_column_inner][vc_column_inner width=&#8220;1\/4&#8243;][vc_column_text css=&#8220;.vc_custom_1561977196019{margin-bottom: 15px !important;}&#8220;]\n<h3>General terms &amp; conditions<\/h3>\n[\/vc_column_text][vc_single_image image=&#8220;38958&#8243; img_size=&#8220;150&#215;202&#8243; onclick=&#8220;custom_link&#8220; img_link_target=&#8220;_blank&#8220; el_class=&#8220;downloadspagina&#8220; link=&#8220;https:\/\/www.nedzink.com\/wp-content\/uploads\/2019\/07\/general-terms-and-conditions-nedzink-bv.pdf&#8220;][\/vc_column_inner][vc_column_inner width=&#8220;1\/4&#8243;][\/vc_column_inner][\/vc_row_inner][mk_padding_divider size=&#8220;50&#8243;][vc_row_inner attached=&#8220;true&#8220; is_fullwidth_content=&#8220;false&#8220; column_padding=&#8220;2&#8243; el_class=&#8220;rij-wit-schaduw&#8220;][vc_column_inner width=&#8220;1\/4&#8243; offset=&#8220;vc_col-xs-12&#8243;][vc_column_text css=&#8220;.vc_custom_1565679238298{margin-bottom: 15px !important;}&#8220;]\n<h3>Protokol o shod v\u00fdrobku<\/h3>\n[\/vc_column_text][vc_single_image image=&#8220;47482&#8243; img_size=&#8220;150&#215;206&#8243; onclick=&#8220;custom_link&#8220; img_link_target=&#8220;_blank&#8220; el_class=&#8220;downloadspagina&#8220; link=&#8220;https:\/\/www.nedzink.com\/wp-content\/uploads\/2019\/08\/protokol-o-shod-vrobku-001.pdf&#8220;][\/vc_column_inner][vc_column_inner width=&#8220;1\/4&#8243;][vc_column_text css=&#8220;.vc_custom_1582706156271{margin-bottom: 15px !important;}&#8220;]\n<h3>Certifik\u00e1t kvality<\/h3>\n[\/vc_column_text][vc_single_image image=&#8220;53160&#8243; img_size=&#8220;150&#215;206&#8243; onclick=&#8220;custom_link&#8220; img_link_target=&#8220;_blank&#8220; el_class=&#8220;downloadspagina&#8220; link=&#8220;https:\/\/www.nedzink.com\/wp-content\/uploads\/2020\/02\/certifikace-vyrobku-2020.pdf&#8220;][\/vc_column_inner][vc_column_inner width=&#8220;1\/4&#8243;][vc_column_text css=&#8220;.vc_custom_1562760320114{margin-bottom: 15px !important;}&#8220;]\n<h3>Declaration of Performance NedZink BV (DOP)<\/h3>\n[\/vc_column_text][vc_single_image source=&#8220;external_link&#8220; onclick=&#8220;custom_link&#8220; img_link_target=&#8220;_blank&#8220; el_class=&#8220;downloadspagina&#8220; link=&#8220;https:\/\/www.nedzink.com\/wp-content\/uploads\/2023\/02\/dop-14783-13exx003.pdf&#8220; custom_src=&#8220;https:\/\/www.nedzink.com\/wp-content\/uploads\/2020\/03\/bersicht-le-14783-13exx002-dop-150&#215;212.jpg&#8220;][\/vc_column_inner][vc_column_inner width=&#8220;1\/4&#8243;][vc_column_text css=&#8220;.vc_custom_1562760351805{margin-bottom: 15px !important;}&#8220;]\n<h3>Declaration of Performance NedZink GmbH (DOP)<\/h3>\n[\/vc_column_text][vc_single_image source=&#8220;external_link&#8220; onclick=&#8220;custom_link&#8220; img_link_target=&#8220;_blank&#8220; el_class=&#8220;downloadspagina&#8220; link=&#8220;https:\/\/www.nedzink.com\/wp-content\/uploads\/2023\/02\/ubersicht-le-14783.13exx003.pdf&#8220; custom_src=&#8220;https:\/\/www.nedzink.com\/wp-content\/uploads\/2020\/03\/bersicht-le-14783-13exx002-dop-150&#215;212.jpg&#8220;][\/vc_column_inner][\/vc_row_inner][mk_padding_divider size=&#8220;50&#8243;][vc_row_inner attached=&#8220;true&#8220; is_fullwidth_content=&#8220;false&#8220; column_padding=&#8220;2&#8243; el_class=&#8220;rij-wit-schaduw&#8220; el_id=&#8220;lloyd&#8220;][vc_column_inner width=&#8220;1\/4&#8243; offset=&#8220;vc_col-xs-12&#8243;][vc_column_text css=&#8220;.vc_custom_1562760297045{margin-bottom: 15px !important;}&#8220;]\n<h3>Lloyd&#8217;s Register Certificate ISO:9001:2015<\/h3>\n[\/vc_column_text][vc_single_image image=&#8220;108003&#8243; img_size=&#8220;150&#215;198&#8243; onclick=&#8220;custom_link&#8220; img_link_target=&#8220;_blank&#8220; el_class=&#8220;downloadspagina&#8220; link=&#8220;https:\/\/www.nedzink.com\/wp-content\/uploads\/2025\/03\/25-0023998-qms-engus-rva.pdf&#8220;][\/vc_column_inner][vc_column_inner width=&#8220;1\/4&#8243;][\/vc_column_inner][vc_column_inner width=&#8220;1\/4&#8243;][\/vc_column_inner][vc_column_inner width=&#8220;1\/4&#8243;][\/vc_column_inner][\/vc_row_inner][mk_padding_divider size=&#8220;50&#8243;][\/vc_column][\/vc_row][vc_row][vc_column][mk_padding_divider size=&#8220;50&#8243;][\/vc_column][\/vc_row][vc_row][vc_column][vc_column_text]\n[\/vc_column_text][\/vc_column][\/vc_row]\n","protected":false},"excerpt":{"rendered":"<p>[vc_row][vc_column][mk_padding_divider size=&#8220;80&#8243;][\/vc_column][\/vc_row][vc_row][vc_column][vc_row_inner attached=&#8220;true&#8220; is_fullwidth_content=&#8220;false&#8220; column_padding=&#8220;2&#8243; el_class=&#8220;rij-wit-schaduw&#8220; el_id=&#8220;corporatebrochure&#8220;][vc_column_inner][vc_column_text css=&#8220;.vc_custom_1560857813259{margin-bottom: 0px !important;}&#8220;] Downloads [\/vc_column_text][\/vc_column_inner][vc_column_inner width=&#8220;1\/4&#8243; offset=&#8220;vc_col-xs-12&#8243;][vc_column_text css=&#8220;.vc_custom_1633611052935{margin-bottom: 15px !important;}&#8220;] Company Brochure [\/vc_column_text][vc_single_image image=&#8220;131184&#8243; img_size=&#8220;full&#8220; onclick=&#8220;custom_link&#8220; img_link_target=&#8220;_blank&#8220; el_class=&#8220;downloadspagina&#8220; link=&#8220;https:\/\/www.nedzink.com\/wp-content\/uploads\/2024\/07\/44501-nz-totaalbrochure-2024-eng-gb-a4_web.pdf&#8220;][\/vc_column_inner][vc_column_inner width=&#8220;1\/4&#8243;][vc_column_text css=&#8220;.vc_custom_1718365857532{margin-bottom: 15px !important;}&#8220;] Inspiration book [\/vc_column_text][vc_single_image image=&#8220;131015&#8243; img_size=&#8220;150&#215;202&#8243; onclick=&#8220;custom_link&#8220; img_link_target=&#8220;_blank&#8220; el_class=&#8220;downloadspagina&#8220; link=&#8220;https:\/\/www.nedzink.com\/wp-content\/uploads\/2024\/06\/nedzink-inspiration-book_web.pdf&#8220;][\/vc_column_inner][vc_column_inner width=&#8220;1\/4&#8243;][vc_column_text css=&#8220;.vc_custom_1615456073376{margin-bottom: 15px !important;}&#8220;] Technick\u00e1 p\u0159\u00edru\u010dka [\/vc_column_text][vc_single_image image=&#8220;60390&#8243; img_size=&#8220;150&#215;202&#8243; onclick=&#8220;custom_link&#8220; img_link_target=&#8220;_blank&#8220; el_class=&#8220;downloadspagina&#8220; link=&#8220;https:\/\/www.nedzink.com\/wp-content\/uploads\/2021\/03\/32452-nz-technical-advice-book-tsjechisch_web.pdf&#8220;][\/vc_column_inner][vc_column_inner width=&#8220;1\/4&#8243;][vc_column_text css=&#8220;.vc_custom_1708609308451{margin-bottom: 15px [&hellip;]<\/p>\n","protected":false},"author":4,"featured_media":0,"parent":0,"menu_order":0,"comment_status":"closed","ping_status":"closed","template":"","meta":{"_acf_changed":false,"footnotes":""},"class_list":["post-47383","page","type-page","status-publish","hentry"],"acf":[],"yoast_head":"<!-- This site is optimized with the Yoast SEO plugin v26.8 - https:\/\/yoast.com\/product\/yoast-seo-wordpress\/ -->\n<title>Downloads \u2013 NedZink<\/title>\n<meta name=\"robots\" content=\"index, follow, max-snippet:-1, max-image-preview:large, max-video-preview:-1\" \/>\n<link rel=\"canonical\" href=\"https:\/\/www.nedzink.com\/cs\/downloads\/\" \/>\n<meta property=\"og:locale\" content=\"cs_CZ\" \/>\n<meta property=\"og:type\" content=\"article\" \/>\n<meta property=\"og:title\" content=\"Downloads \u2013 NedZink\" \/>\n<meta property=\"og:description\" content=\"[vc_row][vc_column][mk_padding_divider size=&#8220;80&#8243;][\/vc_column][\/vc_row][vc_row][vc_column][vc_row_inner attached=&#8220;true&#8220; is_fullwidth_content=&#8220;false&#8220; column_padding=&#8220;2&#8243; el_class=&#8220;rij-wit-schaduw&#8220; el_id=&#8220;corporatebrochure&#8220;][vc_column_inner][vc_column_text css=&#8220;.vc_custom_1560857813259{margin-bottom: 0px !important;}&#8220;] Downloads [\/vc_column_text][\/vc_column_inner][vc_column_inner width=&#8220;1\/4&#8243; offset=&#8220;vc_col-xs-12&#8243;][vc_column_text css=&#8220;.vc_custom_1633611052935{margin-bottom: 15px !important;}&#8220;] Company Brochure [\/vc_column_text][vc_single_image image=&#8220;131184&#8243; img_size=&#8220;full&#8220; onclick=&#8220;custom_link&#8220; img_link_target=&#8220;_blank&#8220; el_class=&#8220;downloadspagina&#8220; link=&#8220;https:\/\/www.nedzink.com\/wp-content\/uploads\/2024\/07\/44501-nz-totaalbrochure-2024-eng-gb-a4_web.pdf&#8220;][\/vc_column_inner][vc_column_inner width=&#8220;1\/4&#8243;][vc_column_text css=&#8220;.vc_custom_1718365857532{margin-bottom: 15px !important;}&#8220;] Inspiration book [\/vc_column_text][vc_single_image image=&#8220;131015&#8243; img_size=&#8220;150&#215;202&#8243; onclick=&#8220;custom_link&#8220; img_link_target=&#8220;_blank&#8220; el_class=&#8220;downloadspagina&#8220; link=&#8220;https:\/\/www.nedzink.com\/wp-content\/uploads\/2024\/06\/nedzink-inspiration-book_web.pdf&#8220;][\/vc_column_inner][vc_column_inner width=&#8220;1\/4&#8243;][vc_column_text css=&#8220;.vc_custom_1615456073376{margin-bottom: 15px !important;}&#8220;] Technick\u00e1 p\u0159\u00edru\u010dka [\/vc_column_text][vc_single_image image=&#8220;60390&#8243; img_size=&#8220;150&#215;202&#8243; onclick=&#8220;custom_link&#8220; img_link_target=&#8220;_blank&#8220; el_class=&#8220;downloadspagina&#8220; link=&#8220;https:\/\/www.nedzink.com\/wp-content\/uploads\/2021\/03\/32452-nz-technical-advice-book-tsjechisch_web.pdf&#8220;][\/vc_column_inner][vc_column_inner width=&#8220;1\/4&#8243;][vc_column_text css=&#8220;.vc_custom_1708609308451{margin-bottom: 15px [&hellip;]\" \/>\n<meta property=\"og:url\" content=\"https:\/\/www.nedzink.com\/cs\/downloads\/\" \/>\n<meta property=\"og:site_name\" content=\"NedZink\" \/>\n<meta property=\"article:modified_time\" content=\"2025-03-18T11:24:30+00:00\" \/>\n<meta name=\"twitter:card\" content=\"summary_large_image\" \/>\n<meta name=\"twitter:label1\" content=\"Odhadovan\u00e1 doba \u010dten\u00ed\" \/>\n\t<meta name=\"twitter:data1\" content=\"2 minuty\" \/>\n<script type=\"application\/ld+json\" class=\"yoast-schema-graph\">{\"@context\":\"https:\/\/schema.org\",\"@graph\":[{\"@type\":\"WebPage\",\"@id\":\"https:\/\/www.nedzink.com\/cs\/downloads\/\",\"url\":\"https:\/\/www.nedzink.com\/cs\/downloads\/\",\"name\":\"Downloads \u2013 NedZink\",\"isPartOf\":{\"@id\":\"https:\/\/www.nedzink.com\/cs\/#website\"},\"datePublished\":\"2019-08-12T12:49:51+00:00\",\"dateModified\":\"2025-03-18T11:24:30+00:00\",\"breadcrumb\":{\"@id\":\"https:\/\/www.nedzink.com\/cs\/downloads\/#breadcrumb\"},\"inLanguage\":\"cs\",\"potentialAction\":[{\"@type\":\"ReadAction\",\"target\":[\"https:\/\/www.nedzink.com\/cs\/downloads\/\"]}]},{\"@type\":\"BreadcrumbList\",\"@id\":\"https:\/\/www.nedzink.com\/cs\/downloads\/#breadcrumb\",\"itemListElement\":[{\"@type\":\"ListItem\",\"position\":1,\"name\":\"Home\",\"item\":\"https:\/\/www.nedzink.com\/cs\/\"},{\"@type\":\"ListItem\",\"position\":2,\"name\":\"Downloads\"}]},{\"@type\":\"WebSite\",\"@id\":\"https:\/\/www.nedzink.com\/cs\/#website\",\"url\":\"https:\/\/www.nedzink.com\/cs\/\",\"name\":\"NedZink\",\"description\":\"Zink fabrikant\",\"publisher\":{\"@id\":\"https:\/\/www.nedzink.com\/cs\/#organization\"},\"potentialAction\":[{\"@type\":\"SearchAction\",\"target\":{\"@type\":\"EntryPoint\",\"urlTemplate\":\"https:\/\/www.nedzink.com\/cs\/?s={search_term_string}\"},\"query-input\":{\"@type\":\"PropertyValueSpecification\",\"valueRequired\":true,\"valueName\":\"search_term_string\"}}],\"inLanguage\":\"cs\"},{\"@type\":\"Organization\",\"@id\":\"https:\/\/www.nedzink.com\/cs\/#organization\",\"name\":\"NedZink\",\"url\":\"https:\/\/www.nedzink.com\/cs\/\",\"logo\":{\"@type\":\"ImageObject\",\"inLanguage\":\"cs\",\"@id\":\"https:\/\/www.nedzink.com\/cs\/#\/schema\/logo\/image\/\",\"url\":\"https:\/\/www.nedzink.com\/wp-content\/uploads\/2019\/08\/logo-nedzink_fc_zk.jpg\",\"contentUrl\":\"https:\/\/www.nedzink.com\/wp-content\/uploads\/2019\/08\/logo-nedzink_fc_zk.jpg\",\"width\":2160,\"height\":688,\"caption\":\"NedZink\"},\"image\":{\"@id\":\"https:\/\/www.nedzink.com\/cs\/#\/schema\/logo\/image\/\"}}]}<\/script>\n<!-- \/ Yoast SEO plugin. -->","yoast_head_json":{"title":"Downloads \u2013 NedZink","robots":{"index":"index","follow":"follow","max-snippet":"max-snippet:-1","max-image-preview":"max-image-preview:large","max-video-preview":"max-video-preview:-1"},"canonical":"https:\/\/www.nedzink.com\/cs\/downloads\/","og_locale":"cs_CZ","og_type":"article","og_title":"Downloads \u2013 NedZink","og_description":"[vc_row][vc_column][mk_padding_divider size=&#8220;80&#8243;][\/vc_column][\/vc_row][vc_row][vc_column][vc_row_inner attached=&#8220;true&#8220; is_fullwidth_content=&#8220;false&#8220; column_padding=&#8220;2&#8243; el_class=&#8220;rij-wit-schaduw&#8220; el_id=&#8220;corporatebrochure&#8220;][vc_column_inner][vc_column_text css=&#8220;.vc_custom_1560857813259{margin-bottom: 0px !important;}&#8220;] Downloads [\/vc_column_text][\/vc_column_inner][vc_column_inner width=&#8220;1\/4&#8243; offset=&#8220;vc_col-xs-12&#8243;][vc_column_text css=&#8220;.vc_custom_1633611052935{margin-bottom: 15px !important;}&#8220;] Company Brochure [\/vc_column_text][vc_single_image image=&#8220;131184&#8243; img_size=&#8220;full&#8220; onclick=&#8220;custom_link&#8220; img_link_target=&#8220;_blank&#8220; el_class=&#8220;downloadspagina&#8220; link=&#8220;https:\/\/www.nedzink.com\/wp-content\/uploads\/2024\/07\/44501-nz-totaalbrochure-2024-eng-gb-a4_web.pdf&#8220;][\/vc_column_inner][vc_column_inner width=&#8220;1\/4&#8243;][vc_column_text css=&#8220;.vc_custom_1718365857532{margin-bottom: 15px !important;}&#8220;] Inspiration book [\/vc_column_text][vc_single_image image=&#8220;131015&#8243; img_size=&#8220;150&#215;202&#8243; onclick=&#8220;custom_link&#8220; img_link_target=&#8220;_blank&#8220; el_class=&#8220;downloadspagina&#8220; link=&#8220;https:\/\/www.nedzink.com\/wp-content\/uploads\/2024\/06\/nedzink-inspiration-book_web.pdf&#8220;][\/vc_column_inner][vc_column_inner width=&#8220;1\/4&#8243;][vc_column_text css=&#8220;.vc_custom_1615456073376{margin-bottom: 15px !important;}&#8220;] Technick\u00e1 p\u0159\u00edru\u010dka [\/vc_column_text][vc_single_image image=&#8220;60390&#8243; img_size=&#8220;150&#215;202&#8243; onclick=&#8220;custom_link&#8220; img_link_target=&#8220;_blank&#8220; el_class=&#8220;downloadspagina&#8220; link=&#8220;https:\/\/www.nedzink.com\/wp-content\/uploads\/2021\/03\/32452-nz-technical-advice-book-tsjechisch_web.pdf&#8220;][\/vc_column_inner][vc_column_inner width=&#8220;1\/4&#8243;][vc_column_text css=&#8220;.vc_custom_1708609308451{margin-bottom: 15px [&hellip;]","og_url":"https:\/\/www.nedzink.com\/cs\/downloads\/","og_site_name":"NedZink","article_modified_time":"2025-03-18T11:24:30+00:00","twitter_card":"summary_large_image","twitter_misc":{"Odhadovan\u00e1 doba \u010dten\u00ed":"2 minuty"},"schema":{"@context":"https:\/\/schema.org","@graph":[{"@type":"WebPage","@id":"https:\/\/www.nedzink.com\/cs\/downloads\/","url":"https:\/\/www.nedzink.com\/cs\/downloads\/","name":"Downloads \u2013 NedZink","isPartOf":{"@id":"https:\/\/www.nedzink.com\/cs\/#website"},"datePublished":"2019-08-12T12:49:51+00:00","dateModified":"2025-03-18T11:24:30+00:00","breadcrumb":{"@id":"https:\/\/www.nedzink.com\/cs\/downloads\/#breadcrumb"},"inLanguage":"cs","potentialAction":[{"@type":"ReadAction","target":["https:\/\/www.nedzink.com\/cs\/downloads\/"]}]},{"@type":"BreadcrumbList","@id":"https:\/\/www.nedzink.com\/cs\/downloads\/#breadcrumb","itemListElement":[{"@type":"ListItem","position":1,"name":"Home","item":"https:\/\/www.nedzink.com\/cs\/"},{"@type":"ListItem","position":2,"name":"Downloads"}]},{"@type":"WebSite","@id":"https:\/\/www.nedzink.com\/cs\/#website","url":"https:\/\/www.nedzink.com\/cs\/","name":"NedZink","description":"Zink fabrikant","publisher":{"@id":"https:\/\/www.nedzink.com\/cs\/#organization"},"potentialAction":[{"@type":"SearchAction","target":{"@type":"EntryPoint","urlTemplate":"https:\/\/www.nedzink.com\/cs\/?s={search_term_string}"},"query-input":{"@type":"PropertyValueSpecification","valueRequired":true,"valueName":"search_term_string"}}],"inLanguage":"cs"},{"@type":"Organization","@id":"https:\/\/www.nedzink.com\/cs\/#organization","name":"NedZink","url":"https:\/\/www.nedzink.com\/cs\/","logo":{"@type":"ImageObject","inLanguage":"cs","@id":"https:\/\/www.nedzink.com\/cs\/#\/schema\/logo\/image\/","url":"https:\/\/www.nedzink.com\/wp-content\/uploads\/2019\/08\/logo-nedzink_fc_zk.jpg","contentUrl":"https:\/\/www.nedzink.com\/wp-content\/uploads\/2019\/08\/logo-nedzink_fc_zk.jpg","width":2160,"height":688,"caption":"NedZink"},"image":{"@id":"https:\/\/www.nedzink.com\/cs\/#\/schema\/logo\/image\/"}}]}},"_links":{"self":[{"href":"https:\/\/www.nedzink.com\/cs\/wp-json\/wp\/v2\/pages\/47383","targetHints":{"allow":["GET"]}}],"collection":[{"href":"https:\/\/www.nedzink.com\/cs\/wp-json\/wp\/v2\/pages"}],"about":[{"href":"https:\/\/www.nedzink.com\/cs\/wp-json\/wp\/v2\/types\/page"}],"author":[{"embeddable":true,"href":"https:\/\/www.nedzink.com\/cs\/wp-json\/wp\/v2\/users\/4"}],"replies":[{"embeddable":true,"href":"https:\/\/www.nedzink.com\/cs\/wp-json\/wp\/v2\/comments?post=47383"}],"version-history":[{"count":17,"href":"https:\/\/www.nedzink.com\/cs\/wp-json\/wp\/v2\/pages\/47383\/revisions"}],"predecessor-version":[{"id":135739,"href":"https:\/\/www.nedzink.com\/cs\/wp-json\/wp\/v2\/pages\/47383\/revisions\/135739"}],"wp:attachment":[{"href":"https:\/\/www.nedzink.com\/cs\/wp-json\/wp\/v2\/media?parent=47383"}],"curies":[{"name":"wp","href":"https:\/\/api.w.org\/{rel}","templated":true}]}}