{"id":47157,"date":"2019-08-08T12:21:59","date_gmt":"2019-08-08T10:21:59","guid":{"rendered":"http:\/\/136.144.181.85\/~nedzink\/?page_id=47157"},"modified":"2025-12-15T12:18:40","modified_gmt":"2025-12-15T11:18:40","slug":"projekt-v-kostce","status":"publish","type":"page","link":"https:\/\/www.nedzink.com\/cs\/projekt-v-kostce\/","title":{"rendered":"Projekt v kostce"},"content":{"rendered":"[vc_row][vc_column][mk_padding_divider size=&#8220;75&#8243; visibility=&#8220;hidden-sm&#8220;][\/vc_column][\/vc_row][vc_row equal_columns=&#8220;true&#8220; attached=&#8220;true&#8220; column_padding=&#8220;3&#8243; el_class=&#8220;rij-wit-schaduw&#8220;][vc_column width=&#8220;1\/4&#8243;][vc_column_text css=&#8220;.vc_custom_1576059865094{margin-bottom: 0px !important;}&#8220;]\n<h1>Projekt v kostce<\/h1>\n[\/vc_column_text][mk_padding_divider size=&#8220;50&#8243;][vc_column_text css=&#8220;.vc_custom_1765797435703{margin-bottom: 0px !important;}&#8220;]<div class=\"_df_thumb \" id=\"df_139022\"  wpoptions=\"true\" thumb=\"https:\/\/www.nedzink.com\/wp-content\/uploads\/2025\/12\/dolphinbay_eng_150x213.jpg\" thumbtype=\"img\" >Villa Dolphin Bay<\/div><script data-cfasync=\"false\">var option_df_139022 = {\"outline\":[],\"forceFit\":\"true\",\"autoEnableOutline\":\"false\",\"autoEnableThumbnail\":\"false\",\"overwritePDFOutline\":\"false\",\"direction\":\"1\",\"pageMode\":\"0\",\"source\":\"https:\\\/\\\/www.nedzink.com\\\/wp-content\\\/uploads\\\/2025\\\/12\\\/48746-nz-project-in-focus-dolphin-bay_eng_web.pdf\",\"wpOptions\":\"true\"}; if(window.DFLIP && DFLIP.parseBooks){DFLIP.parseBooks();}<\/script>[\/vc_column_text][mk_padding_divider size=&#8220;50&#8243;][vc_column_text css=&#8220;.vc_custom_1606814437346{margin-bottom: 0px !important;}&#8220;]<div class=\"_df_thumb \" id=\"df_58803\"  wpoptions=\"true\" thumb=\"https:\/\/www.nedzink.com\/wp-content\/uploads\/2020\/12\/nz-project-uitgelicht-kapel-st.-louis-oudenbosch-en-150x213px.jpg\" thumbtype=\"img\" >Chapel St. Louis (NL)<\/div><script data-cfasync=\"false\">var option_df_58803 = {\"outline\":[],\"forceFit\":\"true\",\"autoEnableOutline\":\"false\",\"autoEnableThumbnail\":\"false\",\"overwritePDFOutline\":\"false\",\"direction\":\"1\",\"pageMode\":\"0\",\"source\":\"https:\\\/\\\/www.nedzink.com\\\/wp-content\\\/uploads\\\/2020\\\/12\\\/nz-project-uitgelicht-kapel-st.-louis-oudenbosch-en.pdf\",\"wpOptions\":\"true\"}; if(window.DFLIP && DFLIP.parseBooks){DFLIP.parseBooks();}<\/script>[\/vc_column_text][mk_padding_divider size=&#8220;50&#8243;][vc_column_text css=&#8220;.vc_custom_1567499923603{margin-bottom: 0px !important;}&#8220;]<div class=\"_df_thumb \" id=\"df_48830\"  wpoptions=\"true\" thumb=\"https:\/\/www.nedzink.com\/wp-content\/uploads\/2019\/09\/25104-nz-project-uitgelicht-stadhuis-hasselt-en_def_lr-1-150x213.jpg\" thumbtype=\"img\" >Hasselt City Hall<\/div><script data-cfasync=\"false\">var option_df_48830 = {\"outline\":[],\"forceFit\":\"true\",\"autoEnableOutline\":\"false\",\"autoEnableThumbnail\":\"false\",\"overwritePDFOutline\":\"false\",\"direction\":\"1\",\"pageMode\":\"0\",\"source\":\"https:\\\/\\\/www.nedzink.com\\\/wp-content\\\/uploads\\\/2019\\\/09\\\/25104-nz-project-uitgelicht-stadhuis-hasselt-en.pdf\",\"wpOptions\":\"true\"}; if(window.DFLIP && DFLIP.parseBooks){DFLIP.parseBooks();}<\/script>[\/vc_column_text][\/vc_column][vc_column width=&#8220;1\/4&#8243;][mk_padding_divider size=&#8220;50&#8243;][mk_padding_divider size=&#8220;50&#8243;][vc_column_text css=&#8220;.vc_custom_1746783270690{margin-bottom: 0px !important;}&#8220;]<div class=\"_df_thumb \" id=\"df_137011\"  wpoptions=\"true\" thumb=\"https:\/\/www.nedzink.com\/wp-content\/uploads\/2025\/05\/rosabonheur150x213eng.jpg\" thumbtype=\"img\" >School Group Rosa Bonheur<\/div><script data-cfasync=\"false\">var option_df_137011 = {\"outline\":[],\"forceFit\":\"true\",\"autoEnableOutline\":\"false\",\"autoEnableThumbnail\":\"false\",\"overwritePDFOutline\":\"false\",\"direction\":\"1\",\"pageMode\":\"0\",\"source\":\"https:\\\/\\\/www.nedzink.com\\\/wp-content\\\/uploads\\\/2025\\\/05\\\/46382-nz-project-in-focus-rosa-bonheur-eng_web.pdf\",\"wpOptions\":\"true\"}; if(window.DFLIP && DFLIP.parseBooks){DFLIP.parseBooks();}<\/script>[\/vc_column_text][mk_padding_divider size=&#8220;50&#8243;][vc_column_text css=&#8220;.vc_custom_1598353002741{margin-bottom: 0px !important;}&#8220;]<div class=\"_df_thumb \" id=\"df_57958\"  wpoptions=\"true\" thumb=\"https:\/\/www.nedzink.com\/wp-content\/uploads\/2020\/08\/nz-projectbrochure-transport-terminal-strakonic-cz-a4_cz-150x213-1.jpg\" thumbtype=\"img\" >Strakonice Transport Terminal<\/div><script data-cfasync=\"false\">var option_df_57958 = {\"outline\":[],\"forceFit\":\"true\",\"autoEnableOutline\":\"false\",\"autoEnableThumbnail\":\"false\",\"overwritePDFOutline\":\"false\",\"direction\":\"1\",\"pageMode\":\"0\",\"source\":\"https:\\\/\\\/www.nedzink.com\\\/wp-content\\\/uploads\\\/2020\\\/08\\\/nz-projectbrochure-transport-terminal-strakonic-cz-a4_cz.pdf\",\"wpOptions\":\"true\"}; if(window.DFLIP && DFLIP.parseBooks){DFLIP.parseBooks();}<\/script>[\/vc_column_text][mk_padding_divider size=&#8220;50&#8243;][vc_column_text css=&#8220;.vc_custom_1567499911859{margin-bottom: 0px !important;}&#8220;]<div class=\"_df_thumb \" id=\"df_48829\"  wpoptions=\"true\" thumb=\"https:\/\/www.nedzink.com\/wp-content\/uploads\/2019\/09\/20932-nz-project-uitgelicht-nato-a4-en-1-150x213.jpg\" thumbtype=\"img\" >NATO Headquarters<\/div><script data-cfasync=\"false\">var option_df_48829 = {\"outline\":[],\"forceFit\":\"true\",\"autoEnableOutline\":\"false\",\"autoEnableThumbnail\":\"false\",\"overwritePDFOutline\":\"false\",\"direction\":\"1\",\"pageMode\":\"0\",\"source\":\"https:\\\/\\\/www.nedzink.com\\\/wp-content\\\/uploads\\\/2019\\\/09\\\/20932-nz-project-uitgelicht-nato-a4-en.pdf\",\"wpOptions\":\"true\"}; if(window.DFLIP && DFLIP.parseBooks){DFLIP.parseBooks();}<\/script>[\/vc_column_text][\/vc_column][vc_column width=&#8220;1\/4&#8243;][mk_padding_divider size=&#8220;50&#8243;][mk_padding_divider size=&#8220;50&#8243;][vc_column_text css=&#8220;.vc_custom_1670335406903{margin-bottom: 0px !important;}&#8220;]<div class=\"_df_thumb \" id=\"df_122250\"  wpoptions=\"true\" thumb=\"https:\/\/www.nedzink.com\/wp-content\/uploads\/2022\/12\/nz-projectbrochure-nuance-ceske-pristavy-holesovice_cz-1-150x213-1.jpg\" thumbtype=\"img\" >Administrativn\u00ed budova \u010cesk\u00e9 p\u0159\u00edstavy<\/div><script data-cfasync=\"false\">var option_df_122250 = {\"outline\":[],\"forceFit\":\"true\",\"autoEnableOutline\":\"false\",\"autoEnableThumbnail\":\"false\",\"overwritePDFOutline\":\"false\",\"direction\":\"1\",\"pageMode\":\"0\",\"source\":\"https:\\\/\\\/www.nedzink.com\\\/wp-content\\\/uploads\\\/2022\\\/12\\\/nz-projectbrochure-nuance-ceske-pristavy-holesovice_cz-2.pdf\",\"wpOptions\":\"true\"}; if(window.DFLIP && DFLIP.parseBooks){DFLIP.parseBooks();}<\/script>[\/vc_column_text][mk_padding_divider size=&#8220;50&#8243;][vc_column_text css=&#8220;.vc_custom_1598353038316{margin-bottom: 0px !important;}&#8220;]<div class=\"_df_thumb \" id=\"df_52793\"  wpoptions=\"true\" thumb=\"https:\/\/www.nedzink.com\/wp-content\/uploads\/2020\/01\/nz-projectbrochure-stationsquare-sa-a4_eng-150x213.jpg\" thumbtype=\"img\" >Station Square South Africa<\/div><script data-cfasync=\"false\">var option_df_52793 = {\"outline\":[],\"forceFit\":\"true\",\"autoEnableOutline\":\"false\",\"autoEnableThumbnail\":\"false\",\"overwritePDFOutline\":\"false\",\"direction\":\"1\",\"pageMode\":\"0\",\"source\":\"https:\\\/\\\/www.nedzink.com\\\/wp-content\\\/uploads\\\/2020\\\/01\\\/nz-projectbrochure-stationsquare-sa-a4_eng-1.pdf\",\"wpOptions\":\"true\"}; if(window.DFLIP && DFLIP.parseBooks){DFLIP.parseBooks();}<\/script>[\/vc_column_text][mk_padding_divider size=&#8220;50&#8243;][vc_column_text css=&#8220;.vc_custom_1567499899383{margin-bottom: 0px !important;}&#8220;]<div class=\"_df_thumb \" id=\"df_48828\"  wpoptions=\"true\" thumb=\"https:\/\/www.nedzink.com\/wp-content\/uploads\/2019\/09\/21740-nz-projectbrochure-dordrecht-a4_en-lr-1-150x213.jpg\" thumbtype=\"img\" >Villa Dubbeldam<\/div><script data-cfasync=\"false\">var option_df_48828 = {\"outline\":[],\"forceFit\":\"true\",\"autoEnableOutline\":\"false\",\"autoEnableThumbnail\":\"false\",\"overwritePDFOutline\":\"false\",\"direction\":\"1\",\"pageMode\":\"0\",\"source\":\"https:\\\/\\\/www.nedzink.com\\\/wp-content\\\/uploads\\\/2019\\\/09\\\/21740-nz-projectbrochure-dordrecht-a4_en-lr.pdf\",\"wpOptions\":\"true\"}; if(window.DFLIP && DFLIP.parseBooks){DFLIP.parseBooks();}<\/script>[\/vc_column_text][\/vc_column][vc_column width=&#8220;1\/4&#8243;][mk_padding_divider size=&#8220;50&#8243;][mk_padding_divider size=&#8220;50&#8243;][vc_column_text css=&#8220;.vc_custom_1647610489351{margin-bottom: 0px !important;}&#8220;]<div class=\"_df_thumb \" id=\"df_107363\"  wpoptions=\"true\" thumb=\"https:\/\/www.nedzink.com\/wp-content\/uploads\/2022\/03\/amphion_eng_150x213px.jpg\" thumbtype=\"img\" >Amphion Theatre<\/div><script data-cfasync=\"false\">var option_df_107363 = {\"outline\":[],\"forceFit\":\"true\",\"autoEnableOutline\":\"false\",\"autoEnableThumbnail\":\"false\",\"overwritePDFOutline\":\"false\",\"direction\":\"1\",\"pageMode\":\"0\",\"source\":\"https:\\\/\\\/www.nedzink.com\\\/wp-content\\\/uploads\\\/2022\\\/03\\\/35791-nz-project-uitgelicht-2022_eng_web.pdf\",\"wpOptions\":\"true\"}; if(window.DFLIP && DFLIP.parseBooks){DFLIP.parseBooks();}<\/script>[\/vc_column_text][mk_padding_divider size=&#8220;50&#8243;][vc_column_text css=&#8220;.vc_custom_1567499935469{margin-bottom: 0px !important;}&#8220;]<div class=\"_df_thumb \" id=\"df_48831\"  wpoptions=\"true\" thumb=\"https:\/\/www.nedzink.com\/wp-content\/uploads\/2019\/09\/25783-nz-project-uitgelicht-sporthalle-stuttgart-eng_web-1-150x213.jpg\" thumbtype=\"img\" >Sports Hall Stuttgart<\/div><script data-cfasync=\"false\">var option_df_48831 = {\"webgl\":\"true\",\"outline\":[],\"forceFit\":\"true\",\"autoEnableOutline\":\"false\",\"autoEnableThumbnail\":\"false\",\"overwritePDFOutline\":\"false\",\"direction\":\"1\",\"pageMode\":\"0\",\"source\":\"https:\\\/\\\/www.nedzink.com\\\/wp-content\\\/uploads\\\/2019\\\/09\\\/25783-nz-project-uitgelicht-sporthalle-stuttgart-eng_web.pdf\",\"wpOptions\":\"true\"}; if(window.DFLIP && DFLIP.parseBooks){DFLIP.parseBooks();}<\/script>[\/vc_column_text][mk_padding_divider size=&#8220;50&#8243;][vc_column_text css=&#8220;.vc_custom_1567499888146{margin-bottom: 0px !important;}&#8220;]<div class=\"_df_thumb \" id=\"df_48727\"  wpoptions=\"true\" thumb=\"https:\/\/www.nedzink.com\/wp-content\/uploads\/2019\/09\/pyeongchang-a4-en-150x213.jpg\" thumbtype=\"img\" >Train Station PeyongChang<\/div><script data-cfasync=\"false\">var option_df_48727 = {\"outline\":[],\"forceFit\":\"true\",\"autoEnableOutline\":\"false\",\"autoEnableThumbnail\":\"false\",\"overwritePDFOutline\":\"false\",\"direction\":\"1\",\"pageMode\":\"0\",\"source\":\"https:\\\/\\\/www.nedzink.com\\\/wp-content\\\/uploads\\\/2019\\\/09\\\/23063-nz-projectbrochure-stationsgebouw-pyeongchang-a4_en.pdf\",\"wpOptions\":\"true\"}; if(window.DFLIP && DFLIP.parseBooks){DFLIP.parseBooks();}<\/script>[\/vc_column_text][\/vc_column][\/vc_row][vc_row][vc_column][mk_padding_divider size=&#8220;50&#8243;][\/vc_column][\/vc_row]\n","protected":false},"excerpt":{"rendered":"<p>[vc_row][vc_column][mk_padding_divider size=&#8220;75&#8243; visibility=&#8220;hidden-sm&#8220;][\/vc_column][\/vc_row][vc_row equal_columns=&#8220;true&#8220; attached=&#8220;true&#8220; column_padding=&#8220;3&#8243; el_class=&#8220;rij-wit-schaduw&#8220;][vc_column width=&#8220;1\/4&#8243;][vc_column_text css=&#8220;.vc_custom_1576059865094{margin-bottom: 0px !important;}&#8220;] Projekt v kostce [\/vc_column_text][mk_padding_divider size=&#8220;50&#8243;][vc_column_text css=&#8220;.vc_custom_1765797435703{margin-bottom: 0px !important;}&#8220;][\/vc_column_text][mk_padding_divider size=&#8220;50&#8243;][vc_column_text css=&#8220;.vc_custom_1606814437346{margin-bottom: 0px !important;}&#8220;][\/vc_column_text][mk_padding_divider size=&#8220;50&#8243;][vc_column_text css=&#8220;.vc_custom_1567499923603{margin-bottom: 0px !important;}&#8220;][\/vc_column_text][\/vc_column][vc_column width=&#8220;1\/4&#8243;][mk_padding_divider size=&#8220;50&#8243;][mk_padding_divider size=&#8220;50&#8243;][vc_column_text css=&#8220;.vc_custom_1746783270690{margin-bottom: 0px !important;}&#8220;][\/vc_column_text][mk_padding_divider size=&#8220;50&#8243;][vc_column_text css=&#8220;.vc_custom_1598353002741{margin-bottom: 0px !important;}&#8220;][\/vc_column_text][mk_padding_divider size=&#8220;50&#8243;][vc_column_text css=&#8220;.vc_custom_1567499911859{margin-bottom: 0px !important;}&#8220;][\/vc_column_text][\/vc_column][vc_column width=&#8220;1\/4&#8243;][mk_padding_divider size=&#8220;50&#8243;][mk_padding_divider size=&#8220;50&#8243;][vc_column_text css=&#8220;.vc_custom_1670335406903{margin-bottom: 0px !important;}&#8220;][\/vc_column_text][mk_padding_divider size=&#8220;50&#8243;][vc_column_text css=&#8220;.vc_custom_1598353038316{margin-bottom: 0px !important;}&#8220;][\/vc_column_text][mk_padding_divider size=&#8220;50&#8243;][vc_column_text css=&#8220;.vc_custom_1567499899383{margin-bottom: 0px !important;}&#8220;][\/vc_column_text][\/vc_column][vc_column [&hellip;]<\/p>\n","protected":false},"author":4,"featured_media":0,"parent":0,"menu_order":0,"comment_status":"closed","ping_status":"closed","template":"","meta":{"_acf_changed":false,"footnotes":""},"class_list":["post-47157","page","type-page","status-publish","hentry"],"acf":[],"yoast_head":"<!-- This site is optimized with the Yoast SEO plugin v26.8 - https:\/\/yoast.com\/product\/yoast-seo-wordpress\/ -->\n<title>Project Uitgelicht CZ \u2013 NedZink<\/title>\n<meta name=\"robots\" content=\"index, follow, max-snippet:-1, max-image-preview:large, max-video-preview:-1\" \/>\n<link rel=\"canonical\" href=\"https:\/\/www.nedzink.com\/cs\/projekt-v-kostce\/\" \/>\n<meta property=\"og:locale\" content=\"cs_CZ\" \/>\n<meta property=\"og:type\" content=\"article\" \/>\n<meta property=\"og:title\" content=\"Project Uitgelicht CZ \u2013 NedZink\" \/>\n<meta property=\"og:description\" content=\"[vc_row][vc_column][mk_padding_divider size=&#8220;75&#8243; visibility=&#8220;hidden-sm&#8220;][\/vc_column][\/vc_row][vc_row equal_columns=&#8220;true&#8220; attached=&#8220;true&#8220; column_padding=&#8220;3&#8243; el_class=&#8220;rij-wit-schaduw&#8220;][vc_column width=&#8220;1\/4&#8243;][vc_column_text css=&#8220;.vc_custom_1576059865094{margin-bottom: 0px !important;}&#8220;] Projekt v kostce [\/vc_column_text][mk_padding_divider size=&#8220;50&#8243;][vc_column_text css=&#8220;.vc_custom_1765797435703{margin-bottom: 0px !important;}&#8220;][\/vc_column_text][mk_padding_divider size=&#8220;50&#8243;][vc_column_text css=&#8220;.vc_custom_1606814437346{margin-bottom: 0px !important;}&#8220;][\/vc_column_text][mk_padding_divider size=&#8220;50&#8243;][vc_column_text css=&#8220;.vc_custom_1567499923603{margin-bottom: 0px !important;}&#8220;][\/vc_column_text][\/vc_column][vc_column width=&#8220;1\/4&#8243;][mk_padding_divider size=&#8220;50&#8243;][mk_padding_divider size=&#8220;50&#8243;][vc_column_text css=&#8220;.vc_custom_1746783270690{margin-bottom: 0px !important;}&#8220;][\/vc_column_text][mk_padding_divider size=&#8220;50&#8243;][vc_column_text css=&#8220;.vc_custom_1598353002741{margin-bottom: 0px !important;}&#8220;][\/vc_column_text][mk_padding_divider size=&#8220;50&#8243;][vc_column_text css=&#8220;.vc_custom_1567499911859{margin-bottom: 0px !important;}&#8220;][\/vc_column_text][\/vc_column][vc_column width=&#8220;1\/4&#8243;][mk_padding_divider size=&#8220;50&#8243;][mk_padding_divider size=&#8220;50&#8243;][vc_column_text css=&#8220;.vc_custom_1670335406903{margin-bottom: 0px !important;}&#8220;][\/vc_column_text][mk_padding_divider size=&#8220;50&#8243;][vc_column_text css=&#8220;.vc_custom_1598353038316{margin-bottom: 0px !important;}&#8220;][\/vc_column_text][mk_padding_divider size=&#8220;50&#8243;][vc_column_text css=&#8220;.vc_custom_1567499899383{margin-bottom: 0px !important;}&#8220;][\/vc_column_text][\/vc_column][vc_column [&hellip;]\" \/>\n<meta property=\"og:url\" content=\"https:\/\/www.nedzink.com\/cs\/projekt-v-kostce\/\" \/>\n<meta property=\"og:site_name\" content=\"NedZink\" \/>\n<meta property=\"article:modified_time\" content=\"2025-12-15T11:18:40+00:00\" \/>\n<meta name=\"twitter:card\" content=\"summary_large_image\" \/>\n<meta name=\"twitter:label1\" content=\"Odhadovan\u00e1 doba \u010dten\u00ed\" \/>\n\t<meta name=\"twitter:data1\" content=\"1 minuta\" \/>\n<script type=\"application\/ld+json\" class=\"yoast-schema-graph\">{\"@context\":\"https:\/\/schema.org\",\"@graph\":[{\"@type\":\"WebPage\",\"@id\":\"https:\/\/www.nedzink.com\/cs\/projekt-v-kostce\/\",\"url\":\"https:\/\/www.nedzink.com\/cs\/projekt-v-kostce\/\",\"name\":\"Project Uitgelicht CZ \u2013 NedZink\",\"isPartOf\":{\"@id\":\"https:\/\/www.nedzink.com\/cs\/#website\"},\"datePublished\":\"2019-08-08T10:21:59+00:00\",\"dateModified\":\"2025-12-15T11:18:40+00:00\",\"breadcrumb\":{\"@id\":\"https:\/\/www.nedzink.com\/cs\/projekt-v-kostce\/#breadcrumb\"},\"inLanguage\":\"cs\",\"potentialAction\":[{\"@type\":\"ReadAction\",\"target\":[\"https:\/\/www.nedzink.com\/cs\/projekt-v-kostce\/\"]}]},{\"@type\":\"BreadcrumbList\",\"@id\":\"https:\/\/www.nedzink.com\/cs\/projekt-v-kostce\/#breadcrumb\",\"itemListElement\":[{\"@type\":\"ListItem\",\"position\":1,\"name\":\"Home\",\"item\":\"https:\/\/www.nedzink.com\/cs\/\"},{\"@type\":\"ListItem\",\"position\":2,\"name\":\"Projekt v kostce\"}]},{\"@type\":\"WebSite\",\"@id\":\"https:\/\/www.nedzink.com\/cs\/#website\",\"url\":\"https:\/\/www.nedzink.com\/cs\/\",\"name\":\"NedZink\",\"description\":\"Zink fabrikant\",\"publisher\":{\"@id\":\"https:\/\/www.nedzink.com\/cs\/#organization\"},\"potentialAction\":[{\"@type\":\"SearchAction\",\"target\":{\"@type\":\"EntryPoint\",\"urlTemplate\":\"https:\/\/www.nedzink.com\/cs\/?s={search_term_string}\"},\"query-input\":{\"@type\":\"PropertyValueSpecification\",\"valueRequired\":true,\"valueName\":\"search_term_string\"}}],\"inLanguage\":\"cs\"},{\"@type\":\"Organization\",\"@id\":\"https:\/\/www.nedzink.com\/cs\/#organization\",\"name\":\"NedZink\",\"url\":\"https:\/\/www.nedzink.com\/cs\/\",\"logo\":{\"@type\":\"ImageObject\",\"inLanguage\":\"cs\",\"@id\":\"https:\/\/www.nedzink.com\/cs\/#\/schema\/logo\/image\/\",\"url\":\"https:\/\/www.nedzink.com\/wp-content\/uploads\/2019\/08\/logo-nedzink_fc_zk.jpg\",\"contentUrl\":\"https:\/\/www.nedzink.com\/wp-content\/uploads\/2019\/08\/logo-nedzink_fc_zk.jpg\",\"width\":2160,\"height\":688,\"caption\":\"NedZink\"},\"image\":{\"@id\":\"https:\/\/www.nedzink.com\/cs\/#\/schema\/logo\/image\/\"}}]}<\/script>\n<!-- \/ Yoast SEO plugin. -->","yoast_head_json":{"title":"Project Uitgelicht CZ \u2013 NedZink","robots":{"index":"index","follow":"follow","max-snippet":"max-snippet:-1","max-image-preview":"max-image-preview:large","max-video-preview":"max-video-preview:-1"},"canonical":"https:\/\/www.nedzink.com\/cs\/projekt-v-kostce\/","og_locale":"cs_CZ","og_type":"article","og_title":"Project Uitgelicht CZ \u2013 NedZink","og_description":"[vc_row][vc_column][mk_padding_divider size=&#8220;75&#8243; visibility=&#8220;hidden-sm&#8220;][\/vc_column][\/vc_row][vc_row equal_columns=&#8220;true&#8220; attached=&#8220;true&#8220; column_padding=&#8220;3&#8243; el_class=&#8220;rij-wit-schaduw&#8220;][vc_column width=&#8220;1\/4&#8243;][vc_column_text css=&#8220;.vc_custom_1576059865094{margin-bottom: 0px !important;}&#8220;] Projekt v kostce [\/vc_column_text][mk_padding_divider size=&#8220;50&#8243;][vc_column_text css=&#8220;.vc_custom_1765797435703{margin-bottom: 0px !important;}&#8220;][\/vc_column_text][mk_padding_divider size=&#8220;50&#8243;][vc_column_text css=&#8220;.vc_custom_1606814437346{margin-bottom: 0px !important;}&#8220;][\/vc_column_text][mk_padding_divider size=&#8220;50&#8243;][vc_column_text css=&#8220;.vc_custom_1567499923603{margin-bottom: 0px !important;}&#8220;][\/vc_column_text][\/vc_column][vc_column width=&#8220;1\/4&#8243;][mk_padding_divider size=&#8220;50&#8243;][mk_padding_divider size=&#8220;50&#8243;][vc_column_text css=&#8220;.vc_custom_1746783270690{margin-bottom: 0px !important;}&#8220;][\/vc_column_text][mk_padding_divider size=&#8220;50&#8243;][vc_column_text css=&#8220;.vc_custom_1598353002741{margin-bottom: 0px !important;}&#8220;][\/vc_column_text][mk_padding_divider size=&#8220;50&#8243;][vc_column_text css=&#8220;.vc_custom_1567499911859{margin-bottom: 0px !important;}&#8220;][\/vc_column_text][\/vc_column][vc_column width=&#8220;1\/4&#8243;][mk_padding_divider size=&#8220;50&#8243;][mk_padding_divider size=&#8220;50&#8243;][vc_column_text css=&#8220;.vc_custom_1670335406903{margin-bottom: 0px !important;}&#8220;][\/vc_column_text][mk_padding_divider size=&#8220;50&#8243;][vc_column_text css=&#8220;.vc_custom_1598353038316{margin-bottom: 0px !important;}&#8220;][\/vc_column_text][mk_padding_divider size=&#8220;50&#8243;][vc_column_text css=&#8220;.vc_custom_1567499899383{margin-bottom: 0px !important;}&#8220;][\/vc_column_text][\/vc_column][vc_column [&hellip;]","og_url":"https:\/\/www.nedzink.com\/cs\/projekt-v-kostce\/","og_site_name":"NedZink","article_modified_time":"2025-12-15T11:18:40+00:00","twitter_card":"summary_large_image","twitter_misc":{"Odhadovan\u00e1 doba \u010dten\u00ed":"1 minuta"},"schema":{"@context":"https:\/\/schema.org","@graph":[{"@type":"WebPage","@id":"https:\/\/www.nedzink.com\/cs\/projekt-v-kostce\/","url":"https:\/\/www.nedzink.com\/cs\/projekt-v-kostce\/","name":"Project Uitgelicht CZ \u2013 NedZink","isPartOf":{"@id":"https:\/\/www.nedzink.com\/cs\/#website"},"datePublished":"2019-08-08T10:21:59+00:00","dateModified":"2025-12-15T11:18:40+00:00","breadcrumb":{"@id":"https:\/\/www.nedzink.com\/cs\/projekt-v-kostce\/#breadcrumb"},"inLanguage":"cs","potentialAction":[{"@type":"ReadAction","target":["https:\/\/www.nedzink.com\/cs\/projekt-v-kostce\/"]}]},{"@type":"BreadcrumbList","@id":"https:\/\/www.nedzink.com\/cs\/projekt-v-kostce\/#breadcrumb","itemListElement":[{"@type":"ListItem","position":1,"name":"Home","item":"https:\/\/www.nedzink.com\/cs\/"},{"@type":"ListItem","position":2,"name":"Projekt v kostce"}]},{"@type":"WebSite","@id":"https:\/\/www.nedzink.com\/cs\/#website","url":"https:\/\/www.nedzink.com\/cs\/","name":"NedZink","description":"Zink fabrikant","publisher":{"@id":"https:\/\/www.nedzink.com\/cs\/#organization"},"potentialAction":[{"@type":"SearchAction","target":{"@type":"EntryPoint","urlTemplate":"https:\/\/www.nedzink.com\/cs\/?s={search_term_string}"},"query-input":{"@type":"PropertyValueSpecification","valueRequired":true,"valueName":"search_term_string"}}],"inLanguage":"cs"},{"@type":"Organization","@id":"https:\/\/www.nedzink.com\/cs\/#organization","name":"NedZink","url":"https:\/\/www.nedzink.com\/cs\/","logo":{"@type":"ImageObject","inLanguage":"cs","@id":"https:\/\/www.nedzink.com\/cs\/#\/schema\/logo\/image\/","url":"https:\/\/www.nedzink.com\/wp-content\/uploads\/2019\/08\/logo-nedzink_fc_zk.jpg","contentUrl":"https:\/\/www.nedzink.com\/wp-content\/uploads\/2019\/08\/logo-nedzink_fc_zk.jpg","width":2160,"height":688,"caption":"NedZink"},"image":{"@id":"https:\/\/www.nedzink.com\/cs\/#\/schema\/logo\/image\/"}}]}},"_links":{"self":[{"href":"https:\/\/www.nedzink.com\/cs\/wp-json\/wp\/v2\/pages\/47157","targetHints":{"allow":["GET"]}}],"collection":[{"href":"https:\/\/www.nedzink.com\/cs\/wp-json\/wp\/v2\/pages"}],"about":[{"href":"https:\/\/www.nedzink.com\/cs\/wp-json\/wp\/v2\/types\/page"}],"author":[{"embeddable":true,"href":"https:\/\/www.nedzink.com\/cs\/wp-json\/wp\/v2\/users\/4"}],"replies":[{"embeddable":true,"href":"https:\/\/www.nedzink.com\/cs\/wp-json\/wp\/v2\/comments?post=47157"}],"version-history":[{"count":14,"href":"https:\/\/www.nedzink.com\/cs\/wp-json\/wp\/v2\/pages\/47157\/revisions"}],"predecessor-version":[{"id":139069,"href":"https:\/\/www.nedzink.com\/cs\/wp-json\/wp\/v2\/pages\/47157\/revisions\/139069"}],"wp:attachment":[{"href":"https:\/\/www.nedzink.com\/cs\/wp-json\/wp\/v2\/media?parent=47157"}],"curies":[{"name":"wp","href":"https:\/\/api.w.org\/{rel}","templated":true}]}}