{"id":47156,"date":"2019-08-08T12:22:17","date_gmt":"2019-08-08T10:22:17","guid":{"rendered":"http:\/\/136.144.181.85\/~nedzink\/?page_id=47156"},"modified":"2019-09-03T09:13:55","modified_gmt":"2019-09-03T07:13:55","slug":"prihlaste-se-k-odberu-novinek","status":"publish","type":"page","link":"https:\/\/www.nedzink.com\/cs\/prihlaste-se-k-odberu-novinek\/","title":{"rendered":"P\u0159ihlaste se k odb\u011bru novinek"},"content":{"rendered":"[vc_row][vc_column][mk_padding_divider size=&#8220;75&#8243; visibility=&#8220;hidden-sm&#8220;][\/vc_column][\/vc_row][vc_row equal_columns=&#8220;true&#8220; attached=&#8220;true&#8220; column_padding=&#8220;3&#8243; el_class=&#8220;rij-wit-schaduw&#8220;][vc_column][vc_column_text css=&#8220;.vc_custom_1567494816386{margin-bottom: 0px !important;}&#8220;]\n<h1>P\u0159ihlaste se k odb\u011bru novinek<\/h1>\n<p>Prost\u0159ednictv\u00edm na\u0161eho zpravodaje budete informov\u00e1ni o na\u0161ich produktech, aplikac\u00edch a projektech.[\/vc_column_text][vc_column_text css=&#8220;.vc_custom_1567494830785{margin-bottom: 0px !important;}&#8220;]\n<div class=\"caldera-grid\" id=\"caldera_form_1\" data-cf-ver=\"1.9.6\" data-cf-form-id=\"CF5d6e0bbc5a38a\"><div id=\"caldera_notices_1\" data-spinner=\"https:\/\/www.nedzink.com\/wp-admin\/images\/spinner.gif\"><\/div><form data-instance=\"1\" class=\"CF5d6e0bbc5a38a caldera_forms_form cfajax-trigger\" method=\"POST\" enctype=\"multipart\/form-data\" id=\"CF5d6e0bbc5a38a_1\" data-form-id=\"CF5d6e0bbc5a38a\" aria-label=\"Nieuwsbrief Inschrijving CS\" data-target=\"#caldera_notices_1\" data-template=\"#cfajax_CF5d6e0bbc5a38a-tmpl\" data-cfajax=\"CF5d6e0bbc5a38a\" data-load-element=\"_parent\" data-load-class=\"cf_processing\" data-post-disable=\"0\" data-action=\"cf_process_ajax_submit\" data-request=\"https:\/\/www.nedzink.com\/cs\/\/cf-api\/CF5d6e0bbc5a38a\" data-custom-callback=\"formSubmitCaldera\" data-hiderows=\"true\">\r\n<input type=\"hidden\" id=\"_cf_verify_CF5d6e0bbc5a38a\" name=\"_cf_verify\" value=\"172096f2c5\"  data-nonce-time=\"1776229999\" \/><input type=\"hidden\" name=\"_wp_http_referer\" value=\"\/cs\/wp-json\/wp\/v2\/pages\/47156\" \/><div id=\"cf2-CF5d6e0bbc5a38a_1\"><\/div><input type=\"hidden\" name=\"_cf_frm_id\" value=\"CF5d6e0bbc5a38a\">\r\n<input type=\"hidden\" name=\"_cf_frm_ct\" value=\"1\">\r\n<input type=\"hidden\" name=\"cfajax\" value=\"CF5d6e0bbc5a38a\">\r\n<input type=\"hidden\" name=\"_cf_cr_pst\" value=\"47156\">\r\n<div class=\"hide\" style=\"display:none; overflow:hidden;height:0;width:0;\">\r\n<label>Order Number<\/label><input type=\"text\" name=\"order_number\" value=\"\" autocomplete=\"off\">\r\n<\/div><div id=\"CF5d6e0bbc5a38a_1-row-1\"  class=\"row  single\"><div  class=\"col-sm-12  single\"><div data-field-wrapper=\"fld_5647657\" class=\"form-group\" id=\"fld_5647657_1-wrap\">\r\n<label id=\"fld_5647657Label\" for=\"fld_5647657_1\" class=\"control-label\">Titul<\/label>\r\n<div class=\"\">\r\n\t\t\t\t\t<div class=\"radio\">\n\t\t\t\t<label data-label=\"Pane\" for=\"fld_5647657_1_opt1535178\"><input type=\"radio\" id=\"fld_5647657_1_opt1535178\" data-field=\"fld_5647657\" class=\"fld_5647657_1\" name=\"fld_5647657\" value=\"Pane\"    data-radio-field=\"fld_5647657_1\" data-type=\"radio\" data-calc-value=\"Pane\" \/>\n\t\t\tPane\t\t<\/label>\n\t\t\t\t\t<\/div>\n\t\t\t\t\t\t\t\t\t<div class=\"radio\">\n\t\t\t\t<label data-label=\"Pani\" for=\"fld_5647657_1_opt1676741\"><input type=\"radio\" id=\"fld_5647657_1_opt1676741\" data-field=\"fld_5647657\" class=\"fld_5647657_1\" name=\"fld_5647657\" value=\"Pani\"    data-radio-field=\"fld_5647657_1\" data-type=\"radio\" data-calc-value=\"Pani\" \/>\n\t\t\tPani\t\t<\/label>\n\t\t\t\t\t<\/div>\n\t\t\t\t<\/div>\r\n<\/div>\r\n<div data-field-wrapper=\"fld_9970286\" class=\"form-group\" id=\"fld_9970286_1-wrap\">\r\n\t<label id=\"fld_9970286Label\" for=\"fld_9970286_1\" class=\"control-label\">Jm\u00e9no <span aria-hidden=\"true\" role=\"presentation\" class=\"field_required\" style=\"color:#ee0000;\">*<\/span><\/label>\r\n\t<div class=\"\">\r\n\t\t<input   required type=\"text\" data-field=\"fld_9970286\" class=\" form-control\" id=\"fld_9970286_1\" name=\"fld_9970286\" value=\"\" data-type=\"text\" aria-required=\"true\"   aria-labelledby=\"fld_9970286Label\" >\t\t\t<\/div>\r\n<\/div>\r\n<div data-field-wrapper=\"fld_8768091\" class=\"form-group\" id=\"fld_8768091_1-wrap\">\r\n\t<label id=\"fld_8768091Label\" for=\"fld_8768091_1\" class=\"control-label\">P\u0159\u00edjmen\u00ed <span aria-hidden=\"true\" role=\"presentation\" class=\"field_required\" style=\"color:#ee0000;\">*<\/span><\/label>\r\n\t<div class=\"\">\r\n\t\t<input   required type=\"text\" data-field=\"fld_8768091\" class=\" form-control\" id=\"fld_8768091_1\" name=\"fld_8768091\" value=\"\" data-type=\"text\" aria-required=\"true\"   aria-labelledby=\"fld_8768091Label\" >\t\t\t<\/div>\r\n<\/div>\r\n<div data-field-wrapper=\"fld_1024919\" class=\"form-group\" id=\"fld_1024919_1-wrap\">\r\n\t<label id=\"fld_1024919Label\" for=\"fld_1024919_1\" class=\"control-label\">Spole\u010dnost<\/label>\r\n\t<div class=\"\">\r\n\t\t<input    type=\"text\" data-field=\"fld_1024919\" class=\" form-control\" id=\"fld_1024919_1\" name=\"fld_1024919\" value=\"\" data-type=\"text\"   aria-labelledby=\"fld_1024919Label\" >\t\t\t<\/div>\r\n<\/div>\r\n<span class=\"caldera-forms-conditional-field\" role=\"region\" aria-live=\"polite\" id=\"conditional_fld_8072286_1\" data-field-id=\"fld_8072286_1\"><\/span><span class=\"caldera-forms-conditional-field\" role=\"region\" aria-live=\"polite\" id=\"conditional_fld_3015761_1\" data-field-id=\"fld_3015761_1\"><\/span><span class=\"caldera-forms-conditional-field\" role=\"region\" aria-live=\"polite\" id=\"conditional_fld_1120046_1\" data-field-id=\"fld_1120046_1\"><\/span><div data-field-wrapper=\"fld_6503439\" class=\"form-group\" id=\"fld_6503439_1-wrap\">\r\n\t<label id=\"fld_6503439Label\" for=\"fld_6503439_1\" class=\"control-label\">Zem\u011b<\/label>\r\n\t<div class=\"\">\r\n\t\t<input    type=\"text\" data-field=\"fld_6503439\" class=\" form-control\" id=\"fld_6503439_1\" name=\"fld_6503439\" value=\"\" data-type=\"text\"   aria-labelledby=\"fld_6503439Label\" >\t\t\t<\/div>\r\n<\/div>\r\n<div data-field-wrapper=\"fld_7706217\" class=\"form-group\" id=\"fld_7706217_1-wrap\">\r\n\t<label id=\"fld_7706217Label\" for=\"fld_7706217_1\" class=\"control-label\">Telefon<\/label>\r\n\t<div class=\"\">\r\n\t\t<input    type=\"tel\" data-field=\"fld_7706217\" class=\" form-control\" id=\"fld_7706217_1\" name=\"fld_7706217\" value=\"\" data-type=\"phone_better\"   aria-labelledby=\"fld_7706217Label\" >\t\t\t<\/div>\r\n<\/div>\r\n<div data-field-wrapper=\"fld_6009157\" class=\"form-group\" id=\"fld_6009157_1-wrap\">\r\n\t<label id=\"fld_6009157Label\" for=\"fld_6009157_1\" class=\"control-label\">E-mail <span aria-hidden=\"true\" role=\"presentation\" class=\"field_required\" style=\"color:#ee0000;\">*<\/span><\/label>\r\n\t<div class=\"\">\r\n\t\t<input   required type=\"email\" data-field=\"fld_6009157\" class=\" form-control\" id=\"fld_6009157_1\" name=\"fld_6009157\" value=\"\" data-type=\"email\" aria-required=\"true\"   aria-labelledby=\"fld_6009157Label\" >\t\t\t<\/div>\r\n<\/div>\r\n<div data-field-wrapper=\"fld_2169860\" class=\"form-group\" id=\"fld_2169860_1-wrap\">\r\n\t<label id=\"fld_2169860Label\" for=\"fld_2169860_1\" class=\"control-label\">Webov\u00e9 str\u00e1nky<\/label>\r\n\t<div class=\"\">\r\n\t\t<input    type=\"text\" data-field=\"fld_2169860\" class=\" form-control\" id=\"fld_2169860_1\" name=\"fld_2169860\" value=\"\" data-type=\"text\"   aria-labelledby=\"fld_2169860Label\" >\t\t\t<\/div>\r\n<\/div>\r\n<div data-field-wrapper=\"fld_7512971\" class=\"form-group\" id=\"fld_7512971_1-wrap\">\r\n\n\n<div class=\"\">\r\n\n<input placeholder=\"captcha\"  required type=\"hidden\" data-field=\"fld_7512971\" class=\" form-control\" id=\"fld_7512971_1\" name=\"fld_7512971\" value=\"\" data-type=\"recaptcha\" aria-required=\"true\"   aria-labelledby=\"fld_7512971Label\" >\n\t<div id=\"capfld_7512971_1\"><\/div>\n\n\n<\/div>\r\n\n<\/div>\r\n<div data-field-wrapper=\"fld_7908577\" class=\"form-group\" id=\"fld_7908577_1-wrap\">\r\n<div class=\"\">\r\n\t<input  class=\"btn btn-default\" type=\"submit\" name=\"fld_7908577\" id=\"fld_7908577_1\" value=\"Zaregistrujte se\" data-field=\"fld_7908577\"  >\n<\/div>\r\n<\/div>\r\n\t<input class=\"button_trigger_1\" type=\"hidden\" name=\"fld_7908577\" id=\"fld_7908577_1_btn\" value=\"\" data-field=\"fld_7908577\"  \/>\n<\/div><\/div><\/form>\r\n<\/div>\r\n<script type=\"text\/javascript\">\r\nif( typeof caldera_conditionals === \"undefined\" ){ var caldera_conditionals = {}; }caldera_conditionals.CF5d6e0bbc5a38a_1 = {\"fld_8072286_1\":{\"type\":\"show\",\"group\":{\"rw6620689084263763\":{\"cl5603772618491990\":{\"parent\":\"rw6620689084263763\",\"field\":\"fld_9840722\",\"compare\":\"is\",\"value\":\"opt1980173\"}}}},\"fld_3015761_1\":{\"type\":\"show\",\"group\":{\"rw6620689084263763\":{\"cl5603772618491990\":{\"parent\":\"rw6620689084263763\",\"field\":\"fld_9840722\",\"compare\":\"is\",\"value\":\"opt1980173\"}}}},\"fld_1120046_1\":{\"type\":\"show\",\"group\":{\"rw6620689084263763\":{\"cl5603772618491990\":{\"parent\":\"rw6620689084263763\",\"field\":\"fld_9840722\",\"compare\":\"is\",\"value\":\"opt1980173\"}}}}};\r\n<\/script>\r\n<script type=\"text\/html\" id=\"conditional-fld_8072286_1-tmpl\">\r\n<div data-field-wrapper=\"fld_8072286\" class=\"form-group\" id=\"fld_8072286_1-wrap\">\r\n\t<label id=\"fld_8072286Label\" for=\"fld_8072286_1\" class=\"control-label\">Adresa<\/label>\r\n\t<div class=\"\">\r\n\t\t<input    type=\"text\" data-field=\"fld_8072286\" class=\" form-control\" id=\"fld_8072286_1\" name=\"fld_8072286\" value=\"\" data-type=\"text\"   aria-labelledby=\"fld_8072286Label\" >\t\t\t<\/div>\r\n<\/div>\r\n<\/script>\r\n\r\n<script type=\"text\/html\" id=\"conditional-fld_3015761_1-tmpl\">\r\n<div data-field-wrapper=\"fld_3015761\" class=\"form-group\" id=\"fld_3015761_1-wrap\">\r\n\t<label id=\"fld_3015761Label\" for=\"fld_3015761_1\" class=\"control-label\">PS\u010c<\/label>\r\n\t<div class=\"\">\r\n\t\t<input    type=\"text\" data-field=\"fld_3015761\" class=\" form-control\" id=\"fld_3015761_1\" name=\"fld_3015761\" value=\"\" data-type=\"text\"   aria-labelledby=\"fld_3015761Label\" >\t\t\t<\/div>\r\n<\/div>\r\n<\/script>\r\n\r\n<script type=\"text\/html\" id=\"conditional-fld_1120046_1-tmpl\">\r\n<div data-field-wrapper=\"fld_1120046\" class=\"form-group\" id=\"fld_1120046_1-wrap\">\r\n\t<label id=\"fld_1120046Label\" for=\"fld_1120046_1\" class=\"control-label\">M\u011bsto<\/label>\r\n\t<div class=\"\">\r\n\t\t<input    type=\"text\" data-field=\"fld_1120046\" class=\" form-control\" id=\"fld_1120046_1\" name=\"fld_1120046\" value=\"\" data-type=\"text\"   aria-labelledby=\"fld_1120046Label\" >\t\t\t<\/div>\r\n<\/div>\r\n<\/script>\r\n\n[\/vc_column_text][\/vc_column][\/vc_row][vc_row][vc_column][mk_padding_divider size=&#8220;50&#8243;][\/vc_column][\/vc_row]\n","protected":false},"excerpt":{"rendered":"<p>[vc_row][vc_column][mk_padding_divider size=&#8220;75&#8243; visibility=&#8220;hidden-sm&#8220;][\/vc_column][\/vc_row][vc_row equal_columns=&#8220;true&#8220; attached=&#8220;true&#8220; column_padding=&#8220;3&#8243; el_class=&#8220;rij-wit-schaduw&#8220;][vc_column][vc_column_text css=&#8220;.vc_custom_1567494816386{margin-bottom: 0px !important;}&#8220;] P\u0159ihlaste se k odb\u011bru novinek Prost\u0159ednictv\u00edm na\u0161eho zpravodaje budete informov\u00e1ni o na\u0161ich produktech, aplikac\u00edch a projektech.[\/vc_column_text][vc_column_text css=&#8220;.vc_custom_1567494830785{margin-bottom: 0px !important;}&#8220;] [\/vc_column_text][\/vc_column][\/vc_row][vc_row][vc_column][mk_padding_divider size=&#8220;50&#8243;][\/vc_column][\/vc_row]<\/p>\n","protected":false},"author":4,"featured_media":0,"parent":0,"menu_order":0,"comment_status":"closed","ping_status":"closed","template":"","meta":{"_acf_changed":false,"footnotes":""},"class_list":["post-47156","page","type-page","status-publish","hentry"],"acf":[],"yoast_head":"<!-- This site is optimized with the Yoast SEO plugin v26.8 - https:\/\/yoast.com\/product\/yoast-seo-wordpress\/ -->\n<title>P\u0159ihlaste se k odb\u011bru novinek \u2013 NedZink<\/title>\n<meta name=\"robots\" content=\"index, follow, max-snippet:-1, max-image-preview:large, max-video-preview:-1\" \/>\n<link rel=\"canonical\" href=\"https:\/\/www.nedzink.com\/cs\/prihlaste-se-k-odberu-novinek\/\" \/>\n<meta property=\"og:locale\" content=\"cs_CZ\" \/>\n<meta property=\"og:type\" content=\"article\" \/>\n<meta property=\"og:title\" content=\"P\u0159ihlaste se k odb\u011bru novinek \u2013 NedZink\" \/>\n<meta property=\"og:description\" content=\"[vc_row][vc_column][mk_padding_divider size=&#8220;75&#8243; visibility=&#8220;hidden-sm&#8220;][\/vc_column][\/vc_row][vc_row equal_columns=&#8220;true&#8220; attached=&#8220;true&#8220; column_padding=&#8220;3&#8243; el_class=&#8220;rij-wit-schaduw&#8220;][vc_column][vc_column_text css=&#8220;.vc_custom_1567494816386{margin-bottom: 0px !important;}&#8220;] P\u0159ihlaste se k odb\u011bru novinek Prost\u0159ednictv\u00edm na\u0161eho zpravodaje budete informov\u00e1ni o na\u0161ich produktech, aplikac\u00edch a projektech.[\/vc_column_text][vc_column_text css=&#8220;.vc_custom_1567494830785{margin-bottom: 0px !important;}&#8220;] [\/vc_column_text][\/vc_column][\/vc_row][vc_row][vc_column][mk_padding_divider size=&#8220;50&#8243;][\/vc_column][\/vc_row]\" \/>\n<meta property=\"og:url\" content=\"https:\/\/www.nedzink.com\/cs\/prihlaste-se-k-odberu-novinek\/\" \/>\n<meta property=\"og:site_name\" content=\"NedZink\" \/>\n<meta property=\"article:modified_time\" content=\"2019-09-03T07:13:55+00:00\" \/>\n<meta name=\"twitter:card\" content=\"summary_large_image\" \/>\n<meta name=\"twitter:label1\" content=\"Odhadovan\u00e1 doba \u010dten\u00ed\" \/>\n\t<meta name=\"twitter:data1\" content=\"1 minuta\" \/>\n<script type=\"application\/ld+json\" class=\"yoast-schema-graph\">{\"@context\":\"https:\/\/schema.org\",\"@graph\":[{\"@type\":\"WebPage\",\"@id\":\"https:\/\/www.nedzink.com\/cs\/prihlaste-se-k-odberu-novinek\/\",\"url\":\"https:\/\/www.nedzink.com\/cs\/prihlaste-se-k-odberu-novinek\/\",\"name\":\"P\u0159ihlaste se k odb\u011bru novinek \u2013 NedZink\",\"isPartOf\":{\"@id\":\"https:\/\/www.nedzink.com\/cs\/#website\"},\"datePublished\":\"2019-08-08T10:22:17+00:00\",\"dateModified\":\"2019-09-03T07:13:55+00:00\",\"breadcrumb\":{\"@id\":\"https:\/\/www.nedzink.com\/cs\/prihlaste-se-k-odberu-novinek\/#breadcrumb\"},\"inLanguage\":\"cs\",\"potentialAction\":[{\"@type\":\"ReadAction\",\"target\":[\"https:\/\/www.nedzink.com\/cs\/prihlaste-se-k-odberu-novinek\/\"]}]},{\"@type\":\"BreadcrumbList\",\"@id\":\"https:\/\/www.nedzink.com\/cs\/prihlaste-se-k-odberu-novinek\/#breadcrumb\",\"itemListElement\":[{\"@type\":\"ListItem\",\"position\":1,\"name\":\"Home\",\"item\":\"https:\/\/www.nedzink.com\/cs\/\"},{\"@type\":\"ListItem\",\"position\":2,\"name\":\"P\u0159ihlaste se k odb\u011bru novinek\"}]},{\"@type\":\"WebSite\",\"@id\":\"https:\/\/www.nedzink.com\/cs\/#website\",\"url\":\"https:\/\/www.nedzink.com\/cs\/\",\"name\":\"NedZink\",\"description\":\"Zink fabrikant\",\"publisher\":{\"@id\":\"https:\/\/www.nedzink.com\/cs\/#organization\"},\"potentialAction\":[{\"@type\":\"SearchAction\",\"target\":{\"@type\":\"EntryPoint\",\"urlTemplate\":\"https:\/\/www.nedzink.com\/cs\/?s={search_term_string}\"},\"query-input\":{\"@type\":\"PropertyValueSpecification\",\"valueRequired\":true,\"valueName\":\"search_term_string\"}}],\"inLanguage\":\"cs\"},{\"@type\":\"Organization\",\"@id\":\"https:\/\/www.nedzink.com\/cs\/#organization\",\"name\":\"NedZink\",\"url\":\"https:\/\/www.nedzink.com\/cs\/\",\"logo\":{\"@type\":\"ImageObject\",\"inLanguage\":\"cs\",\"@id\":\"https:\/\/www.nedzink.com\/cs\/#\/schema\/logo\/image\/\",\"url\":\"https:\/\/www.nedzink.com\/wp-content\/uploads\/2019\/08\/logo-nedzink_fc_zk.jpg\",\"contentUrl\":\"https:\/\/www.nedzink.com\/wp-content\/uploads\/2019\/08\/logo-nedzink_fc_zk.jpg\",\"width\":2160,\"height\":688,\"caption\":\"NedZink\"},\"image\":{\"@id\":\"https:\/\/www.nedzink.com\/cs\/#\/schema\/logo\/image\/\"}}]}<\/script>\n<!-- \/ Yoast SEO plugin. -->","yoast_head_json":{"title":"P\u0159ihlaste se k odb\u011bru novinek \u2013 NedZink","robots":{"index":"index","follow":"follow","max-snippet":"max-snippet:-1","max-image-preview":"max-image-preview:large","max-video-preview":"max-video-preview:-1"},"canonical":"https:\/\/www.nedzink.com\/cs\/prihlaste-se-k-odberu-novinek\/","og_locale":"cs_CZ","og_type":"article","og_title":"P\u0159ihlaste se k odb\u011bru novinek \u2013 NedZink","og_description":"[vc_row][vc_column][mk_padding_divider size=&#8220;75&#8243; visibility=&#8220;hidden-sm&#8220;][\/vc_column][\/vc_row][vc_row equal_columns=&#8220;true&#8220; attached=&#8220;true&#8220; column_padding=&#8220;3&#8243; el_class=&#8220;rij-wit-schaduw&#8220;][vc_column][vc_column_text css=&#8220;.vc_custom_1567494816386{margin-bottom: 0px !important;}&#8220;] P\u0159ihlaste se k odb\u011bru novinek Prost\u0159ednictv\u00edm na\u0161eho zpravodaje budete informov\u00e1ni o na\u0161ich produktech, aplikac\u00edch a projektech.[\/vc_column_text][vc_column_text css=&#8220;.vc_custom_1567494830785{margin-bottom: 0px !important;}&#8220;] [\/vc_column_text][\/vc_column][\/vc_row][vc_row][vc_column][mk_padding_divider size=&#8220;50&#8243;][\/vc_column][\/vc_row]","og_url":"https:\/\/www.nedzink.com\/cs\/prihlaste-se-k-odberu-novinek\/","og_site_name":"NedZink","article_modified_time":"2019-09-03T07:13:55+00:00","twitter_card":"summary_large_image","twitter_misc":{"Odhadovan\u00e1 doba \u010dten\u00ed":"1 minuta"},"schema":{"@context":"https:\/\/schema.org","@graph":[{"@type":"WebPage","@id":"https:\/\/www.nedzink.com\/cs\/prihlaste-se-k-odberu-novinek\/","url":"https:\/\/www.nedzink.com\/cs\/prihlaste-se-k-odberu-novinek\/","name":"P\u0159ihlaste se k odb\u011bru novinek \u2013 NedZink","isPartOf":{"@id":"https:\/\/www.nedzink.com\/cs\/#website"},"datePublished":"2019-08-08T10:22:17+00:00","dateModified":"2019-09-03T07:13:55+00:00","breadcrumb":{"@id":"https:\/\/www.nedzink.com\/cs\/prihlaste-se-k-odberu-novinek\/#breadcrumb"},"inLanguage":"cs","potentialAction":[{"@type":"ReadAction","target":["https:\/\/www.nedzink.com\/cs\/prihlaste-se-k-odberu-novinek\/"]}]},{"@type":"BreadcrumbList","@id":"https:\/\/www.nedzink.com\/cs\/prihlaste-se-k-odberu-novinek\/#breadcrumb","itemListElement":[{"@type":"ListItem","position":1,"name":"Home","item":"https:\/\/www.nedzink.com\/cs\/"},{"@type":"ListItem","position":2,"name":"P\u0159ihlaste se k odb\u011bru novinek"}]},{"@type":"WebSite","@id":"https:\/\/www.nedzink.com\/cs\/#website","url":"https:\/\/www.nedzink.com\/cs\/","name":"NedZink","description":"Zink fabrikant","publisher":{"@id":"https:\/\/www.nedzink.com\/cs\/#organization"},"potentialAction":[{"@type":"SearchAction","target":{"@type":"EntryPoint","urlTemplate":"https:\/\/www.nedzink.com\/cs\/?s={search_term_string}"},"query-input":{"@type":"PropertyValueSpecification","valueRequired":true,"valueName":"search_term_string"}}],"inLanguage":"cs"},{"@type":"Organization","@id":"https:\/\/www.nedzink.com\/cs\/#organization","name":"NedZink","url":"https:\/\/www.nedzink.com\/cs\/","logo":{"@type":"ImageObject","inLanguage":"cs","@id":"https:\/\/www.nedzink.com\/cs\/#\/schema\/logo\/image\/","url":"https:\/\/www.nedzink.com\/wp-content\/uploads\/2019\/08\/logo-nedzink_fc_zk.jpg","contentUrl":"https:\/\/www.nedzink.com\/wp-content\/uploads\/2019\/08\/logo-nedzink_fc_zk.jpg","width":2160,"height":688,"caption":"NedZink"},"image":{"@id":"https:\/\/www.nedzink.com\/cs\/#\/schema\/logo\/image\/"}}]}},"_links":{"self":[{"href":"https:\/\/www.nedzink.com\/cs\/wp-json\/wp\/v2\/pages\/47156","targetHints":{"allow":["GET"]}}],"collection":[{"href":"https:\/\/www.nedzink.com\/cs\/wp-json\/wp\/v2\/pages"}],"about":[{"href":"https:\/\/www.nedzink.com\/cs\/wp-json\/wp\/v2\/types\/page"}],"author":[{"embeddable":true,"href":"https:\/\/www.nedzink.com\/cs\/wp-json\/wp\/v2\/users\/4"}],"replies":[{"embeddable":true,"href":"https:\/\/www.nedzink.com\/cs\/wp-json\/wp\/v2\/comments?post=47156"}],"version-history":[{"count":0,"href":"https:\/\/www.nedzink.com\/cs\/wp-json\/wp\/v2\/pages\/47156\/revisions"}],"wp:attachment":[{"href":"https:\/\/www.nedzink.com\/cs\/wp-json\/wp\/v2\/media?parent=47156"}],"curies":[{"name":"wp","href":"https:\/\/api.w.org\/{rel}","templated":true}]}}