{"id":39249,"date":"2019-07-16T12:58:37","date_gmt":"2019-07-16T10:58:37","guid":{"rendered":"http:\/\/136.144.181.85\/~nedzink\/?page_id=39249"},"modified":"2024-09-19T20:24:42","modified_gmt":"2024-09-19T18:24:42","slug":"materialy-a-barvy","status":"publish","type":"page","link":"https:\/\/www.nedzink.com\/cs\/materialy-a-barvy\/","title":{"rendered":"Materi\u00e1ly a barvy"},"content":{"rendered":"[vc_row fullwidth=&#8220;true&#8220;][vc_column] AAAAAAAAAA\n<div id=\"rev_slider_31_1_wrapper\" class=\"rev_slider_wrapper fullwidthbanner-container\" data-source=\"gallery\" style=\"margin:0px auto;background:transparent;padding:0px;margin-top:0px;margin-bottom:0px;\">\n<!-- START REVOLUTION SLIDER 5.4.8 auto mode -->\n\t<div id=\"rev_slider_31_1\" class=\"rev_slider fullwidthabanner tp-overflow-hidden\" style=\"display:none;\" data-version=\"5.4.8\">\n<ul>\t<!-- SLIDE  -->\n\t<li data-index=\"rs-96\" data-transition=\"fade\" data-slotamount=\"default\" data-hideafterloop=\"0\" data-hideslideonmobile=\"off\"  data-easein=\"default\" data-easeout=\"default\" data-masterspeed=\"300\"  data-rotate=\"0\"  data-saveperformance=\"off\"  data-title=\"Slide\" data-param1=\"\" data-param2=\"\" data-param3=\"\" data-param4=\"\" data-param5=\"\" data-param6=\"\" data-param7=\"\" data-param8=\"\" data-param9=\"\" data-param10=\"\" data-description=\"\">\n\t\t<!-- MAIN IMAGE -->\n\t\t<img loading=\"lazy\" decoding=\"async\" src=\"https:\/\/www.nedzink.com\/wp-content\/uploads\/2019\/04\/mg_5177-edit-min.jpg\"  alt=\"\" title=\"mg_5177-edit-min\"  width=\"1920\" height=\"610\" data-bgposition=\"center center\" data-bgfit=\"cover\" data-bgrepeat=\"no-repeat\" class=\"rev-slidebg\" data-no-retina>\n\t\t<!-- LAYERS -->\n\t<\/li>\n<\/ul>\n<div style=\"\" class=\"tp-static-layers\">\n\n\t\t<!-- LAYER NR. 1 -->\n\t\t<div class=\"tp-caption tp-shape tp-shapewrapper tp-layer-selectable  tp-resizeme tp-static-layer\" \n\t\t\t id=\"slider-31-layer-12\" \n\t\t\t data-x=\"1492\" \n\t\t\t data-y=\"271\" \n\t\t\t\t\t\tdata-width=\"['336']\"\n\t\t\tdata-height=\"['73']\"\n \n\t\t\tdata-type=\"shape\" \n\t\t\tdata-responsive_offset=\"on\" \n\n\t\t\tdata-startslide=\"0\" \n\t\t\tdata-endslide=\"0\" \n\t\t\tdata-frames='[{\"delay\":10,\"speed\":300,\"frame\":\"0\",\"from\":\"opacity:0;\",\"to\":\"o:1;\",\"ease\":\"Power3.easeInOut\"},{\"delay\":\"+3190\",\"speed\":300,\"frame\":\"999\",\"to\":\"opacity:0;\",\"ease\":\"Power3.easeInOut\"}]'\n\t\t\tdata-textAlign=\"['inherit','inherit','inherit','inherit']\"\n\t\t\tdata-paddingtop=\"[0,0,0,0]\"\n\t\t\tdata-paddingright=\"[0,0,0,0]\"\n\t\t\tdata-paddingbottom=\"[0,0,0,0]\"\n\t\t\tdata-paddingleft=\"[0,0,0,0]\"\n\n\t\t\tstyle=\"z-index: 5;font-family:Arial;background-color:rgba(0,0,0,0);border-color:rgb(255,255,255);border-style:solid;border-width:4px 4px 4px 4px;\"> <\/div>\n\n\t\t<!-- LAYER NR. 2 -->\n\t\t<div class=\"tp-caption tp-layer-selectable  tp-resizeme tp-static-layer\" \n\t\t\t id=\"slider-31-layer-13\" \n\t\t\t data-x=\"1511\" \n\t\t\t data-y=\"286\" \n\t\t\t\t\t\tdata-width=\"['auto']\"\n\t\t\tdata-height=\"['auto']\"\n \n\t\t\tdata-type=\"text\" \n\t\t\tdata-responsive_offset=\"on\" \n\n\t\t\tdata-startslide=\"0\" \n\t\t\tdata-endslide=\"0\" \n\t\t\tdata-frames='[{\"delay\":360,\"speed\":300,\"frame\":\"0\",\"from\":\"opacity:0;\",\"to\":\"o:1;\",\"ease\":\"Power3.easeInOut\"},{\"delay\":\"+2840\",\"speed\":300,\"frame\":\"999\",\"to\":\"opacity:0;\",\"ease\":\"Power3.easeInOut\"}]'\n\t\t\tdata-textAlign=\"['inherit','inherit','inherit','inherit']\"\n\t\t\tdata-paddingtop=\"[0,0,0,0]\"\n\t\t\tdata-paddingright=\"[0,0,0,0]\"\n\t\t\tdata-paddingbottom=\"[0,0,0,0]\"\n\t\t\tdata-paddingleft=\"[0,0,0,0]\"\n\n\t\t\tstyle=\"z-index: 6; white-space: nowrap; font-size: 36px; line-height: 36px; font-weight: 600; color: #ffffff; letter-spacing: 0px;font-family:Arial;text-shadow:0px 1px 4px rgba(79, 79, 79, 0.75);\">Materi\u00e1ly a barvy <\/div>\n\n\t\t<!-- LAYER NR. 3 -->\n\t\t<div class=\"tp-caption tp-shape tp-shapewrapper tp-layer-selectable  tp-resizeme tp-static-layer\" \n\t\t\t id=\"slider-31-layer-14\" \n\t\t\t data-x=\"right\" data-hoffset=\"\" \n\t\t\t data-y=\"-1\" \n\t\t\t\t\t\tdata-width=\"['490']\"\n\t\t\tdata-height=\"['610']\"\n \n\t\t\tdata-type=\"shape\" \n\t\t\tdata-responsive_offset=\"on\" \n\n\t\t\tdata-startslide=\"0\" \n\t\t\tdata-endslide=\"0\" \n\t\t\tdata-frames='[{\"delay\":10,\"speed\":300,\"frame\":\"0\",\"from\":\"opacity:0;\",\"to\":\"o:1;\",\"ease\":\"Power3.easeInOut\"},{\"delay\":\"+3190\",\"speed\":300,\"frame\":\"999\",\"to\":\"opacity:0;\",\"ease\":\"Power3.easeInOut\"}]'\n\t\t\tdata-textAlign=\"['inherit','inherit','inherit','inherit']\"\n\t\t\tdata-paddingtop=\"[0,0,0,0]\"\n\t\t\tdata-paddingright=\"[0,0,0,0]\"\n\t\t\tdata-paddingbottom=\"[0,0,0,0]\"\n\t\t\tdata-paddingleft=\"[0,0,0,0]\"\n\n\t\t\tstyle=\"z-index: 7;font-family:Arial;background-color:rgba(255,255,255,0.26);\"> <\/div>\n<\/div>\n<div class=\"tp-bannertimer tp-bottom\" style=\"visibility: hidden !important;\"><\/div>\t<\/div>\n<script>\n\t\t\t\t\tvar htmlDivCss = ' #rev_slider_31_1_wrapper .tp-loader.spinner2{ background-color: #b0b0b0 !important; } ';\n\t\t\t\t\tvar htmlDiv = document.getElementById('rs-plugin-settings-inline-css');\n\t\t\t\t\tif(htmlDiv) {\n\t\t\t\t\t\thtmlDiv.innerHTML = htmlDiv.innerHTML + htmlDivCss;\n\t\t\t\t\t}\n\t\t\t\t\telse{\n\t\t\t\t\t\tvar htmlDiv = document.createElement('div');\n\t\t\t\t\t\thtmlDiv.innerHTML = '<style>' + htmlDivCss + '<\/style>';\n\t\t\t\t\t\tdocument.getElementsByTagName('head')[0].appendChild(htmlDiv.childNodes[0]);\n\t\t\t\t\t}\n\t\t\t\t\t<\/script>\n\t\t\t\t\t<\/div><!-- END REVOLUTION SLIDER -->[\/vc_column][\/vc_row][vc_row][vc_column][mk_padding_divider size=&#8220;50&#8243;][\/vc_column][\/vc_row][mk_page_section el_class=&#8220;materialenkleurenpadding&#8220; sidebar=&#8220;sidebar-1&#8243;][vc_column][vc_row_inner css=&#8220;.vc_custom_1556546889255{margin-bottom: 50px !important;padding-bottom: 35px !important;background-color: #ffffff !important;}&#8220; el_class=&#8220;rij-wit-schaduw architecten-materialen2&#8243; el_id=&#8220;naturel&#8220;][vc_column_inner el_class=&#8220;materiaalkolom&#8220; width=&#8220;3\/4&#8243;][mk_padding_divider size=&#8220;30&#8243;][vc_column_text el_class=&#8220;kleurenm&#8220; css=&#8220;.vc_custom_1558514633011{margin-bottom: 0px !important;}&#8220;]\n<h2 id=\"naturel\">NedZink NATUREL<\/h2>\n[\/vc_column_text][vc_single_image image=&#8220;32978&#8243; img_size=&#8220;full&#8220; css=&#8220;.vc_custom_1559909092531{padding-top: 0px !important;padding-bottom: 30px !important;}&#8220; el_class=&#8220;kleurenm&#8220;][vc_column_text el_class=&#8220;kleurenm&#8220; css=&#8220;.vc_custom_1563273000558{margin-bottom: 0px !important;}&#8220;]<strong>NedZink NATUREL<\/strong> je trvanliv\u00fd, estetick\u00fd a bez\u00fadr\u017ebov\u00fd stavebn\u00ed materi\u00e1l, kter\u00fd je v pr\u016fb\u011bhu let v d\u016fsledku p\u016fsoben\u00ed pov\u011btrnostn\u00edch vliv\u016f st\u00e1le \u017e\u00e1dan\u011bj\u0161\u00ed. Na povrchu se \u010dasem vytvo\u0159\u00ed p\u0159irozen\u00e1 vrstva patiny. D\u00edky t\u00e9to vlastnosti se materi\u00e1l <strong>NedZink NATUREL<\/strong> vyu\u017e\u00edv\u00e1 zejm\u00e9na tam, kde je vy\u017eadov\u00e1n p\u0159irozen\u00fd a sv\u011b\u017e\u00ed vzhled a z\u00e1rove\u0148 hospod\u00e1rnost a dlouh\u00e1 \u017eivotnost.[\/vc_column_text][\/vc_column_inner][vc_column_inner width=&#8220;1\/4&#8243;][mk_padding_divider size=&#8220;75&#8243; visibility=&#8220;hidden-sm&#8220;][vc_single_image image=&#8220;53705&#8243; img_size=&#8220;275&#215;275&#8243; alignment=&#8220;center&#8220; css=&#8220;.vc_custom_1584104191742{margin-top: 1px !important;}&#8220;][\/vc_column_inner][\/vc_row_inner][vc_row_inner css=&#8220;.vc_custom_1583138397218{margin-bottom: 50px !important;padding-bottom: 35px !important;background-color: #ffffff !important;}&#8220; el_class=&#8220;rij-wit-schaduw architecten-materialen2&#8243; el_id=&#8220;neo&#8220;][vc_column_inner el_class=&#8220;materiaalkolom&#8220; width=&#8220;3\/4&#8243;][mk_padding_divider size=&#8220;30&#8243;][vc_column_text css=&#8220;.vc_custom_1583138325658{margin-bottom: 0px !important;}&#8220;]\n<h2>NedZink NEO<\/h2>\n[\/vc_column_text][vc_single_image image=&#8220;51898&#8243; img_size=&#8220;full&#8220; css=&#8220;.vc_custom_1583138442701{padding-top: 0px !important;padding-bottom: 30px !important;}&#8220;][vc_column_text css=&#8220;.vc_custom_1585558433909{margin-bottom: 0px !important;}&#8220;]&#8220;<strong>NedZink NEO<\/strong> je p\u0159edzv\u011btral\u00fd titan zinek s matn\u00fdm, jemn\u00fdm kart\u00e1\u010dovan\u00fdm povrchem v \u0161edo miner\u00e1ln\u00edm odst\u00ednu.<\/p>\n<p>Rovnom\u011brn\u00fd \u0161edo miner\u00e1ln\u00ed povrch <strong>NedZink NEO<\/strong> vznik\u00e1 po chemick\u00e9 povrchov\u00e9 \u00faprav\u011b po v\u00e1lcov\u00e1n\u00ed. Nejedn\u00e1 se o lakovan\u00fd povrch. Struktura a slo\u017een\u00ed patinovan\u00e9 vrstvy je v p\u0159irozen\u00e9m stavu vytv\u00e1\u0159ena vn\u011bj\u0161\u00edmi vlivy po\u010das\u00ed. V tomto p\u0159\u00edpad\u011b je vytvo\u0159ena pr\u016fmyslov\u011b, kde p\u0159\u00edrodn\u00ed vlastnosti titanzinku jsou pln\u011b zachov\u00e1ny.<\/p>\n<p>Pokud d\u00e1v\u00e1te p\u0159ednost \u0161edo-modr\u00e9mu povrchu, doporu\u010dujeme <strong>NedZink NEO<\/strong>.&#8220;[\/vc_column_text][\/vc_column_inner][vc_column_inner width=&#8220;1\/4&#8243;][mk_padding_divider size=&#8220;75&#8243; visibility=&#8220;hidden-sm&#8220;][vc_single_image image=&#8220;53625&#8243; img_size=&#8220;275&#215;275&#8243; alignment=&#8220;center&#8220; css=&#8220;.vc_custom_1584104227710{margin-top: 1px !important;}&#8220;][\/vc_column_inner][\/vc_row_inner][vc_row_inner css=&#8220;.vc_custom_1556546898239{margin-bottom: 50px !important;padding-bottom: 35px !important;background-color: #ffffff !important;}&#8220; el_class=&#8220;rij-wit-schaduw architecten-materialen2&#8243;][vc_column_inner el_class=&#8220;materiaalkolom&#8220; width=&#8220;3\/4&#8243;][mk_padding_divider size=&#8220;30&#8243;][vc_column_text css=&#8220;.vc_custom_1558514699602{margin-bottom: 0px !important;}&#8220;]\n<h2>NedZink NOVA<\/h2>\n[\/vc_column_text][vc_single_image image=&#8220;32968&#8243; img_size=&#8220;full&#8220; css=&#8220;.vc_custom_1559909191304{padding-top: 0px !important;padding-bottom: 30px !important;}&#8220;][vc_column_text css=&#8220;.vc_custom_1563273042708{margin-bottom: 0px !important;}&#8220;]<strong>NedZink NOVA<\/strong> je p\u0159edpatinovan\u00fd titanzinek s matn\u00fdm, jemn\u011b brou\u0161en\u00fdm povrchem p\u0159irozen\u00e9, st\u0159edn\u011b \u0161ed\u00e9 barvy.<\/p>\n<p>Jednotn\u00fd st\u0159edn\u011b \u0161ed\u00fd povrch materi\u00e1lu <strong>NedZink NOVA<\/strong> vznik\u00e1 chemick\u00fdm o\u0161et\u0159en\u00edm povrchu, kter\u00e9 navazuje na proces v\u00e1lcov\u00e1n\u00ed. Patinace se neprov\u00e1d\u00ed nan\u00e1\u0161en\u00edm povrchov\u00e9 vrstvy ani lakov\u00e1n\u00edm. Struktura a slo\u017een\u00ed patiny, kter\u00e1 obvykle vznik\u00e1 p\u016fsoben\u00edm pov\u011btrnostn\u00edch vliv\u016f, je simulov\u00e1na, a tud\u00ed\u017e z\u016fst\u00e1vaj\u00ed zachov\u00e1ny p\u0159irozen\u00e9 vlastnosti titanzinku.<\/p>\n<p>D\u00e1v\u00e1te-li p\u0159ednost p\u0159irozen\u00e9mu \u0161ed\u00e9mu povrchu, pak doporu\u010dujeme<strong> NedZink NOVA<\/strong>.[\/vc_column_text][\/vc_column_inner][vc_column_inner width=&#8220;1\/4&#8243;][mk_padding_divider size=&#8220;75&#8243; visibility=&#8220;hidden-sm&#8220;][vc_single_image image=&#8220;53645&#8243; img_size=&#8220;275&#215;275&#8243; alignment=&#8220;center&#8220; css=&#8220;.vc_custom_1584104248435{margin-top: 1px !important;}&#8220;][\/vc_column_inner][\/vc_row_inner][vc_row_inner css=&#8220;.vc_custom_1556546906671{margin-bottom: 50px !important;padding-bottom: 35px !important;background-color: #ffffff !important;}&#8220; el_class=&#8220;rij-wit-schaduw architecten-materialen2&#8243; el_id=&#8220;noir&#8220;][vc_column_inner el_class=&#8220;materiaalkolom&#8220; width=&#8220;3\/4&#8243;][mk_padding_divider size=&#8220;30&#8243;][vc_column_text css=&#8220;.vc_custom_1558514723874{margin-bottom: 0px !important;}&#8220;]\n<h2>NedZink NOIR<\/h2>\n[\/vc_column_text][vc_single_image image=&#8220;33620&#8243; img_size=&#8220;full&#8220; css=&#8220;.vc_custom_1560320259455{padding-top: 0px !important;padding-bottom: 30px !important;}&#8220;][vc_column_text css=&#8220;.vc_custom_1563273084347{margin-bottom: 0px !important;}&#8220;]<strong>NedZink NOIR<\/strong> je p\u0159edpatinovan\u00fd titanzinek v antracitov\u011b \u010dern\u00e9 barv\u011b.<\/p>\n<p><strong>NedZink NOIR<\/strong> vznik\u00e1 chemick\u00fdm o\u0161et\u0159en\u00edm povrchu, kter\u00e9 navazuje na proces leskl\u00e9ho v\u00e1lcov\u00e1n\u00ed. V\u0161echny charakteristick\u00e9 vlastnosti titanzinku z\u016fst\u00e1vaj\u00ed pln\u011b zachov\u00e1ny. <strong>NedZink NOIR<\/strong> je vedle materi\u00e1lu NedZink NOVA druhou barevnou variantou p\u0159edpatinovan\u00e9ho titanzinku.<\/p>\n<p>D\u00e1v\u00e1te-li od samotn\u00e9ho za\u010d\u00e1tku p\u0159ednost tmav\u00e9mu povrchu, pak doporu\u010dujeme <strong>NedZink NOIR<\/strong>.[\/vc_column_text][\/vc_column_inner][vc_column_inner width=&#8220;1\/4&#8243;][mk_padding_divider size=&#8220;76&#8243; visibility=&#8220;hidden-sm&#8220;][vc_single_image image=&#8220;53635&#8243; img_size=&#8220;275&#215;275&#8243; alignment=&#8220;center&#8220;][\/vc_column_inner][\/vc_row_inner][vc_row_inner css=&#8220;.vc_custom_1556548069799{margin-bottom: 50px !important;padding-bottom: 35px !important;background-color: #ffffff !important;}&#8220; el_class=&#8220;rij-wit-schaduw architecten-materialen2&#8243; el_id=&#8220;nuance&#8220;][vc_column_inner el_class=&#8220;materiaalkolom&#8220; width=&#8220;3\/4&#8243;][mk_padding_divider size=&#8220;30&#8243;][vc_column_text css=&#8220;.vc_custom_1558514805794{margin-bottom: 0px !important;}&#8220;]\n<h2>NedZink NUANCE<\/h2>\n[\/vc_column_text][vc_single_image image=&#8220;32958&#8243; img_size=&#8220;full&#8220; css=&#8220;.vc_custom_1559909219123{padding-top: 0px !important;padding-bottom: 30px !important;}&#8220;][vc_column_text css=&#8220;.vc_custom_1647262646475{margin-bottom: 0px !important;}&#8220;]<strong>NedZink NUANCE<\/strong> je p\u0159edpatinovan\u00fd titanzinek s pou\u017eit\u00edm pigment\u016f. V\u00fdsledek z\u00e1vis\u00ed na vybran\u00e9m pigmentu v p\u0159edpatinovan\u00e9 variant\u011b zinku v odst\u00ednu modr\u00e9, \u010derven\u00e9 hn\u011bd\u00fdm nebo zelen\u00e9 barvy.<br \/>\nP\u0159irozen\u00e9 vlastnosti titanzinku \u2013 vysok\u00e1 trvanlivost, bez\u00fadr\u017ebovost a dobr\u00e9 ohybov\u00e9 vlastnosti \u2013 jsou pln\u011b zachov\u00e1ny.<\/p>\n<p><strong>NedZink NUANCE<\/strong> se pou\u017e\u00edv\u00e1 zejm\u00e9na tam, kde jsou kladeny vysok\u00e9 po\u017eadavky na estetickou kvalitu budov: v exteri\u00e9ru jsou to st\u0159echy a fas\u00e1dy, v interi\u00e9ru zase r\u016fzn\u00e9 designov\u00e9 aplikace.[\/vc_column_text][\/vc_column_inner][vc_column_inner width=&#8220;1\/4&#8243;][mk_padding_divider size=&#8220;76&#8243; visibility=&#8220;hidden-sm&#8220;][vc_single_image image=&#8220;106823&#8243; img_size=&#8220;275&#215;275&#8243; alignment=&#8220;center&#8220;][\/vc_column_inner][\/vc_row_inner][vc_row_inner css=&#8220;.vc_custom_1555674404577{padding-bottom: 35px !important;background-color: #ffffff !important;}&#8220; el_class=&#8220;rij-wit-schaduw architecten-materialen2&#8243; el_id=&#8220;protec&#8220;][vc_column_inner el_class=&#8220;materiaalkolom&#8220; width=&#8220;3\/4&#8243;][mk_padding_divider size=&#8220;30&#8243;][vc_column_text css=&#8220;.vc_custom_1559026275810{margin-bottom: 0px !important;}&#8220;]\n<h2>NedZink Pro-Tec<\/h2>\n[\/vc_column_text][vc_single_image image=&#8220;28513&#8243; img_size=&#8220;full&#8220; css=&#8220;.vc_custom_1557309395889{padding-top: 0px !important;padding-bottom: 30px !important;}&#8220;][vc_column_text css=&#8220;.vc_custom_1683275476656{margin-bottom: 0px !important;}&#8220;]<strong>NedZink Pro-Tec<\/strong> je v\u00e1lcovan\u00fd titanzinek s ochrannou vrstvou na spodn\u00ed stran\u011b pro pou\u017eit\u00ed u studen\u00fdch nebo parot\u011bsn\u00fdch konstrukc\u00ed. Tato ochrann\u00e1 vrstva chr\u00e1n\u00ed zinek p\u0159ed p\u016fsoben\u00edm vodn\u00ed p\u00e1ry a dal\u0161\u00edch l\u00e1tek. P\u016fsobiv\u00e9 vlastnosti zinku z\u00edskan\u00e9 zpracov\u00e1n\u00edm z\u016fst\u00e1vaj\u00ed zachov\u00e1ny.<\/p>\n<p><strong>NedZink Pro-Tec<\/strong> je mo\u017en\u00e9 pou\u017e\u00edvat u v\u0161ech standardn\u00edch syst\u00e9m\u016f, ale doporu\u010duje se zejm\u00e9na pro nev\u011btran\u00e9, hork\u00e9 st\u0159e\u0161n\u00ed konstrukce s paroz\u00e1branou a vn\u011bj\u0161\u00ed opl\u00e1\u0161t\u011bn\u00ed st\u011bn.<\/p>\n<p><strong>NedZink Pro-Tec<\/strong> je k dost\u00e1n\u00ed v t\u011bchto variant\u00e1ch:<br \/>\n\u2013 NedZink NATUREL Pro-Tec<br \/>\n\u2013 NedZink NOVA Pro-Tec<br \/>\n\u2013 NedZink NEO Pro-Tec<br \/>\n\u2013 NedZink NOIR Pro-Tec<br \/>\n\u2013 NedZink NUANCE Pro-Tec[\/vc_column_text][\/vc_column_inner][vc_column_inner width=&#8220;1\/4&#8243;][mk_padding_divider size=&#8220;76&#8243; visibility=&#8220;hidden-sm&#8220;][vc_single_image image=&#8220;53695&#8243; img_size=&#8220;275&#215;275&#8243; alignment=&#8220;center&#8220;][\/vc_column_inner][\/vc_row_inner][\/vc_column][\/mk_page_section]\n","protected":false},"excerpt":{"rendered":"<p>[vc_row fullwidth=&#8220;true&#8220;][vc_column][\/vc_column][\/vc_row][vc_row][vc_column][mk_padding_divider size=&#8220;50&#8243;][\/vc_column][\/vc_row][mk_page_section el_class=&#8220;materialenkleurenpadding&#8220; sidebar=&#8220;sidebar-1&#8243;][vc_column][vc_row_inner css=&#8220;.vc_custom_1556546889255{margin-bottom: 50px !important;padding-bottom: 35px !important;background-color: #ffffff !important;}&#8220; el_class=&#8220;rij-wit-schaduw architecten-materialen2&#8243; el_id=&#8220;naturel&#8220;][vc_column_inner el_class=&#8220;materiaalkolom&#8220; width=&#8220;3\/4&#8243;][mk_padding_divider size=&#8220;30&#8243;][vc_column_text el_class=&#8220;kleurenm&#8220; css=&#8220;.vc_custom_1558514633011{margin-bottom: 0px !important;}&#8220;] NedZink NATUREL [\/vc_column_text][vc_single_image image=&#8220;32978&#8243; img_size=&#8220;full&#8220; css=&#8220;.vc_custom_1559909092531{padding-top: 0px !important;padding-bottom: 30px !important;}&#8220; el_class=&#8220;kleurenm&#8220;][vc_column_text el_class=&#8220;kleurenm&#8220; css=&#8220;.vc_custom_1563273000558{margin-bottom: 0px !important;}&#8220;]NedZink NATUREL je trvanliv\u00fd, estetick\u00fd a bez\u00fadr\u017ebov\u00fd stavebn\u00ed materi\u00e1l, kter\u00fd je v pr\u016fb\u011bhu let v d\u016fsledku p\u016fsoben\u00ed pov\u011btrnostn\u00edch vliv\u016f [&hellip;]<\/p>\n","protected":false},"author":4,"featured_media":0,"parent":0,"menu_order":0,"comment_status":"closed","ping_status":"closed","template":"","meta":{"_acf_changed":false,"footnotes":""},"class_list":["post-39249","page","type-page","status-publish","hentry"],"acf":[],"yoast_head":"<!-- This site is optimized with the Yoast SEO plugin v26.8 - https:\/\/yoast.com\/product\/yoast-seo-wordpress\/ -->\n<title>Materi\u00e1ly a barvy \u2013 NedZink<\/title>\n<meta name=\"description\" content=\"Titaanzink is verkrijgbaar in de kleuren Naturel, Nova, Noir, Composite en Nuance. Ontdek de kleuren, materialen en toepassingen van titaanzink bij NedZink.\" \/>\n<meta name=\"robots\" content=\"index, follow, max-snippet:-1, max-image-preview:large, max-video-preview:-1\" \/>\n<link rel=\"canonical\" href=\"https:\/\/www.nedzink.com\/cs\/materialy-a-barvy\/\" \/>\n<meta property=\"og:locale\" content=\"cs_CZ\" \/>\n<meta property=\"og:type\" content=\"article\" \/>\n<meta property=\"og:title\" content=\"Materi\u00e1ly a barvy \u2013 NedZink\" \/>\n<meta property=\"og:description\" content=\"Titaanzink is verkrijgbaar in de kleuren Naturel, Nova, Noir, Composite en Nuance. Ontdek de kleuren, materialen en toepassingen van titaanzink bij NedZink.\" \/>\n<meta property=\"og:url\" content=\"https:\/\/www.nedzink.com\/cs\/materialy-a-barvy\/\" \/>\n<meta property=\"og:site_name\" content=\"NedZink\" \/>\n<meta property=\"article:modified_time\" content=\"2024-09-19T18:24:42+00:00\" \/>\n<meta name=\"twitter:card\" content=\"summary_large_image\" \/>\n<meta name=\"twitter:label1\" content=\"Odhadovan\u00e1 doba \u010dten\u00ed\" \/>\n\t<meta name=\"twitter:data1\" content=\"4 minuty\" \/>\n<script type=\"application\/ld+json\" class=\"yoast-schema-graph\">{\"@context\":\"https:\/\/schema.org\",\"@graph\":[{\"@type\":\"WebPage\",\"@id\":\"https:\/\/www.nedzink.com\/cs\/materialy-a-barvy\/\",\"url\":\"https:\/\/www.nedzink.com\/cs\/materialy-a-barvy\/\",\"name\":\"Materi\u00e1ly a barvy \u2013 NedZink\",\"isPartOf\":{\"@id\":\"https:\/\/www.nedzink.com\/cs\/#website\"},\"datePublished\":\"2019-07-16T10:58:37+00:00\",\"dateModified\":\"2024-09-19T18:24:42+00:00\",\"description\":\"Titaanzink is verkrijgbaar in de kleuren Naturel, Nova, Noir, Composite en Nuance. Ontdek de kleuren, materialen en toepassingen van titaanzink bij NedZink.\",\"breadcrumb\":{\"@id\":\"https:\/\/www.nedzink.com\/cs\/materialy-a-barvy\/#breadcrumb\"},\"inLanguage\":\"cs\",\"potentialAction\":[{\"@type\":\"ReadAction\",\"target\":[\"https:\/\/www.nedzink.com\/cs\/materialy-a-barvy\/\"]}]},{\"@type\":\"BreadcrumbList\",\"@id\":\"https:\/\/www.nedzink.com\/cs\/materialy-a-barvy\/#breadcrumb\",\"itemListElement\":[{\"@type\":\"ListItem\",\"position\":1,\"name\":\"Home\",\"item\":\"https:\/\/www.nedzink.com\/cs\/\"},{\"@type\":\"ListItem\",\"position\":2,\"name\":\"Materi\u00e1ly a barvy\"}]},{\"@type\":\"WebSite\",\"@id\":\"https:\/\/www.nedzink.com\/cs\/#website\",\"url\":\"https:\/\/www.nedzink.com\/cs\/\",\"name\":\"NedZink\",\"description\":\"Zink fabrikant\",\"publisher\":{\"@id\":\"https:\/\/www.nedzink.com\/cs\/#organization\"},\"potentialAction\":[{\"@type\":\"SearchAction\",\"target\":{\"@type\":\"EntryPoint\",\"urlTemplate\":\"https:\/\/www.nedzink.com\/cs\/?s={search_term_string}\"},\"query-input\":{\"@type\":\"PropertyValueSpecification\",\"valueRequired\":true,\"valueName\":\"search_term_string\"}}],\"inLanguage\":\"cs\"},{\"@type\":\"Organization\",\"@id\":\"https:\/\/www.nedzink.com\/cs\/#organization\",\"name\":\"NedZink\",\"url\":\"https:\/\/www.nedzink.com\/cs\/\",\"logo\":{\"@type\":\"ImageObject\",\"inLanguage\":\"cs\",\"@id\":\"https:\/\/www.nedzink.com\/cs\/#\/schema\/logo\/image\/\",\"url\":\"https:\/\/www.nedzink.com\/wp-content\/uploads\/2019\/08\/logo-nedzink_fc_zk.jpg\",\"contentUrl\":\"https:\/\/www.nedzink.com\/wp-content\/uploads\/2019\/08\/logo-nedzink_fc_zk.jpg\",\"width\":2160,\"height\":688,\"caption\":\"NedZink\"},\"image\":{\"@id\":\"https:\/\/www.nedzink.com\/cs\/#\/schema\/logo\/image\/\"}}]}<\/script>\n<!-- \/ Yoast SEO plugin. -->","yoast_head_json":{"title":"Materi\u00e1ly a barvy \u2013 NedZink","description":"Titaanzink is verkrijgbaar in de kleuren Naturel, Nova, Noir, Composite en Nuance. Ontdek de kleuren, materialen en toepassingen van titaanzink bij NedZink.","robots":{"index":"index","follow":"follow","max-snippet":"max-snippet:-1","max-image-preview":"max-image-preview:large","max-video-preview":"max-video-preview:-1"},"canonical":"https:\/\/www.nedzink.com\/cs\/materialy-a-barvy\/","og_locale":"cs_CZ","og_type":"article","og_title":"Materi\u00e1ly a barvy \u2013 NedZink","og_description":"Titaanzink is verkrijgbaar in de kleuren Naturel, Nova, Noir, Composite en Nuance. Ontdek de kleuren, materialen en toepassingen van titaanzink bij NedZink.","og_url":"https:\/\/www.nedzink.com\/cs\/materialy-a-barvy\/","og_site_name":"NedZink","article_modified_time":"2024-09-19T18:24:42+00:00","twitter_card":"summary_large_image","twitter_misc":{"Odhadovan\u00e1 doba \u010dten\u00ed":"4 minuty"},"schema":{"@context":"https:\/\/schema.org","@graph":[{"@type":"WebPage","@id":"https:\/\/www.nedzink.com\/cs\/materialy-a-barvy\/","url":"https:\/\/www.nedzink.com\/cs\/materialy-a-barvy\/","name":"Materi\u00e1ly a barvy \u2013 NedZink","isPartOf":{"@id":"https:\/\/www.nedzink.com\/cs\/#website"},"datePublished":"2019-07-16T10:58:37+00:00","dateModified":"2024-09-19T18:24:42+00:00","description":"Titaanzink is verkrijgbaar in de kleuren Naturel, Nova, Noir, Composite en Nuance. Ontdek de kleuren, materialen en toepassingen van titaanzink bij NedZink.","breadcrumb":{"@id":"https:\/\/www.nedzink.com\/cs\/materialy-a-barvy\/#breadcrumb"},"inLanguage":"cs","potentialAction":[{"@type":"ReadAction","target":["https:\/\/www.nedzink.com\/cs\/materialy-a-barvy\/"]}]},{"@type":"BreadcrumbList","@id":"https:\/\/www.nedzink.com\/cs\/materialy-a-barvy\/#breadcrumb","itemListElement":[{"@type":"ListItem","position":1,"name":"Home","item":"https:\/\/www.nedzink.com\/cs\/"},{"@type":"ListItem","position":2,"name":"Materi\u00e1ly a barvy"}]},{"@type":"WebSite","@id":"https:\/\/www.nedzink.com\/cs\/#website","url":"https:\/\/www.nedzink.com\/cs\/","name":"NedZink","description":"Zink fabrikant","publisher":{"@id":"https:\/\/www.nedzink.com\/cs\/#organization"},"potentialAction":[{"@type":"SearchAction","target":{"@type":"EntryPoint","urlTemplate":"https:\/\/www.nedzink.com\/cs\/?s={search_term_string}"},"query-input":{"@type":"PropertyValueSpecification","valueRequired":true,"valueName":"search_term_string"}}],"inLanguage":"cs"},{"@type":"Organization","@id":"https:\/\/www.nedzink.com\/cs\/#organization","name":"NedZink","url":"https:\/\/www.nedzink.com\/cs\/","logo":{"@type":"ImageObject","inLanguage":"cs","@id":"https:\/\/www.nedzink.com\/cs\/#\/schema\/logo\/image\/","url":"https:\/\/www.nedzink.com\/wp-content\/uploads\/2019\/08\/logo-nedzink_fc_zk.jpg","contentUrl":"https:\/\/www.nedzink.com\/wp-content\/uploads\/2019\/08\/logo-nedzink_fc_zk.jpg","width":2160,"height":688,"caption":"NedZink"},"image":{"@id":"https:\/\/www.nedzink.com\/cs\/#\/schema\/logo\/image\/"}}]}},"_links":{"self":[{"href":"https:\/\/www.nedzink.com\/cs\/wp-json\/wp\/v2\/pages\/39249","targetHints":{"allow":["GET"]}}],"collection":[{"href":"https:\/\/www.nedzink.com\/cs\/wp-json\/wp\/v2\/pages"}],"about":[{"href":"https:\/\/www.nedzink.com\/cs\/wp-json\/wp\/v2\/types\/page"}],"author":[{"embeddable":true,"href":"https:\/\/www.nedzink.com\/cs\/wp-json\/wp\/v2\/users\/4"}],"replies":[{"embeddable":true,"href":"https:\/\/www.nedzink.com\/cs\/wp-json\/wp\/v2\/comments?post=39249"}],"version-history":[{"count":2,"href":"https:\/\/www.nedzink.com\/cs\/wp-json\/wp\/v2\/pages\/39249\/revisions"}],"predecessor-version":[{"id":131931,"href":"https:\/\/www.nedzink.com\/cs\/wp-json\/wp\/v2\/pages\/39249\/revisions\/131931"}],"wp:attachment":[{"href":"https:\/\/www.nedzink.com\/cs\/wp-json\/wp\/v2\/media?parent=39249"}],"curies":[{"name":"wp","href":"https:\/\/api.w.org\/{rel}","templated":true}]}}