{"id":39,"date":"2019-02-27T15:34:07","date_gmt":"2019-02-27T14:34:07","guid":{"rendered":"http:\/\/136.144.181.85\/~nedzink\/home\/"},"modified":"2025-03-25T15:02:08","modified_gmt":"2025-03-25T14:02:08","slug":"home","status":"publish","type":"page","link":"https:\/\/www.nedzink.com\/cs\/","title":{"rendered":"Home"},"content":{"rendered":"[vc_row fullwidth=&#8220;true&#8220;][vc_column][vc_column_text css=&#8220;.vc_custom_1670319373496{margin-bottom: 0px !important;}&#8220;][\/vc_column_text][\/vc_column][\/vc_row][vc_row][vc_column][mk_padding_divider size=&#8220;50&#8243;][\/vc_column][\/vc_row][vc_row attached=&#8220;true&#8220; el_class=&#8220;home-branches-blokken&#8220;][vc_column width=&#8220;1\/3&#8243;][vc_column_text align=&#8220;center&#8220; el_class=&#8220;consumenten&#8220; css=&#8220;.vc_custom_1569245583078{margin-bottom: 0px !important;}&#8220;]\n<h3><a href=\"https:\/\/www.nedzink.com\/cs\/spotrebitele\/\">Investo\u0159i<\/a><\/h3>\n[\/vc_column_text][\/vc_column][vc_column width=&#8220;1\/3&#8243; el_class=&#8220;architecten&#8220;][vc_column_text align=&#8220;center&#8220; css=&#8220;.vc_custom_1563269494779{margin-bottom: 0px !important;}&#8220;]\n<h3><a href=\"https:\/\/www.nedzink.com\/cs\/architekti\/\">Architekti<\/a><\/h3>\n[\/vc_column_text][\/vc_column][vc_column width=&#8220;1\/3&#8243;][vc_column_text align=&#8220;center&#8220; el_class=&#8220;installateurs&#8220; css=&#8220;.vc_custom_1569245640971{margin-bottom: 0px !important;}&#8220;]\n<h3><a href=\"https:\/\/www.nedzink.com\/cs\/klempiri-a-zpracovatele\/\">\u0158emesln\u00edci<\/a><\/h3>\n[\/vc_column_text][\/vc_column][\/vc_row][vc_row][vc_column][mk_padding_divider size=&#8220;50&#8243;][\/vc_column][\/vc_row][vc_row attached=&#8220;true&#8220; column_padding=&#8220;3&#8243; el_class=&#8220;home-intro rij-wit-schaduw&#8220;][vc_column width=&#8220;1\/2&#8243; offset=&#8220;vc_col-lg-4 vc_col-md-4 vc_col-xs-12&#8243;][vc_column_text css=&#8220;.vc_custom_1563270278424{margin-bottom: 0px !important;}&#8220;]\n<h1>Nizozemsk\u00fd v\u00fdrobce vysoce kvalitn\u00edho zinku s v\u00edce ne\u017e 125 lety zku\u0161enost\u00ed. Samoz\u0159ejm\u011b mluv\u00edme o spole\u010dnosti NedZink!<\/h1>\n[\/vc_column_text][\/vc_column][vc_column width=&#8220;1\/2&#8243; el_class=&#8220;introtekst&#8220; offset=&#8220;vc_col-lg-4 vc_col-md-4 vc_col-xs-12&#8243;][vc_column_text css=&#8220;.vc_custom_1742911315383{margin-bottom: 0px !important;}&#8220;]Spole\u010dnost NedZink je p\u0159edn\u00edm nizozemsk\u00fdm v\u00fdrobcem v\u00e1lcovan\u00e9ho titanzinku, kter\u00fd se vyu\u017e\u00edv\u00e1 pro opl\u00e1\u0161t\u011bn\u00ed fas\u00e1d, st\u0159e\u0161n\u00ed krytiny, st\u0159e\u0161n\u00ed \u017elaby a syst\u00e9my pro odvod de\u0161\u0165ov\u00e9 vody. Spole\u010dnost NedZink ji\u017e p\u0159es 125 let vyr\u00e1b\u00ed vysoce kvalitn\u00ed zinkov\u00e9 v\u00fdrobky, kter\u00e9 se po cel\u00e9m sv\u011bt\u011b pou\u017e\u00edvaj\u00ed u men\u0161\u00edch i rozs\u00e1hl\u00fdch projekt\u016f.<\/p>\n<p>Coby l\u00eddr trhu v Nizozemsku podporuje kreativn\u00ed vyu\u017e\u00edv\u00e1n\u00ed zinku. Mezi nab\u00edzen\u00e9 varianty pat\u0159\u00ed leskle v\u00e1lcovan\u00fd zinek (NATUREL), \u0161ed\u00fd p\u0159edpatinovan\u00fd zinek (NOVA) a \u010dern\u00fd p\u0159edpatinovan\u00fd zinek (NOIR). D\u00edky pou\u017e\u00edv\u00e1n\u00ed st\u00e1vaj\u00edc\u00edho produktu nov\u00fdm zp\u016fsobem a v nov\u00e9 podob\u011b je zinek st\u00e1le fascinuj\u00edc\u00edm a inspiruj\u00edc\u00edm produktem. To vedlo k v\u00fdvoji produkt\u016f jako NedZink Pro-Tec a NedZink NUANCE.<\/p>\n<p><em>NedZink trademarks: NedZink<sup>\u00ae<\/sup> NATUREL, NedZink<sup>\u00ae<\/sup> NEO, NedZink<sup>\u00ae<\/sup> NOVA, NedZink<sup>\u00ae<\/sup> NOIR, NedZink<sup>\u00ae<\/sup> NUANCE, NedZink<sup>\u00ae<\/sup> Pro-Tec.<\/em>[\/vc_column_text][\/vc_column][vc_column offset=&#8220;vc_col-lg-4 vc_col-md-4 vc_col-xs-12&#8243;][vc_row_inner css=&#8220;.vc_custom_1551707105796{padding-right: 36px !important;padding-left: 36px !important;}&#8220;][vc_column_inner][vc_single_image image=&#8220;473&#8243; img_size=&#8220;full&#8220; alignment=&#8220;center&#8220;][mk_padding_divider size=&#8220;20&#8243;][vc_column_text align=&#8220;center&#8220; css=&#8220;.vc_custom_1563270337142{margin-bottom: 0px !important;}&#8220;]\n<h2>\u201cV\u011bd\u011bli jste, \u017ee titanzinek je nejodoln\u011bj\u0161\u00edm stavebn\u00edm kovem?\u201d<\/h2>\n[\/vc_column_text][vc_column_text align=&#8220;center&#8220; css=&#8220;.vc_custom_1563270527816{margin-bottom: 0px !important;}&#8220;]<span style=\"color: #009ad8;\">Jeho v\u00fdjime\u010dn\u00e9 vlastnosti zpracov\u00e1n\u00ed z n\u011bj d\u011blaj\u00ed materi\u00e1l, se kter\u00fdm se snadno pracuje a je 100% recyklovateln\u00fd.<br \/>\n<\/span>[\/vc_column_text][\/vc_column_inner][\/vc_row_inner][\/vc_column][\/vc_row][vc_row][vc_column][mk_padding_divider size=&#8220;50&#8243;][\/vc_column][\/vc_row][vc_row equal_columns=&#8220;true&#8220; attached=&#8220;true&#8220; column_padding=&#8220;1&#8243; el_class=&#8220;home-projecten-nieuws rij-wit-schaduw&#8220;][vc_column width=&#8220;3\/4&#8243; el_class=&#8220;projecten&#8220;][vc_column_text css=&#8220;.vc_custom_1563270549184{margin-bottom: 0px !important;}&#8220;]\n<h2>Projekty<\/h2>\n[\/vc_column_text][mk_blog_carousel count=&#8220;-1&#8243; cat=&#8220;41, 43, 42&#8243;][\/vc_column][vc_column width=&#8220;1\/4&#8243; el_class=&#8220;nieuws&#8220;][vc_column_text css=&#8220;.vc_custom_1563270568575{margin-bottom: 0px !important;}&#8220;]\n<h2>Novinky<\/h2>\n[\/vc_column_text][mk_blog style=&#8220;thumbnail&#8220; image_size=&#8220;full&#8220; post_count=&#8220;3&#8243; excerpt_length=&#8220;0&#8243; pagination=&#8220;false&#8220; cat=&#8220;98&#8243;][\/vc_column][\/vc_row][vc_row][vc_column][mk_padding_divider size=&#8220;50&#8243;][\/vc_column][\/vc_row][vc_row equal_columns=&#8220;true&#8220; attached=&#8220;true&#8220; el_class=&#8220;home-waarom-nedzink rij-wit-schaduw&#8220;][vc_column][mk_padding_divider size=&#8220;30&#8243;][vc_column_text align=&#8220;center&#8220; css=&#8220;.vc_custom_1563270588384{margin-bottom: 0px !important;}&#8220;]\n<h2>Pro\u010d pr\u00e1v\u011b NedZink?<\/h2>\n[\/vc_column_text][vc_row_inner attached=&#8220;true&#8220; column_padding=&#8220;1&#8243;][vc_column_inner el_class=&#8220;waaromnedzink&#8220; width=&#8220;1\/3&#8243; offset=&#8220;vc_col-lg-2 vc_col-md-4 vc_col-xs-12&#8243;][vc_single_image image=&#8220;890&#8243; img_size=&#8220;full&#8220; alignment=&#8220;center&#8220;][vc_column_text align=&#8220;center&#8220; el_class=&#8220;titel&#8220; css=&#8220;.vc_custom_1563270673244{margin-bottom: 0px !important;}&#8220;]\n<h3>Rychl\u00e9 dod\u00e1n\u00ed<\/h3>\n[\/vc_column_text][vc_column_text align=&#8220;center&#8220; css=&#8220;.vc_custom_1563270687806{margin-bottom: 0px !important;}&#8220;]V\u011bt\u0161inu v\u00fdrobk\u016f m\u00e1me obvykle k dispozici v n\u011bkter\u00e9m z na\u0161ich sklad\u016f nebo u n\u011bkter\u00e9ho z na\u0161ich distributor\u016f po cel\u00e9m sv\u011bt\u011b.[\/vc_column_text][\/vc_column_inner][vc_column_inner el_class=&#8220;waaromnedzink&#8220; width=&#8220;1\/3&#8243; offset=&#8220;vc_col-lg-2 vc_col-md-4 vc_col-xs-12&#8243;][vc_single_image image=&#8220;850&#8243; img_size=&#8220;full&#8220; alignment=&#8220;center&#8220;][vc_column_text align=&#8220;center&#8220; el_class=&#8220;titel&#8220; css=&#8220;.vc_custom_1563270705515{margin-bottom: 0px !important;}&#8220;]\n<h3>V\u00edce ne\u017e 125 let zku\u0161enost\u00ed<\/h3>\n[\/vc_column_text][vc_column_text align=&#8220;center&#8220; css=&#8220;.vc_custom_1563270718957{margin-bottom: 0px !important;}&#8220;]Spole\u010dnost NedZink d\u00edky v\u00edce ne\u017e 125 let\u016fm zku\u0161enost\u00ed dok\u00e1zala vybudovat obrovskou intern\u00ed i extern\u00ed s\u00ed\u0165, v r\u00e1mci n\u00ed\u017e doch\u00e1z\u00ed k neust\u00e1l\u00e9mu sd\u00edlen\u00ed znalost\u00ed a zku\u0161enost\u00ed.[\/vc_column_text][\/vc_column_inner][vc_column_inner el_class=&#8220;waaromnedzink&#8220; width=&#8220;1\/3&#8243; offset=&#8220;vc_col-lg-2 vc_col-md-4 vc_col-xs-12&#8243;][vc_single_image image=&#8220;870&#8243; img_size=&#8220;full&#8220; alignment=&#8220;center&#8220;][vc_column_text align=&#8220;center&#8220; el_class=&#8220;titel&#8220; css=&#8220;.vc_custom_1563270734908{margin-bottom: 0px !important;}&#8220;]\n<h3>Zaru\u010den\u00e1 kvalita<\/h3>\n[\/vc_column_text][vc_column_text align=&#8220;center&#8220; css=&#8220;.vc_custom_1563270746500{margin-bottom: 0px !important;}&#8220;]Spole\u010dnost NedZink podporuje zav\u00e1d\u011bn\u00ed trvanliv\u00fdch aplikac\u00ed zinku s vysokou technickou kvalitou, kter\u00e1 je zaru\u010dena v souladu s normou NEN-EN-ISO 9001:2015.[\/vc_column_text][\/vc_column_inner][vc_column_inner el_class=&#8220;waaromnedzink&#8220; width=&#8220;1\/3&#8243; offset=&#8220;vc_col-lg-2 vc_col-md-4 vc_col-xs-12&#8243;][vc_single_image image=&#8220;900&#8243; img_size=&#8220;full&#8220; alignment=&#8220;center&#8220;][vc_column_text align=&#8220;center&#8220; el_class=&#8220;titel&#8220; css=&#8220;.vc_custom_1563270777728{margin-bottom: 0px !important;}&#8220;]\n<h3>Glob\u00e1ln\u00ed hr\u00e1\u010d<\/h3>\n[\/vc_column_text][vc_column_text align=&#8220;center&#8220; css=&#8220;.vc_custom_1563270786019{margin-bottom: 0px !important;}&#8220;]Spole\u010dnost NedZink p\u016fsob\u00ed po cel\u00e9m sv\u011bt\u011b! D\u00edky obrovsk\u00e9 distribu\u010dn\u00ed s\u00edti provozuje spole\u010dnost NedZink svou \u010dinnost inovativn\u00edm a kreativn\u00edm zp\u016fsobem po cel\u00e9m sv\u011bt\u011b.[\/vc_column_text][\/vc_column_inner][vc_column_inner el_class=&#8220;waaromnedzink&#8220; width=&#8220;1\/3&#8243; offset=&#8220;vc_col-lg-2 vc_col-md-4 vc_col-xs-12&#8243;][vc_single_image image=&#8220;880&#8243; img_size=&#8220;full&#8220; alignment=&#8220;center&#8220;][vc_column_text align=&#8220;center&#8220; el_class=&#8220;titel&#8220; css=&#8220;.vc_custom_1563270797916{margin-bottom: 0px !important;}&#8220;]\n<h3>Bezkonkuren\u010dn\u00ed znalosti trhu<\/h3>\n[\/vc_column_text][vc_column_text align=&#8220;center&#8220; css=&#8220;.vc_custom_1563270809936{margin-bottom: 0px !important;}&#8220;]Coby glob\u00e1ln\u00ed hr\u00e1\u010d s v\u00edce ne\u017e 125 lety zku\u0161enost\u00ed jsme partnerem s nejv\u011bt\u0161\u00edmi znalostmi v odv\u011btv\u00ed.[\/vc_column_text][\/vc_column_inner][vc_column_inner el_class=&#8220;waaromnedzink&#8220; width=&#8220;1\/3&#8243; offset=&#8220;vc_col-lg-2 vc_col-md-4 vc_col-xs-12&#8243;][vc_single_image image=&#8220;860&#8243; img_size=&#8220;full&#8220; alignment=&#8220;center&#8220;][vc_column_text align=&#8220;center&#8220; el_class=&#8220;titel&#8220; css=&#8220;.vc_custom_1563270821780{margin-bottom: 0px !important;}&#8220;]\n<h3>Dohoda je dohoda<\/h3>\n[\/vc_column_text][vc_column_text align=&#8220;center&#8220; css=&#8220;.vc_custom_1563270831370{margin-bottom: 0px !important;}&#8220;]Spole\u010dnost NedZink je coby obchodn\u00ed partner zdrojem inspirace \u2013 d\u00edky spolehliv\u00e9mu poskytov\u00e1n\u00ed znalost\u00ed, zaji\u0161\u0165ov\u00e1n\u00ed kvality a\u00a0slu\u017eeb.[\/vc_column_text][\/vc_column_inner][\/vc_row_inner][mk_padding_divider size=&#8220;30&#8243;][\/vc_column][\/vc_row][vc_row css=&#8220;.vc_custom_1556890547379{padding-top: 0px !important;padding-right: 0px !important;padding-bottom: 0px !important;padding-left: 0px !important;}&#8220;][vc_column][mk_padding_divider size=&#8220;50&#8243;][\/vc_column][\/vc_row][vc_row el_class=&#8220;home-logos-keurmerken&#8220;][vc_column][vc_column_text align=&#8220;center&#8220; css=&#8220;.vc_custom_1563270845863{margin-bottom: 0px !important;}&#8220;]\n<h2>NedZink \u2013 logick\u00e1 volba!<\/h2>\n[\/vc_column_text][mk_padding_divider size=&#8220;20&#8243;][vc_column_text align=&#8220;center&#8220; css=&#8220;.vc_custom_1647252075786{margin-bottom: 0px !important;}&#8220;]<a href=\"https:\/\/www.nedzink.com\/cs\/downloads\/#lloyd\"><img loading=\"lazy\" decoding=\"async\" class=\"alignnone wp-image-106795\" src=\"https:\/\/www.nedzink.com\/wp-content\/uploads\/2022\/03\/rva-and-iso-9001-cmyk.jpg\" alt=\"\" width=\"110\" height=\"69\" srcset=\"https:\/\/www.nedzink.com\/wp-content\/uploads\/2022\/03\/rva-and-iso-9001-cmyk.jpg 1881w, https:\/\/www.nedzink.com\/wp-content\/uploads\/2022\/03\/rva-and-iso-9001-cmyk-300x188.jpg 300w, https:\/\/www.nedzink.com\/wp-content\/uploads\/2022\/03\/rva-and-iso-9001-cmyk-1024x643.jpg 1024w, https:\/\/www.nedzink.com\/wp-content\/uploads\/2022\/03\/rva-and-iso-9001-cmyk-1536x964.jpg 1536w, https:\/\/www.nedzink.com\/wp-content\/uploads\/2022\/03\/rva-and-iso-9001-cmyk-139x87.jpg 139w, https:\/\/www.nedzink.com\/wp-content\/uploads\/2022\/03\/rva-and-iso-9001-cmyk-56x36.jpg 56w, https:\/\/www.nedzink.com\/wp-content\/uploads\/2022\/03\/rva-and-iso-9001-cmyk-212x133.jpg 212w\" sizes=\"auto, (max-width: 110px) 100vw, 110px\" \/><\/a><a href=\"https:\/\/www.komoquality.com\/\" target=\"_blank\" rel=\"noopener noreferrer\"><img loading=\"lazy\" decoding=\"async\" class=\"logohomeonder\" src=\"https:\/\/www.nedzink.com\/wp-content\/uploads\/2019\/03\/komo.png\" alt=\"\" width=\"89\" height=\"78\" \/><\/a><a href=\"https:\/\/www.kiwaregister.nl\/\"><img loading=\"lazy\" decoding=\"async\" class=\"logohomeonder\" src=\"https:\/\/www.nedzink.com\/wp-content\/uploads\/2019\/10\/kiwa.png\" alt=\"\" width=\"141\" height=\"50\" \/><\/a><a href=\"https:\/\/www.nedzink.com\/cs\/zivotni-prostredi\/ekologicke-certifikaty-epd\/\"><img loading=\"lazy\" decoding=\"async\" class=\"logohomeonder\" src=\"https:\/\/www.nedzink.com\/wp-content\/uploads\/2019\/03\/epd.png\" alt=\"\" width=\"165\" height=\"79\" \/><\/a><a href=\"http:\/\/www.zincsaveskids.org\/\" target=\"_blank\" rel=\"noopener noreferrer\"><img loading=\"lazy\" decoding=\"async\" class=\"logohomeonder alignnone\" src=\"https:\/\/www.nedzink.com\/wp-content\/uploads\/2019\/03\/zinc_saves_kids.png\" alt=\"\" width=\"330\" height=\"62\" \/><\/a><a href=\"http:\/\/www.zinc.org\/\" target=\"_blank\" rel=\"noopener noreferrer\"><img loading=\"lazy\" decoding=\"async\" class=\"logohomeonder alignnone\" src=\"https:\/\/www.nedzink.com\/wp-content\/uploads\/2019\/03\/zinc_essential.png\" alt=\"\" width=\"136\" height=\"53\" \/><\/a>[\/vc_column_text][mk_padding_divider size=&#8220;20&#8243;][\/vc_column][\/vc_row]\n","protected":false},"excerpt":{"rendered":"<p>[vc_row fullwidth=&#8220;true&#8220;][vc_column][vc_column_text css=&#8220;.vc_custom_1670319373496{margin-bottom: 0px !important;}&#8220;][\/vc_column_text][\/vc_column][\/vc_row][vc_row][vc_column][mk_padding_divider size=&#8220;50&#8243;][\/vc_column][\/vc_row][vc_row attached=&#8220;true&#8220; el_class=&#8220;home-branches-blokken&#8220;][vc_column width=&#8220;1\/3&#8243;][vc_column_text align=&#8220;center&#8220; el_class=&#8220;consumenten&#8220; css=&#8220;.vc_custom_1569245583078{margin-bottom: 0px !important;}&#8220;] Investo\u0159i [\/vc_column_text][\/vc_column][vc_column width=&#8220;1\/3&#8243; el_class=&#8220;architecten&#8220;][vc_column_text align=&#8220;center&#8220; css=&#8220;.vc_custom_1563269494779{margin-bottom: 0px !important;}&#8220;] Architekti [\/vc_column_text][\/vc_column][vc_column width=&#8220;1\/3&#8243;][vc_column_text align=&#8220;center&#8220; el_class=&#8220;installateurs&#8220; css=&#8220;.vc_custom_1569245640971{margin-bottom: 0px !important;}&#8220;] \u0158emesln\u00edci [\/vc_column_text][\/vc_column][\/vc_row][vc_row][vc_column][mk_padding_divider size=&#8220;50&#8243;][\/vc_column][\/vc_row][vc_row attached=&#8220;true&#8220; column_padding=&#8220;3&#8243; el_class=&#8220;home-intro rij-wit-schaduw&#8220;][vc_column width=&#8220;1\/2&#8243; offset=&#8220;vc_col-lg-4 vc_col-md-4 vc_col-xs-12&#8243;][vc_column_text css=&#8220;.vc_custom_1563270278424{margin-bottom: 0px !important;}&#8220;] Nizozemsk\u00fd v\u00fdrobce vysoce kvalitn\u00edho zinku s v\u00edce ne\u017e 125 lety zku\u0161enost\u00ed. [&hellip;]<\/p>\n","protected":false},"author":9,"featured_media":0,"parent":0,"menu_order":0,"comment_status":"closed","ping_status":"closed","template":"","meta":{"_acf_changed":false,"footnotes":""},"class_list":["post-39","page","type-page","status-publish","hentry"],"acf":[],"yoast_head":"<!-- This site is optimized with the Yoast SEO plugin v26.8 - https:\/\/yoast.com\/product\/yoast-seo-wordpress\/ -->\n<title>Home \u2013 NedZink<\/title>\n<meta name=\"description\" content=\"NedZink is d\u00e9 Nederlandse zinkfabrikant van gewalst titaanzink voor toepassingen in gevelbekleding, dakbedekking, dakgoten en hemelwaterafvoersystemen.\" \/>\n<meta name=\"robots\" content=\"index, follow, max-snippet:-1, max-image-preview:large, max-video-preview:-1\" \/>\n<link rel=\"canonical\" href=\"https:\/\/www.nedzink.com\/cs\/\" \/>\n<meta property=\"og:locale\" content=\"cs_CZ\" \/>\n<meta property=\"og:type\" content=\"article\" \/>\n<meta property=\"og:title\" content=\"Home \u2013 NedZink\" \/>\n<meta property=\"og:description\" content=\"NedZink is d\u00e9 Nederlandse zinkfabrikant van gewalst titaanzink voor toepassingen in gevelbekleding, dakbedekking, dakgoten en hemelwaterafvoersystemen.\" \/>\n<meta property=\"og:url\" content=\"https:\/\/www.nedzink.com\/cs\/\" \/>\n<meta property=\"og:site_name\" content=\"NedZink\" \/>\n<meta property=\"article:modified_time\" content=\"2025-03-25T14:02:08+00:00\" \/>\n<meta property=\"og:image\" content=\"https:\/\/www.nedzink.com\/wp-content\/uploads\/2022\/03\/rva-and-iso-9001-cmyk.jpg\" \/>\n<meta name=\"twitter:card\" content=\"summary_large_image\" \/>\n<meta name=\"twitter:label1\" content=\"Odhadovan\u00e1 doba \u010dten\u00ed\" \/>\n\t<meta name=\"twitter:data1\" content=\"4 minuty\" \/>\n<script type=\"application\/ld+json\" class=\"yoast-schema-graph\">{\"@context\":\"https:\/\/schema.org\",\"@graph\":[{\"@type\":\"WebPage\",\"@id\":\"https:\/\/www.nedzink.com\/cs\/\",\"url\":\"https:\/\/www.nedzink.com\/cs\/\",\"name\":\"Home \u2013 NedZink\",\"isPartOf\":{\"@id\":\"https:\/\/www.nedzink.com\/cs\/#website\"},\"primaryImageOfPage\":{\"@id\":\"https:\/\/www.nedzink.com\/cs\/#primaryimage\"},\"image\":{\"@id\":\"https:\/\/www.nedzink.com\/cs\/#primaryimage\"},\"thumbnailUrl\":\"https:\/\/www.nedzink.com\/wp-content\/uploads\/2022\/03\/rva-and-iso-9001-cmyk.jpg\",\"datePublished\":\"2019-02-27T14:34:07+00:00\",\"dateModified\":\"2025-03-25T14:02:08+00:00\",\"description\":\"NedZink is d\u00e9 Nederlandse zinkfabrikant van gewalst titaanzink voor toepassingen in gevelbekleding, dakbedekking, dakgoten en hemelwaterafvoersystemen.\",\"breadcrumb\":{\"@id\":\"https:\/\/www.nedzink.com\/cs\/#breadcrumb\"},\"inLanguage\":\"cs\",\"potentialAction\":[{\"@type\":\"ReadAction\",\"target\":[\"https:\/\/www.nedzink.com\/cs\/\"]}]},{\"@type\":\"ImageObject\",\"inLanguage\":\"cs\",\"@id\":\"https:\/\/www.nedzink.com\/cs\/#primaryimage\",\"url\":\"https:\/\/www.nedzink.com\/wp-content\/uploads\/2022\/03\/rva-and-iso-9001-cmyk.jpg\",\"contentUrl\":\"https:\/\/www.nedzink.com\/wp-content\/uploads\/2022\/03\/rva-and-iso-9001-cmyk.jpg\"},{\"@type\":\"BreadcrumbList\",\"@id\":\"https:\/\/www.nedzink.com\/cs\/#breadcrumb\",\"itemListElement\":[{\"@type\":\"ListItem\",\"position\":1,\"name\":\"Home\",\"item\":\"https:\/\/www.nedzink.com\/cs\/\"},{\"@type\":\"ListItem\",\"position\":2,\"name\":\"Home\"}]},{\"@type\":\"WebSite\",\"@id\":\"https:\/\/www.nedzink.com\/cs\/#website\",\"url\":\"https:\/\/www.nedzink.com\/cs\/\",\"name\":\"NedZink\",\"description\":\"Zink fabrikant\",\"publisher\":{\"@id\":\"https:\/\/www.nedzink.com\/cs\/#organization\"},\"potentialAction\":[{\"@type\":\"SearchAction\",\"target\":{\"@type\":\"EntryPoint\",\"urlTemplate\":\"https:\/\/www.nedzink.com\/cs\/?s={search_term_string}\"},\"query-input\":{\"@type\":\"PropertyValueSpecification\",\"valueRequired\":true,\"valueName\":\"search_term_string\"}}],\"inLanguage\":\"cs\"},{\"@type\":\"Organization\",\"@id\":\"https:\/\/www.nedzink.com\/cs\/#organization\",\"name\":\"NedZink\",\"url\":\"https:\/\/www.nedzink.com\/cs\/\",\"logo\":{\"@type\":\"ImageObject\",\"inLanguage\":\"cs\",\"@id\":\"https:\/\/www.nedzink.com\/cs\/#\/schema\/logo\/image\/\",\"url\":\"https:\/\/www.nedzink.com\/wp-content\/uploads\/2019\/08\/logo-nedzink_fc_zk.jpg\",\"contentUrl\":\"https:\/\/www.nedzink.com\/wp-content\/uploads\/2019\/08\/logo-nedzink_fc_zk.jpg\",\"width\":2160,\"height\":688,\"caption\":\"NedZink\"},\"image\":{\"@id\":\"https:\/\/www.nedzink.com\/cs\/#\/schema\/logo\/image\/\"}}]}<\/script>\n<!-- \/ Yoast SEO plugin. -->","yoast_head_json":{"title":"Home \u2013 NedZink","description":"NedZink is d\u00e9 Nederlandse zinkfabrikant van gewalst titaanzink voor toepassingen in gevelbekleding, dakbedekking, dakgoten en hemelwaterafvoersystemen.","robots":{"index":"index","follow":"follow","max-snippet":"max-snippet:-1","max-image-preview":"max-image-preview:large","max-video-preview":"max-video-preview:-1"},"canonical":"https:\/\/www.nedzink.com\/cs\/","og_locale":"cs_CZ","og_type":"article","og_title":"Home \u2013 NedZink","og_description":"NedZink is d\u00e9 Nederlandse zinkfabrikant van gewalst titaanzink voor toepassingen in gevelbekleding, dakbedekking, dakgoten en hemelwaterafvoersystemen.","og_url":"https:\/\/www.nedzink.com\/cs\/","og_site_name":"NedZink","article_modified_time":"2025-03-25T14:02:08+00:00","og_image":[{"url":"https:\/\/www.nedzink.com\/wp-content\/uploads\/2022\/03\/rva-and-iso-9001-cmyk.jpg","type":"","width":"","height":""}],"twitter_card":"summary_large_image","twitter_misc":{"Odhadovan\u00e1 doba \u010dten\u00ed":"4 minuty"},"schema":{"@context":"https:\/\/schema.org","@graph":[{"@type":"WebPage","@id":"https:\/\/www.nedzink.com\/cs\/","url":"https:\/\/www.nedzink.com\/cs\/","name":"Home \u2013 NedZink","isPartOf":{"@id":"https:\/\/www.nedzink.com\/cs\/#website"},"primaryImageOfPage":{"@id":"https:\/\/www.nedzink.com\/cs\/#primaryimage"},"image":{"@id":"https:\/\/www.nedzink.com\/cs\/#primaryimage"},"thumbnailUrl":"https:\/\/www.nedzink.com\/wp-content\/uploads\/2022\/03\/rva-and-iso-9001-cmyk.jpg","datePublished":"2019-02-27T14:34:07+00:00","dateModified":"2025-03-25T14:02:08+00:00","description":"NedZink is d\u00e9 Nederlandse zinkfabrikant van gewalst titaanzink voor toepassingen in gevelbekleding, dakbedekking, dakgoten en hemelwaterafvoersystemen.","breadcrumb":{"@id":"https:\/\/www.nedzink.com\/cs\/#breadcrumb"},"inLanguage":"cs","potentialAction":[{"@type":"ReadAction","target":["https:\/\/www.nedzink.com\/cs\/"]}]},{"@type":"ImageObject","inLanguage":"cs","@id":"https:\/\/www.nedzink.com\/cs\/#primaryimage","url":"https:\/\/www.nedzink.com\/wp-content\/uploads\/2022\/03\/rva-and-iso-9001-cmyk.jpg","contentUrl":"https:\/\/www.nedzink.com\/wp-content\/uploads\/2022\/03\/rva-and-iso-9001-cmyk.jpg"},{"@type":"BreadcrumbList","@id":"https:\/\/www.nedzink.com\/cs\/#breadcrumb","itemListElement":[{"@type":"ListItem","position":1,"name":"Home","item":"https:\/\/www.nedzink.com\/cs\/"},{"@type":"ListItem","position":2,"name":"Home"}]},{"@type":"WebSite","@id":"https:\/\/www.nedzink.com\/cs\/#website","url":"https:\/\/www.nedzink.com\/cs\/","name":"NedZink","description":"Zink fabrikant","publisher":{"@id":"https:\/\/www.nedzink.com\/cs\/#organization"},"potentialAction":[{"@type":"SearchAction","target":{"@type":"EntryPoint","urlTemplate":"https:\/\/www.nedzink.com\/cs\/?s={search_term_string}"},"query-input":{"@type":"PropertyValueSpecification","valueRequired":true,"valueName":"search_term_string"}}],"inLanguage":"cs"},{"@type":"Organization","@id":"https:\/\/www.nedzink.com\/cs\/#organization","name":"NedZink","url":"https:\/\/www.nedzink.com\/cs\/","logo":{"@type":"ImageObject","inLanguage":"cs","@id":"https:\/\/www.nedzink.com\/cs\/#\/schema\/logo\/image\/","url":"https:\/\/www.nedzink.com\/wp-content\/uploads\/2019\/08\/logo-nedzink_fc_zk.jpg","contentUrl":"https:\/\/www.nedzink.com\/wp-content\/uploads\/2019\/08\/logo-nedzink_fc_zk.jpg","width":2160,"height":688,"caption":"NedZink"},"image":{"@id":"https:\/\/www.nedzink.com\/cs\/#\/schema\/logo\/image\/"}}]}},"_links":{"self":[{"href":"https:\/\/www.nedzink.com\/cs\/wp-json\/wp\/v2\/pages\/39","targetHints":{"allow":["GET"]}}],"collection":[{"href":"https:\/\/www.nedzink.com\/cs\/wp-json\/wp\/v2\/pages"}],"about":[{"href":"https:\/\/www.nedzink.com\/cs\/wp-json\/wp\/v2\/types\/page"}],"author":[{"embeddable":true,"href":"https:\/\/www.nedzink.com\/cs\/wp-json\/wp\/v2\/users\/9"}],"replies":[{"embeddable":true,"href":"https:\/\/www.nedzink.com\/cs\/wp-json\/wp\/v2\/comments?post=39"}],"version-history":[{"count":5,"href":"https:\/\/www.nedzink.com\/cs\/wp-json\/wp\/v2\/pages\/39\/revisions"}],"predecessor-version":[{"id":135861,"href":"https:\/\/www.nedzink.com\/cs\/wp-json\/wp\/v2\/pages\/39\/revisions\/135861"}],"wp:attachment":[{"href":"https:\/\/www.nedzink.com\/cs\/wp-json\/wp\/v2\/media?parent=39"}],"curies":[{"name":"wp","href":"https:\/\/api.w.org\/{rel}","templated":true}]}}