{"id":31900,"date":"2019-04-23T13:49:15","date_gmt":"2019-04-23T11:49:15","guid":{"rendered":"http:\/\/136.144.181.85\/~nedzink\/disclaimer\/"},"modified":"2019-06-05T12:41:57","modified_gmt":"2019-06-05T10:41:57","slug":"disclaimer","status":"publish","type":"page","link":"https:\/\/www.nedzink.com\/cs\/disclaimer\/","title":{"rendered":"Disclaimer"},"content":{"rendered":"[vc_row equal_columns=&#8220;true&#8220; attached=&#8220;true&#8220; column_padding=&#8220;2&#8243; el_class=&#8220;rij-wit-schaduw&#8220;][vc_column][vc_row_inner is_fullwidth_content=&#8220;false&#8220;][vc_column_inner][mk_padding_divider size=&#8220;30&#8243;][vc_column_text css=&#8220;.vc_custom_1556021609675{margin-bottom: 0px !important;}&#8220;]\n<h1>Disclaimer<\/h1>\n[\/vc_column_text][mk_padding_divider size=&#8220;30&#8243;][vc_column_text css=&#8220;.vc_custom_1559731313013{margin-bottom: 0px !important;}&#8220;]D\u011bkujeme V\u00e1m za n\u00e1v\u0161t\u011bvu na\u0161ich webov\u00fdch str\u00e1nek. Tyto webov\u00e9 str\u00e1nky jsou ve spr\u00e1v\u011b a majetku NedZink BV. se s\u00eddlem v Budel-Dorplein, Nizozemsko, registrovan\u00e9 v obchodn\u00ed komo\u0159e: 17067114.<\/p>\n<p>NedZink BV vynakl\u00e1d\u00e1 ve\u0161kerou p\u00e9\u010di, aby zajistil spr\u00e1vn\u00fd obsah t\u011bchto webov\u00fdch str\u00e1nek s p\u0159esnou prezentac\u00ed na Va\u0161\u00ed obrazovce. NedZink BV nicm\u00e9n\u011b neru\u010d\u00ed za \u00faplnost, spr\u00e1vnost a p\u0159esnost obsahu t\u011bchto webov\u00fdch str\u00e1nek a mo\u017en\u00fd obsah jejich odkaz\u016f.<\/p>\n<p>NedZink BV mohou pou\u017e\u00edvat p\u0159i form\u00e1tov\u00e1n\u00ed str\u00e1nek cookies ke snadn\u00e9 identifikaci webov\u00e9ho u\u017eivatele a t\u00edm, jak je to jen mo\u017en\u00e9, k usnadn\u011bn\u00ed navigace prost\u0159ednictv\u00edm t\u011bchto webov\u00fdch str\u00e1nek. Sestavili jsme tak\u00e9 statistiky n\u00e1v\u0161t\u011bv a navigac\u00ed. Tyto statistiky nejsou ur\u010den\u00e9 ke shroma\u017e\u010fov\u00e1n\u00ed osobn\u00edch \u00fadaj\u016f. NedZink nezkompiluje \u017e\u00e1dn\u00e9 osobn\u00ed \u00fadaje, pokud tyto \u00fadaje neuvedete jak\u00fdmkoliv jin\u00fdm zp\u016fsobem sami dobrovoln\u011b p\u0159i jejich zad\u00e1n\u00ed. Pokud si nep\u0159ejete dost\u00e1vat informace z webu NedZink BV, m\u016f\u017eete zak\u00e1zat cookies ve Va\u0161em prohl\u00ed\u017ee\u010di.<\/p>\n<p>NedZink BV webov\u00e9 str\u00e1nky mohou obsahovat odkazy na jin\u00e9 str\u00e1nky. NedZink BV nen\u00ed a nem\u016f\u017ee b\u00fdt zodpov\u011bdn\u00fd za obsah a pravidla pou\u017eit\u00e1 na t\u011bchto str\u00e1nk\u00e1ch. NedZink BV neodpov\u00edd\u00e1 v \u017e\u00e1dn\u00e9m p\u0159\u00edpad\u011b za p\u0159\u00edpadn\u00e9 \u0161kody vznikl\u00e9 v d\u016fsledku dostupnosti nebo nedostupnosti t\u011bchto internetov\u00fdch str\u00e1nek, ani za viry, kter\u00e9 mohou ovlivnit po\u010d\u00edta\u010dov\u00e9 za\u0159\u00edzen\u00ed, s\u00edt\u011b, software nebo data.<\/p>\n<p>NedZink BV V\u00e1m poskytuje pr\u00e1vo k prohl\u00ed\u017een\u00ed, ukl\u00e1d\u00e1n\u00ed a reprodukov\u00e1n\u00ed kopi\u00ed t\u011bchto webov\u00fdch str\u00e1nek pro osobn\u00ed pou\u017eit\u00ed, pokud budete uv\u00e1d\u011bt rozeznateln\u00fdm zp\u016fsobem jako zdroj informac\u00ed NedZink.<\/p>\n<p>Obsah t\u011bchto internetov\u00fdch str\u00e1nek (v\u010detn\u011b vyobrazen\u00ed a fotografi\u00ed) nelze publikovat, distribuovat nebo kop\u00edrovat bez v\u00fdlu\u010dn\u00e9ho souhlasu NedZink BV.[\/vc_column_text][\/vc_column_inner][\/vc_row_inner][\/vc_column][\/vc_row]\n","protected":false},"excerpt":{"rendered":"<p>[vc_row equal_columns=&#8220;true&#8220; attached=&#8220;true&#8220; column_padding=&#8220;2&#8243; el_class=&#8220;rij-wit-schaduw&#8220;][vc_column][vc_row_inner is_fullwidth_content=&#8220;false&#8220;][vc_column_inner][mk_padding_divider size=&#8220;30&#8243;][vc_column_text css=&#8220;.vc_custom_1556021609675{margin-bottom: 0px !important;}&#8220;] Disclaimer [\/vc_column_text][mk_padding_divider size=&#8220;30&#8243;][vc_column_text css=&#8220;.vc_custom_1559731313013{margin-bottom: 0px !important;}&#8220;]D\u011bkujeme V\u00e1m za n\u00e1v\u0161t\u011bvu na\u0161ich webov\u00fdch str\u00e1nek. Tyto webov\u00e9 str\u00e1nky jsou ve spr\u00e1v\u011b a majetku NedZink BV. se s\u00eddlem v Budel-Dorplein, Nizozemsko, registrovan\u00e9 v obchodn\u00ed komo\u0159e: 17067114. NedZink BV vynakl\u00e1d\u00e1 ve\u0161kerou p\u00e9\u010di, aby zajistil spr\u00e1vn\u00fd obsah t\u011bchto webov\u00fdch str\u00e1nek s [&hellip;]<\/p>\n","protected":false},"author":9,"featured_media":0,"parent":0,"menu_order":0,"comment_status":"closed","ping_status":"closed","template":"","meta":{"_acf_changed":false,"footnotes":""},"class_list":["post-31900","page","type-page","status-publish","hentry"],"acf":[],"yoast_head":"<!-- This site is optimized with the Yoast SEO plugin v26.8 - https:\/\/yoast.com\/product\/yoast-seo-wordpress\/ -->\n<title>Disclaimer \u2013 NedZink<\/title>\n<meta name=\"robots\" content=\"index, follow, max-snippet:-1, max-image-preview:large, max-video-preview:-1\" \/>\n<link rel=\"canonical\" href=\"https:\/\/www.nedzink.com\/cs\/disclaimer\/\" \/>\n<meta property=\"og:locale\" content=\"cs_CZ\" \/>\n<meta property=\"og:type\" content=\"article\" \/>\n<meta property=\"og:title\" content=\"Disclaimer \u2013 NedZink\" \/>\n<meta property=\"og:description\" content=\"[vc_row equal_columns=&#8220;true&#8220; attached=&#8220;true&#8220; column_padding=&#8220;2&#8243; el_class=&#8220;rij-wit-schaduw&#8220;][vc_column][vc_row_inner is_fullwidth_content=&#8220;false&#8220;][vc_column_inner][mk_padding_divider size=&#8220;30&#8243;][vc_column_text css=&#8220;.vc_custom_1556021609675{margin-bottom: 0px !important;}&#8220;] Disclaimer [\/vc_column_text][mk_padding_divider size=&#8220;30&#8243;][vc_column_text css=&#8220;.vc_custom_1559731313013{margin-bottom: 0px !important;}&#8220;]D\u011bkujeme V\u00e1m za n\u00e1v\u0161t\u011bvu na\u0161ich webov\u00fdch str\u00e1nek. Tyto webov\u00e9 str\u00e1nky jsou ve spr\u00e1v\u011b a majetku NedZink BV. se s\u00eddlem v Budel-Dorplein, Nizozemsko, registrovan\u00e9 v obchodn\u00ed komo\u0159e: 17067114. NedZink BV vynakl\u00e1d\u00e1 ve\u0161kerou p\u00e9\u010di, aby zajistil spr\u00e1vn\u00fd obsah t\u011bchto webov\u00fdch str\u00e1nek s [&hellip;]\" \/>\n<meta property=\"og:url\" content=\"https:\/\/www.nedzink.com\/cs\/disclaimer\/\" \/>\n<meta property=\"og:site_name\" content=\"NedZink\" \/>\n<meta property=\"article:modified_time\" content=\"2019-06-05T10:41:57+00:00\" \/>\n<meta name=\"twitter:card\" content=\"summary_large_image\" \/>\n<meta name=\"twitter:label1\" content=\"Odhadovan\u00e1 doba \u010dten\u00ed\" \/>\n\t<meta name=\"twitter:data1\" content=\"2 minuty\" \/>\n<script type=\"application\/ld+json\" class=\"yoast-schema-graph\">{\"@context\":\"https:\/\/schema.org\",\"@graph\":[{\"@type\":\"WebPage\",\"@id\":\"https:\/\/www.nedzink.com\/cs\/disclaimer\/\",\"url\":\"https:\/\/www.nedzink.com\/cs\/disclaimer\/\",\"name\":\"Disclaimer \u2013 NedZink\",\"isPartOf\":{\"@id\":\"https:\/\/www.nedzink.com\/cs\/#website\"},\"datePublished\":\"2019-04-23T11:49:15+00:00\",\"dateModified\":\"2019-06-05T10:41:57+00:00\",\"breadcrumb\":{\"@id\":\"https:\/\/www.nedzink.com\/cs\/disclaimer\/#breadcrumb\"},\"inLanguage\":\"cs\",\"potentialAction\":[{\"@type\":\"ReadAction\",\"target\":[\"https:\/\/www.nedzink.com\/cs\/disclaimer\/\"]}]},{\"@type\":\"BreadcrumbList\",\"@id\":\"https:\/\/www.nedzink.com\/cs\/disclaimer\/#breadcrumb\",\"itemListElement\":[{\"@type\":\"ListItem\",\"position\":1,\"name\":\"Home\",\"item\":\"https:\/\/www.nedzink.com\/cs\/\"},{\"@type\":\"ListItem\",\"position\":2,\"name\":\"Disclaimer\"}]},{\"@type\":\"WebSite\",\"@id\":\"https:\/\/www.nedzink.com\/cs\/#website\",\"url\":\"https:\/\/www.nedzink.com\/cs\/\",\"name\":\"NedZink\",\"description\":\"Zink fabrikant\",\"publisher\":{\"@id\":\"https:\/\/www.nedzink.com\/cs\/#organization\"},\"potentialAction\":[{\"@type\":\"SearchAction\",\"target\":{\"@type\":\"EntryPoint\",\"urlTemplate\":\"https:\/\/www.nedzink.com\/cs\/?s={search_term_string}\"},\"query-input\":{\"@type\":\"PropertyValueSpecification\",\"valueRequired\":true,\"valueName\":\"search_term_string\"}}],\"inLanguage\":\"cs\"},{\"@type\":\"Organization\",\"@id\":\"https:\/\/www.nedzink.com\/cs\/#organization\",\"name\":\"NedZink\",\"url\":\"https:\/\/www.nedzink.com\/cs\/\",\"logo\":{\"@type\":\"ImageObject\",\"inLanguage\":\"cs\",\"@id\":\"https:\/\/www.nedzink.com\/cs\/#\/schema\/logo\/image\/\",\"url\":\"https:\/\/www.nedzink.com\/wp-content\/uploads\/2019\/08\/logo-nedzink_fc_zk.jpg\",\"contentUrl\":\"https:\/\/www.nedzink.com\/wp-content\/uploads\/2019\/08\/logo-nedzink_fc_zk.jpg\",\"width\":2160,\"height\":688,\"caption\":\"NedZink\"},\"image\":{\"@id\":\"https:\/\/www.nedzink.com\/cs\/#\/schema\/logo\/image\/\"}}]}<\/script>\n<!-- \/ Yoast SEO plugin. -->","yoast_head_json":{"title":"Disclaimer \u2013 NedZink","robots":{"index":"index","follow":"follow","max-snippet":"max-snippet:-1","max-image-preview":"max-image-preview:large","max-video-preview":"max-video-preview:-1"},"canonical":"https:\/\/www.nedzink.com\/cs\/disclaimer\/","og_locale":"cs_CZ","og_type":"article","og_title":"Disclaimer \u2013 NedZink","og_description":"[vc_row equal_columns=&#8220;true&#8220; attached=&#8220;true&#8220; column_padding=&#8220;2&#8243; el_class=&#8220;rij-wit-schaduw&#8220;][vc_column][vc_row_inner is_fullwidth_content=&#8220;false&#8220;][vc_column_inner][mk_padding_divider size=&#8220;30&#8243;][vc_column_text css=&#8220;.vc_custom_1556021609675{margin-bottom: 0px !important;}&#8220;] Disclaimer [\/vc_column_text][mk_padding_divider size=&#8220;30&#8243;][vc_column_text css=&#8220;.vc_custom_1559731313013{margin-bottom: 0px !important;}&#8220;]D\u011bkujeme V\u00e1m za n\u00e1v\u0161t\u011bvu na\u0161ich webov\u00fdch str\u00e1nek. Tyto webov\u00e9 str\u00e1nky jsou ve spr\u00e1v\u011b a majetku NedZink BV. se s\u00eddlem v Budel-Dorplein, Nizozemsko, registrovan\u00e9 v obchodn\u00ed komo\u0159e: 17067114. NedZink BV vynakl\u00e1d\u00e1 ve\u0161kerou p\u00e9\u010di, aby zajistil spr\u00e1vn\u00fd obsah t\u011bchto webov\u00fdch str\u00e1nek s [&hellip;]","og_url":"https:\/\/www.nedzink.com\/cs\/disclaimer\/","og_site_name":"NedZink","article_modified_time":"2019-06-05T10:41:57+00:00","twitter_card":"summary_large_image","twitter_misc":{"Odhadovan\u00e1 doba \u010dten\u00ed":"2 minuty"},"schema":{"@context":"https:\/\/schema.org","@graph":[{"@type":"WebPage","@id":"https:\/\/www.nedzink.com\/cs\/disclaimer\/","url":"https:\/\/www.nedzink.com\/cs\/disclaimer\/","name":"Disclaimer \u2013 NedZink","isPartOf":{"@id":"https:\/\/www.nedzink.com\/cs\/#website"},"datePublished":"2019-04-23T11:49:15+00:00","dateModified":"2019-06-05T10:41:57+00:00","breadcrumb":{"@id":"https:\/\/www.nedzink.com\/cs\/disclaimer\/#breadcrumb"},"inLanguage":"cs","potentialAction":[{"@type":"ReadAction","target":["https:\/\/www.nedzink.com\/cs\/disclaimer\/"]}]},{"@type":"BreadcrumbList","@id":"https:\/\/www.nedzink.com\/cs\/disclaimer\/#breadcrumb","itemListElement":[{"@type":"ListItem","position":1,"name":"Home","item":"https:\/\/www.nedzink.com\/cs\/"},{"@type":"ListItem","position":2,"name":"Disclaimer"}]},{"@type":"WebSite","@id":"https:\/\/www.nedzink.com\/cs\/#website","url":"https:\/\/www.nedzink.com\/cs\/","name":"NedZink","description":"Zink fabrikant","publisher":{"@id":"https:\/\/www.nedzink.com\/cs\/#organization"},"potentialAction":[{"@type":"SearchAction","target":{"@type":"EntryPoint","urlTemplate":"https:\/\/www.nedzink.com\/cs\/?s={search_term_string}"},"query-input":{"@type":"PropertyValueSpecification","valueRequired":true,"valueName":"search_term_string"}}],"inLanguage":"cs"},{"@type":"Organization","@id":"https:\/\/www.nedzink.com\/cs\/#organization","name":"NedZink","url":"https:\/\/www.nedzink.com\/cs\/","logo":{"@type":"ImageObject","inLanguage":"cs","@id":"https:\/\/www.nedzink.com\/cs\/#\/schema\/logo\/image\/","url":"https:\/\/www.nedzink.com\/wp-content\/uploads\/2019\/08\/logo-nedzink_fc_zk.jpg","contentUrl":"https:\/\/www.nedzink.com\/wp-content\/uploads\/2019\/08\/logo-nedzink_fc_zk.jpg","width":2160,"height":688,"caption":"NedZink"},"image":{"@id":"https:\/\/www.nedzink.com\/cs\/#\/schema\/logo\/image\/"}}]}},"_links":{"self":[{"href":"https:\/\/www.nedzink.com\/cs\/wp-json\/wp\/v2\/pages\/31900","targetHints":{"allow":["GET"]}}],"collection":[{"href":"https:\/\/www.nedzink.com\/cs\/wp-json\/wp\/v2\/pages"}],"about":[{"href":"https:\/\/www.nedzink.com\/cs\/wp-json\/wp\/v2\/types\/page"}],"author":[{"embeddable":true,"href":"https:\/\/www.nedzink.com\/cs\/wp-json\/wp\/v2\/users\/9"}],"replies":[{"embeddable":true,"href":"https:\/\/www.nedzink.com\/cs\/wp-json\/wp\/v2\/comments?post=31900"}],"version-history":[{"count":0,"href":"https:\/\/www.nedzink.com\/cs\/wp-json\/wp\/v2\/pages\/31900\/revisions"}],"wp:attachment":[{"href":"https:\/\/www.nedzink.com\/cs\/wp-json\/wp\/v2\/media?parent=31900"}],"curies":[{"name":"wp","href":"https:\/\/api.w.org\/{rel}","templated":true}]}}