{"id":31171,"date":"2019-06-04T14:58:39","date_gmt":"2019-06-04T12:58:39","guid":{"rendered":"http:\/\/136.144.181.85\/~nedzink\/technicke-info\/texty-pro-rozpis-dodavek\/"},"modified":"2019-06-04T14:58:39","modified_gmt":"2019-06-04T12:58:39","slug":"texty-pro-rozpis-dodavek","status":"publish","type":"page","link":"https:\/\/www.nedzink.com\/cs\/texty-pro-rozpis-dodavek\/","title":{"rendered":"Texty pro rozpis dod\u00e1vek"},"content":{"rendered":"<p>\n\t&nbsp;<\/p>\n<p>\n\tV&aacute;\u017een&iacute; z&aacute;jemci,<\/p>\n<p>\n\t&nbsp;<\/p>\n<p>\n\tn&iacute;\u017ee naleznete pro usnadn\u011bn&iacute; vyhotoven&iacute; seznamu v&yacute;kon\u016f a kompletn&iacute;ch rozpis\u016f dod&aacute;vek NedZink formul&aacute;\u0159 pro rozpis dod&aacute;vek a knihovnu jednotliv&yacute;ch polo\u017eek v&yacute;kon\u016f.<\/p>\n<table border=\"0\" cellpadding=\"1\" cellspacing=\"1\" style=\"WIDTH: 100%\">\n<tbody>\n<tr>\n<td>\n\t\t\t\t<img decoding=\"async\" alt=\"\" src=\"https:\/\/www.nedzink.com\/wp-content\/uploads\/import\/cms\/userfiles\/images\/leistungspositionen.png\" style=\"width: 200px; border-width: 0px; border-style: solid; height: 136px;\" \/><\/td>\n<td style=\"VERTICAL-ALIGN: middle\">\n<p>\n\t\t\t\t\t&nbsp;<\/p>\n<p>\n\t\t\t\t\tTo V&aacute;m umo\u017en&iacute;:<\/p>\n<ul>\n<li style=\"margin-left: 18pt; \">\n\t\t\t\t\t\tjednoduch&eacute; vyhotoven&iacute; kompletn&iacute;ch rozpis\u016f dod&aacute;vek pro zast\u0159e&scaron;en&iacute;, opl&aacute;&scaron;t\u011bn&iacute; fas&aacute;d a odvodn\u011bn&iacute; st\u0159ech,<\/li>\n<li style=\"margin-left: 18pt; \">\n\t\t\t\t\t\tp\u0159evzet&iacute; text\u016f t&yacute;kaj&iacute;c&iacute;ch se rozpis\u016f dod&aacute;vek a detailn&iacute;ch n&aacute;\u010drtk\u016f do Va&scaron;eho vlastn&iacute;ho softwaru AVA,<\/li>\n<li style=\"margin-left: 18pt; \">\n\t\t\t\t\t\tvyhotoven&iacute; a spr&aacute;vu vlastn&iacute;ch text\u016f rozpis\u016f dod&aacute;vek.<\/li>\n<\/ul>\n<p>\n\t\t\t\t\t&nbsp;<\/p>\n<\/td>\n<\/tr>\n<\/tbody>\n<\/table>\n<p align=\"center\">\n\t&nbsp;<\/p>\n<p><\/p>\n<p style=\"text-align: left; \">\n\tJsou mo\u017en&eacute; n&aacute;sleduj&iacute;c&iacute; dva postupy:<\/p>\n<p style=\"margin-left: 18pt; text-align: left; \">\n\t1.&nbsp;&nbsp;&nbsp;&nbsp;&nbsp;&nbsp; P\u0159evzet&iacute; jednotliv&yacute;ch polo\u017eek z knihovny do Va&scaron;eho seznamu.<\/p>\n<p style=\"margin-left: 18pt; text-align: left; \">\n\t2.&nbsp;&nbsp;&nbsp;&nbsp;&nbsp;&nbsp; St&aacute;hnut&iacute; programu pro rozpis dod&aacute;vek, vlo\u017een&iacute; zvolen&yacute;ch polo\u017eek a vyhotoven&iacute; kompletn&iacute;ho rozpisu dod&aacute;vek k vyti&scaron;t\u011bn&iacute; nebo p\u0159evzet&iacute; do vlastn&iacute;ho softwaru AVA.<\/p>\n<p align=\"center\">\n\t&nbsp;<\/p>\n<h1 align=\"center\">\n\t&nbsp;<\/h1>\n<h2 align=\"center\">\n\t<a href=\"http:\/\/crm.nedzink.nl\/bestekservice_gmbh\/index.php\">V&yacute;robn&iacute; polo\u017eky NedZink online<\/a><\/h2>\n<h2 align=\"center\">\n\t<a href=\"http:\/\/crm.nedzink.nl\/downloads\/NZ_LV_Setup.exe\">St&aacute;hnout program pro rozpis dod&aacute;vek<\/a><\/h2>\n","protected":false},"excerpt":{"rendered":"<p>&nbsp; V&aacute;\u017een&iacute; z&aacute;jemci, &nbsp; n&iacute;\u017ee naleznete pro usnadn\u011bn&iacute; vyhotoven&iacute; seznamu v&yacute;kon\u016f a kompletn&iacute;ch rozpis\u016f dod&aacute;vek NedZink formul&aacute;\u0159 pro rozpis dod&aacute;vek a knihovnu jednotliv&yacute;ch polo\u017eek v&yacute;kon\u016f. &nbsp; To V&aacute;m umo\u017en&iacute;: jednoduch&eacute; vyhotoven&iacute; kompletn&iacute;ch rozpis\u016f dod&aacute;vek pro zast\u0159e&scaron;en&iacute;, opl&aacute;&scaron;t\u011bn&iacute; fas&aacute;d a odvodn\u011bn&iacute; st\u0159ech, p\u0159evzet&iacute; text\u016f t&yacute;kaj&iacute;c&iacute;ch se rozpis\u016f dod&aacute;vek a detailn&iacute;ch n&aacute;\u010drtk\u016f do Va&scaron;eho vlastn&iacute;ho softwaru AVA, [&hellip;]<\/p>\n","protected":false},"author":9,"featured_media":0,"parent":0,"menu_order":1160,"comment_status":"closed","ping_status":"closed","template":"template-import.php","meta":{"_acf_changed":false,"footnotes":""},"class_list":["post-31171","page","type-page","status-publish","hentry"],"acf":[],"yoast_head":"<!-- This site is optimized with the Yoast SEO plugin v26.8 - https:\/\/yoast.com\/product\/yoast-seo-wordpress\/ -->\n<title>Texty pro rozpis dod\u00e1vek \u2013 NedZink<\/title>\n<meta name=\"robots\" content=\"index, follow, max-snippet:-1, max-image-preview:large, max-video-preview:-1\" \/>\n<link rel=\"canonical\" href=\"https:\/\/www.nedzink.com\/cs\/texty-pro-rozpis-dodavek\/\" \/>\n<meta property=\"og:locale\" content=\"cs_CZ\" \/>\n<meta property=\"og:type\" content=\"article\" \/>\n<meta property=\"og:title\" content=\"Texty pro rozpis dod\u00e1vek \u2013 NedZink\" \/>\n<meta property=\"og:description\" content=\"&nbsp; V&aacute;\u017een&iacute; z&aacute;jemci, &nbsp; n&iacute;\u017ee naleznete pro usnadn\u011bn&iacute; vyhotoven&iacute; seznamu v&yacute;kon\u016f a kompletn&iacute;ch rozpis\u016f dod&aacute;vek NedZink formul&aacute;\u0159 pro rozpis dod&aacute;vek a knihovnu jednotliv&yacute;ch polo\u017eek v&yacute;kon\u016f. &nbsp; To V&aacute;m umo\u017en&iacute;: jednoduch&eacute; vyhotoven&iacute; kompletn&iacute;ch rozpis\u016f dod&aacute;vek pro zast\u0159e&scaron;en&iacute;, opl&aacute;&scaron;t\u011bn&iacute; fas&aacute;d a odvodn\u011bn&iacute; st\u0159ech, p\u0159evzet&iacute; text\u016f t&yacute;kaj&iacute;c&iacute;ch se rozpis\u016f dod&aacute;vek a detailn&iacute;ch n&aacute;\u010drtk\u016f do Va&scaron;eho vlastn&iacute;ho softwaru AVA, [&hellip;]\" \/>\n<meta property=\"og:url\" content=\"https:\/\/www.nedzink.com\/cs\/texty-pro-rozpis-dodavek\/\" \/>\n<meta property=\"og:site_name\" content=\"NedZink\" \/>\n<meta property=\"og:image\" content=\"https:\/\/www.nedzink.com\/wp-content\/uploads\/import\/cms\/userfiles\/images\/leistungspositionen.png\" \/>\n<meta name=\"twitter:card\" content=\"summary_large_image\" \/>\n<meta name=\"twitter:label1\" content=\"Odhadovan\u00e1 doba \u010dten\u00ed\" \/>\n\t<meta name=\"twitter:data1\" content=\"1 minuta\" \/>\n<script type=\"application\/ld+json\" class=\"yoast-schema-graph\">{\"@context\":\"https:\/\/schema.org\",\"@graph\":[{\"@type\":\"WebPage\",\"@id\":\"https:\/\/www.nedzink.com\/cs\/texty-pro-rozpis-dodavek\/\",\"url\":\"https:\/\/www.nedzink.com\/cs\/texty-pro-rozpis-dodavek\/\",\"name\":\"Texty pro rozpis dod\u00e1vek \u2013 NedZink\",\"isPartOf\":{\"@id\":\"https:\/\/www.nedzink.com\/cs\/#website\"},\"primaryImageOfPage\":{\"@id\":\"https:\/\/www.nedzink.com\/cs\/texty-pro-rozpis-dodavek\/#primaryimage\"},\"image\":{\"@id\":\"https:\/\/www.nedzink.com\/cs\/texty-pro-rozpis-dodavek\/#primaryimage\"},\"thumbnailUrl\":\"https:\/\/www.nedzink.com\/wp-content\/uploads\/import\/cms\/userfiles\/images\/leistungspositionen.png\",\"datePublished\":\"2019-06-04T12:58:39+00:00\",\"breadcrumb\":{\"@id\":\"https:\/\/www.nedzink.com\/cs\/texty-pro-rozpis-dodavek\/#breadcrumb\"},\"inLanguage\":\"cs\",\"potentialAction\":[{\"@type\":\"ReadAction\",\"target\":[\"https:\/\/www.nedzink.com\/cs\/texty-pro-rozpis-dodavek\/\"]}]},{\"@type\":\"ImageObject\",\"inLanguage\":\"cs\",\"@id\":\"https:\/\/www.nedzink.com\/cs\/texty-pro-rozpis-dodavek\/#primaryimage\",\"url\":\"https:\/\/www.nedzink.com\/wp-content\/uploads\/import\/cms\/userfiles\/images\/leistungspositionen.png\",\"contentUrl\":\"https:\/\/www.nedzink.com\/wp-content\/uploads\/import\/cms\/userfiles\/images\/leistungspositionen.png\"},{\"@type\":\"BreadcrumbList\",\"@id\":\"https:\/\/www.nedzink.com\/cs\/texty-pro-rozpis-dodavek\/#breadcrumb\",\"itemListElement\":[{\"@type\":\"ListItem\",\"position\":1,\"name\":\"Home\",\"item\":\"https:\/\/www.nedzink.com\/cs\/\"},{\"@type\":\"ListItem\",\"position\":2,\"name\":\"Texty pro rozpis dod\u00e1vek\"}]},{\"@type\":\"WebSite\",\"@id\":\"https:\/\/www.nedzink.com\/cs\/#website\",\"url\":\"https:\/\/www.nedzink.com\/cs\/\",\"name\":\"NedZink\",\"description\":\"Zink fabrikant\",\"publisher\":{\"@id\":\"https:\/\/www.nedzink.com\/cs\/#organization\"},\"potentialAction\":[{\"@type\":\"SearchAction\",\"target\":{\"@type\":\"EntryPoint\",\"urlTemplate\":\"https:\/\/www.nedzink.com\/cs\/?s={search_term_string}\"},\"query-input\":{\"@type\":\"PropertyValueSpecification\",\"valueRequired\":true,\"valueName\":\"search_term_string\"}}],\"inLanguage\":\"cs\"},{\"@type\":\"Organization\",\"@id\":\"https:\/\/www.nedzink.com\/cs\/#organization\",\"name\":\"NedZink\",\"url\":\"https:\/\/www.nedzink.com\/cs\/\",\"logo\":{\"@type\":\"ImageObject\",\"inLanguage\":\"cs\",\"@id\":\"https:\/\/www.nedzink.com\/cs\/#\/schema\/logo\/image\/\",\"url\":\"https:\/\/www.nedzink.com\/wp-content\/uploads\/2019\/08\/logo-nedzink_fc_zk.jpg\",\"contentUrl\":\"https:\/\/www.nedzink.com\/wp-content\/uploads\/2019\/08\/logo-nedzink_fc_zk.jpg\",\"width\":2160,\"height\":688,\"caption\":\"NedZink\"},\"image\":{\"@id\":\"https:\/\/www.nedzink.com\/cs\/#\/schema\/logo\/image\/\"}}]}<\/script>\n<!-- \/ Yoast SEO plugin. -->","yoast_head_json":{"title":"Texty pro rozpis dod\u00e1vek \u2013 NedZink","robots":{"index":"index","follow":"follow","max-snippet":"max-snippet:-1","max-image-preview":"max-image-preview:large","max-video-preview":"max-video-preview:-1"},"canonical":"https:\/\/www.nedzink.com\/cs\/texty-pro-rozpis-dodavek\/","og_locale":"cs_CZ","og_type":"article","og_title":"Texty pro rozpis dod\u00e1vek \u2013 NedZink","og_description":"&nbsp; V&aacute;\u017een&iacute; z&aacute;jemci, &nbsp; n&iacute;\u017ee naleznete pro usnadn\u011bn&iacute; vyhotoven&iacute; seznamu v&yacute;kon\u016f a kompletn&iacute;ch rozpis\u016f dod&aacute;vek NedZink formul&aacute;\u0159 pro rozpis dod&aacute;vek a knihovnu jednotliv&yacute;ch polo\u017eek v&yacute;kon\u016f. &nbsp; To V&aacute;m umo\u017en&iacute;: jednoduch&eacute; vyhotoven&iacute; kompletn&iacute;ch rozpis\u016f dod&aacute;vek pro zast\u0159e&scaron;en&iacute;, opl&aacute;&scaron;t\u011bn&iacute; fas&aacute;d a odvodn\u011bn&iacute; st\u0159ech, p\u0159evzet&iacute; text\u016f t&yacute;kaj&iacute;c&iacute;ch se rozpis\u016f dod&aacute;vek a detailn&iacute;ch n&aacute;\u010drtk\u016f do Va&scaron;eho vlastn&iacute;ho softwaru AVA, [&hellip;]","og_url":"https:\/\/www.nedzink.com\/cs\/texty-pro-rozpis-dodavek\/","og_site_name":"NedZink","og_image":[{"url":"https:\/\/www.nedzink.com\/wp-content\/uploads\/import\/cms\/userfiles\/images\/leistungspositionen.png","type":"","width":"","height":""}],"twitter_card":"summary_large_image","twitter_misc":{"Odhadovan\u00e1 doba \u010dten\u00ed":"1 minuta"},"schema":{"@context":"https:\/\/schema.org","@graph":[{"@type":"WebPage","@id":"https:\/\/www.nedzink.com\/cs\/texty-pro-rozpis-dodavek\/","url":"https:\/\/www.nedzink.com\/cs\/texty-pro-rozpis-dodavek\/","name":"Texty pro rozpis dod\u00e1vek \u2013 NedZink","isPartOf":{"@id":"https:\/\/www.nedzink.com\/cs\/#website"},"primaryImageOfPage":{"@id":"https:\/\/www.nedzink.com\/cs\/texty-pro-rozpis-dodavek\/#primaryimage"},"image":{"@id":"https:\/\/www.nedzink.com\/cs\/texty-pro-rozpis-dodavek\/#primaryimage"},"thumbnailUrl":"https:\/\/www.nedzink.com\/wp-content\/uploads\/import\/cms\/userfiles\/images\/leistungspositionen.png","datePublished":"2019-06-04T12:58:39+00:00","breadcrumb":{"@id":"https:\/\/www.nedzink.com\/cs\/texty-pro-rozpis-dodavek\/#breadcrumb"},"inLanguage":"cs","potentialAction":[{"@type":"ReadAction","target":["https:\/\/www.nedzink.com\/cs\/texty-pro-rozpis-dodavek\/"]}]},{"@type":"ImageObject","inLanguage":"cs","@id":"https:\/\/www.nedzink.com\/cs\/texty-pro-rozpis-dodavek\/#primaryimage","url":"https:\/\/www.nedzink.com\/wp-content\/uploads\/import\/cms\/userfiles\/images\/leistungspositionen.png","contentUrl":"https:\/\/www.nedzink.com\/wp-content\/uploads\/import\/cms\/userfiles\/images\/leistungspositionen.png"},{"@type":"BreadcrumbList","@id":"https:\/\/www.nedzink.com\/cs\/texty-pro-rozpis-dodavek\/#breadcrumb","itemListElement":[{"@type":"ListItem","position":1,"name":"Home","item":"https:\/\/www.nedzink.com\/cs\/"},{"@type":"ListItem","position":2,"name":"Texty pro rozpis dod\u00e1vek"}]},{"@type":"WebSite","@id":"https:\/\/www.nedzink.com\/cs\/#website","url":"https:\/\/www.nedzink.com\/cs\/","name":"NedZink","description":"Zink fabrikant","publisher":{"@id":"https:\/\/www.nedzink.com\/cs\/#organization"},"potentialAction":[{"@type":"SearchAction","target":{"@type":"EntryPoint","urlTemplate":"https:\/\/www.nedzink.com\/cs\/?s={search_term_string}"},"query-input":{"@type":"PropertyValueSpecification","valueRequired":true,"valueName":"search_term_string"}}],"inLanguage":"cs"},{"@type":"Organization","@id":"https:\/\/www.nedzink.com\/cs\/#organization","name":"NedZink","url":"https:\/\/www.nedzink.com\/cs\/","logo":{"@type":"ImageObject","inLanguage":"cs","@id":"https:\/\/www.nedzink.com\/cs\/#\/schema\/logo\/image\/","url":"https:\/\/www.nedzink.com\/wp-content\/uploads\/2019\/08\/logo-nedzink_fc_zk.jpg","contentUrl":"https:\/\/www.nedzink.com\/wp-content\/uploads\/2019\/08\/logo-nedzink_fc_zk.jpg","width":2160,"height":688,"caption":"NedZink"},"image":{"@id":"https:\/\/www.nedzink.com\/cs\/#\/schema\/logo\/image\/"}}]}},"_links":{"self":[{"href":"https:\/\/www.nedzink.com\/cs\/wp-json\/wp\/v2\/pages\/31171","targetHints":{"allow":["GET"]}}],"collection":[{"href":"https:\/\/www.nedzink.com\/cs\/wp-json\/wp\/v2\/pages"}],"about":[{"href":"https:\/\/www.nedzink.com\/cs\/wp-json\/wp\/v2\/types\/page"}],"author":[{"embeddable":true,"href":"https:\/\/www.nedzink.com\/cs\/wp-json\/wp\/v2\/users\/9"}],"replies":[{"embeddable":true,"href":"https:\/\/www.nedzink.com\/cs\/wp-json\/wp\/v2\/comments?post=31171"}],"version-history":[{"count":0,"href":"https:\/\/www.nedzink.com\/cs\/wp-json\/wp\/v2\/pages\/31171\/revisions"}],"wp:attachment":[{"href":"https:\/\/www.nedzink.com\/cs\/wp-json\/wp\/v2\/media?parent=31171"}],"curies":[{"name":"wp","href":"https:\/\/api.w.org\/{rel}","templated":true}]}}