{"id":31161,"date":"2019-06-04T14:58:37","date_gmt":"2019-06-04T12:58:37","guid":{"rendered":"http:\/\/136.144.181.85\/~nedzink\/technicke-info\/systemy-pro-odvodneni-strechy\/prislusenstvi-pro-odvodneni-strech\/"},"modified":"2019-06-04T14:58:37","modified_gmt":"2019-06-04T12:58:37","slug":"prislusenstvi-pro-odvodneni-strech","status":"publish","type":"page","link":"https:\/\/www.nedzink.com\/cs\/prislusenstvi-pro-odvodneni-strech\/","title":{"rendered":"P\u0159\u00edslu\u0161enstv\u00ed pro odvodn\u011bn\u00ed st\u0159ech"},"content":{"rendered":"<p>\n\t&nbsp;<\/p>\n<p>\n\tP\u0159&iacute;slu&scaron;enstv&iacute; pro odvodn\u011bn&iacute; st\u0159ech tvo\u0159&iacute; ucelen&yacute; program v&yacute;robk\u016f a lze ho obdr\u017eet ve standardn&iacute;ch rozm\u011brech obvykl&yacute;ch pro \u017elaby a svody.<\/p>\n<p>\n\tVedle r\u016fzn&yacute;ch tvarovan&yacute;ch profil\u016f, jako jsou okapov&eacute; plechy, plechy pro odt&eacute;k&aacute;n&iacute; vody \u017elaby a r\u016fzn&eacute; zvl&aacute;&scaron;tn&iacute; profily, pat\u0159&iacute; do programu dod&aacute;vek p\u0159&iacute;slu&scaron;enstv&iacute; NOVA n&aacute;sleduj&iacute;c&iacute; v&yacute;robky:&nbsp;<\/p>\n<table border=\"0\" cellpadding=\"1\" cellspacing=\"1\" style=\"width: 500px\">\n<tbody>\n<tr>\n<td>\n\t\t\t\t<strong>Celo \u017elabu<\/strong><\/td>\n<td>\n<p align=\"center\">\n\t\t\t\t\t&nbsp;<img decoding=\"async\" src=\"https:\/\/www.nedzink.com\/wp-content\/uploads\/import\/cms\/userfiles\/images\/kopschot_mastgoot.png\" style=\"border-bottom: 0px solid; border-left: 0px solid; width: 80px; height: 45px; border-top: 0px solid; border-right: 0px solid\" \/><\/p>\n<\/td>\n<td>\n<p align=\"center\">\n\t\t\t\t\t<img decoding=\"async\" border=\"0\" src=\"https:\/\/www.nedzink.com\/wp-content\/uploads\/import\/cms\/userfiles\/images\/kopschot_bakgoot.png\" \/><\/p>\n<\/td>\n<\/tr>\n<tr>\n<td>\n\t\t\t\t<strong>\u017dlabov&yacute;&nbsp;<\/strong><strong>roh<\/strong><\/td>\n<td>\n<p align=\"center\">\n\t\t\t\t\t<img decoding=\"async\" border=\"0\" src=\"https:\/\/www.nedzink.com\/wp-content\/uploads\/import\/cms\/userfiles\/images\/hoek_mastgoot.png\" \/><\/p>\n<\/td>\n<td>\n<p align=\"center\">\n\t\t\t\t\t<img decoding=\"async\" border=\"0\" src=\"https:\/\/www.nedzink.com\/wp-content\/uploads\/import\/cms\/userfiles\/images\/hoek_bakgoot.png\" \/><\/p>\n<\/td>\n<\/tr>\n<tr>\n<td>\n\t\t\t\t<strong>Koleno<\/strong><\/td>\n<td>\n<p align=\"center\">\n\t\t\t\t\t<img decoding=\"async\" border=\"0\" src=\"https:\/\/www.nedzink.com\/wp-content\/uploads\/import\/cms\/userfiles\/images\/bocht1.gif\" \/><\/p>\n<\/td>\n<td>\n<p align=\"center\">\n\t\t\t\t\t<img decoding=\"async\" border=\"0\" src=\"https:\/\/www.nedzink.com\/wp-content\/uploads\/import\/cms\/userfiles\/images\/bocht2.gif\" \/><\/p>\n<\/td>\n<\/tr>\n<tr>\n<td>\n\t\t\t\t<strong>\u017dlabov&yacute; h&aacute;k<\/strong><\/td>\n<td>\n<p align=\"center\">\n\t\t\t\t\t<img decoding=\"async\" border=\"0\" src=\"https:\/\/www.nedzink.com\/wp-content\/uploads\/import\/cms\/userfiles\/images\/beugel_mast.png\" \/><\/p>\n<p align=\"center\">\n\t\t\t\t\t&nbsp;<\/p>\n<\/td>\n<td>\n\t\t\t\t<img decoding=\"async\" border=\"0\" src=\"https:\/\/www.nedzink.com\/wp-content\/uploads\/import\/cms\/userfiles\/images\/beugel_bak.png\" \/><\/p>\n<p align=\"center\">\n\t\t\t\t\t&nbsp;<\/p>\n<\/td>\n<\/tr>\n<tr>\n<td>\n\t\t\t\t<strong>Obj&iacute;mka pro p\u0159ipevn\u011bn&iacute;<br \/>\n\t\t\t\t\u017elab\u016f<\/strong><\/td>\n<td>\n<p align=\"center\">\n\t\t\t\t\t&nbsp;<img decoding=\"async\" border=\"0\" src=\"https:\/\/www.nedzink.com\/wp-content\/uploads\/import\/cms\/userfiles\/images\/muurbeugel1.png\" \/><\/p>\n<\/td>\n<td>\n<p align=\"center\">\n\t\t\t\t\t<img decoding=\"async\" border=\"0\" src=\"https:\/\/www.nedzink.com\/wp-content\/uploads\/import\/cms\/userfiles\/images\/muurbeugel2.png\" \/><\/p>\n<\/td>\n<\/tr>\n<tr>\n<td>\n\t\t\t\t<strong>P\u0159echodka pro odpadn&iacute; potrub&iacute;<\/strong><\/td>\n<td>\n<p align=\"center\">\n\t\t\t\t\t<img decoding=\"async\" border=\"0\" src=\"https:\/\/www.nedzink.com\/wp-content\/uploads\/import\/cms\/userfiles\/images\/standrohrkappe1.png\" \/><\/p>\n<\/td>\n<td>\n<p align=\"center\">\n\t\t\t\t\t<img decoding=\"async\" border=\"0\" src=\"https:\/\/www.nedzink.com\/wp-content\/uploads\/import\/cms\/userfiles\/images\/standrohrkappe2.png\" \/><\/p>\n<\/td>\n<\/tr>\n<tr>\n<td>\n\t\t\t\t<strong>De&scaron;\u0165ov&aacute; klapka<\/strong><\/td>\n<td>\n<p align=\"center\">\n\t\t\t\t\t<img decoding=\"async\" border=\"0\" src=\"https:\/\/www.nedzink.com\/wp-content\/uploads\/import\/cms\/userfiles\/images\/regenrohrkappe.png\" \/><\/p>\n<\/td>\n<td>\n<p align=\"center\">\n\t\t\t\t\t&nbsp;<\/p>\n<\/td>\n<\/tr>\n<tr>\n<td>\n\t\t\t\t<strong>Z&aacute;v\u011bsn&yacute; kotl&iacute;k<\/strong><\/td>\n<td>\n<p align=\"center\">\n\t\t\t\t\t<img decoding=\"async\" border=\"0\" src=\"https:\/\/www.nedzink.com\/wp-content\/uploads\/import\/cms\/userfiles\/images\/einhangstutzen.png\" \/><\/p>\n<\/td>\n<td>\n<p align=\"center\">\n\t\t\t\t\t&nbsp;<\/p>\n<\/td>\n<\/tr>\n<tr>\n<td>\n\t\t\t\t<strong>Napojovac&iacute;&nbsp;<\/strong><strong>prvky<\/strong><\/td>\n<td>\n<p align=\"center\">\n\t\t\t\t\t<img decoding=\"async\" border=\"0\" src=\"https:\/\/www.nedzink.com\/wp-content\/uploads\/import\/cms\/userfiles\/images\/reduzier1.png\" \/><\/p>\n<\/td>\n<td>\n<p align=\"center\">\n\t\t\t\t\t<img decoding=\"async\" border=\"0\" src=\"https:\/\/www.nedzink.com\/wp-content\/uploads\/import\/cms\/userfiles\/images\/reduzier2.png\" \/><\/p>\n<\/td>\n<\/tr>\n<tr>\n<td>\n\t\t\t\t<strong>Dilata\u010dn&iacute; prvky<\/strong><\/td>\n<td>\n<p align=\"center\">\n\t\t\t\t\t<img decoding=\"async\" border=\"0\" src=\"https:\/\/www.nedzink.com\/wp-content\/uploads\/import\/cms\/userfiles\/images\/expansie1.png\" \/><\/p>\n<\/td>\n<td>\n<p align=\"center\">\n\t\t\t\t\t<img decoding=\"async\" border=\"0\" src=\"https:\/\/www.nedzink.com\/wp-content\/uploads\/import\/cms\/userfiles\/images\/expansie2.gif\" \/><\/p>\n<\/td>\n<\/tr>\n<\/tbody>\n<\/table>\n<p>\n\t&nbsp;<\/p>\n","protected":false},"excerpt":{"rendered":"<p>&nbsp; P\u0159&iacute;slu&scaron;enstv&iacute; pro odvodn\u011bn&iacute; st\u0159ech tvo\u0159&iacute; ucelen&yacute; program v&yacute;robk\u016f a lze ho obdr\u017eet ve standardn&iacute;ch rozm\u011brech obvykl&yacute;ch pro \u017elaby a svody. Vedle r\u016fzn&yacute;ch tvarovan&yacute;ch profil\u016f, jako jsou okapov&eacute; plechy, plechy pro odt&eacute;k&aacute;n&iacute; vody \u017elaby a r\u016fzn&eacute; zvl&aacute;&scaron;tn&iacute; profily, pat\u0159&iacute; do programu dod&aacute;vek p\u0159&iacute;slu&scaron;enstv&iacute; NOVA n&aacute;sleduj&iacute;c&iacute; v&yacute;robky:&nbsp; Celo \u017elabu &nbsp; \u017dlabov&yacute;&nbsp;roh Koleno \u017dlabov&yacute; h&aacute;k &nbsp; &nbsp; [&hellip;]<\/p>\n","protected":false},"author":9,"featured_media":0,"parent":0,"menu_order":1150,"comment_status":"closed","ping_status":"closed","template":"template-import.php","meta":{"_acf_changed":false,"footnotes":""},"class_list":["post-31161","page","type-page","status-publish","hentry"],"acf":[],"yoast_head":"<!-- This site is optimized with the Yoast SEO plugin v26.8 - https:\/\/yoast.com\/product\/yoast-seo-wordpress\/ -->\n<title>P\u0159\u00edslu\u0161enstv\u00ed pro odvodn\u011bn\u00ed st\u0159ech \u2013 NedZink<\/title>\n<meta name=\"robots\" content=\"index, follow, max-snippet:-1, max-image-preview:large, max-video-preview:-1\" \/>\n<link rel=\"canonical\" href=\"https:\/\/www.nedzink.com\/cs\/prislusenstvi-pro-odvodneni-strech\/\" \/>\n<meta property=\"og:locale\" content=\"cs_CZ\" \/>\n<meta property=\"og:type\" content=\"article\" \/>\n<meta property=\"og:title\" content=\"P\u0159\u00edslu\u0161enstv\u00ed pro odvodn\u011bn\u00ed st\u0159ech \u2013 NedZink\" \/>\n<meta property=\"og:description\" content=\"&nbsp; P\u0159&iacute;slu&scaron;enstv&iacute; pro odvodn\u011bn&iacute; st\u0159ech tvo\u0159&iacute; ucelen&yacute; program v&yacute;robk\u016f a lze ho obdr\u017eet ve standardn&iacute;ch rozm\u011brech obvykl&yacute;ch pro \u017elaby a svody. Vedle r\u016fzn&yacute;ch tvarovan&yacute;ch profil\u016f, jako jsou okapov&eacute; plechy, plechy pro odt&eacute;k&aacute;n&iacute; vody \u017elaby a r\u016fzn&eacute; zvl&aacute;&scaron;tn&iacute; profily, pat\u0159&iacute; do programu dod&aacute;vek p\u0159&iacute;slu&scaron;enstv&iacute; NOVA n&aacute;sleduj&iacute;c&iacute; v&yacute;robky:&nbsp; Celo \u017elabu &nbsp; \u017dlabov&yacute;&nbsp;roh Koleno \u017dlabov&yacute; h&aacute;k &nbsp; &nbsp; [&hellip;]\" \/>\n<meta property=\"og:url\" content=\"https:\/\/www.nedzink.com\/cs\/prislusenstvi-pro-odvodneni-strech\/\" \/>\n<meta property=\"og:site_name\" content=\"NedZink\" \/>\n<meta property=\"og:image\" content=\"https:\/\/www.nedzink.com\/wp-content\/uploads\/import\/cms\/userfiles\/images\/kopschot_mastgoot.png\" \/>\n<meta name=\"twitter:card\" content=\"summary_large_image\" \/>\n<meta name=\"twitter:label1\" content=\"Odhadovan\u00e1 doba \u010dten\u00ed\" \/>\n\t<meta name=\"twitter:data1\" content=\"1 minuta\" \/>\n<script type=\"application\/ld+json\" class=\"yoast-schema-graph\">{\"@context\":\"https:\/\/schema.org\",\"@graph\":[{\"@type\":\"WebPage\",\"@id\":\"https:\/\/www.nedzink.com\/cs\/prislusenstvi-pro-odvodneni-strech\/\",\"url\":\"https:\/\/www.nedzink.com\/cs\/prislusenstvi-pro-odvodneni-strech\/\",\"name\":\"P\u0159\u00edslu\u0161enstv\u00ed pro odvodn\u011bn\u00ed st\u0159ech \u2013 NedZink\",\"isPartOf\":{\"@id\":\"https:\/\/www.nedzink.com\/cs\/#website\"},\"primaryImageOfPage\":{\"@id\":\"https:\/\/www.nedzink.com\/cs\/prislusenstvi-pro-odvodneni-strech\/#primaryimage\"},\"image\":{\"@id\":\"https:\/\/www.nedzink.com\/cs\/prislusenstvi-pro-odvodneni-strech\/#primaryimage\"},\"thumbnailUrl\":\"https:\/\/www.nedzink.com\/wp-content\/uploads\/import\/cms\/userfiles\/images\/kopschot_mastgoot.png\",\"datePublished\":\"2019-06-04T12:58:37+00:00\",\"breadcrumb\":{\"@id\":\"https:\/\/www.nedzink.com\/cs\/prislusenstvi-pro-odvodneni-strech\/#breadcrumb\"},\"inLanguage\":\"cs\",\"potentialAction\":[{\"@type\":\"ReadAction\",\"target\":[\"https:\/\/www.nedzink.com\/cs\/prislusenstvi-pro-odvodneni-strech\/\"]}]},{\"@type\":\"ImageObject\",\"inLanguage\":\"cs\",\"@id\":\"https:\/\/www.nedzink.com\/cs\/prislusenstvi-pro-odvodneni-strech\/#primaryimage\",\"url\":\"https:\/\/www.nedzink.com\/wp-content\/uploads\/import\/cms\/userfiles\/images\/kopschot_mastgoot.png\",\"contentUrl\":\"https:\/\/www.nedzink.com\/wp-content\/uploads\/import\/cms\/userfiles\/images\/kopschot_mastgoot.png\"},{\"@type\":\"BreadcrumbList\",\"@id\":\"https:\/\/www.nedzink.com\/cs\/prislusenstvi-pro-odvodneni-strech\/#breadcrumb\",\"itemListElement\":[{\"@type\":\"ListItem\",\"position\":1,\"name\":\"Home\",\"item\":\"https:\/\/www.nedzink.com\/cs\/\"},{\"@type\":\"ListItem\",\"position\":2,\"name\":\"P\u0159\u00edslu\u0161enstv\u00ed pro odvodn\u011bn\u00ed st\u0159ech\"}]},{\"@type\":\"WebSite\",\"@id\":\"https:\/\/www.nedzink.com\/cs\/#website\",\"url\":\"https:\/\/www.nedzink.com\/cs\/\",\"name\":\"NedZink\",\"description\":\"Zink fabrikant\",\"publisher\":{\"@id\":\"https:\/\/www.nedzink.com\/cs\/#organization\"},\"potentialAction\":[{\"@type\":\"SearchAction\",\"target\":{\"@type\":\"EntryPoint\",\"urlTemplate\":\"https:\/\/www.nedzink.com\/cs\/?s={search_term_string}\"},\"query-input\":{\"@type\":\"PropertyValueSpecification\",\"valueRequired\":true,\"valueName\":\"search_term_string\"}}],\"inLanguage\":\"cs\"},{\"@type\":\"Organization\",\"@id\":\"https:\/\/www.nedzink.com\/cs\/#organization\",\"name\":\"NedZink\",\"url\":\"https:\/\/www.nedzink.com\/cs\/\",\"logo\":{\"@type\":\"ImageObject\",\"inLanguage\":\"cs\",\"@id\":\"https:\/\/www.nedzink.com\/cs\/#\/schema\/logo\/image\/\",\"url\":\"https:\/\/www.nedzink.com\/wp-content\/uploads\/2019\/08\/logo-nedzink_fc_zk.jpg\",\"contentUrl\":\"https:\/\/www.nedzink.com\/wp-content\/uploads\/2019\/08\/logo-nedzink_fc_zk.jpg\",\"width\":2160,\"height\":688,\"caption\":\"NedZink\"},\"image\":{\"@id\":\"https:\/\/www.nedzink.com\/cs\/#\/schema\/logo\/image\/\"}}]}<\/script>\n<!-- \/ Yoast SEO plugin. -->","yoast_head_json":{"title":"P\u0159\u00edslu\u0161enstv\u00ed pro odvodn\u011bn\u00ed st\u0159ech \u2013 NedZink","robots":{"index":"index","follow":"follow","max-snippet":"max-snippet:-1","max-image-preview":"max-image-preview:large","max-video-preview":"max-video-preview:-1"},"canonical":"https:\/\/www.nedzink.com\/cs\/prislusenstvi-pro-odvodneni-strech\/","og_locale":"cs_CZ","og_type":"article","og_title":"P\u0159\u00edslu\u0161enstv\u00ed pro odvodn\u011bn\u00ed st\u0159ech \u2013 NedZink","og_description":"&nbsp; P\u0159&iacute;slu&scaron;enstv&iacute; pro odvodn\u011bn&iacute; st\u0159ech tvo\u0159&iacute; ucelen&yacute; program v&yacute;robk\u016f a lze ho obdr\u017eet ve standardn&iacute;ch rozm\u011brech obvykl&yacute;ch pro \u017elaby a svody. Vedle r\u016fzn&yacute;ch tvarovan&yacute;ch profil\u016f, jako jsou okapov&eacute; plechy, plechy pro odt&eacute;k&aacute;n&iacute; vody \u017elaby a r\u016fzn&eacute; zvl&aacute;&scaron;tn&iacute; profily, pat\u0159&iacute; do programu dod&aacute;vek p\u0159&iacute;slu&scaron;enstv&iacute; NOVA n&aacute;sleduj&iacute;c&iacute; v&yacute;robky:&nbsp; Celo \u017elabu &nbsp; \u017dlabov&yacute;&nbsp;roh Koleno \u017dlabov&yacute; h&aacute;k &nbsp; &nbsp; [&hellip;]","og_url":"https:\/\/www.nedzink.com\/cs\/prislusenstvi-pro-odvodneni-strech\/","og_site_name":"NedZink","og_image":[{"url":"https:\/\/www.nedzink.com\/wp-content\/uploads\/import\/cms\/userfiles\/images\/kopschot_mastgoot.png","type":"","width":"","height":""}],"twitter_card":"summary_large_image","twitter_misc":{"Odhadovan\u00e1 doba \u010dten\u00ed":"1 minuta"},"schema":{"@context":"https:\/\/schema.org","@graph":[{"@type":"WebPage","@id":"https:\/\/www.nedzink.com\/cs\/prislusenstvi-pro-odvodneni-strech\/","url":"https:\/\/www.nedzink.com\/cs\/prislusenstvi-pro-odvodneni-strech\/","name":"P\u0159\u00edslu\u0161enstv\u00ed pro odvodn\u011bn\u00ed st\u0159ech \u2013 NedZink","isPartOf":{"@id":"https:\/\/www.nedzink.com\/cs\/#website"},"primaryImageOfPage":{"@id":"https:\/\/www.nedzink.com\/cs\/prislusenstvi-pro-odvodneni-strech\/#primaryimage"},"image":{"@id":"https:\/\/www.nedzink.com\/cs\/prislusenstvi-pro-odvodneni-strech\/#primaryimage"},"thumbnailUrl":"https:\/\/www.nedzink.com\/wp-content\/uploads\/import\/cms\/userfiles\/images\/kopschot_mastgoot.png","datePublished":"2019-06-04T12:58:37+00:00","breadcrumb":{"@id":"https:\/\/www.nedzink.com\/cs\/prislusenstvi-pro-odvodneni-strech\/#breadcrumb"},"inLanguage":"cs","potentialAction":[{"@type":"ReadAction","target":["https:\/\/www.nedzink.com\/cs\/prislusenstvi-pro-odvodneni-strech\/"]}]},{"@type":"ImageObject","inLanguage":"cs","@id":"https:\/\/www.nedzink.com\/cs\/prislusenstvi-pro-odvodneni-strech\/#primaryimage","url":"https:\/\/www.nedzink.com\/wp-content\/uploads\/import\/cms\/userfiles\/images\/kopschot_mastgoot.png","contentUrl":"https:\/\/www.nedzink.com\/wp-content\/uploads\/import\/cms\/userfiles\/images\/kopschot_mastgoot.png"},{"@type":"BreadcrumbList","@id":"https:\/\/www.nedzink.com\/cs\/prislusenstvi-pro-odvodneni-strech\/#breadcrumb","itemListElement":[{"@type":"ListItem","position":1,"name":"Home","item":"https:\/\/www.nedzink.com\/cs\/"},{"@type":"ListItem","position":2,"name":"P\u0159\u00edslu\u0161enstv\u00ed pro odvodn\u011bn\u00ed st\u0159ech"}]},{"@type":"WebSite","@id":"https:\/\/www.nedzink.com\/cs\/#website","url":"https:\/\/www.nedzink.com\/cs\/","name":"NedZink","description":"Zink fabrikant","publisher":{"@id":"https:\/\/www.nedzink.com\/cs\/#organization"},"potentialAction":[{"@type":"SearchAction","target":{"@type":"EntryPoint","urlTemplate":"https:\/\/www.nedzink.com\/cs\/?s={search_term_string}"},"query-input":{"@type":"PropertyValueSpecification","valueRequired":true,"valueName":"search_term_string"}}],"inLanguage":"cs"},{"@type":"Organization","@id":"https:\/\/www.nedzink.com\/cs\/#organization","name":"NedZink","url":"https:\/\/www.nedzink.com\/cs\/","logo":{"@type":"ImageObject","inLanguage":"cs","@id":"https:\/\/www.nedzink.com\/cs\/#\/schema\/logo\/image\/","url":"https:\/\/www.nedzink.com\/wp-content\/uploads\/2019\/08\/logo-nedzink_fc_zk.jpg","contentUrl":"https:\/\/www.nedzink.com\/wp-content\/uploads\/2019\/08\/logo-nedzink_fc_zk.jpg","width":2160,"height":688,"caption":"NedZink"},"image":{"@id":"https:\/\/www.nedzink.com\/cs\/#\/schema\/logo\/image\/"}}]}},"_links":{"self":[{"href":"https:\/\/www.nedzink.com\/cs\/wp-json\/wp\/v2\/pages\/31161","targetHints":{"allow":["GET"]}}],"collection":[{"href":"https:\/\/www.nedzink.com\/cs\/wp-json\/wp\/v2\/pages"}],"about":[{"href":"https:\/\/www.nedzink.com\/cs\/wp-json\/wp\/v2\/types\/page"}],"author":[{"embeddable":true,"href":"https:\/\/www.nedzink.com\/cs\/wp-json\/wp\/v2\/users\/9"}],"replies":[{"embeddable":true,"href":"https:\/\/www.nedzink.com\/cs\/wp-json\/wp\/v2\/comments?post=31161"}],"version-history":[{"count":0,"href":"https:\/\/www.nedzink.com\/cs\/wp-json\/wp\/v2\/pages\/31161\/revisions"}],"wp:attachment":[{"href":"https:\/\/www.nedzink.com\/cs\/wp-json\/wp\/v2\/media?parent=31161"}],"curies":[{"name":"wp","href":"https:\/\/api.w.org\/{rel}","templated":true}]}}