{"id":31151,"date":"2019-06-04T14:58:34","date_gmt":"2019-06-04T12:58:34","guid":{"rendered":"http:\/\/136.144.181.85\/~nedzink\/technicke-info\/systemy-pro-odvodneni-strechy\/destove-svody\/"},"modified":"2019-06-04T14:58:34","modified_gmt":"2019-06-04T12:58:34","slug":"destove-svody","status":"publish","type":"page","link":"https:\/\/www.nedzink.com\/cs\/destove-svody\/","title":{"rendered":"De\u0161\u0165ov\u00e9 svody"},"content":{"rendered":"<div class=\"contentStyle\" style=\"margin: 10px 0px\">\n<p>\n\t\t&nbsp;<\/p>\n<p>\n\t\tPodle tvaru pr\u016f\u0159ezu rozli&scaron;ujeme mezi kulat&yacute;mi a hranat&yacute;mi de&scaron;\u0165ov&yacute;mi svody. Spoj jednotliv&yacute;ch \u010d&aacute;st&iacute; svodu m\u016f\u017ee b&yacute;t:<\/p>\n<ul>\n<li style=\"margin-left: 18pt; \">\n\t\t\tp&aacute;jen&yacute;<\/li>\n<li style=\"margin-left: 18pt; \">\n\t\t\tsva\u0159ovan&yacute;<\/li>\n<li style=\"margin-left: 18pt; \">\n\t\t\tfalcovan&yacute;<\/li>\n<\/ul>\n<p>\n\t\t&nbsp;<\/p>\n<h3>\n\t\t<img decoding=\"async\" alt=\"\" src=\"https:\/\/www.nedzink.com\/wp-content\/uploads\/import\/cms\/userfiles\/images\/bild-92_1.jpg\" style=\"border-bottom: 0px solid; border-left: 0px solid; margin: 1px 3px; width: 310px; float: right; height: 101px; border-top: 0px solid; border-right: 0px solid\" \/><\/h3>\n<h3>\n\t\tKulat&yacute; de&scaron;\u0165ov&yacute; svod<\/h3>\n<p>\n\t\tRozm\u011bry a tolerance, kter&eacute; je t\u0159eba dodr\u017eet&nbsp;<\/p>\n<p>\n\t\t&nbsp;<\/p>\n<p>\n\t\t<strong>Tabulka 4<\/strong><\/p>\n<table border=\"1\">\n<tbody>\n<tr>\n<td align=\"center\" width=\"50\">\n\t\t\t\t\t<strong>Jmenovit&aacute; &scaron;&iacute;\u0159ka<\/strong><\/td>\n<td align=\"center\" width=\"70\">\n\t\t\t\t\t<br \/>\n\t\t\t\t\t<strong>Pr\u016fm\u011br<br \/>\n\t\t\t\t\t(uvnit\u0159)<\/strong><b>&nbsp;&plusmn;1<\/b><\/td>\n<td align=\"center\" width=\"50\">\n\t\t\t\t\t<\/p>\n<p align=\"center\">\n\t\t\t\t\t\t<strong>Zasunova-telnost<\/strong><\/p>\n<p>\n\t\t\t\t\t<b>min.<\/b><\/td>\n<td align=\"center\" width=\"70\">\n\t\t\t\t\t<\/p>\n<p align=\"center\">\n\t\t\t\t\t\t<strong>&Scaron;&iacute;\u0159ka p&aacute;jen&eacute;ho svaru<\/strong><\/p>\n<p align=\"center\">\n\t\t\t\t\t\t<strong>(sv&aacute;zan&aacute;)<\/strong><b>&nbsp;min.<\/b><\/p>\n<\/td>\n<td align=\"center\">\n\t\t\t\t\t<strong>&Scaron;&iacute;\u0159ka<br \/>\n\t\t\t\t\tsva\u0159ovan&eacute;ho<br \/>\n\t\t\t\t\tsvaru<\/strong><\/td>\n<td align=\"center\" width=\"100\">\n\t\t\t\t\t<br \/>\n\t\t\t\t\t<strong>&Scaron;&iacute;\u0159ka dr&aacute;\u017eky<\/strong><br \/>\n\t\t\t\t\t<b> min.<\/b><\/td>\n<td align=\"center\" width=\"100\">\n\t\t\t\t\t<br \/>\n\t\t\t\t\t<strong>Jmenovit&aacute; tlou&scaron;\u0165ka plechu<\/strong><br \/>\n\t\t\t\t\t<b> min.<\/b><\/td>\n<\/tr>\n<tr>\n<td align=\"center\">\n\t\t\t\t\t060<\/td>\n<td align=\"center\">\n\t\t\t\t\t060<\/td>\n<td align=\"center\">\n\t\t\t\t\t50<\/td>\n<td align=\"center\">\n\t\t\t\t\t5<\/td>\n<td align=\"center\">\n\t\t\t\t\tv z&aacute;vislosti na metod\u011b<\/td>\n<td align=\"center\">\n\t\t\t\t\t6<\/td>\n<td align=\"center\">\n\t\t\t\t\t0,65<\/td>\n<\/tr>\n<tr>\n<td align=\"center\">\n\t\t\t\t\t076<\/td>\n<td align=\"center\">\n\t\t\t\t\t076<\/td>\n<td align=\"center\">\n\t\t\t\t\t50<\/td>\n<td align=\"center\">\n\t\t\t\t\t5<\/td>\n<td align=\"center\">\n\t\t\t\t\tv z&aacute;vislosti na metod\u011b<\/td>\n<td align=\"center\">\n\t\t\t\t\t6<\/td>\n<td align=\"center\">\n\t\t\t\t\t0,65<\/td>\n<\/tr>\n<tr>\n<td align=\"center\">\n\t\t\t\t\t080<\/td>\n<td align=\"center\">\n\t\t\t\t\t080<\/td>\n<td align=\"center\">\n\t\t\t\t\t50<\/td>\n<td align=\"center\">\n\t\t\t\t\t5<\/td>\n<td align=\"center\">\n\t\t\t\t\tv z&aacute;vislosti na&nbsp;metod\u011b<\/td>\n<td align=\"center\">\n\t\t\t\t\t6<\/td>\n<td align=\"center\">\n\t\t\t\t\t0,65<\/td>\n<\/tr>\n<tr>\n<td align=\"center\">\n\t\t\t\t\t087<\/td>\n<td align=\"center\">\n\t\t\t\t\t087<\/td>\n<td align=\"center\">\n\t\t\t\t\t50<\/td>\n<td align=\"center\">\n\t\t\t\t\t5<\/td>\n<td align=\"center\">\n\t\t\t\t\tv z&aacute;vislosti na&nbsp;metod\u011b<\/td>\n<td align=\"center\">\n\t\t\t\t\t6<\/td>\n<td align=\"center\">\n\t\t\t\t\t0,65<\/td>\n<\/tr>\n<tr>\n<td align=\"center\">\n\t\t\t\t\t100<\/td>\n<td align=\"center\">\n\t\t\t\t\t100<\/td>\n<td align=\"center\">\n\t\t\t\t\t50<\/td>\n<td align=\"center\">\n\t\t\t\t\t5<\/td>\n<td align=\"center\">\n\t\t\t\t\tv z&aacute;vislosti na&nbsp;metod\u011b<\/td>\n<td align=\"center\">\n\t\t\t\t\t6<\/td>\n<td align=\"center\">\n\t\t\t\t\t0,65<\/td>\n<\/tr>\n<tr>\n<td align=\"center\">\n\t\t\t\t\t120<\/td>\n<td align=\"center\">\n\t\t\t\t\t120<\/td>\n<td align=\"center\">\n\t\t\t\t\t50<\/td>\n<td align=\"center\">\n\t\t\t\t\t5<\/td>\n<td align=\"center\">\n\t\t\t\t\tv z&aacute;vislosti na&nbsp;metod\u011b<\/td>\n<td align=\"center\">\n\t\t\t\t\t6<\/td>\n<td align=\"center\">\n\t\t\t\t\t0,70<\/td>\n<\/tr>\n<tr>\n<td align=\"center\">\n\t\t\t\t\t150<\/td>\n<td align=\"center\">\n\t\t\t\t\t150<\/td>\n<td align=\"center\">\n\t\t\t\t\t50<\/td>\n<td align=\"center\">\n\t\t\t\t\t5<\/td>\n<td align=\"center\">\n\t\t\t\t\tv z&aacute;vislosti na&nbsp;metod\u011b<\/td>\n<td align=\"center\">\n\t\t\t\t\t6<\/td>\n<td align=\"center\">\n\t\t\t\t\t0,70<\/td>\n<\/tr>\n<\/tbody>\n<\/table>\n<p>\n\t\t&nbsp;<\/p>\n<p>\n\t\tV&scaron;echny rozm\u011bry v mm<\/p>\n<p>\n\t\t&nbsp;<\/p>\n<table border=\"0\" cellpadding=\"1\" cellspacing=\"1\" style=\"width: 100%\">\n<tbody>\n<tr>\n<td>\n<p align=\"center\">\n\t\t\t\t\t\t<img decoding=\"async\" src=\"https:\/\/www.nedzink.com\/wp-content\/uploads\/import\/cms\/userfiles\/images\/74_fallrohre-1__custom_.jpg\" style=\"border-bottom: 0px solid; border-left: 0px solid; width: 250px; height: 250px; border-top: 0px solid; border-right: 0px solid\" \/><\/p>\n<\/td>\n<td>\n<p align=\"center\">\n\t\t\t\t\t\t<img decoding=\"async\" src=\"https:\/\/www.nedzink.com\/wp-content\/uploads\/import\/cms\/userfiles\/images\/74_fallrohre-2__custom_.jpg\" style=\"border-bottom: 0px solid; border-left: 0px solid; width: 250px; height: 250px; border-top: 0px solid; border-right: 0px solid\" \/><\/p>\n<\/td>\n<\/tr>\n<\/tbody>\n<\/table>\n<p>\n\t\t&nbsp;<\/p>\n<h3>\n\t\t&nbsp;<\/h3>\n<h3>\n\t\tHranat&yacute; de&scaron;\u0165ov&yacute; svod<\/h3>\n<p>\n\t\tRozm\u011bry a tolerance, kter&eacute; je t\u0159eba dodr\u017eet&nbsp;<\/p>\n<p>\n\t\t<strong>Tabulka 5<\/strong><\/p>\n<table border=\"1\">\n<tbody>\n<tr>\n<td align=\"center\" width=\"50\">\n\t\t\t\t\t<strong>Jmenovit&aacute; &scaron;&iacute;rka<\/strong><\/td>\n<td align=\"center\" width=\"70\">\n\t\t\t\t\t<strong>Vnit\u0159n&iacute; rozm\u011br<br \/>\n\t\t\t\t\t(naho\u0159e)<\/strong><\/p>\n<p>\t\t\t\t\t<b> &plusmn;1<\/b><\/td>\n<td align=\"center\" width=\"50\">\n\t\t\t\t\t<\/p>\n<p align=\"center\">\n\t\t\t\t\t\t<strong>Zasunova-telnost<\/strong><\/p>\n<p>\n\t\t\t\t\t<b>min.<\/b><\/td>\n<td align=\"center\" width=\"70\">\n\t\t\t\t\t<\/p>\n<p align=\"center\">\n\t\t\t\t\t\t<strong>&Scaron;&iacute;\u0159ka p&aacute;jen&eacute;ho svaru&nbsp; (sv&aacute;zan&aacute;)<\/strong><br \/>\n\t\t\t\t\t\t<b>min.<\/b><\/p>\n<\/td>\n<td align=\"center\">\n\t\t\t\t\t<strong>&Scaron;&iacute;\u0159ka<br \/>\n\t\t\t\t\tsva\u0159ovan&eacute;ho<br \/>\n\t\t\t\t\tsvaru<\/strong><\/td>\n<td align=\"center\" width=\"100\">\n\t\t\t\t\t<br \/>\n\t\t\t\t\t<strong>&Scaron;&iacute;\u0159ka dr&aacute;\u017eky (prosazen&aacute;)<\/strong><br \/>\n\t\t\t\t\t<b> min.<\/b><\/td>\n<td align=\"center\" width=\"100\">\n\t\t\t\t\t<br \/>\n\t\t\t\t\t<strong>Jmenovit&aacute; tlou&scaron;\u0165ka plechu<\/strong><br \/>\n\t\t\t\t\t<b> min.<\/b><\/td>\n<\/tr>\n<tr>\n<td align=\"center\">\n\t\t\t\t\t060<\/td>\n<td align=\"center\">\n\t\t\t\t\t160 x 160<\/td>\n<td align=\"center\">\n\t\t\t\t\t50<\/td>\n<td align=\"center\">\n\t\t\t\t\t5<\/td>\n<td align=\"center\">\n\t\t\t\t\tv z&aacute;vislosti na metod\u011b<\/td>\n<td align=\"center\">\n\t\t\t\t\t6<\/td>\n<td align=\"center\">\n\t\t\t\t\t0,65<\/td>\n<\/tr>\n<tr>\n<td align=\"center\">\n\t\t\t\t\t080<\/td>\n<td align=\"center\">\n\t\t\t\t\t180 x 180<\/td>\n<td align=\"center\">\n\t\t\t\t\t50<\/td>\n<td align=\"center\">\n\t\t\t\t\t5<\/td>\n<td align=\"center\">\n\t\t\t\t\tv z&aacute;vislosti na metod\u011b<\/td>\n<td align=\"center\">\n\t\t\t\t\t6<\/td>\n<td align=\"center\">\n\t\t\t\t\t0,65<\/td>\n<\/tr>\n<tr>\n<td align=\"center\">\n\t\t\t\t\t095<\/td>\n<td align=\"center\">\n\t\t\t\t\t195 x 195<\/td>\n<td align=\"center\">\n\t\t\t\t\t50<\/td>\n<td align=\"center\">\n\t\t\t\t\t5<\/td>\n<td align=\"center\">\n\t\t\t\t\tv z&aacute;vislosti na metod\u011b<\/td>\n<td align=\"center\">\n\t\t\t\t\t6<\/td>\n<td align=\"center\">\n\t\t\t\t\t0,70<\/td>\n<\/tr>\n<tr>\n<td align=\"center\">\n\t\t\t\t\t100<\/td>\n<td align=\"center\">\n\t\t\t\t\t100 x 100<\/td>\n<td align=\"center\">\n\t\t\t\t\t50<\/td>\n<td align=\"center\">\n\t\t\t\t\t5<\/td>\n<td align=\"center\">\n\t\t\t\t\tv z&aacute;vislosti na metod\u011b<\/td>\n<td align=\"center\">\n\t\t\t\t\t6<\/td>\n<td align=\"center\">\n\t\t\t\t\t0,70<\/td>\n<\/tr>\n<tr>\n<td align=\"center\">\n\t\t\t\t\t120<\/td>\n<td align=\"center\">\n\t\t\t\t\t120 x 120<\/td>\n<td align=\"center\">\n\t\t\t\t\t50<\/td>\n<td align=\"center\">\n\t\t\t\t\t5<\/td>\n<td align=\"center\">\n\t\t\t\t\tv z&aacute;vislosti na metod\u011b<\/td>\n<td align=\"center\">\n\t\t\t\t\t6<\/td>\n<td align=\"center\">\n\t\t\t\t\t0,80<\/td>\n<\/tr>\n<\/tbody>\n<\/table>\n<p>\n\t\t&nbsp;<\/p>\n<p>\n\t\tV&scaron;echny rozm\u011bry v mm<\/p>\n<\/div>\n","protected":false},"excerpt":{"rendered":"<p>&nbsp; Podle tvaru pr\u016f\u0159ezu rozli&scaron;ujeme mezi kulat&yacute;mi a hranat&yacute;mi de&scaron;\u0165ov&yacute;mi svody. Spoj jednotliv&yacute;ch \u010d&aacute;st&iacute; svodu m\u016f\u017ee b&yacute;t: p&aacute;jen&yacute; sva\u0159ovan&yacute; falcovan&yacute; &nbsp; Kulat&yacute; de&scaron;\u0165ov&yacute; svod Rozm\u011bry a tolerance, kter&eacute; je t\u0159eba dodr\u017eet&nbsp; &nbsp; Tabulka 4 Jmenovit&aacute; &scaron;&iacute;\u0159ka Pr\u016fm\u011br (uvnit\u0159)&nbsp;&plusmn;1 Zasunova-telnost min. &Scaron;&iacute;\u0159ka p&aacute;jen&eacute;ho svaru (sv&aacute;zan&aacute;)&nbsp;min. &Scaron;&iacute;\u0159ka sva\u0159ovan&eacute;ho svaru &Scaron;&iacute;\u0159ka dr&aacute;\u017eky min. Jmenovit&aacute; tlou&scaron;\u0165ka plechu min. 060 [&hellip;]<\/p>\n","protected":false},"author":9,"featured_media":0,"parent":0,"menu_order":1140,"comment_status":"closed","ping_status":"closed","template":"template-import.php","meta":{"_acf_changed":false,"footnotes":""},"class_list":["post-31151","page","type-page","status-publish","hentry"],"acf":[],"yoast_head":"<!-- This site is optimized with the Yoast SEO plugin v26.8 - https:\/\/yoast.com\/product\/yoast-seo-wordpress\/ -->\n<title>De\u0161\u0165ov\u00e9 svody &#8211; NedZink<\/title>\n<meta name=\"robots\" content=\"index, follow, max-snippet:-1, max-image-preview:large, max-video-preview:-1\" \/>\n<link rel=\"canonical\" href=\"https:\/\/www.nedzink.com\/cs\/destove-svody\/\" \/>\n<meta property=\"og:locale\" content=\"cs_CZ\" \/>\n<meta property=\"og:type\" content=\"article\" \/>\n<meta property=\"og:title\" content=\"De\u0161\u0165ov\u00e9 svody &#8211; NedZink\" \/>\n<meta property=\"og:description\" content=\"&nbsp; Podle tvaru pr\u016f\u0159ezu rozli&scaron;ujeme mezi kulat&yacute;mi a hranat&yacute;mi de&scaron;\u0165ov&yacute;mi svody. Spoj jednotliv&yacute;ch \u010d&aacute;st&iacute; svodu m\u016f\u017ee b&yacute;t: p&aacute;jen&yacute; sva\u0159ovan&yacute; falcovan&yacute; &nbsp; Kulat&yacute; de&scaron;\u0165ov&yacute; svod Rozm\u011bry a tolerance, kter&eacute; je t\u0159eba dodr\u017eet&nbsp; &nbsp; Tabulka 4 Jmenovit&aacute; &scaron;&iacute;\u0159ka Pr\u016fm\u011br (uvnit\u0159)&nbsp;&plusmn;1 Zasunova-telnost min. &Scaron;&iacute;\u0159ka p&aacute;jen&eacute;ho svaru (sv&aacute;zan&aacute;)&nbsp;min. &Scaron;&iacute;\u0159ka sva\u0159ovan&eacute;ho svaru &Scaron;&iacute;\u0159ka dr&aacute;\u017eky min. Jmenovit&aacute; tlou&scaron;\u0165ka plechu min. 060 [&hellip;]\" \/>\n<meta property=\"og:url\" content=\"https:\/\/www.nedzink.com\/cs\/destove-svody\/\" \/>\n<meta property=\"og:site_name\" content=\"NedZink\" \/>\n<meta property=\"og:image\" content=\"https:\/\/www.nedzink.com\/wp-content\/uploads\/import\/cms\/userfiles\/images\/bild-92_1.jpg\" \/>\n<meta name=\"twitter:card\" content=\"summary_large_image\" \/>\n<meta name=\"twitter:label1\" content=\"Odhadovan\u00e1 doba \u010dten\u00ed\" \/>\n\t<meta name=\"twitter:data1\" content=\"1 minuta\" \/>\n<script type=\"application\/ld+json\" class=\"yoast-schema-graph\">{\"@context\":\"https:\/\/schema.org\",\"@graph\":[{\"@type\":\"WebPage\",\"@id\":\"https:\/\/www.nedzink.com\/cs\/destove-svody\/\",\"url\":\"https:\/\/www.nedzink.com\/cs\/destove-svody\/\",\"name\":\"De\u0161\u0165ov\u00e9 svody &#8211; NedZink\",\"isPartOf\":{\"@id\":\"https:\/\/www.nedzink.com\/cs\/#website\"},\"primaryImageOfPage\":{\"@id\":\"https:\/\/www.nedzink.com\/cs\/destove-svody\/#primaryimage\"},\"image\":{\"@id\":\"https:\/\/www.nedzink.com\/cs\/destove-svody\/#primaryimage\"},\"thumbnailUrl\":\"https:\/\/www.nedzink.com\/wp-content\/uploads\/import\/cms\/userfiles\/images\/bild-92_1.jpg\",\"datePublished\":\"2019-06-04T12:58:34+00:00\",\"breadcrumb\":{\"@id\":\"https:\/\/www.nedzink.com\/cs\/destove-svody\/#breadcrumb\"},\"inLanguage\":\"cs\",\"potentialAction\":[{\"@type\":\"ReadAction\",\"target\":[\"https:\/\/www.nedzink.com\/cs\/destove-svody\/\"]}]},{\"@type\":\"ImageObject\",\"inLanguage\":\"cs\",\"@id\":\"https:\/\/www.nedzink.com\/cs\/destove-svody\/#primaryimage\",\"url\":\"https:\/\/www.nedzink.com\/wp-content\/uploads\/import\/cms\/userfiles\/images\/bild-92_1.jpg\",\"contentUrl\":\"https:\/\/www.nedzink.com\/wp-content\/uploads\/import\/cms\/userfiles\/images\/bild-92_1.jpg\"},{\"@type\":\"BreadcrumbList\",\"@id\":\"https:\/\/www.nedzink.com\/cs\/destove-svody\/#breadcrumb\",\"itemListElement\":[{\"@type\":\"ListItem\",\"position\":1,\"name\":\"Home\",\"item\":\"https:\/\/www.nedzink.com\/cs\/\"},{\"@type\":\"ListItem\",\"position\":2,\"name\":\"De\u0161\u0165ov\u00e9 svody\"}]},{\"@type\":\"WebSite\",\"@id\":\"https:\/\/www.nedzink.com\/cs\/#website\",\"url\":\"https:\/\/www.nedzink.com\/cs\/\",\"name\":\"NedZink\",\"description\":\"Zink fabrikant\",\"publisher\":{\"@id\":\"https:\/\/www.nedzink.com\/cs\/#organization\"},\"potentialAction\":[{\"@type\":\"SearchAction\",\"target\":{\"@type\":\"EntryPoint\",\"urlTemplate\":\"https:\/\/www.nedzink.com\/cs\/?s={search_term_string}\"},\"query-input\":{\"@type\":\"PropertyValueSpecification\",\"valueRequired\":true,\"valueName\":\"search_term_string\"}}],\"inLanguage\":\"cs\"},{\"@type\":\"Organization\",\"@id\":\"https:\/\/www.nedzink.com\/cs\/#organization\",\"name\":\"NedZink\",\"url\":\"https:\/\/www.nedzink.com\/cs\/\",\"logo\":{\"@type\":\"ImageObject\",\"inLanguage\":\"cs\",\"@id\":\"https:\/\/www.nedzink.com\/cs\/#\/schema\/logo\/image\/\",\"url\":\"https:\/\/www.nedzink.com\/wp-content\/uploads\/2019\/08\/logo-nedzink_fc_zk.jpg\",\"contentUrl\":\"https:\/\/www.nedzink.com\/wp-content\/uploads\/2019\/08\/logo-nedzink_fc_zk.jpg\",\"width\":2160,\"height\":688,\"caption\":\"NedZink\"},\"image\":{\"@id\":\"https:\/\/www.nedzink.com\/cs\/#\/schema\/logo\/image\/\"}}]}<\/script>\n<!-- \/ Yoast SEO plugin. -->","yoast_head_json":{"title":"De\u0161\u0165ov\u00e9 svody &#8211; NedZink","robots":{"index":"index","follow":"follow","max-snippet":"max-snippet:-1","max-image-preview":"max-image-preview:large","max-video-preview":"max-video-preview:-1"},"canonical":"https:\/\/www.nedzink.com\/cs\/destove-svody\/","og_locale":"cs_CZ","og_type":"article","og_title":"De\u0161\u0165ov\u00e9 svody &#8211; NedZink","og_description":"&nbsp; Podle tvaru pr\u016f\u0159ezu rozli&scaron;ujeme mezi kulat&yacute;mi a hranat&yacute;mi de&scaron;\u0165ov&yacute;mi svody. Spoj jednotliv&yacute;ch \u010d&aacute;st&iacute; svodu m\u016f\u017ee b&yacute;t: p&aacute;jen&yacute; sva\u0159ovan&yacute; falcovan&yacute; &nbsp; Kulat&yacute; de&scaron;\u0165ov&yacute; svod Rozm\u011bry a tolerance, kter&eacute; je t\u0159eba dodr\u017eet&nbsp; &nbsp; Tabulka 4 Jmenovit&aacute; &scaron;&iacute;\u0159ka Pr\u016fm\u011br (uvnit\u0159)&nbsp;&plusmn;1 Zasunova-telnost min. &Scaron;&iacute;\u0159ka p&aacute;jen&eacute;ho svaru (sv&aacute;zan&aacute;)&nbsp;min. &Scaron;&iacute;\u0159ka sva\u0159ovan&eacute;ho svaru &Scaron;&iacute;\u0159ka dr&aacute;\u017eky min. Jmenovit&aacute; tlou&scaron;\u0165ka plechu min. 060 [&hellip;]","og_url":"https:\/\/www.nedzink.com\/cs\/destove-svody\/","og_site_name":"NedZink","og_image":[{"url":"https:\/\/www.nedzink.com\/wp-content\/uploads\/import\/cms\/userfiles\/images\/bild-92_1.jpg","type":"","width":"","height":""}],"twitter_card":"summary_large_image","twitter_misc":{"Odhadovan\u00e1 doba \u010dten\u00ed":"1 minuta"},"schema":{"@context":"https:\/\/schema.org","@graph":[{"@type":"WebPage","@id":"https:\/\/www.nedzink.com\/cs\/destove-svody\/","url":"https:\/\/www.nedzink.com\/cs\/destove-svody\/","name":"De\u0161\u0165ov\u00e9 svody &#8211; NedZink","isPartOf":{"@id":"https:\/\/www.nedzink.com\/cs\/#website"},"primaryImageOfPage":{"@id":"https:\/\/www.nedzink.com\/cs\/destove-svody\/#primaryimage"},"image":{"@id":"https:\/\/www.nedzink.com\/cs\/destove-svody\/#primaryimage"},"thumbnailUrl":"https:\/\/www.nedzink.com\/wp-content\/uploads\/import\/cms\/userfiles\/images\/bild-92_1.jpg","datePublished":"2019-06-04T12:58:34+00:00","breadcrumb":{"@id":"https:\/\/www.nedzink.com\/cs\/destove-svody\/#breadcrumb"},"inLanguage":"cs","potentialAction":[{"@type":"ReadAction","target":["https:\/\/www.nedzink.com\/cs\/destove-svody\/"]}]},{"@type":"ImageObject","inLanguage":"cs","@id":"https:\/\/www.nedzink.com\/cs\/destove-svody\/#primaryimage","url":"https:\/\/www.nedzink.com\/wp-content\/uploads\/import\/cms\/userfiles\/images\/bild-92_1.jpg","contentUrl":"https:\/\/www.nedzink.com\/wp-content\/uploads\/import\/cms\/userfiles\/images\/bild-92_1.jpg"},{"@type":"BreadcrumbList","@id":"https:\/\/www.nedzink.com\/cs\/destove-svody\/#breadcrumb","itemListElement":[{"@type":"ListItem","position":1,"name":"Home","item":"https:\/\/www.nedzink.com\/cs\/"},{"@type":"ListItem","position":2,"name":"De\u0161\u0165ov\u00e9 svody"}]},{"@type":"WebSite","@id":"https:\/\/www.nedzink.com\/cs\/#website","url":"https:\/\/www.nedzink.com\/cs\/","name":"NedZink","description":"Zink fabrikant","publisher":{"@id":"https:\/\/www.nedzink.com\/cs\/#organization"},"potentialAction":[{"@type":"SearchAction","target":{"@type":"EntryPoint","urlTemplate":"https:\/\/www.nedzink.com\/cs\/?s={search_term_string}"},"query-input":{"@type":"PropertyValueSpecification","valueRequired":true,"valueName":"search_term_string"}}],"inLanguage":"cs"},{"@type":"Organization","@id":"https:\/\/www.nedzink.com\/cs\/#organization","name":"NedZink","url":"https:\/\/www.nedzink.com\/cs\/","logo":{"@type":"ImageObject","inLanguage":"cs","@id":"https:\/\/www.nedzink.com\/cs\/#\/schema\/logo\/image\/","url":"https:\/\/www.nedzink.com\/wp-content\/uploads\/2019\/08\/logo-nedzink_fc_zk.jpg","contentUrl":"https:\/\/www.nedzink.com\/wp-content\/uploads\/2019\/08\/logo-nedzink_fc_zk.jpg","width":2160,"height":688,"caption":"NedZink"},"image":{"@id":"https:\/\/www.nedzink.com\/cs\/#\/schema\/logo\/image\/"}}]}},"_links":{"self":[{"href":"https:\/\/www.nedzink.com\/cs\/wp-json\/wp\/v2\/pages\/31151","targetHints":{"allow":["GET"]}}],"collection":[{"href":"https:\/\/www.nedzink.com\/cs\/wp-json\/wp\/v2\/pages"}],"about":[{"href":"https:\/\/www.nedzink.com\/cs\/wp-json\/wp\/v2\/types\/page"}],"author":[{"embeddable":true,"href":"https:\/\/www.nedzink.com\/cs\/wp-json\/wp\/v2\/users\/9"}],"replies":[{"embeddable":true,"href":"https:\/\/www.nedzink.com\/cs\/wp-json\/wp\/v2\/comments?post=31151"}],"version-history":[{"count":0,"href":"https:\/\/www.nedzink.com\/cs\/wp-json\/wp\/v2\/pages\/31151\/revisions"}],"wp:attachment":[{"href":"https:\/\/www.nedzink.com\/cs\/wp-json\/wp\/v2\/media?parent=31151"}],"curies":[{"name":"wp","href":"https:\/\/api.w.org\/{rel}","templated":true}]}}