{"id":31127,"date":"2019-06-04T14:56:32","date_gmt":"2019-06-04T12:56:32","guid":{"rendered":"http:\/\/136.144.181.85\/~nedzink\/technicke-info\/systemy-pro-odvodneni-strechy\/technicke-specifikace\/"},"modified":"2019-06-04T14:56:32","modified_gmt":"2019-06-04T12:56:32","slug":"technicke-specifikace","status":"publish","type":"page","link":"https:\/\/www.nedzink.com\/cs\/systemy-pro-odvodneni-strechy\/technicke-specifikace\/","title":{"rendered":"Technick\u00e9 specifikace"},"content":{"rendered":"<div class=\"contentStyle\" style=\"margin: 10px 0px 10px 0px;\">\n<p>\n\t\t&nbsp;<\/p>\n<p>\n\t\tV&yacute;robky pro vn\u011bj&scaron;&iacute; odvodn\u011bn&iacute; st\u0159ech se vyr&aacute;b\u011bj&iacute; a dod&aacute;vaj&iacute; v <strong>metrick&yacute;ch rozm\u011brech<\/strong>.<\/p>\n<p>\n\t\tTak tomu nebylo v\u017edy, proto\u017ee se v minulosti &ndash;&nbsp; a dnes se to region&aacute;ln\u011b tak&eacute; je&scaron;t\u011b pou\u017e&iacute;v&aacute; &ndash; rozm\u011bry stanovily v tzv. segmentech. Tyto &quot;segmenty&quot; se vztahovaly k pod&iacute;lu na &bdquo;v&aacute;lcovan&eacute; zinkov&eacute; tabuli&ldquo; v d&eacute;lce 2000 mm. Uveden&aacute; standardn&iacute; tabule z doby p\u0159ed titanzinkem byla z&aacute;kladem v&scaron;ech tehdej&scaron;&iacute;ch v&yacute;robk\u016f pro st\u0159echy a fas&aacute;dy.<\/p>\n<p>\n\t\tP\u0159&iacute;klad:<\/p>\n<p>\n\t\t6-d&iacute;ln&yacute; okapov&yacute; \u017elab: P\u016flkulat&yacute; z&aacute;v\u011bsn&yacute; okapov&yacute; \u017elab s jmenovit&yacute;m rozm\u011brem &scaron;est&eacute;ho d&iacute;lu \/ &scaron;estina z 2000 mm = 333 mm.<\/p>\n<p>\n\t\tDne&scaron;n&iacute;m z&aacute;kladem pro dimenzov&aacute;n&iacute; je DIN EN 612. V n&iacute; jsou stanoveny minim&aacute;ln&iacute; rozm\u011bry pro hlavn&iacute; rozm\u011bry p\u016flkulat&yacute;ch a hranat&yacute;ch z&aacute;v\u011bsn&yacute;ch okapov&yacute;ch \u017elab\u016f a kulat&yacute;ch a hranat&yacute;ch odpadn&iacute;ch de&scaron;\u0165ov&yacute;ch svod\u016f.<\/p>\n<p>\n\t\tDimenzov&aacute;n&iacute; shora uveden&eacute;ho okapov&eacute;ho \u017elabu je potom n&aacute;sleduj&iacute;c&iacute;: jmenovit&aacute; velikost 333 mm.<\/p>\n<p>\n\t\tU trubek nen&iacute; z&aacute;kladem nomin&aacute;ln&iacute; proveden&iacute;, n&yacute;br\u017e pr\u016fm\u011br. P\u0159&iacute;pad: kruhov&aacute; de&scaron;\u0165ov&aacute; svodov&aacute; roura o jmenovit&eacute; velikosti 100 &ndash; m&aacute; pr\u016fm\u011br 100 mm.<\/p>\n<p>\n\t\tV t&eacute;to norm\u011b jsou p\u0159i\u0159azeny r\u016fzn&yacute;m proveden&iacute;m tak&eacute; minim&aacute;ln&iacute; tlou&scaron;\u0165ky v&yacute;choz&iacute;ho materi&aacute;lu. V&yacute;robky podle t&eacute;to normy je mo\u017en&eacute; nab&iacute;zet ve sva\u0159ovan&eacute;m, p&aacute;jen&eacute;m a dr&aacute;\u017ekovan&eacute;m proveden&iacute;.<\/p>\n<\/div>\n","protected":false},"excerpt":{"rendered":"<p>&nbsp; V&yacute;robky pro vn\u011bj&scaron;&iacute; odvodn\u011bn&iacute; st\u0159ech se vyr&aacute;b\u011bj&iacute; a dod&aacute;vaj&iacute; v metrick&yacute;ch rozm\u011brech. Tak tomu nebylo v\u017edy, proto\u017ee se v minulosti &ndash;&nbsp; a dnes se to region&aacute;ln\u011b tak&eacute; je&scaron;t\u011b pou\u017e&iacute;v&aacute; &ndash; rozm\u011bry stanovily v tzv. segmentech. Tyto &quot;segmenty&quot; se vztahovaly k pod&iacute;lu na &bdquo;v&aacute;lcovan&eacute; zinkov&eacute; tabuli&ldquo; v d&eacute;lce 2000 mm. Uveden&aacute; standardn&iacute; tabule z doby [&hellip;]<\/p>\n","protected":false},"author":9,"featured_media":0,"parent":31107,"menu_order":1110,"comment_status":"closed","ping_status":"closed","template":"template-import.php","meta":{"_acf_changed":false,"footnotes":""},"class_list":["post-31127","page","type-page","status-publish","hentry"],"acf":[],"yoast_head":"<!-- This site is optimized with the Yoast SEO plugin v26.8 - https:\/\/yoast.com\/product\/yoast-seo-wordpress\/ -->\n<title>Technick\u00e9 specifikace \u2013 NedZink<\/title>\n<meta name=\"robots\" content=\"index, follow, max-snippet:-1, max-image-preview:large, max-video-preview:-1\" \/>\n<link rel=\"canonical\" href=\"https:\/\/www.nedzink.com\/cs\/systemy-pro-odvodneni-strechy\/technicke-specifikace\/\" \/>\n<meta property=\"og:locale\" content=\"cs_CZ\" \/>\n<meta property=\"og:type\" content=\"article\" \/>\n<meta property=\"og:title\" content=\"Technick\u00e9 specifikace \u2013 NedZink\" \/>\n<meta property=\"og:description\" content=\"&nbsp; V&yacute;robky pro vn\u011bj&scaron;&iacute; odvodn\u011bn&iacute; st\u0159ech se vyr&aacute;b\u011bj&iacute; a dod&aacute;vaj&iacute; v metrick&yacute;ch rozm\u011brech. Tak tomu nebylo v\u017edy, proto\u017ee se v minulosti &ndash;&nbsp; a dnes se to region&aacute;ln\u011b tak&eacute; je&scaron;t\u011b pou\u017e&iacute;v&aacute; &ndash; rozm\u011bry stanovily v tzv. segmentech. Tyto &quot;segmenty&quot; se vztahovaly k pod&iacute;lu na &bdquo;v&aacute;lcovan&eacute; zinkov&eacute; tabuli&ldquo; v d&eacute;lce 2000 mm. Uveden&aacute; standardn&iacute; tabule z doby [&hellip;]\" \/>\n<meta property=\"og:url\" content=\"https:\/\/www.nedzink.com\/cs\/systemy-pro-odvodneni-strechy\/technicke-specifikace\/\" \/>\n<meta property=\"og:site_name\" content=\"NedZink\" \/>\n<meta name=\"twitter:card\" content=\"summary_large_image\" \/>\n<meta name=\"twitter:label1\" content=\"Odhadovan\u00e1 doba \u010dten\u00ed\" \/>\n\t<meta name=\"twitter:data1\" content=\"2 minuty\" \/>\n<script type=\"application\/ld+json\" class=\"yoast-schema-graph\">{\"@context\":\"https:\/\/schema.org\",\"@graph\":[{\"@type\":\"WebPage\",\"@id\":\"https:\/\/www.nedzink.com\/cs\/systemy-pro-odvodneni-strechy\/technicke-specifikace\/\",\"url\":\"https:\/\/www.nedzink.com\/cs\/systemy-pro-odvodneni-strechy\/technicke-specifikace\/\",\"name\":\"Technick\u00e9 specifikace \u2013 NedZink\",\"isPartOf\":{\"@id\":\"https:\/\/www.nedzink.com\/cs\/#website\"},\"datePublished\":\"2019-06-04T12:56:32+00:00\",\"breadcrumb\":{\"@id\":\"https:\/\/www.nedzink.com\/cs\/systemy-pro-odvodneni-strechy\/technicke-specifikace\/#breadcrumb\"},\"inLanguage\":\"cs\",\"potentialAction\":[{\"@type\":\"ReadAction\",\"target\":[\"https:\/\/www.nedzink.com\/cs\/systemy-pro-odvodneni-strechy\/technicke-specifikace\/\"]}]},{\"@type\":\"BreadcrumbList\",\"@id\":\"https:\/\/www.nedzink.com\/cs\/systemy-pro-odvodneni-strechy\/technicke-specifikace\/#breadcrumb\",\"itemListElement\":[{\"@type\":\"ListItem\",\"position\":1,\"name\":\"Home\",\"item\":\"https:\/\/www.nedzink.com\/cs\/\"},{\"@type\":\"ListItem\",\"position\":2,\"name\":\"Syst\u00e9my pro odvodn\u011bn\u00ed st\u0159echy\",\"item\":\"https:\/\/www.nedzink.com\/cs\/systemy-pro-odvodneni-strechy\/\"},{\"@type\":\"ListItem\",\"position\":3,\"name\":\"Technick\u00e9 specifikace\"}]},{\"@type\":\"WebSite\",\"@id\":\"https:\/\/www.nedzink.com\/cs\/#website\",\"url\":\"https:\/\/www.nedzink.com\/cs\/\",\"name\":\"NedZink\",\"description\":\"Zink fabrikant\",\"publisher\":{\"@id\":\"https:\/\/www.nedzink.com\/cs\/#organization\"},\"potentialAction\":[{\"@type\":\"SearchAction\",\"target\":{\"@type\":\"EntryPoint\",\"urlTemplate\":\"https:\/\/www.nedzink.com\/cs\/?s={search_term_string}\"},\"query-input\":{\"@type\":\"PropertyValueSpecification\",\"valueRequired\":true,\"valueName\":\"search_term_string\"}}],\"inLanguage\":\"cs\"},{\"@type\":\"Organization\",\"@id\":\"https:\/\/www.nedzink.com\/cs\/#organization\",\"name\":\"NedZink\",\"url\":\"https:\/\/www.nedzink.com\/cs\/\",\"logo\":{\"@type\":\"ImageObject\",\"inLanguage\":\"cs\",\"@id\":\"https:\/\/www.nedzink.com\/cs\/#\/schema\/logo\/image\/\",\"url\":\"https:\/\/www.nedzink.com\/wp-content\/uploads\/2019\/08\/logo-nedzink_fc_zk.jpg\",\"contentUrl\":\"https:\/\/www.nedzink.com\/wp-content\/uploads\/2019\/08\/logo-nedzink_fc_zk.jpg\",\"width\":2160,\"height\":688,\"caption\":\"NedZink\"},\"image\":{\"@id\":\"https:\/\/www.nedzink.com\/cs\/#\/schema\/logo\/image\/\"}}]}<\/script>\n<!-- \/ Yoast SEO plugin. -->","yoast_head_json":{"title":"Technick\u00e9 specifikace \u2013 NedZink","robots":{"index":"index","follow":"follow","max-snippet":"max-snippet:-1","max-image-preview":"max-image-preview:large","max-video-preview":"max-video-preview:-1"},"canonical":"https:\/\/www.nedzink.com\/cs\/systemy-pro-odvodneni-strechy\/technicke-specifikace\/","og_locale":"cs_CZ","og_type":"article","og_title":"Technick\u00e9 specifikace \u2013 NedZink","og_description":"&nbsp; V&yacute;robky pro vn\u011bj&scaron;&iacute; odvodn\u011bn&iacute; st\u0159ech se vyr&aacute;b\u011bj&iacute; a dod&aacute;vaj&iacute; v metrick&yacute;ch rozm\u011brech. Tak tomu nebylo v\u017edy, proto\u017ee se v minulosti &ndash;&nbsp; a dnes se to region&aacute;ln\u011b tak&eacute; je&scaron;t\u011b pou\u017e&iacute;v&aacute; &ndash; rozm\u011bry stanovily v tzv. segmentech. Tyto &quot;segmenty&quot; se vztahovaly k pod&iacute;lu na &bdquo;v&aacute;lcovan&eacute; zinkov&eacute; tabuli&ldquo; v d&eacute;lce 2000 mm. Uveden&aacute; standardn&iacute; tabule z doby [&hellip;]","og_url":"https:\/\/www.nedzink.com\/cs\/systemy-pro-odvodneni-strechy\/technicke-specifikace\/","og_site_name":"NedZink","twitter_card":"summary_large_image","twitter_misc":{"Odhadovan\u00e1 doba \u010dten\u00ed":"2 minuty"},"schema":{"@context":"https:\/\/schema.org","@graph":[{"@type":"WebPage","@id":"https:\/\/www.nedzink.com\/cs\/systemy-pro-odvodneni-strechy\/technicke-specifikace\/","url":"https:\/\/www.nedzink.com\/cs\/systemy-pro-odvodneni-strechy\/technicke-specifikace\/","name":"Technick\u00e9 specifikace \u2013 NedZink","isPartOf":{"@id":"https:\/\/www.nedzink.com\/cs\/#website"},"datePublished":"2019-06-04T12:56:32+00:00","breadcrumb":{"@id":"https:\/\/www.nedzink.com\/cs\/systemy-pro-odvodneni-strechy\/technicke-specifikace\/#breadcrumb"},"inLanguage":"cs","potentialAction":[{"@type":"ReadAction","target":["https:\/\/www.nedzink.com\/cs\/systemy-pro-odvodneni-strechy\/technicke-specifikace\/"]}]},{"@type":"BreadcrumbList","@id":"https:\/\/www.nedzink.com\/cs\/systemy-pro-odvodneni-strechy\/technicke-specifikace\/#breadcrumb","itemListElement":[{"@type":"ListItem","position":1,"name":"Home","item":"https:\/\/www.nedzink.com\/cs\/"},{"@type":"ListItem","position":2,"name":"Syst\u00e9my pro odvodn\u011bn\u00ed st\u0159echy","item":"https:\/\/www.nedzink.com\/cs\/systemy-pro-odvodneni-strechy\/"},{"@type":"ListItem","position":3,"name":"Technick\u00e9 specifikace"}]},{"@type":"WebSite","@id":"https:\/\/www.nedzink.com\/cs\/#website","url":"https:\/\/www.nedzink.com\/cs\/","name":"NedZink","description":"Zink fabrikant","publisher":{"@id":"https:\/\/www.nedzink.com\/cs\/#organization"},"potentialAction":[{"@type":"SearchAction","target":{"@type":"EntryPoint","urlTemplate":"https:\/\/www.nedzink.com\/cs\/?s={search_term_string}"},"query-input":{"@type":"PropertyValueSpecification","valueRequired":true,"valueName":"search_term_string"}}],"inLanguage":"cs"},{"@type":"Organization","@id":"https:\/\/www.nedzink.com\/cs\/#organization","name":"NedZink","url":"https:\/\/www.nedzink.com\/cs\/","logo":{"@type":"ImageObject","inLanguage":"cs","@id":"https:\/\/www.nedzink.com\/cs\/#\/schema\/logo\/image\/","url":"https:\/\/www.nedzink.com\/wp-content\/uploads\/2019\/08\/logo-nedzink_fc_zk.jpg","contentUrl":"https:\/\/www.nedzink.com\/wp-content\/uploads\/2019\/08\/logo-nedzink_fc_zk.jpg","width":2160,"height":688,"caption":"NedZink"},"image":{"@id":"https:\/\/www.nedzink.com\/cs\/#\/schema\/logo\/image\/"}}]}},"_links":{"self":[{"href":"https:\/\/www.nedzink.com\/cs\/wp-json\/wp\/v2\/pages\/31127","targetHints":{"allow":["GET"]}}],"collection":[{"href":"https:\/\/www.nedzink.com\/cs\/wp-json\/wp\/v2\/pages"}],"about":[{"href":"https:\/\/www.nedzink.com\/cs\/wp-json\/wp\/v2\/types\/page"}],"author":[{"embeddable":true,"href":"https:\/\/www.nedzink.com\/cs\/wp-json\/wp\/v2\/users\/9"}],"replies":[{"embeddable":true,"href":"https:\/\/www.nedzink.com\/cs\/wp-json\/wp\/v2\/comments?post=31127"}],"version-history":[{"count":0,"href":"https:\/\/www.nedzink.com\/cs\/wp-json\/wp\/v2\/pages\/31127\/revisions"}],"up":[{"embeddable":true,"href":"https:\/\/www.nedzink.com\/cs\/wp-json\/wp\/v2\/pages\/31107"}],"wp:attachment":[{"href":"https:\/\/www.nedzink.com\/cs\/wp-json\/wp\/v2\/media?parent=31127"}],"curies":[{"name":"wp","href":"https:\/\/api.w.org\/{rel}","templated":true}]}}