{"id":31107,"date":"2019-06-04T14:56:26","date_gmt":"2019-06-04T12:56:26","guid":{"rendered":"http:\/\/136.144.181.85\/~nedzink\/technicke-info\/systemy-pro-odvodneni-strechy\/"},"modified":"2019-06-04T14:56:26","modified_gmt":"2019-06-04T12:56:26","slug":"systemy-pro-odvodneni-strechy","status":"publish","type":"page","link":"https:\/\/www.nedzink.com\/cs\/systemy-pro-odvodneni-strechy\/","title":{"rendered":"Syst\u00e9my pro odvodn\u011bn\u00ed st\u0159echy"},"content":{"rendered":"<p>\n\t&nbsp;<\/p>\n<p>\n\tPro bezpe\u010dn&eacute; odveden&iacute; de&scaron;\u0165ov&eacute; vody se pou\u017e&iacute;vaj&iacute; syst&eacute;my pro odvodn\u011bn&iacute; st\u0159ech, kter&eacute; jsou dimenzov&aacute;ny pro konkr&eacute;tn&iacute; objekt. Sb&iacute;raj&iacute; de&scaron;\u0165ovou vodu ze st\u0159e&scaron;n&iacute;ch ploch, n&aacute;staveb a balkon\u016f do \u017elab\u016f a n&aacute;sledn\u011b do svod\u016f. V z&aacute;vislosti na m&iacute;stn&iacute;ch mo\u017enostech se potom prov&aacute;d&iacute; odvodn\u011bn&iacute; staveb kanaliza\u010dn&iacute;mi nebo dren&aacute;\u017en&iacute;mi syst&eacute;my.<\/p>\n<p>\n\tTechnick&aacute; norma pro odvodn\u011bn&iacute; budov a pozemk\u016f se \u0159&iacute;d&iacute; podle \u0159ady norem EN 12056 &bdquo;Vnit\u0159n&iacute; kanalizace &ndash; Gravita\u010dn&iacute; syst&eacute;my&ldquo; a EN 752 &bdquo;Odvod\u0148ovac&iacute; syst&eacute;my vn\u011b budov&ldquo;.<\/p>\n<p>\n\tDimenzov&aacute;n&iacute; podokapn&iacute;ho nebo uvnit\u0159 le\u017e&iacute;c&iacute;ho \u017elabu se mus&iacute; prov&aacute;d\u011bt podle DIN EN 12056-3 ve spojen&iacute; s DIN 1986-100 a mus&iacute; zahrnovat n&aacute;sleduj&iacute;c&iacute; kroky:<\/p>\n<ul>\n<li style=\"margin-left: 18pt; \">\n\t\tN&aacute;vrh syst&eacute;mu odvodn\u011bn&iacute;<br \/>\n\t\ts odtokem do kanaliza\u010dn&iacute;ho syst&eacute;mu<br \/>\n\t\ts odtokem do nouzov&eacute;ho p\u0159etokov&eacute;ho za\u0159&iacute;zen&iacute;<\/li>\n<li style=\"margin-left: 18pt; \">\n\t\tStanoven&iacute; o\u010dek&aacute;van&yacute;ch de&scaron;\u0165ov&yacute;ch sr&aacute;\u017eek v m&iacute;st\u011b stavby<\/li>\n<li style=\"margin-left: 18pt; \">\n\t\tV&yacute;po\u010det odtoku de&scaron;\u0165ov&eacute; vody<\/li>\n<li style=\"margin-left: 18pt; \">\n\t\tZaji&scaron;t\u011bn&iacute; odtoku de&scaron;\u0165ov&eacute; vody podle zadan&eacute; koncepce odvodn\u011bn&iacute;<\/li>\n<li style=\"margin-left: 18pt; \">\n\t\tStanoven&iacute; mno\u017estv&iacute; de&scaron;\u0165ov&eacute; vody ve \u017elabech<\/li>\n<li style=\"margin-left: 18pt; \">\n\t\tDimenzov&aacute;n&iacute; pr\u016f\u0159ezu \u017elabu a stanoven&iacute; v&yacute;&scaron;e tlaku na odtoku, zohledn\u011bn&iacute; &uacute;hlu \u017elab\u016f a zm\u011bny pr\u016f\u0159ezu \u017elabu<\/li>\n<li style=\"margin-left: 18pt; \">\n\t\tDimenzov&aacute;n&iacute; odtokov&eacute;ho kotl&iacute;ku ve spojen&iacute; s de&scaron;\u0165ovou svodovou rourou, zohledn\u011bn&iacute; z&aacute;chytn&yacute;ch ko&scaron;\u016f st\u0159e&scaron;n&iacute;ho vtoku a deformace de&scaron;\u0165ov&eacute; svodov&eacute; roury, zohledn\u011bn&iacute; hranat&yacute;ch tvar\u016f<\/li>\n<\/ul>\n","protected":false},"excerpt":{"rendered":"<p>&nbsp; Pro bezpe\u010dn&eacute; odveden&iacute; de&scaron;\u0165ov&eacute; vody se pou\u017e&iacute;vaj&iacute; syst&eacute;my pro odvodn\u011bn&iacute; st\u0159ech, kter&eacute; jsou dimenzov&aacute;ny pro konkr&eacute;tn&iacute; objekt. Sb&iacute;raj&iacute; de&scaron;\u0165ovou vodu ze st\u0159e&scaron;n&iacute;ch ploch, n&aacute;staveb a balkon\u016f do \u017elab\u016f a n&aacute;sledn\u011b do svod\u016f. V z&aacute;vislosti na m&iacute;stn&iacute;ch mo\u017enostech se potom prov&aacute;d&iacute; odvodn\u011bn&iacute; staveb kanaliza\u010dn&iacute;mi nebo dren&aacute;\u017en&iacute;mi syst&eacute;my. Technick&aacute; norma pro odvodn\u011bn&iacute; budov a pozemk\u016f se [&hellip;]<\/p>\n","protected":false},"author":9,"featured_media":0,"parent":0,"menu_order":1090,"comment_status":"closed","ping_status":"closed","template":"template-import.php","meta":{"_acf_changed":false,"footnotes":""},"class_list":["post-31107","page","type-page","status-publish","hentry"],"acf":[],"yoast_head":"<!-- This site is optimized with the Yoast SEO plugin v26.8 - https:\/\/yoast.com\/product\/yoast-seo-wordpress\/ -->\n<title>Syst\u00e9my pro odvodn\u011bn\u00ed st\u0159echy &#8211; NedZink<\/title>\n<meta name=\"robots\" content=\"index, follow, max-snippet:-1, max-image-preview:large, max-video-preview:-1\" \/>\n<link rel=\"canonical\" href=\"https:\/\/www.nedzink.com\/cs\/systemy-pro-odvodneni-strechy\/\" \/>\n<meta property=\"og:locale\" content=\"cs_CZ\" \/>\n<meta property=\"og:type\" content=\"article\" \/>\n<meta property=\"og:title\" content=\"Syst\u00e9my pro odvodn\u011bn\u00ed st\u0159echy &#8211; NedZink\" \/>\n<meta property=\"og:description\" content=\"&nbsp; Pro bezpe\u010dn&eacute; odveden&iacute; de&scaron;\u0165ov&eacute; vody se pou\u017e&iacute;vaj&iacute; syst&eacute;my pro odvodn\u011bn&iacute; st\u0159ech, kter&eacute; jsou dimenzov&aacute;ny pro konkr&eacute;tn&iacute; objekt. Sb&iacute;raj&iacute; de&scaron;\u0165ovou vodu ze st\u0159e&scaron;n&iacute;ch ploch, n&aacute;staveb a balkon\u016f do \u017elab\u016f a n&aacute;sledn\u011b do svod\u016f. V z&aacute;vislosti na m&iacute;stn&iacute;ch mo\u017enostech se potom prov&aacute;d&iacute; odvodn\u011bn&iacute; staveb kanaliza\u010dn&iacute;mi nebo dren&aacute;\u017en&iacute;mi syst&eacute;my. Technick&aacute; norma pro odvodn\u011bn&iacute; budov a pozemk\u016f se [&hellip;]\" \/>\n<meta property=\"og:url\" content=\"https:\/\/www.nedzink.com\/cs\/systemy-pro-odvodneni-strechy\/\" \/>\n<meta property=\"og:site_name\" content=\"NedZink\" \/>\n<meta name=\"twitter:card\" content=\"summary_large_image\" \/>\n<meta name=\"twitter:label1\" content=\"Odhadovan\u00e1 doba \u010dten\u00ed\" \/>\n\t<meta name=\"twitter:data1\" content=\"2 minuty\" \/>\n<script type=\"application\/ld+json\" class=\"yoast-schema-graph\">{\"@context\":\"https:\/\/schema.org\",\"@graph\":[{\"@type\":\"WebPage\",\"@id\":\"https:\/\/www.nedzink.com\/cs\/systemy-pro-odvodneni-strechy\/\",\"url\":\"https:\/\/www.nedzink.com\/cs\/systemy-pro-odvodneni-strechy\/\",\"name\":\"Syst\u00e9my pro odvodn\u011bn\u00ed st\u0159echy &#8211; NedZink\",\"isPartOf\":{\"@id\":\"https:\/\/www.nedzink.com\/cs\/#website\"},\"datePublished\":\"2019-06-04T12:56:26+00:00\",\"breadcrumb\":{\"@id\":\"https:\/\/www.nedzink.com\/cs\/systemy-pro-odvodneni-strechy\/#breadcrumb\"},\"inLanguage\":\"cs\",\"potentialAction\":[{\"@type\":\"ReadAction\",\"target\":[\"https:\/\/www.nedzink.com\/cs\/systemy-pro-odvodneni-strechy\/\"]}]},{\"@type\":\"BreadcrumbList\",\"@id\":\"https:\/\/www.nedzink.com\/cs\/systemy-pro-odvodneni-strechy\/#breadcrumb\",\"itemListElement\":[{\"@type\":\"ListItem\",\"position\":1,\"name\":\"Home\",\"item\":\"https:\/\/www.nedzink.com\/cs\/\"},{\"@type\":\"ListItem\",\"position\":2,\"name\":\"Syst\u00e9my pro odvodn\u011bn\u00ed st\u0159echy\"}]},{\"@type\":\"WebSite\",\"@id\":\"https:\/\/www.nedzink.com\/cs\/#website\",\"url\":\"https:\/\/www.nedzink.com\/cs\/\",\"name\":\"NedZink\",\"description\":\"Zink fabrikant\",\"publisher\":{\"@id\":\"https:\/\/www.nedzink.com\/cs\/#organization\"},\"potentialAction\":[{\"@type\":\"SearchAction\",\"target\":{\"@type\":\"EntryPoint\",\"urlTemplate\":\"https:\/\/www.nedzink.com\/cs\/?s={search_term_string}\"},\"query-input\":{\"@type\":\"PropertyValueSpecification\",\"valueRequired\":true,\"valueName\":\"search_term_string\"}}],\"inLanguage\":\"cs\"},{\"@type\":\"Organization\",\"@id\":\"https:\/\/www.nedzink.com\/cs\/#organization\",\"name\":\"NedZink\",\"url\":\"https:\/\/www.nedzink.com\/cs\/\",\"logo\":{\"@type\":\"ImageObject\",\"inLanguage\":\"cs\",\"@id\":\"https:\/\/www.nedzink.com\/cs\/#\/schema\/logo\/image\/\",\"url\":\"https:\/\/www.nedzink.com\/wp-content\/uploads\/2019\/08\/logo-nedzink_fc_zk.jpg\",\"contentUrl\":\"https:\/\/www.nedzink.com\/wp-content\/uploads\/2019\/08\/logo-nedzink_fc_zk.jpg\",\"width\":2160,\"height\":688,\"caption\":\"NedZink\"},\"image\":{\"@id\":\"https:\/\/www.nedzink.com\/cs\/#\/schema\/logo\/image\/\"}}]}<\/script>\n<!-- \/ Yoast SEO plugin. -->","yoast_head_json":{"title":"Syst\u00e9my pro odvodn\u011bn\u00ed st\u0159echy &#8211; NedZink","robots":{"index":"index","follow":"follow","max-snippet":"max-snippet:-1","max-image-preview":"max-image-preview:large","max-video-preview":"max-video-preview:-1"},"canonical":"https:\/\/www.nedzink.com\/cs\/systemy-pro-odvodneni-strechy\/","og_locale":"cs_CZ","og_type":"article","og_title":"Syst\u00e9my pro odvodn\u011bn\u00ed st\u0159echy &#8211; NedZink","og_description":"&nbsp; Pro bezpe\u010dn&eacute; odveden&iacute; de&scaron;\u0165ov&eacute; vody se pou\u017e&iacute;vaj&iacute; syst&eacute;my pro odvodn\u011bn&iacute; st\u0159ech, kter&eacute; jsou dimenzov&aacute;ny pro konkr&eacute;tn&iacute; objekt. Sb&iacute;raj&iacute; de&scaron;\u0165ovou vodu ze st\u0159e&scaron;n&iacute;ch ploch, n&aacute;staveb a balkon\u016f do \u017elab\u016f a n&aacute;sledn\u011b do svod\u016f. V z&aacute;vislosti na m&iacute;stn&iacute;ch mo\u017enostech se potom prov&aacute;d&iacute; odvodn\u011bn&iacute; staveb kanaliza\u010dn&iacute;mi nebo dren&aacute;\u017en&iacute;mi syst&eacute;my. Technick&aacute; norma pro odvodn\u011bn&iacute; budov a pozemk\u016f se [&hellip;]","og_url":"https:\/\/www.nedzink.com\/cs\/systemy-pro-odvodneni-strechy\/","og_site_name":"NedZink","twitter_card":"summary_large_image","twitter_misc":{"Odhadovan\u00e1 doba \u010dten\u00ed":"2 minuty"},"schema":{"@context":"https:\/\/schema.org","@graph":[{"@type":"WebPage","@id":"https:\/\/www.nedzink.com\/cs\/systemy-pro-odvodneni-strechy\/","url":"https:\/\/www.nedzink.com\/cs\/systemy-pro-odvodneni-strechy\/","name":"Syst\u00e9my pro odvodn\u011bn\u00ed st\u0159echy &#8211; NedZink","isPartOf":{"@id":"https:\/\/www.nedzink.com\/cs\/#website"},"datePublished":"2019-06-04T12:56:26+00:00","breadcrumb":{"@id":"https:\/\/www.nedzink.com\/cs\/systemy-pro-odvodneni-strechy\/#breadcrumb"},"inLanguage":"cs","potentialAction":[{"@type":"ReadAction","target":["https:\/\/www.nedzink.com\/cs\/systemy-pro-odvodneni-strechy\/"]}]},{"@type":"BreadcrumbList","@id":"https:\/\/www.nedzink.com\/cs\/systemy-pro-odvodneni-strechy\/#breadcrumb","itemListElement":[{"@type":"ListItem","position":1,"name":"Home","item":"https:\/\/www.nedzink.com\/cs\/"},{"@type":"ListItem","position":2,"name":"Syst\u00e9my pro odvodn\u011bn\u00ed st\u0159echy"}]},{"@type":"WebSite","@id":"https:\/\/www.nedzink.com\/cs\/#website","url":"https:\/\/www.nedzink.com\/cs\/","name":"NedZink","description":"Zink fabrikant","publisher":{"@id":"https:\/\/www.nedzink.com\/cs\/#organization"},"potentialAction":[{"@type":"SearchAction","target":{"@type":"EntryPoint","urlTemplate":"https:\/\/www.nedzink.com\/cs\/?s={search_term_string}"},"query-input":{"@type":"PropertyValueSpecification","valueRequired":true,"valueName":"search_term_string"}}],"inLanguage":"cs"},{"@type":"Organization","@id":"https:\/\/www.nedzink.com\/cs\/#organization","name":"NedZink","url":"https:\/\/www.nedzink.com\/cs\/","logo":{"@type":"ImageObject","inLanguage":"cs","@id":"https:\/\/www.nedzink.com\/cs\/#\/schema\/logo\/image\/","url":"https:\/\/www.nedzink.com\/wp-content\/uploads\/2019\/08\/logo-nedzink_fc_zk.jpg","contentUrl":"https:\/\/www.nedzink.com\/wp-content\/uploads\/2019\/08\/logo-nedzink_fc_zk.jpg","width":2160,"height":688,"caption":"NedZink"},"image":{"@id":"https:\/\/www.nedzink.com\/cs\/#\/schema\/logo\/image\/"}}]}},"_links":{"self":[{"href":"https:\/\/www.nedzink.com\/cs\/wp-json\/wp\/v2\/pages\/31107","targetHints":{"allow":["GET"]}}],"collection":[{"href":"https:\/\/www.nedzink.com\/cs\/wp-json\/wp\/v2\/pages"}],"about":[{"href":"https:\/\/www.nedzink.com\/cs\/wp-json\/wp\/v2\/types\/page"}],"author":[{"embeddable":true,"href":"https:\/\/www.nedzink.com\/cs\/wp-json\/wp\/v2\/users\/9"}],"replies":[{"embeddable":true,"href":"https:\/\/www.nedzink.com\/cs\/wp-json\/wp\/v2\/comments?post=31107"}],"version-history":[{"count":0,"href":"https:\/\/www.nedzink.com\/cs\/wp-json\/wp\/v2\/pages\/31107\/revisions"}],"wp:attachment":[{"href":"https:\/\/www.nedzink.com\/cs\/wp-json\/wp\/v2\/media?parent=31107"}],"curies":[{"name":"wp","href":"https:\/\/api.w.org\/{rel}","templated":true}]}}