{"id":31097,"date":"2019-06-04T14:56:24","date_gmt":"2019-06-04T12:56:24","guid":{"rendered":"http:\/\/136.144.181.85\/~nedzink\/technicke-info\/stavebni-prvky\/stavebni-profily-zvlastni-profily\/"},"modified":"2019-06-04T14:56:24","modified_gmt":"2019-06-04T12:56:24","slug":"stavebni-profily-zvlastni-profily","status":"publish","type":"page","link":"https:\/\/www.nedzink.com\/cs\/stavebni-prvky\/stavebni-profily-zvlastni-profily\/","title":{"rendered":"Stavebn\u00ed profily, zvl\u00e1\u0161tn\u00ed profily"},"content":{"rendered":"<div class=\"contentStyle\" style=\"margin: 10px 0px\">\n<p>\n\t\t&nbsp;<\/p>\n<p>\n\t\tKrom\u011b profil\u016f popisovan&yacute;ch v jin&yacute;ch kapitol&aacute;ch je mo\u017en&eacute; dodat tak&eacute; dal&scaron;&iacute; v&yacute;robky, kter&eacute; lze vyrobit v libovoln&yacute;ch tvarech. V&yacute;sledn&yacute; tvar profilu se \u0159&iacute;d&iacute; podle mo\u017enost&iacute; v&yacute;robn&iacute;ch stroj\u016f.<\/p>\n<p>\n\t\t<strong>Lisovan&eacute; profily<\/strong><\/p>\n<p>\n\t\tZde doch&aacute;z&iacute; ke tvarov&aacute;n&iacute; plechu pod vysok&yacute;m tlakem. Lisov&aacute;n&iacute; se p\u016fvodn\u011b prov&aacute;d\u011blo pomoc&iacute; t\u011b\u017ek&yacute;ch kladiv. Dnes je v&scaron;ak v&yacute;roba lisovan&yacute;ch profil\u016f z&aacute;le\u017eitost&iacute; modern&iacute;ch lis\u016f.<\/p>\n<p>\n\t\tP\u0159&iacute;klady: &scaron;indelov&eacute; plechy, \u017ealuzie &ndash; ochrann&eacute; plechy<\/p>\n<p>\n\t\t<strong>Tla\u010den&eacute; profily<\/strong><\/p>\n<p>\n\t\tTla\u010den&iacute;m se vyr&aacute;b\u011bj&iacute; zaoblen&eacute; tvary se symetrick&yacute;mi stranami. Plech je napnut&yacute; na rotuj&iacute;c&iacute; h\u0159&iacute;del a pomoc&iacute; ty\u010de z tvrd&eacute;ho d\u0159eva se &bdquo;tla\u010d&iacute;&ldquo; p\u0159es op\u011brnou desku do po\u017eadovan&eacute;ho tvaru.<\/p>\n<p>\n\t\tP\u0159&iacute;klad: polokoule\/koule<\/p>\n<p>\n\t\t<strong>Profily z hranic&iacute;ch lis\u016f<\/strong><\/p>\n<p>\n\t\tDodate\u010dn\u011b k profil\u016fm vyroben&yacute;m obvykl&yacute;mi hranic&iacute;mi p\u0159&iacute;pravky lze pou\u017e&iacute;t pro v&yacute;robu komplikovan&yacute;ch hran tak&eacute; hranic&iacute; lisy.<\/p>\n<p>\tP\u0159&iacute;klad: p\u0159ipojovac&iacute; profily s n\u011bkolika hranami 180 stup\u0148\u016f.<\/p><\/div>\n","protected":false},"excerpt":{"rendered":"<p>&nbsp; Krom\u011b profil\u016f popisovan&yacute;ch v jin&yacute;ch kapitol&aacute;ch je mo\u017en&eacute; dodat tak&eacute; dal&scaron;&iacute; v&yacute;robky, kter&eacute; lze vyrobit v libovoln&yacute;ch tvarech. V&yacute;sledn&yacute; tvar profilu se \u0159&iacute;d&iacute; podle mo\u017enost&iacute; v&yacute;robn&iacute;ch stroj\u016f. Lisovan&eacute; profily Zde doch&aacute;z&iacute; ke tvarov&aacute;n&iacute; plechu pod vysok&yacute;m tlakem. Lisov&aacute;n&iacute; se p\u016fvodn\u011b prov&aacute;d\u011blo pomoc&iacute; t\u011b\u017ek&yacute;ch kladiv. Dnes je v&scaron;ak v&yacute;roba lisovan&yacute;ch profil\u016f z&aacute;le\u017eitost&iacute; modern&iacute;ch lis\u016f. P\u0159&iacute;klady: [&hellip;]<\/p>\n","protected":false},"author":9,"featured_media":0,"parent":31007,"menu_order":1080,"comment_status":"closed","ping_status":"closed","template":"template-import.php","meta":{"_acf_changed":false,"footnotes":""},"class_list":["post-31097","page","type-page","status-publish","hentry"],"acf":[],"yoast_head":"<!-- This site is optimized with the Yoast SEO plugin v26.8 - https:\/\/yoast.com\/product\/yoast-seo-wordpress\/ -->\n<title>Stavebn\u00ed profily, zvl\u00e1\u0161tn\u00ed profily \u2013 NedZink<\/title>\n<meta name=\"robots\" content=\"index, follow, max-snippet:-1, max-image-preview:large, max-video-preview:-1\" \/>\n<link rel=\"canonical\" href=\"https:\/\/www.nedzink.com\/cs\/stavebni-prvky\/stavebni-profily-zvlastni-profily\/\" \/>\n<meta property=\"og:locale\" content=\"cs_CZ\" \/>\n<meta property=\"og:type\" content=\"article\" \/>\n<meta property=\"og:title\" content=\"Stavebn\u00ed profily, zvl\u00e1\u0161tn\u00ed profily \u2013 NedZink\" \/>\n<meta property=\"og:description\" content=\"&nbsp; Krom\u011b profil\u016f popisovan&yacute;ch v jin&yacute;ch kapitol&aacute;ch je mo\u017en&eacute; dodat tak&eacute; dal&scaron;&iacute; v&yacute;robky, kter&eacute; lze vyrobit v libovoln&yacute;ch tvarech. V&yacute;sledn&yacute; tvar profilu se \u0159&iacute;d&iacute; podle mo\u017enost&iacute; v&yacute;robn&iacute;ch stroj\u016f. Lisovan&eacute; profily Zde doch&aacute;z&iacute; ke tvarov&aacute;n&iacute; plechu pod vysok&yacute;m tlakem. Lisov&aacute;n&iacute; se p\u016fvodn\u011b prov&aacute;d\u011blo pomoc&iacute; t\u011b\u017ek&yacute;ch kladiv. Dnes je v&scaron;ak v&yacute;roba lisovan&yacute;ch profil\u016f z&aacute;le\u017eitost&iacute; modern&iacute;ch lis\u016f. P\u0159&iacute;klady: [&hellip;]\" \/>\n<meta property=\"og:url\" content=\"https:\/\/www.nedzink.com\/cs\/stavebni-prvky\/stavebni-profily-zvlastni-profily\/\" \/>\n<meta property=\"og:site_name\" content=\"NedZink\" \/>\n<meta name=\"twitter:card\" content=\"summary_large_image\" \/>\n<meta name=\"twitter:label1\" content=\"Odhadovan\u00e1 doba \u010dten\u00ed\" \/>\n\t<meta name=\"twitter:data1\" content=\"1 minuta\" \/>\n<script type=\"application\/ld+json\" class=\"yoast-schema-graph\">{\"@context\":\"https:\/\/schema.org\",\"@graph\":[{\"@type\":\"WebPage\",\"@id\":\"https:\/\/www.nedzink.com\/cs\/stavebni-prvky\/stavebni-profily-zvlastni-profily\/\",\"url\":\"https:\/\/www.nedzink.com\/cs\/stavebni-prvky\/stavebni-profily-zvlastni-profily\/\",\"name\":\"Stavebn\u00ed profily, zvl\u00e1\u0161tn\u00ed profily \u2013 NedZink\",\"isPartOf\":{\"@id\":\"https:\/\/www.nedzink.com\/cs\/#website\"},\"datePublished\":\"2019-06-04T12:56:24+00:00\",\"breadcrumb\":{\"@id\":\"https:\/\/www.nedzink.com\/cs\/stavebni-prvky\/stavebni-profily-zvlastni-profily\/#breadcrumb\"},\"inLanguage\":\"cs\",\"potentialAction\":[{\"@type\":\"ReadAction\",\"target\":[\"https:\/\/www.nedzink.com\/cs\/stavebni-prvky\/stavebni-profily-zvlastni-profily\/\"]}]},{\"@type\":\"BreadcrumbList\",\"@id\":\"https:\/\/www.nedzink.com\/cs\/stavebni-prvky\/stavebni-profily-zvlastni-profily\/#breadcrumb\",\"itemListElement\":[{\"@type\":\"ListItem\",\"position\":1,\"name\":\"Home\",\"item\":\"https:\/\/www.nedzink.com\/cs\/\"},{\"@type\":\"ListItem\",\"position\":2,\"name\":\"Stavebn\u00ed prvky\",\"item\":\"https:\/\/www.nedzink.com\/cs\/stavebni-prvky\/\"},{\"@type\":\"ListItem\",\"position\":3,\"name\":\"Stavebn\u00ed profily, zvl\u00e1\u0161tn\u00ed profily\"}]},{\"@type\":\"WebSite\",\"@id\":\"https:\/\/www.nedzink.com\/cs\/#website\",\"url\":\"https:\/\/www.nedzink.com\/cs\/\",\"name\":\"NedZink\",\"description\":\"Zink fabrikant\",\"publisher\":{\"@id\":\"https:\/\/www.nedzink.com\/cs\/#organization\"},\"potentialAction\":[{\"@type\":\"SearchAction\",\"target\":{\"@type\":\"EntryPoint\",\"urlTemplate\":\"https:\/\/www.nedzink.com\/cs\/?s={search_term_string}\"},\"query-input\":{\"@type\":\"PropertyValueSpecification\",\"valueRequired\":true,\"valueName\":\"search_term_string\"}}],\"inLanguage\":\"cs\"},{\"@type\":\"Organization\",\"@id\":\"https:\/\/www.nedzink.com\/cs\/#organization\",\"name\":\"NedZink\",\"url\":\"https:\/\/www.nedzink.com\/cs\/\",\"logo\":{\"@type\":\"ImageObject\",\"inLanguage\":\"cs\",\"@id\":\"https:\/\/www.nedzink.com\/cs\/#\/schema\/logo\/image\/\",\"url\":\"https:\/\/www.nedzink.com\/wp-content\/uploads\/2019\/08\/logo-nedzink_fc_zk.jpg\",\"contentUrl\":\"https:\/\/www.nedzink.com\/wp-content\/uploads\/2019\/08\/logo-nedzink_fc_zk.jpg\",\"width\":2160,\"height\":688,\"caption\":\"NedZink\"},\"image\":{\"@id\":\"https:\/\/www.nedzink.com\/cs\/#\/schema\/logo\/image\/\"}}]}<\/script>\n<!-- \/ Yoast SEO plugin. -->","yoast_head_json":{"title":"Stavebn\u00ed profily, zvl\u00e1\u0161tn\u00ed profily \u2013 NedZink","robots":{"index":"index","follow":"follow","max-snippet":"max-snippet:-1","max-image-preview":"max-image-preview:large","max-video-preview":"max-video-preview:-1"},"canonical":"https:\/\/www.nedzink.com\/cs\/stavebni-prvky\/stavebni-profily-zvlastni-profily\/","og_locale":"cs_CZ","og_type":"article","og_title":"Stavebn\u00ed profily, zvl\u00e1\u0161tn\u00ed profily \u2013 NedZink","og_description":"&nbsp; Krom\u011b profil\u016f popisovan&yacute;ch v jin&yacute;ch kapitol&aacute;ch je mo\u017en&eacute; dodat tak&eacute; dal&scaron;&iacute; v&yacute;robky, kter&eacute; lze vyrobit v libovoln&yacute;ch tvarech. V&yacute;sledn&yacute; tvar profilu se \u0159&iacute;d&iacute; podle mo\u017enost&iacute; v&yacute;robn&iacute;ch stroj\u016f. Lisovan&eacute; profily Zde doch&aacute;z&iacute; ke tvarov&aacute;n&iacute; plechu pod vysok&yacute;m tlakem. Lisov&aacute;n&iacute; se p\u016fvodn\u011b prov&aacute;d\u011blo pomoc&iacute; t\u011b\u017ek&yacute;ch kladiv. Dnes je v&scaron;ak v&yacute;roba lisovan&yacute;ch profil\u016f z&aacute;le\u017eitost&iacute; modern&iacute;ch lis\u016f. P\u0159&iacute;klady: [&hellip;]","og_url":"https:\/\/www.nedzink.com\/cs\/stavebni-prvky\/stavebni-profily-zvlastni-profily\/","og_site_name":"NedZink","twitter_card":"summary_large_image","twitter_misc":{"Odhadovan\u00e1 doba \u010dten\u00ed":"1 minuta"},"schema":{"@context":"https:\/\/schema.org","@graph":[{"@type":"WebPage","@id":"https:\/\/www.nedzink.com\/cs\/stavebni-prvky\/stavebni-profily-zvlastni-profily\/","url":"https:\/\/www.nedzink.com\/cs\/stavebni-prvky\/stavebni-profily-zvlastni-profily\/","name":"Stavebn\u00ed profily, zvl\u00e1\u0161tn\u00ed profily \u2013 NedZink","isPartOf":{"@id":"https:\/\/www.nedzink.com\/cs\/#website"},"datePublished":"2019-06-04T12:56:24+00:00","breadcrumb":{"@id":"https:\/\/www.nedzink.com\/cs\/stavebni-prvky\/stavebni-profily-zvlastni-profily\/#breadcrumb"},"inLanguage":"cs","potentialAction":[{"@type":"ReadAction","target":["https:\/\/www.nedzink.com\/cs\/stavebni-prvky\/stavebni-profily-zvlastni-profily\/"]}]},{"@type":"BreadcrumbList","@id":"https:\/\/www.nedzink.com\/cs\/stavebni-prvky\/stavebni-profily-zvlastni-profily\/#breadcrumb","itemListElement":[{"@type":"ListItem","position":1,"name":"Home","item":"https:\/\/www.nedzink.com\/cs\/"},{"@type":"ListItem","position":2,"name":"Stavebn\u00ed prvky","item":"https:\/\/www.nedzink.com\/cs\/stavebni-prvky\/"},{"@type":"ListItem","position":3,"name":"Stavebn\u00ed profily, zvl\u00e1\u0161tn\u00ed profily"}]},{"@type":"WebSite","@id":"https:\/\/www.nedzink.com\/cs\/#website","url":"https:\/\/www.nedzink.com\/cs\/","name":"NedZink","description":"Zink fabrikant","publisher":{"@id":"https:\/\/www.nedzink.com\/cs\/#organization"},"potentialAction":[{"@type":"SearchAction","target":{"@type":"EntryPoint","urlTemplate":"https:\/\/www.nedzink.com\/cs\/?s={search_term_string}"},"query-input":{"@type":"PropertyValueSpecification","valueRequired":true,"valueName":"search_term_string"}}],"inLanguage":"cs"},{"@type":"Organization","@id":"https:\/\/www.nedzink.com\/cs\/#organization","name":"NedZink","url":"https:\/\/www.nedzink.com\/cs\/","logo":{"@type":"ImageObject","inLanguage":"cs","@id":"https:\/\/www.nedzink.com\/cs\/#\/schema\/logo\/image\/","url":"https:\/\/www.nedzink.com\/wp-content\/uploads\/2019\/08\/logo-nedzink_fc_zk.jpg","contentUrl":"https:\/\/www.nedzink.com\/wp-content\/uploads\/2019\/08\/logo-nedzink_fc_zk.jpg","width":2160,"height":688,"caption":"NedZink"},"image":{"@id":"https:\/\/www.nedzink.com\/cs\/#\/schema\/logo\/image\/"}}]}},"_links":{"self":[{"href":"https:\/\/www.nedzink.com\/cs\/wp-json\/wp\/v2\/pages\/31097","targetHints":{"allow":["GET"]}}],"collection":[{"href":"https:\/\/www.nedzink.com\/cs\/wp-json\/wp\/v2\/pages"}],"about":[{"href":"https:\/\/www.nedzink.com\/cs\/wp-json\/wp\/v2\/types\/page"}],"author":[{"embeddable":true,"href":"https:\/\/www.nedzink.com\/cs\/wp-json\/wp\/v2\/users\/9"}],"replies":[{"embeddable":true,"href":"https:\/\/www.nedzink.com\/cs\/wp-json\/wp\/v2\/comments?post=31097"}],"version-history":[{"count":0,"href":"https:\/\/www.nedzink.com\/cs\/wp-json\/wp\/v2\/pages\/31097\/revisions"}],"up":[{"embeddable":true,"href":"https:\/\/www.nedzink.com\/cs\/wp-json\/wp\/v2\/pages\/31007"}],"wp:attachment":[{"href":"https:\/\/www.nedzink.com\/cs\/wp-json\/wp\/v2\/media?parent=31097"}],"curies":[{"name":"wp","href":"https:\/\/api.w.org\/{rel}","templated":true}]}}