{"id":31077,"date":"2019-06-04T14:56:19","date_gmt":"2019-06-04T12:56:19","guid":{"rendered":"http:\/\/136.144.181.85\/~nedzink\/technicke-info\/stavebni-prvky\/oplechovani-okennich-ramu-stresni-okna-pro-obytne-prostory\/"},"modified":"2019-06-04T14:56:19","modified_gmt":"2019-06-04T12:56:19","slug":"oplechovani-okennich-ramu-stresni-okna-pro-obytne-prostory","status":"publish","type":"page","link":"https:\/\/www.nedzink.com\/cs\/stavebni-prvky\/oplechovani-okennich-ramu-stresni-okna-pro-obytne-prostory\/","title":{"rendered":"Oplechov\u00e1n\u00ed okenn\u00edch r\u00e1m\u016f \u2013 st\u0159e\u0161n\u00ed okna pro obytn\u00e9 prostory"},"content":{"rendered":"<p>\n\t<a class=\"RTE_URL_MEDIACAT_Link\" href=\"http:\/\/www.nedzink.nl\/media\/technisch_advies\/66_dachwohnraumfenster-1.jpg\" target=\"_blank\" title=\"http:\/\/www.nedzink.nl\/media\/technisch_advies\/66_dachwohnraumfenster-1.jpg\" rel=\"noopener noreferrer\"><img decoding=\"async\" alt=\"\" src=\"https:\/\/www.nedzink.com\/wp-content\/uploads\/import\/cms\/userfiles\/images\/66_dachwohnraumfenster-1__custom_.jpg\" style=\"border-bottom: 0px solid; border-left: 0px solid; width: 250px; float: left; height: 250px; border-top: 0px solid; margin-right: 10px; border-right: 0px solid\" \/><\/a><\/p>\n<p>\n\tPro \u0159e&scaron;en&iacute; detailu oplechov&aacute;n&iacute; st\u0159e&scaron;n&iacute;ch oken jsou k dispozici jak varianty pomoc&iacute; dr&aacute;\u017eek, tak i z v&yacute;roby p\u0159edem zhotoven&eacute; profilovan&eacute; p\u0159ipojovac&iacute; r&aacute;my. Kter&aacute; varianta bude zvolena, se mus&iacute; rozhodnout v\u017edy s ohledem na danou zak&aacute;zku.<\/p>\n","protected":false},"excerpt":{"rendered":"<p>Pro \u0159e&scaron;en&iacute; detailu oplechov&aacute;n&iacute; st\u0159e&scaron;n&iacute;ch oken jsou k dispozici jak varianty pomoc&iacute; dr&aacute;\u017eek, tak i z v&yacute;roby p\u0159edem zhotoven&eacute; profilovan&eacute; p\u0159ipojovac&iacute; r&aacute;my. Kter&aacute; varianta bude zvolena, se mus&iacute; rozhodnout v\u017edy s ohledem na danou zak&aacute;zku.<\/p>\n","protected":false},"author":9,"featured_media":0,"parent":31007,"menu_order":1060,"comment_status":"closed","ping_status":"closed","template":"template-import.php","meta":{"_acf_changed":false,"footnotes":""},"class_list":["post-31077","page","type-page","status-publish","hentry"],"acf":[],"yoast_head":"<!-- This site is optimized with the Yoast SEO plugin v26.8 - https:\/\/yoast.com\/product\/yoast-seo-wordpress\/ -->\n<title>Oplechov\u00e1n\u00ed okenn\u00edch r\u00e1m\u016f \u2013 st\u0159e\u0161n\u00ed okna pro obytn\u00e9 prostory \u2013 NedZink<\/title>\n<meta name=\"robots\" content=\"index, follow, max-snippet:-1, max-image-preview:large, max-video-preview:-1\" \/>\n<link rel=\"canonical\" href=\"https:\/\/www.nedzink.com\/cs\/stavebni-prvky\/oplechovani-okennich-ramu-stresni-okna-pro-obytne-prostory\/\" \/>\n<meta property=\"og:locale\" content=\"cs_CZ\" \/>\n<meta property=\"og:type\" content=\"article\" \/>\n<meta property=\"og:title\" content=\"Oplechov\u00e1n\u00ed okenn\u00edch r\u00e1m\u016f \u2013 st\u0159e\u0161n\u00ed okna pro obytn\u00e9 prostory \u2013 NedZink\" \/>\n<meta property=\"og:description\" content=\"Pro \u0159e&scaron;en&iacute; detailu oplechov&aacute;n&iacute; st\u0159e&scaron;n&iacute;ch oken jsou k dispozici jak varianty pomoc&iacute; dr&aacute;\u017eek, tak i z v&yacute;roby p\u0159edem zhotoven&eacute; profilovan&eacute; p\u0159ipojovac&iacute; r&aacute;my. Kter&aacute; varianta bude zvolena, se mus&iacute; rozhodnout v\u017edy s ohledem na danou zak&aacute;zku.\" \/>\n<meta property=\"og:url\" content=\"https:\/\/www.nedzink.com\/cs\/stavebni-prvky\/oplechovani-okennich-ramu-stresni-okna-pro-obytne-prostory\/\" \/>\n<meta property=\"og:site_name\" content=\"NedZink\" \/>\n<meta property=\"og:image\" content=\"https:\/\/www.nedzink.com\/wp-content\/uploads\/import\/cms\/userfiles\/images\/66_dachwohnraumfenster-1__custom_.jpg\" \/>\n<meta name=\"twitter:card\" content=\"summary_large_image\" \/>\n<script type=\"application\/ld+json\" class=\"yoast-schema-graph\">{\"@context\":\"https:\/\/schema.org\",\"@graph\":[{\"@type\":\"WebPage\",\"@id\":\"https:\/\/www.nedzink.com\/cs\/stavebni-prvky\/oplechovani-okennich-ramu-stresni-okna-pro-obytne-prostory\/\",\"url\":\"https:\/\/www.nedzink.com\/cs\/stavebni-prvky\/oplechovani-okennich-ramu-stresni-okna-pro-obytne-prostory\/\",\"name\":\"Oplechov\u00e1n\u00ed okenn\u00edch r\u00e1m\u016f \u2013 st\u0159e\u0161n\u00ed okna pro obytn\u00e9 prostory \u2013 NedZink\",\"isPartOf\":{\"@id\":\"https:\/\/www.nedzink.com\/cs\/#website\"},\"primaryImageOfPage\":{\"@id\":\"https:\/\/www.nedzink.com\/cs\/stavebni-prvky\/oplechovani-okennich-ramu-stresni-okna-pro-obytne-prostory\/#primaryimage\"},\"image\":{\"@id\":\"https:\/\/www.nedzink.com\/cs\/stavebni-prvky\/oplechovani-okennich-ramu-stresni-okna-pro-obytne-prostory\/#primaryimage\"},\"thumbnailUrl\":\"https:\/\/www.nedzink.com\/wp-content\/uploads\/import\/cms\/userfiles\/images\/66_dachwohnraumfenster-1__custom_.jpg\",\"datePublished\":\"2019-06-04T12:56:19+00:00\",\"breadcrumb\":{\"@id\":\"https:\/\/www.nedzink.com\/cs\/stavebni-prvky\/oplechovani-okennich-ramu-stresni-okna-pro-obytne-prostory\/#breadcrumb\"},\"inLanguage\":\"cs\",\"potentialAction\":[{\"@type\":\"ReadAction\",\"target\":[\"https:\/\/www.nedzink.com\/cs\/stavebni-prvky\/oplechovani-okennich-ramu-stresni-okna-pro-obytne-prostory\/\"]}]},{\"@type\":\"ImageObject\",\"inLanguage\":\"cs\",\"@id\":\"https:\/\/www.nedzink.com\/cs\/stavebni-prvky\/oplechovani-okennich-ramu-stresni-okna-pro-obytne-prostory\/#primaryimage\",\"url\":\"https:\/\/www.nedzink.com\/wp-content\/uploads\/import\/cms\/userfiles\/images\/66_dachwohnraumfenster-1__custom_.jpg\",\"contentUrl\":\"https:\/\/www.nedzink.com\/wp-content\/uploads\/import\/cms\/userfiles\/images\/66_dachwohnraumfenster-1__custom_.jpg\"},{\"@type\":\"BreadcrumbList\",\"@id\":\"https:\/\/www.nedzink.com\/cs\/stavebni-prvky\/oplechovani-okennich-ramu-stresni-okna-pro-obytne-prostory\/#breadcrumb\",\"itemListElement\":[{\"@type\":\"ListItem\",\"position\":1,\"name\":\"Home\",\"item\":\"https:\/\/www.nedzink.com\/cs\/\"},{\"@type\":\"ListItem\",\"position\":2,\"name\":\"Stavebn\u00ed prvky\",\"item\":\"https:\/\/www.nedzink.com\/cs\/stavebni-prvky\/\"},{\"@type\":\"ListItem\",\"position\":3,\"name\":\"Oplechov\u00e1n\u00ed okenn\u00edch r\u00e1m\u016f \u2013 st\u0159e\u0161n\u00ed okna pro obytn\u00e9 prostory\"}]},{\"@type\":\"WebSite\",\"@id\":\"https:\/\/www.nedzink.com\/cs\/#website\",\"url\":\"https:\/\/www.nedzink.com\/cs\/\",\"name\":\"NedZink\",\"description\":\"Zink fabrikant\",\"publisher\":{\"@id\":\"https:\/\/www.nedzink.com\/cs\/#organization\"},\"potentialAction\":[{\"@type\":\"SearchAction\",\"target\":{\"@type\":\"EntryPoint\",\"urlTemplate\":\"https:\/\/www.nedzink.com\/cs\/?s={search_term_string}\"},\"query-input\":{\"@type\":\"PropertyValueSpecification\",\"valueRequired\":true,\"valueName\":\"search_term_string\"}}],\"inLanguage\":\"cs\"},{\"@type\":\"Organization\",\"@id\":\"https:\/\/www.nedzink.com\/cs\/#organization\",\"name\":\"NedZink\",\"url\":\"https:\/\/www.nedzink.com\/cs\/\",\"logo\":{\"@type\":\"ImageObject\",\"inLanguage\":\"cs\",\"@id\":\"https:\/\/www.nedzink.com\/cs\/#\/schema\/logo\/image\/\",\"url\":\"https:\/\/www.nedzink.com\/wp-content\/uploads\/2019\/08\/logo-nedzink_fc_zk.jpg\",\"contentUrl\":\"https:\/\/www.nedzink.com\/wp-content\/uploads\/2019\/08\/logo-nedzink_fc_zk.jpg\",\"width\":2160,\"height\":688,\"caption\":\"NedZink\"},\"image\":{\"@id\":\"https:\/\/www.nedzink.com\/cs\/#\/schema\/logo\/image\/\"}}]}<\/script>\n<!-- \/ Yoast SEO plugin. -->","yoast_head_json":{"title":"Oplechov\u00e1n\u00ed okenn\u00edch r\u00e1m\u016f \u2013 st\u0159e\u0161n\u00ed okna pro obytn\u00e9 prostory \u2013 NedZink","robots":{"index":"index","follow":"follow","max-snippet":"max-snippet:-1","max-image-preview":"max-image-preview:large","max-video-preview":"max-video-preview:-1"},"canonical":"https:\/\/www.nedzink.com\/cs\/stavebni-prvky\/oplechovani-okennich-ramu-stresni-okna-pro-obytne-prostory\/","og_locale":"cs_CZ","og_type":"article","og_title":"Oplechov\u00e1n\u00ed okenn\u00edch r\u00e1m\u016f \u2013 st\u0159e\u0161n\u00ed okna pro obytn\u00e9 prostory \u2013 NedZink","og_description":"Pro \u0159e&scaron;en&iacute; detailu oplechov&aacute;n&iacute; st\u0159e&scaron;n&iacute;ch oken jsou k dispozici jak varianty pomoc&iacute; dr&aacute;\u017eek, tak i z v&yacute;roby p\u0159edem zhotoven&eacute; profilovan&eacute; p\u0159ipojovac&iacute; r&aacute;my. Kter&aacute; varianta bude zvolena, se mus&iacute; rozhodnout v\u017edy s ohledem na danou zak&aacute;zku.","og_url":"https:\/\/www.nedzink.com\/cs\/stavebni-prvky\/oplechovani-okennich-ramu-stresni-okna-pro-obytne-prostory\/","og_site_name":"NedZink","og_image":[{"url":"https:\/\/www.nedzink.com\/wp-content\/uploads\/import\/cms\/userfiles\/images\/66_dachwohnraumfenster-1__custom_.jpg","type":"","width":"","height":""}],"twitter_card":"summary_large_image","schema":{"@context":"https:\/\/schema.org","@graph":[{"@type":"WebPage","@id":"https:\/\/www.nedzink.com\/cs\/stavebni-prvky\/oplechovani-okennich-ramu-stresni-okna-pro-obytne-prostory\/","url":"https:\/\/www.nedzink.com\/cs\/stavebni-prvky\/oplechovani-okennich-ramu-stresni-okna-pro-obytne-prostory\/","name":"Oplechov\u00e1n\u00ed okenn\u00edch r\u00e1m\u016f \u2013 st\u0159e\u0161n\u00ed okna pro obytn\u00e9 prostory \u2013 NedZink","isPartOf":{"@id":"https:\/\/www.nedzink.com\/cs\/#website"},"primaryImageOfPage":{"@id":"https:\/\/www.nedzink.com\/cs\/stavebni-prvky\/oplechovani-okennich-ramu-stresni-okna-pro-obytne-prostory\/#primaryimage"},"image":{"@id":"https:\/\/www.nedzink.com\/cs\/stavebni-prvky\/oplechovani-okennich-ramu-stresni-okna-pro-obytne-prostory\/#primaryimage"},"thumbnailUrl":"https:\/\/www.nedzink.com\/wp-content\/uploads\/import\/cms\/userfiles\/images\/66_dachwohnraumfenster-1__custom_.jpg","datePublished":"2019-06-04T12:56:19+00:00","breadcrumb":{"@id":"https:\/\/www.nedzink.com\/cs\/stavebni-prvky\/oplechovani-okennich-ramu-stresni-okna-pro-obytne-prostory\/#breadcrumb"},"inLanguage":"cs","potentialAction":[{"@type":"ReadAction","target":["https:\/\/www.nedzink.com\/cs\/stavebni-prvky\/oplechovani-okennich-ramu-stresni-okna-pro-obytne-prostory\/"]}]},{"@type":"ImageObject","inLanguage":"cs","@id":"https:\/\/www.nedzink.com\/cs\/stavebni-prvky\/oplechovani-okennich-ramu-stresni-okna-pro-obytne-prostory\/#primaryimage","url":"https:\/\/www.nedzink.com\/wp-content\/uploads\/import\/cms\/userfiles\/images\/66_dachwohnraumfenster-1__custom_.jpg","contentUrl":"https:\/\/www.nedzink.com\/wp-content\/uploads\/import\/cms\/userfiles\/images\/66_dachwohnraumfenster-1__custom_.jpg"},{"@type":"BreadcrumbList","@id":"https:\/\/www.nedzink.com\/cs\/stavebni-prvky\/oplechovani-okennich-ramu-stresni-okna-pro-obytne-prostory\/#breadcrumb","itemListElement":[{"@type":"ListItem","position":1,"name":"Home","item":"https:\/\/www.nedzink.com\/cs\/"},{"@type":"ListItem","position":2,"name":"Stavebn\u00ed prvky","item":"https:\/\/www.nedzink.com\/cs\/stavebni-prvky\/"},{"@type":"ListItem","position":3,"name":"Oplechov\u00e1n\u00ed okenn\u00edch r\u00e1m\u016f \u2013 st\u0159e\u0161n\u00ed okna pro obytn\u00e9 prostory"}]},{"@type":"WebSite","@id":"https:\/\/www.nedzink.com\/cs\/#website","url":"https:\/\/www.nedzink.com\/cs\/","name":"NedZink","description":"Zink fabrikant","publisher":{"@id":"https:\/\/www.nedzink.com\/cs\/#organization"},"potentialAction":[{"@type":"SearchAction","target":{"@type":"EntryPoint","urlTemplate":"https:\/\/www.nedzink.com\/cs\/?s={search_term_string}"},"query-input":{"@type":"PropertyValueSpecification","valueRequired":true,"valueName":"search_term_string"}}],"inLanguage":"cs"},{"@type":"Organization","@id":"https:\/\/www.nedzink.com\/cs\/#organization","name":"NedZink","url":"https:\/\/www.nedzink.com\/cs\/","logo":{"@type":"ImageObject","inLanguage":"cs","@id":"https:\/\/www.nedzink.com\/cs\/#\/schema\/logo\/image\/","url":"https:\/\/www.nedzink.com\/wp-content\/uploads\/2019\/08\/logo-nedzink_fc_zk.jpg","contentUrl":"https:\/\/www.nedzink.com\/wp-content\/uploads\/2019\/08\/logo-nedzink_fc_zk.jpg","width":2160,"height":688,"caption":"NedZink"},"image":{"@id":"https:\/\/www.nedzink.com\/cs\/#\/schema\/logo\/image\/"}}]}},"_links":{"self":[{"href":"https:\/\/www.nedzink.com\/cs\/wp-json\/wp\/v2\/pages\/31077","targetHints":{"allow":["GET"]}}],"collection":[{"href":"https:\/\/www.nedzink.com\/cs\/wp-json\/wp\/v2\/pages"}],"about":[{"href":"https:\/\/www.nedzink.com\/cs\/wp-json\/wp\/v2\/types\/page"}],"author":[{"embeddable":true,"href":"https:\/\/www.nedzink.com\/cs\/wp-json\/wp\/v2\/users\/9"}],"replies":[{"embeddable":true,"href":"https:\/\/www.nedzink.com\/cs\/wp-json\/wp\/v2\/comments?post=31077"}],"version-history":[{"count":0,"href":"https:\/\/www.nedzink.com\/cs\/wp-json\/wp\/v2\/pages\/31077\/revisions"}],"up":[{"embeddable":true,"href":"https:\/\/www.nedzink.com\/cs\/wp-json\/wp\/v2\/pages\/31007"}],"wp:attachment":[{"href":"https:\/\/www.nedzink.com\/cs\/wp-json\/wp\/v2\/media?parent=31077"}],"curies":[{"name":"wp","href":"https:\/\/api.w.org\/{rel}","templated":true}]}}