{"id":31057,"date":"2019-06-04T14:56:13","date_gmt":"2019-06-04T12:56:13","guid":{"rendered":"http:\/\/136.144.181.85\/~nedzink\/technicke-info\/stavebni-prvky\/oplechovani-nadezdivek\/"},"modified":"2019-06-04T14:56:13","modified_gmt":"2019-06-04T12:56:13","slug":"oplechovani-nadezdivek","status":"publish","type":"page","link":"https:\/\/www.nedzink.com\/cs\/stavebni-prvky\/oplechovani-nadezdivek\/","title":{"rendered":"Oplechov\u00e1n\u00ed nadezd\u00edvek"},"content":{"rendered":"<p>\n\t&nbsp;<\/p>\n<p>\n\tStejn\u011b jako atiku je t\u0159eba chr&aacute;nit tak&eacute; nadezd&iacute;vky a voln\u011b stoj&iacute;c&iacute; zdivo proti soustavn&eacute;mu p\u016fsoben&iacute; vlhkosti. Jestli\u017ee tomu tak nen&iacute;, m\u016f\u017ee vzniknout ne\u017e&aacute;douc&iacute; pror\u016fst&aacute;n&iacute; zelen&iacute;, pl&iacute;sn\u011b a po&scaron;kozen&iacute; v d\u016fsledku p\u016fsoben&iacute; mrazu. Dlouhodobou ochranu nab&iacute;z&iacute; oplechov&aacute;n&iacute;, kter&eacute; se um&iacute;st&iacute; na horn&iacute; lic zdiva. P\u0159ipevn\u011bn&iacute; se m\u016f\u017ee prov&eacute;st jak p\u0159&iacute;mo, tak i nep\u0159&iacute;mo, jako je tomu tak&eacute; v p\u0159&iacute;pad\u011b atiky. Je nutn&eacute; dodr\u017eet minim&aacute;ln&iacute; sp&aacute;d 3&deg;.<\/p>\n<p>\n\tDoporu\u010duj&iacute; se n&aacute;sleduj&iacute;c&iacute; tlou&scaron;\u0165ky materi&aacute;lu:<\/p>\n<table align=\"middle\" border=\"1\" cellpadding=\"1\" cellspacing=\"1\" style=\"WIDTH: 500px\">\n<tbody>\n<tr>\n<td>\n<p align=\"center\">\n\t\t\t\t\t&nbsp;<\/p>\n<p align=\"center\">\n\t\t\t\t\tP\u0159&iacute;\u0159ez<\/p>\n<p align=\"center\">\n\t\t\t\t\tmm<\/p>\n<\/td>\n<td>\n<p align=\"center\">\n\t\t\t\t\tP\u0159ipevn\u011bn&iacute; lepic&iacute;mi p&aacute;skami<\/p>\n<\/td>\n<td>\n<p align=\"center\">\n\t\t\t\t\tP\u0159i lepen&eacute;m p\u0159ipevn\u011bn&iacute;<\/p>\n<\/td>\n<\/tr>\n<tr>\n<td>\n<p align=\"center\">\n\t\t\t\t\t&le; 400<\/p>\n<\/td>\n<td>\n<p align=\"center\">\n\t\t\t\t\t0,70 mm<\/p>\n<\/td>\n<td>\n<p align=\"center\">\n\t\t\t\t\t0,80 mm<\/p>\n<\/td>\n<\/tr>\n<tr>\n<td>\n<p align=\"center\">\n\t\t\t\t\t&gt; 400<\/p>\n<\/td>\n<td>\n<p align=\"center\">\n\t\t\t\t\t0,80 mm<\/p>\n<\/td>\n<td>\n<p align=\"center\">\n\t\t\t\t\t1,00 mm<\/p>\n<\/td>\n<\/tr>\n<tr>\n<td>\n<p align=\"center\">\n\t\t\t\t\t&gt; 600<\/p>\n<\/td>\n<td>\n<p align=\"center\">\n\t\t\t\t\t1,00 mm<\/p>\n<\/td>\n<td>\n<p align=\"center\">\n\t\t\t\t\t1,00 mm<\/p>\n<\/td>\n<\/tr>\n<\/tbody>\n<\/table>\n<p>\n\t&nbsp;<\/p>\n<p>\n\tV z&aacute;vislosti na v&yacute;&scaron;ce budovy m&aacute; m&iacute;t oplechov&aacute;n&iacute; zdiva n&aacute;sleduj&iacute;c&iacute; minim&aacute;ln&iacute; rozm\u011bry:<\/p>\n<table align=\"middle\" border=\"1\" cellpadding=\"1\" cellspacing=\"1\" style=\"WIDTH: 500px\">\n<tbody>\n<tr>\n<td>\n<p align=\"center\">\n\t\t\t\t\tV&yacute;&scaron;ka&nbsp;budovy<\/p>\n<\/td>\n<td>\n\t\t\t\tP\u0159ekryt&iacute; koruny zdiva sm\u011brem dol\u016f<\/td>\n<td>\n\t\t\t\tVzd&aacute;lenost okapnice od zdiva<\/td>\n<\/tr>\n<tr>\n<td>\n<p align=\"center\">\n\t\t\t\t\t&le;8<\/p>\n<\/td>\n<td>\n<p align=\"center\">\n\t\t\t\t\t&ge;50 mm<\/p>\n<\/td>\n<td>\n<p align=\"center\">\n\t\t\t\t\t&ge;20 mm<\/p>\n<\/td>\n<\/tr>\n<tr>\n<td>\n<p align=\"center\">\n\t\t\t\t\t&gt;8 &#8211; &le;20<\/p>\n<\/td>\n<td>\n<p align=\"center\">\n\t\t\t\t\t&ge;80 mm<\/p>\n<\/td>\n<td>\n<p align=\"center\">\n\t\t\t\t\t&ge;30 mm<\/p>\n<\/td>\n<\/tr>\n<tr>\n<td>\n<p align=\"center\">\n\t\t\t\t\t&gt;20 &#8211; &le;100<\/p>\n<\/td>\n<td>\n<p align=\"center\">\n\t\t\t\t\t&ge;1,00 mm<\/p>\n<\/td>\n<td>\n<p align=\"center\">\n\t\t\t\t\t&ge;40 mm<\/p>\n<\/td>\n<\/tr>\n<\/tbody>\n<\/table>\n<p>\n\t&nbsp;<\/p>\n<p>\n\tP\u0159i mont&aacute;\u017ei je pot\u0159eba d&aacute;vat pozor na to, aby dilata\u010dn&iacute; mezery byly dostate\u010dn&eacute; a materi&aacute;l mohl spr&aacute;vn\u011b reagovat na zm\u011bny rozm\u011br\u016f zp\u016fsoben&eacute; p\u016fsoben&iacute;m okoln&iacute;ch teplot. Pro oplechov&aacute;n&iacute; zdiva plat&iacute; n&aacute;sleduj&iacute;c&iacute; rozm\u011bry dilata\u010dn&iacute;ch prvk\u016f:<\/p>\n<ul>\n<li style=\"margin-left: 18pt; \">\n\t\tP\u0159&iacute;\u0159ez &le; 500 mm&#8211;&gt; max. 12 m<\/li>\n<li style=\"margin-left: 18pt; \">\n\t\tP\u0159&iacute;\u0159ez &gt; 500 mm&#8211;&gt; max. 9 m<\/li>\n<\/ul>\n","protected":false},"excerpt":{"rendered":"<p>&nbsp; Stejn\u011b jako atiku je t\u0159eba chr&aacute;nit tak&eacute; nadezd&iacute;vky a voln\u011b stoj&iacute;c&iacute; zdivo proti soustavn&eacute;mu p\u016fsoben&iacute; vlhkosti. Jestli\u017ee tomu tak nen&iacute;, m\u016f\u017ee vzniknout ne\u017e&aacute;douc&iacute; pror\u016fst&aacute;n&iacute; zelen&iacute;, pl&iacute;sn\u011b a po&scaron;kozen&iacute; v d\u016fsledku p\u016fsoben&iacute; mrazu. Dlouhodobou ochranu nab&iacute;z&iacute; oplechov&aacute;n&iacute;, kter&eacute; se um&iacute;st&iacute; na horn&iacute; lic zdiva. P\u0159ipevn\u011bn&iacute; se m\u016f\u017ee prov&eacute;st jak p\u0159&iacute;mo, tak i nep\u0159&iacute;mo, jako je [&hellip;]<\/p>\n","protected":false},"author":9,"featured_media":0,"parent":31007,"menu_order":1040,"comment_status":"closed","ping_status":"closed","template":"template-import.php","meta":{"_acf_changed":false,"footnotes":""},"class_list":["post-31057","page","type-page","status-publish","hentry"],"acf":[],"yoast_head":"<!-- This site is optimized with the Yoast SEO plugin v26.8 - https:\/\/yoast.com\/product\/yoast-seo-wordpress\/ -->\n<title>Oplechov\u00e1n\u00ed nadezd\u00edvek &#8211; NedZink<\/title>\n<meta name=\"robots\" content=\"index, follow, max-snippet:-1, max-image-preview:large, max-video-preview:-1\" \/>\n<link rel=\"canonical\" href=\"https:\/\/www.nedzink.com\/cs\/stavebni-prvky\/oplechovani-nadezdivek\/\" \/>\n<meta property=\"og:locale\" content=\"cs_CZ\" \/>\n<meta property=\"og:type\" content=\"article\" \/>\n<meta property=\"og:title\" content=\"Oplechov\u00e1n\u00ed nadezd\u00edvek &#8211; NedZink\" \/>\n<meta property=\"og:description\" content=\"&nbsp; Stejn\u011b jako atiku je t\u0159eba chr&aacute;nit tak&eacute; nadezd&iacute;vky a voln\u011b stoj&iacute;c&iacute; zdivo proti soustavn&eacute;mu p\u016fsoben&iacute; vlhkosti. Jestli\u017ee tomu tak nen&iacute;, m\u016f\u017ee vzniknout ne\u017e&aacute;douc&iacute; pror\u016fst&aacute;n&iacute; zelen&iacute;, pl&iacute;sn\u011b a po&scaron;kozen&iacute; v d\u016fsledku p\u016fsoben&iacute; mrazu. Dlouhodobou ochranu nab&iacute;z&iacute; oplechov&aacute;n&iacute;, kter&eacute; se um&iacute;st&iacute; na horn&iacute; lic zdiva. P\u0159ipevn\u011bn&iacute; se m\u016f\u017ee prov&eacute;st jak p\u0159&iacute;mo, tak i nep\u0159&iacute;mo, jako je [&hellip;]\" \/>\n<meta property=\"og:url\" content=\"https:\/\/www.nedzink.com\/cs\/stavebni-prvky\/oplechovani-nadezdivek\/\" \/>\n<meta property=\"og:site_name\" content=\"NedZink\" \/>\n<meta name=\"twitter:card\" content=\"summary_large_image\" \/>\n<meta name=\"twitter:label1\" content=\"Odhadovan\u00e1 doba \u010dten\u00ed\" \/>\n\t<meta name=\"twitter:data1\" content=\"2 minuty\" \/>\n<script type=\"application\/ld+json\" class=\"yoast-schema-graph\">{\"@context\":\"https:\/\/schema.org\",\"@graph\":[{\"@type\":\"WebPage\",\"@id\":\"https:\/\/www.nedzink.com\/cs\/stavebni-prvky\/oplechovani-nadezdivek\/\",\"url\":\"https:\/\/www.nedzink.com\/cs\/stavebni-prvky\/oplechovani-nadezdivek\/\",\"name\":\"Oplechov\u00e1n\u00ed nadezd\u00edvek &#8211; NedZink\",\"isPartOf\":{\"@id\":\"https:\/\/www.nedzink.com\/cs\/#website\"},\"datePublished\":\"2019-06-04T12:56:13+00:00\",\"breadcrumb\":{\"@id\":\"https:\/\/www.nedzink.com\/cs\/stavebni-prvky\/oplechovani-nadezdivek\/#breadcrumb\"},\"inLanguage\":\"cs\",\"potentialAction\":[{\"@type\":\"ReadAction\",\"target\":[\"https:\/\/www.nedzink.com\/cs\/stavebni-prvky\/oplechovani-nadezdivek\/\"]}]},{\"@type\":\"BreadcrumbList\",\"@id\":\"https:\/\/www.nedzink.com\/cs\/stavebni-prvky\/oplechovani-nadezdivek\/#breadcrumb\",\"itemListElement\":[{\"@type\":\"ListItem\",\"position\":1,\"name\":\"Home\",\"item\":\"https:\/\/www.nedzink.com\/cs\/\"},{\"@type\":\"ListItem\",\"position\":2,\"name\":\"Stavebn\u00ed prvky\",\"item\":\"https:\/\/www.nedzink.com\/cs\/stavebni-prvky\/\"},{\"@type\":\"ListItem\",\"position\":3,\"name\":\"Oplechov\u00e1n\u00ed nadezd\u00edvek\"}]},{\"@type\":\"WebSite\",\"@id\":\"https:\/\/www.nedzink.com\/cs\/#website\",\"url\":\"https:\/\/www.nedzink.com\/cs\/\",\"name\":\"NedZink\",\"description\":\"Zink fabrikant\",\"publisher\":{\"@id\":\"https:\/\/www.nedzink.com\/cs\/#organization\"},\"potentialAction\":[{\"@type\":\"SearchAction\",\"target\":{\"@type\":\"EntryPoint\",\"urlTemplate\":\"https:\/\/www.nedzink.com\/cs\/?s={search_term_string}\"},\"query-input\":{\"@type\":\"PropertyValueSpecification\",\"valueRequired\":true,\"valueName\":\"search_term_string\"}}],\"inLanguage\":\"cs\"},{\"@type\":\"Organization\",\"@id\":\"https:\/\/www.nedzink.com\/cs\/#organization\",\"name\":\"NedZink\",\"url\":\"https:\/\/www.nedzink.com\/cs\/\",\"logo\":{\"@type\":\"ImageObject\",\"inLanguage\":\"cs\",\"@id\":\"https:\/\/www.nedzink.com\/cs\/#\/schema\/logo\/image\/\",\"url\":\"https:\/\/www.nedzink.com\/wp-content\/uploads\/2019\/08\/logo-nedzink_fc_zk.jpg\",\"contentUrl\":\"https:\/\/www.nedzink.com\/wp-content\/uploads\/2019\/08\/logo-nedzink_fc_zk.jpg\",\"width\":2160,\"height\":688,\"caption\":\"NedZink\"},\"image\":{\"@id\":\"https:\/\/www.nedzink.com\/cs\/#\/schema\/logo\/image\/\"}}]}<\/script>\n<!-- \/ Yoast SEO plugin. -->","yoast_head_json":{"title":"Oplechov\u00e1n\u00ed nadezd\u00edvek &#8211; NedZink","robots":{"index":"index","follow":"follow","max-snippet":"max-snippet:-1","max-image-preview":"max-image-preview:large","max-video-preview":"max-video-preview:-1"},"canonical":"https:\/\/www.nedzink.com\/cs\/stavebni-prvky\/oplechovani-nadezdivek\/","og_locale":"cs_CZ","og_type":"article","og_title":"Oplechov\u00e1n\u00ed nadezd\u00edvek &#8211; NedZink","og_description":"&nbsp; Stejn\u011b jako atiku je t\u0159eba chr&aacute;nit tak&eacute; nadezd&iacute;vky a voln\u011b stoj&iacute;c&iacute; zdivo proti soustavn&eacute;mu p\u016fsoben&iacute; vlhkosti. Jestli\u017ee tomu tak nen&iacute;, m\u016f\u017ee vzniknout ne\u017e&aacute;douc&iacute; pror\u016fst&aacute;n&iacute; zelen&iacute;, pl&iacute;sn\u011b a po&scaron;kozen&iacute; v d\u016fsledku p\u016fsoben&iacute; mrazu. Dlouhodobou ochranu nab&iacute;z&iacute; oplechov&aacute;n&iacute;, kter&eacute; se um&iacute;st&iacute; na horn&iacute; lic zdiva. P\u0159ipevn\u011bn&iacute; se m\u016f\u017ee prov&eacute;st jak p\u0159&iacute;mo, tak i nep\u0159&iacute;mo, jako je [&hellip;]","og_url":"https:\/\/www.nedzink.com\/cs\/stavebni-prvky\/oplechovani-nadezdivek\/","og_site_name":"NedZink","twitter_card":"summary_large_image","twitter_misc":{"Odhadovan\u00e1 doba \u010dten\u00ed":"2 minuty"},"schema":{"@context":"https:\/\/schema.org","@graph":[{"@type":"WebPage","@id":"https:\/\/www.nedzink.com\/cs\/stavebni-prvky\/oplechovani-nadezdivek\/","url":"https:\/\/www.nedzink.com\/cs\/stavebni-prvky\/oplechovani-nadezdivek\/","name":"Oplechov\u00e1n\u00ed nadezd\u00edvek &#8211; NedZink","isPartOf":{"@id":"https:\/\/www.nedzink.com\/cs\/#website"},"datePublished":"2019-06-04T12:56:13+00:00","breadcrumb":{"@id":"https:\/\/www.nedzink.com\/cs\/stavebni-prvky\/oplechovani-nadezdivek\/#breadcrumb"},"inLanguage":"cs","potentialAction":[{"@type":"ReadAction","target":["https:\/\/www.nedzink.com\/cs\/stavebni-prvky\/oplechovani-nadezdivek\/"]}]},{"@type":"BreadcrumbList","@id":"https:\/\/www.nedzink.com\/cs\/stavebni-prvky\/oplechovani-nadezdivek\/#breadcrumb","itemListElement":[{"@type":"ListItem","position":1,"name":"Home","item":"https:\/\/www.nedzink.com\/cs\/"},{"@type":"ListItem","position":2,"name":"Stavebn\u00ed prvky","item":"https:\/\/www.nedzink.com\/cs\/stavebni-prvky\/"},{"@type":"ListItem","position":3,"name":"Oplechov\u00e1n\u00ed nadezd\u00edvek"}]},{"@type":"WebSite","@id":"https:\/\/www.nedzink.com\/cs\/#website","url":"https:\/\/www.nedzink.com\/cs\/","name":"NedZink","description":"Zink fabrikant","publisher":{"@id":"https:\/\/www.nedzink.com\/cs\/#organization"},"potentialAction":[{"@type":"SearchAction","target":{"@type":"EntryPoint","urlTemplate":"https:\/\/www.nedzink.com\/cs\/?s={search_term_string}"},"query-input":{"@type":"PropertyValueSpecification","valueRequired":true,"valueName":"search_term_string"}}],"inLanguage":"cs"},{"@type":"Organization","@id":"https:\/\/www.nedzink.com\/cs\/#organization","name":"NedZink","url":"https:\/\/www.nedzink.com\/cs\/","logo":{"@type":"ImageObject","inLanguage":"cs","@id":"https:\/\/www.nedzink.com\/cs\/#\/schema\/logo\/image\/","url":"https:\/\/www.nedzink.com\/wp-content\/uploads\/2019\/08\/logo-nedzink_fc_zk.jpg","contentUrl":"https:\/\/www.nedzink.com\/wp-content\/uploads\/2019\/08\/logo-nedzink_fc_zk.jpg","width":2160,"height":688,"caption":"NedZink"},"image":{"@id":"https:\/\/www.nedzink.com\/cs\/#\/schema\/logo\/image\/"}}]}},"_links":{"self":[{"href":"https:\/\/www.nedzink.com\/cs\/wp-json\/wp\/v2\/pages\/31057","targetHints":{"allow":["GET"]}}],"collection":[{"href":"https:\/\/www.nedzink.com\/cs\/wp-json\/wp\/v2\/pages"}],"about":[{"href":"https:\/\/www.nedzink.com\/cs\/wp-json\/wp\/v2\/types\/page"}],"author":[{"embeddable":true,"href":"https:\/\/www.nedzink.com\/cs\/wp-json\/wp\/v2\/users\/9"}],"replies":[{"embeddable":true,"href":"https:\/\/www.nedzink.com\/cs\/wp-json\/wp\/v2\/comments?post=31057"}],"version-history":[{"count":0,"href":"https:\/\/www.nedzink.com\/cs\/wp-json\/wp\/v2\/pages\/31057\/revisions"}],"up":[{"embeddable":true,"href":"https:\/\/www.nedzink.com\/cs\/wp-json\/wp\/v2\/pages\/31007"}],"wp:attachment":[{"href":"https:\/\/www.nedzink.com\/cs\/wp-json\/wp\/v2\/media?parent=31057"}],"curies":[{"name":"wp","href":"https:\/\/api.w.org\/{rel}","templated":true}]}}