{"id":31047,"date":"2019-06-04T14:56:08","date_gmt":"2019-06-04T12:56:08","guid":{"rendered":"http:\/\/136.144.181.85\/~nedzink\/technicke-info\/stavebni-prvky\/oplechovani-stresnich-atik\/"},"modified":"2021-04-06T17:04:02","modified_gmt":"2021-04-06T15:04:02","slug":"oplechovani-stresnich-atik","status":"publish","type":"page","link":"https:\/\/www.nedzink.com\/cs\/oplechovani-stresnich-atik\/","title":{"rendered":"Oplechov\u00e1n\u00ed st\u0159e\u0161n\u00edch atik"},"content":{"rendered":"<p>&nbsp;<\/p>\n<p>Atika je architektonick\u00fd prvek prodlu\u017euj\u00edc\u00ed fas\u00e1du budovy nad hlavn\u00ed \u0159\u00edmsu. U ploch\u00fdch st\u0159ech se naz\u00fdv\u00e1 atikou obvodov\u00e1 \u010d\u00e1st st\u0159echy, kter\u00e1 je zv\u00fd\u0161ena a zakon\u010duje tak vlastn\u00ed plochu st\u0159echy. Napojen\u00ed, kter\u00e1 jsou vedena z plochy st\u0159echy, je t\u0159eba vyv\u00e9st nahoru na atiku a zajistit oplechov\u00e1n\u00edm proti pronikaj\u00edc\u00ed de\u0161\u0165ov\u00e9 vod\u011b. Oplechov\u00e1n\u00ed se na atiku p\u0159ipev\u0148uje nep\u0159\u00edmo, bu\u010f pomoc\u00ed okapov\u00fdch plech\u016f, dr\u017e\u00e1k\u016f na\u0161roubovan\u00fdch na atice nebo p\u0159\u00edmo slepen\u00edm za pou\u017eit\u00ed lepidla na b\u00e1zi asfaltu tvrdnouc\u00edho za studena.<\/p>\n<p>(Sp\u00e1d oplechov\u00e1n\u00ed atiky m\u00e1 vykazovat sklon min. 3\u00b0 k plo\u0161e st\u0159echy).<\/p>\n<table border=\"0\" width=\"100%\" cellspacing=\"10\">\n<tbody>\n<tr>\n<td style=\"text-align: left; vertical-align: top;\" width=\"45%\"><img decoding=\"async\" style=\"width: 387px; height: 290px; border: 0px solid;\" src=\"https:\/\/www.nedzink.com\/wp-content\/uploads\/import\/cms\/userfiles\/images\/attiken1.jpg\" \/><\/td>\n<td style=\"text-align: left; vertical-align: top;\" width=\"45%\"><img decoding=\"async\" style=\"width: 386px; height: 290px; border: 0px solid;\" src=\"https:\/\/www.nedzink.com\/wp-content\/uploads\/import\/cms\/userfiles\/images\/attiken2.jpg\" \/><\/td>\n<\/tr>\n<\/tbody>\n<\/table>\n<p>&nbsp;<\/p>\n","protected":false},"excerpt":{"rendered":"<p>&nbsp; Atika je architektonick\u00fd prvek prodlu\u017euj\u00edc\u00ed fas\u00e1du budovy nad hlavn\u00ed \u0159\u00edmsu. U ploch\u00fdch st\u0159ech se naz\u00fdv\u00e1 atikou obvodov\u00e1 \u010d\u00e1st st\u0159echy, kter\u00e1 je zv\u00fd\u0161ena a zakon\u010duje tak vlastn\u00ed plochu st\u0159echy. Napojen\u00ed, kter\u00e1 jsou vedena z plochy st\u0159echy, je t\u0159eba vyv\u00e9st nahoru na atiku a zajistit oplechov\u00e1n\u00edm proti pronikaj\u00edc\u00ed de\u0161\u0165ov\u00e9 vod\u011b. Oplechov\u00e1n\u00ed se na atiku p\u0159ipev\u0148uje nep\u0159\u00edmo, [&hellip;]<\/p>\n","protected":false},"author":9,"featured_media":0,"parent":0,"menu_order":1030,"comment_status":"closed","ping_status":"closed","template":"template-import.php","meta":{"_acf_changed":false,"footnotes":""},"class_list":["post-31047","page","type-page","status-publish","hentry"],"acf":[],"yoast_head":"<!-- This site is optimized with the Yoast SEO plugin v26.8 - https:\/\/yoast.com\/product\/yoast-seo-wordpress\/ -->\n<title>Oplechov\u00e1n\u00ed st\u0159e\u0161n\u00edch atik &#8211; NedZink<\/title>\n<meta name=\"robots\" content=\"index, follow, max-snippet:-1, max-image-preview:large, max-video-preview:-1\" \/>\n<link rel=\"canonical\" href=\"https:\/\/www.nedzink.com\/cs\/oplechovani-stresnich-atik\/\" \/>\n<meta property=\"og:locale\" content=\"cs_CZ\" \/>\n<meta property=\"og:type\" content=\"article\" \/>\n<meta property=\"og:title\" content=\"Oplechov\u00e1n\u00ed st\u0159e\u0161n\u00edch atik &#8211; NedZink\" \/>\n<meta property=\"og:description\" content=\"&nbsp; Atika je architektonick\u00fd prvek prodlu\u017euj\u00edc\u00ed fas\u00e1du budovy nad hlavn\u00ed \u0159\u00edmsu. U ploch\u00fdch st\u0159ech se naz\u00fdv\u00e1 atikou obvodov\u00e1 \u010d\u00e1st st\u0159echy, kter\u00e1 je zv\u00fd\u0161ena a zakon\u010duje tak vlastn\u00ed plochu st\u0159echy. Napojen\u00ed, kter\u00e1 jsou vedena z plochy st\u0159echy, je t\u0159eba vyv\u00e9st nahoru na atiku a zajistit oplechov\u00e1n\u00edm proti pronikaj\u00edc\u00ed de\u0161\u0165ov\u00e9 vod\u011b. Oplechov\u00e1n\u00ed se na atiku p\u0159ipev\u0148uje nep\u0159\u00edmo, [&hellip;]\" \/>\n<meta property=\"og:url\" content=\"https:\/\/www.nedzink.com\/cs\/oplechovani-stresnich-atik\/\" \/>\n<meta property=\"og:site_name\" content=\"NedZink\" \/>\n<meta property=\"article:modified_time\" content=\"2021-04-06T15:04:02+00:00\" \/>\n<meta property=\"og:image\" content=\"https:\/\/www.nedzink.com\/wp-content\/uploads\/import\/cms\/userfiles\/images\/attiken1.jpg\" \/>\n<meta name=\"twitter:card\" content=\"summary_large_image\" \/>\n<meta name=\"twitter:label1\" content=\"Odhadovan\u00e1 doba \u010dten\u00ed\" \/>\n\t<meta name=\"twitter:data1\" content=\"1 minuta\" \/>\n<script type=\"application\/ld+json\" class=\"yoast-schema-graph\">{\"@context\":\"https:\/\/schema.org\",\"@graph\":[{\"@type\":\"WebPage\",\"@id\":\"https:\/\/www.nedzink.com\/cs\/oplechovani-stresnich-atik\/\",\"url\":\"https:\/\/www.nedzink.com\/cs\/oplechovani-stresnich-atik\/\",\"name\":\"Oplechov\u00e1n\u00ed st\u0159e\u0161n\u00edch atik &#8211; NedZink\",\"isPartOf\":{\"@id\":\"https:\/\/www.nedzink.com\/cs\/#website\"},\"primaryImageOfPage\":{\"@id\":\"https:\/\/www.nedzink.com\/cs\/oplechovani-stresnich-atik\/#primaryimage\"},\"image\":{\"@id\":\"https:\/\/www.nedzink.com\/cs\/oplechovani-stresnich-atik\/#primaryimage\"},\"thumbnailUrl\":\"https:\/\/www.nedzink.com\/wp-content\/uploads\/import\/cms\/userfiles\/images\/attiken1.jpg\",\"datePublished\":\"2019-06-04T12:56:08+00:00\",\"dateModified\":\"2021-04-06T15:04:02+00:00\",\"breadcrumb\":{\"@id\":\"https:\/\/www.nedzink.com\/cs\/oplechovani-stresnich-atik\/#breadcrumb\"},\"inLanguage\":\"cs\",\"potentialAction\":[{\"@type\":\"ReadAction\",\"target\":[\"https:\/\/www.nedzink.com\/cs\/oplechovani-stresnich-atik\/\"]}]},{\"@type\":\"ImageObject\",\"inLanguage\":\"cs\",\"@id\":\"https:\/\/www.nedzink.com\/cs\/oplechovani-stresnich-atik\/#primaryimage\",\"url\":\"https:\/\/www.nedzink.com\/wp-content\/uploads\/import\/cms\/userfiles\/images\/attiken1.jpg\",\"contentUrl\":\"https:\/\/www.nedzink.com\/wp-content\/uploads\/import\/cms\/userfiles\/images\/attiken1.jpg\"},{\"@type\":\"BreadcrumbList\",\"@id\":\"https:\/\/www.nedzink.com\/cs\/oplechovani-stresnich-atik\/#breadcrumb\",\"itemListElement\":[{\"@type\":\"ListItem\",\"position\":1,\"name\":\"Home\",\"item\":\"https:\/\/www.nedzink.com\/cs\/\"},{\"@type\":\"ListItem\",\"position\":2,\"name\":\"Oplechov\u00e1n\u00ed st\u0159e\u0161n\u00edch atik\"}]},{\"@type\":\"WebSite\",\"@id\":\"https:\/\/www.nedzink.com\/cs\/#website\",\"url\":\"https:\/\/www.nedzink.com\/cs\/\",\"name\":\"NedZink\",\"description\":\"Zink fabrikant\",\"publisher\":{\"@id\":\"https:\/\/www.nedzink.com\/cs\/#organization\"},\"potentialAction\":[{\"@type\":\"SearchAction\",\"target\":{\"@type\":\"EntryPoint\",\"urlTemplate\":\"https:\/\/www.nedzink.com\/cs\/?s={search_term_string}\"},\"query-input\":{\"@type\":\"PropertyValueSpecification\",\"valueRequired\":true,\"valueName\":\"search_term_string\"}}],\"inLanguage\":\"cs\"},{\"@type\":\"Organization\",\"@id\":\"https:\/\/www.nedzink.com\/cs\/#organization\",\"name\":\"NedZink\",\"url\":\"https:\/\/www.nedzink.com\/cs\/\",\"logo\":{\"@type\":\"ImageObject\",\"inLanguage\":\"cs\",\"@id\":\"https:\/\/www.nedzink.com\/cs\/#\/schema\/logo\/image\/\",\"url\":\"https:\/\/www.nedzink.com\/wp-content\/uploads\/2019\/08\/logo-nedzink_fc_zk.jpg\",\"contentUrl\":\"https:\/\/www.nedzink.com\/wp-content\/uploads\/2019\/08\/logo-nedzink_fc_zk.jpg\",\"width\":2160,\"height\":688,\"caption\":\"NedZink\"},\"image\":{\"@id\":\"https:\/\/www.nedzink.com\/cs\/#\/schema\/logo\/image\/\"}}]}<\/script>\n<!-- \/ Yoast SEO plugin. -->","yoast_head_json":{"title":"Oplechov\u00e1n\u00ed st\u0159e\u0161n\u00edch atik &#8211; NedZink","robots":{"index":"index","follow":"follow","max-snippet":"max-snippet:-1","max-image-preview":"max-image-preview:large","max-video-preview":"max-video-preview:-1"},"canonical":"https:\/\/www.nedzink.com\/cs\/oplechovani-stresnich-atik\/","og_locale":"cs_CZ","og_type":"article","og_title":"Oplechov\u00e1n\u00ed st\u0159e\u0161n\u00edch atik &#8211; NedZink","og_description":"&nbsp; Atika je architektonick\u00fd prvek prodlu\u017euj\u00edc\u00ed fas\u00e1du budovy nad hlavn\u00ed \u0159\u00edmsu. U ploch\u00fdch st\u0159ech se naz\u00fdv\u00e1 atikou obvodov\u00e1 \u010d\u00e1st st\u0159echy, kter\u00e1 je zv\u00fd\u0161ena a zakon\u010duje tak vlastn\u00ed plochu st\u0159echy. Napojen\u00ed, kter\u00e1 jsou vedena z plochy st\u0159echy, je t\u0159eba vyv\u00e9st nahoru na atiku a zajistit oplechov\u00e1n\u00edm proti pronikaj\u00edc\u00ed de\u0161\u0165ov\u00e9 vod\u011b. Oplechov\u00e1n\u00ed se na atiku p\u0159ipev\u0148uje nep\u0159\u00edmo, [&hellip;]","og_url":"https:\/\/www.nedzink.com\/cs\/oplechovani-stresnich-atik\/","og_site_name":"NedZink","article_modified_time":"2021-04-06T15:04:02+00:00","og_image":[{"url":"https:\/\/www.nedzink.com\/wp-content\/uploads\/import\/cms\/userfiles\/images\/attiken1.jpg","type":"","width":"","height":""}],"twitter_card":"summary_large_image","twitter_misc":{"Odhadovan\u00e1 doba \u010dten\u00ed":"1 minuta"},"schema":{"@context":"https:\/\/schema.org","@graph":[{"@type":"WebPage","@id":"https:\/\/www.nedzink.com\/cs\/oplechovani-stresnich-atik\/","url":"https:\/\/www.nedzink.com\/cs\/oplechovani-stresnich-atik\/","name":"Oplechov\u00e1n\u00ed st\u0159e\u0161n\u00edch atik &#8211; NedZink","isPartOf":{"@id":"https:\/\/www.nedzink.com\/cs\/#website"},"primaryImageOfPage":{"@id":"https:\/\/www.nedzink.com\/cs\/oplechovani-stresnich-atik\/#primaryimage"},"image":{"@id":"https:\/\/www.nedzink.com\/cs\/oplechovani-stresnich-atik\/#primaryimage"},"thumbnailUrl":"https:\/\/www.nedzink.com\/wp-content\/uploads\/import\/cms\/userfiles\/images\/attiken1.jpg","datePublished":"2019-06-04T12:56:08+00:00","dateModified":"2021-04-06T15:04:02+00:00","breadcrumb":{"@id":"https:\/\/www.nedzink.com\/cs\/oplechovani-stresnich-atik\/#breadcrumb"},"inLanguage":"cs","potentialAction":[{"@type":"ReadAction","target":["https:\/\/www.nedzink.com\/cs\/oplechovani-stresnich-atik\/"]}]},{"@type":"ImageObject","inLanguage":"cs","@id":"https:\/\/www.nedzink.com\/cs\/oplechovani-stresnich-atik\/#primaryimage","url":"https:\/\/www.nedzink.com\/wp-content\/uploads\/import\/cms\/userfiles\/images\/attiken1.jpg","contentUrl":"https:\/\/www.nedzink.com\/wp-content\/uploads\/import\/cms\/userfiles\/images\/attiken1.jpg"},{"@type":"BreadcrumbList","@id":"https:\/\/www.nedzink.com\/cs\/oplechovani-stresnich-atik\/#breadcrumb","itemListElement":[{"@type":"ListItem","position":1,"name":"Home","item":"https:\/\/www.nedzink.com\/cs\/"},{"@type":"ListItem","position":2,"name":"Oplechov\u00e1n\u00ed st\u0159e\u0161n\u00edch atik"}]},{"@type":"WebSite","@id":"https:\/\/www.nedzink.com\/cs\/#website","url":"https:\/\/www.nedzink.com\/cs\/","name":"NedZink","description":"Zink fabrikant","publisher":{"@id":"https:\/\/www.nedzink.com\/cs\/#organization"},"potentialAction":[{"@type":"SearchAction","target":{"@type":"EntryPoint","urlTemplate":"https:\/\/www.nedzink.com\/cs\/?s={search_term_string}"},"query-input":{"@type":"PropertyValueSpecification","valueRequired":true,"valueName":"search_term_string"}}],"inLanguage":"cs"},{"@type":"Organization","@id":"https:\/\/www.nedzink.com\/cs\/#organization","name":"NedZink","url":"https:\/\/www.nedzink.com\/cs\/","logo":{"@type":"ImageObject","inLanguage":"cs","@id":"https:\/\/www.nedzink.com\/cs\/#\/schema\/logo\/image\/","url":"https:\/\/www.nedzink.com\/wp-content\/uploads\/2019\/08\/logo-nedzink_fc_zk.jpg","contentUrl":"https:\/\/www.nedzink.com\/wp-content\/uploads\/2019\/08\/logo-nedzink_fc_zk.jpg","width":2160,"height":688,"caption":"NedZink"},"image":{"@id":"https:\/\/www.nedzink.com\/cs\/#\/schema\/logo\/image\/"}}]}},"_links":{"self":[{"href":"https:\/\/www.nedzink.com\/cs\/wp-json\/wp\/v2\/pages\/31047","targetHints":{"allow":["GET"]}}],"collection":[{"href":"https:\/\/www.nedzink.com\/cs\/wp-json\/wp\/v2\/pages"}],"about":[{"href":"https:\/\/www.nedzink.com\/cs\/wp-json\/wp\/v2\/types\/page"}],"author":[{"embeddable":true,"href":"https:\/\/www.nedzink.com\/cs\/wp-json\/wp\/v2\/users\/9"}],"replies":[{"embeddable":true,"href":"https:\/\/www.nedzink.com\/cs\/wp-json\/wp\/v2\/comments?post=31047"}],"version-history":[{"count":0,"href":"https:\/\/www.nedzink.com\/cs\/wp-json\/wp\/v2\/pages\/31047\/revisions"}],"wp:attachment":[{"href":"https:\/\/www.nedzink.com\/cs\/wp-json\/wp\/v2\/media?parent=31047"}],"curies":[{"name":"wp","href":"https:\/\/api.w.org\/{rel}","templated":true}]}}