{"id":31027,"date":"2019-06-04T14:56:02","date_gmt":"2019-06-04T12:56:02","guid":{"rendered":"http:\/\/136.144.181.85\/~nedzink\/technicke-info\/stavebni-prvky\/vikyre\/"},"modified":"2021-04-06T17:03:57","modified_gmt":"2021-04-06T15:03:57","slug":"vikyre","status":"publish","type":"page","link":"https:\/\/www.nedzink.com\/cs\/vikyre\/","title":{"rendered":"Vik\u00fd\u0159e"},"content":{"rendered":"<p>\n\tVik&yacute;\u0159em rozum&iacute;me stavebn&iacute; prvek, kter&yacute; je sou\u010d&aacute;st&iacute; plochy st\u0159echy. Vik&yacute;\u0159e nab&iacute;zej&iacute; jak podstatn&eacute; zv\u011bt&scaron;en&iacute; obytn&eacute;ho prostoru pod st\u0159echou, tak se staraj&iacute; o v\u011bt&scaron;&iacute; p\u0159&iacute;stup sv\u011btla do obytn&yacute;ch m&iacute;stnost&iacute;. T&iacute;m se zlep&scaron;uje nejen kvalita bydlen&iacute;, ale tak&eacute; se roz&scaron;i\u0159uj&iacute; mo\u017enosti pou\u017e&iacute;v&aacute;n&iacute; podkrovn&iacute;ho bytu. Krom\u011b toho jsou vik&yacute;\u0159e vizu&aacute;ln&iacute;m prvkem, kter&yacute; podtrhuje architektonick&eacute; ztv&aacute;rn\u011bn&iacute; a mohou se u nich vz&aacute;jemn\u011b kombinovat rozd&iacute;ln&eacute; materi&aacute;ly.<\/p>\n<table border=\"0\" cellspacing=\"10\" width=\"100%\">\n<tbody>\n<tr>\n<td style=\"VERTICAL-ALIGN: top; TEXT-ALIGN: left\" width=\"45%\">\n\t\t\t\t<img decoding=\"async\" src=\"https:\/\/www.nedzink.com\/wp-content\/uploads\/import\/cms\/userfiles\/images\/dachgauben1.jpg\" style=\"border-width: 0px; border-style: solid; width: 272px; height: 290px;\" \/><\/td>\n<td style=\"VERTICAL-ALIGN: top; TEXT-ALIGN: left\" width=\"45%\">\n\t\t\t\t<img decoding=\"async\" src=\"https:\/\/www.nedzink.com\/wp-content\/uploads\/import\/cms\/userfiles\/images\/dachgauben2.jpg\" style=\"width: 387px; height: 290px; border-width: 0px; border-style: solid;\" \/><\/td>\n<\/tr>\n<\/tbody>\n<\/table>\n<p>\n\t&nbsp;<\/p>\n<p>\n\t&nbsp;<\/p>\n<p>\n\tOpl&aacute;&scaron;t\u011bn&iacute; vik&yacute;\u0159\u016f lze prov&aacute;d\u011bt obvykl&yacute;mi klemp&iacute;\u0159sk&yacute;mi technikami, jako t\u0159eba technikou &uacute;hlov&yacute;ch dr&aacute;\u017eek nebo dvojit&yacute;ch stojat&yacute;ch dr&aacute;\u017eek, ale tak&eacute; pomoc&iacute; &scaron;ablon, panel\u016f a dal&scaron;&iacute;ch fas&aacute;dn&iacute;ch syst&eacute;m\u016f.<\/p>\n<p>\n\tExistuj&iacute; r\u016fzn&aacute; proveden&iacute; a tvary.<\/p>\n<ul>\n<li style=\"margin-left: 18pt; \">\n\t\tSedlov&eacute; vik&yacute;\u0159e<\/li>\n<li style=\"margin-left: 18pt; \">\n\t\tVik&yacute;\u0159e s valbovou st\u0159&iacute;&scaron;kou<\/li>\n<li style=\"margin-left: 18pt; \">\n\t\t&Scaron;pi\u010dat&eacute; vik&yacute;\u0159e<\/li>\n<li style=\"margin-left: 18pt; \">\n\t\tObloukov&eacute; vik&yacute;\u0159e<\/li>\n<li style=\"margin-left: 18pt; \">\n\t\tVik&yacute;\u0159e volsk&aacute; oka<\/li>\n<li style=\"margin-left: 18pt; \">\n\t\t&Scaron;t&iacute;tov&eacute; vik&yacute;\u0159e<\/li>\n<li style=\"margin-left: 18pt; \">\n\t\tTrap&eacute;zov&eacute; vik&yacute;\u0159e<\/li>\n<li style=\"margin-left: 18pt; \">\n\t\tTroj&uacute;heln&iacute;kov&eacute; vik&yacute;\u0159e<\/li>\n<\/ul>\n<p>\n\t&nbsp;<\/p>\n<p>\n\t&nbsp;<\/p>\n","protected":false},"excerpt":{"rendered":"<p>Vik&yacute;\u0159em rozum&iacute;me stavebn&iacute; prvek, kter&yacute; je sou\u010d&aacute;st&iacute; plochy st\u0159echy. Vik&yacute;\u0159e nab&iacute;zej&iacute; jak podstatn&eacute; zv\u011bt&scaron;en&iacute; obytn&eacute;ho prostoru pod st\u0159echou, tak se staraj&iacute; o v\u011bt&scaron;&iacute; p\u0159&iacute;stup sv\u011btla do obytn&yacute;ch m&iacute;stnost&iacute;. T&iacute;m se zlep&scaron;uje nejen kvalita bydlen&iacute;, ale tak&eacute; se roz&scaron;i\u0159uj&iacute; mo\u017enosti pou\u017e&iacute;v&aacute;n&iacute; podkrovn&iacute;ho bytu. Krom\u011b toho jsou vik&yacute;\u0159e vizu&aacute;ln&iacute;m prvkem, kter&yacute; podtrhuje architektonick&eacute; ztv&aacute;rn\u011bn&iacute; a mohou se [&hellip;]<\/p>\n","protected":false},"author":9,"featured_media":0,"parent":0,"menu_order":1010,"comment_status":"closed","ping_status":"closed","template":"template-import.php","meta":{"_acf_changed":false,"footnotes":""},"class_list":["post-31027","page","type-page","status-publish","hentry"],"acf":[],"yoast_head":"<!-- This site is optimized with the Yoast SEO plugin v26.8 - https:\/\/yoast.com\/product\/yoast-seo-wordpress\/ -->\n<title>Vik\u00fd\u0159e &#8211; NedZink<\/title>\n<meta name=\"robots\" content=\"index, follow, max-snippet:-1, max-image-preview:large, max-video-preview:-1\" \/>\n<link rel=\"canonical\" href=\"https:\/\/www.nedzink.com\/cs\/vikyre\/\" \/>\n<meta property=\"og:locale\" content=\"cs_CZ\" \/>\n<meta property=\"og:type\" content=\"article\" \/>\n<meta property=\"og:title\" content=\"Vik\u00fd\u0159e &#8211; NedZink\" \/>\n<meta property=\"og:description\" content=\"Vik&yacute;\u0159em rozum&iacute;me stavebn&iacute; prvek, kter&yacute; je sou\u010d&aacute;st&iacute; plochy st\u0159echy. Vik&yacute;\u0159e nab&iacute;zej&iacute; jak podstatn&eacute; zv\u011bt&scaron;en&iacute; obytn&eacute;ho prostoru pod st\u0159echou, tak se staraj&iacute; o v\u011bt&scaron;&iacute; p\u0159&iacute;stup sv\u011btla do obytn&yacute;ch m&iacute;stnost&iacute;. T&iacute;m se zlep&scaron;uje nejen kvalita bydlen&iacute;, ale tak&eacute; se roz&scaron;i\u0159uj&iacute; mo\u017enosti pou\u017e&iacute;v&aacute;n&iacute; podkrovn&iacute;ho bytu. Krom\u011b toho jsou vik&yacute;\u0159e vizu&aacute;ln&iacute;m prvkem, kter&yacute; podtrhuje architektonick&eacute; ztv&aacute;rn\u011bn&iacute; a mohou se [&hellip;]\" \/>\n<meta property=\"og:url\" content=\"https:\/\/www.nedzink.com\/cs\/vikyre\/\" \/>\n<meta property=\"og:site_name\" content=\"NedZink\" \/>\n<meta property=\"article:modified_time\" content=\"2021-04-06T15:03:57+00:00\" \/>\n<meta property=\"og:image\" content=\"https:\/\/www.nedzink.com\/wp-content\/uploads\/import\/cms\/userfiles\/images\/dachgauben1.jpg\" \/>\n<meta name=\"twitter:card\" content=\"summary_large_image\" \/>\n<meta name=\"twitter:label1\" content=\"Odhadovan\u00e1 doba \u010dten\u00ed\" \/>\n\t<meta name=\"twitter:data1\" content=\"1 minuta\" \/>\n<script type=\"application\/ld+json\" class=\"yoast-schema-graph\">{\"@context\":\"https:\/\/schema.org\",\"@graph\":[{\"@type\":\"WebPage\",\"@id\":\"https:\/\/www.nedzink.com\/cs\/vikyre\/\",\"url\":\"https:\/\/www.nedzink.com\/cs\/vikyre\/\",\"name\":\"Vik\u00fd\u0159e &#8211; NedZink\",\"isPartOf\":{\"@id\":\"https:\/\/www.nedzink.com\/cs\/#website\"},\"primaryImageOfPage\":{\"@id\":\"https:\/\/www.nedzink.com\/cs\/vikyre\/#primaryimage\"},\"image\":{\"@id\":\"https:\/\/www.nedzink.com\/cs\/vikyre\/#primaryimage\"},\"thumbnailUrl\":\"https:\/\/www.nedzink.com\/wp-content\/uploads\/import\/cms\/userfiles\/images\/dachgauben1.jpg\",\"datePublished\":\"2019-06-04T12:56:02+00:00\",\"dateModified\":\"2021-04-06T15:03:57+00:00\",\"breadcrumb\":{\"@id\":\"https:\/\/www.nedzink.com\/cs\/vikyre\/#breadcrumb\"},\"inLanguage\":\"cs\",\"potentialAction\":[{\"@type\":\"ReadAction\",\"target\":[\"https:\/\/www.nedzink.com\/cs\/vikyre\/\"]}]},{\"@type\":\"ImageObject\",\"inLanguage\":\"cs\",\"@id\":\"https:\/\/www.nedzink.com\/cs\/vikyre\/#primaryimage\",\"url\":\"https:\/\/www.nedzink.com\/wp-content\/uploads\/import\/cms\/userfiles\/images\/dachgauben1.jpg\",\"contentUrl\":\"https:\/\/www.nedzink.com\/wp-content\/uploads\/import\/cms\/userfiles\/images\/dachgauben1.jpg\"},{\"@type\":\"BreadcrumbList\",\"@id\":\"https:\/\/www.nedzink.com\/cs\/vikyre\/#breadcrumb\",\"itemListElement\":[{\"@type\":\"ListItem\",\"position\":1,\"name\":\"Home\",\"item\":\"https:\/\/www.nedzink.com\/cs\/\"},{\"@type\":\"ListItem\",\"position\":2,\"name\":\"Vik\u00fd\u0159e\"}]},{\"@type\":\"WebSite\",\"@id\":\"https:\/\/www.nedzink.com\/cs\/#website\",\"url\":\"https:\/\/www.nedzink.com\/cs\/\",\"name\":\"NedZink\",\"description\":\"Zink fabrikant\",\"publisher\":{\"@id\":\"https:\/\/www.nedzink.com\/cs\/#organization\"},\"potentialAction\":[{\"@type\":\"SearchAction\",\"target\":{\"@type\":\"EntryPoint\",\"urlTemplate\":\"https:\/\/www.nedzink.com\/cs\/?s={search_term_string}\"},\"query-input\":{\"@type\":\"PropertyValueSpecification\",\"valueRequired\":true,\"valueName\":\"search_term_string\"}}],\"inLanguage\":\"cs\"},{\"@type\":\"Organization\",\"@id\":\"https:\/\/www.nedzink.com\/cs\/#organization\",\"name\":\"NedZink\",\"url\":\"https:\/\/www.nedzink.com\/cs\/\",\"logo\":{\"@type\":\"ImageObject\",\"inLanguage\":\"cs\",\"@id\":\"https:\/\/www.nedzink.com\/cs\/#\/schema\/logo\/image\/\",\"url\":\"https:\/\/www.nedzink.com\/wp-content\/uploads\/2019\/08\/logo-nedzink_fc_zk.jpg\",\"contentUrl\":\"https:\/\/www.nedzink.com\/wp-content\/uploads\/2019\/08\/logo-nedzink_fc_zk.jpg\",\"width\":2160,\"height\":688,\"caption\":\"NedZink\"},\"image\":{\"@id\":\"https:\/\/www.nedzink.com\/cs\/#\/schema\/logo\/image\/\"}}]}<\/script>\n<!-- \/ Yoast SEO plugin. -->","yoast_head_json":{"title":"Vik\u00fd\u0159e &#8211; NedZink","robots":{"index":"index","follow":"follow","max-snippet":"max-snippet:-1","max-image-preview":"max-image-preview:large","max-video-preview":"max-video-preview:-1"},"canonical":"https:\/\/www.nedzink.com\/cs\/vikyre\/","og_locale":"cs_CZ","og_type":"article","og_title":"Vik\u00fd\u0159e &#8211; NedZink","og_description":"Vik&yacute;\u0159em rozum&iacute;me stavebn&iacute; prvek, kter&yacute; je sou\u010d&aacute;st&iacute; plochy st\u0159echy. Vik&yacute;\u0159e nab&iacute;zej&iacute; jak podstatn&eacute; zv\u011bt&scaron;en&iacute; obytn&eacute;ho prostoru pod st\u0159echou, tak se staraj&iacute; o v\u011bt&scaron;&iacute; p\u0159&iacute;stup sv\u011btla do obytn&yacute;ch m&iacute;stnost&iacute;. T&iacute;m se zlep&scaron;uje nejen kvalita bydlen&iacute;, ale tak&eacute; se roz&scaron;i\u0159uj&iacute; mo\u017enosti pou\u017e&iacute;v&aacute;n&iacute; podkrovn&iacute;ho bytu. Krom\u011b toho jsou vik&yacute;\u0159e vizu&aacute;ln&iacute;m prvkem, kter&yacute; podtrhuje architektonick&eacute; ztv&aacute;rn\u011bn&iacute; a mohou se [&hellip;]","og_url":"https:\/\/www.nedzink.com\/cs\/vikyre\/","og_site_name":"NedZink","article_modified_time":"2021-04-06T15:03:57+00:00","og_image":[{"url":"https:\/\/www.nedzink.com\/wp-content\/uploads\/import\/cms\/userfiles\/images\/dachgauben1.jpg","type":"","width":"","height":""}],"twitter_card":"summary_large_image","twitter_misc":{"Odhadovan\u00e1 doba \u010dten\u00ed":"1 minuta"},"schema":{"@context":"https:\/\/schema.org","@graph":[{"@type":"WebPage","@id":"https:\/\/www.nedzink.com\/cs\/vikyre\/","url":"https:\/\/www.nedzink.com\/cs\/vikyre\/","name":"Vik\u00fd\u0159e &#8211; NedZink","isPartOf":{"@id":"https:\/\/www.nedzink.com\/cs\/#website"},"primaryImageOfPage":{"@id":"https:\/\/www.nedzink.com\/cs\/vikyre\/#primaryimage"},"image":{"@id":"https:\/\/www.nedzink.com\/cs\/vikyre\/#primaryimage"},"thumbnailUrl":"https:\/\/www.nedzink.com\/wp-content\/uploads\/import\/cms\/userfiles\/images\/dachgauben1.jpg","datePublished":"2019-06-04T12:56:02+00:00","dateModified":"2021-04-06T15:03:57+00:00","breadcrumb":{"@id":"https:\/\/www.nedzink.com\/cs\/vikyre\/#breadcrumb"},"inLanguage":"cs","potentialAction":[{"@type":"ReadAction","target":["https:\/\/www.nedzink.com\/cs\/vikyre\/"]}]},{"@type":"ImageObject","inLanguage":"cs","@id":"https:\/\/www.nedzink.com\/cs\/vikyre\/#primaryimage","url":"https:\/\/www.nedzink.com\/wp-content\/uploads\/import\/cms\/userfiles\/images\/dachgauben1.jpg","contentUrl":"https:\/\/www.nedzink.com\/wp-content\/uploads\/import\/cms\/userfiles\/images\/dachgauben1.jpg"},{"@type":"BreadcrumbList","@id":"https:\/\/www.nedzink.com\/cs\/vikyre\/#breadcrumb","itemListElement":[{"@type":"ListItem","position":1,"name":"Home","item":"https:\/\/www.nedzink.com\/cs\/"},{"@type":"ListItem","position":2,"name":"Vik\u00fd\u0159e"}]},{"@type":"WebSite","@id":"https:\/\/www.nedzink.com\/cs\/#website","url":"https:\/\/www.nedzink.com\/cs\/","name":"NedZink","description":"Zink fabrikant","publisher":{"@id":"https:\/\/www.nedzink.com\/cs\/#organization"},"potentialAction":[{"@type":"SearchAction","target":{"@type":"EntryPoint","urlTemplate":"https:\/\/www.nedzink.com\/cs\/?s={search_term_string}"},"query-input":{"@type":"PropertyValueSpecification","valueRequired":true,"valueName":"search_term_string"}}],"inLanguage":"cs"},{"@type":"Organization","@id":"https:\/\/www.nedzink.com\/cs\/#organization","name":"NedZink","url":"https:\/\/www.nedzink.com\/cs\/","logo":{"@type":"ImageObject","inLanguage":"cs","@id":"https:\/\/www.nedzink.com\/cs\/#\/schema\/logo\/image\/","url":"https:\/\/www.nedzink.com\/wp-content\/uploads\/2019\/08\/logo-nedzink_fc_zk.jpg","contentUrl":"https:\/\/www.nedzink.com\/wp-content\/uploads\/2019\/08\/logo-nedzink_fc_zk.jpg","width":2160,"height":688,"caption":"NedZink"},"image":{"@id":"https:\/\/www.nedzink.com\/cs\/#\/schema\/logo\/image\/"}}]}},"_links":{"self":[{"href":"https:\/\/www.nedzink.com\/cs\/wp-json\/wp\/v2\/pages\/31027","targetHints":{"allow":["GET"]}}],"collection":[{"href":"https:\/\/www.nedzink.com\/cs\/wp-json\/wp\/v2\/pages"}],"about":[{"href":"https:\/\/www.nedzink.com\/cs\/wp-json\/wp\/v2\/types\/page"}],"author":[{"embeddable":true,"href":"https:\/\/www.nedzink.com\/cs\/wp-json\/wp\/v2\/users\/9"}],"replies":[{"embeddable":true,"href":"https:\/\/www.nedzink.com\/cs\/wp-json\/wp\/v2\/comments?post=31027"}],"version-history":[{"count":0,"href":"https:\/\/www.nedzink.com\/cs\/wp-json\/wp\/v2\/pages\/31027\/revisions"}],"wp:attachment":[{"href":"https:\/\/www.nedzink.com\/cs\/wp-json\/wp\/v2\/media?parent=31027"}],"curies":[{"name":"wp","href":"https:\/\/api.w.org\/{rel}","templated":true}]}}