{"id":31017,"date":"2019-06-04T14:55:59","date_gmt":"2019-06-04T12:55:59","guid":{"rendered":"http:\/\/136.144.181.85\/~nedzink\/technicke-info\/stavebni-prvky\/vseobecne\/"},"modified":"2019-06-04T14:55:59","modified_gmt":"2019-06-04T12:55:59","slug":"vseobecne","status":"publish","type":"page","link":"https:\/\/www.nedzink.com\/cs\/stavebni-prvky\/vseobecne\/","title":{"rendered":"V\u0161eobecn\u011b"},"content":{"rendered":"<div class=\"contentStyle\" style=\"margin: 10px 0px 10px 0px;\">\n<p>\n\t\t&nbsp;<\/p>\n<p>\n\t\tKa\u017ed&aacute; budova st&aacute;rne v pr\u016fb\u011bhu \u010dasu pomaleji nebo rychleji v z&aacute;vislosti na proveden&iacute;, kvalit\u011b stavebn&iacute;ch hmot, zp\u016fsobu u\u017e&iacute;v&aacute;n&iacute; a &uacute;dr\u017eb\u011b. Jednou ov&scaron;em p\u0159ijde okam\u017eik, kdy se mus&iacute; jednotliv&eacute; stavebn&iacute; prvky sanovat nebo vym\u011bnit. Z tohoto pohledu maj&iacute; st\u0159e&scaron;n&iacute; materi&aacute;ly v z&aacute;vislosti na druhu pou\u017eit&yacute;ch stavebn&iacute;ch hmot \u017eivotnost mezi 20 a\u017e 70 lety, zat&iacute;mco n&aacute;t\u011br fas&aacute;dy se mus&iacute; obnovit ji\u017e za zhruba 5 a\u017e 15 let.<\/p>\n<p>\n\t\tObzvl&aacute;&scaron;\u0165 nam&aacute;han&eacute; jsou vn\u011bj&scaron;&iacute; stavebn&iacute; prvky jako opl&aacute;&scaron;t\u011bn&iacute; fas&aacute;dy, okna a st\u0159e&scaron;n&iacute; krytina, kter&eacute; jsou vystaven&eacute; po cel&yacute; rok slunci, sr&aacute;\u017ek&aacute;m, v\u011btru a velk&yacute;m teplotn&iacute;m v&yacute;kyv\u016fm. Jestli\u017ee se zanedb&aacute; &uacute;dr\u017eba vn\u011bj&scaron;&iacute;ch stavebn&iacute;ch prvk\u016f, m\u016f\u017ee se stavba snadno po&scaron;kodit, a to siln\u011b ovlivn&iacute; vn\u011bj&scaron;&iacute; vzhled.<\/p>\n<p>\n\t\tOboj&iacute; sni\u017euje hodnotu nemovitosti a \u010d&iacute;m v&iacute;ce se odsunuje nutn&aacute; sanace, t&iacute;m v\u011bt&scaron;&iacute; jsou budouc&iacute; n&aacute;klady. Rozhodnut&iacute; o proveden&iacute; sanace budovy m&aacute; krom\u011b toho ekonomicky pozitivn&iacute; efekt, proto\u017ee zabudov&aacute;n&iacute;m modern&iacute;ch stavebn&iacute;ch hmot a v&yacute;robk\u016f (jako nap\u0159. oken, tepeln&yacute;ch izolac&iacute; atd) lze dos&aacute;hnout energetick&yacute;ch &uacute;spor a dlouhodob\u011b u&scaron;et\u0159it mnoho finan\u010dn&iacute;ch prost\u0159edk\u016f.<\/p>\n<\/div>\n","protected":false},"excerpt":{"rendered":"<p>&nbsp; Ka\u017ed&aacute; budova st&aacute;rne v pr\u016fb\u011bhu \u010dasu pomaleji nebo rychleji v z&aacute;vislosti na proveden&iacute;, kvalit\u011b stavebn&iacute;ch hmot, zp\u016fsobu u\u017e&iacute;v&aacute;n&iacute; a &uacute;dr\u017eb\u011b. Jednou ov&scaron;em p\u0159ijde okam\u017eik, kdy se mus&iacute; jednotliv&eacute; stavebn&iacute; prvky sanovat nebo vym\u011bnit. Z tohoto pohledu maj&iacute; st\u0159e&scaron;n&iacute; materi&aacute;ly v z&aacute;vislosti na druhu pou\u017eit&yacute;ch stavebn&iacute;ch hmot \u017eivotnost mezi 20 a\u017e 70 lety, zat&iacute;mco n&aacute;t\u011br [&hellip;]<\/p>\n","protected":false},"author":9,"featured_media":0,"parent":31007,"menu_order":1000,"comment_status":"closed","ping_status":"closed","template":"template-import.php","meta":{"_acf_changed":false,"footnotes":""},"class_list":["post-31017","page","type-page","status-publish","hentry"],"acf":[],"yoast_head":"<!-- This site is optimized with the Yoast SEO plugin v26.8 - https:\/\/yoast.com\/product\/yoast-seo-wordpress\/ -->\n<title>V\u0161eobecn\u011b \u2013 NedZink<\/title>\n<meta name=\"robots\" content=\"index, follow, max-snippet:-1, max-image-preview:large, max-video-preview:-1\" \/>\n<link rel=\"canonical\" href=\"https:\/\/www.nedzink.com\/cs\/stavebni-prvky\/vseobecne\/\" \/>\n<meta property=\"og:locale\" content=\"cs_CZ\" \/>\n<meta property=\"og:type\" content=\"article\" \/>\n<meta property=\"og:title\" content=\"V\u0161eobecn\u011b \u2013 NedZink\" \/>\n<meta property=\"og:description\" content=\"&nbsp; Ka\u017ed&aacute; budova st&aacute;rne v pr\u016fb\u011bhu \u010dasu pomaleji nebo rychleji v z&aacute;vislosti na proveden&iacute;, kvalit\u011b stavebn&iacute;ch hmot, zp\u016fsobu u\u017e&iacute;v&aacute;n&iacute; a &uacute;dr\u017eb\u011b. Jednou ov&scaron;em p\u0159ijde okam\u017eik, kdy se mus&iacute; jednotliv&eacute; stavebn&iacute; prvky sanovat nebo vym\u011bnit. Z tohoto pohledu maj&iacute; st\u0159e&scaron;n&iacute; materi&aacute;ly v z&aacute;vislosti na druhu pou\u017eit&yacute;ch stavebn&iacute;ch hmot \u017eivotnost mezi 20 a\u017e 70 lety, zat&iacute;mco n&aacute;t\u011br [&hellip;]\" \/>\n<meta property=\"og:url\" content=\"https:\/\/www.nedzink.com\/cs\/stavebni-prvky\/vseobecne\/\" \/>\n<meta property=\"og:site_name\" content=\"NedZink\" \/>\n<meta name=\"twitter:card\" content=\"summary_large_image\" \/>\n<meta name=\"twitter:label1\" content=\"Odhadovan\u00e1 doba \u010dten\u00ed\" \/>\n\t<meta name=\"twitter:data1\" content=\"2 minuty\" \/>\n<script type=\"application\/ld+json\" class=\"yoast-schema-graph\">{\"@context\":\"https:\/\/schema.org\",\"@graph\":[{\"@type\":\"WebPage\",\"@id\":\"https:\/\/www.nedzink.com\/cs\/stavebni-prvky\/vseobecne\/\",\"url\":\"https:\/\/www.nedzink.com\/cs\/stavebni-prvky\/vseobecne\/\",\"name\":\"V\u0161eobecn\u011b \u2013 NedZink\",\"isPartOf\":{\"@id\":\"https:\/\/www.nedzink.com\/cs\/#website\"},\"datePublished\":\"2019-06-04T12:55:59+00:00\",\"breadcrumb\":{\"@id\":\"https:\/\/www.nedzink.com\/cs\/stavebni-prvky\/vseobecne\/#breadcrumb\"},\"inLanguage\":\"cs\",\"potentialAction\":[{\"@type\":\"ReadAction\",\"target\":[\"https:\/\/www.nedzink.com\/cs\/stavebni-prvky\/vseobecne\/\"]}]},{\"@type\":\"BreadcrumbList\",\"@id\":\"https:\/\/www.nedzink.com\/cs\/stavebni-prvky\/vseobecne\/#breadcrumb\",\"itemListElement\":[{\"@type\":\"ListItem\",\"position\":1,\"name\":\"Home\",\"item\":\"https:\/\/www.nedzink.com\/cs\/\"},{\"@type\":\"ListItem\",\"position\":2,\"name\":\"Stavebn\u00ed prvky\",\"item\":\"https:\/\/www.nedzink.com\/cs\/stavebni-prvky\/\"},{\"@type\":\"ListItem\",\"position\":3,\"name\":\"V\u0161eobecn\u011b\"}]},{\"@type\":\"WebSite\",\"@id\":\"https:\/\/www.nedzink.com\/cs\/#website\",\"url\":\"https:\/\/www.nedzink.com\/cs\/\",\"name\":\"NedZink\",\"description\":\"Zink fabrikant\",\"publisher\":{\"@id\":\"https:\/\/www.nedzink.com\/cs\/#organization\"},\"potentialAction\":[{\"@type\":\"SearchAction\",\"target\":{\"@type\":\"EntryPoint\",\"urlTemplate\":\"https:\/\/www.nedzink.com\/cs\/?s={search_term_string}\"},\"query-input\":{\"@type\":\"PropertyValueSpecification\",\"valueRequired\":true,\"valueName\":\"search_term_string\"}}],\"inLanguage\":\"cs\"},{\"@type\":\"Organization\",\"@id\":\"https:\/\/www.nedzink.com\/cs\/#organization\",\"name\":\"NedZink\",\"url\":\"https:\/\/www.nedzink.com\/cs\/\",\"logo\":{\"@type\":\"ImageObject\",\"inLanguage\":\"cs\",\"@id\":\"https:\/\/www.nedzink.com\/cs\/#\/schema\/logo\/image\/\",\"url\":\"https:\/\/www.nedzink.com\/wp-content\/uploads\/2019\/08\/logo-nedzink_fc_zk.jpg\",\"contentUrl\":\"https:\/\/www.nedzink.com\/wp-content\/uploads\/2019\/08\/logo-nedzink_fc_zk.jpg\",\"width\":2160,\"height\":688,\"caption\":\"NedZink\"},\"image\":{\"@id\":\"https:\/\/www.nedzink.com\/cs\/#\/schema\/logo\/image\/\"}}]}<\/script>\n<!-- \/ Yoast SEO plugin. -->","yoast_head_json":{"title":"V\u0161eobecn\u011b \u2013 NedZink","robots":{"index":"index","follow":"follow","max-snippet":"max-snippet:-1","max-image-preview":"max-image-preview:large","max-video-preview":"max-video-preview:-1"},"canonical":"https:\/\/www.nedzink.com\/cs\/stavebni-prvky\/vseobecne\/","og_locale":"cs_CZ","og_type":"article","og_title":"V\u0161eobecn\u011b \u2013 NedZink","og_description":"&nbsp; Ka\u017ed&aacute; budova st&aacute;rne v pr\u016fb\u011bhu \u010dasu pomaleji nebo rychleji v z&aacute;vislosti na proveden&iacute;, kvalit\u011b stavebn&iacute;ch hmot, zp\u016fsobu u\u017e&iacute;v&aacute;n&iacute; a &uacute;dr\u017eb\u011b. Jednou ov&scaron;em p\u0159ijde okam\u017eik, kdy se mus&iacute; jednotliv&eacute; stavebn&iacute; prvky sanovat nebo vym\u011bnit. Z tohoto pohledu maj&iacute; st\u0159e&scaron;n&iacute; materi&aacute;ly v z&aacute;vislosti na druhu pou\u017eit&yacute;ch stavebn&iacute;ch hmot \u017eivotnost mezi 20 a\u017e 70 lety, zat&iacute;mco n&aacute;t\u011br [&hellip;]","og_url":"https:\/\/www.nedzink.com\/cs\/stavebni-prvky\/vseobecne\/","og_site_name":"NedZink","twitter_card":"summary_large_image","twitter_misc":{"Odhadovan\u00e1 doba \u010dten\u00ed":"2 minuty"},"schema":{"@context":"https:\/\/schema.org","@graph":[{"@type":"WebPage","@id":"https:\/\/www.nedzink.com\/cs\/stavebni-prvky\/vseobecne\/","url":"https:\/\/www.nedzink.com\/cs\/stavebni-prvky\/vseobecne\/","name":"V\u0161eobecn\u011b \u2013 NedZink","isPartOf":{"@id":"https:\/\/www.nedzink.com\/cs\/#website"},"datePublished":"2019-06-04T12:55:59+00:00","breadcrumb":{"@id":"https:\/\/www.nedzink.com\/cs\/stavebni-prvky\/vseobecne\/#breadcrumb"},"inLanguage":"cs","potentialAction":[{"@type":"ReadAction","target":["https:\/\/www.nedzink.com\/cs\/stavebni-prvky\/vseobecne\/"]}]},{"@type":"BreadcrumbList","@id":"https:\/\/www.nedzink.com\/cs\/stavebni-prvky\/vseobecne\/#breadcrumb","itemListElement":[{"@type":"ListItem","position":1,"name":"Home","item":"https:\/\/www.nedzink.com\/cs\/"},{"@type":"ListItem","position":2,"name":"Stavebn\u00ed prvky","item":"https:\/\/www.nedzink.com\/cs\/stavebni-prvky\/"},{"@type":"ListItem","position":3,"name":"V\u0161eobecn\u011b"}]},{"@type":"WebSite","@id":"https:\/\/www.nedzink.com\/cs\/#website","url":"https:\/\/www.nedzink.com\/cs\/","name":"NedZink","description":"Zink fabrikant","publisher":{"@id":"https:\/\/www.nedzink.com\/cs\/#organization"},"potentialAction":[{"@type":"SearchAction","target":{"@type":"EntryPoint","urlTemplate":"https:\/\/www.nedzink.com\/cs\/?s={search_term_string}"},"query-input":{"@type":"PropertyValueSpecification","valueRequired":true,"valueName":"search_term_string"}}],"inLanguage":"cs"},{"@type":"Organization","@id":"https:\/\/www.nedzink.com\/cs\/#organization","name":"NedZink","url":"https:\/\/www.nedzink.com\/cs\/","logo":{"@type":"ImageObject","inLanguage":"cs","@id":"https:\/\/www.nedzink.com\/cs\/#\/schema\/logo\/image\/","url":"https:\/\/www.nedzink.com\/wp-content\/uploads\/2019\/08\/logo-nedzink_fc_zk.jpg","contentUrl":"https:\/\/www.nedzink.com\/wp-content\/uploads\/2019\/08\/logo-nedzink_fc_zk.jpg","width":2160,"height":688,"caption":"NedZink"},"image":{"@id":"https:\/\/www.nedzink.com\/cs\/#\/schema\/logo\/image\/"}}]}},"_links":{"self":[{"href":"https:\/\/www.nedzink.com\/cs\/wp-json\/wp\/v2\/pages\/31017","targetHints":{"allow":["GET"]}}],"collection":[{"href":"https:\/\/www.nedzink.com\/cs\/wp-json\/wp\/v2\/pages"}],"about":[{"href":"https:\/\/www.nedzink.com\/cs\/wp-json\/wp\/v2\/types\/page"}],"author":[{"embeddable":true,"href":"https:\/\/www.nedzink.com\/cs\/wp-json\/wp\/v2\/users\/9"}],"replies":[{"embeddable":true,"href":"https:\/\/www.nedzink.com\/cs\/wp-json\/wp\/v2\/comments?post=31017"}],"version-history":[{"count":0,"href":"https:\/\/www.nedzink.com\/cs\/wp-json\/wp\/v2\/pages\/31017\/revisions"}],"up":[{"embeddable":true,"href":"https:\/\/www.nedzink.com\/cs\/wp-json\/wp\/v2\/pages\/31007"}],"wp:attachment":[{"href":"https:\/\/www.nedzink.com\/cs\/wp-json\/wp\/v2\/media?parent=31017"}],"curies":[{"name":"wp","href":"https:\/\/api.w.org\/{rel}","templated":true}]}}