{"id":30997,"date":"2019-06-04T14:55:54","date_gmt":"2019-06-04T12:55:54","guid":{"rendered":"http:\/\/136.144.181.85\/~nedzink\/technicke-info\/oplasteni-fasady\/zvlastni-systemy\/"},"modified":"2019-06-04T14:55:54","modified_gmt":"2019-06-04T12:55:54","slug":"zvlastni-systemy","status":"publish","type":"page","link":"https:\/\/www.nedzink.com\/cs\/oplasteni-fasady\/zvlastni-systemy\/","title":{"rendered":"Zvl\u00e1\u0161tn\u00ed syst\u00e9my"},"content":{"rendered":"<div class=\"contentStyle\" style=\"margin: 10px 0px 10px 0px;\">\n<h3>\n\t\tPopis v&yacute;robku<\/h3>\n<p>\n\t\t&nbsp;<\/p>\n<p>\n\t\tOpl&aacute;&scaron;t\u011bn&iacute; fas&aacute;d vlnit&yacute;mi panely d&aacute;v&aacute; plo&scaron;e v&yacute;razn&eacute; vodorovn&eacute; a svisl&eacute; profilov&aacute;n&iacute; s &bdquo;\u017eivou&ldquo; hrou st&iacute;n\u016f p\u0159i m\u011bn&iacute;c&iacute;m se postaven&iacute; slunce. V&yacute;roba a dod&aacute;vka se uskute\u010d\u0148uj&iacute; podle konkr&eacute;tn&iacute;ch rozm\u011br\u016f dan&eacute;ho objektu a zak&aacute;zky.<\/p>\n<h3>\n\t\tKvalita povrchu<\/h3>\n<p>\n\t\tA\u010dkoliv je v z&aacute;sad\u011b mo\u017en&eacute; prov&aacute;d\u011bt opl&aacute;&scaron;t\u011bn&iacute; fas&aacute;dy profily s leskle v&aacute;lcovan&yacute;m povrchem NATUREL, doporu\u010dujeme pro dosa\u017een&iacute; rovnom\u011brn&eacute;ho vzhledu povrchu pou\u017e&iacute;t p\u0159edpatinovan&yacute; NedZink NOVA s ochrannou f&oacute;li&iacute;. Zku&scaron;enost ze staveb ukazuje, \u017ee po\u010d&aacute;te\u010dn&iacute; nerovnom\u011brn&eacute; vystaven&iacute; fas&aacute;dy NATUREL pov\u011btrnostn&iacute;m vliv\u016fm, a t&iacute;m zap\u0159&iacute;\u010din\u011bn&yacute; nerovnom\u011brn&yacute; vznik patiny, zp\u016fsobuje \u010dasto probl&eacute;my ze strany stavebn&iacute;k\u016f.<\/p>\n<h3>\n\t\tRozm\u011bry<\/h3>\n<p>\n\t\tRozm\u011bry na vy\u017e&aacute;d&aacute;n&iacute;.<\/p>\n<h3>\n\t\tNosn&aacute; konstrukce<\/h3>\n<p>\n\t\tVlnit&eacute; panely se montuj&iacute; s bo\u010dn&iacute;m p\u0159ekryt&iacute;m jako odv\u011btr&aacute;van&eacute; konstrukce na d\u0159ev\u011bn&eacute; nebo kovov&eacute; nosn&eacute; ro&scaron;ty. P\u0159ipev\u0148uj&iacute; se &scaron;rouby.<\/p>\n<p>\n\t\tNa trhu jsou vhodn&eacute; nosn&eacute; ro&scaron;ty od n\u011bkolika v&yacute;robc\u016f. Informace o nich lze z&iacute;skat na vy\u017e&aacute;d&aacute;n&iacute;.<\/p>\n<\/div>\n","protected":false},"excerpt":{"rendered":"<p>Popis v&yacute;robku &nbsp; Opl&aacute;&scaron;t\u011bn&iacute; fas&aacute;d vlnit&yacute;mi panely d&aacute;v&aacute; plo&scaron;e v&yacute;razn&eacute; vodorovn&eacute; a svisl&eacute; profilov&aacute;n&iacute; s &bdquo;\u017eivou&ldquo; hrou st&iacute;n\u016f p\u0159i m\u011bn&iacute;c&iacute;m se postaven&iacute; slunce. V&yacute;roba a dod&aacute;vka se uskute\u010d\u0148uj&iacute; podle konkr&eacute;tn&iacute;ch rozm\u011br\u016f dan&eacute;ho objektu a zak&aacute;zky. Kvalita povrchu A\u010dkoliv je v z&aacute;sad\u011b mo\u017en&eacute; prov&aacute;d\u011bt opl&aacute;&scaron;t\u011bn&iacute; fas&aacute;dy profily s leskle v&aacute;lcovan&yacute;m povrchem NATUREL, doporu\u010dujeme pro dosa\u017een&iacute; rovnom\u011brn&eacute;ho [&hellip;]<\/p>\n","protected":false},"author":9,"featured_media":0,"parent":30904,"menu_order":980,"comment_status":"closed","ping_status":"closed","template":"template-import.php","meta":{"_acf_changed":false,"footnotes":""},"class_list":["post-30997","page","type-page","status-publish","hentry"],"acf":[],"yoast_head":"<!-- This site is optimized with the Yoast SEO plugin v26.8 - https:\/\/yoast.com\/product\/yoast-seo-wordpress\/ -->\n<title>Zvl\u00e1\u0161tn\u00ed syst\u00e9my \u2013 NedZink<\/title>\n<meta name=\"robots\" content=\"index, follow, max-snippet:-1, max-image-preview:large, max-video-preview:-1\" \/>\n<link rel=\"canonical\" href=\"https:\/\/www.nedzink.com\/cs\/oplasteni-fasady\/zvlastni-systemy\/\" \/>\n<meta property=\"og:locale\" content=\"cs_CZ\" \/>\n<meta property=\"og:type\" content=\"article\" \/>\n<meta property=\"og:title\" content=\"Zvl\u00e1\u0161tn\u00ed syst\u00e9my \u2013 NedZink\" \/>\n<meta property=\"og:description\" content=\"Popis v&yacute;robku &nbsp; Opl&aacute;&scaron;t\u011bn&iacute; fas&aacute;d vlnit&yacute;mi panely d&aacute;v&aacute; plo&scaron;e v&yacute;razn&eacute; vodorovn&eacute; a svisl&eacute; profilov&aacute;n&iacute; s &bdquo;\u017eivou&ldquo; hrou st&iacute;n\u016f p\u0159i m\u011bn&iacute;c&iacute;m se postaven&iacute; slunce. V&yacute;roba a dod&aacute;vka se uskute\u010d\u0148uj&iacute; podle konkr&eacute;tn&iacute;ch rozm\u011br\u016f dan&eacute;ho objektu a zak&aacute;zky. Kvalita povrchu A\u010dkoliv je v z&aacute;sad\u011b mo\u017en&eacute; prov&aacute;d\u011bt opl&aacute;&scaron;t\u011bn&iacute; fas&aacute;dy profily s leskle v&aacute;lcovan&yacute;m povrchem NATUREL, doporu\u010dujeme pro dosa\u017een&iacute; rovnom\u011brn&eacute;ho [&hellip;]\" \/>\n<meta property=\"og:url\" content=\"https:\/\/www.nedzink.com\/cs\/oplasteni-fasady\/zvlastni-systemy\/\" \/>\n<meta property=\"og:site_name\" content=\"NedZink\" \/>\n<meta name=\"twitter:card\" content=\"summary_large_image\" \/>\n<meta name=\"twitter:label1\" content=\"Odhadovan\u00e1 doba \u010dten\u00ed\" \/>\n\t<meta name=\"twitter:data1\" content=\"1 minuta\" \/>\n<script type=\"application\/ld+json\" class=\"yoast-schema-graph\">{\"@context\":\"https:\/\/schema.org\",\"@graph\":[{\"@type\":\"WebPage\",\"@id\":\"https:\/\/www.nedzink.com\/cs\/oplasteni-fasady\/zvlastni-systemy\/\",\"url\":\"https:\/\/www.nedzink.com\/cs\/oplasteni-fasady\/zvlastni-systemy\/\",\"name\":\"Zvl\u00e1\u0161tn\u00ed syst\u00e9my \u2013 NedZink\",\"isPartOf\":{\"@id\":\"https:\/\/www.nedzink.com\/cs\/#website\"},\"datePublished\":\"2019-06-04T12:55:54+00:00\",\"breadcrumb\":{\"@id\":\"https:\/\/www.nedzink.com\/cs\/oplasteni-fasady\/zvlastni-systemy\/#breadcrumb\"},\"inLanguage\":\"cs\",\"potentialAction\":[{\"@type\":\"ReadAction\",\"target\":[\"https:\/\/www.nedzink.com\/cs\/oplasteni-fasady\/zvlastni-systemy\/\"]}]},{\"@type\":\"BreadcrumbList\",\"@id\":\"https:\/\/www.nedzink.com\/cs\/oplasteni-fasady\/zvlastni-systemy\/#breadcrumb\",\"itemListElement\":[{\"@type\":\"ListItem\",\"position\":1,\"name\":\"Home\",\"item\":\"https:\/\/www.nedzink.com\/cs\/\"},{\"@type\":\"ListItem\",\"position\":2,\"name\":\"Opl\u00e1\u0161t\u011bn\u00ed fas\u00e1dy\",\"item\":\"https:\/\/www.nedzink.com\/cs\/oplasteni-fasady\/\"},{\"@type\":\"ListItem\",\"position\":3,\"name\":\"Zvl\u00e1\u0161tn\u00ed syst\u00e9my\"}]},{\"@type\":\"WebSite\",\"@id\":\"https:\/\/www.nedzink.com\/cs\/#website\",\"url\":\"https:\/\/www.nedzink.com\/cs\/\",\"name\":\"NedZink\",\"description\":\"Zink fabrikant\",\"publisher\":{\"@id\":\"https:\/\/www.nedzink.com\/cs\/#organization\"},\"potentialAction\":[{\"@type\":\"SearchAction\",\"target\":{\"@type\":\"EntryPoint\",\"urlTemplate\":\"https:\/\/www.nedzink.com\/cs\/?s={search_term_string}\"},\"query-input\":{\"@type\":\"PropertyValueSpecification\",\"valueRequired\":true,\"valueName\":\"search_term_string\"}}],\"inLanguage\":\"cs\"},{\"@type\":\"Organization\",\"@id\":\"https:\/\/www.nedzink.com\/cs\/#organization\",\"name\":\"NedZink\",\"url\":\"https:\/\/www.nedzink.com\/cs\/\",\"logo\":{\"@type\":\"ImageObject\",\"inLanguage\":\"cs\",\"@id\":\"https:\/\/www.nedzink.com\/cs\/#\/schema\/logo\/image\/\",\"url\":\"https:\/\/www.nedzink.com\/wp-content\/uploads\/2019\/08\/logo-nedzink_fc_zk.jpg\",\"contentUrl\":\"https:\/\/www.nedzink.com\/wp-content\/uploads\/2019\/08\/logo-nedzink_fc_zk.jpg\",\"width\":2160,\"height\":688,\"caption\":\"NedZink\"},\"image\":{\"@id\":\"https:\/\/www.nedzink.com\/cs\/#\/schema\/logo\/image\/\"}}]}<\/script>\n<!-- \/ Yoast SEO plugin. -->","yoast_head_json":{"title":"Zvl\u00e1\u0161tn\u00ed syst\u00e9my \u2013 NedZink","robots":{"index":"index","follow":"follow","max-snippet":"max-snippet:-1","max-image-preview":"max-image-preview:large","max-video-preview":"max-video-preview:-1"},"canonical":"https:\/\/www.nedzink.com\/cs\/oplasteni-fasady\/zvlastni-systemy\/","og_locale":"cs_CZ","og_type":"article","og_title":"Zvl\u00e1\u0161tn\u00ed syst\u00e9my \u2013 NedZink","og_description":"Popis v&yacute;robku &nbsp; Opl&aacute;&scaron;t\u011bn&iacute; fas&aacute;d vlnit&yacute;mi panely d&aacute;v&aacute; plo&scaron;e v&yacute;razn&eacute; vodorovn&eacute; a svisl&eacute; profilov&aacute;n&iacute; s &bdquo;\u017eivou&ldquo; hrou st&iacute;n\u016f p\u0159i m\u011bn&iacute;c&iacute;m se postaven&iacute; slunce. V&yacute;roba a dod&aacute;vka se uskute\u010d\u0148uj&iacute; podle konkr&eacute;tn&iacute;ch rozm\u011br\u016f dan&eacute;ho objektu a zak&aacute;zky. Kvalita povrchu A\u010dkoliv je v z&aacute;sad\u011b mo\u017en&eacute; prov&aacute;d\u011bt opl&aacute;&scaron;t\u011bn&iacute; fas&aacute;dy profily s leskle v&aacute;lcovan&yacute;m povrchem NATUREL, doporu\u010dujeme pro dosa\u017een&iacute; rovnom\u011brn&eacute;ho [&hellip;]","og_url":"https:\/\/www.nedzink.com\/cs\/oplasteni-fasady\/zvlastni-systemy\/","og_site_name":"NedZink","twitter_card":"summary_large_image","twitter_misc":{"Odhadovan\u00e1 doba \u010dten\u00ed":"1 minuta"},"schema":{"@context":"https:\/\/schema.org","@graph":[{"@type":"WebPage","@id":"https:\/\/www.nedzink.com\/cs\/oplasteni-fasady\/zvlastni-systemy\/","url":"https:\/\/www.nedzink.com\/cs\/oplasteni-fasady\/zvlastni-systemy\/","name":"Zvl\u00e1\u0161tn\u00ed syst\u00e9my \u2013 NedZink","isPartOf":{"@id":"https:\/\/www.nedzink.com\/cs\/#website"},"datePublished":"2019-06-04T12:55:54+00:00","breadcrumb":{"@id":"https:\/\/www.nedzink.com\/cs\/oplasteni-fasady\/zvlastni-systemy\/#breadcrumb"},"inLanguage":"cs","potentialAction":[{"@type":"ReadAction","target":["https:\/\/www.nedzink.com\/cs\/oplasteni-fasady\/zvlastni-systemy\/"]}]},{"@type":"BreadcrumbList","@id":"https:\/\/www.nedzink.com\/cs\/oplasteni-fasady\/zvlastni-systemy\/#breadcrumb","itemListElement":[{"@type":"ListItem","position":1,"name":"Home","item":"https:\/\/www.nedzink.com\/cs\/"},{"@type":"ListItem","position":2,"name":"Opl\u00e1\u0161t\u011bn\u00ed fas\u00e1dy","item":"https:\/\/www.nedzink.com\/cs\/oplasteni-fasady\/"},{"@type":"ListItem","position":3,"name":"Zvl\u00e1\u0161tn\u00ed syst\u00e9my"}]},{"@type":"WebSite","@id":"https:\/\/www.nedzink.com\/cs\/#website","url":"https:\/\/www.nedzink.com\/cs\/","name":"NedZink","description":"Zink fabrikant","publisher":{"@id":"https:\/\/www.nedzink.com\/cs\/#organization"},"potentialAction":[{"@type":"SearchAction","target":{"@type":"EntryPoint","urlTemplate":"https:\/\/www.nedzink.com\/cs\/?s={search_term_string}"},"query-input":{"@type":"PropertyValueSpecification","valueRequired":true,"valueName":"search_term_string"}}],"inLanguage":"cs"},{"@type":"Organization","@id":"https:\/\/www.nedzink.com\/cs\/#organization","name":"NedZink","url":"https:\/\/www.nedzink.com\/cs\/","logo":{"@type":"ImageObject","inLanguage":"cs","@id":"https:\/\/www.nedzink.com\/cs\/#\/schema\/logo\/image\/","url":"https:\/\/www.nedzink.com\/wp-content\/uploads\/2019\/08\/logo-nedzink_fc_zk.jpg","contentUrl":"https:\/\/www.nedzink.com\/wp-content\/uploads\/2019\/08\/logo-nedzink_fc_zk.jpg","width":2160,"height":688,"caption":"NedZink"},"image":{"@id":"https:\/\/www.nedzink.com\/cs\/#\/schema\/logo\/image\/"}}]}},"_links":{"self":[{"href":"https:\/\/www.nedzink.com\/cs\/wp-json\/wp\/v2\/pages\/30997","targetHints":{"allow":["GET"]}}],"collection":[{"href":"https:\/\/www.nedzink.com\/cs\/wp-json\/wp\/v2\/pages"}],"about":[{"href":"https:\/\/www.nedzink.com\/cs\/wp-json\/wp\/v2\/types\/page"}],"author":[{"embeddable":true,"href":"https:\/\/www.nedzink.com\/cs\/wp-json\/wp\/v2\/users\/9"}],"replies":[{"embeddable":true,"href":"https:\/\/www.nedzink.com\/cs\/wp-json\/wp\/v2\/comments?post=30997"}],"version-history":[{"count":0,"href":"https:\/\/www.nedzink.com\/cs\/wp-json\/wp\/v2\/pages\/30997\/revisions"}],"up":[{"embeddable":true,"href":"https:\/\/www.nedzink.com\/cs\/wp-json\/wp\/v2\/pages\/30904"}],"wp:attachment":[{"href":"https:\/\/www.nedzink.com\/cs\/wp-json\/wp\/v2\/media?parent=30997"}],"curies":[{"name":"wp","href":"https:\/\/api.w.org\/{rel}","templated":true}]}}