{"id":30977,"date":"2019-06-04T14:55:45","date_gmt":"2019-06-04T12:55:45","guid":{"rendered":"http:\/\/136.144.181.85\/~nedzink\/technicke-info\/oplasteni-fasady\/horizontalni-panely\/"},"modified":"2019-06-04T14:55:45","modified_gmt":"2019-06-04T12:55:45","slug":"horizontalni-panely","status":"publish","type":"page","link":"https:\/\/www.nedzink.com\/cs\/oplasteni-fasady\/horizontalni-panely\/","title":{"rendered":"Horizont\u00e1ln\u00ed panely"},"content":{"rendered":"<h2>\n\tP\u0159esazen&yacute;&nbsp;panel<\/h2>\n<h3>\n\tPopis panelu<\/h3>\n<p>\n\t&nbsp;<\/p>\n<p>\n\tOpl&aacute;&scaron;t\u011bn&iacute; fas&aacute;dy p\u0159esazen&yacute;mi profily p\u0159ipom&iacute;n&aacute; sv&yacute;m vzhledem tradi\u010dn&iacute; opl&aacute;&scaron;t\u011bn&iacute;, jak&yacute;m byly nap\u0159&iacute;klad prkenn&eacute; obklady na ope\u0159en&iacute;. Jednotliv&eacute; horizont&aacute;ln\u011b ulo\u017een&eacute; profily se p\u0159es sebe p\u0159ekr&yacute;vaj&iacute; a p\u0159ipev\u0148uj&iacute; ve sklon\u011bn&eacute; poloze. P\u0159ipevn\u011bn&iacute; profil\u016f do nosn&eacute; konstrukce se prov&aacute;d&iacute; pomoc&iacute; n&yacute;t\u016f a &scaron;roub\u016f.<\/p>\n<p>\n\tProfily se vyr&aacute;b\u011bj&iacute; jako p\u0159esn\u011b tvarovan&eacute;. V&yacute;roba a dod&aacute;vka se uskute\u010d\u0148uj&iacute; v&yacute;hradn\u011b podle parametr\u016f dan&eacute;ho objektu a zak&aacute;zky.<\/p>\n<h3>\n\tKvalita povrchu<\/h3>\n<p>\n\tA\u010dkoliv je v z&aacute;sad\u011b mo\u017en&eacute; prov&aacute;d\u011bt opl&aacute;&scaron;t\u011bn&iacute; fas&aacute;dy profily s leskle v&aacute;lcovan&yacute;m povrchem NATUREL, doporu\u010dujeme pou\u017e&iacute;vat p\u0159edpatinovan&yacute; NedZink NOVA, kter&yacute; se vyzna\u010duje rovnom\u011brn&yacute;m vzhledem povrchu od sam&eacute;ho za\u010d&aacute;tku. Zku&scaron;enost ze staveb ukazuje, \u017ee po\u010d&aacute;te\u010dn&iacute; nerovnom\u011brn&eacute; vystaven&iacute; fas&aacute;dy NATUREL pov\u011btrnostn&iacute;m vliv\u016fm, a t&iacute;m zap\u0159&iacute;\u010din\u011bn&yacute; nerovnom\u011brn&yacute; vznik patiny, zp\u016fsobuje \u010dasto probl&eacute;my ze strany stavebn&iacute;k\u016f.<\/p>\n<h3>\n\tRozm\u011bry<\/h3>\n<table border=\"1\" cellpadding=\"1\" cellspacing=\"0\">\n<tbody>\n<tr>\n<td width=\"250\">\n\t\t\t\t<strong>Tlou&scaron;\u0165ka&nbsp;<\/strong><strong>materi&aacute;lu<\/strong><\/td>\n<td width=\"250\">\n\t\t\t\t1,00 mm<\/td>\n<\/tr>\n<tr>\n<td>\n\t\t\t\t<strong>D&eacute;lka profilu<\/strong><\/td>\n<td>\n\t\t\t\t4,00 m<\/td>\n<\/tr>\n<tr>\n<td>\n\t\t\t\t<strong>Osov&aacute; vzd&aacute;lenost<\/strong><\/td>\n<td>\n\t\t\t\tna vy\u017e&aacute;d&aacute;n&iacute;<\/td>\n<\/tr>\n<tr>\n<td>\n\t\t\t\t<strong>&Scaron;&iacute;\u0159ka p\u0159&iacute;\u0159ezu<\/strong><\/td>\n<td>\n\t\t\t\tna vy\u017e&aacute;d&aacute;n&iacute;<\/td>\n<\/tr>\n<tr>\n<td>\n\t\t\t\t<strong>V&yacute;&scaron;ka profilu<\/strong><\/td>\n<td>\n\t\t\t\tna vy\u017e&aacute;d&aacute;n&iacute;<\/td>\n<\/tr>\n<\/tbody>\n<\/table>\n<p><\/p>\n<h3>\n\t&nbsp;<\/h3>\n<h3>\n\tDal&scaron;&iacute; rozm\u011bry na vy\u017e&aacute;d&aacute;n&iacute;<\/h3>\n<h3>\n\tNosn&aacute; konstrukce<\/h3>\n<p>\n\t&nbsp;<\/p>\n<p>\n\tP\u0159esazen&eacute; panely se montuj&iacute; jako odv\u011btr&aacute;van&eacute; konstrukce na d\u0159ev\u011bn&eacute; nebo kovov&eacute; nosn&eacute; ro&scaron;ty. P\u0159ipevn\u011bn&iacute; se prov&aacute;d&iacute; n&yacute;ty nebo &scaron;rouby p\u0159es horn&iacute; hranu profilu do nosn&eacute; konstrukce. Na trhu jsou vhodn&eacute; syst&eacute;my pro nosn&eacute; ro&scaron;ty od n\u011bkolika v&yacute;robc\u016f. Informace o nich jsou k dispozici na vy\u017e&aacute;d&aacute;n&iacute;.<\/p>\n<h2>\n\tTroj&uacute;heln&iacute;kov&yacute; profil<\/h2>\n<p>\n\tPopis objektu viz menu &bdquo;kreativita&ldquo;<\/p>\n<h3>\n\tPopis profilu<\/h3>\n<p>\n\tOpl&aacute;&scaron;t\u011bn&iacute; fas&aacute;d troj&uacute;heln&iacute;kov&yacute;mi profily je typick&eacute; t&iacute;m, \u017ee profily vystupuj&iacute; z &uacute;rovn\u011b fas&aacute;dy. P\u016fsoben&iacute;m st&iacute;n\u016f p\u0159i m\u011bn&iacute;c&iacute;m se postaven&iacute; slunce vznik&aacute; prom\u011bnliv&yacute; vzhled fas&aacute;dy. Profily se p\u0159ipev\u0148uj&iacute; z&aacute;v\u011bsn&yacute;mi p\u0159&iacute;ponkami do horn&iacute;ho ohybu.<\/p>\n<p>\n\tProfily se vyr&aacute;b\u011bj&iacute; jako p\u0159esn\u011b tvarovan&eacute;. V&yacute;roba a dod&aacute;vka se uskute\u010d\u0148uj&iacute; v&yacute;hradn\u011b na z&aacute;klad\u011b zad&aacute;n&iacute; pro dan&yacute; objekt a zak&aacute;zku.<\/p>\n<h3>\n\tKvalita povrchu<\/h3>\n<p>\n\tA\u010dkoliv je v z&aacute;sad\u011b mo\u017en&eacute; prov&aacute;d\u011bt opl&aacute;&scaron;t\u011bn&iacute; fas&aacute;dy profily s leskle v&aacute;lcovan&yacute;m povrchem NATUREL, doporu\u010dujeme pou\u017e&iacute;vat p\u0159edpatinovan&yacute; NedZink NOVA, kter&yacute; se vyzna\u010duje rovnom\u011brn&yacute;m vzhledem povrchu od sam&eacute;ho za\u010d&aacute;tku. Zku&scaron;enost ze staveb ukazuje, \u017ee po\u010d&aacute;te\u010dn&iacute; nerovnom\u011brn&eacute; vystaven&iacute; fas&aacute;dy NATUREL pov\u011btrnostn&iacute;m vliv\u016fm, a t&iacute;m zap\u0159&iacute;\u010din\u011bn&yacute; nerovnom\u011brn&yacute; vznik patiny, zp\u016fsobuje \u010dasto probl&eacute;my ze strany stavebn&iacute;k\u016f.<\/p>\n<h3>\n\tRozm\u011bry<\/h3>\n<table border=\"1\">\n<tbody>\n<tr>\n<td width=\"250\">\n\t\t\t\t<strong>Tlou&scaron;\u0165ka&nbsp;<\/strong><strong>materi&aacute;lu<\/strong><\/td>\n<td width=\"210\">\n\t\t\t\t1,00 mm<\/td>\n<\/tr>\n<tr>\n<td>\n\t\t\t\t<strong>D&eacute;lka profilu<\/strong><\/td>\n<td>\n\t\t\t\t4,00 m<\/td>\n<\/tr>\n<tr>\n<td>\n\t\t\t\t<strong>&Scaron;&iacute;\u0159ka p\u0159&iacute;\u0159ezu<\/strong><\/td>\n<td>\n\t\t\t\tVaricel<\/td>\n<\/tr>\n<tr>\n<td>\n\t\t\t\t<strong>V&yacute;&scaron;ka&nbsp;<\/strong><strong>profilu<\/strong><\/td>\n<td>\n\t\t\t\tVaricel<\/td>\n<\/tr>\n<tr>\n<td>\n\t\t\t\t<strong>Osov&aacute; vzd&aacute;lenost<\/strong><\/td>\n<td>\n\t\t\t\t150 mm 300 mm<\/td>\n<\/tr>\n<tr>\n<td>\n\t\t\t\t<strong>&Scaron;&iacute;\u0159ka p\u0159&iacute;\u0159ezu<\/strong><\/td>\n<td>\n\t\t\t\t&nbsp;<\/td>\n<\/tr>\n<tr>\n<td>\n\t\t\t\t<strong>V&yacute;&scaron;ka&nbsp;<\/strong><strong>profilu<\/strong><\/td>\n<td>\n\t\t\t\t&nbsp;<\/td>\n<\/tr>\n<\/tbody>\n<\/table>\n<p><\/p>\n<p>\n\t&nbsp;<\/p>\n<p>\n\tDal&scaron;&iacute; rozm\u011bry na vy\u017e&aacute;d&aacute;n&iacute;<\/p>\n<h3>\n\tNosn&aacute; konstrukce<\/h3>\n<p>\n\tTroj&uacute;heln&iacute;kov&eacute; profily se montuj&iacute; jako odv\u011bttr&aacute;van&eacute; konstrukce na d\u0159ev\u011bn&eacute; nebo kovov&eacute; nosn&eacute; ro&scaron;ty. P\u0159ipevn\u011bn&iacute; se prov&aacute;d&iacute; pomoc&iacute; z&aacute;v\u011bsn&yacute;ch p\u0159&iacute;ponek do horn&iacute;ho ohybu profil\u016f. P\u0159&iacute;ponky se p\u0159ipev\u0148uj&iacute; na nosnou konstrukci pomoc&iacute; &scaron;roub\u016f nebo n&yacute;t\u016f. Na trhu jsou vhodn&eacute; nosn&eacute; ro&scaron;ty od n\u011bkolika v&yacute;robc\u016f. Informace o nich lze z&iacute;skat na vy\u017e&aacute;d&aacute;n&iacute;.<\/p>\n","protected":false},"excerpt":{"rendered":"<p>P\u0159esazen&yacute;&nbsp;panel Popis panelu &nbsp; Opl&aacute;&scaron;t\u011bn&iacute; fas&aacute;dy p\u0159esazen&yacute;mi profily p\u0159ipom&iacute;n&aacute; sv&yacute;m vzhledem tradi\u010dn&iacute; opl&aacute;&scaron;t\u011bn&iacute;, jak&yacute;m byly nap\u0159&iacute;klad prkenn&eacute; obklady na ope\u0159en&iacute;. Jednotliv&eacute; horizont&aacute;ln\u011b ulo\u017een&eacute; profily se p\u0159es sebe p\u0159ekr&yacute;vaj&iacute; a p\u0159ipev\u0148uj&iacute; ve sklon\u011bn&eacute; poloze. P\u0159ipevn\u011bn&iacute; profil\u016f do nosn&eacute; konstrukce se prov&aacute;d&iacute; pomoc&iacute; n&yacute;t\u016f a &scaron;roub\u016f. Profily se vyr&aacute;b\u011bj&iacute; jako p\u0159esn\u011b tvarovan&eacute;. V&yacute;roba a dod&aacute;vka se uskute\u010d\u0148uj&iacute; [&hellip;]<\/p>\n","protected":false},"author":9,"featured_media":0,"parent":30904,"menu_order":950,"comment_status":"closed","ping_status":"closed","template":"template-import.php","meta":{"_acf_changed":false,"footnotes":""},"class_list":["post-30977","page","type-page","status-publish","hentry"],"acf":[],"yoast_head":"<!-- This site is optimized with the Yoast SEO plugin v26.8 - https:\/\/yoast.com\/product\/yoast-seo-wordpress\/ -->\n<title>Horizont\u00e1ln\u00ed panely \u2013 NedZink<\/title>\n<meta name=\"robots\" content=\"index, follow, max-snippet:-1, max-image-preview:large, max-video-preview:-1\" \/>\n<link rel=\"canonical\" href=\"https:\/\/www.nedzink.com\/cs\/oplasteni-fasady\/horizontalni-panely\/\" \/>\n<meta property=\"og:locale\" content=\"cs_CZ\" \/>\n<meta property=\"og:type\" content=\"article\" \/>\n<meta property=\"og:title\" content=\"Horizont\u00e1ln\u00ed panely \u2013 NedZink\" \/>\n<meta property=\"og:description\" content=\"P\u0159esazen&yacute;&nbsp;panel Popis panelu &nbsp; Opl&aacute;&scaron;t\u011bn&iacute; fas&aacute;dy p\u0159esazen&yacute;mi profily p\u0159ipom&iacute;n&aacute; sv&yacute;m vzhledem tradi\u010dn&iacute; opl&aacute;&scaron;t\u011bn&iacute;, jak&yacute;m byly nap\u0159&iacute;klad prkenn&eacute; obklady na ope\u0159en&iacute;. Jednotliv&eacute; horizont&aacute;ln\u011b ulo\u017een&eacute; profily se p\u0159es sebe p\u0159ekr&yacute;vaj&iacute; a p\u0159ipev\u0148uj&iacute; ve sklon\u011bn&eacute; poloze. P\u0159ipevn\u011bn&iacute; profil\u016f do nosn&eacute; konstrukce se prov&aacute;d&iacute; pomoc&iacute; n&yacute;t\u016f a &scaron;roub\u016f. Profily se vyr&aacute;b\u011bj&iacute; jako p\u0159esn\u011b tvarovan&eacute;. V&yacute;roba a dod&aacute;vka se uskute\u010d\u0148uj&iacute; [&hellip;]\" \/>\n<meta property=\"og:url\" content=\"https:\/\/www.nedzink.com\/cs\/oplasteni-fasady\/horizontalni-panely\/\" \/>\n<meta property=\"og:site_name\" content=\"NedZink\" \/>\n<meta name=\"twitter:card\" content=\"summary_large_image\" \/>\n<meta name=\"twitter:label1\" content=\"Odhadovan\u00e1 doba \u010dten\u00ed\" \/>\n\t<meta name=\"twitter:data1\" content=\"4 minuty\" \/>\n<script type=\"application\/ld+json\" class=\"yoast-schema-graph\">{\"@context\":\"https:\/\/schema.org\",\"@graph\":[{\"@type\":\"WebPage\",\"@id\":\"https:\/\/www.nedzink.com\/cs\/oplasteni-fasady\/horizontalni-panely\/\",\"url\":\"https:\/\/www.nedzink.com\/cs\/oplasteni-fasady\/horizontalni-panely\/\",\"name\":\"Horizont\u00e1ln\u00ed panely \u2013 NedZink\",\"isPartOf\":{\"@id\":\"https:\/\/www.nedzink.com\/cs\/#website\"},\"datePublished\":\"2019-06-04T12:55:45+00:00\",\"breadcrumb\":{\"@id\":\"https:\/\/www.nedzink.com\/cs\/oplasteni-fasady\/horizontalni-panely\/#breadcrumb\"},\"inLanguage\":\"cs\",\"potentialAction\":[{\"@type\":\"ReadAction\",\"target\":[\"https:\/\/www.nedzink.com\/cs\/oplasteni-fasady\/horizontalni-panely\/\"]}]},{\"@type\":\"BreadcrumbList\",\"@id\":\"https:\/\/www.nedzink.com\/cs\/oplasteni-fasady\/horizontalni-panely\/#breadcrumb\",\"itemListElement\":[{\"@type\":\"ListItem\",\"position\":1,\"name\":\"Home\",\"item\":\"https:\/\/www.nedzink.com\/cs\/\"},{\"@type\":\"ListItem\",\"position\":2,\"name\":\"Opl\u00e1\u0161t\u011bn\u00ed fas\u00e1dy\",\"item\":\"https:\/\/www.nedzink.com\/cs\/oplasteni-fasady\/\"},{\"@type\":\"ListItem\",\"position\":3,\"name\":\"Horizont\u00e1ln\u00ed panely\"}]},{\"@type\":\"WebSite\",\"@id\":\"https:\/\/www.nedzink.com\/cs\/#website\",\"url\":\"https:\/\/www.nedzink.com\/cs\/\",\"name\":\"NedZink\",\"description\":\"Zink fabrikant\",\"publisher\":{\"@id\":\"https:\/\/www.nedzink.com\/cs\/#organization\"},\"potentialAction\":[{\"@type\":\"SearchAction\",\"target\":{\"@type\":\"EntryPoint\",\"urlTemplate\":\"https:\/\/www.nedzink.com\/cs\/?s={search_term_string}\"},\"query-input\":{\"@type\":\"PropertyValueSpecification\",\"valueRequired\":true,\"valueName\":\"search_term_string\"}}],\"inLanguage\":\"cs\"},{\"@type\":\"Organization\",\"@id\":\"https:\/\/www.nedzink.com\/cs\/#organization\",\"name\":\"NedZink\",\"url\":\"https:\/\/www.nedzink.com\/cs\/\",\"logo\":{\"@type\":\"ImageObject\",\"inLanguage\":\"cs\",\"@id\":\"https:\/\/www.nedzink.com\/cs\/#\/schema\/logo\/image\/\",\"url\":\"https:\/\/www.nedzink.com\/wp-content\/uploads\/2019\/08\/logo-nedzink_fc_zk.jpg\",\"contentUrl\":\"https:\/\/www.nedzink.com\/wp-content\/uploads\/2019\/08\/logo-nedzink_fc_zk.jpg\",\"width\":2160,\"height\":688,\"caption\":\"NedZink\"},\"image\":{\"@id\":\"https:\/\/www.nedzink.com\/cs\/#\/schema\/logo\/image\/\"}}]}<\/script>\n<!-- \/ Yoast SEO plugin. -->","yoast_head_json":{"title":"Horizont\u00e1ln\u00ed panely \u2013 NedZink","robots":{"index":"index","follow":"follow","max-snippet":"max-snippet:-1","max-image-preview":"max-image-preview:large","max-video-preview":"max-video-preview:-1"},"canonical":"https:\/\/www.nedzink.com\/cs\/oplasteni-fasady\/horizontalni-panely\/","og_locale":"cs_CZ","og_type":"article","og_title":"Horizont\u00e1ln\u00ed panely \u2013 NedZink","og_description":"P\u0159esazen&yacute;&nbsp;panel Popis panelu &nbsp; Opl&aacute;&scaron;t\u011bn&iacute; fas&aacute;dy p\u0159esazen&yacute;mi profily p\u0159ipom&iacute;n&aacute; sv&yacute;m vzhledem tradi\u010dn&iacute; opl&aacute;&scaron;t\u011bn&iacute;, jak&yacute;m byly nap\u0159&iacute;klad prkenn&eacute; obklady na ope\u0159en&iacute;. Jednotliv&eacute; horizont&aacute;ln\u011b ulo\u017een&eacute; profily se p\u0159es sebe p\u0159ekr&yacute;vaj&iacute; a p\u0159ipev\u0148uj&iacute; ve sklon\u011bn&eacute; poloze. P\u0159ipevn\u011bn&iacute; profil\u016f do nosn&eacute; konstrukce se prov&aacute;d&iacute; pomoc&iacute; n&yacute;t\u016f a &scaron;roub\u016f. Profily se vyr&aacute;b\u011bj&iacute; jako p\u0159esn\u011b tvarovan&eacute;. V&yacute;roba a dod&aacute;vka se uskute\u010d\u0148uj&iacute; [&hellip;]","og_url":"https:\/\/www.nedzink.com\/cs\/oplasteni-fasady\/horizontalni-panely\/","og_site_name":"NedZink","twitter_card":"summary_large_image","twitter_misc":{"Odhadovan\u00e1 doba \u010dten\u00ed":"4 minuty"},"schema":{"@context":"https:\/\/schema.org","@graph":[{"@type":"WebPage","@id":"https:\/\/www.nedzink.com\/cs\/oplasteni-fasady\/horizontalni-panely\/","url":"https:\/\/www.nedzink.com\/cs\/oplasteni-fasady\/horizontalni-panely\/","name":"Horizont\u00e1ln\u00ed panely \u2013 NedZink","isPartOf":{"@id":"https:\/\/www.nedzink.com\/cs\/#website"},"datePublished":"2019-06-04T12:55:45+00:00","breadcrumb":{"@id":"https:\/\/www.nedzink.com\/cs\/oplasteni-fasady\/horizontalni-panely\/#breadcrumb"},"inLanguage":"cs","potentialAction":[{"@type":"ReadAction","target":["https:\/\/www.nedzink.com\/cs\/oplasteni-fasady\/horizontalni-panely\/"]}]},{"@type":"BreadcrumbList","@id":"https:\/\/www.nedzink.com\/cs\/oplasteni-fasady\/horizontalni-panely\/#breadcrumb","itemListElement":[{"@type":"ListItem","position":1,"name":"Home","item":"https:\/\/www.nedzink.com\/cs\/"},{"@type":"ListItem","position":2,"name":"Opl\u00e1\u0161t\u011bn\u00ed fas\u00e1dy","item":"https:\/\/www.nedzink.com\/cs\/oplasteni-fasady\/"},{"@type":"ListItem","position":3,"name":"Horizont\u00e1ln\u00ed panely"}]},{"@type":"WebSite","@id":"https:\/\/www.nedzink.com\/cs\/#website","url":"https:\/\/www.nedzink.com\/cs\/","name":"NedZink","description":"Zink fabrikant","publisher":{"@id":"https:\/\/www.nedzink.com\/cs\/#organization"},"potentialAction":[{"@type":"SearchAction","target":{"@type":"EntryPoint","urlTemplate":"https:\/\/www.nedzink.com\/cs\/?s={search_term_string}"},"query-input":{"@type":"PropertyValueSpecification","valueRequired":true,"valueName":"search_term_string"}}],"inLanguage":"cs"},{"@type":"Organization","@id":"https:\/\/www.nedzink.com\/cs\/#organization","name":"NedZink","url":"https:\/\/www.nedzink.com\/cs\/","logo":{"@type":"ImageObject","inLanguage":"cs","@id":"https:\/\/www.nedzink.com\/cs\/#\/schema\/logo\/image\/","url":"https:\/\/www.nedzink.com\/wp-content\/uploads\/2019\/08\/logo-nedzink_fc_zk.jpg","contentUrl":"https:\/\/www.nedzink.com\/wp-content\/uploads\/2019\/08\/logo-nedzink_fc_zk.jpg","width":2160,"height":688,"caption":"NedZink"},"image":{"@id":"https:\/\/www.nedzink.com\/cs\/#\/schema\/logo\/image\/"}}]}},"_links":{"self":[{"href":"https:\/\/www.nedzink.com\/cs\/wp-json\/wp\/v2\/pages\/30977","targetHints":{"allow":["GET"]}}],"collection":[{"href":"https:\/\/www.nedzink.com\/cs\/wp-json\/wp\/v2\/pages"}],"about":[{"href":"https:\/\/www.nedzink.com\/cs\/wp-json\/wp\/v2\/types\/page"}],"author":[{"embeddable":true,"href":"https:\/\/www.nedzink.com\/cs\/wp-json\/wp\/v2\/users\/9"}],"replies":[{"embeddable":true,"href":"https:\/\/www.nedzink.com\/cs\/wp-json\/wp\/v2\/comments?post=30977"}],"version-history":[{"count":0,"href":"https:\/\/www.nedzink.com\/cs\/wp-json\/wp\/v2\/pages\/30977\/revisions"}],"up":[{"embeddable":true,"href":"https:\/\/www.nedzink.com\/cs\/wp-json\/wp\/v2\/pages\/30904"}],"wp:attachment":[{"href":"https:\/\/www.nedzink.com\/cs\/wp-json\/wp\/v2\/media?parent=30977"}],"curies":[{"name":"wp","href":"https:\/\/api.w.org\/{rel}","templated":true}]}}