{"id":30967,"date":"2019-06-04T14:55:42","date_gmt":"2019-06-04T12:55:42","guid":{"rendered":"http:\/\/136.144.181.85\/~nedzink\/technicke-info\/oplasteni-fasady\/kazetove-systemy\/"},"modified":"2019-06-04T14:55:42","modified_gmt":"2019-06-04T12:55:42","slug":"kazetove-systemy","status":"publish","type":"page","link":"https:\/\/www.nedzink.com\/cs\/kazetove-systemy\/","title":{"rendered":"Kazetov\u00e9 syst\u00e9my"},"content":{"rendered":"<h3>\n\t<img decoding=\"async\" alt=\"\" src=\"https:\/\/www.nedzink.com\/wp-content\/uploads\/import\/cms\/userfiles\/images\/kortrijk1.jpg\" style=\"border-width: 0px; border-style: solid; border-color: -moz-use-text-color; margin: 10px; width: 250px; height: 250px; float: right;\" \/><\/h3>\n<h3>\n\tPopis syst&eacute;mu<\/h3>\n<p>\n\t&nbsp;<\/p>\n<p>\n\tOpl&aacute;&scaron;t\u011bn&iacute; fas&aacute;d kazetami d&aacute;v&aacute; stavb&aacute;m plo&scaron;n&yacute;, rovnom\u011brn&yacute; a geometricky p\u0159esn&yacute; vzhled. Fas&aacute;dn&iacute; kazety jsou ji\u017e z v&yacute;roby opat\u0159eny zp\u011btn&yacute;m ohybem, kter&yacute; usnad\u0148uje jejich p\u0159ipevn\u011bn&iacute;.<\/p>\n<p>\n\tV&yacute;roba kazet je podobn&aacute; jako u dr&aacute;\u017ekovan&yacute;ch\/falcovan&yacute;ch panel\u016f, popsan&yacute;ch v p\u0159edchoz&iacute; kapitole. V&yacute;roba a dod&aacute;vka se uskute\u010d\u0148uj&iacute; v&yacute;hradn\u011b podle parametr\u016f dan&eacute;ho objektu a zak&aacute;zky.<\/p>\n<h3>\n\tKvalita povrchu<\/h3>\n<p>\n\tA\u010dkoliv je v z&aacute;sad\u011b mo\u017en&eacute; prov&aacute;d\u011bt opl&aacute;&scaron;t\u011bn&iacute; fas&aacute;dy profily s leskle v&aacute;lcovan&yacute;m povrchem NATUREL, doporu\u010dujeme pou\u017e&iacute;vat p\u0159edpatinovan&yacute; NedZink NOVA, kter&yacute; se vyzna\u010duje rovnom\u011brn&yacute;m vzhledem povrchu od sam&eacute;ho za\u010d&aacute;tku. Zku&scaron;enost ze staveb ukazuje, \u017ee po\u010d&aacute;te\u010dn&iacute; nerovnom\u011brn&eacute; vystaven&iacute; fas&aacute;dy NATUREL pov\u011btrnostn&iacute;m vliv\u016fm, a t&iacute;m nerovnom\u011brn&yacute; vznik patiny, zp\u016fsobuje \u010dasto probl&eacute;my ze strany stavebn&iacute;k\u016f.<\/p>\n<h3>\n\tRozm\u011bry<\/h3>\n<p>\n\t&nbsp;<\/p>\n<div>\n<div class=\"contentStyle\" style=\"margin: 10px 0px 10px 0px;\">\n<table border=\"1\" cellpadding=\"1\" cellspacing=\"0\">\n<tbody>\n<tr>\n<td width=\"250\">\n\t\t\t\t\t\tTlou&scaron;\u0165ka&nbsp;materi&aacute;lu<\/td>\n<td width=\"250\">\n\t\t\t\t\t\t1,00 mm; 1,10 mm<\/td>\n<\/tr>\n<tr>\n<td>\n\t\t\t\t\t\tRozm\u011bry<\/td>\n<td>\n\t\t\t\t\t\tna vy\u017e&aacute;d&aacute;n&iacute;<\/td>\n<\/tr>\n<tr>\n<td>\n\t\t\t\t\t\tP\u0159&iacute;\u0159ezy<\/td>\n<td>\n\t\t\t\t\t\tna vy\u017e&aacute;d&aacute;n&iacute;<\/td>\n<\/tr>\n<tr>\n<td>\n\t\t\t\t\t\tV&yacute;&scaron;ka profilu<\/td>\n<td>\n\t\t\t\t\t\tna vy\u017e&aacute;d&aacute;n&iacute;<\/td>\n<\/tr>\n<\/tbody>\n<\/table>\n<p>\n\t\t\t<img decoding=\"async\" alt=\"\" src=\"https:\/\/www.nedzink.com\/wp-content\/uploads\/import\/cms\/userfiles\/images\/kortrijk.jpg\" style=\"border-width: 0px; border-style: solid; border-color: -moz-use-text-color; margin: 10px; width: 250px; height: 250px; float: right;\" \/><\/p>\n<p>\n\t\t\t&nbsp;<\/p>\n<p>\n\t\t\tDal&scaron;&iacute; rozm\u011bry na vy\u017e&aacute;d&aacute;n&iacute;<\/p>\n<h3>\n\t\t\tNosn&aacute; konstrukce<\/h3>\n<p>\n\t\t\tKazety se montuj&iacute; jako odv\u011btr&aacute;van&eacute; syst&eacute;myna d\u0159ev\u011bn&yacute;ch nebo kovov&yacute;ch nosn&yacute;ch ro&scaron;tech. P\u0159ipevn\u011bn&iacute; se prov&aacute;d&iacute; pomoc&iacute; konzol&iacute; nebo sponek. Na trhu jsou vhodn&eacute; syst&eacute;my nosn&yacute;ch ro&scaron;t\u016f od n\u011bkolika v&yacute;robc\u016f. Informace o nich jsou na vy\u017e&aacute;d&aacute;n&iacute;.<\/p>\n<\/p><\/div>\n<\/div>\n<p>\n\t&nbsp;<\/p>\n","protected":false},"excerpt":{"rendered":"<p>Popis syst&eacute;mu &nbsp; Opl&aacute;&scaron;t\u011bn&iacute; fas&aacute;d kazetami d&aacute;v&aacute; stavb&aacute;m plo&scaron;n&yacute;, rovnom\u011brn&yacute; a geometricky p\u0159esn&yacute; vzhled. Fas&aacute;dn&iacute; kazety jsou ji\u017e z v&yacute;roby opat\u0159eny zp\u011btn&yacute;m ohybem, kter&yacute; usnad\u0148uje jejich p\u0159ipevn\u011bn&iacute;. V&yacute;roba kazet je podobn&aacute; jako u dr&aacute;\u017ekovan&yacute;ch\/falcovan&yacute;ch panel\u016f, popsan&yacute;ch v p\u0159edchoz&iacute; kapitole. V&yacute;roba a dod&aacute;vka se uskute\u010d\u0148uj&iacute; v&yacute;hradn\u011b podle parametr\u016f dan&eacute;ho objektu a zak&aacute;zky. Kvalita povrchu A\u010dkoliv je [&hellip;]<\/p>\n","protected":false},"author":9,"featured_media":0,"parent":0,"menu_order":930,"comment_status":"closed","ping_status":"closed","template":"template-import.php","meta":{"_acf_changed":false,"footnotes":""},"class_list":["post-30967","page","type-page","status-publish","hentry"],"acf":[],"yoast_head":"<!-- This site is optimized with the Yoast SEO plugin v26.8 - https:\/\/yoast.com\/product\/yoast-seo-wordpress\/ -->\n<title>Kazetov\u00e9 syst\u00e9my \u2013 NedZink<\/title>\n<meta name=\"robots\" content=\"index, follow, max-snippet:-1, max-image-preview:large, max-video-preview:-1\" \/>\n<link rel=\"canonical\" href=\"https:\/\/www.nedzink.com\/cs\/kazetove-systemy\/\" \/>\n<meta property=\"og:locale\" content=\"cs_CZ\" \/>\n<meta property=\"og:type\" content=\"article\" \/>\n<meta property=\"og:title\" content=\"Kazetov\u00e9 syst\u00e9my \u2013 NedZink\" \/>\n<meta property=\"og:description\" content=\"Popis syst&eacute;mu &nbsp; Opl&aacute;&scaron;t\u011bn&iacute; fas&aacute;d kazetami d&aacute;v&aacute; stavb&aacute;m plo&scaron;n&yacute;, rovnom\u011brn&yacute; a geometricky p\u0159esn&yacute; vzhled. Fas&aacute;dn&iacute; kazety jsou ji\u017e z v&yacute;roby opat\u0159eny zp\u011btn&yacute;m ohybem, kter&yacute; usnad\u0148uje jejich p\u0159ipevn\u011bn&iacute;. V&yacute;roba kazet je podobn&aacute; jako u dr&aacute;\u017ekovan&yacute;ch\/falcovan&yacute;ch panel\u016f, popsan&yacute;ch v p\u0159edchoz&iacute; kapitole. V&yacute;roba a dod&aacute;vka se uskute\u010d\u0148uj&iacute; v&yacute;hradn\u011b podle parametr\u016f dan&eacute;ho objektu a zak&aacute;zky. Kvalita povrchu A\u010dkoliv je [&hellip;]\" \/>\n<meta property=\"og:url\" content=\"https:\/\/www.nedzink.com\/cs\/kazetove-systemy\/\" \/>\n<meta property=\"og:site_name\" content=\"NedZink\" \/>\n<meta property=\"og:image\" content=\"https:\/\/www.nedzink.com\/wp-content\/uploads\/import\/cms\/userfiles\/images\/kortrijk1.jpg\" \/>\n<meta name=\"twitter:card\" content=\"summary_large_image\" \/>\n<meta name=\"twitter:label1\" content=\"Odhadovan\u00e1 doba \u010dten\u00ed\" \/>\n\t<meta name=\"twitter:data1\" content=\"2 minuty\" \/>\n<script type=\"application\/ld+json\" class=\"yoast-schema-graph\">{\"@context\":\"https:\/\/schema.org\",\"@graph\":[{\"@type\":\"WebPage\",\"@id\":\"https:\/\/www.nedzink.com\/cs\/kazetove-systemy\/\",\"url\":\"https:\/\/www.nedzink.com\/cs\/kazetove-systemy\/\",\"name\":\"Kazetov\u00e9 syst\u00e9my \u2013 NedZink\",\"isPartOf\":{\"@id\":\"https:\/\/www.nedzink.com\/cs\/#website\"},\"primaryImageOfPage\":{\"@id\":\"https:\/\/www.nedzink.com\/cs\/kazetove-systemy\/#primaryimage\"},\"image\":{\"@id\":\"https:\/\/www.nedzink.com\/cs\/kazetove-systemy\/#primaryimage\"},\"thumbnailUrl\":\"https:\/\/www.nedzink.com\/wp-content\/uploads\/import\/cms\/userfiles\/images\/kortrijk1.jpg\",\"datePublished\":\"2019-06-04T12:55:42+00:00\",\"breadcrumb\":{\"@id\":\"https:\/\/www.nedzink.com\/cs\/kazetove-systemy\/#breadcrumb\"},\"inLanguage\":\"cs\",\"potentialAction\":[{\"@type\":\"ReadAction\",\"target\":[\"https:\/\/www.nedzink.com\/cs\/kazetove-systemy\/\"]}]},{\"@type\":\"ImageObject\",\"inLanguage\":\"cs\",\"@id\":\"https:\/\/www.nedzink.com\/cs\/kazetove-systemy\/#primaryimage\",\"url\":\"https:\/\/www.nedzink.com\/wp-content\/uploads\/import\/cms\/userfiles\/images\/kortrijk1.jpg\",\"contentUrl\":\"https:\/\/www.nedzink.com\/wp-content\/uploads\/import\/cms\/userfiles\/images\/kortrijk1.jpg\"},{\"@type\":\"BreadcrumbList\",\"@id\":\"https:\/\/www.nedzink.com\/cs\/kazetove-systemy\/#breadcrumb\",\"itemListElement\":[{\"@type\":\"ListItem\",\"position\":1,\"name\":\"Home\",\"item\":\"https:\/\/www.nedzink.com\/cs\/\"},{\"@type\":\"ListItem\",\"position\":2,\"name\":\"Kazetov\u00e9 syst\u00e9my\"}]},{\"@type\":\"WebSite\",\"@id\":\"https:\/\/www.nedzink.com\/cs\/#website\",\"url\":\"https:\/\/www.nedzink.com\/cs\/\",\"name\":\"NedZink\",\"description\":\"Zink fabrikant\",\"publisher\":{\"@id\":\"https:\/\/www.nedzink.com\/cs\/#organization\"},\"potentialAction\":[{\"@type\":\"SearchAction\",\"target\":{\"@type\":\"EntryPoint\",\"urlTemplate\":\"https:\/\/www.nedzink.com\/cs\/?s={search_term_string}\"},\"query-input\":{\"@type\":\"PropertyValueSpecification\",\"valueRequired\":true,\"valueName\":\"search_term_string\"}}],\"inLanguage\":\"cs\"},{\"@type\":\"Organization\",\"@id\":\"https:\/\/www.nedzink.com\/cs\/#organization\",\"name\":\"NedZink\",\"url\":\"https:\/\/www.nedzink.com\/cs\/\",\"logo\":{\"@type\":\"ImageObject\",\"inLanguage\":\"cs\",\"@id\":\"https:\/\/www.nedzink.com\/cs\/#\/schema\/logo\/image\/\",\"url\":\"https:\/\/www.nedzink.com\/wp-content\/uploads\/2019\/08\/logo-nedzink_fc_zk.jpg\",\"contentUrl\":\"https:\/\/www.nedzink.com\/wp-content\/uploads\/2019\/08\/logo-nedzink_fc_zk.jpg\",\"width\":2160,\"height\":688,\"caption\":\"NedZink\"},\"image\":{\"@id\":\"https:\/\/www.nedzink.com\/cs\/#\/schema\/logo\/image\/\"}}]}<\/script>\n<!-- \/ Yoast SEO plugin. -->","yoast_head_json":{"title":"Kazetov\u00e9 syst\u00e9my \u2013 NedZink","robots":{"index":"index","follow":"follow","max-snippet":"max-snippet:-1","max-image-preview":"max-image-preview:large","max-video-preview":"max-video-preview:-1"},"canonical":"https:\/\/www.nedzink.com\/cs\/kazetove-systemy\/","og_locale":"cs_CZ","og_type":"article","og_title":"Kazetov\u00e9 syst\u00e9my \u2013 NedZink","og_description":"Popis syst&eacute;mu &nbsp; Opl&aacute;&scaron;t\u011bn&iacute; fas&aacute;d kazetami d&aacute;v&aacute; stavb&aacute;m plo&scaron;n&yacute;, rovnom\u011brn&yacute; a geometricky p\u0159esn&yacute; vzhled. Fas&aacute;dn&iacute; kazety jsou ji\u017e z v&yacute;roby opat\u0159eny zp\u011btn&yacute;m ohybem, kter&yacute; usnad\u0148uje jejich p\u0159ipevn\u011bn&iacute;. V&yacute;roba kazet je podobn&aacute; jako u dr&aacute;\u017ekovan&yacute;ch\/falcovan&yacute;ch panel\u016f, popsan&yacute;ch v p\u0159edchoz&iacute; kapitole. V&yacute;roba a dod&aacute;vka se uskute\u010d\u0148uj&iacute; v&yacute;hradn\u011b podle parametr\u016f dan&eacute;ho objektu a zak&aacute;zky. Kvalita povrchu A\u010dkoliv je [&hellip;]","og_url":"https:\/\/www.nedzink.com\/cs\/kazetove-systemy\/","og_site_name":"NedZink","og_image":[{"url":"https:\/\/www.nedzink.com\/wp-content\/uploads\/import\/cms\/userfiles\/images\/kortrijk1.jpg","type":"","width":"","height":""}],"twitter_card":"summary_large_image","twitter_misc":{"Odhadovan\u00e1 doba \u010dten\u00ed":"2 minuty"},"schema":{"@context":"https:\/\/schema.org","@graph":[{"@type":"WebPage","@id":"https:\/\/www.nedzink.com\/cs\/kazetove-systemy\/","url":"https:\/\/www.nedzink.com\/cs\/kazetove-systemy\/","name":"Kazetov\u00e9 syst\u00e9my \u2013 NedZink","isPartOf":{"@id":"https:\/\/www.nedzink.com\/cs\/#website"},"primaryImageOfPage":{"@id":"https:\/\/www.nedzink.com\/cs\/kazetove-systemy\/#primaryimage"},"image":{"@id":"https:\/\/www.nedzink.com\/cs\/kazetove-systemy\/#primaryimage"},"thumbnailUrl":"https:\/\/www.nedzink.com\/wp-content\/uploads\/import\/cms\/userfiles\/images\/kortrijk1.jpg","datePublished":"2019-06-04T12:55:42+00:00","breadcrumb":{"@id":"https:\/\/www.nedzink.com\/cs\/kazetove-systemy\/#breadcrumb"},"inLanguage":"cs","potentialAction":[{"@type":"ReadAction","target":["https:\/\/www.nedzink.com\/cs\/kazetove-systemy\/"]}]},{"@type":"ImageObject","inLanguage":"cs","@id":"https:\/\/www.nedzink.com\/cs\/kazetove-systemy\/#primaryimage","url":"https:\/\/www.nedzink.com\/wp-content\/uploads\/import\/cms\/userfiles\/images\/kortrijk1.jpg","contentUrl":"https:\/\/www.nedzink.com\/wp-content\/uploads\/import\/cms\/userfiles\/images\/kortrijk1.jpg"},{"@type":"BreadcrumbList","@id":"https:\/\/www.nedzink.com\/cs\/kazetove-systemy\/#breadcrumb","itemListElement":[{"@type":"ListItem","position":1,"name":"Home","item":"https:\/\/www.nedzink.com\/cs\/"},{"@type":"ListItem","position":2,"name":"Kazetov\u00e9 syst\u00e9my"}]},{"@type":"WebSite","@id":"https:\/\/www.nedzink.com\/cs\/#website","url":"https:\/\/www.nedzink.com\/cs\/","name":"NedZink","description":"Zink fabrikant","publisher":{"@id":"https:\/\/www.nedzink.com\/cs\/#organization"},"potentialAction":[{"@type":"SearchAction","target":{"@type":"EntryPoint","urlTemplate":"https:\/\/www.nedzink.com\/cs\/?s={search_term_string}"},"query-input":{"@type":"PropertyValueSpecification","valueRequired":true,"valueName":"search_term_string"}}],"inLanguage":"cs"},{"@type":"Organization","@id":"https:\/\/www.nedzink.com\/cs\/#organization","name":"NedZink","url":"https:\/\/www.nedzink.com\/cs\/","logo":{"@type":"ImageObject","inLanguage":"cs","@id":"https:\/\/www.nedzink.com\/cs\/#\/schema\/logo\/image\/","url":"https:\/\/www.nedzink.com\/wp-content\/uploads\/2019\/08\/logo-nedzink_fc_zk.jpg","contentUrl":"https:\/\/www.nedzink.com\/wp-content\/uploads\/2019\/08\/logo-nedzink_fc_zk.jpg","width":2160,"height":688,"caption":"NedZink"},"image":{"@id":"https:\/\/www.nedzink.com\/cs\/#\/schema\/logo\/image\/"}}]}},"_links":{"self":[{"href":"https:\/\/www.nedzink.com\/cs\/wp-json\/wp\/v2\/pages\/30967","targetHints":{"allow":["GET"]}}],"collection":[{"href":"https:\/\/www.nedzink.com\/cs\/wp-json\/wp\/v2\/pages"}],"about":[{"href":"https:\/\/www.nedzink.com\/cs\/wp-json\/wp\/v2\/types\/page"}],"author":[{"embeddable":true,"href":"https:\/\/www.nedzink.com\/cs\/wp-json\/wp\/v2\/users\/9"}],"replies":[{"embeddable":true,"href":"https:\/\/www.nedzink.com\/cs\/wp-json\/wp\/v2\/comments?post=30967"}],"version-history":[{"count":0,"href":"https:\/\/www.nedzink.com\/cs\/wp-json\/wp\/v2\/pages\/30967\/revisions"}],"wp:attachment":[{"href":"https:\/\/www.nedzink.com\/cs\/wp-json\/wp\/v2\/media?parent=30967"}],"curies":[{"name":"wp","href":"https:\/\/api.w.org\/{rel}","templated":true}]}}