{"id":30957,"date":"2019-06-04T14:55:39","date_gmt":"2019-06-04T12:55:39","guid":{"rendered":"http:\/\/136.144.181.85\/~nedzink\/technicke-info\/oplasteni-fasady\/system-zasunovacich-drazek\/"},"modified":"2019-06-04T14:55:39","modified_gmt":"2019-06-04T12:55:39","slug":"system-zasunovacich-drazek","status":"publish","type":"page","link":"https:\/\/www.nedzink.com\/cs\/oplasteni-fasady\/system-zasunovacich-drazek\/","title":{"rendered":"Syst\u00e9m zasunovac\u00edch dr\u00e1\u017eek"},"content":{"rendered":"<h3>\n\tPopis syst&eacute;mu<\/h3>\n<p>\n\tZasunovac&iacute; dr&aacute;\u017ekovan&eacute; panely jsou p\u0159edhotoven&yacute;m fas&aacute;dn&iacute;m profilem s perem a dr&aacute;\u017ekou k realizaci zav\u011b&scaron;en&eacute; fas&aacute;dy, kter&aacute; je zezadu odv\u011btr&aacute;van&aacute;. Pou\u017eit&iacute; panel\u016f je vhodn&eacute; jak pro v&yacute;stavbu rodinn&yacute;ch dom\u016f, tak i pro pr\u016fmyslov&eacute; a kancel&aacute;\u0159sk&eacute; budovy.<\/p>\n<p>\n\tPanely se vz&aacute;jemn\u011b spojuj&iacute; v pod&eacute;ln&eacute;m sm\u011bru zasunut&iacute;m do &bdquo;kapsy&ldquo;, \u010d&iacute;m\u017e vznik&aacute; jednolit&yacute; vzhled fas&aacute;dy se skryt&yacute;mi p\u0159ipev\u0148ovac&iacute;mi body. Existuje mo\u017enost vodorovn&eacute;ho, svisl&eacute;ho a &uacute;hlop\u0159&iacute;\u010dn&eacute;ho kotven&iacute; zasunovac&iacute;ch dr&aacute;\u017ekovan&yacute;ch panel\u016f, kter&eacute; maj&iacute; max. d&eacute;lku 6,00 m. Sp&aacute;ra, kter&aacute; se tak&eacute; naz&yacute;v&aacute; st&iacute;nov&aacute; sp&aacute;ra, m\u016f\u017ee b&yacute;t vytvo\u0159ena variabiln\u011b o velikosti mezi 2 mm a\u017e 30 mm.<\/p>\n<p>\n\t<br \/>\n\t<img decoding=\"async\" src=\"https:\/\/www.nedzink.com\/wp-content\/uploads\/import\/cms\/userfiles\/images\/Bild-1_6.2.2.jpg\" style=\"border-width: 0px; border-style: solid; width: 301px; height: 225px;\" \/>&nbsp;<img decoding=\"async\" src=\"https:\/\/www.nedzink.com\/wp-content\/uploads\/import\/cms\/userfiles\/images\/Bild-2_6.2.2.jpg\" style=\"border-width: 0px; border-style: solid; width: 301px; height: 225px;\" \/><\/p>\n<p>\n\t&nbsp;<\/p>\n<p>\n\tJako standardn&iacute; profil se dod&aacute;vaj&iacute; zasunovac&iacute; dr&aacute;\u017ekovan&eacute; profily NedZink, kter&eacute; jsou tvarov&aacute;ny ji\u017e ve v&yacute;rob\u011b. Zvl&aacute;&scaron;tn&iacute; profily pro oblasti napojov&aacute;n&iacute;, zakon\u010dov&aacute;n&iacute; a pro rohy se vyr&aacute;b\u011bj&iacute; jako p\u0159esn\u011b tvarovan&eacute;. Spoje panel\u016f lze vytv&aacute;\u0159et stykov&yacute;mi spoji a mezery mezi panely lze vy\u0159e&scaron;it pomoc&iacute; stykov&yacute;ch plech\u016f, tak\u017ee vznik&aacute; uzav\u0159en&aacute; pohledov&aacute; plocha. V&yacute;roba a dod&aacute;vka materi&aacute;lu prob&iacute;h&aacute; na z&aacute;klad\u011b zadan&yacute;ch rozm\u011br\u016f objektu.<\/p>\n<h3>\n\tKvalita povrchu<\/h3>\n<p>\n\tA\u010dkoliv je v z&aacute;sad\u011b mo\u017en&eacute; prov&aacute;d\u011bt opl&aacute;&scaron;t\u011bn&iacute; fas&aacute;dy profily s leskle v&aacute;lcovan&yacute;m povrchem NATUREL, doporu\u010dujeme pou\u017e&iacute;vat p\u0159edpatinovan&yacute; NedZink NOVA, kter&yacute; se vyzna\u010duje rovnom\u011brn&yacute;m vzhledem povrchu od sam&eacute;ho za\u010d&aacute;tku. Zku&scaron;enost ze staveb ukazuje, \u017ee po\u010d&aacute;te\u010dn&iacute; nerovnom\u011brn&eacute; vystaven&iacute; fas&aacute;dy NATUREL pov\u011btrnostn&iacute;m vliv\u016fm, a t&iacute;m nerovnom\u011brn&yacute; vznk patiny, zp\u016fsobuje \u010dasto probl&eacute;my ze strany stavebn&iacute;k\u016f.<\/p>\n<p>\n\t<br \/>\n\t&nbsp;<\/p>\n<table border=\"1\" cellpadding=\"1\" cellspacing=\"0\" width=\"500\">\n<tbody>\n<tr>\n<td>\n\t\t\t\t&nbsp;<\/td>\n<td>\n\t\t\t\t<strong>Hran\u011bn&yacute; profil<\/strong><\/td>\n<td>\n\t\t\t\t<strong>Profil tvarovan&yacute; v&aacute;le\u010dkov&aacute;n&iacute;m<\/strong><\/td>\n<\/tr>\n<tr>\n<td>\n\t\t\t\t<strong>Tlou&scaron;\u0165ka materi&aacute;lu<\/strong><\/td>\n<td>\n\t\t\t\t1,0 mm<\/td>\n<td>\n\t\t\t\t1,0 mm<\/td>\n<\/tr>\n<tr>\n<td>\n\t\t\t\t<strong>D&eacute;lka profilu<\/strong><\/td>\n<td>\n\t\t\t\tDoporu\u010deno max. 4,0 m<\/td>\n<td>\n\t\t\t\tDoporu\u010deno&nbsp;max. 6,0 m<\/td>\n<\/tr>\n<tr>\n<td>\n\t\t\t\t<strong>Standardn&iacute; osov&aacute; vzd&aacute;lenost<\/strong><\/td>\n<td align=\"center\" colspan=\"2\">\n\t\t\t\t200 \/ 250 \/ 300 \/ 333 mm<\/td>\n<\/tr>\n<tr>\n<td>\n\t\t\t\t<strong>&Scaron;&iacute;\u0159ka p\u0159&iacute;\u0159ezu<\/strong><\/td>\n<td align=\"center\">\n\t\t\t\tPohledov&aacute; plocha&nbsp;+ 130 mm<\/td>\n<td align=\"center\">\n\t\t\t\tPohledov&aacute; plocha&nbsp;+110 mm<\/td>\n<\/tr>\n<tr>\n<td>\n\t\t\t\t<strong>&Scaron;&iacute;\u0159ka&nbsp;<\/strong><strong>sp&aacute;ry<\/strong><\/td>\n<td align=\"center\" colspan=\"2\">\n\t\t\t\t2 mm &#8211; 30 mm<\/td>\n<\/tr>\n<tr>\n<td>\n\t\t\t\t<strong>V&yacute;&scaron;ka panelu<\/strong><\/td>\n<td>\n\t\t\t\t25 mm<\/td>\n<td>\n\t\t\t\t24 mm<\/td>\n<\/tr>\n<\/tbody>\n<\/table>\n<p><\/p>\n<p>\n\t&nbsp;<\/p>\n<p>\n\tDal&scaron;&iacute; rozm\u011bry na vy\u017e&aacute;d&aacute;n&iacute;<\/p>\n<h3>\n\tNosn&aacute; konstrukce<\/h3>\n<p>\n\tZasunovac&iacute; dr&aacute;\u017ekovan&eacute; panely se montuj&iacute; jako konstrukce s odv\u011btr&aacute;n&iacute;m zezadu na d\u0159ev\u011bn&eacute; nebo kovov&eacute; nosn&eacute; konstrukce, kter&eacute; nejsou celoplo&scaron;n&eacute; (nap\u0159. la\u0165ov&aacute;n&iacute;, trap&eacute;zov&eacute; profily, atd.). Na trhu jsou vhodn&eacute; kompletn&iacute; syst&eacute;my pro nosn&eacute; konstrukce od n\u011bkolika v&yacute;robc\u016f. Informace o nich jsou k dost&aacute;n&iacute; na vy\u017e&aacute;d&aacute;n&iacute;. Upevn\u011bn&iacute; panel\u016f se prov&aacute;d&iacute; skryt\u011b &scaron;rouby nebo n&yacute;ty z nerezov&eacute;ho materi&aacute;lu. P\u0159&iacute;\u010dn&eacute; a pod&eacute;ln&eacute; rozp&iacute;n&aacute;n&iacute; panel\u016f NedZink se mus&iacute; technicky zohlednit v n&aacute;vrhu dilata\u010dn&iacute;ch mezer fas&aacute;dn&iacute; konstrukce.<\/p>\n","protected":false},"excerpt":{"rendered":"<p>Popis syst&eacute;mu Zasunovac&iacute; dr&aacute;\u017ekovan&eacute; panely jsou p\u0159edhotoven&yacute;m fas&aacute;dn&iacute;m profilem s perem a dr&aacute;\u017ekou k realizaci zav\u011b&scaron;en&eacute; fas&aacute;dy, kter&aacute; je zezadu odv\u011btr&aacute;van&aacute;. Pou\u017eit&iacute; panel\u016f je vhodn&eacute; jak pro v&yacute;stavbu rodinn&yacute;ch dom\u016f, tak i pro pr\u016fmyslov&eacute; a kancel&aacute;\u0159sk&eacute; budovy. Panely se vz&aacute;jemn\u011b spojuj&iacute; v pod&eacute;ln&eacute;m sm\u011bru zasunut&iacute;m do &bdquo;kapsy&ldquo;, \u010d&iacute;m\u017e vznik&aacute; jednolit&yacute; vzhled fas&aacute;dy se skryt&yacute;mi p\u0159ipev\u0148ovac&iacute;mi [&hellip;]<\/p>\n","protected":false},"author":9,"featured_media":0,"parent":30904,"menu_order":920,"comment_status":"closed","ping_status":"closed","template":"template-import.php","meta":{"_acf_changed":false,"footnotes":""},"class_list":["post-30957","page","type-page","status-publish","hentry"],"acf":[],"yoast_head":"<!-- This site is optimized with the Yoast SEO plugin v26.8 - https:\/\/yoast.com\/product\/yoast-seo-wordpress\/ -->\n<title>Syst\u00e9m zasunovac\u00edch dr\u00e1\u017eek \u2013 NedZink<\/title>\n<meta name=\"robots\" content=\"index, follow, max-snippet:-1, max-image-preview:large, max-video-preview:-1\" \/>\n<link rel=\"canonical\" href=\"https:\/\/www.nedzink.com\/cs\/oplasteni-fasady\/system-zasunovacich-drazek\/\" \/>\n<meta property=\"og:locale\" content=\"cs_CZ\" \/>\n<meta property=\"og:type\" content=\"article\" \/>\n<meta property=\"og:title\" content=\"Syst\u00e9m zasunovac\u00edch dr\u00e1\u017eek \u2013 NedZink\" \/>\n<meta property=\"og:description\" content=\"Popis syst&eacute;mu Zasunovac&iacute; dr&aacute;\u017ekovan&eacute; panely jsou p\u0159edhotoven&yacute;m fas&aacute;dn&iacute;m profilem s perem a dr&aacute;\u017ekou k realizaci zav\u011b&scaron;en&eacute; fas&aacute;dy, kter&aacute; je zezadu odv\u011btr&aacute;van&aacute;. Pou\u017eit&iacute; panel\u016f je vhodn&eacute; jak pro v&yacute;stavbu rodinn&yacute;ch dom\u016f, tak i pro pr\u016fmyslov&eacute; a kancel&aacute;\u0159sk&eacute; budovy. Panely se vz&aacute;jemn\u011b spojuj&iacute; v pod&eacute;ln&eacute;m sm\u011bru zasunut&iacute;m do &bdquo;kapsy&ldquo;, \u010d&iacute;m\u017e vznik&aacute; jednolit&yacute; vzhled fas&aacute;dy se skryt&yacute;mi p\u0159ipev\u0148ovac&iacute;mi [&hellip;]\" \/>\n<meta property=\"og:url\" content=\"https:\/\/www.nedzink.com\/cs\/oplasteni-fasady\/system-zasunovacich-drazek\/\" \/>\n<meta property=\"og:site_name\" content=\"NedZink\" \/>\n<meta property=\"og:image\" content=\"https:\/\/www.nedzink.com\/wp-content\/uploads\/import\/cms\/userfiles\/images\/Bild-1_6.2.2.jpg\" \/>\n<meta name=\"twitter:card\" content=\"summary_large_image\" \/>\n<meta name=\"twitter:label1\" content=\"Odhadovan\u00e1 doba \u010dten\u00ed\" \/>\n\t<meta name=\"twitter:data1\" content=\"3 minuty\" \/>\n<script type=\"application\/ld+json\" class=\"yoast-schema-graph\">{\"@context\":\"https:\/\/schema.org\",\"@graph\":[{\"@type\":\"WebPage\",\"@id\":\"https:\/\/www.nedzink.com\/cs\/oplasteni-fasady\/system-zasunovacich-drazek\/\",\"url\":\"https:\/\/www.nedzink.com\/cs\/oplasteni-fasady\/system-zasunovacich-drazek\/\",\"name\":\"Syst\u00e9m zasunovac\u00edch dr\u00e1\u017eek \u2013 NedZink\",\"isPartOf\":{\"@id\":\"https:\/\/www.nedzink.com\/cs\/#website\"},\"primaryImageOfPage\":{\"@id\":\"https:\/\/www.nedzink.com\/cs\/oplasteni-fasady\/system-zasunovacich-drazek\/#primaryimage\"},\"image\":{\"@id\":\"https:\/\/www.nedzink.com\/cs\/oplasteni-fasady\/system-zasunovacich-drazek\/#primaryimage\"},\"thumbnailUrl\":\"https:\/\/www.nedzink.com\/wp-content\/uploads\/import\/cms\/userfiles\/images\/Bild-1_6.2.2.jpg\",\"datePublished\":\"2019-06-04T12:55:39+00:00\",\"breadcrumb\":{\"@id\":\"https:\/\/www.nedzink.com\/cs\/oplasteni-fasady\/system-zasunovacich-drazek\/#breadcrumb\"},\"inLanguage\":\"cs\",\"potentialAction\":[{\"@type\":\"ReadAction\",\"target\":[\"https:\/\/www.nedzink.com\/cs\/oplasteni-fasady\/system-zasunovacich-drazek\/\"]}]},{\"@type\":\"ImageObject\",\"inLanguage\":\"cs\",\"@id\":\"https:\/\/www.nedzink.com\/cs\/oplasteni-fasady\/system-zasunovacich-drazek\/#primaryimage\",\"url\":\"https:\/\/www.nedzink.com\/wp-content\/uploads\/import\/cms\/userfiles\/images\/Bild-1_6.2.2.jpg\",\"contentUrl\":\"https:\/\/www.nedzink.com\/wp-content\/uploads\/import\/cms\/userfiles\/images\/Bild-1_6.2.2.jpg\"},{\"@type\":\"BreadcrumbList\",\"@id\":\"https:\/\/www.nedzink.com\/cs\/oplasteni-fasady\/system-zasunovacich-drazek\/#breadcrumb\",\"itemListElement\":[{\"@type\":\"ListItem\",\"position\":1,\"name\":\"Home\",\"item\":\"https:\/\/www.nedzink.com\/cs\/\"},{\"@type\":\"ListItem\",\"position\":2,\"name\":\"Opl\u00e1\u0161t\u011bn\u00ed fas\u00e1dy\",\"item\":\"https:\/\/www.nedzink.com\/cs\/oplasteni-fasady\/\"},{\"@type\":\"ListItem\",\"position\":3,\"name\":\"Syst\u00e9m zasunovac\u00edch dr\u00e1\u017eek\"}]},{\"@type\":\"WebSite\",\"@id\":\"https:\/\/www.nedzink.com\/cs\/#website\",\"url\":\"https:\/\/www.nedzink.com\/cs\/\",\"name\":\"NedZink\",\"description\":\"Zink fabrikant\",\"publisher\":{\"@id\":\"https:\/\/www.nedzink.com\/cs\/#organization\"},\"potentialAction\":[{\"@type\":\"SearchAction\",\"target\":{\"@type\":\"EntryPoint\",\"urlTemplate\":\"https:\/\/www.nedzink.com\/cs\/?s={search_term_string}\"},\"query-input\":{\"@type\":\"PropertyValueSpecification\",\"valueRequired\":true,\"valueName\":\"search_term_string\"}}],\"inLanguage\":\"cs\"},{\"@type\":\"Organization\",\"@id\":\"https:\/\/www.nedzink.com\/cs\/#organization\",\"name\":\"NedZink\",\"url\":\"https:\/\/www.nedzink.com\/cs\/\",\"logo\":{\"@type\":\"ImageObject\",\"inLanguage\":\"cs\",\"@id\":\"https:\/\/www.nedzink.com\/cs\/#\/schema\/logo\/image\/\",\"url\":\"https:\/\/www.nedzink.com\/wp-content\/uploads\/2019\/08\/logo-nedzink_fc_zk.jpg\",\"contentUrl\":\"https:\/\/www.nedzink.com\/wp-content\/uploads\/2019\/08\/logo-nedzink_fc_zk.jpg\",\"width\":2160,\"height\":688,\"caption\":\"NedZink\"},\"image\":{\"@id\":\"https:\/\/www.nedzink.com\/cs\/#\/schema\/logo\/image\/\"}}]}<\/script>\n<!-- \/ Yoast SEO plugin. -->","yoast_head_json":{"title":"Syst\u00e9m zasunovac\u00edch dr\u00e1\u017eek \u2013 NedZink","robots":{"index":"index","follow":"follow","max-snippet":"max-snippet:-1","max-image-preview":"max-image-preview:large","max-video-preview":"max-video-preview:-1"},"canonical":"https:\/\/www.nedzink.com\/cs\/oplasteni-fasady\/system-zasunovacich-drazek\/","og_locale":"cs_CZ","og_type":"article","og_title":"Syst\u00e9m zasunovac\u00edch dr\u00e1\u017eek \u2013 NedZink","og_description":"Popis syst&eacute;mu Zasunovac&iacute; dr&aacute;\u017ekovan&eacute; panely jsou p\u0159edhotoven&yacute;m fas&aacute;dn&iacute;m profilem s perem a dr&aacute;\u017ekou k realizaci zav\u011b&scaron;en&eacute; fas&aacute;dy, kter&aacute; je zezadu odv\u011btr&aacute;van&aacute;. Pou\u017eit&iacute; panel\u016f je vhodn&eacute; jak pro v&yacute;stavbu rodinn&yacute;ch dom\u016f, tak i pro pr\u016fmyslov&eacute; a kancel&aacute;\u0159sk&eacute; budovy. Panely se vz&aacute;jemn\u011b spojuj&iacute; v pod&eacute;ln&eacute;m sm\u011bru zasunut&iacute;m do &bdquo;kapsy&ldquo;, \u010d&iacute;m\u017e vznik&aacute; jednolit&yacute; vzhled fas&aacute;dy se skryt&yacute;mi p\u0159ipev\u0148ovac&iacute;mi [&hellip;]","og_url":"https:\/\/www.nedzink.com\/cs\/oplasteni-fasady\/system-zasunovacich-drazek\/","og_site_name":"NedZink","og_image":[{"url":"https:\/\/www.nedzink.com\/wp-content\/uploads\/import\/cms\/userfiles\/images\/Bild-1_6.2.2.jpg","type":"","width":"","height":""}],"twitter_card":"summary_large_image","twitter_misc":{"Odhadovan\u00e1 doba \u010dten\u00ed":"3 minuty"},"schema":{"@context":"https:\/\/schema.org","@graph":[{"@type":"WebPage","@id":"https:\/\/www.nedzink.com\/cs\/oplasteni-fasady\/system-zasunovacich-drazek\/","url":"https:\/\/www.nedzink.com\/cs\/oplasteni-fasady\/system-zasunovacich-drazek\/","name":"Syst\u00e9m zasunovac\u00edch dr\u00e1\u017eek \u2013 NedZink","isPartOf":{"@id":"https:\/\/www.nedzink.com\/cs\/#website"},"primaryImageOfPage":{"@id":"https:\/\/www.nedzink.com\/cs\/oplasteni-fasady\/system-zasunovacich-drazek\/#primaryimage"},"image":{"@id":"https:\/\/www.nedzink.com\/cs\/oplasteni-fasady\/system-zasunovacich-drazek\/#primaryimage"},"thumbnailUrl":"https:\/\/www.nedzink.com\/wp-content\/uploads\/import\/cms\/userfiles\/images\/Bild-1_6.2.2.jpg","datePublished":"2019-06-04T12:55:39+00:00","breadcrumb":{"@id":"https:\/\/www.nedzink.com\/cs\/oplasteni-fasady\/system-zasunovacich-drazek\/#breadcrumb"},"inLanguage":"cs","potentialAction":[{"@type":"ReadAction","target":["https:\/\/www.nedzink.com\/cs\/oplasteni-fasady\/system-zasunovacich-drazek\/"]}]},{"@type":"ImageObject","inLanguage":"cs","@id":"https:\/\/www.nedzink.com\/cs\/oplasteni-fasady\/system-zasunovacich-drazek\/#primaryimage","url":"https:\/\/www.nedzink.com\/wp-content\/uploads\/import\/cms\/userfiles\/images\/Bild-1_6.2.2.jpg","contentUrl":"https:\/\/www.nedzink.com\/wp-content\/uploads\/import\/cms\/userfiles\/images\/Bild-1_6.2.2.jpg"},{"@type":"BreadcrumbList","@id":"https:\/\/www.nedzink.com\/cs\/oplasteni-fasady\/system-zasunovacich-drazek\/#breadcrumb","itemListElement":[{"@type":"ListItem","position":1,"name":"Home","item":"https:\/\/www.nedzink.com\/cs\/"},{"@type":"ListItem","position":2,"name":"Opl\u00e1\u0161t\u011bn\u00ed fas\u00e1dy","item":"https:\/\/www.nedzink.com\/cs\/oplasteni-fasady\/"},{"@type":"ListItem","position":3,"name":"Syst\u00e9m zasunovac\u00edch dr\u00e1\u017eek"}]},{"@type":"WebSite","@id":"https:\/\/www.nedzink.com\/cs\/#website","url":"https:\/\/www.nedzink.com\/cs\/","name":"NedZink","description":"Zink fabrikant","publisher":{"@id":"https:\/\/www.nedzink.com\/cs\/#organization"},"potentialAction":[{"@type":"SearchAction","target":{"@type":"EntryPoint","urlTemplate":"https:\/\/www.nedzink.com\/cs\/?s={search_term_string}"},"query-input":{"@type":"PropertyValueSpecification","valueRequired":true,"valueName":"search_term_string"}}],"inLanguage":"cs"},{"@type":"Organization","@id":"https:\/\/www.nedzink.com\/cs\/#organization","name":"NedZink","url":"https:\/\/www.nedzink.com\/cs\/","logo":{"@type":"ImageObject","inLanguage":"cs","@id":"https:\/\/www.nedzink.com\/cs\/#\/schema\/logo\/image\/","url":"https:\/\/www.nedzink.com\/wp-content\/uploads\/2019\/08\/logo-nedzink_fc_zk.jpg","contentUrl":"https:\/\/www.nedzink.com\/wp-content\/uploads\/2019\/08\/logo-nedzink_fc_zk.jpg","width":2160,"height":688,"caption":"NedZink"},"image":{"@id":"https:\/\/www.nedzink.com\/cs\/#\/schema\/logo\/image\/"}}]}},"_links":{"self":[{"href":"https:\/\/www.nedzink.com\/cs\/wp-json\/wp\/v2\/pages\/30957","targetHints":{"allow":["GET"]}}],"collection":[{"href":"https:\/\/www.nedzink.com\/cs\/wp-json\/wp\/v2\/pages"}],"about":[{"href":"https:\/\/www.nedzink.com\/cs\/wp-json\/wp\/v2\/types\/page"}],"author":[{"embeddable":true,"href":"https:\/\/www.nedzink.com\/cs\/wp-json\/wp\/v2\/users\/9"}],"replies":[{"embeddable":true,"href":"https:\/\/www.nedzink.com\/cs\/wp-json\/wp\/v2\/comments?post=30957"}],"version-history":[{"count":0,"href":"https:\/\/www.nedzink.com\/cs\/wp-json\/wp\/v2\/pages\/30957\/revisions"}],"up":[{"embeddable":true,"href":"https:\/\/www.nedzink.com\/cs\/wp-json\/wp\/v2\/pages\/30904"}],"wp:attachment":[{"href":"https:\/\/www.nedzink.com\/cs\/wp-json\/wp\/v2\/media?parent=30957"}],"curies":[{"name":"wp","href":"https:\/\/api.w.org\/{rel}","templated":true}]}}