{"id":30926,"date":"2019-06-04T14:55:29","date_gmt":"2019-06-04T12:55:29","guid":{"rendered":"http:\/\/136.144.181.85\/~nedzink\/technicke-info\/oplasteni-fasady\/system-stojatych-drazek\/"},"modified":"2019-06-04T14:55:29","modified_gmt":"2019-06-04T12:55:29","slug":"system-stojatych-drazek","status":"publish","type":"page","link":"https:\/\/www.nedzink.com\/cs\/oplasteni-fasady\/system-stojatych-drazek\/","title":{"rendered":"Syst\u00e9m stojat\u00fdch dr\u00e1\u017eek"},"content":{"rendered":"<h3>\n\tD&eacute;lky a &scaron;&iacute;\u0159ky fas&aacute;dn&iacute;ch p&aacute;s\u016f<\/h3>\n<p>\n\t&nbsp;<\/p>\n<p>\n\tPro opl&aacute;&scaron;t\u011bn&iacute; fas&aacute;d jsou velmi vhodn&eacute; &uacute;hlov&eacute; stojat&eacute; dr&aacute;\u017eky, proto\u017ee p\u0159i mont&aacute;\u017ei se strojov\u011b p\u0159edprofilovan&eacute; p&aacute;sy t&eacute;m\u011b\u0159 nemus&iacute; upravovat. Horn&iacute; dr&aacute;\u017eka pouze v prav&eacute;m &uacute;hlu p\u0159ekryje spodn&iacute; dr&aacute;\u017eku. P\u0159i pou\u017eit&iacute; tohoto spoje vznikne v materi&aacute;lu jen velmi mal&eacute; pnut&iacute; a v kone\u010dn&eacute;m d\u016fsledku se tak doc&iacute;l&iacute; opl&aacute;&scaron;t\u011bn&iacute; fas&aacute;dy s velkou rovinnost&iacute;. D&eacute;lky fas&aacute;dn&iacute;ch p&aacute;s\u016f by nem\u011bly p\u0159ekro\u010dit maxim&aacute;ln\u011b 6,00 m.<\/p>\n<p>\n\tJestli\u017ee je po\u017eadov&aacute;no zvln\u011bn&iacute; fas&aacute;dy, m\u011bla by se omezit maxim&aacute;ln&iacute; d&eacute;lka p&aacute;s\u016f na 3,00 m. Pro opl&aacute;&scaron;t\u011bn&iacute; lze teoreticky pou\u017e&iacute;t cel&eacute; spektrum &scaron;&iacute;\u0159ek p&aacute;s\u016f, a to a\u017e do 670 mm. Jestli\u017ee se po\u017eaduje rovinnost a mal&eacute; zvln\u011bn&iacute;, nem\u011bla by &scaron;&iacute;\u0159ka p&aacute;s\u016f p\u0159ekro\u010dit 500 mm. Jestli\u017ee se pou\u017eij&iacute; standardn&iacute; p&aacute;sy, potom se nab&iacute;z&iacute; &scaron;&iacute;\u0159ka p&aacute;su 500 mm se &scaron;&iacute;\u0159kou po zabudov&aacute;n&iacute; zhruba 430 mm.<\/p>\n<p>\n\tPro zaji&scaron;t\u011bn&iacute; rovinnosti v&yacute;sledn&eacute;ho opl&aacute;&scaron;t\u011bn&iacute; jsou p&aacute;sy p\u0159ednostn\u011b vyr&aacute;b\u011bny z tabulov&eacute;ho materi&aacute;lu.<\/p>\n<h3>\n\tTlou&scaron;\u0165ka materi&aacute;lu<\/h3>\n<p>\n\tNejmen&scaron;&iacute; pou\u017eiteln&aacute; tlou&scaron;\u0165ka materi&aacute;lu pro opl&aacute;&scaron;t\u011bn&iacute; fas&aacute;d technikou &uacute;hlov&yacute;ch stojat&yacute;ch dr&aacute;\u017eek je 0,7 mm. Aby bylo mo\u017en&eacute; zhotovit rovn&eacute;, esteticky p\u016fsobiv&eacute; fas&aacute;dn&iacute; opl&aacute;&scaron;t\u011bn&iacute; i s ohledem na tepelnou rozta\u017enost, m\u011bla by b&yacute;t tlou&scaron;\u0165ka materi&aacute;lu v z&aacute;vislosti na rozm\u011bru fas&aacute;dn&iacute;ch p&aacute;s\u016f a v&yacute;&scaron;ce budovy 0,8 mm a\u017e 1,00 mm. Mal&yacute;m nerovnostem na povrchu opl&aacute;&scaron;t\u011bn&iacute; se ov&scaron;em nelze vyhnout ani p\u0159i t\u011bchto tlou&scaron;\u0165k&aacute;ch materi&aacute;lu.<\/p>\n<h3>\n\t<img decoding=\"async\" alt=\"\" src=\"https:\/\/www.nedzink.com\/wp-content\/uploads\/import\/cms\/userfiles\/images\/51_wand_winkelfalz-2__custom_.jpg\" style=\"border-bottom: 0px solid; border-left: 0px solid; margin: 10px; width: 250px; float: left; height: 250px; border-top: 0px solid; border-right: 0px solid\" \/><\/h3>\n<h3>\n\tP\u0159&iacute;\u010dn&aacute; spojen&iacute;<\/h3>\n<p>\n\t&nbsp;<\/p>\n<p>\n\tJako p\u0159&iacute;\u010dn&eacute; spojen&iacute; u pr\u016fb\u011b\u017en&yacute;ch nebo odsazen&yacute;ch spoj\u016f se pou\u017e&iacute;v&aacute; p\u0159&iacute;\u010dn&aacute; dr&aacute;\u017eka. Z&aacute;hyby a zp\u011btn&eacute; ohyby slou\u017e&iacute; nejen pro zabezpe\u010den&iacute; proti pronikaj&iacute;c&iacute; vod\u011b, n&yacute;br\u017e tak&eacute; pro p\u0159&iacute;\u010dn&eacute; zpevn\u011bn&iacute; plechov&yacute;ch p&aacute;s\u016f proti zvln\u011bn&iacute;. Ve zvl&aacute;&scaron;tn&iacute;ch p\u0159&iacute;padech &ndash; nap\u0159. p\u0159i pronik&aacute;n&iacute; sn\u011bhu\/sr&aacute;\u017eek &ndash; m\u016f\u017ee b&yacute;t vhodn&eacute; pou\u017e&iacute;t p\u0159&iacute;\u010dnou dr&aacute;\u017eku s dodate\u010dnou dr&aacute;\u017ekou. Z&aacute;hyby se zhotovuj&iacute; tak&eacute; na horn&iacute;m okraji ka\u017ed&eacute;ho p&aacute;su (&scaron;t&iacute;tov&aacute; strana).<\/p>\n<p>\n\t&nbsp;&nbsp;&nbsp;&nbsp;&nbsp;&nbsp;&nbsp;&nbsp;&nbsp;&nbsp;&nbsp;&nbsp;&nbsp;&nbsp;&nbsp;&nbsp;&nbsp;&nbsp;&nbsp;&nbsp;&nbsp;&nbsp;&nbsp;&nbsp;<\/p>\n<h3>\n\tP\u0159ipevn\u011bn&iacute;<\/h3>\n<p>\n\tP\u0159ipevn\u011bn&iacute; fas&aacute;dn&iacute;ch p&aacute;s\u016f se prov&aacute;d&iacute; obdobn\u011b jako u falcovan&yacute;ch syst&eacute;m\u016f:<\/p>\n<p>\n\t&nbsp;<\/p>\n<p>\n\t<strong>Pevn&eacute; p\u0159&iacute;ponky<\/strong><\/p>\n<p>\n\tP\u0159en&aacute;&scaron;ej&iacute; zat&iacute;\u017een&iacute; a zabra\u0148uj&iacute; sklouznut&iacute;. P\u0159ipevn\u011bn&iacute; pomoc&iacute; pevn&yacute;ch p\u0159&iacute;ponek se prov&aacute;d&iacute; u opl&aacute;&scaron;t\u011bn&iacute; fas&aacute;d pouze na horn&iacute;m okraji v rozsahu 1 &#8211; 2 m, proto\u017ee by jinak byl omezen pohyb sm\u011brem dol\u016f p\u0159i rozta\u017enosti materi&aacute;lu.<\/p>\n<p>\n\t&nbsp;<\/p>\n<p>\n\t<strong>Posuvn&eacute; p\u0159&iacute;ponky<\/strong><\/p>\n<p>\n\tCel&aacute; plocha pod pevn&yacute;mi p\u0159&iacute;ponkami se upevn&iacute; posuvn&yacute;mi p\u0159&iacute;ponkami, kter&eacute; p\u0159ej&iacute;maj&iacute; pohyby p\u0159i rozp&iacute;n&aacute;n&iacute; materi&aacute;lu. Precizn&iacute; proveden&iacute; je rozhoduj&iacute;c&iacute; pro minimalizaci vzniku zvln\u011bn&iacute;. P\u0159i spojov&aacute;n&iacute; p&aacute;s\u016f na &uacute;hlovou stojatou dr&aacute;\u017eku je nutn&eacute; db&aacute;t na spr&aacute;vn&eacute; postaven&iacute; posuvn&eacute;ho jaz&yacute;\u010dku p\u0159&iacute;ponky.<\/p>\n<p>\n\t&nbsp;<\/p>\n<h3>\n\tVystaven&iacute; pov\u011btrnostn&iacute;m vliv\u016fm<\/h3>\n<p>\n\tPro opl&aacute;&scaron;t\u011bn&iacute; fas&aacute;dy se m\u016f\u017ee pou\u017e&iacute;t leskle v&aacute;lcovan&yacute; NedZink NATUREL. Je ov&scaron;em pot\u0159eba zohlednit orientaci fas&aacute;dn&iacute;ch ploch ke sv\u011btov&yacute;m stran&aacute;m. Tam, kde jsou fas&aacute;dy pouze m&aacute;lo vystaveny p\u016fsoben&iacute; pov\u011btrnostn&iacute;ch vliv\u016f nebo mu nejsou vystaveny v\u016fbec, trv&aacute; vytvo\u0159en&iacute; patiny velice dlouho a prob&iacute;h&aacute; nerovnom\u011brn\u011b. Jestli\u017ee se po\u017eaduje od sam&eacute;ho za\u010d&aacute;tku rovnom\u011brn&yacute; povrch, potom doporu\u010dujeme pou\u017e&iacute;t p\u0159edpatinovan&yacute; NedZink NOVA.<\/p>\n<p>\n\t&nbsp;<\/p>\n<h3>\n\tPodrobnosti k proveden&iacute;<\/h3>\n<p>\n\tSpecifick&eacute; podrobnosti k prov&aacute;d\u011bn&iacute; opl&aacute;&scaron;t\u011bn&iacute; fas&aacute;dy syst&eacute;mem &uacute;hlov&yacute;ch stojat&yacute;ch dr&aacute;\u017eek jsou uvedeny v kapitol&aacute;ch:<\/p>\n<ul>\n<li style=\"margin-left: 18pt; \">\n\t\tzad&aacute;n&iacute;\/katalog NedZink<\/li>\n<li style=\"margin-left: 18pt; \">\n\t\tpodrobnosti.<\/li>\n<\/ul>\n<p>\n\t<a class=\"RTE_URL_MEDIACAT_Link\" href=\"http:\/\/www.nedzink.nl\/media\/technisch_advies\/51_wand_winkelfalz-1.jpg\" target=\"_blank\" title=\"http:\/\/www.nedzink.nl\/media\/technisch_advies\/51_wand_winkelfalz-1.jpg\" rel=\"noopener noreferrer\"><img decoding=\"async\" alt=\"\" src=\"https:\/\/www.nedzink.com\/wp-content\/uploads\/import\/cms\/userfiles\/images\/51_wand_winkelfalz-1__custom_.jpg\" style=\"border-bottom: 0px solid; border-left: 0px solid; margin: 10px; width: 250px; height: 250px; border-top: 0px solid; border-right: 0px solid\" \/><\/a><\/p>\n","protected":false},"excerpt":{"rendered":"<p>D&eacute;lky a &scaron;&iacute;\u0159ky fas&aacute;dn&iacute;ch p&aacute;s\u016f &nbsp; Pro opl&aacute;&scaron;t\u011bn&iacute; fas&aacute;d jsou velmi vhodn&eacute; &uacute;hlov&eacute; stojat&eacute; dr&aacute;\u017eky, proto\u017ee p\u0159i mont&aacute;\u017ei se strojov\u011b p\u0159edprofilovan&eacute; p&aacute;sy t&eacute;m\u011b\u0159 nemus&iacute; upravovat. Horn&iacute; dr&aacute;\u017eka pouze v prav&eacute;m &uacute;hlu p\u0159ekryje spodn&iacute; dr&aacute;\u017eku. P\u0159i pou\u017eit&iacute; tohoto spoje vznikne v materi&aacute;lu jen velmi mal&eacute; pnut&iacute; a v kone\u010dn&eacute;m d\u016fsledku se tak doc&iacute;l&iacute; opl&aacute;&scaron;t\u011bn&iacute; fas&aacute;dy s [&hellip;]<\/p>\n","protected":false},"author":9,"featured_media":0,"parent":30904,"menu_order":890,"comment_status":"closed","ping_status":"closed","template":"template-import.php","meta":{"_acf_changed":false,"footnotes":""},"class_list":["post-30926","page","type-page","status-publish","hentry"],"acf":[],"yoast_head":"<!-- This site is optimized with the Yoast SEO plugin v26.8 - https:\/\/yoast.com\/product\/yoast-seo-wordpress\/ -->\n<title>Syst\u00e9m stojat\u00fdch dr\u00e1\u017eek &#8211; NedZink<\/title>\n<meta name=\"robots\" content=\"index, follow, max-snippet:-1, max-image-preview:large, max-video-preview:-1\" \/>\n<link rel=\"canonical\" href=\"https:\/\/www.nedzink.com\/cs\/oplasteni-fasady\/system-stojatych-drazek\/\" \/>\n<meta property=\"og:locale\" content=\"cs_CZ\" \/>\n<meta property=\"og:type\" content=\"article\" \/>\n<meta property=\"og:title\" content=\"Syst\u00e9m stojat\u00fdch dr\u00e1\u017eek &#8211; NedZink\" \/>\n<meta property=\"og:description\" content=\"D&eacute;lky a &scaron;&iacute;\u0159ky fas&aacute;dn&iacute;ch p&aacute;s\u016f &nbsp; Pro opl&aacute;&scaron;t\u011bn&iacute; fas&aacute;d jsou velmi vhodn&eacute; &uacute;hlov&eacute; stojat&eacute; dr&aacute;\u017eky, proto\u017ee p\u0159i mont&aacute;\u017ei se strojov\u011b p\u0159edprofilovan&eacute; p&aacute;sy t&eacute;m\u011b\u0159 nemus&iacute; upravovat. Horn&iacute; dr&aacute;\u017eka pouze v prav&eacute;m &uacute;hlu p\u0159ekryje spodn&iacute; dr&aacute;\u017eku. P\u0159i pou\u017eit&iacute; tohoto spoje vznikne v materi&aacute;lu jen velmi mal&eacute; pnut&iacute; a v kone\u010dn&eacute;m d\u016fsledku se tak doc&iacute;l&iacute; opl&aacute;&scaron;t\u011bn&iacute; fas&aacute;dy s [&hellip;]\" \/>\n<meta property=\"og:url\" content=\"https:\/\/www.nedzink.com\/cs\/oplasteni-fasady\/system-stojatych-drazek\/\" \/>\n<meta property=\"og:site_name\" content=\"NedZink\" \/>\n<meta property=\"og:image\" content=\"https:\/\/www.nedzink.com\/wp-content\/uploads\/import\/cms\/userfiles\/images\/51_wand_winkelfalz-2__custom_.jpg\" \/>\n<meta name=\"twitter:card\" content=\"summary_large_image\" \/>\n<meta name=\"twitter:label1\" content=\"Odhadovan\u00e1 doba \u010dten\u00ed\" \/>\n\t<meta name=\"twitter:data1\" content=\"5 minut\" \/>\n<script type=\"application\/ld+json\" class=\"yoast-schema-graph\">{\"@context\":\"https:\/\/schema.org\",\"@graph\":[{\"@type\":\"WebPage\",\"@id\":\"https:\/\/www.nedzink.com\/cs\/oplasteni-fasady\/system-stojatych-drazek\/\",\"url\":\"https:\/\/www.nedzink.com\/cs\/oplasteni-fasady\/system-stojatych-drazek\/\",\"name\":\"Syst\u00e9m stojat\u00fdch dr\u00e1\u017eek &#8211; NedZink\",\"isPartOf\":{\"@id\":\"https:\/\/www.nedzink.com\/cs\/#website\"},\"primaryImageOfPage\":{\"@id\":\"https:\/\/www.nedzink.com\/cs\/oplasteni-fasady\/system-stojatych-drazek\/#primaryimage\"},\"image\":{\"@id\":\"https:\/\/www.nedzink.com\/cs\/oplasteni-fasady\/system-stojatych-drazek\/#primaryimage\"},\"thumbnailUrl\":\"https:\/\/www.nedzink.com\/wp-content\/uploads\/import\/cms\/userfiles\/images\/51_wand_winkelfalz-2__custom_.jpg\",\"datePublished\":\"2019-06-04T12:55:29+00:00\",\"breadcrumb\":{\"@id\":\"https:\/\/www.nedzink.com\/cs\/oplasteni-fasady\/system-stojatych-drazek\/#breadcrumb\"},\"inLanguage\":\"cs\",\"potentialAction\":[{\"@type\":\"ReadAction\",\"target\":[\"https:\/\/www.nedzink.com\/cs\/oplasteni-fasady\/system-stojatych-drazek\/\"]}]},{\"@type\":\"ImageObject\",\"inLanguage\":\"cs\",\"@id\":\"https:\/\/www.nedzink.com\/cs\/oplasteni-fasady\/system-stojatych-drazek\/#primaryimage\",\"url\":\"https:\/\/www.nedzink.com\/wp-content\/uploads\/import\/cms\/userfiles\/images\/51_wand_winkelfalz-2__custom_.jpg\",\"contentUrl\":\"https:\/\/www.nedzink.com\/wp-content\/uploads\/import\/cms\/userfiles\/images\/51_wand_winkelfalz-2__custom_.jpg\"},{\"@type\":\"BreadcrumbList\",\"@id\":\"https:\/\/www.nedzink.com\/cs\/oplasteni-fasady\/system-stojatych-drazek\/#breadcrumb\",\"itemListElement\":[{\"@type\":\"ListItem\",\"position\":1,\"name\":\"Home\",\"item\":\"https:\/\/www.nedzink.com\/cs\/\"},{\"@type\":\"ListItem\",\"position\":2,\"name\":\"Opl\u00e1\u0161t\u011bn\u00ed fas\u00e1dy\",\"item\":\"https:\/\/www.nedzink.com\/cs\/oplasteni-fasady\/\"},{\"@type\":\"ListItem\",\"position\":3,\"name\":\"Syst\u00e9m stojat\u00fdch dr\u00e1\u017eek\"}]},{\"@type\":\"WebSite\",\"@id\":\"https:\/\/www.nedzink.com\/cs\/#website\",\"url\":\"https:\/\/www.nedzink.com\/cs\/\",\"name\":\"NedZink\",\"description\":\"Zink fabrikant\",\"publisher\":{\"@id\":\"https:\/\/www.nedzink.com\/cs\/#organization\"},\"potentialAction\":[{\"@type\":\"SearchAction\",\"target\":{\"@type\":\"EntryPoint\",\"urlTemplate\":\"https:\/\/www.nedzink.com\/cs\/?s={search_term_string}\"},\"query-input\":{\"@type\":\"PropertyValueSpecification\",\"valueRequired\":true,\"valueName\":\"search_term_string\"}}],\"inLanguage\":\"cs\"},{\"@type\":\"Organization\",\"@id\":\"https:\/\/www.nedzink.com\/cs\/#organization\",\"name\":\"NedZink\",\"url\":\"https:\/\/www.nedzink.com\/cs\/\",\"logo\":{\"@type\":\"ImageObject\",\"inLanguage\":\"cs\",\"@id\":\"https:\/\/www.nedzink.com\/cs\/#\/schema\/logo\/image\/\",\"url\":\"https:\/\/www.nedzink.com\/wp-content\/uploads\/2019\/08\/logo-nedzink_fc_zk.jpg\",\"contentUrl\":\"https:\/\/www.nedzink.com\/wp-content\/uploads\/2019\/08\/logo-nedzink_fc_zk.jpg\",\"width\":2160,\"height\":688,\"caption\":\"NedZink\"},\"image\":{\"@id\":\"https:\/\/www.nedzink.com\/cs\/#\/schema\/logo\/image\/\"}}]}<\/script>\n<!-- \/ Yoast SEO plugin. -->","yoast_head_json":{"title":"Syst\u00e9m stojat\u00fdch dr\u00e1\u017eek &#8211; NedZink","robots":{"index":"index","follow":"follow","max-snippet":"max-snippet:-1","max-image-preview":"max-image-preview:large","max-video-preview":"max-video-preview:-1"},"canonical":"https:\/\/www.nedzink.com\/cs\/oplasteni-fasady\/system-stojatych-drazek\/","og_locale":"cs_CZ","og_type":"article","og_title":"Syst\u00e9m stojat\u00fdch dr\u00e1\u017eek &#8211; NedZink","og_description":"D&eacute;lky a &scaron;&iacute;\u0159ky fas&aacute;dn&iacute;ch p&aacute;s\u016f &nbsp; Pro opl&aacute;&scaron;t\u011bn&iacute; fas&aacute;d jsou velmi vhodn&eacute; &uacute;hlov&eacute; stojat&eacute; dr&aacute;\u017eky, proto\u017ee p\u0159i mont&aacute;\u017ei se strojov\u011b p\u0159edprofilovan&eacute; p&aacute;sy t&eacute;m\u011b\u0159 nemus&iacute; upravovat. Horn&iacute; dr&aacute;\u017eka pouze v prav&eacute;m &uacute;hlu p\u0159ekryje spodn&iacute; dr&aacute;\u017eku. P\u0159i pou\u017eit&iacute; tohoto spoje vznikne v materi&aacute;lu jen velmi mal&eacute; pnut&iacute; a v kone\u010dn&eacute;m d\u016fsledku se tak doc&iacute;l&iacute; opl&aacute;&scaron;t\u011bn&iacute; fas&aacute;dy s [&hellip;]","og_url":"https:\/\/www.nedzink.com\/cs\/oplasteni-fasady\/system-stojatych-drazek\/","og_site_name":"NedZink","og_image":[{"url":"https:\/\/www.nedzink.com\/wp-content\/uploads\/import\/cms\/userfiles\/images\/51_wand_winkelfalz-2__custom_.jpg","type":"","width":"","height":""}],"twitter_card":"summary_large_image","twitter_misc":{"Odhadovan\u00e1 doba \u010dten\u00ed":"5 minut"},"schema":{"@context":"https:\/\/schema.org","@graph":[{"@type":"WebPage","@id":"https:\/\/www.nedzink.com\/cs\/oplasteni-fasady\/system-stojatych-drazek\/","url":"https:\/\/www.nedzink.com\/cs\/oplasteni-fasady\/system-stojatych-drazek\/","name":"Syst\u00e9m stojat\u00fdch dr\u00e1\u017eek &#8211; NedZink","isPartOf":{"@id":"https:\/\/www.nedzink.com\/cs\/#website"},"primaryImageOfPage":{"@id":"https:\/\/www.nedzink.com\/cs\/oplasteni-fasady\/system-stojatych-drazek\/#primaryimage"},"image":{"@id":"https:\/\/www.nedzink.com\/cs\/oplasteni-fasady\/system-stojatych-drazek\/#primaryimage"},"thumbnailUrl":"https:\/\/www.nedzink.com\/wp-content\/uploads\/import\/cms\/userfiles\/images\/51_wand_winkelfalz-2__custom_.jpg","datePublished":"2019-06-04T12:55:29+00:00","breadcrumb":{"@id":"https:\/\/www.nedzink.com\/cs\/oplasteni-fasady\/system-stojatych-drazek\/#breadcrumb"},"inLanguage":"cs","potentialAction":[{"@type":"ReadAction","target":["https:\/\/www.nedzink.com\/cs\/oplasteni-fasady\/system-stojatych-drazek\/"]}]},{"@type":"ImageObject","inLanguage":"cs","@id":"https:\/\/www.nedzink.com\/cs\/oplasteni-fasady\/system-stojatych-drazek\/#primaryimage","url":"https:\/\/www.nedzink.com\/wp-content\/uploads\/import\/cms\/userfiles\/images\/51_wand_winkelfalz-2__custom_.jpg","contentUrl":"https:\/\/www.nedzink.com\/wp-content\/uploads\/import\/cms\/userfiles\/images\/51_wand_winkelfalz-2__custom_.jpg"},{"@type":"BreadcrumbList","@id":"https:\/\/www.nedzink.com\/cs\/oplasteni-fasady\/system-stojatych-drazek\/#breadcrumb","itemListElement":[{"@type":"ListItem","position":1,"name":"Home","item":"https:\/\/www.nedzink.com\/cs\/"},{"@type":"ListItem","position":2,"name":"Opl\u00e1\u0161t\u011bn\u00ed fas\u00e1dy","item":"https:\/\/www.nedzink.com\/cs\/oplasteni-fasady\/"},{"@type":"ListItem","position":3,"name":"Syst\u00e9m stojat\u00fdch dr\u00e1\u017eek"}]},{"@type":"WebSite","@id":"https:\/\/www.nedzink.com\/cs\/#website","url":"https:\/\/www.nedzink.com\/cs\/","name":"NedZink","description":"Zink fabrikant","publisher":{"@id":"https:\/\/www.nedzink.com\/cs\/#organization"},"potentialAction":[{"@type":"SearchAction","target":{"@type":"EntryPoint","urlTemplate":"https:\/\/www.nedzink.com\/cs\/?s={search_term_string}"},"query-input":{"@type":"PropertyValueSpecification","valueRequired":true,"valueName":"search_term_string"}}],"inLanguage":"cs"},{"@type":"Organization","@id":"https:\/\/www.nedzink.com\/cs\/#organization","name":"NedZink","url":"https:\/\/www.nedzink.com\/cs\/","logo":{"@type":"ImageObject","inLanguage":"cs","@id":"https:\/\/www.nedzink.com\/cs\/#\/schema\/logo\/image\/","url":"https:\/\/www.nedzink.com\/wp-content\/uploads\/2019\/08\/logo-nedzink_fc_zk.jpg","contentUrl":"https:\/\/www.nedzink.com\/wp-content\/uploads\/2019\/08\/logo-nedzink_fc_zk.jpg","width":2160,"height":688,"caption":"NedZink"},"image":{"@id":"https:\/\/www.nedzink.com\/cs\/#\/schema\/logo\/image\/"}}]}},"_links":{"self":[{"href":"https:\/\/www.nedzink.com\/cs\/wp-json\/wp\/v2\/pages\/30926","targetHints":{"allow":["GET"]}}],"collection":[{"href":"https:\/\/www.nedzink.com\/cs\/wp-json\/wp\/v2\/pages"}],"about":[{"href":"https:\/\/www.nedzink.com\/cs\/wp-json\/wp\/v2\/types\/page"}],"author":[{"embeddable":true,"href":"https:\/\/www.nedzink.com\/cs\/wp-json\/wp\/v2\/users\/9"}],"replies":[{"embeddable":true,"href":"https:\/\/www.nedzink.com\/cs\/wp-json\/wp\/v2\/comments?post=30926"}],"version-history":[{"count":0,"href":"https:\/\/www.nedzink.com\/cs\/wp-json\/wp\/v2\/pages\/30926\/revisions"}],"up":[{"embeddable":true,"href":"https:\/\/www.nedzink.com\/cs\/wp-json\/wp\/v2\/pages\/30904"}],"wp:attachment":[{"href":"https:\/\/www.nedzink.com\/cs\/wp-json\/wp\/v2\/media?parent=30926"}],"curies":[{"name":"wp","href":"https:\/\/api.w.org\/{rel}","templated":true}]}}