{"id":30904,"date":"2019-06-04T14:55:23","date_gmt":"2019-06-04T12:55:23","guid":{"rendered":"http:\/\/136.144.181.85\/~nedzink\/technicke-info\/oplasteni-fasady\/"},"modified":"2019-06-04T14:55:23","modified_gmt":"2019-06-04T12:55:23","slug":"oplasteni-fasady","status":"publish","type":"page","link":"https:\/\/www.nedzink.com\/cs\/oplasteni-fasady\/","title":{"rendered":"Opl\u00e1\u0161t\u011bn\u00ed fas\u00e1dy"},"content":{"rendered":"<p>\n\t<a class=\"RTE_URL_MEDIACAT_Link\" href=\"http:\/\/www.nedzink.nl\/media\/technisch_advies\/50wandsysteme.jpg\" style=\"float: left; margin-right: 10px\" target=\"_blank\" title=\"http:\/\/www.nedzink.nl\/media\/technisch_advies\/50wandsysteme.jpg\" rel=\"noopener noreferrer\"><img decoding=\"async\" alt=\"Zoom\" src=\"https:\/\/www.nedzink.com\/wp-content\/uploads\/import\/cms\/userfiles\/images\/50wandsysteme_small.jpg\" style=\"border-bottom: 0px solid; border-left: 0px solid; width: 250px; float: left; height: 250px; border-top: 0px solid; border-right: 0px solid\" \/><\/a><\/p>\n<p>\n\t&nbsp;<\/p>\n<p>\n\tOpl&aacute;&scaron;t\u011bn&iacute; fas&aacute;d lze v z&aacute;sad\u011b prov&aacute;d\u011bt ve dvou odli&scaron;n&yacute;ch variant&aacute;ch, a to bu\u010f jako odv\u011btr&aacute;van&eacute; nebo neodv\u011btr&aacute;van&eacute; konstrukce.<\/p>\n<p>\n\tPro v&yacute;robky NedZink je standardn&iacute;m \u0159e&scaron;en&iacute;m odv\u011btr&aacute;van&aacute; konstrukce.<\/p>\n<p>\n\tOpl&aacute;&scaron;t\u011bn&iacute; st\u011bn m&aacute; v&iacute;ce&uacute;\u010delov&eacute; pou\u017eit&iacute; obdobn\u011b jako zast\u0159e&scaron;en&iacute;. Spojuje r\u016fznorod&eacute; funkce do jednoho stavebn&iacute;ho prvku, jako nap\u0159. ochranu p\u0159ed pov\u011btrnostn&iacute;mi vlivy, vn\u011bj&scaron;&iacute; tepelnou izolaci, ochranu p\u0159ed horkem, estetick&eacute; ztv&aacute;rn\u011bn&iacute; a dal&scaron;&iacute;. NedZink se pou\u017e&iacute;v&aacute; jako vn\u011bj&scaron;&iacute; opl&aacute;&scaron;t\u011bn&iacute; v r\u016fzn&yacute;ch syst&eacute;mech a druz&iacute;ch spojen&iacute;.<\/p>\n<p>\n\tNejb\u011b\u017en\u011bj&scaron;&iacute;m spojem z hlediska \u0159emesln&eacute;ho proveden&iacute; je &uacute;hlov&aacute; dr&aacute;\u017eka. D&iacute;ky modern&iacute;m v&yacute;robn&iacute;m technik&aacute;m a mo\u017enostem mont&aacute;\u017ee se ale v posledn&iacute;ch letech st&aacute;le v&iacute;ce prosazuje opl&aacute;&scaron;t\u011bn&iacute; pr\u016fmyslov\u011b vyroben&yacute;mi fas&aacute;dn&iacute;mi profily.<\/p>\n","protected":false},"excerpt":{"rendered":"<p>&nbsp; Opl&aacute;&scaron;t\u011bn&iacute; fas&aacute;d lze v z&aacute;sad\u011b prov&aacute;d\u011bt ve dvou odli&scaron;n&yacute;ch variant&aacute;ch, a to bu\u010f jako odv\u011btr&aacute;van&eacute; nebo neodv\u011btr&aacute;van&eacute; konstrukce. Pro v&yacute;robky NedZink je standardn&iacute;m \u0159e&scaron;en&iacute;m odv\u011btr&aacute;van&aacute; konstrukce. Opl&aacute;&scaron;t\u011bn&iacute; st\u011bn m&aacute; v&iacute;ce&uacute;\u010delov&eacute; pou\u017eit&iacute; obdobn\u011b jako zast\u0159e&scaron;en&iacute;. Spojuje r\u016fznorod&eacute; funkce do jednoho stavebn&iacute;ho prvku, jako nap\u0159. ochranu p\u0159ed pov\u011btrnostn&iacute;mi vlivy, vn\u011bj&scaron;&iacute; tepelnou izolaci, ochranu p\u0159ed horkem, estetick&eacute; [&hellip;]<\/p>\n","protected":false},"author":9,"featured_media":0,"parent":0,"menu_order":870,"comment_status":"closed","ping_status":"closed","template":"template-import.php","meta":{"_acf_changed":false,"footnotes":""},"class_list":["post-30904","page","type-page","status-publish","hentry"],"acf":[],"yoast_head":"<!-- This site is optimized with the Yoast SEO plugin v26.8 - https:\/\/yoast.com\/product\/yoast-seo-wordpress\/ -->\n<title>Opl\u00e1\u0161t\u011bn\u00ed fas\u00e1dy \u2013 NedZink<\/title>\n<meta name=\"robots\" content=\"index, follow, max-snippet:-1, max-image-preview:large, max-video-preview:-1\" \/>\n<link rel=\"canonical\" href=\"https:\/\/www.nedzink.com\/cs\/oplasteni-fasady\/\" \/>\n<meta property=\"og:locale\" content=\"cs_CZ\" \/>\n<meta property=\"og:type\" content=\"article\" \/>\n<meta property=\"og:title\" content=\"Opl\u00e1\u0161t\u011bn\u00ed fas\u00e1dy \u2013 NedZink\" \/>\n<meta property=\"og:description\" content=\"&nbsp; Opl&aacute;&scaron;t\u011bn&iacute; fas&aacute;d lze v z&aacute;sad\u011b prov&aacute;d\u011bt ve dvou odli&scaron;n&yacute;ch variant&aacute;ch, a to bu\u010f jako odv\u011btr&aacute;van&eacute; nebo neodv\u011btr&aacute;van&eacute; konstrukce. Pro v&yacute;robky NedZink je standardn&iacute;m \u0159e&scaron;en&iacute;m odv\u011btr&aacute;van&aacute; konstrukce. Opl&aacute;&scaron;t\u011bn&iacute; st\u011bn m&aacute; v&iacute;ce&uacute;\u010delov&eacute; pou\u017eit&iacute; obdobn\u011b jako zast\u0159e&scaron;en&iacute;. Spojuje r\u016fznorod&eacute; funkce do jednoho stavebn&iacute;ho prvku, jako nap\u0159. ochranu p\u0159ed pov\u011btrnostn&iacute;mi vlivy, vn\u011bj&scaron;&iacute; tepelnou izolaci, ochranu p\u0159ed horkem, estetick&eacute; [&hellip;]\" \/>\n<meta property=\"og:url\" content=\"https:\/\/www.nedzink.com\/cs\/oplasteni-fasady\/\" \/>\n<meta property=\"og:site_name\" content=\"NedZink\" \/>\n<meta property=\"og:image\" content=\"https:\/\/www.nedzink.com\/wp-content\/uploads\/import\/cms\/userfiles\/images\/50wandsysteme_small.jpg\" \/>\n<meta name=\"twitter:card\" content=\"summary_large_image\" \/>\n<meta name=\"twitter:label1\" content=\"Odhadovan\u00e1 doba \u010dten\u00ed\" \/>\n\t<meta name=\"twitter:data1\" content=\"1 minuta\" \/>\n<script type=\"application\/ld+json\" class=\"yoast-schema-graph\">{\"@context\":\"https:\/\/schema.org\",\"@graph\":[{\"@type\":\"WebPage\",\"@id\":\"https:\/\/www.nedzink.com\/cs\/oplasteni-fasady\/\",\"url\":\"https:\/\/www.nedzink.com\/cs\/oplasteni-fasady\/\",\"name\":\"Opl\u00e1\u0161t\u011bn\u00ed fas\u00e1dy \u2013 NedZink\",\"isPartOf\":{\"@id\":\"https:\/\/www.nedzink.com\/cs\/#website\"},\"primaryImageOfPage\":{\"@id\":\"https:\/\/www.nedzink.com\/cs\/oplasteni-fasady\/#primaryimage\"},\"image\":{\"@id\":\"https:\/\/www.nedzink.com\/cs\/oplasteni-fasady\/#primaryimage\"},\"thumbnailUrl\":\"https:\/\/www.nedzink.com\/wp-content\/uploads\/import\/cms\/userfiles\/images\/50wandsysteme_small.jpg\",\"datePublished\":\"2019-06-04T12:55:23+00:00\",\"breadcrumb\":{\"@id\":\"https:\/\/www.nedzink.com\/cs\/oplasteni-fasady\/#breadcrumb\"},\"inLanguage\":\"cs\",\"potentialAction\":[{\"@type\":\"ReadAction\",\"target\":[\"https:\/\/www.nedzink.com\/cs\/oplasteni-fasady\/\"]}]},{\"@type\":\"ImageObject\",\"inLanguage\":\"cs\",\"@id\":\"https:\/\/www.nedzink.com\/cs\/oplasteni-fasady\/#primaryimage\",\"url\":\"https:\/\/www.nedzink.com\/wp-content\/uploads\/import\/cms\/userfiles\/images\/50wandsysteme_small.jpg\",\"contentUrl\":\"https:\/\/www.nedzink.com\/wp-content\/uploads\/import\/cms\/userfiles\/images\/50wandsysteme_small.jpg\"},{\"@type\":\"BreadcrumbList\",\"@id\":\"https:\/\/www.nedzink.com\/cs\/oplasteni-fasady\/#breadcrumb\",\"itemListElement\":[{\"@type\":\"ListItem\",\"position\":1,\"name\":\"Home\",\"item\":\"https:\/\/www.nedzink.com\/cs\/\"},{\"@type\":\"ListItem\",\"position\":2,\"name\":\"Opl\u00e1\u0161t\u011bn\u00ed fas\u00e1dy\"}]},{\"@type\":\"WebSite\",\"@id\":\"https:\/\/www.nedzink.com\/cs\/#website\",\"url\":\"https:\/\/www.nedzink.com\/cs\/\",\"name\":\"NedZink\",\"description\":\"Zink fabrikant\",\"publisher\":{\"@id\":\"https:\/\/www.nedzink.com\/cs\/#organization\"},\"potentialAction\":[{\"@type\":\"SearchAction\",\"target\":{\"@type\":\"EntryPoint\",\"urlTemplate\":\"https:\/\/www.nedzink.com\/cs\/?s={search_term_string}\"},\"query-input\":{\"@type\":\"PropertyValueSpecification\",\"valueRequired\":true,\"valueName\":\"search_term_string\"}}],\"inLanguage\":\"cs\"},{\"@type\":\"Organization\",\"@id\":\"https:\/\/www.nedzink.com\/cs\/#organization\",\"name\":\"NedZink\",\"url\":\"https:\/\/www.nedzink.com\/cs\/\",\"logo\":{\"@type\":\"ImageObject\",\"inLanguage\":\"cs\",\"@id\":\"https:\/\/www.nedzink.com\/cs\/#\/schema\/logo\/image\/\",\"url\":\"https:\/\/www.nedzink.com\/wp-content\/uploads\/2019\/08\/logo-nedzink_fc_zk.jpg\",\"contentUrl\":\"https:\/\/www.nedzink.com\/wp-content\/uploads\/2019\/08\/logo-nedzink_fc_zk.jpg\",\"width\":2160,\"height\":688,\"caption\":\"NedZink\"},\"image\":{\"@id\":\"https:\/\/www.nedzink.com\/cs\/#\/schema\/logo\/image\/\"}}]}<\/script>\n<!-- \/ Yoast SEO plugin. -->","yoast_head_json":{"title":"Opl\u00e1\u0161t\u011bn\u00ed fas\u00e1dy \u2013 NedZink","robots":{"index":"index","follow":"follow","max-snippet":"max-snippet:-1","max-image-preview":"max-image-preview:large","max-video-preview":"max-video-preview:-1"},"canonical":"https:\/\/www.nedzink.com\/cs\/oplasteni-fasady\/","og_locale":"cs_CZ","og_type":"article","og_title":"Opl\u00e1\u0161t\u011bn\u00ed fas\u00e1dy \u2013 NedZink","og_description":"&nbsp; Opl&aacute;&scaron;t\u011bn&iacute; fas&aacute;d lze v z&aacute;sad\u011b prov&aacute;d\u011bt ve dvou odli&scaron;n&yacute;ch variant&aacute;ch, a to bu\u010f jako odv\u011btr&aacute;van&eacute; nebo neodv\u011btr&aacute;van&eacute; konstrukce. Pro v&yacute;robky NedZink je standardn&iacute;m \u0159e&scaron;en&iacute;m odv\u011btr&aacute;van&aacute; konstrukce. Opl&aacute;&scaron;t\u011bn&iacute; st\u011bn m&aacute; v&iacute;ce&uacute;\u010delov&eacute; pou\u017eit&iacute; obdobn\u011b jako zast\u0159e&scaron;en&iacute;. Spojuje r\u016fznorod&eacute; funkce do jednoho stavebn&iacute;ho prvku, jako nap\u0159. ochranu p\u0159ed pov\u011btrnostn&iacute;mi vlivy, vn\u011bj&scaron;&iacute; tepelnou izolaci, ochranu p\u0159ed horkem, estetick&eacute; [&hellip;]","og_url":"https:\/\/www.nedzink.com\/cs\/oplasteni-fasady\/","og_site_name":"NedZink","og_image":[{"url":"https:\/\/www.nedzink.com\/wp-content\/uploads\/import\/cms\/userfiles\/images\/50wandsysteme_small.jpg","type":"","width":"","height":""}],"twitter_card":"summary_large_image","twitter_misc":{"Odhadovan\u00e1 doba \u010dten\u00ed":"1 minuta"},"schema":{"@context":"https:\/\/schema.org","@graph":[{"@type":"WebPage","@id":"https:\/\/www.nedzink.com\/cs\/oplasteni-fasady\/","url":"https:\/\/www.nedzink.com\/cs\/oplasteni-fasady\/","name":"Opl\u00e1\u0161t\u011bn\u00ed fas\u00e1dy \u2013 NedZink","isPartOf":{"@id":"https:\/\/www.nedzink.com\/cs\/#website"},"primaryImageOfPage":{"@id":"https:\/\/www.nedzink.com\/cs\/oplasteni-fasady\/#primaryimage"},"image":{"@id":"https:\/\/www.nedzink.com\/cs\/oplasteni-fasady\/#primaryimage"},"thumbnailUrl":"https:\/\/www.nedzink.com\/wp-content\/uploads\/import\/cms\/userfiles\/images\/50wandsysteme_small.jpg","datePublished":"2019-06-04T12:55:23+00:00","breadcrumb":{"@id":"https:\/\/www.nedzink.com\/cs\/oplasteni-fasady\/#breadcrumb"},"inLanguage":"cs","potentialAction":[{"@type":"ReadAction","target":["https:\/\/www.nedzink.com\/cs\/oplasteni-fasady\/"]}]},{"@type":"ImageObject","inLanguage":"cs","@id":"https:\/\/www.nedzink.com\/cs\/oplasteni-fasady\/#primaryimage","url":"https:\/\/www.nedzink.com\/wp-content\/uploads\/import\/cms\/userfiles\/images\/50wandsysteme_small.jpg","contentUrl":"https:\/\/www.nedzink.com\/wp-content\/uploads\/import\/cms\/userfiles\/images\/50wandsysteme_small.jpg"},{"@type":"BreadcrumbList","@id":"https:\/\/www.nedzink.com\/cs\/oplasteni-fasady\/#breadcrumb","itemListElement":[{"@type":"ListItem","position":1,"name":"Home","item":"https:\/\/www.nedzink.com\/cs\/"},{"@type":"ListItem","position":2,"name":"Opl\u00e1\u0161t\u011bn\u00ed fas\u00e1dy"}]},{"@type":"WebSite","@id":"https:\/\/www.nedzink.com\/cs\/#website","url":"https:\/\/www.nedzink.com\/cs\/","name":"NedZink","description":"Zink fabrikant","publisher":{"@id":"https:\/\/www.nedzink.com\/cs\/#organization"},"potentialAction":[{"@type":"SearchAction","target":{"@type":"EntryPoint","urlTemplate":"https:\/\/www.nedzink.com\/cs\/?s={search_term_string}"},"query-input":{"@type":"PropertyValueSpecification","valueRequired":true,"valueName":"search_term_string"}}],"inLanguage":"cs"},{"@type":"Organization","@id":"https:\/\/www.nedzink.com\/cs\/#organization","name":"NedZink","url":"https:\/\/www.nedzink.com\/cs\/","logo":{"@type":"ImageObject","inLanguage":"cs","@id":"https:\/\/www.nedzink.com\/cs\/#\/schema\/logo\/image\/","url":"https:\/\/www.nedzink.com\/wp-content\/uploads\/2019\/08\/logo-nedzink_fc_zk.jpg","contentUrl":"https:\/\/www.nedzink.com\/wp-content\/uploads\/2019\/08\/logo-nedzink_fc_zk.jpg","width":2160,"height":688,"caption":"NedZink"},"image":{"@id":"https:\/\/www.nedzink.com\/cs\/#\/schema\/logo\/image\/"}}]}},"_links":{"self":[{"href":"https:\/\/www.nedzink.com\/cs\/wp-json\/wp\/v2\/pages\/30904","targetHints":{"allow":["GET"]}}],"collection":[{"href":"https:\/\/www.nedzink.com\/cs\/wp-json\/wp\/v2\/pages"}],"about":[{"href":"https:\/\/www.nedzink.com\/cs\/wp-json\/wp\/v2\/types\/page"}],"author":[{"embeddable":true,"href":"https:\/\/www.nedzink.com\/cs\/wp-json\/wp\/v2\/users\/9"}],"replies":[{"embeddable":true,"href":"https:\/\/www.nedzink.com\/cs\/wp-json\/wp\/v2\/comments?post=30904"}],"version-history":[{"count":0,"href":"https:\/\/www.nedzink.com\/cs\/wp-json\/wp\/v2\/pages\/30904\/revisions"}],"wp:attachment":[{"href":"https:\/\/www.nedzink.com\/cs\/wp-json\/wp\/v2\/media?parent=30904"}],"curies":[{"name":"wp","href":"https:\/\/api.w.org\/{rel}","templated":true}]}}