{"id":30884,"date":"2019-06-04T14:55:12","date_gmt":"2019-06-04T12:55:12","guid":{"rendered":"http:\/\/136.144.181.85\/~nedzink\/technicke-info\/zastreseni\/listove-systemy\/"},"modified":"2021-04-06T17:15:10","modified_gmt":"2021-04-06T15:15:10","slug":"listove-systemy","status":"publish","type":"page","link":"https:\/\/www.nedzink.com\/cs\/zastreseni\/listove-systemy\/","title":{"rendered":"Li\u0161tov\u00e9 syst\u00e9my"},"content":{"rendered":"<h3>Li\u0161tov\u00fd syst\u00e9m<\/h3>\n<p><strong>Oblast pou\u017eit\u00ed<\/strong><\/p>\n<p>Li\u0161tov\u00fd syst\u00e9m je vhodn\u00fd pro velk\u00e9 a mal\u00e9 st\u0159echy se sklonem minim\u00e1ln\u011b 3\u00b0 a pro opl\u00e1\u0161t\u011bn\u00ed fas\u00e1d. Norm\u00e1ln\u00ed li\u0161tov\u00e1 st\u0159echa z NedZink se skl\u00e1d\u00e1 ze zinkov\u00fdch p\u00e1s\u016f, kter\u00e9 jsou roz\u010dlen\u011bny trap\u00e9zov\u00fdmi kryc\u00edmi li\u0161tami, pod nimi\u017e jsou d\u0159ev\u011bn\u00e9 li\u0161ty. Tak vznikne charakteristick\u00fd a v jist\u00e9m smyslu robustn\u00ed vzhled li\u0161tov\u00e9 st\u0159echy. Tlou\u0161\u0165ka titanzinku z\u00e1vis\u00ed na \u0161\u00ed\u0159ce p\u00e1s\u016f a d\u00e9lce st\u0159echy (viz tabulka v 3).<\/p>\n<p>&nbsp;<\/p>\n<table style=\"width: 100%;\" border=\"0\" cellspacing=\"1\" cellpadding=\"1\">\n<tbody>\n<tr>\n<td>\n<p align=\"center\"><a class=\"RTE_URL_MEDIACAT_Link\" title=\"http:\/\/www.nedzink.nl\/media\/technisch_advies\/leistendeckung_1.jpg\" href=\"http:\/\/www.nedzink.nl\/media\/technisch_advies\/leistendeckung_1.jpg\" target=\"_blank\" rel=\"noopener noreferrer\"><img decoding=\"async\" style=\"margin: 10px; width: 250px; height: 250px; border: 0px solid;\" src=\"https:\/\/www.nedzink.com\/wp-content\/uploads\/import\/cms\/userfiles\/images\/leistendeckung_1_small.jpg\" alt=\"Zoom\" \/><\/a><\/p>\n<\/td>\n<td>\n<p align=\"center\"><a class=\"RTE_URL_MEDIACAT_Link\" title=\"http:\/\/www.nedzink.nl\/media\/technisch_advies\/leistendeckung_2.jpg\" href=\"http:\/\/www.nedzink.nl\/media\/technisch_advies\/leistendeckung_2.jpg\" target=\"_blank\" rel=\"noopener noreferrer\"><img decoding=\"async\" style=\"margin: 10px; width: 250px; height: 250px; border: 0px solid;\" src=\"https:\/\/www.nedzink.com\/wp-content\/uploads\/import\/cms\/userfiles\/images\/leistendeckung_2_small.jpg\" alt=\"Zoom\" \/><\/a><\/p>\n<\/td>\n<\/tr>\n<\/tbody>\n<\/table>\n<p>&nbsp;<\/p>\n<h3>Li\u0161tov\u00e1 st\u0159echa<\/h3>\n<p><strong>Specifikace standardn\u00edch\u00a0<\/strong><strong>profil\u016f<\/strong><\/p>\n<p><strong>Standardn\u00ed\u00a0<\/strong><strong>li\u0161tov\u00fd\u00a0<\/strong><strong>p\u00e1s<\/strong><\/p>\n<table border=\"0\" cellspacing=\"0\" cellpadding=\"0\">\n<tbody>\n<tr>\n<td>Profil p\u00e1su<\/td>\n<td>\u00a0<img decoding=\"async\" style=\"width: 255px; height: 28px; border: 0px solid;\" src=\"https:\/\/www.nedzink.com\/wp-content\/uploads\/import\/cms\/userfiles\/images\/42_roefbaan.jpg\" \/><\/td>\n<\/tr>\n<tr>\n<td>\u0160\u00ed\u0159ka<\/td>\n<td>max. 890 mm se 2 postaven\u00edmi na vysoko \u00e1 55 mm, \u0161\u00ed\u0159ka p\u0159\u00ed\u0159ezu max. 1000 mm<\/td>\n<\/tr>\n<tr>\n<td>Standardn\u00ed d\u00e9lka<\/td>\n<td>na vy\u017e\u00e1d\u00e1n\u00ed\u00a03000 mm a\u017e 6000 mm<\/td>\n<\/tr>\n<tr>\n<td>Tlou\u0161\u0165ka\u00a0materi\u00e1lu<\/td>\n<td>0,80 &#8211; 1,00 mm<\/td>\n<\/tr>\n<tr>\n<td><strong>Standardn\u00ed kryc\u00ed li\u0161ta<\/strong><\/td>\n<td>\u00a0<img decoding=\"async\" style=\"width: 75px; height: 21px; border: 0px solid;\" src=\"https:\/\/www.nedzink.com\/wp-content\/uploads\/import\/cms\/userfiles\/images\/42_roefkap.jpg\" \/><\/td>\n<\/tr>\n<tr>\n<td>Rozm\u011bry pr\u016f\u0159ezu<\/td>\n<td>65 x 25 mm<\/td>\n<\/tr>\n<tr>\n<td>Standardn\u00ed d\u00e9lka<\/td>\n<td>3000 mm<\/td>\n<\/tr>\n<tr>\n<td>Tlou\u0161\u0165ka\u00a0materi\u00e1lu<\/td>\n<td>jako u li\u0161tov\u00e9ho p\u00e1su<\/td>\n<\/tr>\n<tr>\n<td><strong>Okapov\u00fd plech<\/strong><\/td>\n<td>\u00a0<img decoding=\"async\" style=\"width: 33px; height: 43px; border: 0px solid;\" src=\"https:\/\/www.nedzink.com\/wp-content\/uploads\/import\/cms\/userfiles\/images\/42_roefaansluiting.jpg\" \/><\/td>\n<\/tr>\n<tr>\n<td>\u0160\u00ed\u0159ka<\/td>\n<td>330 mm<\/td>\n<\/tr>\n<tr>\n<td>Tlou\u0161\u0165ka\u00a0materi\u00e1lu<\/td>\n<td>jako u li\u0161tov\u00e9ho p\u00e1su<\/td>\n<\/tr>\n<tr>\n<td colspan=\"2\">Okapov\u00fd plech zhotov\u00ed \u0159emesln\u00edk.<\/td>\n<\/tr>\n<tr>\n<td><strong>P\u00e1sov\u00e9 p\u0159\u00edponky<\/strong><\/td>\n<td>\u00a0<img decoding=\"async\" style=\"width: 23px; height: 39px; border: 0px solid;\" src=\"https:\/\/www.nedzink.com\/wp-content\/uploads\/import\/cms\/userfiles\/images\/42_streifenhafte.jpg\" \/><\/td>\n<\/tr>\n<tr>\n<td>\u0160\u00ed\u0159ka<\/td>\n<td>50 mm<\/td>\n<\/tr>\n<tr>\n<td>D\u00e9lka<\/td>\n<td>&gt;220 mm<\/td>\n<\/tr>\n<tr>\n<td>Tlou\u0161\u0165ka\u00a0materi\u00e1lu<\/td>\n<td>jako u li\u0161tov\u00e9ho p\u00e1su<\/td>\n<\/tr>\n<tr>\n<td colspan=\"2\">P\u00e1sov\u00e9 p\u0159\u00edponky zhotov\u00ed \u0159emesln\u00edk. D\u00e9lka mus\u00ed m\u00edt m\u00edrn\u00fd p\u0159esah. P\u0159i mont\u00e1\u017ei se potom u\u0159\u00edzne na spr\u00e1vn\u00fd rozm\u011br (viz tak\u00e9 &#8222;mont\u00e1\u017e&#8220;).<\/td>\n<\/tr>\n<tr>\n<td><strong>D\u0159ev\u011bn\u00e1\u00a0<\/strong><strong>li\u0161ta<\/strong><\/td>\n<td>\u00a0<img decoding=\"async\" style=\"width: 50px; height: 46px; border: 0px solid;\" src=\"https:\/\/www.nedzink.com\/wp-content\/uploads\/import\/cms\/userfiles\/images\/42_holzleiste.jpg\" \/><\/td>\n<\/tr>\n<tr>\n<td colspan=\"2\">Lze ji zakoupit v obchod\u011b se d\u0159evem. D\u0159ev\u011bn\u00e9 li\u0161ty musej\u00ed b\u00fdt rovn\u00e9 a s p\u0159esn\u00fdmi rozm\u011bry.<\/td>\n<\/tr>\n<\/tbody>\n<\/table>\n<h3>Zhotoven\u00ed na m\u00edru<\/h3>\n<h3><strong>P\u0159ipojovac\u00ed profily, kryc\u00ed li\u0161ty a li\u0161tov\u00e9 p\u00e1sy m\u016f\u017eeme dodat na vy\u017e\u00e1d\u00e1n\u00ed<\/strong>.<\/h3>\n<p><strong>Nosn\u00e1 konstrukce<\/strong><\/p>\n<p>&nbsp;<\/p>\n<p>Li\u0161tovou konstrukci mus\u00ed kompletn\u011b n\u00e9st d\u0159ev\u011bn\u00e9 bedn\u011bn\u00ed, kter\u00e9 se skl\u00e1d\u00e1 z nehoblovan\u00fdch prken tlou\u0161\u0165ky 23 &#8211; 25 mm bez pera a dr\u00e1\u017eky. Prkna mohou m\u00edt p\u0159i sklonu st\u0159echy do 40\u00b0 rozestupy do 5 mm. P\u0159i sklonu st\u0159echy nad 40\u00b0 mohou prkna le\u017eet a\u017e 10 cm od sebe. V ka\u017ed\u00e9m p\u0159\u00edpad\u011b v\u0161ak mus\u00ed b\u00fdt prkna pod spoji zinkov\u00fdch plech\u016f.<\/p>\n<p><strong>Odv\u011btr\u00e1n\u00ed:<\/strong><\/p>\n<p>U st\u0159ech s tepelnou izolac\u00ed se mus\u00ed v\u017edy pod d\u0159ev\u011bn\u00fdm bedn\u011bn\u00edm nach\u00e1zet vzduchov\u00e1 mezera, kterou do konstrukce proud\u00ed vzduch.<\/p>\n<p><strong>Mont\u00e1\u017e<\/strong><\/p>\n<p>P\u0159\u00edponky musej\u00ed b\u00fdt p\u0159ipevn\u011bny na d\u0159ev\u011bn\u00e9 li\u0161t\u011b tak, jak je uk\u00e1z\u00e1no na obr\u00e1zku. Po\u010det p\u0159\u00edponek a jejich maxim\u00e1ln\u00ed vzd\u00e1lenost jsou uvedeny v tabulce. Pot\u00e9 se mus\u00ed d\u0159ev\u011bn\u00e9 li\u0161ty pe\u010dliv\u011b p\u0159ipevnit na vyzna\u010den\u00fdch m\u00edstech na d\u0159ev\u011bn\u00e9 bedn\u011bn\u00ed, a to p\u0159ednostn\u011b pozinkovan\u00fdmi ocelov\u00fdmi \u0161rouby. Vzd\u00e1lenost d\u0159ev\u011bn\u00fdch li\u0161t je t\u0159eba p\u0159ekontrolovat p\u00e1smem nebo \u0161ablonou.<\/p>\n<p>Okapov\u00fd plech pro zah\u00e1knut\u00ed spodn\u00edho krytinov\u00e9ho p\u00e1su se nasune mezi d\u0159ev\u011bnou li\u0161tu a d\u0159ev\u011bn\u00e9 bedn\u011bn\u00ed a p\u0159ipevn\u00ed se h\u0159eb\u00edky nebo \u0161rouby. Okapov\u00e9 plechy se mus\u00ed vyrovnat.<\/p>\n<p>Spodn\u00ed \u0159ada krytiny se zah\u00e1kne za okapov\u00fd plech. \u010casto se vol\u00ed pro prvn\u00ed \u0159adu d\u00e9lka 1 &#8211; 1,5 m. Tuto \u0159adu v\u010detn\u011b plechov\u00e9 vlo\u017eky je mo\u017en\u00e9 vyrobit p\u0159edem v d\u00edln\u011b. Pot\u00e9 se ji\u017e pokl\u00e1d\u00e1 dal\u0161\u00ed p\u00e1s, kter\u00fd postupuje nahoru sm\u011brem k h\u0159ebeni st\u0159echy. Jednotliv\u00e9 \u0159ady se spojuj\u00ed na dr\u00e1\u017eku nebo p\u00e1jen\u00edm.<\/p>\n<p>Z d\u016fvodu pohyb\u016f zp\u016fsoben\u00fdch teplotn\u00edmi v\u00fdkyvy \u010din\u00ed d\u00e9lka jednoho p\u00e1su krytiny, kter\u00e1 se skl\u00e1d\u00e1 z jednoho kusu nebo je k sob\u011b p\u0159ip\u00e1jen\u00e1, maxim\u00e1ln\u011b 10 m. Aby se zabr\u00e1nilo sklouznut\u00ed p\u00e1s\u016f sm\u011brem dol\u016f, jsou pot\u0159eba pevn\u00e9 p\u0159\u00edponky. Um\u00edst\u011bn\u00ed pevn\u00fdch p\u0159\u00edponek z\u00e1vis\u00ed na sklonu st\u0159echy. Na d\u00e9lce 1 m je t\u0159eba pou\u017e\u00edt pevn\u00e9 p\u0159\u00edponky minim\u00e1ln\u011b na t\u0159ech m\u00edstech, a to tak, \u017ee se ohnut\u00fd okraj p\u00e1su na\u0159\u00edzne o 3 mm. P\u0159\u00edponka se pak m\u016f\u017ee ohnout a\u017e po tento v\u00fd\u0159ez; potom ji\u017e krytina nem\u016f\u017ee sklouznout dol\u016f. Navazuj\u00edc\u00ed \u0159ady krytiny jsou provedeny jako konstrukce s posuvn\u00fdmi p\u0159\u00edponkami.<\/p>\n<p>P\u0159ipojen\u00ed h\u0159ebene: Nejprve se mus\u00ed li\u0161tov\u00e9 p\u00e1sy ohnout, pot\u00e9 se p\u0159ipevn\u00ed. Posledn\u00ed \u0159ada, kter\u00e1 navazuje na h\u0159eben, se tak\u00e9 provede v d\u00e9lce 1-1,5 m a je mo\u017en\u00e9 si ji p\u0159ipravit v d\u00edln\u011b.<\/p>\n<p>P\u0159ipojen\u00ed na hranu n\u00e1ro\u017e\u00ed se provede stejn\u011b jako p\u0159ipojen\u00ed h\u0159ebene, ale zde se jedn\u00e1 o \u0161ikm\u00e9 p\u0159ipojen\u00ed.<\/p>\n<p>Um\u00edst\u011bn\u00ed kryc\u00ed li\u0161ty. K tomu se mus\u00ed nejprve ohnout v\u0161echny p\u00e1sov\u00e9 p\u0159\u00edponky a u\u0159\u00edznout na d\u00e9lku 22 mm od horn\u00ed hrany d\u0159ev\u011bn\u00e9 li\u0161ty. Toto je nutn\u00e9, aby bylo mo\u017en\u00e9 kryc\u00ed li\u0161tu posunout nahoru. Pot\u00e9 se kryc\u00ed li\u0161ty posunou od p\u0159\u00edponky k p\u0159\u00edponce sm\u011brem nahoru. M\u00edsto, na kter\u00e9m se kryc\u00ed li\u0161ta p\u0159ipevn\u00ed na d\u0159ev\u011bnou li\u0161tu, z\u00e1vis\u00ed na sklonu st\u0159echy. Kryc\u00ed li\u0161ty lze spojovat p\u00e1jen\u00edm do d\u00e9lky max. 10 m.<\/p>\n<p>Na h\u0159ebeni se potom p\u0159ip\u00e1j\u00ed h\u0159ebenov\u00fd profil na kryc\u00ed li\u0161tu. U okapu se okapnicov\u00fd p\u00e1s p\u0159ip\u00e1j\u00ed na kryc\u00ed li\u0161tu a zah\u00e1kne se pod okapov\u00fd plech. Tento okapnicov\u00fd p\u00e1s se nikdy nesm\u00ed p\u0159ip\u00e1jet na soused\u00edc\u00ed li\u0161ty (p\u00e1sy).<\/p>\n<p>Toto plat\u00ed tak\u00e9 pro p\u00e1sy, kter\u00e9 le\u017e\u00ed vedle sebe.<\/p>\n<p><strong>Opl\u00e1\u0161t\u011bn\u00ed fas\u00e1dy<\/strong><\/p>\n<p>Zde je tak\u00e9 pot\u0159eba odv\u011btr\u00e1van\u00e1 vzduchov\u00e1 mezera. Okraje jednotliv\u00fdch p\u00e1s\u016f mus\u00ed m\u00edt u opl\u00e1\u0161t\u011bn\u00ed fas\u00e1dy zvl\u00e1\u0161tn\u00ed z\u00e1hyb.<\/p>\n","protected":false},"excerpt":{"rendered":"<p>Li\u0161tov\u00fd syst\u00e9m Oblast pou\u017eit\u00ed Li\u0161tov\u00fd syst\u00e9m je vhodn\u00fd pro velk\u00e9 a mal\u00e9 st\u0159echy se sklonem minim\u00e1ln\u011b 3\u00b0 a pro opl\u00e1\u0161t\u011bn\u00ed fas\u00e1d. Norm\u00e1ln\u00ed li\u0161tov\u00e1 st\u0159echa z NedZink se skl\u00e1d\u00e1 ze zinkov\u00fdch p\u00e1s\u016f, kter\u00e9 jsou roz\u010dlen\u011bny trap\u00e9zov\u00fdmi kryc\u00edmi li\u0161tami, pod nimi\u017e jsou d\u0159ev\u011bn\u00e9 li\u0161ty. Tak vznikne charakteristick\u00fd a v jist\u00e9m smyslu robustn\u00ed vzhled li\u0161tov\u00e9 st\u0159echy. Tlou\u0161\u0165ka titanzinku [&hellip;]<\/p>\n","protected":false},"author":9,"featured_media":0,"parent":30854,"menu_order":820,"comment_status":"closed","ping_status":"closed","template":"template-import.php","meta":{"_acf_changed":false,"footnotes":""},"class_list":["post-30884","page","type-page","status-publish","hentry"],"acf":[],"yoast_head":"<!-- This site is optimized with the Yoast SEO plugin v26.8 - https:\/\/yoast.com\/product\/yoast-seo-wordpress\/ -->\n<title>Li\u0161tov\u00e9 syst\u00e9my &#8211; NedZink<\/title>\n<meta name=\"robots\" content=\"index, follow, max-snippet:-1, max-image-preview:large, max-video-preview:-1\" \/>\n<link rel=\"canonical\" href=\"https:\/\/www.nedzink.com\/cs\/zastreseni\/listove-systemy\/\" \/>\n<meta property=\"og:locale\" content=\"cs_CZ\" \/>\n<meta property=\"og:type\" content=\"article\" \/>\n<meta property=\"og:title\" content=\"Li\u0161tov\u00e9 syst\u00e9my &#8211; NedZink\" \/>\n<meta property=\"og:description\" content=\"Li\u0161tov\u00fd syst\u00e9m Oblast pou\u017eit\u00ed Li\u0161tov\u00fd syst\u00e9m je vhodn\u00fd pro velk\u00e9 a mal\u00e9 st\u0159echy se sklonem minim\u00e1ln\u011b 3\u00b0 a pro opl\u00e1\u0161t\u011bn\u00ed fas\u00e1d. Norm\u00e1ln\u00ed li\u0161tov\u00e1 st\u0159echa z NedZink se skl\u00e1d\u00e1 ze zinkov\u00fdch p\u00e1s\u016f, kter\u00e9 jsou roz\u010dlen\u011bny trap\u00e9zov\u00fdmi kryc\u00edmi li\u0161tami, pod nimi\u017e jsou d\u0159ev\u011bn\u00e9 li\u0161ty. Tak vznikne charakteristick\u00fd a v jist\u00e9m smyslu robustn\u00ed vzhled li\u0161tov\u00e9 st\u0159echy. Tlou\u0161\u0165ka titanzinku [&hellip;]\" \/>\n<meta property=\"og:url\" content=\"https:\/\/www.nedzink.com\/cs\/zastreseni\/listove-systemy\/\" \/>\n<meta property=\"og:site_name\" content=\"NedZink\" \/>\n<meta property=\"article:modified_time\" content=\"2021-04-06T15:15:10+00:00\" \/>\n<meta property=\"og:image\" content=\"https:\/\/www.nedzink.com\/wp-content\/uploads\/import\/cms\/userfiles\/images\/leistendeckung_1_small.jpg\" \/>\n<meta name=\"twitter:card\" content=\"summary_large_image\" \/>\n<meta name=\"twitter:label1\" content=\"Odhadovan\u00e1 doba \u010dten\u00ed\" \/>\n\t<meta name=\"twitter:data1\" content=\"5 minut\" \/>\n<script type=\"application\/ld+json\" class=\"yoast-schema-graph\">{\"@context\":\"https:\/\/schema.org\",\"@graph\":[{\"@type\":\"WebPage\",\"@id\":\"https:\/\/www.nedzink.com\/cs\/zastreseni\/listove-systemy\/\",\"url\":\"https:\/\/www.nedzink.com\/cs\/zastreseni\/listove-systemy\/\",\"name\":\"Li\u0161tov\u00e9 syst\u00e9my &#8211; NedZink\",\"isPartOf\":{\"@id\":\"https:\/\/www.nedzink.com\/cs\/#website\"},\"primaryImageOfPage\":{\"@id\":\"https:\/\/www.nedzink.com\/cs\/zastreseni\/listove-systemy\/#primaryimage\"},\"image\":{\"@id\":\"https:\/\/www.nedzink.com\/cs\/zastreseni\/listove-systemy\/#primaryimage\"},\"thumbnailUrl\":\"https:\/\/www.nedzink.com\/wp-content\/uploads\/import\/cms\/userfiles\/images\/leistendeckung_1_small.jpg\",\"datePublished\":\"2019-06-04T12:55:12+00:00\",\"dateModified\":\"2021-04-06T15:15:10+00:00\",\"breadcrumb\":{\"@id\":\"https:\/\/www.nedzink.com\/cs\/zastreseni\/listove-systemy\/#breadcrumb\"},\"inLanguage\":\"cs\",\"potentialAction\":[{\"@type\":\"ReadAction\",\"target\":[\"https:\/\/www.nedzink.com\/cs\/zastreseni\/listove-systemy\/\"]}]},{\"@type\":\"ImageObject\",\"inLanguage\":\"cs\",\"@id\":\"https:\/\/www.nedzink.com\/cs\/zastreseni\/listove-systemy\/#primaryimage\",\"url\":\"https:\/\/www.nedzink.com\/wp-content\/uploads\/import\/cms\/userfiles\/images\/leistendeckung_1_small.jpg\",\"contentUrl\":\"https:\/\/www.nedzink.com\/wp-content\/uploads\/import\/cms\/userfiles\/images\/leistendeckung_1_small.jpg\"},{\"@type\":\"BreadcrumbList\",\"@id\":\"https:\/\/www.nedzink.com\/cs\/zastreseni\/listove-systemy\/#breadcrumb\",\"itemListElement\":[{\"@type\":\"ListItem\",\"position\":1,\"name\":\"Home\",\"item\":\"https:\/\/www.nedzink.com\/cs\/\"},{\"@type\":\"ListItem\",\"position\":2,\"name\":\"Zast\u0159e\u0161en\u00ed\",\"item\":\"https:\/\/www.nedzink.com\/cs\/zastreseni\/\"},{\"@type\":\"ListItem\",\"position\":3,\"name\":\"Li\u0161tov\u00e9 syst\u00e9my\"}]},{\"@type\":\"WebSite\",\"@id\":\"https:\/\/www.nedzink.com\/cs\/#website\",\"url\":\"https:\/\/www.nedzink.com\/cs\/\",\"name\":\"NedZink\",\"description\":\"Zink fabrikant\",\"publisher\":{\"@id\":\"https:\/\/www.nedzink.com\/cs\/#organization\"},\"potentialAction\":[{\"@type\":\"SearchAction\",\"target\":{\"@type\":\"EntryPoint\",\"urlTemplate\":\"https:\/\/www.nedzink.com\/cs\/?s={search_term_string}\"},\"query-input\":{\"@type\":\"PropertyValueSpecification\",\"valueRequired\":true,\"valueName\":\"search_term_string\"}}],\"inLanguage\":\"cs\"},{\"@type\":\"Organization\",\"@id\":\"https:\/\/www.nedzink.com\/cs\/#organization\",\"name\":\"NedZink\",\"url\":\"https:\/\/www.nedzink.com\/cs\/\",\"logo\":{\"@type\":\"ImageObject\",\"inLanguage\":\"cs\",\"@id\":\"https:\/\/www.nedzink.com\/cs\/#\/schema\/logo\/image\/\",\"url\":\"https:\/\/www.nedzink.com\/wp-content\/uploads\/2019\/08\/logo-nedzink_fc_zk.jpg\",\"contentUrl\":\"https:\/\/www.nedzink.com\/wp-content\/uploads\/2019\/08\/logo-nedzink_fc_zk.jpg\",\"width\":2160,\"height\":688,\"caption\":\"NedZink\"},\"image\":{\"@id\":\"https:\/\/www.nedzink.com\/cs\/#\/schema\/logo\/image\/\"}}]}<\/script>\n<!-- \/ Yoast SEO plugin. -->","yoast_head_json":{"title":"Li\u0161tov\u00e9 syst\u00e9my &#8211; NedZink","robots":{"index":"index","follow":"follow","max-snippet":"max-snippet:-1","max-image-preview":"max-image-preview:large","max-video-preview":"max-video-preview:-1"},"canonical":"https:\/\/www.nedzink.com\/cs\/zastreseni\/listove-systemy\/","og_locale":"cs_CZ","og_type":"article","og_title":"Li\u0161tov\u00e9 syst\u00e9my &#8211; NedZink","og_description":"Li\u0161tov\u00fd syst\u00e9m Oblast pou\u017eit\u00ed Li\u0161tov\u00fd syst\u00e9m je vhodn\u00fd pro velk\u00e9 a mal\u00e9 st\u0159echy se sklonem minim\u00e1ln\u011b 3\u00b0 a pro opl\u00e1\u0161t\u011bn\u00ed fas\u00e1d. Norm\u00e1ln\u00ed li\u0161tov\u00e1 st\u0159echa z NedZink se skl\u00e1d\u00e1 ze zinkov\u00fdch p\u00e1s\u016f, kter\u00e9 jsou roz\u010dlen\u011bny trap\u00e9zov\u00fdmi kryc\u00edmi li\u0161tami, pod nimi\u017e jsou d\u0159ev\u011bn\u00e9 li\u0161ty. Tak vznikne charakteristick\u00fd a v jist\u00e9m smyslu robustn\u00ed vzhled li\u0161tov\u00e9 st\u0159echy. Tlou\u0161\u0165ka titanzinku [&hellip;]","og_url":"https:\/\/www.nedzink.com\/cs\/zastreseni\/listove-systemy\/","og_site_name":"NedZink","article_modified_time":"2021-04-06T15:15:10+00:00","og_image":[{"url":"https:\/\/www.nedzink.com\/wp-content\/uploads\/import\/cms\/userfiles\/images\/leistendeckung_1_small.jpg","type":"","width":"","height":""}],"twitter_card":"summary_large_image","twitter_misc":{"Odhadovan\u00e1 doba \u010dten\u00ed":"5 minut"},"schema":{"@context":"https:\/\/schema.org","@graph":[{"@type":"WebPage","@id":"https:\/\/www.nedzink.com\/cs\/zastreseni\/listove-systemy\/","url":"https:\/\/www.nedzink.com\/cs\/zastreseni\/listove-systemy\/","name":"Li\u0161tov\u00e9 syst\u00e9my &#8211; NedZink","isPartOf":{"@id":"https:\/\/www.nedzink.com\/cs\/#website"},"primaryImageOfPage":{"@id":"https:\/\/www.nedzink.com\/cs\/zastreseni\/listove-systemy\/#primaryimage"},"image":{"@id":"https:\/\/www.nedzink.com\/cs\/zastreseni\/listove-systemy\/#primaryimage"},"thumbnailUrl":"https:\/\/www.nedzink.com\/wp-content\/uploads\/import\/cms\/userfiles\/images\/leistendeckung_1_small.jpg","datePublished":"2019-06-04T12:55:12+00:00","dateModified":"2021-04-06T15:15:10+00:00","breadcrumb":{"@id":"https:\/\/www.nedzink.com\/cs\/zastreseni\/listove-systemy\/#breadcrumb"},"inLanguage":"cs","potentialAction":[{"@type":"ReadAction","target":["https:\/\/www.nedzink.com\/cs\/zastreseni\/listove-systemy\/"]}]},{"@type":"ImageObject","inLanguage":"cs","@id":"https:\/\/www.nedzink.com\/cs\/zastreseni\/listove-systemy\/#primaryimage","url":"https:\/\/www.nedzink.com\/wp-content\/uploads\/import\/cms\/userfiles\/images\/leistendeckung_1_small.jpg","contentUrl":"https:\/\/www.nedzink.com\/wp-content\/uploads\/import\/cms\/userfiles\/images\/leistendeckung_1_small.jpg"},{"@type":"BreadcrumbList","@id":"https:\/\/www.nedzink.com\/cs\/zastreseni\/listove-systemy\/#breadcrumb","itemListElement":[{"@type":"ListItem","position":1,"name":"Home","item":"https:\/\/www.nedzink.com\/cs\/"},{"@type":"ListItem","position":2,"name":"Zast\u0159e\u0161en\u00ed","item":"https:\/\/www.nedzink.com\/cs\/zastreseni\/"},{"@type":"ListItem","position":3,"name":"Li\u0161tov\u00e9 syst\u00e9my"}]},{"@type":"WebSite","@id":"https:\/\/www.nedzink.com\/cs\/#website","url":"https:\/\/www.nedzink.com\/cs\/","name":"NedZink","description":"Zink fabrikant","publisher":{"@id":"https:\/\/www.nedzink.com\/cs\/#organization"},"potentialAction":[{"@type":"SearchAction","target":{"@type":"EntryPoint","urlTemplate":"https:\/\/www.nedzink.com\/cs\/?s={search_term_string}"},"query-input":{"@type":"PropertyValueSpecification","valueRequired":true,"valueName":"search_term_string"}}],"inLanguage":"cs"},{"@type":"Organization","@id":"https:\/\/www.nedzink.com\/cs\/#organization","name":"NedZink","url":"https:\/\/www.nedzink.com\/cs\/","logo":{"@type":"ImageObject","inLanguage":"cs","@id":"https:\/\/www.nedzink.com\/cs\/#\/schema\/logo\/image\/","url":"https:\/\/www.nedzink.com\/wp-content\/uploads\/2019\/08\/logo-nedzink_fc_zk.jpg","contentUrl":"https:\/\/www.nedzink.com\/wp-content\/uploads\/2019\/08\/logo-nedzink_fc_zk.jpg","width":2160,"height":688,"caption":"NedZink"},"image":{"@id":"https:\/\/www.nedzink.com\/cs\/#\/schema\/logo\/image\/"}}]}},"_links":{"self":[{"href":"https:\/\/www.nedzink.com\/cs\/wp-json\/wp\/v2\/pages\/30884","targetHints":{"allow":["GET"]}}],"collection":[{"href":"https:\/\/www.nedzink.com\/cs\/wp-json\/wp\/v2\/pages"}],"about":[{"href":"https:\/\/www.nedzink.com\/cs\/wp-json\/wp\/v2\/types\/page"}],"author":[{"embeddable":true,"href":"https:\/\/www.nedzink.com\/cs\/wp-json\/wp\/v2\/users\/9"}],"replies":[{"embeddable":true,"href":"https:\/\/www.nedzink.com\/cs\/wp-json\/wp\/v2\/comments?post=30884"}],"version-history":[{"count":0,"href":"https:\/\/www.nedzink.com\/cs\/wp-json\/wp\/v2\/pages\/30884\/revisions"}],"up":[{"embeddable":true,"href":"https:\/\/www.nedzink.com\/cs\/wp-json\/wp\/v2\/pages\/30854"}],"wp:attachment":[{"href":"https:\/\/www.nedzink.com\/cs\/wp-json\/wp\/v2\/media?parent=30884"}],"curies":[{"name":"wp","href":"https:\/\/api.w.org\/{rel}","templated":true}]}}