{"id":30864,"date":"2019-06-04T14:54:58","date_gmt":"2019-06-04T12:54:58","guid":{"rendered":"http:\/\/136.144.181.85\/~nedzink\/technicke-info\/zastreseni\/vseobecne\/"},"modified":"2019-06-04T14:54:58","modified_gmt":"2019-06-04T12:54:58","slug":"vseobecne","status":"publish","type":"page","link":"https:\/\/www.nedzink.com\/cs\/zastreseni\/vseobecne\/","title":{"rendered":"V\u0161eobecn\u011b"},"content":{"rendered":"<p>\n\t<img decoding=\"async\" alt=\"\" src=\"https:\/\/www.nedzink.com\/wp-content\/uploads\/import\/cms\/userfiles\/images\/40_dachsysteme.jpg\" style=\"margin-right: 10px; float: left; width: 185px; height: 174px;\" \/><\/p>\n<p>\n\tSt\u0159echa jako stavebn&iacute; konstrukce je z\u0159ejm\u011b nejstar&scaron;&iacute; a nejp\u016fvodn\u011bj&scaron;&iacute; formou stabiln&iacute; ochrany lid&iacute; p\u0159ed pov\u011btrnostn&iacute;mi vlivy vn\u011bj&scaron;&iacute;ho prost\u0159ed&iacute;. Je tak&eacute; jednou z nejrozmanit\u011bj&scaron;&iacute;ch forem ochrany, co se t&yacute;k&aacute; tvaru, barvy, materi&aacute;lu a funkce. D&iacute;ky tomu m&aacute;me dnes k dispozici velk&eacute; mno\u017estv&iacute; mo\u017enost&iacute; proveden&iacute; zast\u0159e&scaron;en&iacute;.<\/p>\n<p>\n\tP\u0159ednost titanzinkov&yacute;ch st\u0159ech spo\u010d&iacute;v&aacute; &ndash; vedle mnoha jin&yacute;ch &ndash; v jeho individu&aacute;ln&iacute; pou\u017eitelnosti. I komplikovan&eacute; formy jsou technicky provediteln&eacute; a zhotovuj&iacute; se jako trvale vodot\u011bsn&eacute;. P\u0159i prov&aacute;d\u011bn&iacute; pou\u017e&iacute;v&aacute;me r\u016fzn&eacute; syst&eacute;my zast\u0159e&scaron;en&iacute;.<\/p>\n<p>\n\tSyst&eacute;m stojat&yacute;ch dr&aacute;\u017eek\/falc\u016f s variantami &uacute;hlov&aacute; a dvojit&aacute; stojat&aacute; dr&aacute;\u017eka vyu\u017e&iacute;v&aacute; pro velmi tenk&yacute; a vod\u011bodoln&yacute; pod&eacute;ln&yacute; spoj dobrou tvarovatelnost titanzinku.<\/p>\n<p>\n\tLi&scaron;tov&yacute; syst&eacute;m je historicky v\u017eitou formou zinkov&yacute;ch plech\u016f, kter&eacute; jsou spojeny do kompaktn&iacute; formy zast\u0159e&scaron;en&iacute;. Pod&eacute;ln&eacute; spoje jsou opticky siln\u011b profilov&aacute;ny.<\/p>\n<p>\n\tSyst&eacute;m &scaron;ablon je alternativou mal&yacute;ch, jemn\u011b \u010dlen\u011bn&yacute;ch d&iacute;l\u016f pou\u017eit&yacute;ch jako &scaron;upinkovit&eacute; zast\u0159e&scaron;en&iacute;.<\/p>\n<p>\n\tSyst&eacute;m NedZink p\u0159edstavuje ekonomickou alternativu s rychlou pokl&aacute;dkou a dobr&yacute;m vzhledem. V syst&eacute;mov&eacute;m \u0159e&scaron;en&iacute; p\u0159itom ani nen&iacute; t\u0159eba jako podklad celoplo&scaron;n&eacute; d\u0159ev\u011bn&eacute; bedn\u011bn&iacute;.<\/p>\n","protected":false},"excerpt":{"rendered":"<p>St\u0159echa jako stavebn&iacute; konstrukce je z\u0159ejm\u011b nejstar&scaron;&iacute; a nejp\u016fvodn\u011bj&scaron;&iacute; formou stabiln&iacute; ochrany lid&iacute; p\u0159ed pov\u011btrnostn&iacute;mi vlivy vn\u011bj&scaron;&iacute;ho prost\u0159ed&iacute;. Je tak&eacute; jednou z nejrozmanit\u011bj&scaron;&iacute;ch forem ochrany, co se t&yacute;k&aacute; tvaru, barvy, materi&aacute;lu a funkce. D&iacute;ky tomu m&aacute;me dnes k dispozici velk&eacute; mno\u017estv&iacute; mo\u017enost&iacute; proveden&iacute; zast\u0159e&scaron;en&iacute;. P\u0159ednost titanzinkov&yacute;ch st\u0159ech spo\u010d&iacute;v&aacute; &ndash; vedle mnoha jin&yacute;ch &ndash; v jeho [&hellip;]<\/p>\n","protected":false},"author":9,"featured_media":0,"parent":30854,"menu_order":800,"comment_status":"closed","ping_status":"closed","template":"template-import.php","meta":{"_acf_changed":false,"footnotes":""},"class_list":["post-30864","page","type-page","status-publish","hentry"],"acf":[],"yoast_head":"<!-- This site is optimized with the Yoast SEO plugin v26.8 - https:\/\/yoast.com\/product\/yoast-seo-wordpress\/ -->\n<title>V\u0161eobecn\u011b \u2013 NedZink<\/title>\n<meta name=\"robots\" content=\"index, follow, max-snippet:-1, max-image-preview:large, max-video-preview:-1\" \/>\n<link rel=\"canonical\" href=\"https:\/\/www.nedzink.com\/cs\/zastreseni\/vseobecne\/\" \/>\n<meta property=\"og:locale\" content=\"cs_CZ\" \/>\n<meta property=\"og:type\" content=\"article\" \/>\n<meta property=\"og:title\" content=\"V\u0161eobecn\u011b \u2013 NedZink\" \/>\n<meta property=\"og:description\" content=\"St\u0159echa jako stavebn&iacute; konstrukce je z\u0159ejm\u011b nejstar&scaron;&iacute; a nejp\u016fvodn\u011bj&scaron;&iacute; formou stabiln&iacute; ochrany lid&iacute; p\u0159ed pov\u011btrnostn&iacute;mi vlivy vn\u011bj&scaron;&iacute;ho prost\u0159ed&iacute;. Je tak&eacute; jednou z nejrozmanit\u011bj&scaron;&iacute;ch forem ochrany, co se t&yacute;k&aacute; tvaru, barvy, materi&aacute;lu a funkce. D&iacute;ky tomu m&aacute;me dnes k dispozici velk&eacute; mno\u017estv&iacute; mo\u017enost&iacute; proveden&iacute; zast\u0159e&scaron;en&iacute;. P\u0159ednost titanzinkov&yacute;ch st\u0159ech spo\u010d&iacute;v&aacute; &ndash; vedle mnoha jin&yacute;ch &ndash; v jeho [&hellip;]\" \/>\n<meta property=\"og:url\" content=\"https:\/\/www.nedzink.com\/cs\/zastreseni\/vseobecne\/\" \/>\n<meta property=\"og:site_name\" content=\"NedZink\" \/>\n<meta property=\"og:image\" content=\"https:\/\/www.nedzink.com\/wp-content\/uploads\/import\/cms\/userfiles\/images\/40_dachsysteme.jpg\" \/>\n<meta name=\"twitter:card\" content=\"summary_large_image\" \/>\n<meta name=\"twitter:label1\" content=\"Odhadovan\u00e1 doba \u010dten\u00ed\" \/>\n\t<meta name=\"twitter:data1\" content=\"2 minuty\" \/>\n<script type=\"application\/ld+json\" class=\"yoast-schema-graph\">{\"@context\":\"https:\/\/schema.org\",\"@graph\":[{\"@type\":\"WebPage\",\"@id\":\"https:\/\/www.nedzink.com\/cs\/zastreseni\/vseobecne\/\",\"url\":\"https:\/\/www.nedzink.com\/cs\/zastreseni\/vseobecne\/\",\"name\":\"V\u0161eobecn\u011b \u2013 NedZink\",\"isPartOf\":{\"@id\":\"https:\/\/www.nedzink.com\/cs\/#website\"},\"primaryImageOfPage\":{\"@id\":\"https:\/\/www.nedzink.com\/cs\/zastreseni\/vseobecne\/#primaryimage\"},\"image\":{\"@id\":\"https:\/\/www.nedzink.com\/cs\/zastreseni\/vseobecne\/#primaryimage\"},\"thumbnailUrl\":\"https:\/\/www.nedzink.com\/wp-content\/uploads\/import\/cms\/userfiles\/images\/40_dachsysteme.jpg\",\"datePublished\":\"2019-06-04T12:54:58+00:00\",\"breadcrumb\":{\"@id\":\"https:\/\/www.nedzink.com\/cs\/zastreseni\/vseobecne\/#breadcrumb\"},\"inLanguage\":\"cs\",\"potentialAction\":[{\"@type\":\"ReadAction\",\"target\":[\"https:\/\/www.nedzink.com\/cs\/zastreseni\/vseobecne\/\"]}]},{\"@type\":\"ImageObject\",\"inLanguage\":\"cs\",\"@id\":\"https:\/\/www.nedzink.com\/cs\/zastreseni\/vseobecne\/#primaryimage\",\"url\":\"https:\/\/www.nedzink.com\/wp-content\/uploads\/import\/cms\/userfiles\/images\/40_dachsysteme.jpg\",\"contentUrl\":\"https:\/\/www.nedzink.com\/wp-content\/uploads\/import\/cms\/userfiles\/images\/40_dachsysteme.jpg\"},{\"@type\":\"BreadcrumbList\",\"@id\":\"https:\/\/www.nedzink.com\/cs\/zastreseni\/vseobecne\/#breadcrumb\",\"itemListElement\":[{\"@type\":\"ListItem\",\"position\":1,\"name\":\"Home\",\"item\":\"https:\/\/www.nedzink.com\/cs\/\"},{\"@type\":\"ListItem\",\"position\":2,\"name\":\"Zast\u0159e\u0161en\u00ed\",\"item\":\"https:\/\/www.nedzink.com\/cs\/zastreseni\/\"},{\"@type\":\"ListItem\",\"position\":3,\"name\":\"V\u0161eobecn\u011b\"}]},{\"@type\":\"WebSite\",\"@id\":\"https:\/\/www.nedzink.com\/cs\/#website\",\"url\":\"https:\/\/www.nedzink.com\/cs\/\",\"name\":\"NedZink\",\"description\":\"Zink fabrikant\",\"publisher\":{\"@id\":\"https:\/\/www.nedzink.com\/cs\/#organization\"},\"potentialAction\":[{\"@type\":\"SearchAction\",\"target\":{\"@type\":\"EntryPoint\",\"urlTemplate\":\"https:\/\/www.nedzink.com\/cs\/?s={search_term_string}\"},\"query-input\":{\"@type\":\"PropertyValueSpecification\",\"valueRequired\":true,\"valueName\":\"search_term_string\"}}],\"inLanguage\":\"cs\"},{\"@type\":\"Organization\",\"@id\":\"https:\/\/www.nedzink.com\/cs\/#organization\",\"name\":\"NedZink\",\"url\":\"https:\/\/www.nedzink.com\/cs\/\",\"logo\":{\"@type\":\"ImageObject\",\"inLanguage\":\"cs\",\"@id\":\"https:\/\/www.nedzink.com\/cs\/#\/schema\/logo\/image\/\",\"url\":\"https:\/\/www.nedzink.com\/wp-content\/uploads\/2019\/08\/logo-nedzink_fc_zk.jpg\",\"contentUrl\":\"https:\/\/www.nedzink.com\/wp-content\/uploads\/2019\/08\/logo-nedzink_fc_zk.jpg\",\"width\":2160,\"height\":688,\"caption\":\"NedZink\"},\"image\":{\"@id\":\"https:\/\/www.nedzink.com\/cs\/#\/schema\/logo\/image\/\"}}]}<\/script>\n<!-- \/ Yoast SEO plugin. -->","yoast_head_json":{"title":"V\u0161eobecn\u011b \u2013 NedZink","robots":{"index":"index","follow":"follow","max-snippet":"max-snippet:-1","max-image-preview":"max-image-preview:large","max-video-preview":"max-video-preview:-1"},"canonical":"https:\/\/www.nedzink.com\/cs\/zastreseni\/vseobecne\/","og_locale":"cs_CZ","og_type":"article","og_title":"V\u0161eobecn\u011b \u2013 NedZink","og_description":"St\u0159echa jako stavebn&iacute; konstrukce je z\u0159ejm\u011b nejstar&scaron;&iacute; a nejp\u016fvodn\u011bj&scaron;&iacute; formou stabiln&iacute; ochrany lid&iacute; p\u0159ed pov\u011btrnostn&iacute;mi vlivy vn\u011bj&scaron;&iacute;ho prost\u0159ed&iacute;. Je tak&eacute; jednou z nejrozmanit\u011bj&scaron;&iacute;ch forem ochrany, co se t&yacute;k&aacute; tvaru, barvy, materi&aacute;lu a funkce. D&iacute;ky tomu m&aacute;me dnes k dispozici velk&eacute; mno\u017estv&iacute; mo\u017enost&iacute; proveden&iacute; zast\u0159e&scaron;en&iacute;. P\u0159ednost titanzinkov&yacute;ch st\u0159ech spo\u010d&iacute;v&aacute; &ndash; vedle mnoha jin&yacute;ch &ndash; v jeho [&hellip;]","og_url":"https:\/\/www.nedzink.com\/cs\/zastreseni\/vseobecne\/","og_site_name":"NedZink","og_image":[{"url":"https:\/\/www.nedzink.com\/wp-content\/uploads\/import\/cms\/userfiles\/images\/40_dachsysteme.jpg","type":"","width":"","height":""}],"twitter_card":"summary_large_image","twitter_misc":{"Odhadovan\u00e1 doba \u010dten\u00ed":"2 minuty"},"schema":{"@context":"https:\/\/schema.org","@graph":[{"@type":"WebPage","@id":"https:\/\/www.nedzink.com\/cs\/zastreseni\/vseobecne\/","url":"https:\/\/www.nedzink.com\/cs\/zastreseni\/vseobecne\/","name":"V\u0161eobecn\u011b \u2013 NedZink","isPartOf":{"@id":"https:\/\/www.nedzink.com\/cs\/#website"},"primaryImageOfPage":{"@id":"https:\/\/www.nedzink.com\/cs\/zastreseni\/vseobecne\/#primaryimage"},"image":{"@id":"https:\/\/www.nedzink.com\/cs\/zastreseni\/vseobecne\/#primaryimage"},"thumbnailUrl":"https:\/\/www.nedzink.com\/wp-content\/uploads\/import\/cms\/userfiles\/images\/40_dachsysteme.jpg","datePublished":"2019-06-04T12:54:58+00:00","breadcrumb":{"@id":"https:\/\/www.nedzink.com\/cs\/zastreseni\/vseobecne\/#breadcrumb"},"inLanguage":"cs","potentialAction":[{"@type":"ReadAction","target":["https:\/\/www.nedzink.com\/cs\/zastreseni\/vseobecne\/"]}]},{"@type":"ImageObject","inLanguage":"cs","@id":"https:\/\/www.nedzink.com\/cs\/zastreseni\/vseobecne\/#primaryimage","url":"https:\/\/www.nedzink.com\/wp-content\/uploads\/import\/cms\/userfiles\/images\/40_dachsysteme.jpg","contentUrl":"https:\/\/www.nedzink.com\/wp-content\/uploads\/import\/cms\/userfiles\/images\/40_dachsysteme.jpg"},{"@type":"BreadcrumbList","@id":"https:\/\/www.nedzink.com\/cs\/zastreseni\/vseobecne\/#breadcrumb","itemListElement":[{"@type":"ListItem","position":1,"name":"Home","item":"https:\/\/www.nedzink.com\/cs\/"},{"@type":"ListItem","position":2,"name":"Zast\u0159e\u0161en\u00ed","item":"https:\/\/www.nedzink.com\/cs\/zastreseni\/"},{"@type":"ListItem","position":3,"name":"V\u0161eobecn\u011b"}]},{"@type":"WebSite","@id":"https:\/\/www.nedzink.com\/cs\/#website","url":"https:\/\/www.nedzink.com\/cs\/","name":"NedZink","description":"Zink fabrikant","publisher":{"@id":"https:\/\/www.nedzink.com\/cs\/#organization"},"potentialAction":[{"@type":"SearchAction","target":{"@type":"EntryPoint","urlTemplate":"https:\/\/www.nedzink.com\/cs\/?s={search_term_string}"},"query-input":{"@type":"PropertyValueSpecification","valueRequired":true,"valueName":"search_term_string"}}],"inLanguage":"cs"},{"@type":"Organization","@id":"https:\/\/www.nedzink.com\/cs\/#organization","name":"NedZink","url":"https:\/\/www.nedzink.com\/cs\/","logo":{"@type":"ImageObject","inLanguage":"cs","@id":"https:\/\/www.nedzink.com\/cs\/#\/schema\/logo\/image\/","url":"https:\/\/www.nedzink.com\/wp-content\/uploads\/2019\/08\/logo-nedzink_fc_zk.jpg","contentUrl":"https:\/\/www.nedzink.com\/wp-content\/uploads\/2019\/08\/logo-nedzink_fc_zk.jpg","width":2160,"height":688,"caption":"NedZink"},"image":{"@id":"https:\/\/www.nedzink.com\/cs\/#\/schema\/logo\/image\/"}}]}},"_links":{"self":[{"href":"https:\/\/www.nedzink.com\/cs\/wp-json\/wp\/v2\/pages\/30864","targetHints":{"allow":["GET"]}}],"collection":[{"href":"https:\/\/www.nedzink.com\/cs\/wp-json\/wp\/v2\/pages"}],"about":[{"href":"https:\/\/www.nedzink.com\/cs\/wp-json\/wp\/v2\/types\/page"}],"author":[{"embeddable":true,"href":"https:\/\/www.nedzink.com\/cs\/wp-json\/wp\/v2\/users\/9"}],"replies":[{"embeddable":true,"href":"https:\/\/www.nedzink.com\/cs\/wp-json\/wp\/v2\/comments?post=30864"}],"version-history":[{"count":0,"href":"https:\/\/www.nedzink.com\/cs\/wp-json\/wp\/v2\/pages\/30864\/revisions"}],"up":[{"embeddable":true,"href":"https:\/\/www.nedzink.com\/cs\/wp-json\/wp\/v2\/pages\/30854"}],"wp:attachment":[{"href":"https:\/\/www.nedzink.com\/cs\/wp-json\/wp\/v2\/media?parent=30864"}],"curies":[{"name":"wp","href":"https:\/\/api.w.org\/{rel}","templated":true}]}}