{"id":30811,"date":"2019-06-04T14:54:45","date_gmt":"2019-06-04T12:54:45","guid":{"rendered":"http:\/\/136.144.181.85\/~nedzink\/technicke-info\/nosne-konstrukce\/tepelna-izolace\/"},"modified":"2019-06-04T14:54:45","modified_gmt":"2019-06-04T12:54:45","slug":"tepelna-izolace","status":"publish","type":"page","link":"https:\/\/www.nedzink.com\/cs\/tepelna-izolace\/","title":{"rendered":"Tepeln\u00e1 izolace"},"content":{"rendered":"<div class=\"contentStyle\" style=\"margin: 10px 0px\">\n<p>\n\t\t&nbsp;<\/p>\n<p>\n\t\tIzola\u010dn&iacute; materi&aacute;ly se pou\u017e&iacute;vaj&iacute; ve spojen&iacute; s materi&aacute;ly NedZink v konstrukc&iacute;ch st\u0159ech a st\u011bn zpravidla jako tepeln&aacute; ochrana. V p\u0159&iacute;pad\u011b po\u017eadavku mohou slou\u017eit tak&eacute; jako akustick&aacute; ochrana resp. akustick&aacute; izolace. Krom\u011b klasick&eacute;ho zabudov&aacute;n&iacute; izola\u010dn&iacute;ch hmot pod kryc&iacute; vrstvou jsou dnes k dispozici tak&eacute; syst&eacute;my, u kter&yacute;ch v p\u0159&iacute;pad\u011b nev\u011btran&yacute;ch konstrukc&iacute; p\u0159eb&iacute;r&aacute; izola\u010dn&iacute; materi&aacute;l funkci podkladn&iacute; vrstvy. Jestli\u017ee se realizuj&iacute; takov&eacute; konstrukce s materi&aacute;ly NedZink &ndash; na z&aacute;klad\u011b poradensk&eacute; \u010dinnosti ze strany NedZink &#8211; potom je pot\u0159eba zabudovat pod tepelnou izolaci trvale funk\u010dn&iacute; parot\u011bsnou z&aacute;branu a d\u011blic&iacute; vrstvu nad tepelnou izolaci, kter&aacute; zaji&scaron;\u0165uje odv\u011btr&aacute;n&iacute; vlhkosti.<\/p>\n<h2>\n\t\tIzolace z miner&aacute;ln&iacute;ch vl&aacute;ken<\/h2>\n<p>\n\t\tZpravidla se pou\u017e&iacute;vaj&iacute; stabiln&iacute; desky z miner&aacute;ln&iacute; vlny. Musej&iacute; b&yacute;t odoln&eacute; proti hnilob\u011b, rozm\u011brov\u011b st&aacute;l&eacute;, odoln&eacute; v\u016f\u010di deformac&iacute;m a teplot\u011b. U protipo\u017e&aacute;rn&iacute; ochrany se po\u017eaduje minim&aacute;ln\u011b t\u0159&iacute;da B1. Rozm\u011bry desek a hodnoty tepeln&eacute; vodivosti se stanov&iacute; podle na\u0159&iacute;zen&iacute; pro tepelnou ochranu a DIN 4108. Desky jsou stabiln&iacute; a odpuzuj&iacute; vodu. V pr\u016fb\u011bhu prac&iacute; se pop\u0159. pou\u017eij&iacute; do\u010dasn&eacute; ochrann&eacute; plachty resp. f&oacute;lie proti pronik&aacute;n&iacute; vlhkosti.<\/p>\n<p>\n\t\tPro p\u0159ipevn\u011bn&iacute; falcovan&yacute;ch prvk\u016f jsou k dispozici r\u016fzn&eacute; mo\u017enosti.<\/p>\n<p>\n\t\tPou\u017eit&eacute; proveden&iacute; se v\u017edy zvol&iacute; podle p\u0159&iacute;slu&scaron;n&yacute;ch podm&iacute;nek objektu:<\/p>\n<p style=\"margin-left:18pt;\">\n\t\t1. &nbsp; p\u0159ipevn\u011bn&iacute; prvk\u016f s vysok&yacute;m pomocn&yacute;m profilem p\u0159&iacute;mo do nosn&eacute; konstrukce. Poloha p\u0159ipevn\u011bn&iacute; je ve sp&aacute;r&aacute;ch mezi deskami.(nap\u0159. sm-syst&eacute;m speci&aacute;ln\u011b pro &nbsp;<br \/>\n\t\t&nbsp; &nbsp; &nbsp; posuvn&eacute; p\u0159&iacute;ponky s dr&aacute;\u017ekou SM-Sos)<\/p>\n<p style=\"margin-left:18pt;\">\n\t\t2. &nbsp;prvky ulo\u017eenn&eacute; na tepeln&eacute; izolaci a p\u0159ipevn\u011bn&eacute; dlouh&yacute;mi p\u0159ipev\u0148ovac&iacute;mi prost\u0159edky v nosn&eacute; konstrukci (nap\u0159. syst&eacute;m Krabban; sm-syst&eacute;m deskov&yacute; h&aacute;k SM-GP)<\/p>\n<p style=\"margin-left:18pt;\">\n\t\t3. &nbsp;prvky p\u0159il&eacute;haj&iacute;c&iacute; na kovov&eacute; resp. d\u0159ev\u011bn&eacute; profily, kter&eacute; jsou integrovan&eacute; v tepeln&eacute; izolaci. P\u0159ipevn\u011bn&iacute; profil\u016f se prov&aacute;d&iacute; dlouh&yacute;mi p\u0159ipev\u0148ovac&iacute;mi prost\u0159edky do nosn&eacute;<br \/>\n\t\t&nbsp; &nbsp; &nbsp;konstrukce, p\u0159ipevn\u011bn&iacute; profil\u016f se uskute\u010d\u0148uje p\u0159&iacute;mo na profilech (nap\u0159. Rockwool-Prodach)<\/p>\n<p style=\"margin-left:18pt;\">\n\t\t4. &nbsp;pokl&aacute;d&aacute;n&iacute; tepeln&eacute; izolace ve v&iacute;ce vrstv&aacute;ch s integrovan&yacute;mi profily (nap\u0159. lat\u011b); vzd&aacute;lenosti mezi lat\u011bmi se zvol&iacute; tak, aby se mohlo prov&eacute;st spr&aacute;vn&eacute; p\u0159ipevn\u011bn&iacute; prvk\u016f.<\/p>\n<p>\n\t\tJe nutn&eacute; dodr\u017eet pokyny pro prov&aacute;d\u011bn&iacute; stanoven&eacute; v&yacute;robcem.<\/p>\n<h2>\n\t\tP\u011bnov&eacute; sklo<\/h2>\n<p>\n\t\tPou\u017e&iacute;van&eacute; desky z p\u011bnov&eacute;ho skla vykazuj&iacute; pozitivn&iacute; vlastnosti jako podklad pro NedZink, proto\u017ee jsou:<\/p>\n<ul>\n<li style=\"margin-left: 18pt; \">\n\t\t\t&nbsp; odoln&eacute; proti tlaku<\/li>\n<li style=\"margin-left: 18pt; \">\n\t\t\t&nbsp; neho\u0159lav&eacute;<\/li>\n<li style=\"margin-left: 18pt; \">\n\t\t\t&nbsp; odoln&eacute; proti hnilob\u011b<\/li>\n<li style=\"margin-left: 18pt; \">\n\t\t\t&nbsp; tvarov\u011b stabiln&iacute;<\/li>\n<li style=\"margin-left: 18pt; \">\n\t\t\t&nbsp; prakticky t\u011bsn&eacute; v\u016f\u010di difuzi<\/li>\n<\/ul>\n<p>\n\t\tDesky se p\u0159ilepuj&iacute; asfaltem (lepen&iacute; za horka resp. za studena) na spodn&iacute; konstrukci a mezi sebou. Po nat\u0159en&iacute; hork&yacute;m asfaltem, odd\u011blen&iacute; p\u0159ilepen&yacute;ch polo\u017eek, p\u0159ira\u017een&iacute; ozuben&eacute; desky se nanese jedna t\u011bsnic&iacute; vrstva z polymeriza\u010dn&iacute; \u017eivice. Na to se um&iacute;st&iacute; pod NedZink jako d\u011blic&iacute; vrstva strukturovan&aacute; roho\u017e, kter&aacute; zaji&scaron;\u0165uje odv\u011btr&aacute;n&iacute; vlhkosti.<\/p>\n<p>\n\t\tJe nutn&eacute; dodr\u017eovat pokyny v&yacute;robce k proveden&iacute;.<\/p>\n<h2>\n\t\tIzola\u010dn&iacute; hmoty z tuh&eacute; p\u011bny<\/h2>\n<p>\n\t\tNab&iacute;z&iacute; se izola\u010dn&iacute; desky z tuh&eacute; p\u011bny s integrovan&yacute;mi d\u0159ev\u011bn&yacute;mi li&scaron;tami, kter&eacute; jsou um&iacute;st\u011bn&eacute; v n\u011bkolika vrstv&aacute;ch a tvo\u0159&iacute; kryc&iacute; vrstvu. Tyto je tak&eacute; mo\u017eno pou\u017e&iacute;t ve spojen&iacute; s materi&aacute;ly NedZink. Rozhodnut&iacute; o tom je nuno vydat na z&aacute;klad\u011b kontroly p\u0159&iacute;slu&scaron;n&eacute;ho objektu.<\/p>\n<p>\n\t\tJe nutn&eacute; dodr\u017eovat pokyny v&yacute;robce k proveden&iacute;.<\/p>\n<\/div>\n","protected":false},"excerpt":{"rendered":"<p>&nbsp; Izola\u010dn&iacute; materi&aacute;ly se pou\u017e&iacute;vaj&iacute; ve spojen&iacute; s materi&aacute;ly NedZink v konstrukc&iacute;ch st\u0159ech a st\u011bn zpravidla jako tepeln&aacute; ochrana. V p\u0159&iacute;pad\u011b po\u017eadavku mohou slou\u017eit tak&eacute; jako akustick&aacute; ochrana resp. akustick&aacute; izolace. Krom\u011b klasick&eacute;ho zabudov&aacute;n&iacute; izola\u010dn&iacute;ch hmot pod kryc&iacute; vrstvou jsou dnes k dispozici tak&eacute; syst&eacute;my, u kter&yacute;ch v p\u0159&iacute;pad\u011b nev\u011btran&yacute;ch konstrukc&iacute; p\u0159eb&iacute;r&aacute; izola\u010dn&iacute; materi&aacute;l funkci [&hellip;]<\/p>\n","protected":false},"author":9,"featured_media":0,"parent":0,"menu_order":750,"comment_status":"closed","ping_status":"closed","template":"template-import.php","meta":{"_acf_changed":false,"footnotes":""},"class_list":["post-30811","page","type-page","status-publish","hentry"],"acf":[],"yoast_head":"<!-- This site is optimized with the Yoast SEO plugin v26.8 - https:\/\/yoast.com\/product\/yoast-seo-wordpress\/ -->\n<title>Tepeln\u00e1 izolace \u2013 NedZink<\/title>\n<meta name=\"robots\" content=\"index, follow, max-snippet:-1, max-image-preview:large, max-video-preview:-1\" \/>\n<link rel=\"canonical\" href=\"https:\/\/www.nedzink.com\/cs\/tepelna-izolace\/\" \/>\n<meta property=\"og:locale\" content=\"cs_CZ\" \/>\n<meta property=\"og:type\" content=\"article\" \/>\n<meta property=\"og:title\" content=\"Tepeln\u00e1 izolace \u2013 NedZink\" \/>\n<meta property=\"og:description\" content=\"&nbsp; Izola\u010dn&iacute; materi&aacute;ly se pou\u017e&iacute;vaj&iacute; ve spojen&iacute; s materi&aacute;ly NedZink v konstrukc&iacute;ch st\u0159ech a st\u011bn zpravidla jako tepeln&aacute; ochrana. V p\u0159&iacute;pad\u011b po\u017eadavku mohou slou\u017eit tak&eacute; jako akustick&aacute; ochrana resp. akustick&aacute; izolace. Krom\u011b klasick&eacute;ho zabudov&aacute;n&iacute; izola\u010dn&iacute;ch hmot pod kryc&iacute; vrstvou jsou dnes k dispozici tak&eacute; syst&eacute;my, u kter&yacute;ch v p\u0159&iacute;pad\u011b nev\u011btran&yacute;ch konstrukc&iacute; p\u0159eb&iacute;r&aacute; izola\u010dn&iacute; materi&aacute;l funkci [&hellip;]\" \/>\n<meta property=\"og:url\" content=\"https:\/\/www.nedzink.com\/cs\/tepelna-izolace\/\" \/>\n<meta property=\"og:site_name\" content=\"NedZink\" \/>\n<meta name=\"twitter:card\" content=\"summary_large_image\" \/>\n<meta name=\"twitter:label1\" content=\"Odhadovan\u00e1 doba \u010dten\u00ed\" \/>\n\t<meta name=\"twitter:data1\" content=\"4 minuty\" \/>\n<script type=\"application\/ld+json\" class=\"yoast-schema-graph\">{\"@context\":\"https:\/\/schema.org\",\"@graph\":[{\"@type\":\"WebPage\",\"@id\":\"https:\/\/www.nedzink.com\/cs\/tepelna-izolace\/\",\"url\":\"https:\/\/www.nedzink.com\/cs\/tepelna-izolace\/\",\"name\":\"Tepeln\u00e1 izolace \u2013 NedZink\",\"isPartOf\":{\"@id\":\"https:\/\/www.nedzink.com\/cs\/#website\"},\"datePublished\":\"2019-06-04T12:54:45+00:00\",\"breadcrumb\":{\"@id\":\"https:\/\/www.nedzink.com\/cs\/tepelna-izolace\/#breadcrumb\"},\"inLanguage\":\"cs\",\"potentialAction\":[{\"@type\":\"ReadAction\",\"target\":[\"https:\/\/www.nedzink.com\/cs\/tepelna-izolace\/\"]}]},{\"@type\":\"BreadcrumbList\",\"@id\":\"https:\/\/www.nedzink.com\/cs\/tepelna-izolace\/#breadcrumb\",\"itemListElement\":[{\"@type\":\"ListItem\",\"position\":1,\"name\":\"Home\",\"item\":\"https:\/\/www.nedzink.com\/cs\/\"},{\"@type\":\"ListItem\",\"position\":2,\"name\":\"Tepeln\u00e1 izolace\"}]},{\"@type\":\"WebSite\",\"@id\":\"https:\/\/www.nedzink.com\/cs\/#website\",\"url\":\"https:\/\/www.nedzink.com\/cs\/\",\"name\":\"NedZink\",\"description\":\"Zink fabrikant\",\"publisher\":{\"@id\":\"https:\/\/www.nedzink.com\/cs\/#organization\"},\"potentialAction\":[{\"@type\":\"SearchAction\",\"target\":{\"@type\":\"EntryPoint\",\"urlTemplate\":\"https:\/\/www.nedzink.com\/cs\/?s={search_term_string}\"},\"query-input\":{\"@type\":\"PropertyValueSpecification\",\"valueRequired\":true,\"valueName\":\"search_term_string\"}}],\"inLanguage\":\"cs\"},{\"@type\":\"Organization\",\"@id\":\"https:\/\/www.nedzink.com\/cs\/#organization\",\"name\":\"NedZink\",\"url\":\"https:\/\/www.nedzink.com\/cs\/\",\"logo\":{\"@type\":\"ImageObject\",\"inLanguage\":\"cs\",\"@id\":\"https:\/\/www.nedzink.com\/cs\/#\/schema\/logo\/image\/\",\"url\":\"https:\/\/www.nedzink.com\/wp-content\/uploads\/2019\/08\/logo-nedzink_fc_zk.jpg\",\"contentUrl\":\"https:\/\/www.nedzink.com\/wp-content\/uploads\/2019\/08\/logo-nedzink_fc_zk.jpg\",\"width\":2160,\"height\":688,\"caption\":\"NedZink\"},\"image\":{\"@id\":\"https:\/\/www.nedzink.com\/cs\/#\/schema\/logo\/image\/\"}}]}<\/script>\n<!-- \/ Yoast SEO plugin. -->","yoast_head_json":{"title":"Tepeln\u00e1 izolace \u2013 NedZink","robots":{"index":"index","follow":"follow","max-snippet":"max-snippet:-1","max-image-preview":"max-image-preview:large","max-video-preview":"max-video-preview:-1"},"canonical":"https:\/\/www.nedzink.com\/cs\/tepelna-izolace\/","og_locale":"cs_CZ","og_type":"article","og_title":"Tepeln\u00e1 izolace \u2013 NedZink","og_description":"&nbsp; Izola\u010dn&iacute; materi&aacute;ly se pou\u017e&iacute;vaj&iacute; ve spojen&iacute; s materi&aacute;ly NedZink v konstrukc&iacute;ch st\u0159ech a st\u011bn zpravidla jako tepeln&aacute; ochrana. V p\u0159&iacute;pad\u011b po\u017eadavku mohou slou\u017eit tak&eacute; jako akustick&aacute; ochrana resp. akustick&aacute; izolace. Krom\u011b klasick&eacute;ho zabudov&aacute;n&iacute; izola\u010dn&iacute;ch hmot pod kryc&iacute; vrstvou jsou dnes k dispozici tak&eacute; syst&eacute;my, u kter&yacute;ch v p\u0159&iacute;pad\u011b nev\u011btran&yacute;ch konstrukc&iacute; p\u0159eb&iacute;r&aacute; izola\u010dn&iacute; materi&aacute;l funkci [&hellip;]","og_url":"https:\/\/www.nedzink.com\/cs\/tepelna-izolace\/","og_site_name":"NedZink","twitter_card":"summary_large_image","twitter_misc":{"Odhadovan\u00e1 doba \u010dten\u00ed":"4 minuty"},"schema":{"@context":"https:\/\/schema.org","@graph":[{"@type":"WebPage","@id":"https:\/\/www.nedzink.com\/cs\/tepelna-izolace\/","url":"https:\/\/www.nedzink.com\/cs\/tepelna-izolace\/","name":"Tepeln\u00e1 izolace \u2013 NedZink","isPartOf":{"@id":"https:\/\/www.nedzink.com\/cs\/#website"},"datePublished":"2019-06-04T12:54:45+00:00","breadcrumb":{"@id":"https:\/\/www.nedzink.com\/cs\/tepelna-izolace\/#breadcrumb"},"inLanguage":"cs","potentialAction":[{"@type":"ReadAction","target":["https:\/\/www.nedzink.com\/cs\/tepelna-izolace\/"]}]},{"@type":"BreadcrumbList","@id":"https:\/\/www.nedzink.com\/cs\/tepelna-izolace\/#breadcrumb","itemListElement":[{"@type":"ListItem","position":1,"name":"Home","item":"https:\/\/www.nedzink.com\/cs\/"},{"@type":"ListItem","position":2,"name":"Tepeln\u00e1 izolace"}]},{"@type":"WebSite","@id":"https:\/\/www.nedzink.com\/cs\/#website","url":"https:\/\/www.nedzink.com\/cs\/","name":"NedZink","description":"Zink fabrikant","publisher":{"@id":"https:\/\/www.nedzink.com\/cs\/#organization"},"potentialAction":[{"@type":"SearchAction","target":{"@type":"EntryPoint","urlTemplate":"https:\/\/www.nedzink.com\/cs\/?s={search_term_string}"},"query-input":{"@type":"PropertyValueSpecification","valueRequired":true,"valueName":"search_term_string"}}],"inLanguage":"cs"},{"@type":"Organization","@id":"https:\/\/www.nedzink.com\/cs\/#organization","name":"NedZink","url":"https:\/\/www.nedzink.com\/cs\/","logo":{"@type":"ImageObject","inLanguage":"cs","@id":"https:\/\/www.nedzink.com\/cs\/#\/schema\/logo\/image\/","url":"https:\/\/www.nedzink.com\/wp-content\/uploads\/2019\/08\/logo-nedzink_fc_zk.jpg","contentUrl":"https:\/\/www.nedzink.com\/wp-content\/uploads\/2019\/08\/logo-nedzink_fc_zk.jpg","width":2160,"height":688,"caption":"NedZink"},"image":{"@id":"https:\/\/www.nedzink.com\/cs\/#\/schema\/logo\/image\/"}}]}},"_links":{"self":[{"href":"https:\/\/www.nedzink.com\/cs\/wp-json\/wp\/v2\/pages\/30811","targetHints":{"allow":["GET"]}}],"collection":[{"href":"https:\/\/www.nedzink.com\/cs\/wp-json\/wp\/v2\/pages"}],"about":[{"href":"https:\/\/www.nedzink.com\/cs\/wp-json\/wp\/v2\/types\/page"}],"author":[{"embeddable":true,"href":"https:\/\/www.nedzink.com\/cs\/wp-json\/wp\/v2\/users\/9"}],"replies":[{"embeddable":true,"href":"https:\/\/www.nedzink.com\/cs\/wp-json\/wp\/v2\/comments?post=30811"}],"version-history":[{"count":0,"href":"https:\/\/www.nedzink.com\/cs\/wp-json\/wp\/v2\/pages\/30811\/revisions"}],"wp:attachment":[{"href":"https:\/\/www.nedzink.com\/cs\/wp-json\/wp\/v2\/media?parent=30811"}],"curies":[{"name":"wp","href":"https:\/\/api.w.org\/{rel}","templated":true}]}}