{"id":30761,"date":"2019-06-04T14:54:31","date_gmt":"2019-06-04T12:54:31","guid":{"rendered":"http:\/\/136.144.181.85\/~nedzink\/technicke-info\/stavebni-fyzika\/akusticka-ochrana\/"},"modified":"2019-06-04T14:54:31","modified_gmt":"2019-06-04T12:54:31","slug":"akusticka-ochrana","status":"publish","type":"page","link":"https:\/\/www.nedzink.com\/cs\/akusticka-ochrana\/","title":{"rendered":"Akustick\u00e1 ochrana"},"content":{"rendered":"<p>\n\t&nbsp;<\/p>\n<p>\n\tDIN 4109 <em>akustick&aacute; ochrana v&yacute;&scaron;kov&yacute;ch staveb, po\u017eadavky a v&yacute;kazy<\/em> stanov&iacute; normy pro akustickou ochranu v souvislosti s budovami. Syst&eacute;mov&eacute; n&aacute;stavby, kter&eacute; pou\u017e&iacute;vaj&iacute; jako krytinu plech v podstat\u011b odpov&iacute;daj&iacute; po\u017eadavk\u016fm t&eacute;to normy.<\/p>\n<p>\n\tPopsan&eacute; syst&eacute;my NedZink vyhovuj&iacute; &ndash; i bez pou\u017eit&iacute; d\u011blic&iacute;ch vrstev &ndash; po\u017eadavk\u016fm na akustickou ochranu, jak dokl&aacute;d&aacute; dlouholet&aacute; praxe. P\u0159i pou\u017eit&iacute; syst&eacute;m\u016f NedZink v souladu s normami je vylou\u010deno extr&eacute;mn&iacute; bubnov&aacute;n&iacute; p\u0159i krupobit&iacute; nebo siln&eacute;m de&scaron;ti tak, jak se m\u016f\u017ee vyskytnout u plechov&yacute;ch konstrukc&iacute; bez celoplo&scaron;n&eacute;ho syst&eacute;mov&eacute;ho \u0159e&scaron;en&iacute;.<\/p>\n<p>\n\tP\u0159i zv&yacute;&scaron;en&yacute;ch po\u017eadavc&iacute;ch, jako nap\u0159. v nemocnic&iacute;ch nebo pe\u010dovatelsk&yacute;ch domech, lze prov&eacute;st dodate\u010dn&aacute; opat\u0159en&iacute;.<\/p>\n<p>\n\tSyst&eacute;mov&aacute; \u0159e&scaron;en&iacute; lze d&iacute;ky pou\u017eit&iacute; d\u011blic&iacute;ch vrstev optimalizovat. V&yacute;robce V&aacute;m zodpov&iacute; dotaz, zda dojde k akustick&eacute; optimalizaci a jak bude &uacute;\u010dinn&aacute;. V \u017e&aacute;dn&eacute;m p\u0159&iacute;pad\u011b se nedoporu\u010duuje pou\u017e&iacute;v&aacute;n&iacute; sav&yacute;ch &bdquo;materi&aacute;l\u016f jako ochrany proti bubnov&aacute;n&iacute;&ldquo;, proto\u017ee tyto zadr\u017euj&iacute; proniklou vlhkost pod plechem.<\/p>\n<p>\n\tKrom\u011b toho m\u016f\u017ee projektant optimalizovat celou konstrukci st\u0159echy z akustick&yacute;ch hledisek.<\/p>\n","protected":false},"excerpt":{"rendered":"<p>&nbsp; DIN 4109 akustick&aacute; ochrana v&yacute;&scaron;kov&yacute;ch staveb, po\u017eadavky a v&yacute;kazy stanov&iacute; normy pro akustickou ochranu v souvislosti s budovami. Syst&eacute;mov&eacute; n&aacute;stavby, kter&eacute; pou\u017e&iacute;vaj&iacute; jako krytinu plech v podstat\u011b odpov&iacute;daj&iacute; po\u017eadavk\u016fm t&eacute;to normy. Popsan&eacute; syst&eacute;my NedZink vyhovuj&iacute; &ndash; i bez pou\u017eit&iacute; d\u011blic&iacute;ch vrstev &ndash; po\u017eadavk\u016fm na akustickou ochranu, jak dokl&aacute;d&aacute; dlouholet&aacute; praxe. P\u0159i pou\u017eit&iacute; syst&eacute;m\u016f NedZink [&hellip;]<\/p>\n","protected":false},"author":9,"featured_media":0,"parent":0,"menu_order":700,"comment_status":"closed","ping_status":"closed","template":"template-import.php","meta":{"_acf_changed":false,"footnotes":""},"class_list":["post-30761","page","type-page","status-publish","hentry"],"acf":[],"yoast_head":"<!-- This site is optimized with the Yoast SEO plugin v26.8 - https:\/\/yoast.com\/product\/yoast-seo-wordpress\/ -->\n<title>Akustick\u00e1 ochrana \u2013 NedZink<\/title>\n<meta name=\"robots\" content=\"index, follow, max-snippet:-1, max-image-preview:large, max-video-preview:-1\" \/>\n<link rel=\"canonical\" href=\"https:\/\/www.nedzink.com\/cs\/akusticka-ochrana\/\" \/>\n<meta property=\"og:locale\" content=\"cs_CZ\" \/>\n<meta property=\"og:type\" content=\"article\" \/>\n<meta property=\"og:title\" content=\"Akustick\u00e1 ochrana \u2013 NedZink\" \/>\n<meta property=\"og:description\" content=\"&nbsp; DIN 4109 akustick&aacute; ochrana v&yacute;&scaron;kov&yacute;ch staveb, po\u017eadavky a v&yacute;kazy stanov&iacute; normy pro akustickou ochranu v souvislosti s budovami. Syst&eacute;mov&eacute; n&aacute;stavby, kter&eacute; pou\u017e&iacute;vaj&iacute; jako krytinu plech v podstat\u011b odpov&iacute;daj&iacute; po\u017eadavk\u016fm t&eacute;to normy. Popsan&eacute; syst&eacute;my NedZink vyhovuj&iacute; &ndash; i bez pou\u017eit&iacute; d\u011blic&iacute;ch vrstev &ndash; po\u017eadavk\u016fm na akustickou ochranu, jak dokl&aacute;d&aacute; dlouholet&aacute; praxe. P\u0159i pou\u017eit&iacute; syst&eacute;m\u016f NedZink [&hellip;]\" \/>\n<meta property=\"og:url\" content=\"https:\/\/www.nedzink.com\/cs\/akusticka-ochrana\/\" \/>\n<meta property=\"og:site_name\" content=\"NedZink\" \/>\n<meta name=\"twitter:card\" content=\"summary_large_image\" \/>\n<meta name=\"twitter:label1\" content=\"Odhadovan\u00e1 doba \u010dten\u00ed\" \/>\n\t<meta name=\"twitter:data1\" content=\"1 minuta\" \/>\n<script type=\"application\/ld+json\" class=\"yoast-schema-graph\">{\"@context\":\"https:\/\/schema.org\",\"@graph\":[{\"@type\":\"WebPage\",\"@id\":\"https:\/\/www.nedzink.com\/cs\/akusticka-ochrana\/\",\"url\":\"https:\/\/www.nedzink.com\/cs\/akusticka-ochrana\/\",\"name\":\"Akustick\u00e1 ochrana \u2013 NedZink\",\"isPartOf\":{\"@id\":\"https:\/\/www.nedzink.com\/cs\/#website\"},\"datePublished\":\"2019-06-04T12:54:31+00:00\",\"breadcrumb\":{\"@id\":\"https:\/\/www.nedzink.com\/cs\/akusticka-ochrana\/#breadcrumb\"},\"inLanguage\":\"cs\",\"potentialAction\":[{\"@type\":\"ReadAction\",\"target\":[\"https:\/\/www.nedzink.com\/cs\/akusticka-ochrana\/\"]}]},{\"@type\":\"BreadcrumbList\",\"@id\":\"https:\/\/www.nedzink.com\/cs\/akusticka-ochrana\/#breadcrumb\",\"itemListElement\":[{\"@type\":\"ListItem\",\"position\":1,\"name\":\"Home\",\"item\":\"https:\/\/www.nedzink.com\/cs\/\"},{\"@type\":\"ListItem\",\"position\":2,\"name\":\"Akustick\u00e1 ochrana\"}]},{\"@type\":\"WebSite\",\"@id\":\"https:\/\/www.nedzink.com\/cs\/#website\",\"url\":\"https:\/\/www.nedzink.com\/cs\/\",\"name\":\"NedZink\",\"description\":\"Zink fabrikant\",\"publisher\":{\"@id\":\"https:\/\/www.nedzink.com\/cs\/#organization\"},\"potentialAction\":[{\"@type\":\"SearchAction\",\"target\":{\"@type\":\"EntryPoint\",\"urlTemplate\":\"https:\/\/www.nedzink.com\/cs\/?s={search_term_string}\"},\"query-input\":{\"@type\":\"PropertyValueSpecification\",\"valueRequired\":true,\"valueName\":\"search_term_string\"}}],\"inLanguage\":\"cs\"},{\"@type\":\"Organization\",\"@id\":\"https:\/\/www.nedzink.com\/cs\/#organization\",\"name\":\"NedZink\",\"url\":\"https:\/\/www.nedzink.com\/cs\/\",\"logo\":{\"@type\":\"ImageObject\",\"inLanguage\":\"cs\",\"@id\":\"https:\/\/www.nedzink.com\/cs\/#\/schema\/logo\/image\/\",\"url\":\"https:\/\/www.nedzink.com\/wp-content\/uploads\/2019\/08\/logo-nedzink_fc_zk.jpg\",\"contentUrl\":\"https:\/\/www.nedzink.com\/wp-content\/uploads\/2019\/08\/logo-nedzink_fc_zk.jpg\",\"width\":2160,\"height\":688,\"caption\":\"NedZink\"},\"image\":{\"@id\":\"https:\/\/www.nedzink.com\/cs\/#\/schema\/logo\/image\/\"}}]}<\/script>\n<!-- \/ Yoast SEO plugin. -->","yoast_head_json":{"title":"Akustick\u00e1 ochrana \u2013 NedZink","robots":{"index":"index","follow":"follow","max-snippet":"max-snippet:-1","max-image-preview":"max-image-preview:large","max-video-preview":"max-video-preview:-1"},"canonical":"https:\/\/www.nedzink.com\/cs\/akusticka-ochrana\/","og_locale":"cs_CZ","og_type":"article","og_title":"Akustick\u00e1 ochrana \u2013 NedZink","og_description":"&nbsp; DIN 4109 akustick&aacute; ochrana v&yacute;&scaron;kov&yacute;ch staveb, po\u017eadavky a v&yacute;kazy stanov&iacute; normy pro akustickou ochranu v souvislosti s budovami. Syst&eacute;mov&eacute; n&aacute;stavby, kter&eacute; pou\u017e&iacute;vaj&iacute; jako krytinu plech v podstat\u011b odpov&iacute;daj&iacute; po\u017eadavk\u016fm t&eacute;to normy. Popsan&eacute; syst&eacute;my NedZink vyhovuj&iacute; &ndash; i bez pou\u017eit&iacute; d\u011blic&iacute;ch vrstev &ndash; po\u017eadavk\u016fm na akustickou ochranu, jak dokl&aacute;d&aacute; dlouholet&aacute; praxe. P\u0159i pou\u017eit&iacute; syst&eacute;m\u016f NedZink [&hellip;]","og_url":"https:\/\/www.nedzink.com\/cs\/akusticka-ochrana\/","og_site_name":"NedZink","twitter_card":"summary_large_image","twitter_misc":{"Odhadovan\u00e1 doba \u010dten\u00ed":"1 minuta"},"schema":{"@context":"https:\/\/schema.org","@graph":[{"@type":"WebPage","@id":"https:\/\/www.nedzink.com\/cs\/akusticka-ochrana\/","url":"https:\/\/www.nedzink.com\/cs\/akusticka-ochrana\/","name":"Akustick\u00e1 ochrana \u2013 NedZink","isPartOf":{"@id":"https:\/\/www.nedzink.com\/cs\/#website"},"datePublished":"2019-06-04T12:54:31+00:00","breadcrumb":{"@id":"https:\/\/www.nedzink.com\/cs\/akusticka-ochrana\/#breadcrumb"},"inLanguage":"cs","potentialAction":[{"@type":"ReadAction","target":["https:\/\/www.nedzink.com\/cs\/akusticka-ochrana\/"]}]},{"@type":"BreadcrumbList","@id":"https:\/\/www.nedzink.com\/cs\/akusticka-ochrana\/#breadcrumb","itemListElement":[{"@type":"ListItem","position":1,"name":"Home","item":"https:\/\/www.nedzink.com\/cs\/"},{"@type":"ListItem","position":2,"name":"Akustick\u00e1 ochrana"}]},{"@type":"WebSite","@id":"https:\/\/www.nedzink.com\/cs\/#website","url":"https:\/\/www.nedzink.com\/cs\/","name":"NedZink","description":"Zink fabrikant","publisher":{"@id":"https:\/\/www.nedzink.com\/cs\/#organization"},"potentialAction":[{"@type":"SearchAction","target":{"@type":"EntryPoint","urlTemplate":"https:\/\/www.nedzink.com\/cs\/?s={search_term_string}"},"query-input":{"@type":"PropertyValueSpecification","valueRequired":true,"valueName":"search_term_string"}}],"inLanguage":"cs"},{"@type":"Organization","@id":"https:\/\/www.nedzink.com\/cs\/#organization","name":"NedZink","url":"https:\/\/www.nedzink.com\/cs\/","logo":{"@type":"ImageObject","inLanguage":"cs","@id":"https:\/\/www.nedzink.com\/cs\/#\/schema\/logo\/image\/","url":"https:\/\/www.nedzink.com\/wp-content\/uploads\/2019\/08\/logo-nedzink_fc_zk.jpg","contentUrl":"https:\/\/www.nedzink.com\/wp-content\/uploads\/2019\/08\/logo-nedzink_fc_zk.jpg","width":2160,"height":688,"caption":"NedZink"},"image":{"@id":"https:\/\/www.nedzink.com\/cs\/#\/schema\/logo\/image\/"}}]}},"_links":{"self":[{"href":"https:\/\/www.nedzink.com\/cs\/wp-json\/wp\/v2\/pages\/30761","targetHints":{"allow":["GET"]}}],"collection":[{"href":"https:\/\/www.nedzink.com\/cs\/wp-json\/wp\/v2\/pages"}],"about":[{"href":"https:\/\/www.nedzink.com\/cs\/wp-json\/wp\/v2\/types\/page"}],"author":[{"embeddable":true,"href":"https:\/\/www.nedzink.com\/cs\/wp-json\/wp\/v2\/users\/9"}],"replies":[{"embeddable":true,"href":"https:\/\/www.nedzink.com\/cs\/wp-json\/wp\/v2\/comments?post=30761"}],"version-history":[{"count":0,"href":"https:\/\/www.nedzink.com\/cs\/wp-json\/wp\/v2\/pages\/30761\/revisions"}],"wp:attachment":[{"href":"https:\/\/www.nedzink.com\/cs\/wp-json\/wp\/v2\/media?parent=30761"}],"curies":[{"name":"wp","href":"https:\/\/api.w.org\/{rel}","templated":true}]}}